{"id":6580,"date":"2025-09-10T07:33:53","date_gmt":"2025-09-10T07:33:53","guid":{"rendered":"https:\/\/bimcointernational.com\/product\/bimco-calphos-water-soluble-fertilizer\/"},"modified":"2025-09-10T08:15:30","modified_gmt":"2025-09-10T08:15:30","slug":"bimco-calphos-water-soluble-fertilizer","status":"publish","type":"product","link":"https:\/\/bimcointernational.com\/tr\/urun\/bimco-calphos-water-soluble-fertilizer\/","title":{"rendered":"CALPHOS"},"content":{"rendered":"<h2><span style=\"color: #99cc00;\"><b>CALPHOS: Kalsiyum ve Fosforun G\u00fcc\u00fc<\/b> <\/span><\/h2>\n<p><span style=\"color: #99cc00;\"><b>CALPHOS<\/b><\/span>, <b>BIMCO International<\/b>&#8216;dan suda \u00e7\u00f6z\u00fcn\u00fcr bir g\u00fcbredir. Benzersiz ve g\u00fc\u00e7l\u00fc bir Kalsiyum (Ca) ve Fosfor (P) kombinasyonu sa\u011flar. Bu iki element, erken bitki geli\u015fimi ve genel mahsul sa\u011fl\u0131\u011f\u0131 i\u00e7in temeldir. Bu form\u00fcl, her iki besin maddesini de kolayca bulunabilen bir formda sunmak i\u00e7in tasarlanm\u0131\u015ft\u0131r, b\u00f6ylece mahsullerinizin g\u00fc\u00e7l\u00fc bir ba\u015flang\u0131\u00e7 yapmas\u0131n\u0131 ve g\u00fcr bir \u015fekilde b\u00fcy\u00fcmesini sa\u011flar.<\/p>\n<h3><span style=\"color: #99cc00;\"><b>Temel Faydalar ve \u00d6zellikler<\/b><\/span><\/h3>\n<p>Bu dengeli form\u00fcl, mahsulleriniz i\u00e7in bir dizi \u00f6nemli fayda sunar.<\/p>\n<p><b>K\u00f6k ve Vejetatif Geli\u015fimi Te\u015fvik Eder<\/b> Bu \u00fcr\u00fcn, g\u00fc\u00e7l\u00fc k\u00f6k geli\u015fimini te\u015fvik eder. \u00d6zellikle erken a\u015famalarda fosfor, k\u00f6k geli\u015fimi i\u00e7in \u00e7ok \u00f6nemlidir. Ayr\u0131ca yeni meristem dokular\u0131n\u0131n b\u00fcy\u00fcmesini destekler ve genel bitki canl\u0131l\u0131\u011f\u0131n\u0131 art\u0131r\u0131r.<\/p>\n<p><b>Bitki Dokusu Yap\u0131s\u0131n\u0131 G\u00fc\u00e7lendirir<\/b> Kalsiyum, bitki h\u00fccre duvarlar\u0131n\u0131n kilit bir bile\u015fenidir. Bu nedenle, bitki dokular\u0131n\u0131n sertli\u011fini ve sa\u011flaml\u0131\u011f\u0131n\u0131 art\u0131r\u0131r. Bu ek g\u00fc\u00e7, bitkilerin belirli bakteri ve mantar hastal\u0131klar\u0131na kar\u015f\u0131 daha diren\u00e7li olmas\u0131na da yard\u0131mc\u0131 olarak, mahsullerinizi yayg\u0131n tehditlerden korur.<\/p>\n<p><b>Meyve Geli\u015fimini ve Kalitesini Art\u0131r\u0131r<\/b> Hem Kalsiyum hem de Fosfor, meyve geli\u015fimi i\u00e7in hayati \u00f6neme sahiptir. Fosfor, bitkideki enerji transferine yard\u0131mc\u0131 olur, bu da meyve olu\u015fumu i\u00e7in \u00e7ok \u00f6nemlidir. Kalsiyum, \u00e7i\u00e7ek burnu \u00e7\u00fcr\u00fckl\u00fc\u011f\u00fc gibi yayg\u0131n sorunlar\u0131 \u00f6nlemeye yard\u0131mc\u0131 olur ve \u00fcr\u00fcnlerinizin genel sa\u011flaml\u0131\u011f\u0131n\u0131 ve pazarlanabilirli\u011fini art\u0131r\u0131r.<\/p>\n<p><b>Toprak Tuzlulu\u011funu Giderir<\/b> Kalsiyum, toprak tuzlulu\u011funu gidermek i\u00e7in \u00e7ok \u00f6nemli bir elementtir. Topraktaki sodyum klor\u00fcr\u00fcn iyonik ba\u011f\u0131n\u0131 k\u0131rarak \u00e7al\u0131\u015f\u0131r. Bu, sodyumun d\u0131\u015far\u0131 at\u0131lmas\u0131n\u0131 kolayla\u015ft\u0131r\u0131r ve bitkilerinizin b\u00fcy\u00fcmesi i\u00e7in daha sa\u011fl\u0131kl\u0131 bir ortam yarat\u0131r.<\/p>\n<p>Mahsul meyvelerinizin maksimum kalitesini, sertli\u011fini ve raf \u00f6mr\u00fcn\u00fc elde etmek i\u00e7in BIMCO International\u2019dan <span style=\"color: #99cc00;\"><b>CALPHOS<\/b><\/span>\u2018u se\u00e7in. <span style=\"color: #99cc00;\"><a style=\"color: #99cc00;\" href=\"https:\/\/api.whatsapp.com\/send\/?phone=908503096351&amp;text=%D9%85%D8%B1%D8%AD%D8%A8%D8%A7%D9%8B+%D8%A7%D8%B1%D9%8A%D8%AF+%D8%A7%D9%84%D8%A5%D8%B3%D8%AA%D9%81%D8%B3%D8%A7%D8%B1+%D8%B9%D9%86+%D9%87%D8%B0%D8%A7+%D8%A7%D9%84%D9%85%D9%86%D8%AA%D8%AC%0A%0A%0A%0Ahttps%3A%2F%2Fbimcointernational.com%2F&amp;type=phone_number&amp;app_absent=0\" target=\"_blank\" rel=\"noopener\">Daha fazla bilgi edinmek i\u00e7in bug\u00fcn WhatsApp arac\u0131l\u0131\u011f\u0131yla bize ula\u015f\u0131n<\/a>.<\/span><\/p>\n","protected":false},"excerpt":{"rendered":"<p><span style=\"color: #99cc00;\"> <b>CALPHOS<\/b>,<\/span> Kalsiyum ve Fosforu birle\u015ftiren birinci s\u0131n\u0131f, suda \u00e7\u00f6z\u00fcn\u00fcr bir g\u00fcbredir. K\u00f6k sistemlerini ve bitki h\u00fccre yap\u0131s\u0131n\u0131 g\u00fc\u00e7lendirir, meyve geli\u015fimini iyile\u015ftirir ve g\u00fc\u00e7l\u00fc ve verimli bir hasat i\u00e7in toprak tuzlulu\u011funu gidermeye yard\u0131mc\u0131 olur.<\/p>\n","protected":false},"featured_media":6577,"comment_status":"open","ping_status":"closed","template":"","meta":{"_eb_attr":"","site-sidebar-layout":"default","site-content-layout":"","ast-site-content-layout":"default","site-content-style":"default","site-sidebar-style":"default","ast-global-header-display":"","ast-banner-title-visibility":"","ast-main-header-display":"","ast-hfb-above-header-display":"","ast-hfb-below-header-display":"","ast-hfb-mobile-header-display":"","site-post-title":"","ast-breadcrumbs-content":"","ast-featured-img":"","footer-sml-layout":"","ast-disable-related-posts":"","theme-transparent-header-meta":"default","adv-header-id-meta":"","stick-header-meta":"","header-above-stick-meta":"","header-main-stick-meta":"","header-below-stick-meta":"","astra-migrate-meta-layouts":"set","ast-page-background-enabled":"default","ast-page-background-meta":{"desktop":{"background-color":"var(--ast-global-color-4)","background-image":"","background-repeat":"repeat","background-position":"center center","background-size":"auto","background-attachment":"scroll","background-type":"","background-media":"","overlay-type":"","overlay-color":"","overlay-opacity":"","overlay-gradient":""},"tablet":{"background-color":"","background-image":"","background-repeat":"repeat","background-position":"center center","background-size":"auto","background-attachment":"scroll","background-type":"","background-media":"","overlay-type":"","overlay-color":"","overlay-opacity":"","overlay-gradient":""},"mobile":{"background-color":"","background-image":"","background-repeat":"repeat","background-position":"center center","background-size":"auto","background-attachment":"scroll","background-type":"","background-media":"","overlay-type":"","overlay-color":"","overlay-opacity":"","overlay-gradient":""}},"ast-content-background-meta":{"desktop":{"background-color":"var(--ast-global-color-5)","background-image":"","background-repeat":"repeat","background-position":"center center","background-size":"auto","background-attachment":"scroll","background-type":"","background-media":"","overlay-type":"","overlay-color":"","overlay-opacity":"","overlay-gradient":""},"tablet":{"background-color":"var(--ast-global-color-5)","background-image":"","background-repeat":"repeat","background-position":"center center","background-size":"auto","background-attachment":"scroll","background-type":"","background-media":"","overlay-type":"","overlay-color":"","overlay-opacity":"","overlay-gradient":""},"mobile":{"background-color":"var(--ast-global-color-5)","background-image":"","background-repeat":"repeat","background-position":"center center","background-size":"auto","background-attachment":"scroll","background-type":"","background-media":"","overlay-type":"","overlay-color":"","overlay-opacity":"","overlay-gradient":""}},"_joinchat":[]},"product_brand":[],"product_cat":[105,76],"product_tag":[],"class_list":{"0":"post-6580","1":"product","2":"type-product","3":"status-publish","4":"has-post-thumbnail","6":"product_cat-bimco-kalsiyum-urunleri","7":"product_cat-suda-cozunen-yaprak-gubresi","8":"desktop-align-left","9":"tablet-align-left","10":"mobile-align-left","12":"first","13":"instock","14":"shipping-taxable","15":"product-type-simple"},"yoast_head":"<!-- This site is optimized with the Yoast SEO plugin v27.4 - https:\/\/yoast.com\/product\/yoast-seo-wordpress\/ -->\n<title>CALPHOS | K\u00f6k Geli\u015fimi ve Meyve Geli\u015fimini Art\u0131r\u0131n- bimco international<\/title>\n<meta name=\"description\" content=\"CALPHOS ile mahsullerinizi geli\u015ftirin. Bu suda \u00e7\u00f6z\u00fcn\u00fcr g\u00fcbre, k\u00f6k b\u00fcy\u00fcmesini art\u0131rmak, meyve geli\u015fimini iyile\u015ftirmek ve toprak tuzlulu\u011funu gidermek i\u00e7in Kalsiyum ve Fosforu birle\u015ftirir.\" \/>\n<meta name=\"robots\" content=\"index, follow, max-snippet:-1, max-image-preview:large, max-video-preview:-1\" \/>\n<link rel=\"canonical\" href=\"https:\/\/bimcointernational.com\/tr\/urun\/bimco-calphos-water-soluble-fertilizer\/\" \/>\n<meta property=\"og:locale\" content=\"tr_TR\" \/>\n<meta property=\"og:type\" content=\"article\" \/>\n<meta property=\"og:title\" content=\"CALPHOS | K\u00f6k Geli\u015fimi ve Meyve Geli\u015fimini Art\u0131r\u0131n- bimco international\" \/>\n<meta property=\"og:description\" content=\"CALPHOS ile mahsullerinizi geli\u015ftirin. Bu suda \u00e7\u00f6z\u00fcn\u00fcr g\u00fcbre, k\u00f6k b\u00fcy\u00fcmesini art\u0131rmak, meyve geli\u015fimini iyile\u015ftirmek ve toprak tuzlulu\u011funu gidermek i\u00e7in Kalsiyum ve Fosforu birle\u015ftirir.\" \/>\n<meta property=\"og:url\" content=\"https:\/\/bimcointernational.com\/tr\/urun\/bimco-calphos-water-soluble-fertilizer\/\" \/>\n<meta property=\"og:site_name\" content=\"bimco international\" \/>\n<meta property=\"article:publisher\" content=\"https:\/\/www.facebook.com\/B9K9T\" \/>\n<meta property=\"article:modified_time\" content=\"2025-09-10T08:15:30+00:00\" \/>\n<meta property=\"og:image\" content=\"https:\/\/bimcointernational.com\/wp-content\/uploads\/2025\/09\/CALPHOS.png\" \/>\n\t<meta property=\"og:image:width\" content=\"1500\" \/>\n\t<meta property=\"og:image:height\" content=\"1500\" \/>\n\t<meta property=\"og:image:type\" content=\"image\/png\" \/>\n<meta name=\"twitter:card\" content=\"summary_large_image\" \/>\n<meta name=\"twitter:label1\" content=\"Tahmini okuma s\u00fcresi\" \/>\n\t<meta name=\"twitter:data1\" content=\"2 dakika\" \/>\n<script type=\"application\/ld+json\" class=\"yoast-schema-graph\">{\"@context\":\"https:\\\/\\\/schema.org\",\"@graph\":[{\"@type\":\"WebPage\",\"@id\":\"https:\\\/\\\/bimcointernational.com\\\/tr\\\/urun\\\/bimco-calphos-water-soluble-fertilizer\\\/\",\"url\":\"https:\\\/\\\/bimcointernational.com\\\/tr\\\/urun\\\/bimco-calphos-water-soluble-fertilizer\\\/\",\"name\":\"CALPHOS | K\u00f6k Geli\u015fimi ve Meyve Geli\u015fimini Art\u0131r\u0131n- bimco international\",\"isPartOf\":{\"@id\":\"https:\\\/\\\/bimcointernational.com\\\/tr\\\/#website\"},\"primaryImageOfPage\":{\"@id\":\"https:\\\/\\\/bimcointernational.com\\\/tr\\\/urun\\\/bimco-calphos-water-soluble-fertilizer\\\/#primaryimage\"},\"image\":{\"@id\":\"https:\\\/\\\/bimcointernational.com\\\/tr\\\/urun\\\/bimco-calphos-water-soluble-fertilizer\\\/#primaryimage\"},\"thumbnailUrl\":\"https:\\\/\\\/bimcointernational.com\\\/wp-content\\\/uploads\\\/2025\\\/09\\\/CALPHOS.png\",\"datePublished\":\"2025-09-10T07:33:53+00:00\",\"dateModified\":\"2025-09-10T08:15:30+00:00\",\"description\":\"CALPHOS ile mahsullerinizi geli\u015ftirin. Bu suda \u00e7\u00f6z\u00fcn\u00fcr g\u00fcbre, k\u00f6k b\u00fcy\u00fcmesini art\u0131rmak, meyve geli\u015fimini iyile\u015ftirmek ve toprak tuzlulu\u011funu gidermek i\u00e7in Kalsiyum ve Fosforu birle\u015ftirir.\",\"breadcrumb\":{\"@id\":\"https:\\\/\\\/bimcointernational.com\\\/tr\\\/urun\\\/bimco-calphos-water-soluble-fertilizer\\\/#breadcrumb\"},\"inLanguage\":\"tr\",\"potentialAction\":[{\"@type\":\"ReadAction\",\"target\":[\"https:\\\/\\\/bimcointernational.com\\\/tr\\\/urun\\\/bimco-calphos-water-soluble-fertilizer\\\/\"]}]},{\"@type\":\"ImageObject\",\"inLanguage\":\"tr\",\"@id\":\"https:\\\/\\\/bimcointernational.com\\\/tr\\\/urun\\\/bimco-calphos-water-soluble-fertilizer\\\/#primaryimage\",\"url\":\"https:\\\/\\\/bimcointernational.com\\\/wp-content\\\/uploads\\\/2025\\\/09\\\/CALPHOS.png\",\"contentUrl\":\"https:\\\/\\\/bimcointernational.com\\\/wp-content\\\/uploads\\\/2025\\\/09\\\/CALPHOS.png\",\"width\":1500,\"height\":1500,\"caption\":\"CALPHOS from Bimco International: The Power of Calcium and Phosphorus\"},{\"@type\":\"BreadcrumbList\",\"@id\":\"https:\\\/\\\/bimcointernational.com\\\/tr\\\/urun\\\/bimco-calphos-water-soluble-fertilizer\\\/#breadcrumb\",\"itemListElement\":[{\"@type\":\"ListItem\",\"position\":1,\"name\":\"Home\",\"item\":\"https:\\\/\\\/bimcointernational.com\\\/tr\\\/\"},{\"@type\":\"ListItem\",\"position\":2,\"name\":\"\u00dcr\u00fcnlerimiz\",\"item\":\"https:\\\/\\\/bimcointernational.com\\\/tr\\\/urunlerimiz\\\/\"},{\"@type\":\"ListItem\",\"position\":3,\"name\":\"CALPHOS\"}]},{\"@type\":\"WebSite\",\"@id\":\"https:\\\/\\\/bimcointernational.com\\\/tr\\\/#website\",\"url\":\"https:\\\/\\\/bimcointernational.com\\\/tr\\\/\",\"name\":\"bimco international\",\"description\":\"\u0634\u0631\u0643\u0629 \u0628\u064a\u0645\u0643\u0648 \u0627\u0644\u0643\u064a\u0645\u064a\u0627\u0626\u064a\u0629 \u0644\u0635\u0646\u0627\u0639\u0629 \u0627\u0644\u0645\u0628\u064a\u062f\u0627\u062a \u0648\u0627\u0644\u0623\u0633\u0645\u062f\u0629 \u0639\u0627\u0644\u064a\u0629 \u0627\u0644\u062c\u0648\u062f\u0629 35 \u0639\u0627\u0645\u0627 \u0645\u0646 \u0627\u0644\u062e\u0628\u0631\u0629 \u0646\u0636\u0639\u0647\u0627 \u0628\u064a\u0646 \u0623\u064a\u062f\u064a\u0643\u0645\",\"publisher\":{\"@id\":\"https:\\\/\\\/bimcointernational.com\\\/tr\\\/#organization\"},\"potentialAction\":[{\"@type\":\"SearchAction\",\"target\":{\"@type\":\"EntryPoint\",\"urlTemplate\":\"https:\\\/\\\/bimcointernational.com\\\/tr\\\/?s={search_term_string}\"},\"query-input\":{\"@type\":\"PropertyValueSpecification\",\"valueRequired\":true,\"valueName\":\"search_term_string\"}}],\"inLanguage\":\"tr\"},{\"@type\":\"Organization\",\"@id\":\"https:\\\/\\\/bimcointernational.com\\\/tr\\\/#organization\",\"name\":\"bimco international\",\"url\":\"https:\\\/\\\/bimcointernational.com\\\/tr\\\/\",\"logo\":{\"@type\":\"ImageObject\",\"inLanguage\":\"tr\",\"@id\":\"https:\\\/\\\/bimcointernational.com\\\/tr\\\/#\\\/schema\\\/logo\\\/image\\\/\",\"url\":\"https:\\\/\\\/bimcointernational.com\\\/wp-content\\\/uploads\\\/2023\\\/03\\\/bimco-international.png\",\"contentUrl\":\"https:\\\/\\\/bimcointernational.com\\\/wp-content\\\/uploads\\\/2023\\\/03\\\/bimco-international.png\",\"width\":1000,\"height\":283,\"caption\":\"bimco international\"},\"image\":{\"@id\":\"https:\\\/\\\/bimcointernational.com\\\/tr\\\/#\\\/schema\\\/logo\\\/image\\\/\"},\"sameAs\":[\"https:\\\/\\\/www.facebook.com\\\/B9K9T\",\"https:\\\/\\\/www.instagram.com\\\/bimcokimya\\\/\"]}]}<\/script>\n<!-- \/ Yoast SEO plugin. -->","yoast_head_json":{"title":"CALPHOS | K\u00f6k Geli\u015fimi ve Meyve Geli\u015fimini Art\u0131r\u0131n- bimco international","description":"CALPHOS ile mahsullerinizi geli\u015ftirin. Bu suda \u00e7\u00f6z\u00fcn\u00fcr g\u00fcbre, k\u00f6k b\u00fcy\u00fcmesini art\u0131rmak, meyve geli\u015fimini iyile\u015ftirmek ve toprak tuzlulu\u011funu gidermek i\u00e7in Kalsiyum ve Fosforu birle\u015ftirir.","robots":{"index":"index","follow":"follow","max-snippet":"max-snippet:-1","max-image-preview":"max-image-preview:large","max-video-preview":"max-video-preview:-1"},"canonical":"https:\/\/bimcointernational.com\/tr\/urun\/bimco-calphos-water-soluble-fertilizer\/","og_locale":"tr_TR","og_type":"article","og_title":"CALPHOS | K\u00f6k Geli\u015fimi ve Meyve Geli\u015fimini Art\u0131r\u0131n- bimco international","og_description":"CALPHOS ile mahsullerinizi geli\u015ftirin. Bu suda \u00e7\u00f6z\u00fcn\u00fcr g\u00fcbre, k\u00f6k b\u00fcy\u00fcmesini art\u0131rmak, meyve geli\u015fimini iyile\u015ftirmek ve toprak tuzlulu\u011funu gidermek i\u00e7in Kalsiyum ve Fosforu birle\u015ftirir.","og_url":"https:\/\/bimcointernational.com\/tr\/urun\/bimco-calphos-water-soluble-fertilizer\/","og_site_name":"bimco international","article_publisher":"https:\/\/www.facebook.com\/B9K9T","article_modified_time":"2025-09-10T08:15:30+00:00","og_image":[{"width":1500,"height":1500,"url":"https:\/\/bimcointernational.com\/wp-content\/uploads\/2025\/09\/CALPHOS.png","type":"image\/png"}],"twitter_card":"summary_large_image","twitter_misc":{"Tahmini okuma s\u00fcresi":"2 dakika"},"schema":{"@context":"https:\/\/schema.org","@graph":[{"@type":"WebPage","@id":"https:\/\/bimcointernational.com\/tr\/urun\/bimco-calphos-water-soluble-fertilizer\/","url":"https:\/\/bimcointernational.com\/tr\/urun\/bimco-calphos-water-soluble-fertilizer\/","name":"CALPHOS | K\u00f6k Geli\u015fimi ve Meyve Geli\u015fimini Art\u0131r\u0131n- bimco international","isPartOf":{"@id":"https:\/\/bimcointernational.com\/tr\/#website"},"primaryImageOfPage":{"@id":"https:\/\/bimcointernational.com\/tr\/urun\/bimco-calphos-water-soluble-fertilizer\/#primaryimage"},"image":{"@id":"https:\/\/bimcointernational.com\/tr\/urun\/bimco-calphos-water-soluble-fertilizer\/#primaryimage"},"thumbnailUrl":"https:\/\/bimcointernational.com\/wp-content\/uploads\/2025\/09\/CALPHOS.png","datePublished":"2025-09-10T07:33:53+00:00","dateModified":"2025-09-10T08:15:30+00:00","description":"CALPHOS ile mahsullerinizi geli\u015ftirin. Bu suda \u00e7\u00f6z\u00fcn\u00fcr g\u00fcbre, k\u00f6k b\u00fcy\u00fcmesini art\u0131rmak, meyve geli\u015fimini iyile\u015ftirmek ve toprak tuzlulu\u011funu gidermek i\u00e7in Kalsiyum ve Fosforu birle\u015ftirir.","breadcrumb":{"@id":"https:\/\/bimcointernational.com\/tr\/urun\/bimco-calphos-water-soluble-fertilizer\/#breadcrumb"},"inLanguage":"tr","potentialAction":[{"@type":"ReadAction","target":["https:\/\/bimcointernational.com\/tr\/urun\/bimco-calphos-water-soluble-fertilizer\/"]}]},{"@type":"ImageObject","inLanguage":"tr","@id":"https:\/\/bimcointernational.com\/tr\/urun\/bimco-calphos-water-soluble-fertilizer\/#primaryimage","url":"https:\/\/bimcointernational.com\/wp-content\/uploads\/2025\/09\/CALPHOS.png","contentUrl":"https:\/\/bimcointernational.com\/wp-content\/uploads\/2025\/09\/CALPHOS.png","width":1500,"height":1500,"caption":"CALPHOS from Bimco International: The Power of Calcium and Phosphorus"},{"@type":"BreadcrumbList","@id":"https:\/\/bimcointernational.com\/tr\/urun\/bimco-calphos-water-soluble-fertilizer\/#breadcrumb","itemListElement":[{"@type":"ListItem","position":1,"name":"Home","item":"https:\/\/bimcointernational.com\/tr\/"},{"@type":"ListItem","position":2,"name":"\u00dcr\u00fcnlerimiz","item":"https:\/\/bimcointernational.com\/tr\/urunlerimiz\/"},{"@type":"ListItem","position":3,"name":"CALPHOS"}]},{"@type":"WebSite","@id":"https:\/\/bimcointernational.com\/tr\/#website","url":"https:\/\/bimcointernational.com\/tr\/","name":"bimco international","description":"\u0634\u0631\u0643\u0629 \u0628\u064a\u0645\u0643\u0648 \u0627\u0644\u0643\u064a\u0645\u064a\u0627\u0626\u064a\u0629 \u0644\u0635\u0646\u0627\u0639\u0629 \u0627\u0644\u0645\u0628\u064a\u062f\u0627\u062a \u0648\u0627\u0644\u0623\u0633\u0645\u062f\u0629 \u0639\u0627\u0644\u064a\u0629 \u0627\u0644\u062c\u0648\u062f\u0629 35 \u0639\u0627\u0645\u0627 \u0645\u0646 \u0627\u0644\u062e\u0628\u0631\u0629 \u0646\u0636\u0639\u0647\u0627 \u0628\u064a\u0646 \u0623\u064a\u062f\u064a\u0643\u0645","publisher":{"@id":"https:\/\/bimcointernational.com\/tr\/#organization"},"potentialAction":[{"@type":"SearchAction","target":{"@type":"EntryPoint","urlTemplate":"https:\/\/bimcointernational.com\/tr\/?s={search_term_string}"},"query-input":{"@type":"PropertyValueSpecification","valueRequired":true,"valueName":"search_term_string"}}],"inLanguage":"tr"},{"@type":"Organization","@id":"https:\/\/bimcointernational.com\/tr\/#organization","name":"bimco international","url":"https:\/\/bimcointernational.com\/tr\/","logo":{"@type":"ImageObject","inLanguage":"tr","@id":"https:\/\/bimcointernational.com\/tr\/#\/schema\/logo\/image\/","url":"https:\/\/bimcointernational.com\/wp-content\/uploads\/2023\/03\/bimco-international.png","contentUrl":"https:\/\/bimcointernational.com\/wp-content\/uploads\/2023\/03\/bimco-international.png","width":1000,"height":283,"caption":"bimco international"},"image":{"@id":"https:\/\/bimcointernational.com\/tr\/#\/schema\/logo\/image\/"},"sameAs":["https:\/\/www.facebook.com\/B9K9T","https:\/\/www.instagram.com\/bimcokimya\/"]}]}},"jetpack_sharing_enabled":true,"_links":{"self":[{"href":"https:\/\/bimcointernational.com\/tr\/wp-json\/wp\/v2\/product\/6580","targetHints":{"allow":["GET"]}}],"collection":[{"href":"https:\/\/bimcointernational.com\/tr\/wp-json\/wp\/v2\/product"}],"about":[{"href":"https:\/\/bimcointernational.com\/tr\/wp-json\/wp\/v2\/types\/product"}],"replies":[{"embeddable":true,"href":"https:\/\/bimcointernational.com\/tr\/wp-json\/wp\/v2\/comments?post=6580"}],"wp:featuredmedia":[{"embeddable":true,"href":"https:\/\/bimcointernational.com\/tr\/wp-json\/wp\/v2\/media\/6577"}],"wp:attachment":[{"href":"https:\/\/bimcointernational.com\/tr\/wp-json\/wp\/v2\/media?parent=6580"}],"wp:term":[{"taxonomy":"product_brand","embeddable":true,"href":"https:\/\/bimcointernational.com\/tr\/wp-json\/wp\/v2\/product_brand?post=6580"},{"taxonomy":"product_cat","embeddable":true,"href":"https:\/\/bimcointernational.com\/tr\/wp-json\/wp\/v2\/product_cat?post=6580"},{"taxonomy":"product_tag","embeddable":true,"href":"https:\/\/bimcointernational.com\/tr\/wp-json\/wp\/v2\/product_tag?post=6580"}],"curies":[{"name":"wp","href":"https:\/\/api.w.org\/{rel}","templated":true}]}}