{"id":6569,"date":"2025-09-10T07:16:27","date_gmt":"2025-09-10T07:16:27","guid":{"rendered":"https:\/\/bimcointernational.com\/product\/bimco-borca-water-soluble-fertilizer\/"},"modified":"2025-09-10T07:26:29","modified_gmt":"2025-09-10T07:26:29","slug":"bimco-borca-water-soluble-fertilizer","status":"publish","type":"product","link":"https:\/\/bimcointernational.com\/tr\/urun\/bimco-borca-water-soluble-fertilizer\/","title":{"rendered":"BORCA"},"content":{"rendered":"<h2><span style=\"color: #99cc00;\"><b>BORCA (BORCA): Kalsiyum ve Bor&#8217;un Sinerjik G\u00fcc\u00fc<\/b> <\/span><\/h2>\n<p><span style=\"color: #99cc00;\"><b>BORCA<\/b><\/span>, <b>BIMCO International<\/b>&#8216;dan suda \u00e7\u00f6z\u00fcn\u00fcr bir g\u00fcbredir. G\u00fc\u00e7l\u00fc ve benzersiz bir Kalsiyum ve Bor kar\u0131\u015f\u0131m\u0131 sa\u011flar. Bu iki temel element, m\u00fckemmel bir sinerji i\u00e7inde birlikte \u00e7al\u0131\u015f\u0131r. Bu, sa\u011fl\u0131kl\u0131 bitki geli\u015fimi ve hasad\u0131n\u0131za zarar verebilecek yayg\u0131n eksikliklerden ka\u00e7\u0131nmak i\u00e7in \u00e7ok \u00f6nemlidir. <span style=\"color: #99cc00;\"><b>BORCA<\/b><\/span>, mahsullerinizin do\u011fru dengede her iki besini de almas\u0131n\u0131 sa\u011flar, onlar\u0131 i\u00e7ten d\u0131\u015fa g\u00fc\u00e7lendirir.<\/p>\n<h3><span style=\"color: #99cc00;\"><b>Temel Faydalar ve \u00d6zellikler<\/b><\/span><\/h3>\n<p>Bu dengeli form\u00fcl, mahsulleriniz i\u00e7in bir dizi \u00f6nemli fayda sunar.<\/p>\n<p><b>Meyve Kalitesini ve Pazarlanabilirli\u011fi Art\u0131r\u0131r<\/b> Kalsiyum ve Bor eksikli\u011fi \u00f6nemli sorunlara neden olabilir. \u00d6rne\u011fin, \u00e7i\u00e7ek burnu \u00e7\u00fcr\u00fckl\u00fc\u011f\u00fcne, mantar lekelere ve i\u00e7i bo\u015flu\u011fa yol a\u00e7abilir. Ayr\u0131ca meyve \u00e7atlamas\u0131na ve \u00fcr\u00fcnlerinizin depolama \u00f6mr\u00fcn\u00fcn k\u0131salmas\u0131na neden olabilir. <span style=\"color: #99cc00;\"><b>BORCA<\/b><\/span>, bitkilerinize her iki besinin de dengeli bir tedarikini sa\u011flar. Bu, bu sorunlar\u0131 \u00f6nlemeye yard\u0131mc\u0131 olur ve mahsullerinizin sa\u011flaml\u0131\u011f\u0131n\u0131 ve pazardaki rekabet g\u00fcc\u00fcn\u00fc art\u0131r\u0131r.<\/p>\n<p><b>D\u00f6llenme ve Meyve Tutumunu \u0130yile\u015ftirir<\/b> Hem Kalsiyum hem de Bor, ba\u015far\u0131l\u0131 d\u00f6llenme ve meyve tutumu i\u00e7in hayati \u00f6neme sahiptir. Bu bile\u015fikteki elementler, \u00e7i\u00e7ek yumurtal\u0131klar\u0131n\u0131n canl\u0131l\u0131\u011f\u0131nda \u00f6nemli bir rol oynar. Yumurtal\u0131klar\u0131n polen t\u00fcplerini \u00e7ekmesine ve y\u00f6nlendirmesine yard\u0131mc\u0131 olurlar, bu da ba\u015far\u0131l\u0131 d\u00f6llenme i\u00e7in \u00f6nemli bir s\u00fcre\u00e7tir. Bu ayn\u0131 zamanda, tutumdan sonra \u00e7i\u00e7eklerin ve meyvelerin d\u00f6k\u00fclmesini azaltmaya da yard\u0131mc\u0131 olur.<\/p>\n<p><b>H\u00fccre Duvarlar\u0131n\u0131 G\u00fc\u00e7lendirir<\/b> Kalsiyum ve Bor, h\u00fccre duvarlar\u0131n\u0131n olu\u015fumu i\u00e7in gereklidir. Asl\u0131nda, Kalsiyum Bor olmadan h\u00fccrede asla stabil kalamaz. Bu nedenle, birinin eksikli\u011fini di\u011ferini gidermeden etkili bir \u015fekilde tedavi edemezsiniz. <span style=\"color: #99cc00;\"><b>BORCA<\/b>\u00a0<\/span>bitkilerinize her iki elementi de verir. Bu, g\u00fc\u00e7l\u00fc h\u00fccre duvarlar\u0131 ve daha diren\u00e7li bir bitki yap\u0131s\u0131 sa\u011flar.<\/p>\n<p><b>Toprak Tuzlulu\u011funu Giderir<\/b> Kalsiyum, toprak tuzlulu\u011funu gidermek i\u00e7in \u00e7ok \u00f6nemli bir elementtir. Topraktaki sodyum klor\u00fcr\u00fcn iyonik ba\u011f\u0131n\u0131 k\u0131rarak \u00e7al\u0131\u015f\u0131r. Bu, sodyumun d\u0131\u015far\u0131 at\u0131lmas\u0131n\u0131 kolayla\u015ft\u0131r\u0131r ve bitkilerinizin b\u00fcy\u00fcmesi i\u00e7in daha sa\u011fl\u0131kl\u0131 bir ortam yarat\u0131r.<\/p>\n<p>Mahsul meyvelerinizin maksimum kalitesini, sertli\u011fini ve raf \u00f6mr\u00fcn\u00fc elde etmek i\u00e7in BIMCO International\u2019dan <span style=\"color: #99cc00;\">Borca\u2018u<\/span> se\u00e7in. <span style=\"color: #99cc00;\"><a style=\"color: #99cc00;\" href=\"https:\/\/api.whatsapp.com\/send\/?phone=908503096351&amp;text=%D9%85%D8%B1%D8%AD%D8%A8%D8%A7%D9%8B+%D8%A7%D8%B1%D9%8A%D8%AF+%D8%A7%D9%84%D8%A5%D8%B3%D8%AA%D9%81%D8%B3%D8%A7%D8%B1+%D8%B9%D9%86+%D9%87%D8%B0%D8%A7+%D8%A7%D9%84%D9%85%D9%86%D8%AA%D8%AC%0A%0A%0A%0Ahttps%3A%2F%2Fbimcointernational.com%2F&amp;type=phone_number&amp;app_absent=0\" target=\"_blank\" rel=\"noopener\">Daha fazla bilgi edinmek i\u00e7in bug\u00fcn WhatsApp arac\u0131l\u0131\u011f\u0131yla bize ula\u015f\u0131n<\/a>.<\/span><\/p>\n","protected":false},"excerpt":{"rendered":"<p><span style=\"color: #99cc00;\"><b>BORCA<\/b>,<\/span> son derece etkili, suda \u00e7\u00f6z\u00fcn\u00fcr bir g\u00fcbredir. H\u00fccre duvar\u0131 olu\u015fumunu art\u0131rmak, meyve kalitesini y\u00fckseltmek ve mahsullerinizin genel canl\u0131l\u0131\u011f\u0131n\u0131 iyile\u015ftirmek i\u00e7in m\u00fckemmel bir sinerji i\u00e7inde \u00e7al\u0131\u015fan benzersiz bir Kalsiyum ve Bor kar\u0131\u015f\u0131m\u0131 sa\u011flar.<\/p>\n","protected":false},"featured_media":6567,"comment_status":"open","ping_status":"closed","template":"","meta":{"_eb_attr":"","site-sidebar-layout":"default","site-content-layout":"","ast-site-content-layout":"default","site-content-style":"default","site-sidebar-style":"default","ast-global-header-display":"","ast-banner-title-visibility":"","ast-main-header-display":"","ast-hfb-above-header-display":"","ast-hfb-below-header-display":"","ast-hfb-mobile-header-display":"","site-post-title":"","ast-breadcrumbs-content":"","ast-featured-img":"","footer-sml-layout":"","ast-disable-related-posts":"","theme-transparent-header-meta":"default","adv-header-id-meta":"","stick-header-meta":"","header-above-stick-meta":"","header-main-stick-meta":"","header-below-stick-meta":"","astra-migrate-meta-layouts":"set","ast-page-background-enabled":"default","ast-page-background-meta":{"desktop":{"background-color":"var(--ast-global-color-4)","background-image":"","background-repeat":"repeat","background-position":"center center","background-size":"auto","background-attachment":"scroll","background-type":"","background-media":"","overlay-type":"","overlay-color":"","overlay-opacity":"","overlay-gradient":""},"tablet":{"background-color":"","background-image":"","background-repeat":"repeat","background-position":"center center","background-size":"auto","background-attachment":"scroll","background-type":"","background-media":"","overlay-type":"","overlay-color":"","overlay-opacity":"","overlay-gradient":""},"mobile":{"background-color":"","background-image":"","background-repeat":"repeat","background-position":"center center","background-size":"auto","background-attachment":"scroll","background-type":"","background-media":"","overlay-type":"","overlay-color":"","overlay-opacity":"","overlay-gradient":""}},"ast-content-background-meta":{"desktop":{"background-color":"var(--ast-global-color-5)","background-image":"","background-repeat":"repeat","background-position":"center center","background-size":"auto","background-attachment":"scroll","background-type":"","background-media":"","overlay-type":"","overlay-color":"","overlay-opacity":"","overlay-gradient":""},"tablet":{"background-color":"var(--ast-global-color-5)","background-image":"","background-repeat":"repeat","background-position":"center center","background-size":"auto","background-attachment":"scroll","background-type":"","background-media":"","overlay-type":"","overlay-color":"","overlay-opacity":"","overlay-gradient":""},"mobile":{"background-color":"var(--ast-global-color-5)","background-image":"","background-repeat":"repeat","background-position":"center center","background-size":"auto","background-attachment":"scroll","background-type":"","background-media":"","overlay-type":"","overlay-color":"","overlay-opacity":"","overlay-gradient":""}},"_joinchat":[]},"product_brand":[],"product_cat":[105,76],"product_tag":[],"class_list":{"0":"post-6569","1":"product","2":"type-product","3":"status-publish","4":"has-post-thumbnail","6":"product_cat-bimco-kalsiyum-urunleri","7":"product_cat-suda-cozunen-yaprak-gubresi","8":"desktop-align-left","9":"tablet-align-left","10":"mobile-align-left","12":"first","13":"instock","14":"shipping-taxable","15":"product-type-simple"},"yoast_head":"<!-- This site is optimized with the Yoast SEO plugin v27.4 - https:\/\/yoast.com\/product\/yoast-seo-wordpress\/ -->\n<title>BORCA | H\u00fccre Duvarlar\u0131n\u0131 G\u00fc\u00e7lendirin- bimco international<\/title>\n<meta name=\"description\" content=\"BORCA ile Kalsiyum ve Bor&#039;un sinerjik g\u00fcc\u00fcn\u00fc elde edin. Bu form\u00fcl, h\u00fccre duvar\u0131 sa\u011flaml\u0131\u011f\u0131n\u0131 art\u0131r\u0131r, meyve kalitesini y\u00fckseltir ve bitki canl\u0131l\u0131\u011f\u0131n\u0131 art\u0131r\u0131r.\" \/>\n<meta name=\"robots\" content=\"index, follow, max-snippet:-1, max-image-preview:large, max-video-preview:-1\" \/>\n<link rel=\"canonical\" href=\"https:\/\/bimcointernational.com\/tr\/urun\/bimco-borca-water-soluble-fertilizer\/\" \/>\n<meta property=\"og:locale\" content=\"tr_TR\" \/>\n<meta property=\"og:type\" content=\"article\" \/>\n<meta property=\"og:title\" content=\"BORCA | H\u00fccre Duvarlar\u0131n\u0131 G\u00fc\u00e7lendirin- bimco international\" \/>\n<meta property=\"og:description\" content=\"BORCA ile Kalsiyum ve Bor&#039;un sinerjik g\u00fcc\u00fcn\u00fc elde edin. Bu form\u00fcl, h\u00fccre duvar\u0131 sa\u011flaml\u0131\u011f\u0131n\u0131 art\u0131r\u0131r, meyve kalitesini y\u00fckseltir ve bitki canl\u0131l\u0131\u011f\u0131n\u0131 art\u0131r\u0131r.\" \/>\n<meta property=\"og:url\" content=\"https:\/\/bimcointernational.com\/tr\/urun\/bimco-borca-water-soluble-fertilizer\/\" \/>\n<meta property=\"og:site_name\" content=\"bimco international\" \/>\n<meta property=\"article:publisher\" content=\"https:\/\/www.facebook.com\/B9K9T\" \/>\n<meta property=\"article:modified_time\" content=\"2025-09-10T07:26:29+00:00\" \/>\n<meta property=\"og:image\" content=\"https:\/\/bimcointernational.com\/wp-content\/uploads\/2025\/09\/Borca.png\" \/>\n\t<meta property=\"og:image:width\" content=\"1000\" \/>\n\t<meta property=\"og:image:height\" content=\"1000\" \/>\n\t<meta property=\"og:image:type\" content=\"image\/png\" \/>\n<meta name=\"twitter:card\" content=\"summary_large_image\" \/>\n<meta name=\"twitter:label1\" content=\"Tahmini okuma s\u00fcresi\" \/>\n\t<meta name=\"twitter:data1\" content=\"2 dakika\" \/>\n<script type=\"application\/ld+json\" class=\"yoast-schema-graph\">{\"@context\":\"https:\\\/\\\/schema.org\",\"@graph\":[{\"@type\":\"WebPage\",\"@id\":\"https:\\\/\\\/bimcointernational.com\\\/tr\\\/urun\\\/bimco-borca-water-soluble-fertilizer\\\/\",\"url\":\"https:\\\/\\\/bimcointernational.com\\\/tr\\\/urun\\\/bimco-borca-water-soluble-fertilizer\\\/\",\"name\":\"BORCA | H\u00fccre Duvarlar\u0131n\u0131 G\u00fc\u00e7lendirin- bimco international\",\"isPartOf\":{\"@id\":\"https:\\\/\\\/bimcointernational.com\\\/tr\\\/#website\"},\"primaryImageOfPage\":{\"@id\":\"https:\\\/\\\/bimcointernational.com\\\/tr\\\/urun\\\/bimco-borca-water-soluble-fertilizer\\\/#primaryimage\"},\"image\":{\"@id\":\"https:\\\/\\\/bimcointernational.com\\\/tr\\\/urun\\\/bimco-borca-water-soluble-fertilizer\\\/#primaryimage\"},\"thumbnailUrl\":\"https:\\\/\\\/bimcointernational.com\\\/wp-content\\\/uploads\\\/2025\\\/09\\\/Borca.png\",\"datePublished\":\"2025-09-10T07:16:27+00:00\",\"dateModified\":\"2025-09-10T07:26:29+00:00\",\"description\":\"BORCA ile Kalsiyum ve Bor'un sinerjik g\u00fcc\u00fcn\u00fc elde edin. Bu form\u00fcl, h\u00fccre duvar\u0131 sa\u011flaml\u0131\u011f\u0131n\u0131 art\u0131r\u0131r, meyve kalitesini y\u00fckseltir ve bitki canl\u0131l\u0131\u011f\u0131n\u0131 art\u0131r\u0131r.\",\"breadcrumb\":{\"@id\":\"https:\\\/\\\/bimcointernational.com\\\/tr\\\/urun\\\/bimco-borca-water-soluble-fertilizer\\\/#breadcrumb\"},\"inLanguage\":\"tr\",\"potentialAction\":[{\"@type\":\"ReadAction\",\"target\":[\"https:\\\/\\\/bimcointernational.com\\\/tr\\\/urun\\\/bimco-borca-water-soluble-fertilizer\\\/\"]}]},{\"@type\":\"ImageObject\",\"inLanguage\":\"tr\",\"@id\":\"https:\\\/\\\/bimcointernational.com\\\/tr\\\/urun\\\/bimco-borca-water-soluble-fertilizer\\\/#primaryimage\",\"url\":\"https:\\\/\\\/bimcointernational.com\\\/wp-content\\\/uploads\\\/2025\\\/09\\\/Borca.png\",\"contentUrl\":\"https:\\\/\\\/bimcointernational.com\\\/wp-content\\\/uploads\\\/2025\\\/09\\\/Borca.png\",\"width\":1000,\"height\":1000,\"caption\":\"BORCA From Bimco International: The Synergistic Power of Calcium and Boron\"},{\"@type\":\"BreadcrumbList\",\"@id\":\"https:\\\/\\\/bimcointernational.com\\\/tr\\\/urun\\\/bimco-borca-water-soluble-fertilizer\\\/#breadcrumb\",\"itemListElement\":[{\"@type\":\"ListItem\",\"position\":1,\"name\":\"Home\",\"item\":\"https:\\\/\\\/bimcointernational.com\\\/tr\\\/\"},{\"@type\":\"ListItem\",\"position\":2,\"name\":\"\u00dcr\u00fcnlerimiz\",\"item\":\"https:\\\/\\\/bimcointernational.com\\\/tr\\\/urunlerimiz\\\/\"},{\"@type\":\"ListItem\",\"position\":3,\"name\":\"BORCA\"}]},{\"@type\":\"WebSite\",\"@id\":\"https:\\\/\\\/bimcointernational.com\\\/tr\\\/#website\",\"url\":\"https:\\\/\\\/bimcointernational.com\\\/tr\\\/\",\"name\":\"bimco international\",\"description\":\"\u0634\u0631\u0643\u0629 \u0628\u064a\u0645\u0643\u0648 \u0627\u0644\u0643\u064a\u0645\u064a\u0627\u0626\u064a\u0629 \u0644\u0635\u0646\u0627\u0639\u0629 \u0627\u0644\u0645\u0628\u064a\u062f\u0627\u062a \u0648\u0627\u0644\u0623\u0633\u0645\u062f\u0629 \u0639\u0627\u0644\u064a\u0629 \u0627\u0644\u062c\u0648\u062f\u0629 35 \u0639\u0627\u0645\u0627 \u0645\u0646 \u0627\u0644\u062e\u0628\u0631\u0629 \u0646\u0636\u0639\u0647\u0627 \u0628\u064a\u0646 \u0623\u064a\u062f\u064a\u0643\u0645\",\"publisher\":{\"@id\":\"https:\\\/\\\/bimcointernational.com\\\/tr\\\/#organization\"},\"potentialAction\":[{\"@type\":\"SearchAction\",\"target\":{\"@type\":\"EntryPoint\",\"urlTemplate\":\"https:\\\/\\\/bimcointernational.com\\\/tr\\\/?s={search_term_string}\"},\"query-input\":{\"@type\":\"PropertyValueSpecification\",\"valueRequired\":true,\"valueName\":\"search_term_string\"}}],\"inLanguage\":\"tr\"},{\"@type\":\"Organization\",\"@id\":\"https:\\\/\\\/bimcointernational.com\\\/tr\\\/#organization\",\"name\":\"bimco international\",\"url\":\"https:\\\/\\\/bimcointernational.com\\\/tr\\\/\",\"logo\":{\"@type\":\"ImageObject\",\"inLanguage\":\"tr\",\"@id\":\"https:\\\/\\\/bimcointernational.com\\\/tr\\\/#\\\/schema\\\/logo\\\/image\\\/\",\"url\":\"https:\\\/\\\/bimcointernational.com\\\/wp-content\\\/uploads\\\/2023\\\/03\\\/bimco-international.png\",\"contentUrl\":\"https:\\\/\\\/bimcointernational.com\\\/wp-content\\\/uploads\\\/2023\\\/03\\\/bimco-international.png\",\"width\":1000,\"height\":283,\"caption\":\"bimco international\"},\"image\":{\"@id\":\"https:\\\/\\\/bimcointernational.com\\\/tr\\\/#\\\/schema\\\/logo\\\/image\\\/\"},\"sameAs\":[\"https:\\\/\\\/www.facebook.com\\\/B9K9T\",\"https:\\\/\\\/www.instagram.com\\\/bimcokimya\\\/\"]}]}<\/script>\n<!-- \/ Yoast SEO plugin. -->","yoast_head_json":{"title":"BORCA | H\u00fccre Duvarlar\u0131n\u0131 G\u00fc\u00e7lendirin- bimco international","description":"BORCA ile Kalsiyum ve Bor'un sinerjik g\u00fcc\u00fcn\u00fc elde edin. Bu form\u00fcl, h\u00fccre duvar\u0131 sa\u011flaml\u0131\u011f\u0131n\u0131 art\u0131r\u0131r, meyve kalitesini y\u00fckseltir ve bitki canl\u0131l\u0131\u011f\u0131n\u0131 art\u0131r\u0131r.","robots":{"index":"index","follow":"follow","max-snippet":"max-snippet:-1","max-image-preview":"max-image-preview:large","max-video-preview":"max-video-preview:-1"},"canonical":"https:\/\/bimcointernational.com\/tr\/urun\/bimco-borca-water-soluble-fertilizer\/","og_locale":"tr_TR","og_type":"article","og_title":"BORCA | H\u00fccre Duvarlar\u0131n\u0131 G\u00fc\u00e7lendirin- bimco international","og_description":"BORCA ile Kalsiyum ve Bor'un sinerjik g\u00fcc\u00fcn\u00fc elde edin. Bu form\u00fcl, h\u00fccre duvar\u0131 sa\u011flaml\u0131\u011f\u0131n\u0131 art\u0131r\u0131r, meyve kalitesini y\u00fckseltir ve bitki canl\u0131l\u0131\u011f\u0131n\u0131 art\u0131r\u0131r.","og_url":"https:\/\/bimcointernational.com\/tr\/urun\/bimco-borca-water-soluble-fertilizer\/","og_site_name":"bimco international","article_publisher":"https:\/\/www.facebook.com\/B9K9T","article_modified_time":"2025-09-10T07:26:29+00:00","og_image":[{"width":1000,"height":1000,"url":"https:\/\/bimcointernational.com\/wp-content\/uploads\/2025\/09\/Borca.png","type":"image\/png"}],"twitter_card":"summary_large_image","twitter_misc":{"Tahmini okuma s\u00fcresi":"2 dakika"},"schema":{"@context":"https:\/\/schema.org","@graph":[{"@type":"WebPage","@id":"https:\/\/bimcointernational.com\/tr\/urun\/bimco-borca-water-soluble-fertilizer\/","url":"https:\/\/bimcointernational.com\/tr\/urun\/bimco-borca-water-soluble-fertilizer\/","name":"BORCA | H\u00fccre Duvarlar\u0131n\u0131 G\u00fc\u00e7lendirin- bimco international","isPartOf":{"@id":"https:\/\/bimcointernational.com\/tr\/#website"},"primaryImageOfPage":{"@id":"https:\/\/bimcointernational.com\/tr\/urun\/bimco-borca-water-soluble-fertilizer\/#primaryimage"},"image":{"@id":"https:\/\/bimcointernational.com\/tr\/urun\/bimco-borca-water-soluble-fertilizer\/#primaryimage"},"thumbnailUrl":"https:\/\/bimcointernational.com\/wp-content\/uploads\/2025\/09\/Borca.png","datePublished":"2025-09-10T07:16:27+00:00","dateModified":"2025-09-10T07:26:29+00:00","description":"BORCA ile Kalsiyum ve Bor'un sinerjik g\u00fcc\u00fcn\u00fc elde edin. Bu form\u00fcl, h\u00fccre duvar\u0131 sa\u011flaml\u0131\u011f\u0131n\u0131 art\u0131r\u0131r, meyve kalitesini y\u00fckseltir ve bitki canl\u0131l\u0131\u011f\u0131n\u0131 art\u0131r\u0131r.","breadcrumb":{"@id":"https:\/\/bimcointernational.com\/tr\/urun\/bimco-borca-water-soluble-fertilizer\/#breadcrumb"},"inLanguage":"tr","potentialAction":[{"@type":"ReadAction","target":["https:\/\/bimcointernational.com\/tr\/urun\/bimco-borca-water-soluble-fertilizer\/"]}]},{"@type":"ImageObject","inLanguage":"tr","@id":"https:\/\/bimcointernational.com\/tr\/urun\/bimco-borca-water-soluble-fertilizer\/#primaryimage","url":"https:\/\/bimcointernational.com\/wp-content\/uploads\/2025\/09\/Borca.png","contentUrl":"https:\/\/bimcointernational.com\/wp-content\/uploads\/2025\/09\/Borca.png","width":1000,"height":1000,"caption":"BORCA From Bimco International: The Synergistic Power of Calcium and Boron"},{"@type":"BreadcrumbList","@id":"https:\/\/bimcointernational.com\/tr\/urun\/bimco-borca-water-soluble-fertilizer\/#breadcrumb","itemListElement":[{"@type":"ListItem","position":1,"name":"Home","item":"https:\/\/bimcointernational.com\/tr\/"},{"@type":"ListItem","position":2,"name":"\u00dcr\u00fcnlerimiz","item":"https:\/\/bimcointernational.com\/tr\/urunlerimiz\/"},{"@type":"ListItem","position":3,"name":"BORCA"}]},{"@type":"WebSite","@id":"https:\/\/bimcointernational.com\/tr\/#website","url":"https:\/\/bimcointernational.com\/tr\/","name":"bimco international","description":"\u0634\u0631\u0643\u0629 \u0628\u064a\u0645\u0643\u0648 \u0627\u0644\u0643\u064a\u0645\u064a\u0627\u0626\u064a\u0629 \u0644\u0635\u0646\u0627\u0639\u0629 \u0627\u0644\u0645\u0628\u064a\u062f\u0627\u062a \u0648\u0627\u0644\u0623\u0633\u0645\u062f\u0629 \u0639\u0627\u0644\u064a\u0629 \u0627\u0644\u062c\u0648\u062f\u0629 35 \u0639\u0627\u0645\u0627 \u0645\u0646 \u0627\u0644\u062e\u0628\u0631\u0629 \u0646\u0636\u0639\u0647\u0627 \u0628\u064a\u0646 \u0623\u064a\u062f\u064a\u0643\u0645","publisher":{"@id":"https:\/\/bimcointernational.com\/tr\/#organization"},"potentialAction":[{"@type":"SearchAction","target":{"@type":"EntryPoint","urlTemplate":"https:\/\/bimcointernational.com\/tr\/?s={search_term_string}"},"query-input":{"@type":"PropertyValueSpecification","valueRequired":true,"valueName":"search_term_string"}}],"inLanguage":"tr"},{"@type":"Organization","@id":"https:\/\/bimcointernational.com\/tr\/#organization","name":"bimco international","url":"https:\/\/bimcointernational.com\/tr\/","logo":{"@type":"ImageObject","inLanguage":"tr","@id":"https:\/\/bimcointernational.com\/tr\/#\/schema\/logo\/image\/","url":"https:\/\/bimcointernational.com\/wp-content\/uploads\/2023\/03\/bimco-international.png","contentUrl":"https:\/\/bimcointernational.com\/wp-content\/uploads\/2023\/03\/bimco-international.png","width":1000,"height":283,"caption":"bimco international"},"image":{"@id":"https:\/\/bimcointernational.com\/tr\/#\/schema\/logo\/image\/"},"sameAs":["https:\/\/www.facebook.com\/B9K9T","https:\/\/www.instagram.com\/bimcokimya\/"]}]}},"jetpack_sharing_enabled":true,"_links":{"self":[{"href":"https:\/\/bimcointernational.com\/tr\/wp-json\/wp\/v2\/product\/6569","targetHints":{"allow":["GET"]}}],"collection":[{"href":"https:\/\/bimcointernational.com\/tr\/wp-json\/wp\/v2\/product"}],"about":[{"href":"https:\/\/bimcointernational.com\/tr\/wp-json\/wp\/v2\/types\/product"}],"replies":[{"embeddable":true,"href":"https:\/\/bimcointernational.com\/tr\/wp-json\/wp\/v2\/comments?post=6569"}],"wp:featuredmedia":[{"embeddable":true,"href":"https:\/\/bimcointernational.com\/tr\/wp-json\/wp\/v2\/media\/6567"}],"wp:attachment":[{"href":"https:\/\/bimcointernational.com\/tr\/wp-json\/wp\/v2\/media?parent=6569"}],"wp:term":[{"taxonomy":"product_brand","embeddable":true,"href":"https:\/\/bimcointernational.com\/tr\/wp-json\/wp\/v2\/product_brand?post=6569"},{"taxonomy":"product_cat","embeddable":true,"href":"https:\/\/bimcointernational.com\/tr\/wp-json\/wp\/v2\/product_cat?post=6569"},{"taxonomy":"product_tag","embeddable":true,"href":"https:\/\/bimcointernational.com\/tr\/wp-json\/wp\/v2\/product_tag?post=6569"}],"curies":[{"name":"wp","href":"https:\/\/api.w.org\/{rel}","templated":true}]}}