{"id":6541,"date":"2025-09-10T04:57:21","date_gmt":"2025-09-10T04:57:21","guid":{"rendered":"https:\/\/bimcointernational.com\/product\/bimco-calcium-gluconate-fertilizer\/"},"modified":"2025-09-10T05:07:45","modified_gmt":"2025-09-10T05:07:45","slug":"bimco-kalsiyum-glukonat-gubresi","status":"publish","type":"product","link":"https:\/\/bimcointernational.com\/tr\/urun\/bimco-kalsiyum-glukonat-gubresi\/","title":{"rendered":"Calcium Gluconate"},"content":{"rendered":"<h2><span style=\"color: #99cc00;\"><b>Kalsiyum Glukonat (Calcium Gluconate): H\u0131zl\u0131 ve Verimli Kalsiyum Teslimat\u0131 \u0130\u00e7in<\/b> <\/span><\/h2>\n<p><span style=\"color: #99cc00;\"><b>Kalsiyum Glukonat (Calcium Gluconate)<\/b><\/span>, <span style=\"color: #99cc00;\"><b>BIMCO International<\/b><\/span>&#8216;dan son teknoloji bir g\u00fcbredir. Bitkilere ola\u011fan\u00fcst\u00fc \u00e7\u00f6z\u00fcn\u00fcr ve hareketli bir kalsiyum formu sa\u011flar. E\u015fsiz glukonat bazl\u0131 form\u00fcl\u00fc, bitki i\u00e7inde h\u0131zl\u0131 al\u0131m ve ta\u015f\u0131maya olanak tan\u0131r. Bu, kalsiyum eksikliklerini h\u0131zl\u0131 ve etkili bir \u015fekilde gidermek i\u00e7in m\u00fckemmel bir se\u00e7imdir ve bitkilerinizin t\u00fcm b\u00fcy\u00fcme d\u00f6ng\u00fcs\u00fc boyunca g\u00fc\u00e7l\u00fc ve sa\u011fl\u0131kl\u0131 kalmas\u0131n\u0131 sa\u011flar.<\/p>\n<h3><span style=\"color: #99cc00;\"><b>Temel Faydalar ve \u00d6zellikler<\/b> <\/span><\/h3>\n<p>Bu y\u00fcksek oranda mevcut kalsiyum form\u00fcl\u00fc, mahsulleriniz i\u00e7in bir\u00e7ok fayda sunar.<\/p>\n<p><b>K\u00f6k ve Vejetatif Geli\u015fimi Te\u015fvik Eder<\/b> Bu \u00fcr\u00fcn, g\u00fc\u00e7l\u00fc k\u00f6k geli\u015fimini te\u015fvik eder. Baklagillerde nitrojeni sabitleyen k\u00f6k nod\u00fcllerinin olu\u015fumunda hayati bir rol oynar. Ayr\u0131ca h\u00fccre b\u00f6l\u00fcnmesi ve uzamas\u0131 i\u00e7in de \u00e7ok \u00f6nemlidir. Sonu\u00e7 olarak, yeni meristem dokular\u0131n\u0131n b\u00fcy\u00fcmesini destekler ve genel bitki canl\u0131l\u0131\u011f\u0131n\u0131 art\u0131r\u0131r.<\/p>\n<p><b>Bitki Dokusu Yap\u0131s\u0131n\u0131 G\u00fc\u00e7lendirir<\/b> Kalsiyum, bitki h\u00fccre duvarlar\u0131n\u0131n kilit bir bile\u015fenidir. Bu nedenle, bitki dokular\u0131n\u0131n sertli\u011fini ve sa\u011flaml\u0131\u011f\u0131n\u0131 art\u0131r\u0131r. Bu ek g\u00fc\u00e7, bitkilerin belirli bakteri ve mantar hastal\u0131klar\u0131na kar\u015f\u0131 daha diren\u00e7li olmas\u0131na da yard\u0131mc\u0131 olarak, mahsullerinizi yayg\u0131n tehditlerden korur.<\/p>\n<p><b>Y\u00fcksek \u00c7\u00f6z\u00fcn\u00fcr ve Hareketli<\/b> Glukonat \u015felat\u0131, bu kalsiyum formunu bitkinin vask\u00fcler sistemi i\u00e7inde son derece \u00e7\u00f6z\u00fcn\u00fcr ve hareketli hale getirir. Bu, g\u00fc\u00e7l\u00fc ve sa\u011fl\u0131kl\u0131 b\u00fcy\u00fcme i\u00e7in \u00e7ok \u00f6nemli olan meristem dokusu ve geli\u015fmekte olan meyveler dahil olmak \u00fczere bitkinin t\u00fcm k\u0131s\u0131mlar\u0131na tutarl\u0131 bir kalsiyum kayna\u011f\u0131 sa\u011flar.<\/p>\n","protected":false},"excerpt":{"rendered":"<p><span style=\"color: #99cc00;\"><b>Kalsiyum Glukonat (Calcium Gluconate)<\/b><\/span>, y\u00fcksek oranda \u00e7\u00f6z\u00fcn\u00fcr ve hareketli bir g\u00fcbredir. Mahsullerinize h\u0131zl\u0131 kalsiyum teslimat\u0131 sa\u011flar. Bu form\u00fcl, g\u00fc\u00e7l\u00fc h\u00fccre yap\u0131s\u0131n\u0131 te\u015fvik etmek ve bitkinin hastal\u0131klara ve \u00e7evresel streslere kar\u015f\u0131 do\u011fal direncini art\u0131rmak i\u00e7in m\u00fckemmeldir.<\/p>\n","protected":false},"featured_media":6538,"comment_status":"open","ping_status":"closed","template":"","meta":{"_eb_attr":"","site-sidebar-layout":"default","site-content-layout":"","ast-site-content-layout":"default","site-content-style":"default","site-sidebar-style":"default","ast-global-header-display":"","ast-banner-title-visibility":"","ast-main-header-display":"","ast-hfb-above-header-display":"","ast-hfb-below-header-display":"","ast-hfb-mobile-header-display":"","site-post-title":"","ast-breadcrumbs-content":"","ast-featured-img":"","footer-sml-layout":"","ast-disable-related-posts":"","theme-transparent-header-meta":"default","adv-header-id-meta":"","stick-header-meta":"","header-above-stick-meta":"","header-main-stick-meta":"","header-below-stick-meta":"","astra-migrate-meta-layouts":"set","ast-page-background-enabled":"default","ast-page-background-meta":{"desktop":{"background-color":"var(--ast-global-color-4)","background-image":"","background-repeat":"repeat","background-position":"center center","background-size":"auto","background-attachment":"scroll","background-type":"","background-media":"","overlay-type":"","overlay-color":"","overlay-opacity":"","overlay-gradient":""},"tablet":{"background-color":"","background-image":"","background-repeat":"repeat","background-position":"center center","background-size":"auto","background-attachment":"scroll","background-type":"","background-media":"","overlay-type":"","overlay-color":"","overlay-opacity":"","overlay-gradient":""},"mobile":{"background-color":"","background-image":"","background-repeat":"repeat","background-position":"center center","background-size":"auto","background-attachment":"scroll","background-type":"","background-media":"","overlay-type":"","overlay-color":"","overlay-opacity":"","overlay-gradient":""}},"ast-content-background-meta":{"desktop":{"background-color":"var(--ast-global-color-5)","background-image":"","background-repeat":"repeat","background-position":"center center","background-size":"auto","background-attachment":"scroll","background-type":"","background-media":"","overlay-type":"","overlay-color":"","overlay-opacity":"","overlay-gradient":""},"tablet":{"background-color":"var(--ast-global-color-5)","background-image":"","background-repeat":"repeat","background-position":"center center","background-size":"auto","background-attachment":"scroll","background-type":"","background-media":"","overlay-type":"","overlay-color":"","overlay-opacity":"","overlay-gradient":""},"mobile":{"background-color":"var(--ast-global-color-5)","background-image":"","background-repeat":"repeat","background-position":"center center","background-size":"auto","background-attachment":"scroll","background-type":"","background-media":"","overlay-type":"","overlay-color":"","overlay-opacity":"","overlay-gradient":""}},"_joinchat":[]},"product_brand":[],"product_cat":[105],"product_tag":[],"class_list":{"0":"post-6541","1":"product","2":"type-product","3":"status-publish","4":"has-post-thumbnail","6":"product_cat-bimco-kalsiyum-urunleri","7":"desktop-align-left","8":"tablet-align-left","9":"mobile-align-left","11":"first","12":"instock","13":"shipping-taxable","14":"product-type-simple"},"yoast_head":"<!-- This site is optimized with the Yoast SEO plugin v27.4 - https:\/\/yoast.com\/product\/yoast-seo-wordpress\/ -->\n<title>Kalsiyum Glukonat: Mahsuller \u0130\u00e7in H\u0131zl\u0131 Emilen Kalsiyum - bimco international<\/title>\n<meta name=\"description\" content=\"Kalsiyum Glukonat ile h\u0131zl\u0131 ve verimli kalsiyum teslimat\u0131 elde edin. Bu y\u00fcksek hareketli form\u00fcl, h\u00fccre duvarlar\u0131n\u0131 g\u00fc\u00e7lendirir ve en kaliteli hasatlar i\u00e7in bitki direncini art\u0131r\u0131r.\" \/>\n<meta name=\"robots\" content=\"index, follow, max-snippet:-1, max-image-preview:large, max-video-preview:-1\" \/>\n<link rel=\"canonical\" href=\"https:\/\/bimcointernational.com\/tr\/urun\/bimco-kalsiyum-glukonat-gubresi\/\" \/>\n<meta property=\"og:locale\" content=\"tr_TR\" \/>\n<meta property=\"og:type\" content=\"article\" \/>\n<meta property=\"og:title\" content=\"Kalsiyum Glukonat: Mahsuller \u0130\u00e7in H\u0131zl\u0131 Emilen Kalsiyum - bimco international\" \/>\n<meta property=\"og:description\" content=\"Kalsiyum Glukonat ile h\u0131zl\u0131 ve verimli kalsiyum teslimat\u0131 elde edin. Bu y\u00fcksek hareketli form\u00fcl, h\u00fccre duvarlar\u0131n\u0131 g\u00fc\u00e7lendirir ve en kaliteli hasatlar i\u00e7in bitki direncini art\u0131r\u0131r.\" \/>\n<meta property=\"og:url\" content=\"https:\/\/bimcointernational.com\/tr\/urun\/bimco-kalsiyum-glukonat-gubresi\/\" \/>\n<meta property=\"og:site_name\" content=\"bimco international\" \/>\n<meta property=\"article:publisher\" content=\"https:\/\/www.facebook.com\/B9K9T\" \/>\n<meta property=\"article:modified_time\" content=\"2025-09-10T05:07:45+00:00\" \/>\n<meta property=\"og:image\" content=\"https:\/\/bimcointernational.com\/wp-content\/uploads\/2025\/09\/CALCIUM-GLUONATE-1.png\" \/>\n\t<meta property=\"og:image:width\" content=\"1500\" \/>\n\t<meta property=\"og:image:height\" content=\"1500\" \/>\n\t<meta property=\"og:image:type\" content=\"image\/png\" \/>\n<meta name=\"twitter:card\" content=\"summary_large_image\" \/>\n<meta name=\"twitter:label1\" content=\"Tahmini okuma s\u00fcresi\" \/>\n\t<meta name=\"twitter:data1\" content=\"2 dakika\" \/>\n<script type=\"application\/ld+json\" class=\"yoast-schema-graph\">{\"@context\":\"https:\\\/\\\/schema.org\",\"@graph\":[{\"@type\":\"WebPage\",\"@id\":\"https:\\\/\\\/bimcointernational.com\\\/tr\\\/urun\\\/bimco-kalsiyum-glukonat-gubresi\\\/\",\"url\":\"https:\\\/\\\/bimcointernational.com\\\/tr\\\/urun\\\/bimco-kalsiyum-glukonat-gubresi\\\/\",\"name\":\"Kalsiyum Glukonat: Mahsuller \u0130\u00e7in H\u0131zl\u0131 Emilen Kalsiyum - bimco international\",\"isPartOf\":{\"@id\":\"https:\\\/\\\/bimcointernational.com\\\/tr\\\/#website\"},\"primaryImageOfPage\":{\"@id\":\"https:\\\/\\\/bimcointernational.com\\\/tr\\\/urun\\\/bimco-kalsiyum-glukonat-gubresi\\\/#primaryimage\"},\"image\":{\"@id\":\"https:\\\/\\\/bimcointernational.com\\\/tr\\\/urun\\\/bimco-kalsiyum-glukonat-gubresi\\\/#primaryimage\"},\"thumbnailUrl\":\"https:\\\/\\\/bimcointernational.com\\\/wp-content\\\/uploads\\\/2025\\\/09\\\/CALCIUM-GLUONATE-1.png\",\"datePublished\":\"2025-09-10T04:57:21+00:00\",\"dateModified\":\"2025-09-10T05:07:45+00:00\",\"description\":\"Kalsiyum Glukonat ile h\u0131zl\u0131 ve verimli kalsiyum teslimat\u0131 elde edin. Bu y\u00fcksek hareketli form\u00fcl, h\u00fccre duvarlar\u0131n\u0131 g\u00fc\u00e7lendirir ve en kaliteli hasatlar i\u00e7in bitki direncini art\u0131r\u0131r.\",\"breadcrumb\":{\"@id\":\"https:\\\/\\\/bimcointernational.com\\\/tr\\\/urun\\\/bimco-kalsiyum-glukonat-gubresi\\\/#breadcrumb\"},\"inLanguage\":\"tr\",\"potentialAction\":[{\"@type\":\"ReadAction\",\"target\":[\"https:\\\/\\\/bimcointernational.com\\\/tr\\\/urun\\\/bimco-kalsiyum-glukonat-gubresi\\\/\"]}]},{\"@type\":\"ImageObject\",\"inLanguage\":\"tr\",\"@id\":\"https:\\\/\\\/bimcointernational.com\\\/tr\\\/urun\\\/bimco-kalsiyum-glukonat-gubresi\\\/#primaryimage\",\"url\":\"https:\\\/\\\/bimcointernational.com\\\/wp-content\\\/uploads\\\/2025\\\/09\\\/CALCIUM-GLUONATE-1.png\",\"contentUrl\":\"https:\\\/\\\/bimcointernational.com\\\/wp-content\\\/uploads\\\/2025\\\/09\\\/CALCIUM-GLUONATE-1.png\",\"width\":1500,\"height\":1500,\"caption\":\"Calcium Gluconate from Bimco International For Rapid and Efficient Calcium Delivery\"},{\"@type\":\"BreadcrumbList\",\"@id\":\"https:\\\/\\\/bimcointernational.com\\\/tr\\\/urun\\\/bimco-kalsiyum-glukonat-gubresi\\\/#breadcrumb\",\"itemListElement\":[{\"@type\":\"ListItem\",\"position\":1,\"name\":\"Home\",\"item\":\"https:\\\/\\\/bimcointernational.com\\\/tr\\\/\"},{\"@type\":\"ListItem\",\"position\":2,\"name\":\"\u00dcr\u00fcnlerimiz\",\"item\":\"https:\\\/\\\/bimcointernational.com\\\/tr\\\/urunlerimiz\\\/\"},{\"@type\":\"ListItem\",\"position\":3,\"name\":\"Calcium Gluconate\"}]},{\"@type\":\"WebSite\",\"@id\":\"https:\\\/\\\/bimcointernational.com\\\/tr\\\/#website\",\"url\":\"https:\\\/\\\/bimcointernational.com\\\/tr\\\/\",\"name\":\"bimco international\",\"description\":\"\u0634\u0631\u0643\u0629 \u0628\u064a\u0645\u0643\u0648 \u0627\u0644\u0643\u064a\u0645\u064a\u0627\u0626\u064a\u0629 \u0644\u0635\u0646\u0627\u0639\u0629 \u0627\u0644\u0645\u0628\u064a\u062f\u0627\u062a \u0648\u0627\u0644\u0623\u0633\u0645\u062f\u0629 \u0639\u0627\u0644\u064a\u0629 \u0627\u0644\u062c\u0648\u062f\u0629 35 \u0639\u0627\u0645\u0627 \u0645\u0646 \u0627\u0644\u062e\u0628\u0631\u0629 \u0646\u0636\u0639\u0647\u0627 \u0628\u064a\u0646 \u0623\u064a\u062f\u064a\u0643\u0645\",\"publisher\":{\"@id\":\"https:\\\/\\\/bimcointernational.com\\\/tr\\\/#organization\"},\"potentialAction\":[{\"@type\":\"SearchAction\",\"target\":{\"@type\":\"EntryPoint\",\"urlTemplate\":\"https:\\\/\\\/bimcointernational.com\\\/tr\\\/?s={search_term_string}\"},\"query-input\":{\"@type\":\"PropertyValueSpecification\",\"valueRequired\":true,\"valueName\":\"search_term_string\"}}],\"inLanguage\":\"tr\"},{\"@type\":\"Organization\",\"@id\":\"https:\\\/\\\/bimcointernational.com\\\/tr\\\/#organization\",\"name\":\"bimco international\",\"url\":\"https:\\\/\\\/bimcointernational.com\\\/tr\\\/\",\"logo\":{\"@type\":\"ImageObject\",\"inLanguage\":\"tr\",\"@id\":\"https:\\\/\\\/bimcointernational.com\\\/tr\\\/#\\\/schema\\\/logo\\\/image\\\/\",\"url\":\"https:\\\/\\\/bimcointernational.com\\\/wp-content\\\/uploads\\\/2023\\\/03\\\/bimco-international.png\",\"contentUrl\":\"https:\\\/\\\/bimcointernational.com\\\/wp-content\\\/uploads\\\/2023\\\/03\\\/bimco-international.png\",\"width\":1000,\"height\":283,\"caption\":\"bimco international\"},\"image\":{\"@id\":\"https:\\\/\\\/bimcointernational.com\\\/tr\\\/#\\\/schema\\\/logo\\\/image\\\/\"},\"sameAs\":[\"https:\\\/\\\/www.facebook.com\\\/B9K9T\",\"https:\\\/\\\/www.instagram.com\\\/bimcokimya\\\/\"]}]}<\/script>\n<!-- \/ Yoast SEO plugin. -->","yoast_head_json":{"title":"Kalsiyum Glukonat: Mahsuller \u0130\u00e7in H\u0131zl\u0131 Emilen Kalsiyum - bimco international","description":"Kalsiyum Glukonat ile h\u0131zl\u0131 ve verimli kalsiyum teslimat\u0131 elde edin. Bu y\u00fcksek hareketli form\u00fcl, h\u00fccre duvarlar\u0131n\u0131 g\u00fc\u00e7lendirir ve en kaliteli hasatlar i\u00e7in bitki direncini art\u0131r\u0131r.","robots":{"index":"index","follow":"follow","max-snippet":"max-snippet:-1","max-image-preview":"max-image-preview:large","max-video-preview":"max-video-preview:-1"},"canonical":"https:\/\/bimcointernational.com\/tr\/urun\/bimco-kalsiyum-glukonat-gubresi\/","og_locale":"tr_TR","og_type":"article","og_title":"Kalsiyum Glukonat: Mahsuller \u0130\u00e7in H\u0131zl\u0131 Emilen Kalsiyum - bimco international","og_description":"Kalsiyum Glukonat ile h\u0131zl\u0131 ve verimli kalsiyum teslimat\u0131 elde edin. Bu y\u00fcksek hareketli form\u00fcl, h\u00fccre duvarlar\u0131n\u0131 g\u00fc\u00e7lendirir ve en kaliteli hasatlar i\u00e7in bitki direncini art\u0131r\u0131r.","og_url":"https:\/\/bimcointernational.com\/tr\/urun\/bimco-kalsiyum-glukonat-gubresi\/","og_site_name":"bimco international","article_publisher":"https:\/\/www.facebook.com\/B9K9T","article_modified_time":"2025-09-10T05:07:45+00:00","og_image":[{"width":1500,"height":1500,"url":"https:\/\/bimcointernational.com\/wp-content\/uploads\/2025\/09\/CALCIUM-GLUONATE-1.png","type":"image\/png"}],"twitter_card":"summary_large_image","twitter_misc":{"Tahmini okuma s\u00fcresi":"2 dakika"},"schema":{"@context":"https:\/\/schema.org","@graph":[{"@type":"WebPage","@id":"https:\/\/bimcointernational.com\/tr\/urun\/bimco-kalsiyum-glukonat-gubresi\/","url":"https:\/\/bimcointernational.com\/tr\/urun\/bimco-kalsiyum-glukonat-gubresi\/","name":"Kalsiyum Glukonat: Mahsuller \u0130\u00e7in H\u0131zl\u0131 Emilen Kalsiyum - bimco international","isPartOf":{"@id":"https:\/\/bimcointernational.com\/tr\/#website"},"primaryImageOfPage":{"@id":"https:\/\/bimcointernational.com\/tr\/urun\/bimco-kalsiyum-glukonat-gubresi\/#primaryimage"},"image":{"@id":"https:\/\/bimcointernational.com\/tr\/urun\/bimco-kalsiyum-glukonat-gubresi\/#primaryimage"},"thumbnailUrl":"https:\/\/bimcointernational.com\/wp-content\/uploads\/2025\/09\/CALCIUM-GLUONATE-1.png","datePublished":"2025-09-10T04:57:21+00:00","dateModified":"2025-09-10T05:07:45+00:00","description":"Kalsiyum Glukonat ile h\u0131zl\u0131 ve verimli kalsiyum teslimat\u0131 elde edin. Bu y\u00fcksek hareketli form\u00fcl, h\u00fccre duvarlar\u0131n\u0131 g\u00fc\u00e7lendirir ve en kaliteli hasatlar i\u00e7in bitki direncini art\u0131r\u0131r.","breadcrumb":{"@id":"https:\/\/bimcointernational.com\/tr\/urun\/bimco-kalsiyum-glukonat-gubresi\/#breadcrumb"},"inLanguage":"tr","potentialAction":[{"@type":"ReadAction","target":["https:\/\/bimcointernational.com\/tr\/urun\/bimco-kalsiyum-glukonat-gubresi\/"]}]},{"@type":"ImageObject","inLanguage":"tr","@id":"https:\/\/bimcointernational.com\/tr\/urun\/bimco-kalsiyum-glukonat-gubresi\/#primaryimage","url":"https:\/\/bimcointernational.com\/wp-content\/uploads\/2025\/09\/CALCIUM-GLUONATE-1.png","contentUrl":"https:\/\/bimcointernational.com\/wp-content\/uploads\/2025\/09\/CALCIUM-GLUONATE-1.png","width":1500,"height":1500,"caption":"Calcium Gluconate from Bimco International For Rapid and Efficient Calcium Delivery"},{"@type":"BreadcrumbList","@id":"https:\/\/bimcointernational.com\/tr\/urun\/bimco-kalsiyum-glukonat-gubresi\/#breadcrumb","itemListElement":[{"@type":"ListItem","position":1,"name":"Home","item":"https:\/\/bimcointernational.com\/tr\/"},{"@type":"ListItem","position":2,"name":"\u00dcr\u00fcnlerimiz","item":"https:\/\/bimcointernational.com\/tr\/urunlerimiz\/"},{"@type":"ListItem","position":3,"name":"Calcium Gluconate"}]},{"@type":"WebSite","@id":"https:\/\/bimcointernational.com\/tr\/#website","url":"https:\/\/bimcointernational.com\/tr\/","name":"bimco international","description":"\u0634\u0631\u0643\u0629 \u0628\u064a\u0645\u0643\u0648 \u0627\u0644\u0643\u064a\u0645\u064a\u0627\u0626\u064a\u0629 \u0644\u0635\u0646\u0627\u0639\u0629 \u0627\u0644\u0645\u0628\u064a\u062f\u0627\u062a \u0648\u0627\u0644\u0623\u0633\u0645\u062f\u0629 \u0639\u0627\u0644\u064a\u0629 \u0627\u0644\u062c\u0648\u062f\u0629 35 \u0639\u0627\u0645\u0627 \u0645\u0646 \u0627\u0644\u062e\u0628\u0631\u0629 \u0646\u0636\u0639\u0647\u0627 \u0628\u064a\u0646 \u0623\u064a\u062f\u064a\u0643\u0645","publisher":{"@id":"https:\/\/bimcointernational.com\/tr\/#organization"},"potentialAction":[{"@type":"SearchAction","target":{"@type":"EntryPoint","urlTemplate":"https:\/\/bimcointernational.com\/tr\/?s={search_term_string}"},"query-input":{"@type":"PropertyValueSpecification","valueRequired":true,"valueName":"search_term_string"}}],"inLanguage":"tr"},{"@type":"Organization","@id":"https:\/\/bimcointernational.com\/tr\/#organization","name":"bimco international","url":"https:\/\/bimcointernational.com\/tr\/","logo":{"@type":"ImageObject","inLanguage":"tr","@id":"https:\/\/bimcointernational.com\/tr\/#\/schema\/logo\/image\/","url":"https:\/\/bimcointernational.com\/wp-content\/uploads\/2023\/03\/bimco-international.png","contentUrl":"https:\/\/bimcointernational.com\/wp-content\/uploads\/2023\/03\/bimco-international.png","width":1000,"height":283,"caption":"bimco international"},"image":{"@id":"https:\/\/bimcointernational.com\/tr\/#\/schema\/logo\/image\/"},"sameAs":["https:\/\/www.facebook.com\/B9K9T","https:\/\/www.instagram.com\/bimcokimya\/"]}]}},"jetpack_sharing_enabled":true,"_links":{"self":[{"href":"https:\/\/bimcointernational.com\/tr\/wp-json\/wp\/v2\/product\/6541","targetHints":{"allow":["GET"]}}],"collection":[{"href":"https:\/\/bimcointernational.com\/tr\/wp-json\/wp\/v2\/product"}],"about":[{"href":"https:\/\/bimcointernational.com\/tr\/wp-json\/wp\/v2\/types\/product"}],"replies":[{"embeddable":true,"href":"https:\/\/bimcointernational.com\/tr\/wp-json\/wp\/v2\/comments?post=6541"}],"wp:featuredmedia":[{"embeddable":true,"href":"https:\/\/bimcointernational.com\/tr\/wp-json\/wp\/v2\/media\/6538"}],"wp:attachment":[{"href":"https:\/\/bimcointernational.com\/tr\/wp-json\/wp\/v2\/media?parent=6541"}],"wp:term":[{"taxonomy":"product_brand","embeddable":true,"href":"https:\/\/bimcointernational.com\/tr\/wp-json\/wp\/v2\/product_brand?post=6541"},{"taxonomy":"product_cat","embeddable":true,"href":"https:\/\/bimcointernational.com\/tr\/wp-json\/wp\/v2\/product_cat?post=6541"},{"taxonomy":"product_tag","embeddable":true,"href":"https:\/\/bimcointernational.com\/tr\/wp-json\/wp\/v2\/product_tag?post=6541"}],"curies":[{"name":"wp","href":"https:\/\/api.w.org\/{rel}","templated":true}]}}