{"id":6075,"date":"2025-07-21T05:10:57","date_gmt":"2025-07-21T05:10:57","guid":{"rendered":"https:\/\/bimcointernational.com\/product\/bimco-potassium-sulfate-fertilizer\/"},"modified":"2025-07-21T05:17:43","modified_gmt":"2025-07-21T05:17:43","slug":"bimco-potassium-sulfate-fertilizer","status":"publish","type":"product","link":"https:\/\/bimcointernational.com\/tr\/urun\/bimco-potassium-sulfate-fertilizer\/","title":{"rendered":"BIMCO POTASSIUM SULFATE 0-0-52"},"content":{"rendered":"<h1><span style=\"color: #99cc00;\"><strong>BIMCO POTASYUM S\u00dcLFAT 0-0-52: Artan Mahsul Kalitesi i\u00e7in Y\u00fcksek Potasyumlu G\u00fcbre<\/strong><\/span><\/h1>\n<p>Mahsullerinizde maksimum kalite ve sertlik elde etmek i\u00e7in yeterli miktarda potasyum sa\u011flamak hayati \u00f6nem ta\u015f\u0131r. <span style=\"color: #99cc00;\"><strong>BIMCO International<\/strong><\/span>, meyve kalitesini art\u0131rmak, stres direncini iyile\u015ftirmek ve d\u00fcnya genelindeki t\u00fcm bitki ve toprak t\u00fcrlerinde \u00fcretimi desteklemek \u00fczere \u00f6zel olarak tasarlanm\u0131\u015f y\u00fcksek potasyumlu bir EC g\u00fcbresi olan <span style=\"color: #99cc00;\"><strong>BIMCO POTASYUM S\u00dcLFAT 0-0-52<\/strong><\/span>&#8216;yi sunar.<\/p>\n<h2><span style=\"color: #99cc00;\"><strong>G\u00fcbre Tan\u0131m\u0131 ve Temel Faydalar\u0131:<\/strong><\/span><\/h2>\n<p><span style=\"color: #99cc00;\">BIMCO Potasyum S\u00fclfat<\/span>, vejetatif ve k\u00f6k b\u00fcy\u00fcmesini iyile\u015ftirir, \u00e7i\u00e7eklenme ve meyve tutumu oran\u0131n\u0131 art\u0131r\u0131r ve meyve d\u00f6k\u00fclmesini azalt\u0131r. Ayr\u0131ca hayati bitki fonksiyonlar\u0131n\u0131 destekler ve \u00e7e\u015fitli hastal\u0131klara ve \u00e7evresel ko\u015fullara kar\u015f\u0131 dayan\u0131kl\u0131l\u0131klar\u0131n\u0131 art\u0131r\u0131r. Bu g\u00fcbre, mahsul kalitesini iyile\u015ftirmek ve \u00fcretkenli\u011fi art\u0131rmak i\u00e7in ideal bir \u00e7\u00f6z\u00fcmd\u00fcr.<\/p>\n<h2><span style=\"color: #99cc00;\"><strong><span style=\"font-size: 1.7em;\">Uygulama Oran\u0131:<\/span><\/strong><\/span><\/h2>\n<p>BIMCO Potasyum S\u00fclfat, t\u00fcm bitkilerde ve t\u00fcm toprak t\u00fcrlerinde, a\u00e7\u0131k alan veya korumal\u0131 tar\u0131mda, tek ba\u015f\u0131na veya di\u011fer g\u00fcbrelerle kar\u0131\u015ft\u0131r\u0131larak kullan\u0131l\u0131r. P\u00fcsk\u00fcrtme, damla sulama veya pivot sulama sistemleri ile, ayr\u0131ca film veya havza sulama sistemleri ile uygulan\u0131r; ihtiya\u00e7 halinde 7-10 g\u00fcnde bir tekrarlama imkan\u0131 vard\u0131r, a\u015fa\u011f\u0131daki tabloya g\u00f6re:<\/p>\n<table style=\"width: 100%; border-collapse: collapse; text-align: center;\">\n<thead>\n<tr>\n<th style=\"border: 1px solid #ddd; padding: 8px; background-color: #8bc34a;\"><span style=\"color: #ffffff;\">Bitki<\/span><\/th>\n<th style=\"border: 1px solid #ddd; padding: 8px; background-color: #8bc34a;\"><span style=\"color: #ffffff;\">kg \/ d\u00f6n\u00fcm<\/span><\/th>\n<\/tr>\n<\/thead>\n<tbody>\n<tr>\n<td style=\"border: 1px solid #ddd; padding: 8px;\">Meyveli Sebzeler (Patl\u0131can, Domates, Biber, Kabakgiller, Bamya, Fasulye, B\u00f6r\u00fclce)&#8230;<\/td>\n<td style=\"border: 1px solid #ddd; padding: 8px;\">3 &#8211; 1<\/td>\n<\/tr>\n<tr>\n<td style=\"border: 1px solid #ddd; padding: 8px;\">Patates, So\u011fan ve Sar\u0131msak<\/td>\n<td style=\"border: 1px solid #ddd; padding: 8px;\">4 &#8211; 2<\/td>\n<\/tr>\n<tr>\n<td style=\"border: 1px solid #ddd; padding: 8px;\">Hububat (Bu\u011fday, Arpa, Pirin\u00e7, Yulaf, \u015ealgam)&#8230; ve Baklagiller<\/td>\n<td style=\"border: 1px solid #ddd; padding: 8px;\">2 &#8211; 1<\/td>\n<\/tr>\n<tr>\n<td style=\"border: 1px solid #ddd; padding: 8px;\">M\u0131s\u0131r, Pamuk, \u015eeker Pancar\u0131, Havu\u00e7 ve \u015ealgam<\/td>\n<td style=\"border: 1px solid #ddd; padding: 8px;\">4 &#8211; 2<\/td>\n<\/tr>\n<tr>\n<td style=\"border: 1px solid #ddd; padding: 8px;\">Meyve A\u011fa\u00e7lar\u0131<\/td>\n<td style=\"border: 1px solid #ddd; padding: 8px;\">5 &#8211; 2<\/td>\n<\/tr>\n<tr>\n<td style=\"border: 1px solid #ddd; padding: 8px;\">Kimyon, \u00c7\u00f6rek Otu ve Susam<\/td>\n<td style=\"border: 1px solid #ddd; padding: 8px;\">2 &#8211; 1<\/td>\n<\/tr>\n<\/tbody>\n<\/table>\n<p>Mahsul kalitenizi ve direncinizi art\u0131rmak i\u00e7in BIMCO International&#8217;dan <span style=\"color: #99cc00;\">BIMCO POTASYUM S\u00dcLFAT 0-0-52<\/span>&#8216;yi se\u00e7in. <span style=\"color: #99cc00;\"><a style=\"color: #99cc00;\" href=\"https:\/\/api.whatsapp.com\/send\/?phone=908503096351&amp;text=%D9%85%D8%B1%D8%AD%D8%A8%D8%A7%D9%8B+%D8%A7%D8%B1%D9%8A%D8%AF+%D8%A7%D9%84%D8%A5%D8%B3%D8%AA%D9%81%D8%B3%D8%A4+%D8%B9%D9%86+%D9%87%D8%B0%D8%A0+%D9%84%D9%85%D9%86%D8%AA%D8%AC%0A%0A%0A%0Ahttps%3A%2F%2Fbimcointernational.com%2F&amp;type=phone_number&amp;app_absent=0\" target=\"_blank\" rel=\"noopener\">Daha fazla bilgi edinmek i\u00e7in bug\u00fcn WhatsApp arac\u0131l\u0131\u011f\u0131yla bize ula\u015f\u0131n<\/a>.<\/span><\/p>\n","protected":false},"excerpt":{"rendered":"<p><span style=\"color: #99cc00;\"><b>BIMCO POTASYUM S\u00dcLFAT 0-0-52:<\/b><\/span> BIMCO International&#8217;\u0131n y\u00fcksek potasyumlu EC g\u00fcbresidir. Meyve kalitesini art\u0131r\u0131r, stres direncini geli\u015ftirir ve t\u00fcm bitki ve toprak t\u00fcrlerinde k\u00fcresel \u00fcretimi destekler.<\/p>\n","protected":false},"featured_media":6073,"comment_status":"open","ping_status":"closed","template":"","meta":{"_eb_attr":"","site-sidebar-layout":"default","site-content-layout":"","ast-site-content-layout":"default","site-content-style":"default","site-sidebar-style":"default","ast-global-header-display":"","ast-banner-title-visibility":"","ast-main-header-display":"","ast-hfb-above-header-display":"","ast-hfb-below-header-display":"","ast-hfb-mobile-header-display":"","site-post-title":"","ast-breadcrumbs-content":"","ast-featured-img":"","footer-sml-layout":"","ast-disable-related-posts":"","theme-transparent-header-meta":"default","adv-header-id-meta":"","stick-header-meta":"","header-above-stick-meta":"","header-main-stick-meta":"","header-below-stick-meta":"","astra-migrate-meta-layouts":"set","ast-page-background-enabled":"default","ast-page-background-meta":{"desktop":{"background-color":"var(--ast-global-color-4)","background-image":"","background-repeat":"repeat","background-position":"center center","background-size":"auto","background-attachment":"scroll","background-type":"","background-media":"","overlay-type":"","overlay-color":"","overlay-opacity":"","overlay-gradient":""},"tablet":{"background-color":"","background-image":"","background-repeat":"repeat","background-position":"center center","background-size":"auto","background-attachment":"scroll","background-type":"","background-media":"","overlay-type":"","overlay-color":"","overlay-opacity":"","overlay-gradient":""},"mobile":{"background-color":"","background-image":"","background-repeat":"repeat","background-position":"center center","background-size":"auto","background-attachment":"scroll","background-type":"","background-media":"","overlay-type":"","overlay-color":"","overlay-opacity":"","overlay-gradient":""}},"ast-content-background-meta":{"desktop":{"background-color":"var(--ast-global-color-5)","background-image":"","background-repeat":"repeat","background-position":"center center","background-size":"auto","background-attachment":"scroll","background-type":"","background-media":"","overlay-type":"","overlay-color":"","overlay-opacity":"","overlay-gradient":""},"tablet":{"background-color":"var(--ast-global-color-5)","background-image":"","background-repeat":"repeat","background-position":"center center","background-size":"auto","background-attachment":"scroll","background-type":"","background-media":"","overlay-type":"","overlay-color":"","overlay-opacity":"","overlay-gradient":""},"mobile":{"background-color":"var(--ast-global-color-5)","background-image":"","background-repeat":"repeat","background-position":"center center","background-size":"auto","background-attachment":"scroll","background-type":"","background-media":"","overlay-type":"","overlay-color":"","overlay-opacity":"","overlay-gradient":""}},"_joinchat":[]},"product_brand":[],"product_cat":[102],"product_tag":[],"class_list":{"0":"post-6075","1":"product","2":"type-product","3":"status-publish","4":"has-post-thumbnail","6":"product_cat-ham-madde-urunleri","7":"desktop-align-left","8":"tablet-align-left","9":"mobile-align-left","11":"first","12":"instock","13":"shipping-taxable","14":"product-type-simple"},"yoast_head":"<!-- This site is optimized with the Yoast SEO plugin v27.1.1 - https:\/\/yoast.com\/product\/yoast-seo-wordpress\/ -->\n<title>BIMCO POTASYUM S\u00dcLFAT 0-0-52: Y\u00fcksek Potasyumlu Mahsul Kalitesi G\u00fcbresi - bimco international<\/title>\n<meta name=\"description\" content=\"BIMCO International&#039;dan BIMCO POTASYUM S\u00dcLFAT 0-0-52: Y\u00fcksek potasyumlu bir EC g\u00fcbresi. K\u00fcresel olarak meyve kalitesini, stres direncini art\u0131r\u0131r ve mahsul \u00fcretimini destekler.\" \/>\n<meta name=\"robots\" content=\"index, follow, max-snippet:-1, max-image-preview:large, max-video-preview:-1\" \/>\n<link rel=\"canonical\" href=\"https:\/\/bimcointernational.com\/tr\/urun\/bimco-potassium-sulfate-fertilizer\/\" \/>\n<meta property=\"og:locale\" content=\"tr_TR\" \/>\n<meta property=\"og:type\" content=\"article\" \/>\n<meta property=\"og:title\" content=\"BIMCO POTASYUM S\u00dcLFAT 0-0-52: Y\u00fcksek Potasyumlu Mahsul Kalitesi G\u00fcbresi - bimco international\" \/>\n<meta property=\"og:description\" content=\"BIMCO International&#039;dan BIMCO POTASYUM S\u00dcLFAT 0-0-52: Y\u00fcksek potasyumlu bir EC g\u00fcbresi. K\u00fcresel olarak meyve kalitesini, stres direncini art\u0131r\u0131r ve mahsul \u00fcretimini destekler.\" \/>\n<meta property=\"og:url\" content=\"https:\/\/bimcointernational.com\/tr\/urun\/bimco-potassium-sulfate-fertilizer\/\" \/>\n<meta property=\"og:site_name\" content=\"bimco international\" \/>\n<meta property=\"article:publisher\" content=\"https:\/\/www.facebook.com\/B9K9T\" \/>\n<meta property=\"article:modified_time\" content=\"2025-07-21T05:17:43+00:00\" \/>\n<meta property=\"og:image\" content=\"https:\/\/bimcointernational.com\/wp-content\/uploads\/2025\/07\/BIMCO-POTASSIUM-SULFATE.png\" \/>\n\t<meta property=\"og:image:width\" content=\"1500\" \/>\n\t<meta property=\"og:image:height\" content=\"1500\" \/>\n\t<meta property=\"og:image:type\" content=\"image\/png\" \/>\n<meta name=\"twitter:card\" content=\"summary_large_image\" \/>\n<meta name=\"twitter:label1\" content=\"Tahmini okuma s\u00fcresi\" \/>\n\t<meta name=\"twitter:data1\" content=\"2 dakika\" \/>\n<script type=\"application\/ld+json\" class=\"yoast-schema-graph\">{\"@context\":\"https:\/\/schema.org\",\"@graph\":[{\"@type\":\"WebPage\",\"@id\":\"https:\/\/bimcointernational.com\/tr\/urun\/bimco-potassium-sulfate-fertilizer\/\",\"url\":\"https:\/\/bimcointernational.com\/tr\/urun\/bimco-potassium-sulfate-fertilizer\/\",\"name\":\"BIMCO POTASYUM S\u00dcLFAT 0-0-52: Y\u00fcksek Potasyumlu Mahsul Kalitesi G\u00fcbresi - bimco international\",\"isPartOf\":{\"@id\":\"https:\/\/bimcointernational.com\/tr\/#website\"},\"primaryImageOfPage\":{\"@id\":\"https:\/\/bimcointernational.com\/tr\/urun\/bimco-potassium-sulfate-fertilizer\/#primaryimage\"},\"image\":{\"@id\":\"https:\/\/bimcointernational.com\/tr\/urun\/bimco-potassium-sulfate-fertilizer\/#primaryimage\"},\"thumbnailUrl\":\"https:\/\/bimcointernational.com\/wp-content\/uploads\/2025\/07\/BIMCO-POTASSIUM-SULFATE.png\",\"datePublished\":\"2025-07-21T05:10:57+00:00\",\"dateModified\":\"2025-07-21T05:17:43+00:00\",\"description\":\"BIMCO International'dan BIMCO POTASYUM S\u00dcLFAT 0-0-52: Y\u00fcksek potasyumlu bir EC g\u00fcbresi. K\u00fcresel olarak meyve kalitesini, stres direncini art\u0131r\u0131r ve mahsul \u00fcretimini destekler.\",\"breadcrumb\":{\"@id\":\"https:\/\/bimcointernational.com\/tr\/urun\/bimco-potassium-sulfate-fertilizer\/#breadcrumb\"},\"inLanguage\":\"tr\",\"potentialAction\":[{\"@type\":\"ReadAction\",\"target\":[\"https:\/\/bimcointernational.com\/tr\/urun\/bimco-potassium-sulfate-fertilizer\/\"]}]},{\"@type\":\"ImageObject\",\"inLanguage\":\"tr\",\"@id\":\"https:\/\/bimcointernational.com\/tr\/urun\/bimco-potassium-sulfate-fertilizer\/#primaryimage\",\"url\":\"https:\/\/bimcointernational.com\/wp-content\/uploads\/2025\/07\/BIMCO-POTASSIUM-SULFATE.png\",\"contentUrl\":\"https:\/\/bimcointernational.com\/wp-content\/uploads\/2025\/07\/BIMCO-POTASSIUM-SULFATE.png\",\"width\":1500,\"height\":1500,\"caption\":\"BIMCO POTASSIUM SULFATE 0-0-52: High quality NPK fertilizer for all plants.\"},{\"@type\":\"BreadcrumbList\",\"@id\":\"https:\/\/bimcointernational.com\/tr\/urun\/bimco-potassium-sulfate-fertilizer\/#breadcrumb\",\"itemListElement\":[{\"@type\":\"ListItem\",\"position\":1,\"name\":\"Home\",\"item\":\"https:\/\/bimcointernational.com\/tr\/\"},{\"@type\":\"ListItem\",\"position\":2,\"name\":\"\u00dcr\u00fcnlerimiz\",\"item\":\"https:\/\/bimcointernational.com\/tr\/urunlerimiz\/\"},{\"@type\":\"ListItem\",\"position\":3,\"name\":\"BIMCO POTASSIUM SULFATE 0-0-52\"}]},{\"@type\":\"WebSite\",\"@id\":\"https:\/\/bimcointernational.com\/tr\/#website\",\"url\":\"https:\/\/bimcointernational.com\/tr\/\",\"name\":\"bimco international\",\"description\":\"\u0634\u0631\u0643\u0629 \u0628\u064a\u0645\u0643\u0648 \u0627\u0644\u0643\u064a\u0645\u064a\u0627\u0626\u064a\u0629 \u0644\u0635\u0646\u0627\u0639\u0629 \u0627\u0644\u0645\u0628\u064a\u062f\u0627\u062a \u0648\u0627\u0644\u0623\u0633\u0645\u062f\u0629 \u0639\u0627\u0644\u064a\u0629 \u0627\u0644\u062c\u0648\u062f\u0629 35 \u0639\u0627\u0645\u0627 \u0645\u0646 \u0627\u0644\u062e\u0628\u0631\u0629 \u0646\u0636\u0639\u0647\u0627 \u0628\u064a\u0646 \u0623\u064a\u062f\u064a\u0643\u0645\",\"publisher\":{\"@id\":\"https:\/\/bimcointernational.com\/tr\/#organization\"},\"potentialAction\":[{\"@type\":\"SearchAction\",\"target\":{\"@type\":\"EntryPoint\",\"urlTemplate\":\"https:\/\/bimcointernational.com\/tr\/?s={search_term_string}\"},\"query-input\":{\"@type\":\"PropertyValueSpecification\",\"valueRequired\":true,\"valueName\":\"search_term_string\"}}],\"inLanguage\":\"tr\"},{\"@type\":\"Organization\",\"@id\":\"https:\/\/bimcointernational.com\/tr\/#organization\",\"name\":\"bimco international\",\"url\":\"https:\/\/bimcointernational.com\/tr\/\",\"logo\":{\"@type\":\"ImageObject\",\"inLanguage\":\"tr\",\"@id\":\"https:\/\/bimcointernational.com\/tr\/#\/schema\/logo\/image\/\",\"url\":\"https:\/\/bimcointernational.com\/wp-content\/uploads\/2023\/03\/bimco-international.png\",\"contentUrl\":\"https:\/\/bimcointernational.com\/wp-content\/uploads\/2023\/03\/bimco-international.png\",\"width\":1000,\"height\":283,\"caption\":\"bimco international\"},\"image\":{\"@id\":\"https:\/\/bimcointernational.com\/tr\/#\/schema\/logo\/image\/\"},\"sameAs\":[\"https:\/\/www.facebook.com\/B9K9T\",\"https:\/\/www.instagram.com\/bimcokimya\/\"]}]}<\/script>\n<!-- \/ Yoast SEO plugin. -->","yoast_head_json":{"title":"BIMCO POTASYUM S\u00dcLFAT 0-0-52: Y\u00fcksek Potasyumlu Mahsul Kalitesi G\u00fcbresi - bimco international","description":"BIMCO International'dan BIMCO POTASYUM S\u00dcLFAT 0-0-52: Y\u00fcksek potasyumlu bir EC g\u00fcbresi. K\u00fcresel olarak meyve kalitesini, stres direncini art\u0131r\u0131r ve mahsul \u00fcretimini destekler.","robots":{"index":"index","follow":"follow","max-snippet":"max-snippet:-1","max-image-preview":"max-image-preview:large","max-video-preview":"max-video-preview:-1"},"canonical":"https:\/\/bimcointernational.com\/tr\/urun\/bimco-potassium-sulfate-fertilizer\/","og_locale":"tr_TR","og_type":"article","og_title":"BIMCO POTASYUM S\u00dcLFAT 0-0-52: Y\u00fcksek Potasyumlu Mahsul Kalitesi G\u00fcbresi - bimco international","og_description":"BIMCO International'dan BIMCO POTASYUM S\u00dcLFAT 0-0-52: Y\u00fcksek potasyumlu bir EC g\u00fcbresi. K\u00fcresel olarak meyve kalitesini, stres direncini art\u0131r\u0131r ve mahsul \u00fcretimini destekler.","og_url":"https:\/\/bimcointernational.com\/tr\/urun\/bimco-potassium-sulfate-fertilizer\/","og_site_name":"bimco international","article_publisher":"https:\/\/www.facebook.com\/B9K9T","article_modified_time":"2025-07-21T05:17:43+00:00","og_image":[{"width":1500,"height":1500,"url":"https:\/\/bimcointernational.com\/wp-content\/uploads\/2025\/07\/BIMCO-POTASSIUM-SULFATE.png","type":"image\/png"}],"twitter_card":"summary_large_image","twitter_misc":{"Tahmini okuma s\u00fcresi":"2 dakika"},"schema":{"@context":"https:\/\/schema.org","@graph":[{"@type":"WebPage","@id":"https:\/\/bimcointernational.com\/tr\/urun\/bimco-potassium-sulfate-fertilizer\/","url":"https:\/\/bimcointernational.com\/tr\/urun\/bimco-potassium-sulfate-fertilizer\/","name":"BIMCO POTASYUM S\u00dcLFAT 0-0-52: Y\u00fcksek Potasyumlu Mahsul Kalitesi G\u00fcbresi - bimco international","isPartOf":{"@id":"https:\/\/bimcointernational.com\/tr\/#website"},"primaryImageOfPage":{"@id":"https:\/\/bimcointernational.com\/tr\/urun\/bimco-potassium-sulfate-fertilizer\/#primaryimage"},"image":{"@id":"https:\/\/bimcointernational.com\/tr\/urun\/bimco-potassium-sulfate-fertilizer\/#primaryimage"},"thumbnailUrl":"https:\/\/bimcointernational.com\/wp-content\/uploads\/2025\/07\/BIMCO-POTASSIUM-SULFATE.png","datePublished":"2025-07-21T05:10:57+00:00","dateModified":"2025-07-21T05:17:43+00:00","description":"BIMCO International'dan BIMCO POTASYUM S\u00dcLFAT 0-0-52: Y\u00fcksek potasyumlu bir EC g\u00fcbresi. K\u00fcresel olarak meyve kalitesini, stres direncini art\u0131r\u0131r ve mahsul \u00fcretimini destekler.","breadcrumb":{"@id":"https:\/\/bimcointernational.com\/tr\/urun\/bimco-potassium-sulfate-fertilizer\/#breadcrumb"},"inLanguage":"tr","potentialAction":[{"@type":"ReadAction","target":["https:\/\/bimcointernational.com\/tr\/urun\/bimco-potassium-sulfate-fertilizer\/"]}]},{"@type":"ImageObject","inLanguage":"tr","@id":"https:\/\/bimcointernational.com\/tr\/urun\/bimco-potassium-sulfate-fertilizer\/#primaryimage","url":"https:\/\/bimcointernational.com\/wp-content\/uploads\/2025\/07\/BIMCO-POTASSIUM-SULFATE.png","contentUrl":"https:\/\/bimcointernational.com\/wp-content\/uploads\/2025\/07\/BIMCO-POTASSIUM-SULFATE.png","width":1500,"height":1500,"caption":"BIMCO POTASSIUM SULFATE 0-0-52: High quality NPK fertilizer for all plants."},{"@type":"BreadcrumbList","@id":"https:\/\/bimcointernational.com\/tr\/urun\/bimco-potassium-sulfate-fertilizer\/#breadcrumb","itemListElement":[{"@type":"ListItem","position":1,"name":"Home","item":"https:\/\/bimcointernational.com\/tr\/"},{"@type":"ListItem","position":2,"name":"\u00dcr\u00fcnlerimiz","item":"https:\/\/bimcointernational.com\/tr\/urunlerimiz\/"},{"@type":"ListItem","position":3,"name":"BIMCO POTASSIUM SULFATE 0-0-52"}]},{"@type":"WebSite","@id":"https:\/\/bimcointernational.com\/tr\/#website","url":"https:\/\/bimcointernational.com\/tr\/","name":"bimco international","description":"\u0634\u0631\u0643\u0629 \u0628\u064a\u0645\u0643\u0648 \u0627\u0644\u0643\u064a\u0645\u064a\u0627\u0626\u064a\u0629 \u0644\u0635\u0646\u0627\u0639\u0629 \u0627\u0644\u0645\u0628\u064a\u062f\u0627\u062a \u0648\u0627\u0644\u0623\u0633\u0645\u062f\u0629 \u0639\u0627\u0644\u064a\u0629 \u0627\u0644\u062c\u0648\u062f\u0629 35 \u0639\u0627\u0645\u0627 \u0645\u0646 \u0627\u0644\u062e\u0628\u0631\u0629 \u0646\u0636\u0639\u0647\u0627 \u0628\u064a\u0646 \u0623\u064a\u062f\u064a\u0643\u0645","publisher":{"@id":"https:\/\/bimcointernational.com\/tr\/#organization"},"potentialAction":[{"@type":"SearchAction","target":{"@type":"EntryPoint","urlTemplate":"https:\/\/bimcointernational.com\/tr\/?s={search_term_string}"},"query-input":{"@type":"PropertyValueSpecification","valueRequired":true,"valueName":"search_term_string"}}],"inLanguage":"tr"},{"@type":"Organization","@id":"https:\/\/bimcointernational.com\/tr\/#organization","name":"bimco international","url":"https:\/\/bimcointernational.com\/tr\/","logo":{"@type":"ImageObject","inLanguage":"tr","@id":"https:\/\/bimcointernational.com\/tr\/#\/schema\/logo\/image\/","url":"https:\/\/bimcointernational.com\/wp-content\/uploads\/2023\/03\/bimco-international.png","contentUrl":"https:\/\/bimcointernational.com\/wp-content\/uploads\/2023\/03\/bimco-international.png","width":1000,"height":283,"caption":"bimco international"},"image":{"@id":"https:\/\/bimcointernational.com\/tr\/#\/schema\/logo\/image\/"},"sameAs":["https:\/\/www.facebook.com\/B9K9T","https:\/\/www.instagram.com\/bimcokimya\/"]}]}},"jetpack_sharing_enabled":true,"_links":{"self":[{"href":"https:\/\/bimcointernational.com\/tr\/wp-json\/wp\/v2\/product\/6075","targetHints":{"allow":["GET"]}}],"collection":[{"href":"https:\/\/bimcointernational.com\/tr\/wp-json\/wp\/v2\/product"}],"about":[{"href":"https:\/\/bimcointernational.com\/tr\/wp-json\/wp\/v2\/types\/product"}],"replies":[{"embeddable":true,"href":"https:\/\/bimcointernational.com\/tr\/wp-json\/wp\/v2\/comments?post=6075"}],"wp:featuredmedia":[{"embeddable":true,"href":"https:\/\/bimcointernational.com\/tr\/wp-json\/wp\/v2\/media\/6073"}],"wp:attachment":[{"href":"https:\/\/bimcointernational.com\/tr\/wp-json\/wp\/v2\/media?parent=6075"}],"wp:term":[{"taxonomy":"product_brand","embeddable":true,"href":"https:\/\/bimcointernational.com\/tr\/wp-json\/wp\/v2\/product_brand?post=6075"},{"taxonomy":"product_cat","embeddable":true,"href":"https:\/\/bimcointernational.com\/tr\/wp-json\/wp\/v2\/product_cat?post=6075"},{"taxonomy":"product_tag","embeddable":true,"href":"https:\/\/bimcointernational.com\/tr\/wp-json\/wp\/v2\/product_tag?post=6075"}],"curies":[{"name":"wp","href":"https:\/\/api.w.org\/{rel}","templated":true}]}}