{"id":6066,"date":"2025-07-20T12:23:14","date_gmt":"2025-07-20T12:23:14","guid":{"rendered":"https:\/\/bimcointernational.com\/product\/bimco-ferro-active-chelated-iron-fertilizer\/"},"modified":"2025-07-20T13:44:12","modified_gmt":"2025-07-20T13:44:12","slug":"bimco-ferro-active-chelated-iron-fertilizer","status":"publish","type":"product","link":"https:\/\/bimcointernational.com\/tr\/urun\/bimco-ferro-active-chelated-iron-fertilizer\/","title":{"rendered":"FERRO ACTIVE"},"content":{"rendered":"<h1><span style=\"color: #99cc00;\"><strong>FERRO ACTIVE: Kloroz Tedavisi \u0130\u00e7in \u015eelatl\u0131 Demir \u0130\u00e7eren Mineral G\u00fcbre<\/strong><\/span><\/h1>\n<p>Mahsullerinizin sa\u011fl\u0131\u011f\u0131n\u0131 korumak ve maksimum verimlili\u011fi sa\u011flamak i\u00e7in demir vazge\u00e7ilmez bir hayati elementtir, \u00f6zellikle de eksiklik belirtileri a\u00e7\u0131k\u00e7a g\u00f6r\u00fcld\u00fc\u011f\u00fcnde. <span style=\"color: #99cc00;\"><strong>BIMCO International<\/strong>,<\/span> kloroz tedavisi ve d\u00fcnya genelinde bitki sa\u011fl\u0131\u011f\u0131 ve verimlili\u011fini art\u0131rmak i\u00e7in tasarlanm\u0131\u015f, \u015felatl\u0131 demir (Fe-EDTA %13) i\u00e7eren \u00f6zel bir mineral g\u00fcbre olan <span style=\"color: #99cc00;\"><strong>FERRO ACTIVE<\/strong><\/span>&#8216;i sunar.<\/p>\n<h2><span style=\"color: #99cc00;\"><strong>G\u00fcbre Tan\u0131m\u0131 ve Temel Faydalar\u0131:<\/strong><\/span><\/h2>\n<p>Demir yava\u015f hareket eden bir elementtir, bu nedenle eksiklik belirtileri gen\u00e7 yapraklarda damarlar aras\u0131nda \u015fiddetli sararma olarak ortaya \u00e7\u0131kar ve damarlar ye\u015fil kal\u0131r. Demir, bir\u00e7ok hayati bitki s\u00fcrecinde temel bir rol oynar ve <span style=\"color: #99cc00;\">FERRO ACTIVE<\/span> bu rolleri geli\u015ftirir:<\/p>\n<ul>\n<li><strong>Klorofil Olu\u015fumu ve Solunum:<\/strong> Demir, ye\u015fil madde (klorofil) olu\u015fumunda ve solunum s\u00fcre\u00e7lerinde temel bir rol oynar ve oksidaz enzimleri olu\u015fumuyla ilgilidir.<\/li>\n<li><strong>Azot ve Protein D\u00f6n\u00fc\u015f\u00fcm\u00fc:<\/strong> Yapraklardaki \u00e7\u00f6z\u00fcnm\u00fc\u015f azotu proteine d\u00f6n\u00fc\u015ft\u00fcrmede temel bir rol oynar ve bu protein t\u00fcm bitki h\u00fccrelerinde \u00f6nemli bir rol oynar.<\/li>\n<li><strong>\u015eiddetli Eksiklik Belirtileriyle M\u00fccadele:<\/strong> \u015eiddetli demir eksikli\u011finde, bitkiler hayati formlar\u0131n\u0131 kaybeder, bu da b\u00fcy\u00fcme ve \u00fcretkenliklerini olumsuz etkiler. FERRO ACTIVE bu sorunu etkili bir \u015fekilde \u00e7\u00f6zer.<\/li>\n<li><strong>Geli\u015fmi\u015f Fotosentez:<\/strong> Fotosentez s\u00fcrecini iyile\u015ftirerek iyi bitki b\u00fcy\u00fcmesi, artan verim ve iyile\u015fmi\u015f kalite sa\u011flar.<\/li>\n<li><strong>Y\u00fcksek Emilim:<\/strong> FERRO ACTIVE&#8217;deki demir, y\u00fcksek emilim kapasitesine sahiptir ve bitki taraf\u0131ndan maksimum fayda sa\u011flamay\u0131 garanti eder.<\/li>\n<\/ul>\n<h2><span style=\"color: #99cc00;\"><strong>Bile\u015fenler (A\/H%):<\/strong><\/span><\/h2>\n<table style=\"width: 100%; border-collapse: collapse; text-align: center;\">\n<thead>\n<tr>\n<th style=\"border: 1px solid #ddd; padding: 8px; background-color: #8bc34a;\"><span style=\"color: #ffffff;\">Bile\u015fen<\/span><\/th>\n<th style=\"border: 1px solid #ddd; padding: 8px; background-color: #8bc34a;\"><span style=\"color: #ffffff;\">A\/H%<\/span><\/th>\n<th style=\"border: 1px solid #ddd; padding: 8px; background-color: #8bc34a;\"><span style=\"color: #ffffff;\">Kaynak<\/span><\/th>\n<\/tr>\n<\/thead>\n<tbody>\n<tr>\n<td style=\"border: 1px solid #ddd; padding: 8px;\">Demir (Fe-EDTA)<\/td>\n<td style=\"border: 1px solid #ddd; padding: 8px;\">%13<\/td>\n<td style=\"border: 1px solid #ddd; padding: 8px;\">Demir Oksit<\/td>\n<\/tr>\n<\/tbody>\n<\/table>\n<h2><span style=\"color: #99cc00;\"><strong>Uygulama Oran\u0131:<\/strong><\/span><\/h2>\n<table style=\"width: 100%; border-collapse: collapse; text-align: center;\">\n<thead>\n<tr>\n<th style=\"border: 1px solid #ddd; padding: 8px; background-color: #8bc34a;\"><span style=\"color: #ffffff;\">\u00dcr\u00fcn<\/span><\/th>\n<th style=\"border: 1px solid #ddd; padding: 8px; background-color: #8bc34a;\"><span style=\"color: #ffffff;\">Yaprak P\u00fcsk\u00fcrtme \/ 200 Litre<\/span><\/th>\n<th style=\"border: 1px solid #ddd; padding: 8px; background-color: #8bc34a;\"><span style=\"color: #ffffff;\">Damla Sulama \/ Dekar<\/span><\/th>\n<\/tr>\n<\/thead>\n<tbody>\n<tr>\n<td style=\"border: 1px solid #ddd; padding: 8px;\">Sebzeler<\/td>\n<td style=\"border: 1px solid #ddd; padding: 8px;\">300 &#8211; 600 ml<\/td>\n<td style=\"border: 1px solid #ddd; padding: 8px;\">1 &#8211; 1.5 kg<\/td>\n<\/tr>\n<tr>\n<td style=\"border: 1px solid #ddd; padding: 8px;\">Meyveler<\/td>\n<td style=\"border: 1px solid #ddd; padding: 8px;\">300 &#8211; 600 ml<\/td>\n<td style=\"border: 1px solid #ddd; padding: 8px;\">1 &#8211; 1.5 kg<\/td>\n<\/tr>\n<\/tbody>\n<\/table>\n<p>Mahsullerinizin ye\u015filli\u011fini art\u0131rmak ve verimlili\u011fini etkili bir \u015fekilde y\u00fckseltmek i\u00e7in BIMCO International&#8217;dan <span style=\"color: #99cc00;\">FERRO ACTIVE<\/span>&#8216;i se\u00e7in. <span style=\"color: #99cc00;\"><a style=\"color: #99cc00;\" href=\"https:\/\/api.whatsapp.com\/send\/?phone=908503096351&amp;text=%D9%85%D8%B1%D8%AD%D8%A8%D8%A7%D9%8B+%D8%A7%D8%B1%D9%8A%D8%AF+%D8%A7%D9%84%D8%A5%D8%B3%D8%AA%D9%81%D8%B3%D8%A4+%D8%B9%D9%86+%D9%87%D8%B0%D8%A0+%D9%84%D9%85%D9%86%D8%AA%D8%AC%0A%0A%0A%0Ahttps%3A%2F%2Fbimcointernational.com%2F&amp;type=phone_number&amp;app_absent=0\" target=\"_blank\" rel=\"noopener\">Daha fazla bilgi edinmek i\u00e7in bug\u00fcn WhatsApp arac\u0131l\u0131\u011f\u0131yla bize ula\u015f\u0131n<\/a>.<\/span><\/p>\n","protected":false},"excerpt":{"rendered":"<p><span style=\"color: #99cc00;\"><b>FERRO ACTIVE:<\/b><\/span> BIMCO International&#8217;\u0131n \u015felatl\u0131 demir (Fe-EDTA %13) g\u00fcbresidir. Yaprak sararmas\u0131n\u0131 d\u00fczeltir, klorofili aktive eder ve k\u00fcresel olarak mahsul verimlili\u011fini ve kalitesini art\u0131r\u0131r.<\/p>\n","protected":false},"featured_media":6064,"comment_status":"open","ping_status":"closed","template":"","meta":{"_eb_attr":"","site-sidebar-layout":"default","site-content-layout":"","ast-site-content-layout":"default","site-content-style":"default","site-sidebar-style":"default","ast-global-header-display":"","ast-banner-title-visibility":"","ast-main-header-display":"","ast-hfb-above-header-display":"","ast-hfb-below-header-display":"","ast-hfb-mobile-header-display":"","site-post-title":"","ast-breadcrumbs-content":"","ast-featured-img":"","footer-sml-layout":"","ast-disable-related-posts":"","theme-transparent-header-meta":"default","adv-header-id-meta":"","stick-header-meta":"","header-above-stick-meta":"","header-main-stick-meta":"","header-below-stick-meta":"","astra-migrate-meta-layouts":"set","ast-page-background-enabled":"default","ast-page-background-meta":{"desktop":{"background-color":"var(--ast-global-color-4)","background-image":"","background-repeat":"repeat","background-position":"center center","background-size":"auto","background-attachment":"scroll","background-type":"","background-media":"","overlay-type":"","overlay-color":"","overlay-opacity":"","overlay-gradient":""},"tablet":{"background-color":"","background-image":"","background-repeat":"repeat","background-position":"center center","background-size":"auto","background-attachment":"scroll","background-type":"","background-media":"","overlay-type":"","overlay-color":"","overlay-opacity":"","overlay-gradient":""},"mobile":{"background-color":"","background-image":"","background-repeat":"repeat","background-position":"center center","background-size":"auto","background-attachment":"scroll","background-type":"","background-media":"","overlay-type":"","overlay-color":"","overlay-opacity":"","overlay-gradient":""}},"ast-content-background-meta":{"desktop":{"background-color":"var(--ast-global-color-5)","background-image":"","background-repeat":"repeat","background-position":"center center","background-size":"auto","background-attachment":"scroll","background-type":"","background-media":"","overlay-type":"","overlay-color":"","overlay-opacity":"","overlay-gradient":""},"tablet":{"background-color":"var(--ast-global-color-5)","background-image":"","background-repeat":"repeat","background-position":"center center","background-size":"auto","background-attachment":"scroll","background-type":"","background-media":"","overlay-type":"","overlay-color":"","overlay-opacity":"","overlay-gradient":""},"mobile":{"background-color":"var(--ast-global-color-5)","background-image":"","background-repeat":"repeat","background-position":"center center","background-size":"auto","background-attachment":"scroll","background-type":"","background-media":"","overlay-type":"","overlay-color":"","overlay-opacity":"","overlay-gradient":""}},"_joinchat":[]},"product_brand":[],"product_cat":[99],"product_tag":[],"class_list":{"0":"post-6066","1":"product","2":"type-product","3":"status-publish","4":"has-post-thumbnail","6":"product_cat-korfez-urunleri","7":"desktop-align-left","8":"tablet-align-left","9":"mobile-align-left","11":"first","12":"instock","13":"shipping-taxable","14":"product-type-simple"},"yoast_head":"<!-- This site is optimized with the Yoast SEO plugin v27.4 - https:\/\/yoast.com\/product\/yoast-seo-wordpress\/ -->\n<title>FERRO ACTIVE: Klorofil ve Verim i\u00e7in \u015eelatl\u0131 Demir G\u00fcbre - bimco international<\/title>\n<meta name=\"description\" content=\"BIMCO International&#039;dan FERRO ACTIVE: Yaprak sararmas\u0131n\u0131 d\u00fczelten, klorofili aktive eden ve k\u00fcresel olarak mahsul verimlili\u011fini art\u0131ran \u015felatl\u0131 demir (Fe-EDTA ) g\u00fcbresi.\" \/>\n<meta name=\"robots\" content=\"index, follow, max-snippet:-1, max-image-preview:large, max-video-preview:-1\" \/>\n<link rel=\"canonical\" href=\"https:\/\/bimcointernational.com\/tr\/urun\/bimco-ferro-active-chelated-iron-fertilizer\/\" \/>\n<meta property=\"og:locale\" content=\"tr_TR\" \/>\n<meta property=\"og:type\" content=\"article\" \/>\n<meta property=\"og:title\" content=\"FERRO ACTIVE: Klorofil ve Verim i\u00e7in \u015eelatl\u0131 Demir G\u00fcbre - bimco international\" \/>\n<meta property=\"og:description\" content=\"BIMCO International&#039;dan FERRO ACTIVE: Yaprak sararmas\u0131n\u0131 d\u00fczelten, klorofili aktive eden ve k\u00fcresel olarak mahsul verimlili\u011fini art\u0131ran \u015felatl\u0131 demir (Fe-EDTA ) g\u00fcbresi.\" \/>\n<meta property=\"og:url\" content=\"https:\/\/bimcointernational.com\/tr\/urun\/bimco-ferro-active-chelated-iron-fertilizer\/\" \/>\n<meta property=\"og:site_name\" content=\"bimco international\" \/>\n<meta property=\"article:publisher\" content=\"https:\/\/www.facebook.com\/B9K9T\" \/>\n<meta property=\"article:modified_time\" content=\"2025-07-20T13:44:12+00:00\" \/>\n<meta property=\"og:image\" content=\"https:\/\/bimcointernational.com\/wp-content\/uploads\/2025\/07\/FERRO-ACTIVE.png\" \/>\n\t<meta property=\"og:image:width\" content=\"1500\" \/>\n\t<meta property=\"og:image:height\" content=\"1500\" \/>\n\t<meta property=\"og:image:type\" content=\"image\/png\" \/>\n<meta name=\"twitter:card\" content=\"summary_large_image\" \/>\n<meta name=\"twitter:label1\" content=\"Tahmini okuma s\u00fcresi\" \/>\n\t<meta name=\"twitter:data1\" content=\"2 dakika\" \/>\n<script type=\"application\/ld+json\" class=\"yoast-schema-graph\">{\"@context\":\"https:\\\/\\\/schema.org\",\"@graph\":[{\"@type\":\"WebPage\",\"@id\":\"https:\\\/\\\/bimcointernational.com\\\/tr\\\/urun\\\/bimco-ferro-active-chelated-iron-fertilizer\\\/\",\"url\":\"https:\\\/\\\/bimcointernational.com\\\/tr\\\/urun\\\/bimco-ferro-active-chelated-iron-fertilizer\\\/\",\"name\":\"FERRO ACTIVE: Klorofil ve Verim i\u00e7in \u015eelatl\u0131 Demir G\u00fcbre - bimco international\",\"isPartOf\":{\"@id\":\"https:\\\/\\\/bimcointernational.com\\\/tr\\\/#website\"},\"primaryImageOfPage\":{\"@id\":\"https:\\\/\\\/bimcointernational.com\\\/tr\\\/urun\\\/bimco-ferro-active-chelated-iron-fertilizer\\\/#primaryimage\"},\"image\":{\"@id\":\"https:\\\/\\\/bimcointernational.com\\\/tr\\\/urun\\\/bimco-ferro-active-chelated-iron-fertilizer\\\/#primaryimage\"},\"thumbnailUrl\":\"https:\\\/\\\/bimcointernational.com\\\/wp-content\\\/uploads\\\/2025\\\/07\\\/FERRO-ACTIVE.png\",\"datePublished\":\"2025-07-20T12:23:14+00:00\",\"dateModified\":\"2025-07-20T13:44:12+00:00\",\"description\":\"BIMCO International'dan FERRO ACTIVE: Yaprak sararmas\u0131n\u0131 d\u00fczelten, klorofili aktive eden ve k\u00fcresel olarak mahsul verimlili\u011fini art\u0131ran \u015felatl\u0131 demir (Fe-EDTA ) g\u00fcbresi.\",\"breadcrumb\":{\"@id\":\"https:\\\/\\\/bimcointernational.com\\\/tr\\\/urun\\\/bimco-ferro-active-chelated-iron-fertilizer\\\/#breadcrumb\"},\"inLanguage\":\"tr\",\"potentialAction\":[{\"@type\":\"ReadAction\",\"target\":[\"https:\\\/\\\/bimcointernational.com\\\/tr\\\/urun\\\/bimco-ferro-active-chelated-iron-fertilizer\\\/\"]}]},{\"@type\":\"ImageObject\",\"inLanguage\":\"tr\",\"@id\":\"https:\\\/\\\/bimcointernational.com\\\/tr\\\/urun\\\/bimco-ferro-active-chelated-iron-fertilizer\\\/#primaryimage\",\"url\":\"https:\\\/\\\/bimcointernational.com\\\/wp-content\\\/uploads\\\/2025\\\/07\\\/FERRO-ACTIVE.png\",\"contentUrl\":\"https:\\\/\\\/bimcointernational.com\\\/wp-content\\\/uploads\\\/2025\\\/07\\\/FERRO-ACTIVE.png\",\"width\":1500,\"height\":1500,\"caption\":\"FERRO ACTIVE: Corrects iron yellowing and improves crop quality.\"},{\"@type\":\"BreadcrumbList\",\"@id\":\"https:\\\/\\\/bimcointernational.com\\\/tr\\\/urun\\\/bimco-ferro-active-chelated-iron-fertilizer\\\/#breadcrumb\",\"itemListElement\":[{\"@type\":\"ListItem\",\"position\":1,\"name\":\"Home\",\"item\":\"https:\\\/\\\/bimcointernational.com\\\/tr\\\/\"},{\"@type\":\"ListItem\",\"position\":2,\"name\":\"\u00dcr\u00fcnlerimiz\",\"item\":\"https:\\\/\\\/bimcointernational.com\\\/tr\\\/urunlerimiz\\\/\"},{\"@type\":\"ListItem\",\"position\":3,\"name\":\"FERRO ACTIVE\"}]},{\"@type\":\"WebSite\",\"@id\":\"https:\\\/\\\/bimcointernational.com\\\/tr\\\/#website\",\"url\":\"https:\\\/\\\/bimcointernational.com\\\/tr\\\/\",\"name\":\"bimco international\",\"description\":\"\u0634\u0631\u0643\u0629 \u0628\u064a\u0645\u0643\u0648 \u0627\u0644\u0643\u064a\u0645\u064a\u0627\u0626\u064a\u0629 \u0644\u0635\u0646\u0627\u0639\u0629 \u0627\u0644\u0645\u0628\u064a\u062f\u0627\u062a \u0648\u0627\u0644\u0623\u0633\u0645\u062f\u0629 \u0639\u0627\u0644\u064a\u0629 \u0627\u0644\u062c\u0648\u062f\u0629 35 \u0639\u0627\u0645\u0627 \u0645\u0646 \u0627\u0644\u062e\u0628\u0631\u0629 \u0646\u0636\u0639\u0647\u0627 \u0628\u064a\u0646 \u0623\u064a\u062f\u064a\u0643\u0645\",\"publisher\":{\"@id\":\"https:\\\/\\\/bimcointernational.com\\\/tr\\\/#organization\"},\"potentialAction\":[{\"@type\":\"SearchAction\",\"target\":{\"@type\":\"EntryPoint\",\"urlTemplate\":\"https:\\\/\\\/bimcointernational.com\\\/tr\\\/?s={search_term_string}\"},\"query-input\":{\"@type\":\"PropertyValueSpecification\",\"valueRequired\":true,\"valueName\":\"search_term_string\"}}],\"inLanguage\":\"tr\"},{\"@type\":\"Organization\",\"@id\":\"https:\\\/\\\/bimcointernational.com\\\/tr\\\/#organization\",\"name\":\"bimco international\",\"url\":\"https:\\\/\\\/bimcointernational.com\\\/tr\\\/\",\"logo\":{\"@type\":\"ImageObject\",\"inLanguage\":\"tr\",\"@id\":\"https:\\\/\\\/bimcointernational.com\\\/tr\\\/#\\\/schema\\\/logo\\\/image\\\/\",\"url\":\"https:\\\/\\\/bimcointernational.com\\\/wp-content\\\/uploads\\\/2023\\\/03\\\/bimco-international.png\",\"contentUrl\":\"https:\\\/\\\/bimcointernational.com\\\/wp-content\\\/uploads\\\/2023\\\/03\\\/bimco-international.png\",\"width\":1000,\"height\":283,\"caption\":\"bimco international\"},\"image\":{\"@id\":\"https:\\\/\\\/bimcointernational.com\\\/tr\\\/#\\\/schema\\\/logo\\\/image\\\/\"},\"sameAs\":[\"https:\\\/\\\/www.facebook.com\\\/B9K9T\",\"https:\\\/\\\/www.instagram.com\\\/bimcokimya\\\/\"]}]}<\/script>\n<!-- \/ Yoast SEO plugin. -->","yoast_head_json":{"title":"FERRO ACTIVE: Klorofil ve Verim i\u00e7in \u015eelatl\u0131 Demir G\u00fcbre - bimco international","description":"BIMCO International'dan FERRO ACTIVE: Yaprak sararmas\u0131n\u0131 d\u00fczelten, klorofili aktive eden ve k\u00fcresel olarak mahsul verimlili\u011fini art\u0131ran \u015felatl\u0131 demir (Fe-EDTA ) g\u00fcbresi.","robots":{"index":"index","follow":"follow","max-snippet":"max-snippet:-1","max-image-preview":"max-image-preview:large","max-video-preview":"max-video-preview:-1"},"canonical":"https:\/\/bimcointernational.com\/tr\/urun\/bimco-ferro-active-chelated-iron-fertilizer\/","og_locale":"tr_TR","og_type":"article","og_title":"FERRO ACTIVE: Klorofil ve Verim i\u00e7in \u015eelatl\u0131 Demir G\u00fcbre - bimco international","og_description":"BIMCO International'dan FERRO ACTIVE: Yaprak sararmas\u0131n\u0131 d\u00fczelten, klorofili aktive eden ve k\u00fcresel olarak mahsul verimlili\u011fini art\u0131ran \u015felatl\u0131 demir (Fe-EDTA ) g\u00fcbresi.","og_url":"https:\/\/bimcointernational.com\/tr\/urun\/bimco-ferro-active-chelated-iron-fertilizer\/","og_site_name":"bimco international","article_publisher":"https:\/\/www.facebook.com\/B9K9T","article_modified_time":"2025-07-20T13:44:12+00:00","og_image":[{"width":1500,"height":1500,"url":"https:\/\/bimcointernational.com\/wp-content\/uploads\/2025\/07\/FERRO-ACTIVE.png","type":"image\/png"}],"twitter_card":"summary_large_image","twitter_misc":{"Tahmini okuma s\u00fcresi":"2 dakika"},"schema":{"@context":"https:\/\/schema.org","@graph":[{"@type":"WebPage","@id":"https:\/\/bimcointernational.com\/tr\/urun\/bimco-ferro-active-chelated-iron-fertilizer\/","url":"https:\/\/bimcointernational.com\/tr\/urun\/bimco-ferro-active-chelated-iron-fertilizer\/","name":"FERRO ACTIVE: Klorofil ve Verim i\u00e7in \u015eelatl\u0131 Demir G\u00fcbre - bimco international","isPartOf":{"@id":"https:\/\/bimcointernational.com\/tr\/#website"},"primaryImageOfPage":{"@id":"https:\/\/bimcointernational.com\/tr\/urun\/bimco-ferro-active-chelated-iron-fertilizer\/#primaryimage"},"image":{"@id":"https:\/\/bimcointernational.com\/tr\/urun\/bimco-ferro-active-chelated-iron-fertilizer\/#primaryimage"},"thumbnailUrl":"https:\/\/bimcointernational.com\/wp-content\/uploads\/2025\/07\/FERRO-ACTIVE.png","datePublished":"2025-07-20T12:23:14+00:00","dateModified":"2025-07-20T13:44:12+00:00","description":"BIMCO International'dan FERRO ACTIVE: Yaprak sararmas\u0131n\u0131 d\u00fczelten, klorofili aktive eden ve k\u00fcresel olarak mahsul verimlili\u011fini art\u0131ran \u015felatl\u0131 demir (Fe-EDTA ) g\u00fcbresi.","breadcrumb":{"@id":"https:\/\/bimcointernational.com\/tr\/urun\/bimco-ferro-active-chelated-iron-fertilizer\/#breadcrumb"},"inLanguage":"tr","potentialAction":[{"@type":"ReadAction","target":["https:\/\/bimcointernational.com\/tr\/urun\/bimco-ferro-active-chelated-iron-fertilizer\/"]}]},{"@type":"ImageObject","inLanguage":"tr","@id":"https:\/\/bimcointernational.com\/tr\/urun\/bimco-ferro-active-chelated-iron-fertilizer\/#primaryimage","url":"https:\/\/bimcointernational.com\/wp-content\/uploads\/2025\/07\/FERRO-ACTIVE.png","contentUrl":"https:\/\/bimcointernational.com\/wp-content\/uploads\/2025\/07\/FERRO-ACTIVE.png","width":1500,"height":1500,"caption":"FERRO ACTIVE: Corrects iron yellowing and improves crop quality."},{"@type":"BreadcrumbList","@id":"https:\/\/bimcointernational.com\/tr\/urun\/bimco-ferro-active-chelated-iron-fertilizer\/#breadcrumb","itemListElement":[{"@type":"ListItem","position":1,"name":"Home","item":"https:\/\/bimcointernational.com\/tr\/"},{"@type":"ListItem","position":2,"name":"\u00dcr\u00fcnlerimiz","item":"https:\/\/bimcointernational.com\/tr\/urunlerimiz\/"},{"@type":"ListItem","position":3,"name":"FERRO ACTIVE"}]},{"@type":"WebSite","@id":"https:\/\/bimcointernational.com\/tr\/#website","url":"https:\/\/bimcointernational.com\/tr\/","name":"bimco international","description":"\u0634\u0631\u0643\u0629 \u0628\u064a\u0645\u0643\u0648 \u0627\u0644\u0643\u064a\u0645\u064a\u0627\u0626\u064a\u0629 \u0644\u0635\u0646\u0627\u0639\u0629 \u0627\u0644\u0645\u0628\u064a\u062f\u0627\u062a \u0648\u0627\u0644\u0623\u0633\u0645\u062f\u0629 \u0639\u0627\u0644\u064a\u0629 \u0627\u0644\u062c\u0648\u062f\u0629 35 \u0639\u0627\u0645\u0627 \u0645\u0646 \u0627\u0644\u062e\u0628\u0631\u0629 \u0646\u0636\u0639\u0647\u0627 \u0628\u064a\u0646 \u0623\u064a\u062f\u064a\u0643\u0645","publisher":{"@id":"https:\/\/bimcointernational.com\/tr\/#organization"},"potentialAction":[{"@type":"SearchAction","target":{"@type":"EntryPoint","urlTemplate":"https:\/\/bimcointernational.com\/tr\/?s={search_term_string}"},"query-input":{"@type":"PropertyValueSpecification","valueRequired":true,"valueName":"search_term_string"}}],"inLanguage":"tr"},{"@type":"Organization","@id":"https:\/\/bimcointernational.com\/tr\/#organization","name":"bimco international","url":"https:\/\/bimcointernational.com\/tr\/","logo":{"@type":"ImageObject","inLanguage":"tr","@id":"https:\/\/bimcointernational.com\/tr\/#\/schema\/logo\/image\/","url":"https:\/\/bimcointernational.com\/wp-content\/uploads\/2023\/03\/bimco-international.png","contentUrl":"https:\/\/bimcointernational.com\/wp-content\/uploads\/2023\/03\/bimco-international.png","width":1000,"height":283,"caption":"bimco international"},"image":{"@id":"https:\/\/bimcointernational.com\/tr\/#\/schema\/logo\/image\/"},"sameAs":["https:\/\/www.facebook.com\/B9K9T","https:\/\/www.instagram.com\/bimcokimya\/"]}]}},"jetpack_sharing_enabled":true,"_links":{"self":[{"href":"https:\/\/bimcointernational.com\/tr\/wp-json\/wp\/v2\/product\/6066","targetHints":{"allow":["GET"]}}],"collection":[{"href":"https:\/\/bimcointernational.com\/tr\/wp-json\/wp\/v2\/product"}],"about":[{"href":"https:\/\/bimcointernational.com\/tr\/wp-json\/wp\/v2\/types\/product"}],"replies":[{"embeddable":true,"href":"https:\/\/bimcointernational.com\/tr\/wp-json\/wp\/v2\/comments?post=6066"}],"wp:featuredmedia":[{"embeddable":true,"href":"https:\/\/bimcointernational.com\/tr\/wp-json\/wp\/v2\/media\/6064"}],"wp:attachment":[{"href":"https:\/\/bimcointernational.com\/tr\/wp-json\/wp\/v2\/media?parent=6066"}],"wp:term":[{"taxonomy":"product_brand","embeddable":true,"href":"https:\/\/bimcointernational.com\/tr\/wp-json\/wp\/v2\/product_brand?post=6066"},{"taxonomy":"product_cat","embeddable":true,"href":"https:\/\/bimcointernational.com\/tr\/wp-json\/wp\/v2\/product_cat?post=6066"},{"taxonomy":"product_tag","embeddable":true,"href":"https:\/\/bimcointernational.com\/tr\/wp-json\/wp\/v2\/product_tag?post=6066"}],"curies":[{"name":"wp","href":"https:\/\/api.w.org\/{rel}","templated":true}]}}