{"id":6056,"date":"2025-07-20T12:06:18","date_gmt":"2025-07-20T12:06:18","guid":{"rendered":"https:\/\/bimcointernational.com\/product\/bimco-fulmic-k-organic-fertilizer\/"},"modified":"2025-07-20T12:16:24","modified_gmt":"2025-07-20T12:16:24","slug":"bimco-fulmic-k-organic-fertilizer","status":"publish","type":"product","link":"https:\/\/bimcointernational.com\/tr\/urun\/bimco-fulmic-k-organic-fertilizer\/","title":{"rendered":"FULMIC-K"},"content":{"rendered":"<h1><span style=\"color: #99cc00;\"><strong>FULMIC-K: H\u00fcmik ve Fulvik Asitler \u0130\u00e7eren Organik G\u00fcbre<\/strong><\/span><\/h1>\n<p>Mahsullerinizin maksimum b\u00fcy\u00fcme ve \u00fcretim potansiyeline ula\u015fmas\u0131 i\u00e7in sa\u011fl\u0131kl\u0131 toprak ve organik madde bulunabilirli\u011fi esast\u0131r. <span style=\"color: #99cc00;\"><strong>BIMCO International<\/strong><\/span>, toprak verimlili\u011fini art\u0131rmak ve bitki besin emilimini d\u00fcnya genelinde iyile\u015ftirmek i\u00e7in tasarlanm\u0131\u015f, h\u00fcmik ve fulvik asitler a\u00e7\u0131s\u0131ndan zengin e\u015fsiz bir organik g\u00fcbre olan <span style=\"color: #99cc00;\"><strong>FULMIC-K<\/strong><\/span>&#8216;yi sunar.<\/p>\n<h2><span style=\"color: #99cc00;\"><strong>Bile\u015fenler ve Temel Faydalar\u0131:<\/strong><\/span><\/h2>\n<p><span style=\"color: #99cc00;\">FULMIC-K<\/span>, h\u00fcmik ve fulvik asitler ile potasyumun dengeli bir kar\u0131\u015f\u0131m\u0131n\u0131 sa\u011flayan y\u00fcksek kaliteli bir organik g\u00fcbredir ve \u015funlara katk\u0131da bulunur:<\/p>\n<ul>\n<li><strong>Geli\u015fmi\u015f Toprak Yap\u0131s\u0131:<\/strong> Bir toprak d\u00fczenleyici olarak i\u015flev g\u00f6rerek topra\u011f\u0131n yap\u0131s\u0131n\u0131, havaland\u0131rmas\u0131n\u0131 ve su tutma kapasitesini iyile\u015ftirir, k\u00f6k geli\u015fimi i\u00e7in ideal bir ortam sa\u011flar.<\/li>\n<li><strong>Artan Toprak Verimlili\u011fi:<\/strong> Toprak mikroorganizmalar\u0131n\u0131 besler ve bitkiler i\u00e7in besin maddelerinin bulunabilirli\u011fini art\u0131r\u0131r.<\/li>\n<li><strong>Geli\u015fmi\u015f Besin Emilimi:<\/strong> H\u00fcmik ve fulvik asitler, bitkilerin toprakta bulunan besin maddelerini emilimini art\u0131rmaya yard\u0131mc\u0131 olur, g\u00fcbreleme verimlili\u011fini y\u00fckseltir.<\/li>\n<li><strong>Kapsaml\u0131 Bitki Geli\u015fim Deste\u011fi:<\/strong> Potasyum k\u00f6k ve vejetatif b\u00fcy\u00fcmeye katk\u0131da bulunurken, organik asitler genel bitki geli\u015fimini destekleyerek artan verim ve iyile\u015fmi\u015f \u00fcr\u00fcn kalitesi sa\u011flar.<\/li>\n<\/ul>\n<h2><span style=\"color: #99cc00;\"><strong>Bile\u015fenler (A\/H%):<\/strong><\/span><\/h2>\n<table style=\"width: 100%; border-collapse: collapse; text-align: center;\">\n<thead>\n<tr>\n<th style=\"border: 1px solid #ddd; padding: 8px; background-color: #8bc34a;\"><span style=\"color: #ffffff;\">Bile\u015fen<\/span><\/th>\n<th style=\"border: 1px solid #ddd; padding: 8px; background-color: #8bc34a;\"><span style=\"color: #ffffff;\">(A\/H)<\/span><\/th>\n<th style=\"border: 1px solid #ddd; padding: 8px; background-color: #8bc34a;\"><span style=\"color: #ffffff;\">Kaynak<\/span><\/th>\n<\/tr>\n<\/thead>\n<tbody>\n<tr>\n<td style=\"border: 1px solid #ddd; padding: 8px;\">Potasyum Oksit (K2O)<\/td>\n<td style=\"border: 1px solid #ddd; padding: 8px;\">%10<\/td>\n<td style=\"border: 1px solid #ddd; padding: 8px;\">Potasyum Humat<\/td>\n<\/tr>\n<tr>\n<td style=\"border: 1px solid #ddd; padding: 8px;\">H\u00fcmik Asit<\/td>\n<td style=\"border: 1px solid #ddd; padding: 8px;\">%62<\/td>\n<td style=\"border: 1px solid #ddd; padding: 8px;\">Potasyum Humat<\/td>\n<\/tr>\n<tr>\n<td style=\"border: 1px solid #ddd; padding: 8px;\">Fulvik Asit<\/td>\n<td style=\"border: 1px solid #ddd; padding: 8px;\">%8<\/td>\n<td style=\"border: 1px solid #ddd; padding: 8px;\">Potasyum Humat<\/td>\n<\/tr>\n<\/tbody>\n<\/table>\n<h2><span style=\"color: #99cc00;\"><strong>Uygulama Oran\u0131:<\/strong><\/span><\/h2>\n<table style=\"width: 100%; border-collapse: collapse; text-align: center;\">\n<thead>\n<tr>\n<th style=\"border: 1px solid #ddd; padding: 8px; background-color: #8bc34a;\"><span style=\"color: #ffffff;\">Bitki<\/span><\/th>\n<th style=\"border: 1px solid #ddd; padding: 8px; background-color: #8bc34a;\"><span style=\"color: #ffffff;\">kg \/ Dekar<\/span><\/th>\n<\/tr>\n<\/thead>\n<tbody>\n<tr>\n<td style=\"border: 1px solid #ddd; padding: 8px;\">Tarla Bitkileri<\/td>\n<td style=\"border: 1px solid #ddd; padding: 8px;\">1 &#8211; 1.5 kg<\/td>\n<\/tr>\n<tr>\n<td style=\"border: 1px solid #ddd; padding: 8px;\">A\u00e7\u0131k Alan Yaprakl\u0131 ve Meyveli Sebzeler<\/td>\n<td style=\"border: 1px solid #ddd; padding: 8px;\">1.5 &#8211; 3 kg<\/td>\n<\/tr>\n<tr>\n<td style=\"border: 1px solid #ddd; padding: 8px;\">Korumal\u0131 Meyveli Sebzeler<\/td>\n<td style=\"border: 1px solid #ddd; padding: 8px;\">2.5 &#8211; 5 kg<\/td>\n<\/tr>\n<tr>\n<td style=\"border: 1px solid #ddd; padding: 8px;\">Meyve A\u011fa\u00e7lar\u0131<\/td>\n<td style=\"border: 1px solid #ddd; padding: 8px;\">25 &#8211; 100 g \/ a\u011fa\u00e7<\/td>\n<\/tr>\n<tr>\n<td style=\"border: 1px solid #ddd; padding: 8px;\">S\u00fcs Bitkileri<\/td>\n<td style=\"border: 1px solid #ddd; padding: 8px;\">1 &#8211; 1.5 kg<\/td>\n<\/tr>\n<tr>\n<td style=\"border: 1px solid #ddd; padding: 8px;\">Yaprak P\u00fcsk\u00fcrtme<\/td>\n<td style=\"border: 1px solid #ddd; padding: 8px;\">150 &#8211; 200 gram \/ 200 litre su<\/td>\n<\/tr>\n<\/tbody>\n<\/table>\n<p>Toprak verimlili\u011finizi iyile\u015ftirmek ve mahsul geli\u015fiminizi art\u0131rmak i\u00e7in BIMCO International&#8217;dan <span style=\"color: #99cc00;\">FULMIC-K<\/span>&#8216;i se\u00e7in. <span style=\"color: #99cc00;\"><a style=\"color: #99cc00;\" href=\"https:\/\/api.whatsapp.com\/send\/?phone=908503096351&amp;text=%D9%85%D8%B1%D8%AD%D8%A8%D8%A7%D9%8B+%D8%A7%D8%B1%D9%8A%D8%AF+%D8%A7%D9%84%D8%A5%D8%B3%D8%AA%D9%81%D8%B3%D8%A7%D8%B1+%D8%B9%D9%86+%D9%87%D8%B0%D8%A0+%D9%84%D9%85%D9%86%D8%AA%D8%AC%0A%0A%0A%0Ahttps%3A%2F%2Fbimcointernational.com%2F&amp;type=phone_number&amp;app_absent=0\" target=\"_blank\" rel=\"noopener\">Daha fazla bilgi edinmek i\u00e7in bug\u00fcn WhatsApp arac\u0131l\u0131\u011f\u0131yla bize ula\u015f\u0131n<\/a>.<\/span><\/p>\n","protected":false},"excerpt":{"rendered":"<p><span style=\"color: #99cc00;\"><b>FULMIC-K:<\/b><\/span> BIMCO International&#8217;\u0131n h\u00fcmik, fulvik ve potasyum i\u00e7eren organik g\u00fcbre ve toprak d\u00fczenleyicisidir. Toprak verimlili\u011fini art\u0131r\u0131r, besin emilimini geli\u015ftirir ve k\u00fcresel olarak optimum b\u00fcy\u00fcme i\u00e7in bitki stres tolerans\u0131n\u0131 y\u00fckseltir.<\/p>\n","protected":false},"featured_media":6054,"comment_status":"open","ping_status":"closed","template":"","meta":{"_eb_attr":"","site-sidebar-layout":"default","site-content-layout":"","ast-site-content-layout":"default","site-content-style":"default","site-sidebar-style":"default","ast-global-header-display":"","ast-banner-title-visibility":"","ast-main-header-display":"","ast-hfb-above-header-display":"","ast-hfb-below-header-display":"","ast-hfb-mobile-header-display":"","site-post-title":"","ast-breadcrumbs-content":"","ast-featured-img":"","footer-sml-layout":"","ast-disable-related-posts":"","theme-transparent-header-meta":"default","adv-header-id-meta":"","stick-header-meta":"","header-above-stick-meta":"","header-main-stick-meta":"","header-below-stick-meta":"","astra-migrate-meta-layouts":"set","ast-page-background-enabled":"default","ast-page-background-meta":{"desktop":{"background-color":"var(--ast-global-color-4)","background-image":"","background-repeat":"repeat","background-position":"center center","background-size":"auto","background-attachment":"scroll","background-type":"","background-media":"","overlay-type":"","overlay-color":"","overlay-opacity":"","overlay-gradient":""},"tablet":{"background-color":"","background-image":"","background-repeat":"repeat","background-position":"center center","background-size":"auto","background-attachment":"scroll","background-type":"","background-media":"","overlay-type":"","overlay-color":"","overlay-opacity":"","overlay-gradient":""},"mobile":{"background-color":"","background-image":"","background-repeat":"repeat","background-position":"center center","background-size":"auto","background-attachment":"scroll","background-type":"","background-media":"","overlay-type":"","overlay-color":"","overlay-opacity":"","overlay-gradient":""}},"ast-content-background-meta":{"desktop":{"background-color":"var(--ast-global-color-5)","background-image":"","background-repeat":"repeat","background-position":"center center","background-size":"auto","background-attachment":"scroll","background-type":"","background-media":"","overlay-type":"","overlay-color":"","overlay-opacity":"","overlay-gradient":""},"tablet":{"background-color":"var(--ast-global-color-5)","background-image":"","background-repeat":"repeat","background-position":"center center","background-size":"auto","background-attachment":"scroll","background-type":"","background-media":"","overlay-type":"","overlay-color":"","overlay-opacity":"","overlay-gradient":""},"mobile":{"background-color":"var(--ast-global-color-5)","background-image":"","background-repeat":"repeat","background-position":"center center","background-size":"auto","background-attachment":"scroll","background-type":"","background-media":"","overlay-type":"","overlay-color":"","overlay-opacity":"","overlay-gradient":""}},"_joinchat":[]},"product_brand":[],"product_cat":[99],"product_tag":[],"class_list":{"0":"post-6056","1":"product","2":"type-product","3":"status-publish","4":"has-post-thumbnail","6":"product_cat-korfez-urunleri","7":"desktop-align-left","8":"tablet-align-left","9":"mobile-align-left","11":"first","12":"instock","13":"shipping-taxable","14":"product-type-simple"},"yoast_head":"<!-- This site is optimized with the Yoast SEO plugin v27.1.1 - https:\/\/yoast.com\/product\/yoast-seo-wordpress\/ -->\n<title>FULMIC-K: H\u00fcmik ve Fulvik Asitler \u0130\u00e7eren Organik G\u00fcbre - bimco international<\/title>\n<meta name=\"description\" content=\"BIMCO International&#039;dan FULMIC-K: H\u00fcmik, Fulvik asitler ve Potasyum a\u00e7\u0131s\u0131ndan zengin organik g\u00fcbre. Toprak verimlili\u011fini, besin emilimini ve k\u00f6k b\u00fcy\u00fcmesini k\u00fcresel olarak optimum verim i\u00e7in art\u0131r\u0131r.\" \/>\n<meta name=\"robots\" content=\"index, follow, max-snippet:-1, max-image-preview:large, max-video-preview:-1\" \/>\n<link rel=\"canonical\" href=\"https:\/\/bimcointernational.com\/tr\/urun\/bimco-fulmic-k-organic-fertilizer\/\" \/>\n<meta property=\"og:locale\" content=\"tr_TR\" \/>\n<meta property=\"og:type\" content=\"article\" \/>\n<meta property=\"og:title\" content=\"FULMIC-K: H\u00fcmik ve Fulvik Asitler \u0130\u00e7eren Organik G\u00fcbre - bimco international\" \/>\n<meta property=\"og:description\" content=\"BIMCO International&#039;dan FULMIC-K: H\u00fcmik, Fulvik asitler ve Potasyum a\u00e7\u0131s\u0131ndan zengin organik g\u00fcbre. Toprak verimlili\u011fini, besin emilimini ve k\u00f6k b\u00fcy\u00fcmesini k\u00fcresel olarak optimum verim i\u00e7in art\u0131r\u0131r.\" \/>\n<meta property=\"og:url\" content=\"https:\/\/bimcointernational.com\/tr\/urun\/bimco-fulmic-k-organic-fertilizer\/\" \/>\n<meta property=\"og:site_name\" content=\"bimco international\" \/>\n<meta property=\"article:publisher\" content=\"https:\/\/www.facebook.com\/B9K9T\" \/>\n<meta property=\"article:modified_time\" content=\"2025-07-20T12:16:24+00:00\" \/>\n<meta property=\"og:image\" content=\"https:\/\/bimcointernational.com\/wp-content\/uploads\/2025\/07\/FULMIC-K.png\" \/>\n\t<meta property=\"og:image:width\" content=\"1500\" \/>\n\t<meta property=\"og:image:height\" content=\"1500\" \/>\n\t<meta property=\"og:image:type\" content=\"image\/png\" \/>\n<meta name=\"twitter:card\" content=\"summary_large_image\" \/>\n<meta name=\"twitter:label1\" content=\"Tahmini okuma s\u00fcresi\" \/>\n\t<meta name=\"twitter:data1\" content=\"2 dakika\" \/>\n<script type=\"application\/ld+json\" class=\"yoast-schema-graph\">{\"@context\":\"https:\/\/schema.org\",\"@graph\":[{\"@type\":\"WebPage\",\"@id\":\"https:\/\/bimcointernational.com\/tr\/urun\/bimco-fulmic-k-organic-fertilizer\/\",\"url\":\"https:\/\/bimcointernational.com\/tr\/urun\/bimco-fulmic-k-organic-fertilizer\/\",\"name\":\"FULMIC-K: H\u00fcmik ve Fulvik Asitler \u0130\u00e7eren Organik G\u00fcbre - bimco international\",\"isPartOf\":{\"@id\":\"https:\/\/bimcointernational.com\/tr\/#website\"},\"primaryImageOfPage\":{\"@id\":\"https:\/\/bimcointernational.com\/tr\/urun\/bimco-fulmic-k-organic-fertilizer\/#primaryimage\"},\"image\":{\"@id\":\"https:\/\/bimcointernational.com\/tr\/urun\/bimco-fulmic-k-organic-fertilizer\/#primaryimage\"},\"thumbnailUrl\":\"https:\/\/bimcointernational.com\/wp-content\/uploads\/2025\/07\/FULMIC-K.png\",\"datePublished\":\"2025-07-20T12:06:18+00:00\",\"dateModified\":\"2025-07-20T12:16:24+00:00\",\"description\":\"BIMCO International'dan FULMIC-K: H\u00fcmik, Fulvik asitler ve Potasyum a\u00e7\u0131s\u0131ndan zengin organik g\u00fcbre. Toprak verimlili\u011fini, besin emilimini ve k\u00f6k b\u00fcy\u00fcmesini k\u00fcresel olarak optimum verim i\u00e7in art\u0131r\u0131r.\",\"breadcrumb\":{\"@id\":\"https:\/\/bimcointernational.com\/tr\/urun\/bimco-fulmic-k-organic-fertilizer\/#breadcrumb\"},\"inLanguage\":\"tr\",\"potentialAction\":[{\"@type\":\"ReadAction\",\"target\":[\"https:\/\/bimcointernational.com\/tr\/urun\/bimco-fulmic-k-organic-fertilizer\/\"]}]},{\"@type\":\"ImageObject\",\"inLanguage\":\"tr\",\"@id\":\"https:\/\/bimcointernational.com\/tr\/urun\/bimco-fulmic-k-organic-fertilizer\/#primaryimage\",\"url\":\"https:\/\/bimcointernational.com\/wp-content\/uploads\/2025\/07\/FULMIC-K.png\",\"contentUrl\":\"https:\/\/bimcointernational.com\/wp-content\/uploads\/2025\/07\/FULMIC-K.png\",\"width\":1500,\"height\":1500,\"caption\":\"FULMIC-K: Organic fertilizer for healthy soil and thriving crops.\"},{\"@type\":\"BreadcrumbList\",\"@id\":\"https:\/\/bimcointernational.com\/tr\/urun\/bimco-fulmic-k-organic-fertilizer\/#breadcrumb\",\"itemListElement\":[{\"@type\":\"ListItem\",\"position\":1,\"name\":\"Home\",\"item\":\"https:\/\/bimcointernational.com\/tr\/\"},{\"@type\":\"ListItem\",\"position\":2,\"name\":\"\u00dcr\u00fcnlerimiz\",\"item\":\"https:\/\/bimcointernational.com\/tr\/urunlerimiz\/\"},{\"@type\":\"ListItem\",\"position\":3,\"name\":\"FULMIC-K\"}]},{\"@type\":\"WebSite\",\"@id\":\"https:\/\/bimcointernational.com\/tr\/#website\",\"url\":\"https:\/\/bimcointernational.com\/tr\/\",\"name\":\"bimco international\",\"description\":\"\u0634\u0631\u0643\u0629 \u0628\u064a\u0645\u0643\u0648 \u0627\u0644\u0643\u064a\u0645\u064a\u0627\u0626\u064a\u0629 \u0644\u0635\u0646\u0627\u0639\u0629 \u0627\u0644\u0645\u0628\u064a\u062f\u0627\u062a \u0648\u0627\u0644\u0623\u0633\u0645\u062f\u0629 \u0639\u0627\u0644\u064a\u0629 \u0627\u0644\u062c\u0648\u062f\u0629 35 \u0639\u0627\u0645\u0627 \u0645\u0646 \u0627\u0644\u062e\u0628\u0631\u0629 \u0646\u0636\u0639\u0647\u0627 \u0628\u064a\u0646 \u0623\u064a\u062f\u064a\u0643\u0645\",\"publisher\":{\"@id\":\"https:\/\/bimcointernational.com\/tr\/#organization\"},\"potentialAction\":[{\"@type\":\"SearchAction\",\"target\":{\"@type\":\"EntryPoint\",\"urlTemplate\":\"https:\/\/bimcointernational.com\/tr\/?s={search_term_string}\"},\"query-input\":{\"@type\":\"PropertyValueSpecification\",\"valueRequired\":true,\"valueName\":\"search_term_string\"}}],\"inLanguage\":\"tr\"},{\"@type\":\"Organization\",\"@id\":\"https:\/\/bimcointernational.com\/tr\/#organization\",\"name\":\"bimco international\",\"url\":\"https:\/\/bimcointernational.com\/tr\/\",\"logo\":{\"@type\":\"ImageObject\",\"inLanguage\":\"tr\",\"@id\":\"https:\/\/bimcointernational.com\/tr\/#\/schema\/logo\/image\/\",\"url\":\"https:\/\/bimcointernational.com\/wp-content\/uploads\/2023\/03\/bimco-international.png\",\"contentUrl\":\"https:\/\/bimcointernational.com\/wp-content\/uploads\/2023\/03\/bimco-international.png\",\"width\":1000,\"height\":283,\"caption\":\"bimco international\"},\"image\":{\"@id\":\"https:\/\/bimcointernational.com\/tr\/#\/schema\/logo\/image\/\"},\"sameAs\":[\"https:\/\/www.facebook.com\/B9K9T\",\"https:\/\/www.instagram.com\/bimcokimya\/\"]}]}<\/script>\n<!-- \/ Yoast SEO plugin. -->","yoast_head_json":{"title":"FULMIC-K: H\u00fcmik ve Fulvik Asitler \u0130\u00e7eren Organik G\u00fcbre - bimco international","description":"BIMCO International'dan FULMIC-K: H\u00fcmik, Fulvik asitler ve Potasyum a\u00e7\u0131s\u0131ndan zengin organik g\u00fcbre. Toprak verimlili\u011fini, besin emilimini ve k\u00f6k b\u00fcy\u00fcmesini k\u00fcresel olarak optimum verim i\u00e7in art\u0131r\u0131r.","robots":{"index":"index","follow":"follow","max-snippet":"max-snippet:-1","max-image-preview":"max-image-preview:large","max-video-preview":"max-video-preview:-1"},"canonical":"https:\/\/bimcointernational.com\/tr\/urun\/bimco-fulmic-k-organic-fertilizer\/","og_locale":"tr_TR","og_type":"article","og_title":"FULMIC-K: H\u00fcmik ve Fulvik Asitler \u0130\u00e7eren Organik G\u00fcbre - bimco international","og_description":"BIMCO International'dan FULMIC-K: H\u00fcmik, Fulvik asitler ve Potasyum a\u00e7\u0131s\u0131ndan zengin organik g\u00fcbre. Toprak verimlili\u011fini, besin emilimini ve k\u00f6k b\u00fcy\u00fcmesini k\u00fcresel olarak optimum verim i\u00e7in art\u0131r\u0131r.","og_url":"https:\/\/bimcointernational.com\/tr\/urun\/bimco-fulmic-k-organic-fertilizer\/","og_site_name":"bimco international","article_publisher":"https:\/\/www.facebook.com\/B9K9T","article_modified_time":"2025-07-20T12:16:24+00:00","og_image":[{"width":1500,"height":1500,"url":"https:\/\/bimcointernational.com\/wp-content\/uploads\/2025\/07\/FULMIC-K.png","type":"image\/png"}],"twitter_card":"summary_large_image","twitter_misc":{"Tahmini okuma s\u00fcresi":"2 dakika"},"schema":{"@context":"https:\/\/schema.org","@graph":[{"@type":"WebPage","@id":"https:\/\/bimcointernational.com\/tr\/urun\/bimco-fulmic-k-organic-fertilizer\/","url":"https:\/\/bimcointernational.com\/tr\/urun\/bimco-fulmic-k-organic-fertilizer\/","name":"FULMIC-K: H\u00fcmik ve Fulvik Asitler \u0130\u00e7eren Organik G\u00fcbre - bimco international","isPartOf":{"@id":"https:\/\/bimcointernational.com\/tr\/#website"},"primaryImageOfPage":{"@id":"https:\/\/bimcointernational.com\/tr\/urun\/bimco-fulmic-k-organic-fertilizer\/#primaryimage"},"image":{"@id":"https:\/\/bimcointernational.com\/tr\/urun\/bimco-fulmic-k-organic-fertilizer\/#primaryimage"},"thumbnailUrl":"https:\/\/bimcointernational.com\/wp-content\/uploads\/2025\/07\/FULMIC-K.png","datePublished":"2025-07-20T12:06:18+00:00","dateModified":"2025-07-20T12:16:24+00:00","description":"BIMCO International'dan FULMIC-K: H\u00fcmik, Fulvik asitler ve Potasyum a\u00e7\u0131s\u0131ndan zengin organik g\u00fcbre. Toprak verimlili\u011fini, besin emilimini ve k\u00f6k b\u00fcy\u00fcmesini k\u00fcresel olarak optimum verim i\u00e7in art\u0131r\u0131r.","breadcrumb":{"@id":"https:\/\/bimcointernational.com\/tr\/urun\/bimco-fulmic-k-organic-fertilizer\/#breadcrumb"},"inLanguage":"tr","potentialAction":[{"@type":"ReadAction","target":["https:\/\/bimcointernational.com\/tr\/urun\/bimco-fulmic-k-organic-fertilizer\/"]}]},{"@type":"ImageObject","inLanguage":"tr","@id":"https:\/\/bimcointernational.com\/tr\/urun\/bimco-fulmic-k-organic-fertilizer\/#primaryimage","url":"https:\/\/bimcointernational.com\/wp-content\/uploads\/2025\/07\/FULMIC-K.png","contentUrl":"https:\/\/bimcointernational.com\/wp-content\/uploads\/2025\/07\/FULMIC-K.png","width":1500,"height":1500,"caption":"FULMIC-K: Organic fertilizer for healthy soil and thriving crops."},{"@type":"BreadcrumbList","@id":"https:\/\/bimcointernational.com\/tr\/urun\/bimco-fulmic-k-organic-fertilizer\/#breadcrumb","itemListElement":[{"@type":"ListItem","position":1,"name":"Home","item":"https:\/\/bimcointernational.com\/tr\/"},{"@type":"ListItem","position":2,"name":"\u00dcr\u00fcnlerimiz","item":"https:\/\/bimcointernational.com\/tr\/urunlerimiz\/"},{"@type":"ListItem","position":3,"name":"FULMIC-K"}]},{"@type":"WebSite","@id":"https:\/\/bimcointernational.com\/tr\/#website","url":"https:\/\/bimcointernational.com\/tr\/","name":"bimco international","description":"\u0634\u0631\u0643\u0629 \u0628\u064a\u0645\u0643\u0648 \u0627\u0644\u0643\u064a\u0645\u064a\u0627\u0626\u064a\u0629 \u0644\u0635\u0646\u0627\u0639\u0629 \u0627\u0644\u0645\u0628\u064a\u062f\u0627\u062a \u0648\u0627\u0644\u0623\u0633\u0645\u062f\u0629 \u0639\u0627\u0644\u064a\u0629 \u0627\u0644\u062c\u0648\u062f\u0629 35 \u0639\u0627\u0645\u0627 \u0645\u0646 \u0627\u0644\u062e\u0628\u0631\u0629 \u0646\u0636\u0639\u0647\u0627 \u0628\u064a\u0646 \u0623\u064a\u062f\u064a\u0643\u0645","publisher":{"@id":"https:\/\/bimcointernational.com\/tr\/#organization"},"potentialAction":[{"@type":"SearchAction","target":{"@type":"EntryPoint","urlTemplate":"https:\/\/bimcointernational.com\/tr\/?s={search_term_string}"},"query-input":{"@type":"PropertyValueSpecification","valueRequired":true,"valueName":"search_term_string"}}],"inLanguage":"tr"},{"@type":"Organization","@id":"https:\/\/bimcointernational.com\/tr\/#organization","name":"bimco international","url":"https:\/\/bimcointernational.com\/tr\/","logo":{"@type":"ImageObject","inLanguage":"tr","@id":"https:\/\/bimcointernational.com\/tr\/#\/schema\/logo\/image\/","url":"https:\/\/bimcointernational.com\/wp-content\/uploads\/2023\/03\/bimco-international.png","contentUrl":"https:\/\/bimcointernational.com\/wp-content\/uploads\/2023\/03\/bimco-international.png","width":1000,"height":283,"caption":"bimco international"},"image":{"@id":"https:\/\/bimcointernational.com\/tr\/#\/schema\/logo\/image\/"},"sameAs":["https:\/\/www.facebook.com\/B9K9T","https:\/\/www.instagram.com\/bimcokimya\/"]}]}},"jetpack_sharing_enabled":true,"_links":{"self":[{"href":"https:\/\/bimcointernational.com\/tr\/wp-json\/wp\/v2\/product\/6056","targetHints":{"allow":["GET"]}}],"collection":[{"href":"https:\/\/bimcointernational.com\/tr\/wp-json\/wp\/v2\/product"}],"about":[{"href":"https:\/\/bimcointernational.com\/tr\/wp-json\/wp\/v2\/types\/product"}],"replies":[{"embeddable":true,"href":"https:\/\/bimcointernational.com\/tr\/wp-json\/wp\/v2\/comments?post=6056"}],"wp:featuredmedia":[{"embeddable":true,"href":"https:\/\/bimcointernational.com\/tr\/wp-json\/wp\/v2\/media\/6054"}],"wp:attachment":[{"href":"https:\/\/bimcointernational.com\/tr\/wp-json\/wp\/v2\/media?parent=6056"}],"wp:term":[{"taxonomy":"product_brand","embeddable":true,"href":"https:\/\/bimcointernational.com\/tr\/wp-json\/wp\/v2\/product_brand?post=6056"},{"taxonomy":"product_cat","embeddable":true,"href":"https:\/\/bimcointernational.com\/tr\/wp-json\/wp\/v2\/product_cat?post=6056"},{"taxonomy":"product_tag","embeddable":true,"href":"https:\/\/bimcointernational.com\/tr\/wp-json\/wp\/v2\/product_tag?post=6056"}],"curies":[{"name":"wp","href":"https:\/\/api.w.org\/{rel}","templated":true}]}}