{"id":6037,"date":"2025-07-20T11:03:32","date_gmt":"2025-07-20T11:03:32","guid":{"rendered":"https:\/\/bimcointernational.com\/product\/bimco-anti-salt-soil-salinity-reducer\/"},"modified":"2025-07-20T11:24:11","modified_gmt":"2025-07-20T11:24:11","slug":"bimco-anti-salt-soil-salinity-reducer","status":"publish","type":"product","link":"https:\/\/bimcointernational.com\/tr\/urun\/bimco-anti-salt-soil-salinity-reducer\/","title":{"rendered":"ANTI SALT"},"content":{"rendered":"<h1><span style=\"color: #99cc00;\"><strong>ANTI SALT: Karboksilik Asitler ve Kalsiyum \u0130\u00e7eren Organik G\u00fcbre Tuzlulu\u011fu Azalt\u0131r<\/strong><\/span><\/h1>\n<p>Tuzluluktan etkilenen tar\u0131m b\u00f6lgelerinde toprak ve bitki sa\u011fl\u0131\u011f\u0131n\u0131 korumak b\u00fcy\u00fck bir zorluktur. <span style=\"color: #99cc00;\"><strong>BIMCO International<\/strong><\/span>, toprak tuzlulu\u011funu azaltmak ve bitki fizyolojisini iyile\u015ftirmek i\u00e7in \u00f6zel olarak tasarlanm\u0131\u015f e\u015fsiz bir organik g\u00fcbre olan <span style=\"color: #99cc00;\"><strong>ANTI SALT<\/strong><\/span>&#8216;\u0131 sunar; d\u00fcnya genelinde \u00fcz\u00fcm, \u00e7ilek, domates ve hurma gibi tuzlu ko\u015fullara maruz kalan meyve mahsulleri i\u00e7in \u00f6zellikle etkilidir.<\/p>\n<h2><span style=\"color: #99cc00;\"><strong>ANTI SALT&#8217;\u0131n Temel \u00d6zellikleri ve Ba\u015fl\u0131ca Faydalar\u0131:<\/strong><\/span><\/h2>\n<ul>\n<li><strong>Toprak Tuzlulu\u011funu Azalt\u0131r:<\/strong> ANTI SALT, topraktaki tuzluluk seviyelerini d\u00fc\u015f\u00fcrerek k\u00f6k geli\u015fimi ve besin emilimi i\u00e7in daha iyi bir ortam sa\u011flar.<\/li>\n<li><strong>Bitki Fizyolojisini \u0130yile\u015ftirir:<\/strong> Tuzlulu\u011fun neden oldu\u011fu stresi yenmek i\u00e7in bitkilerin fizyolojik tepkilerini iyile\u015ftirmeye yard\u0131mc\u0131 olur, canl\u0131l\u0131klar\u0131n\u0131 ve \u00fcretkenliklerini art\u0131r\u0131r.<\/li>\n<li><strong>Tuzlu Meyveleri Destekler:<\/strong> Tuzlu ko\u015fullarda yeti\u015ftirilen \u00fcz\u00fcm, \u00e7ilek, domates ve hurma gibi meyvelerin sa\u011fl\u0131\u011f\u0131n\u0131 ve \u00fcretkenli\u011fini desteklemek i\u00e7in \u00f6zel olarak tasarlanm\u0131\u015ft\u0131r, \u00fcr\u00fcn kalitesini g\u00fcvence alt\u0131na al\u0131r.<\/li>\n<li><strong>Etkili Bile\u015fenler:<\/strong> Besin emilimini iyile\u015ftiren Karboksilik Asitler ve h\u00fccre duvarlar\u0131n\u0131 g\u00fc\u00e7lendiren, bitkinin strese kar\u015f\u0131 direncini art\u0131ran Kalsiyum i\u00e7erir.<\/li>\n<\/ul>\n<h2><span style=\"color: #99cc00;\"><strong>Bile\u015fenler (A\/H%):<\/strong><\/span><\/h2>\n<table style=\"width: 100%; border-collapse: collapse; text-align: center;\">\n<thead>\n<tr>\n<th style=\"border: 1px solid #ddd; padding: 8px; background-color: #8bc34a;\"><span style=\"color: #ffffff;\">Bile\u015fen<\/span><\/th>\n<th style=\"1px solid #ddd; padding: 8px; background-color: #8bc34a;\"><span style=\"color: #ffffff;\">A\/H%<\/span><\/th>\n<th style=\"border: 1px solid #ddd; padding: 8px; background-color: #8bc34a;\"><span style=\"color: #ffffff;\">Kaynak<\/span><\/th>\n<\/tr>\n<\/thead>\n<tbody>\n<tr>\n<td style=\"border: 1px solid #ddd; padding: 8px;\">Azot (N): Toplam Azot N<\/td>\n<td style=\"border: 1px solid #ddd; padding: 8px;\">%12<\/td>\n<td style=\"border: 1px solid #ddd; padding: 8px;\">Kalsiyum Nitrat %6, \u00dcre %6<\/td>\n<\/tr>\n<tr>\n<td style=\"border: 1px solid #ddd; padding: 8px;\">Kalsiyum (CaO)<\/td>\n<td style=\"border: 1px solid #ddd; padding: 8px;\">%12<\/td>\n<td style=\"border: 1px solid #ddd; padding: 8px;\">Kalsiyum Nitrat, Kalsiyum Lignos\u00fclfonat<\/td>\n<\/tr>\n<\/tbody>\n<\/table>\n<h2><span style=\"color: #99cc00;\"><strong>Uygulama Oran\u0131:<\/strong><\/span><\/h2>\n<p><span style=\"color: #99cc00;\">ANTI SALT<\/span> t\u00fcm mahsul t\u00fcrleri, sebzeler ve meyve a\u011fa\u00e7lar\u0131nda kullan\u0131l\u0131r:<\/p>\n<ul>\n<li><span style=\"color: #99cc00;\">Yaprak p\u00fcsk\u00fcrtme:<\/span> 300 &#8211; 500 ml \/ 200 litre su.<\/li>\n<li><span style=\"color: #99cc00;\">Sulama suyu ile:<\/span> Mahsul\u00fcn boyutuna, do\u011fas\u0131na ve t\u00fcr\u00fcne g\u00f6re 1 &#8211; 1.5 litre \/ dekar.<\/li>\n<\/ul>\n<h2><span style=\"color: #99cc00;\"><strong>Uyumluluk:<\/strong><\/span><\/h2>\n<p>G\u00fcbre, di\u011fer \u00e7o\u011fu g\u00fcbre ile kar\u0131\u015ft\u0131r\u0131labilir. Tam uyumlulu\u011fu sa\u011flamak i\u00e7in do\u011frudan kullan\u0131mdan \u00f6nce her zaman k\u00fc\u00e7\u00fck bir test yap\u0131lmas\u0131 \u00f6nerilir.<\/p>\n<p>Tuzlulu\u011fun etkisini azaltmak ve mahsul sa\u011fl\u0131\u011f\u0131n\u0131z\u0131 iyile\u015ftirmek i\u00e7in BIMCO International&#8217;dan <span style=\"color: #99cc00;\">ANTI SALT<\/span>&#8216;\u0131 se\u00e7in. <span style=\"color: #99cc00;\"><a style=\"color: #99cc00;\" href=\"https:\/\/api.whatsapp.com\/send\/?phone=908503096351&amp;text=%D9%85%D8%B1%D8%AD%D8%A8%D8%A7%D9%8B+%D8%A7%D8%B1%D9%8A%D8%AF+%D8%A7%D9%84%D8%A5%D8%B3%D8%AA%D9%81%D8%B3%D8%A7%D8%B1+%D8%B9%D9%86+%D9%87%D8%B0%D8%A0+%D8%A7%D9%84%D9%85%D9%86%D8%AA%D8%AC%0A%0A%0A%0Ahttps%3A%2F%2Fbimcointernational.com%2F&amp;type=phone_number&amp;app_absent=0\" target=\"_blank\" rel=\"noopener\">Daha fazla bilgi edinmek i\u00e7in bug\u00fcn WhatsApp arac\u0131l\u0131\u011f\u0131yla bize ula\u015f\u0131n<\/a>.<\/span><\/p>\n","protected":false},"excerpt":{"rendered":"<p><span style=\"color: #99cc00;\"><b>ANTI SALT:<\/b><\/span> BIMCO International&#8217;\u0131n organik g\u00fcbresidir. Toprak tuzlulu\u011funu azalt\u0131r, bitki ve meyve fizyolojisini iyile\u015ftirir ve tuzlu ko\u015fullarda k\u00fcresel mahsul sa\u011fl\u0131\u011f\u0131n\u0131 ve kalitesini destekler.<\/p>\n","protected":false},"featured_media":6035,"comment_status":"open","ping_status":"closed","template":"","meta":{"_eb_attr":"","site-sidebar-layout":"default","site-content-layout":"","ast-site-content-layout":"default","site-content-style":"default","site-sidebar-style":"default","ast-global-header-display":"","ast-banner-title-visibility":"","ast-main-header-display":"","ast-hfb-above-header-display":"","ast-hfb-below-header-display":"","ast-hfb-mobile-header-display":"","site-post-title":"","ast-breadcrumbs-content":"","ast-featured-img":"","footer-sml-layout":"","ast-disable-related-posts":"","theme-transparent-header-meta":"default","adv-header-id-meta":"","stick-header-meta":"","header-above-stick-meta":"","header-main-stick-meta":"","header-below-stick-meta":"","astra-migrate-meta-layouts":"set","ast-page-background-enabled":"default","ast-page-background-meta":{"desktop":{"background-color":"var(--ast-global-color-4)","background-image":"","background-repeat":"repeat","background-position":"center center","background-size":"auto","background-attachment":"scroll","background-type":"","background-media":"","overlay-type":"","overlay-color":"","overlay-opacity":"","overlay-gradient":""},"tablet":{"background-color":"","background-image":"","background-repeat":"repeat","background-position":"center center","background-size":"auto","background-attachment":"scroll","background-type":"","background-media":"","overlay-type":"","overlay-color":"","overlay-opacity":"","overlay-gradient":""},"mobile":{"background-color":"","background-image":"","background-repeat":"repeat","background-position":"center center","background-size":"auto","background-attachment":"scroll","background-type":"","background-media":"","overlay-type":"","overlay-color":"","overlay-opacity":"","overlay-gradient":""}},"ast-content-background-meta":{"desktop":{"background-color":"var(--ast-global-color-5)","background-image":"","background-repeat":"repeat","background-position":"center center","background-size":"auto","background-attachment":"scroll","background-type":"","background-media":"","overlay-type":"","overlay-color":"","overlay-opacity":"","overlay-gradient":""},"tablet":{"background-color":"var(--ast-global-color-5)","background-image":"","background-repeat":"repeat","background-position":"center center","background-size":"auto","background-attachment":"scroll","background-type":"","background-media":"","overlay-type":"","overlay-color":"","overlay-opacity":"","overlay-gradient":""},"mobile":{"background-color":"var(--ast-global-color-5)","background-image":"","background-repeat":"repeat","background-position":"center center","background-size":"auto","background-attachment":"scroll","background-type":"","background-media":"","overlay-type":"","overlay-color":"","overlay-opacity":"","overlay-gradient":""}},"_joinchat":[]},"product_brand":[],"product_cat":[99],"product_tag":[],"class_list":{"0":"post-6037","1":"product","2":"type-product","3":"status-publish","4":"has-post-thumbnail","6":"product_cat-korfez-urunleri","7":"desktop-align-left","8":"tablet-align-left","9":"mobile-align-left","11":"first","12":"instock","13":"shipping-taxable","14":"product-type-simple"},"yoast_head":"<!-- This site is optimized with the Yoast SEO plugin v27.4 - https:\/\/yoast.com\/product\/yoast-seo-wordpress\/ -->\n<title>ANTI SALT: Karboksilik Asitler ve Kalsiyum \u0130\u00e7eren Organik G\u00fcbre Tuzlulu\u011fu Azalt\u0131r - bimco international<\/title>\n<meta name=\"description\" content=\"ANTI SALT: Toprak tuzlulu\u011funu azaltan ve bitki\/meyve fizyolojisini iyile\u015ftiren organik g\u00fcbre. K\u00fcresel olarak mahsulleri korumak ve verimi art\u0131rmak i\u00e7in idealdir.\" \/>\n<meta name=\"robots\" content=\"index, follow, max-snippet:-1, max-image-preview:large, max-video-preview:-1\" \/>\n<link rel=\"canonical\" href=\"https:\/\/bimcointernational.com\/tr\/urun\/bimco-anti-salt-soil-salinity-reducer\/\" \/>\n<meta property=\"og:locale\" content=\"tr_TR\" \/>\n<meta property=\"og:type\" content=\"article\" \/>\n<meta property=\"og:title\" content=\"ANTI SALT: Karboksilik Asitler ve Kalsiyum \u0130\u00e7eren Organik G\u00fcbre Tuzlulu\u011fu Azalt\u0131r - bimco international\" \/>\n<meta property=\"og:description\" content=\"ANTI SALT: Toprak tuzlulu\u011funu azaltan ve bitki\/meyve fizyolojisini iyile\u015ftiren organik g\u00fcbre. K\u00fcresel olarak mahsulleri korumak ve verimi art\u0131rmak i\u00e7in idealdir.\" \/>\n<meta property=\"og:url\" content=\"https:\/\/bimcointernational.com\/tr\/urun\/bimco-anti-salt-soil-salinity-reducer\/\" \/>\n<meta property=\"og:site_name\" content=\"bimco international\" \/>\n<meta property=\"article:publisher\" content=\"https:\/\/www.facebook.com\/B9K9T\" \/>\n<meta property=\"article:modified_time\" content=\"2025-07-20T11:24:11+00:00\" \/>\n<meta property=\"og:image\" content=\"https:\/\/bimcointernational.com\/wp-content\/uploads\/2025\/07\/ANTI-SALT.png\" \/>\n\t<meta property=\"og:image:width\" content=\"1500\" \/>\n\t<meta property=\"og:image:height\" content=\"1500\" \/>\n\t<meta property=\"og:image:type\" content=\"image\/png\" \/>\n<meta name=\"twitter:card\" content=\"summary_large_image\" \/>\n<meta name=\"twitter:label1\" content=\"Tahmini okuma s\u00fcresi\" \/>\n\t<meta name=\"twitter:data1\" content=\"2 dakika\" \/>\n<script type=\"application\/ld+json\" class=\"yoast-schema-graph\">{\"@context\":\"https:\\\/\\\/schema.org\",\"@graph\":[{\"@type\":\"WebPage\",\"@id\":\"https:\\\/\\\/bimcointernational.com\\\/tr\\\/urun\\\/bimco-anti-salt-soil-salinity-reducer\\\/\",\"url\":\"https:\\\/\\\/bimcointernational.com\\\/tr\\\/urun\\\/bimco-anti-salt-soil-salinity-reducer\\\/\",\"name\":\"ANTI SALT: Karboksilik Asitler ve Kalsiyum \u0130\u00e7eren Organik G\u00fcbre Tuzlulu\u011fu Azalt\u0131r - bimco international\",\"isPartOf\":{\"@id\":\"https:\\\/\\\/bimcointernational.com\\\/tr\\\/#website\"},\"primaryImageOfPage\":{\"@id\":\"https:\\\/\\\/bimcointernational.com\\\/tr\\\/urun\\\/bimco-anti-salt-soil-salinity-reducer\\\/#primaryimage\"},\"image\":{\"@id\":\"https:\\\/\\\/bimcointernational.com\\\/tr\\\/urun\\\/bimco-anti-salt-soil-salinity-reducer\\\/#primaryimage\"},\"thumbnailUrl\":\"https:\\\/\\\/bimcointernational.com\\\/wp-content\\\/uploads\\\/2025\\\/07\\\/ANTI-SALT.png\",\"datePublished\":\"2025-07-20T11:03:32+00:00\",\"dateModified\":\"2025-07-20T11:24:11+00:00\",\"description\":\"ANTI SALT: Toprak tuzlulu\u011funu azaltan ve bitki\\\/meyve fizyolojisini iyile\u015ftiren organik g\u00fcbre. K\u00fcresel olarak mahsulleri korumak ve verimi art\u0131rmak i\u00e7in idealdir.\",\"breadcrumb\":{\"@id\":\"https:\\\/\\\/bimcointernational.com\\\/tr\\\/urun\\\/bimco-anti-salt-soil-salinity-reducer\\\/#breadcrumb\"},\"inLanguage\":\"tr\",\"potentialAction\":[{\"@type\":\"ReadAction\",\"target\":[\"https:\\\/\\\/bimcointernational.com\\\/tr\\\/urun\\\/bimco-anti-salt-soil-salinity-reducer\\\/\"]}]},{\"@type\":\"ImageObject\",\"inLanguage\":\"tr\",\"@id\":\"https:\\\/\\\/bimcointernational.com\\\/tr\\\/urun\\\/bimco-anti-salt-soil-salinity-reducer\\\/#primaryimage\",\"url\":\"https:\\\/\\\/bimcointernational.com\\\/wp-content\\\/uploads\\\/2025\\\/07\\\/ANTI-SALT.png\",\"contentUrl\":\"https:\\\/\\\/bimcointernational.com\\\/wp-content\\\/uploads\\\/2025\\\/07\\\/ANTI-SALT.png\",\"width\":1500,\"height\":1500,\"caption\":\"ANTI SALT: Protects plants and fruits from salinity effects.\"},{\"@type\":\"BreadcrumbList\",\"@id\":\"https:\\\/\\\/bimcointernational.com\\\/tr\\\/urun\\\/bimco-anti-salt-soil-salinity-reducer\\\/#breadcrumb\",\"itemListElement\":[{\"@type\":\"ListItem\",\"position\":1,\"name\":\"Home\",\"item\":\"https:\\\/\\\/bimcointernational.com\\\/tr\\\/\"},{\"@type\":\"ListItem\",\"position\":2,\"name\":\"\u00dcr\u00fcnlerimiz\",\"item\":\"https:\\\/\\\/bimcointernational.com\\\/tr\\\/urunlerimiz\\\/\"},{\"@type\":\"ListItem\",\"position\":3,\"name\":\"ANTI SALT\"}]},{\"@type\":\"WebSite\",\"@id\":\"https:\\\/\\\/bimcointernational.com\\\/tr\\\/#website\",\"url\":\"https:\\\/\\\/bimcointernational.com\\\/tr\\\/\",\"name\":\"bimco international\",\"description\":\"\u0634\u0631\u0643\u0629 \u0628\u064a\u0645\u0643\u0648 \u0627\u0644\u0643\u064a\u0645\u064a\u0627\u0626\u064a\u0629 \u0644\u0635\u0646\u0627\u0639\u0629 \u0627\u0644\u0645\u0628\u064a\u062f\u0627\u062a \u0648\u0627\u0644\u0623\u0633\u0645\u062f\u0629 \u0639\u0627\u0644\u064a\u0629 \u0627\u0644\u062c\u0648\u062f\u0629 35 \u0639\u0627\u0645\u0627 \u0645\u0646 \u0627\u0644\u062e\u0628\u0631\u0629 \u0646\u0636\u0639\u0647\u0627 \u0628\u064a\u0646 \u0623\u064a\u062f\u064a\u0643\u0645\",\"publisher\":{\"@id\":\"https:\\\/\\\/bimcointernational.com\\\/tr\\\/#organization\"},\"potentialAction\":[{\"@type\":\"SearchAction\",\"target\":{\"@type\":\"EntryPoint\",\"urlTemplate\":\"https:\\\/\\\/bimcointernational.com\\\/tr\\\/?s={search_term_string}\"},\"query-input\":{\"@type\":\"PropertyValueSpecification\",\"valueRequired\":true,\"valueName\":\"search_term_string\"}}],\"inLanguage\":\"tr\"},{\"@type\":\"Organization\",\"@id\":\"https:\\\/\\\/bimcointernational.com\\\/tr\\\/#organization\",\"name\":\"bimco international\",\"url\":\"https:\\\/\\\/bimcointernational.com\\\/tr\\\/\",\"logo\":{\"@type\":\"ImageObject\",\"inLanguage\":\"tr\",\"@id\":\"https:\\\/\\\/bimcointernational.com\\\/tr\\\/#\\\/schema\\\/logo\\\/image\\\/\",\"url\":\"https:\\\/\\\/bimcointernational.com\\\/wp-content\\\/uploads\\\/2023\\\/03\\\/bimco-international.png\",\"contentUrl\":\"https:\\\/\\\/bimcointernational.com\\\/wp-content\\\/uploads\\\/2023\\\/03\\\/bimco-international.png\",\"width\":1000,\"height\":283,\"caption\":\"bimco international\"},\"image\":{\"@id\":\"https:\\\/\\\/bimcointernational.com\\\/tr\\\/#\\\/schema\\\/logo\\\/image\\\/\"},\"sameAs\":[\"https:\\\/\\\/www.facebook.com\\\/B9K9T\",\"https:\\\/\\\/www.instagram.com\\\/bimcokimya\\\/\"]}]}<\/script>\n<!-- \/ Yoast SEO plugin. -->","yoast_head_json":{"title":"ANTI SALT: Karboksilik Asitler ve Kalsiyum \u0130\u00e7eren Organik G\u00fcbre Tuzlulu\u011fu Azalt\u0131r - bimco international","description":"ANTI SALT: Toprak tuzlulu\u011funu azaltan ve bitki\/meyve fizyolojisini iyile\u015ftiren organik g\u00fcbre. K\u00fcresel olarak mahsulleri korumak ve verimi art\u0131rmak i\u00e7in idealdir.","robots":{"index":"index","follow":"follow","max-snippet":"max-snippet:-1","max-image-preview":"max-image-preview:large","max-video-preview":"max-video-preview:-1"},"canonical":"https:\/\/bimcointernational.com\/tr\/urun\/bimco-anti-salt-soil-salinity-reducer\/","og_locale":"tr_TR","og_type":"article","og_title":"ANTI SALT: Karboksilik Asitler ve Kalsiyum \u0130\u00e7eren Organik G\u00fcbre Tuzlulu\u011fu Azalt\u0131r - bimco international","og_description":"ANTI SALT: Toprak tuzlulu\u011funu azaltan ve bitki\/meyve fizyolojisini iyile\u015ftiren organik g\u00fcbre. K\u00fcresel olarak mahsulleri korumak ve verimi art\u0131rmak i\u00e7in idealdir.","og_url":"https:\/\/bimcointernational.com\/tr\/urun\/bimco-anti-salt-soil-salinity-reducer\/","og_site_name":"bimco international","article_publisher":"https:\/\/www.facebook.com\/B9K9T","article_modified_time":"2025-07-20T11:24:11+00:00","og_image":[{"width":1500,"height":1500,"url":"https:\/\/bimcointernational.com\/wp-content\/uploads\/2025\/07\/ANTI-SALT.png","type":"image\/png"}],"twitter_card":"summary_large_image","twitter_misc":{"Tahmini okuma s\u00fcresi":"2 dakika"},"schema":{"@context":"https:\/\/schema.org","@graph":[{"@type":"WebPage","@id":"https:\/\/bimcointernational.com\/tr\/urun\/bimco-anti-salt-soil-salinity-reducer\/","url":"https:\/\/bimcointernational.com\/tr\/urun\/bimco-anti-salt-soil-salinity-reducer\/","name":"ANTI SALT: Karboksilik Asitler ve Kalsiyum \u0130\u00e7eren Organik G\u00fcbre Tuzlulu\u011fu Azalt\u0131r - bimco international","isPartOf":{"@id":"https:\/\/bimcointernational.com\/tr\/#website"},"primaryImageOfPage":{"@id":"https:\/\/bimcointernational.com\/tr\/urun\/bimco-anti-salt-soil-salinity-reducer\/#primaryimage"},"image":{"@id":"https:\/\/bimcointernational.com\/tr\/urun\/bimco-anti-salt-soil-salinity-reducer\/#primaryimage"},"thumbnailUrl":"https:\/\/bimcointernational.com\/wp-content\/uploads\/2025\/07\/ANTI-SALT.png","datePublished":"2025-07-20T11:03:32+00:00","dateModified":"2025-07-20T11:24:11+00:00","description":"ANTI SALT: Toprak tuzlulu\u011funu azaltan ve bitki\/meyve fizyolojisini iyile\u015ftiren organik g\u00fcbre. K\u00fcresel olarak mahsulleri korumak ve verimi art\u0131rmak i\u00e7in idealdir.","breadcrumb":{"@id":"https:\/\/bimcointernational.com\/tr\/urun\/bimco-anti-salt-soil-salinity-reducer\/#breadcrumb"},"inLanguage":"tr","potentialAction":[{"@type":"ReadAction","target":["https:\/\/bimcointernational.com\/tr\/urun\/bimco-anti-salt-soil-salinity-reducer\/"]}]},{"@type":"ImageObject","inLanguage":"tr","@id":"https:\/\/bimcointernational.com\/tr\/urun\/bimco-anti-salt-soil-salinity-reducer\/#primaryimage","url":"https:\/\/bimcointernational.com\/wp-content\/uploads\/2025\/07\/ANTI-SALT.png","contentUrl":"https:\/\/bimcointernational.com\/wp-content\/uploads\/2025\/07\/ANTI-SALT.png","width":1500,"height":1500,"caption":"ANTI SALT: Protects plants and fruits from salinity effects."},{"@type":"BreadcrumbList","@id":"https:\/\/bimcointernational.com\/tr\/urun\/bimco-anti-salt-soil-salinity-reducer\/#breadcrumb","itemListElement":[{"@type":"ListItem","position":1,"name":"Home","item":"https:\/\/bimcointernational.com\/tr\/"},{"@type":"ListItem","position":2,"name":"\u00dcr\u00fcnlerimiz","item":"https:\/\/bimcointernational.com\/tr\/urunlerimiz\/"},{"@type":"ListItem","position":3,"name":"ANTI SALT"}]},{"@type":"WebSite","@id":"https:\/\/bimcointernational.com\/tr\/#website","url":"https:\/\/bimcointernational.com\/tr\/","name":"bimco international","description":"\u0634\u0631\u0643\u0629 \u0628\u064a\u0645\u0643\u0648 \u0627\u0644\u0643\u064a\u0645\u064a\u0627\u0626\u064a\u0629 \u0644\u0635\u0646\u0627\u0639\u0629 \u0627\u0644\u0645\u0628\u064a\u062f\u0627\u062a \u0648\u0627\u0644\u0623\u0633\u0645\u062f\u0629 \u0639\u0627\u0644\u064a\u0629 \u0627\u0644\u062c\u0648\u062f\u0629 35 \u0639\u0627\u0645\u0627 \u0645\u0646 \u0627\u0644\u062e\u0628\u0631\u0629 \u0646\u0636\u0639\u0647\u0627 \u0628\u064a\u0646 \u0623\u064a\u062f\u064a\u0643\u0645","publisher":{"@id":"https:\/\/bimcointernational.com\/tr\/#organization"},"potentialAction":[{"@type":"SearchAction","target":{"@type":"EntryPoint","urlTemplate":"https:\/\/bimcointernational.com\/tr\/?s={search_term_string}"},"query-input":{"@type":"PropertyValueSpecification","valueRequired":true,"valueName":"search_term_string"}}],"inLanguage":"tr"},{"@type":"Organization","@id":"https:\/\/bimcointernational.com\/tr\/#organization","name":"bimco international","url":"https:\/\/bimcointernational.com\/tr\/","logo":{"@type":"ImageObject","inLanguage":"tr","@id":"https:\/\/bimcointernational.com\/tr\/#\/schema\/logo\/image\/","url":"https:\/\/bimcointernational.com\/wp-content\/uploads\/2023\/03\/bimco-international.png","contentUrl":"https:\/\/bimcointernational.com\/wp-content\/uploads\/2023\/03\/bimco-international.png","width":1000,"height":283,"caption":"bimco international"},"image":{"@id":"https:\/\/bimcointernational.com\/tr\/#\/schema\/logo\/image\/"},"sameAs":["https:\/\/www.facebook.com\/B9K9T","https:\/\/www.instagram.com\/bimcokimya\/"]}]}},"jetpack_sharing_enabled":true,"_links":{"self":[{"href":"https:\/\/bimcointernational.com\/tr\/wp-json\/wp\/v2\/product\/6037","targetHints":{"allow":["GET"]}}],"collection":[{"href":"https:\/\/bimcointernational.com\/tr\/wp-json\/wp\/v2\/product"}],"about":[{"href":"https:\/\/bimcointernational.com\/tr\/wp-json\/wp\/v2\/types\/product"}],"replies":[{"embeddable":true,"href":"https:\/\/bimcointernational.com\/tr\/wp-json\/wp\/v2\/comments?post=6037"}],"wp:featuredmedia":[{"embeddable":true,"href":"https:\/\/bimcointernational.com\/tr\/wp-json\/wp\/v2\/media\/6035"}],"wp:attachment":[{"href":"https:\/\/bimcointernational.com\/tr\/wp-json\/wp\/v2\/media?parent=6037"}],"wp:term":[{"taxonomy":"product_brand","embeddable":true,"href":"https:\/\/bimcointernational.com\/tr\/wp-json\/wp\/v2\/product_brand?post=6037"},{"taxonomy":"product_cat","embeddable":true,"href":"https:\/\/bimcointernational.com\/tr\/wp-json\/wp\/v2\/product_cat?post=6037"},{"taxonomy":"product_tag","embeddable":true,"href":"https:\/\/bimcointernational.com\/tr\/wp-json\/wp\/v2\/product_tag?post=6037"}],"curies":[{"name":"wp","href":"https:\/\/api.w.org\/{rel}","templated":true}]}}