{"id":6028,"date":"2025-07-20T10:15:26","date_gmt":"2025-07-20T10:15:26","guid":{"rendered":"https:\/\/bimcointernational.com\/product\/bimco-cambor-nitrogen-calcium-magnesium-boron-fertilizer\/"},"modified":"2025-07-20T10:31:29","modified_gmt":"2025-07-20T10:31:29","slug":"bimco-cambor-nitrogen-calcium-magnesium-boron-fertilizer","status":"publish","type":"product","link":"https:\/\/bimcointernational.com\/tr\/urun\/bimco-cambor-nitrogen-calcium-magnesium-boron-fertilizer\/","title":{"rendered":"CAMBOR"},"content":{"rendered":"<h1><span style=\"color: #99cc00;\"><strong>CAMBOR: Azot, Kalsiyum, Magnezyum, Bor ve Organik Madde \u0130\u00e7eren Kimyasal G\u00fcbre<\/strong><\/span><\/h1>\n<p>Mahsullerinizin maksimum b\u00fcy\u00fcme ve \u00fcretim potansiyeline ula\u015fmas\u0131 i\u00e7in makro ve mikro besinlerle dengeli beslenme hayati \u00f6nem ta\u015f\u0131r. <span style=\"color: #99cc00;\"><strong>BIMCO International<\/strong><\/span>, Azot, Kalsiyum, Magnezyum ve Bor&#8217;u bir araya getiren, organik madde eklenmi\u015f, d\u00fcnya genelinde g\u00fc\u00e7l\u00fc b\u00fcy\u00fcme ve y\u00fcksek kaliteli \u00fcretim sa\u011flamak i\u00e7in tasarlanm\u0131\u015f bile\u015fik bir kimyasal g\u00fcbre olan <span style=\"color: #99cc00;\"><strong>CAMBOR<\/strong><\/span>&#8216;u sunar.<\/p>\n<h2><span style=\"color: #99cc00;\"><strong>CAMBOR&#8217;un Temel \u00d6zellikleri ve Ba\u015fl\u0131ca Faydalar\u0131:<\/strong><\/span><\/h2>\n<p><span style=\"color: #99cc00;\">CAMBOR<\/span>, bitki b\u00fcy\u00fcmesini destekleyen temel elementleri sa\u011flayarak kapsaml\u0131 bir bitki b\u00fcy\u00fcme h\u0131zland\u0131r\u0131c\u0131 g\u00f6revi g\u00f6r\u00fcr:<\/p>\n<ul>\n<li><strong>Vejetatif ve K\u00f6k Geli\u015fimini Destekler:<\/strong> Azot, protein sentezine yard\u0131mc\u0131 olur ve yapraklar\u0131n ve g\u00f6vdelerin h\u0131zl\u0131 b\u00fcy\u00fcmesini te\u015fvik ederken, Bor k\u00f6k b\u00fcy\u00fcmesini ve geli\u015fimini destekler.<\/li>\n<li><strong>H\u00fccre Yap\u0131s\u0131n\u0131 ve Meyve Kalitesini G\u00fc\u00e7lendirir:<\/strong> Kalsiyum, h\u00fccre duvarlar\u0131n\u0131n yap\u0131s\u0131na yard\u0131mc\u0131 olarak doku sertli\u011fini art\u0131r\u0131r, meyve kalitesini ve raf \u00f6mr\u00fcn\u00fc iyile\u015ftirir.<\/li>\n<li><strong>Fotosentezi Geli\u015ftirir:<\/strong> Magnezyum, bitkide verimli fotosentez ve enerji \u00fcretimi i\u00e7in gerekli olan klorofil olu\u015fumuna katk\u0131da bulunur.<\/li>\n<li><strong>\u00c7i\u00e7eklenmeyi ve Meyve Tutumunu \u0130yile\u015ftirir:<\/strong> Bor, \u00e7i\u00e7eklenme s\u00fcre\u00e7lerini ve polen olu\u015fumunu destekleyerek meyve tutumu oran\u0131n\u0131 art\u0131r\u0131r ve meyve kalitesini iyile\u015ftirir.<\/li>\n<li><strong>Toprak Verimlili\u011fini Art\u0131r\u0131r:<\/strong> Organik madde, toprak yap\u0131s\u0131n\u0131 iyile\u015ftirmeye ve besin emilimi i\u00e7in ideal bir ortam sa\u011flamaya katk\u0131da bulunur.<\/li>\n<\/ul>\n<h2><span style=\"color: #99cc00;\"><strong>Bile\u015fenler (A\/H%):<\/strong><\/span><\/h2>\n<table style=\"width: 100%; border-collapse: collapse; text-align: center;\">\n<thead>\n<tr>\n<th style=\"border: 1px solid #ddd; padding: 8px; background-color: #8bc34a;\"><span style=\"color: #ffffff;\">Bile\u015fen<\/span><\/th>\n<th style=\"border: 1px solid #ddd; padding: 8px; background-color: #8bc34a;\"><span style=\"color: #ffffff;\">A\/H%<\/span><\/th>\n<th style=\"border: 1px solid #ddd; padding: 8px; background-color: #8bc34a;\"><span style=\"color: #ffffff;\">Kaynak<\/span><\/th>\n<\/tr>\n<\/thead>\n<tbody>\n<tr>\n<td style=\"border: 1px solid #ddd; padding: 8px;\">Toplam Azot (N)<\/td>\n<td style=\"border: 1px solid #ddd; padding: 8px;\">%11<\/td>\n<td style=\"border: 1px solid #ddd; padding: 8px;\">Kalsiyum Nitrat<\/td>\n<\/tr>\n<tr>\n<td style=\"border: 1px solid #ddd; padding: 8px;\">Kalsiyum (CaO)<\/td>\n<td style=\"border: 1px solid #ddd; padding: 8px;\">%17<\/td>\n<td style=\"border: 1px solid #ddd; padding: 8px;\">Kalsiyum Nitrat<\/td>\n<\/tr>\n<tr>\n<td style=\"border: 1px solid #ddd; padding: 8px;\">Magnezyum (MgO)<\/td>\n<td style=\"border: 1px solid #ddd; padding: 8px;\">%2.30<\/td>\n<td style=\"border: 1px solid #ddd; padding: 8px;\">Magnezyum Nitrat<\/td>\n<\/tr>\n<tr>\n<td style=\"border: 1px solid #ddd; padding: 8px;\">Bor (B)<\/td>\n<td style=\"border: 1px solid #ddd; padding: 8px;\">%1<\/td>\n<td style=\"border: 1px solid #ddd; padding: 8px;\">Borik Asit<\/td>\n<\/tr>\n<tr>\n<td style=\"border: 1px solid #ddd; padding: 8px;\">Organik Madde<\/td>\n<td style=\"border: 1px solid #ddd; padding: 8px;\">%40<\/td>\n<td style=\"border: 1px solid #ddd; padding: 8px;\">Karboksilik Asit<\/td>\n<\/tr>\n<\/tbody>\n<\/table>\n<h2><span style=\"color: #99cc00;\"><strong>Uygulama Oran\u0131:<\/strong><\/span><\/h2>\n<table style=\"width: 100%; border-collapse: collapse; text-align: center;\">\n<thead>\n<tr>\n<th style=\"border: 1px solid #ddd; padding: 8px; background-color: #8bc34a;\"><span style=\"color: #ffffff;\">Bitki<\/span><\/th>\n<th style=\"border: 1px solid #ddd; padding: 8px; background-color: #8bc34a;\"><span style=\"color: #ffffff;\">Yaprak P\u00fcsk\u00fcrtme \/ 200 Litre Su<\/span><\/th>\n<th style=\"border: 1px solid #ddd; padding: 8px; background-color: #8bc34a;\"><span style=\"color: #ffffff;\">Sulama \/ Dekar<\/span><\/th>\n<\/tr>\n<\/thead>\n<tbody>\n<tr>\n<td style=\"border: 1px solid #ddd; padding: 8px;\">Meyveli Sebzeler (Domates, Patl\u0131can, Biber, Karpuz, Kavun, \u00c7ilek)<\/td>\n<td style=\"border: 1px solid #ddd; padding: 8px;\">1 &#8211; 2 Litre<\/td>\n<td style=\"border: 1px solid #ddd; padding: 8px;\">300 &#8211; 500 ml<\/td>\n<\/tr>\n<tr>\n<td style=\"border: 1px solid #ddd; padding: 8px;\">Meyve A\u011fa\u00e7lar\u0131 (Elma, Erik, \u0130ncir, \u00dcz\u00fcm, Turun\u00e7giller, Zeytin, Nar, Yumrular, Badem)<\/td>\n<td style=\"border: 1px solid #ddd; padding: 8px;\">1 &#8211; 2 Litre<\/td>\n<td style=\"border: 1px solid #ddd; padding: 8px;\">300 &#8211; 500 ml<\/td>\n<\/tr>\n<\/tbody>\n<\/table>\n<p>Mahsulleriniz i\u00e7in optimum b\u00fcy\u00fcme ve meyve kalitesi elde etmek i\u00e7in BIMCO International&#8217;dan <span style=\"color: #99cc00;\">CAMBOR<\/span>&#8216;u se\u00e7in. <span style=\"color: #99cc00;\"><a style=\"color: #99cc00;\" href=\"https:\/\/api.whatsapp.com\/send\/?phone=908503096351&amp;text=%D9%85%D8%B1%D8%AD%D8%A8%D8%A7%D9%8B+%D8%A7%D8%B1%D9%8A%D8%AF+%D8%A7%D9%84%D8%A5%D8%B3%D8%AA%D9%81%D8%B3%D8%A1+%D8%B9%D9%86+%D9%87%D8%B0%D8%A0+%D8%A7%D9%84%D9%85%D9%86%D8%AA%D8%AC%0A%0A%0A%0Ahttps%3A%2F%2Fbimcointernational.com%2F&amp;type=phone_number&amp;app_absent=0\" target=\"_blank\" rel=\"noopener\">Daha fazla bilgi edinmek i\u00e7in bug\u00fcn WhatsApp arac\u0131l\u0131\u011f\u0131yla bize ula\u015f\u0131n<\/a>.<\/span><\/p>\n","protected":false},"excerpt":{"rendered":"<p><span style=\"color: #99cc00;\"><b>CAMBOR:<\/b><\/span> BIMCO International&#8217;\u0131n Azot, Kalsiyum, Magnezyum, Bor ve organik madde i\u00e7eren kimyasal g\u00fcbresi. Bitki b\u00fcy\u00fcmesini h\u0131zland\u0131r\u0131r, meyve sertli\u011fini ve kalitesini art\u0131r\u0131r ve dengeli beslenmeyi destekleyerek optimum k\u00fcresel \u00fcretim sa\u011flar.<\/p>\n","protected":false},"featured_media":6026,"comment_status":"open","ping_status":"closed","template":"","meta":{"_eb_attr":"","site-sidebar-layout":"default","site-content-layout":"","ast-site-content-layout":"default","site-content-style":"default","site-sidebar-style":"default","ast-global-header-display":"","ast-banner-title-visibility":"","ast-main-header-display":"","ast-hfb-above-header-display":"","ast-hfb-below-header-display":"","ast-hfb-mobile-header-display":"","site-post-title":"","ast-breadcrumbs-content":"","ast-featured-img":"","footer-sml-layout":"","ast-disable-related-posts":"","theme-transparent-header-meta":"default","adv-header-id-meta":"","stick-header-meta":"","header-above-stick-meta":"","header-main-stick-meta":"","header-below-stick-meta":"","astra-migrate-meta-layouts":"set","ast-page-background-enabled":"default","ast-page-background-meta":{"desktop":{"background-color":"var(--ast-global-color-4)","background-image":"","background-repeat":"repeat","background-position":"center center","background-size":"auto","background-attachment":"scroll","background-type":"","background-media":"","overlay-type":"","overlay-color":"","overlay-opacity":"","overlay-gradient":""},"tablet":{"background-color":"","background-image":"","background-repeat":"repeat","background-position":"center center","background-size":"auto","background-attachment":"scroll","background-type":"","background-media":"","overlay-type":"","overlay-color":"","overlay-opacity":"","overlay-gradient":""},"mobile":{"background-color":"","background-image":"","background-repeat":"repeat","background-position":"center center","background-size":"auto","background-attachment":"scroll","background-type":"","background-media":"","overlay-type":"","overlay-color":"","overlay-opacity":"","overlay-gradient":""}},"ast-content-background-meta":{"desktop":{"background-color":"var(--ast-global-color-5)","background-image":"","background-repeat":"repeat","background-position":"center center","background-size":"auto","background-attachment":"scroll","background-type":"","background-media":"","overlay-type":"","overlay-color":"","overlay-opacity":"","overlay-gradient":""},"tablet":{"background-color":"var(--ast-global-color-5)","background-image":"","background-repeat":"repeat","background-position":"center center","background-size":"auto","background-attachment":"scroll","background-type":"","background-media":"","overlay-type":"","overlay-color":"","overlay-opacity":"","overlay-gradient":""},"mobile":{"background-color":"var(--ast-global-color-5)","background-image":"","background-repeat":"repeat","background-position":"center center","background-size":"auto","background-attachment":"scroll","background-type":"","background-media":"","overlay-type":"","overlay-color":"","overlay-opacity":"","overlay-gradient":""}},"_joinchat":[]},"product_brand":[],"product_cat":[99],"product_tag":[],"class_list":{"0":"post-6028","1":"product","2":"type-product","3":"status-publish","4":"has-post-thumbnail","6":"product_cat-korfez-urunleri","7":"desktop-align-left","8":"tablet-align-left","9":"mobile-align-left","11":"first","12":"instock","13":"shipping-taxable","14":"product-type-simple"},"yoast_head":"<!-- This site is optimized with the Yoast SEO plugin v27.4 - https:\/\/yoast.com\/product\/yoast-seo-wordpress\/ -->\n<title>CAMBOR: Azot, Kalsiyum, Magnezyum, Bor, Organik Madde G\u00fcbresi - bimco international<\/title>\n<meta name=\"description\" content=\"CAMBOR: Bitki b\u00fcy\u00fcmesini h\u0131zland\u0131ran, meyve sertli\u011fini ve kalitesini art\u0131ran, dengeli beslenmeyi destekleyen ve optimum k\u00fcresel \u00fcretim sa\u011flayan kimyasal g\u00fcbre.\" \/>\n<meta name=\"robots\" content=\"index, follow, max-snippet:-1, max-image-preview:large, max-video-preview:-1\" \/>\n<link rel=\"canonical\" href=\"https:\/\/bimcointernational.com\/tr\/urun\/bimco-cambor-nitrogen-calcium-magnesium-boron-fertilizer\/\" \/>\n<meta property=\"og:locale\" content=\"tr_TR\" \/>\n<meta property=\"og:type\" content=\"article\" \/>\n<meta property=\"og:title\" content=\"CAMBOR: Azot, Kalsiyum, Magnezyum, Bor, Organik Madde G\u00fcbresi - bimco international\" \/>\n<meta property=\"og:description\" content=\"CAMBOR: Bitki b\u00fcy\u00fcmesini h\u0131zland\u0131ran, meyve sertli\u011fini ve kalitesini art\u0131ran, dengeli beslenmeyi destekleyen ve optimum k\u00fcresel \u00fcretim sa\u011flayan kimyasal g\u00fcbre.\" \/>\n<meta property=\"og:url\" content=\"https:\/\/bimcointernational.com\/tr\/urun\/bimco-cambor-nitrogen-calcium-magnesium-boron-fertilizer\/\" \/>\n<meta property=\"og:site_name\" content=\"bimco international\" \/>\n<meta property=\"article:publisher\" content=\"https:\/\/www.facebook.com\/B9K9T\" \/>\n<meta property=\"article:modified_time\" content=\"2025-07-20T10:31:29+00:00\" \/>\n<meta property=\"og:image\" content=\"https:\/\/bimcointernational.com\/wp-content\/uploads\/2025\/07\/CAMBOR.png\" \/>\n\t<meta property=\"og:image:width\" content=\"1500\" \/>\n\t<meta property=\"og:image:height\" content=\"1500\" \/>\n\t<meta property=\"og:image:type\" content=\"image\/png\" \/>\n<meta name=\"twitter:card\" content=\"summary_large_image\" \/>\n<meta name=\"twitter:label1\" content=\"Tahmini okuma s\u00fcresi\" \/>\n\t<meta name=\"twitter:data1\" content=\"2 dakika\" \/>\n<script type=\"application\/ld+json\" class=\"yoast-schema-graph\">{\"@context\":\"https:\\\/\\\/schema.org\",\"@graph\":[{\"@type\":\"WebPage\",\"@id\":\"https:\\\/\\\/bimcointernational.com\\\/tr\\\/urun\\\/bimco-cambor-nitrogen-calcium-magnesium-boron-fertilizer\\\/\",\"url\":\"https:\\\/\\\/bimcointernational.com\\\/tr\\\/urun\\\/bimco-cambor-nitrogen-calcium-magnesium-boron-fertilizer\\\/\",\"name\":\"CAMBOR: Azot, Kalsiyum, Magnezyum, Bor, Organik Madde G\u00fcbresi - bimco international\",\"isPartOf\":{\"@id\":\"https:\\\/\\\/bimcointernational.com\\\/tr\\\/#website\"},\"primaryImageOfPage\":{\"@id\":\"https:\\\/\\\/bimcointernational.com\\\/tr\\\/urun\\\/bimco-cambor-nitrogen-calcium-magnesium-boron-fertilizer\\\/#primaryimage\"},\"image\":{\"@id\":\"https:\\\/\\\/bimcointernational.com\\\/tr\\\/urun\\\/bimco-cambor-nitrogen-calcium-magnesium-boron-fertilizer\\\/#primaryimage\"},\"thumbnailUrl\":\"https:\\\/\\\/bimcointernational.com\\\/wp-content\\\/uploads\\\/2025\\\/07\\\/CAMBOR.png\",\"datePublished\":\"2025-07-20T10:15:26+00:00\",\"dateModified\":\"2025-07-20T10:31:29+00:00\",\"description\":\"CAMBOR: Bitki b\u00fcy\u00fcmesini h\u0131zland\u0131ran, meyve sertli\u011fini ve kalitesini art\u0131ran, dengeli beslenmeyi destekleyen ve optimum k\u00fcresel \u00fcretim sa\u011flayan kimyasal g\u00fcbre.\",\"breadcrumb\":{\"@id\":\"https:\\\/\\\/bimcointernational.com\\\/tr\\\/urun\\\/bimco-cambor-nitrogen-calcium-magnesium-boron-fertilizer\\\/#breadcrumb\"},\"inLanguage\":\"tr\",\"potentialAction\":[{\"@type\":\"ReadAction\",\"target\":[\"https:\\\/\\\/bimcointernational.com\\\/tr\\\/urun\\\/bimco-cambor-nitrogen-calcium-magnesium-boron-fertilizer\\\/\"]}]},{\"@type\":\"ImageObject\",\"inLanguage\":\"tr\",\"@id\":\"https:\\\/\\\/bimcointernational.com\\\/tr\\\/urun\\\/bimco-cambor-nitrogen-calcium-magnesium-boron-fertilizer\\\/#primaryimage\",\"url\":\"https:\\\/\\\/bimcointernational.com\\\/wp-content\\\/uploads\\\/2025\\\/07\\\/CAMBOR.png\",\"contentUrl\":\"https:\\\/\\\/bimcointernational.com\\\/wp-content\\\/uploads\\\/2025\\\/07\\\/CAMBOR.png\",\"width\":1500,\"height\":1500,\"caption\":\"CAMBOR: Enhances fruit firmness and quality.\"},{\"@type\":\"BreadcrumbList\",\"@id\":\"https:\\\/\\\/bimcointernational.com\\\/tr\\\/urun\\\/bimco-cambor-nitrogen-calcium-magnesium-boron-fertilizer\\\/#breadcrumb\",\"itemListElement\":[{\"@type\":\"ListItem\",\"position\":1,\"name\":\"Home\",\"item\":\"https:\\\/\\\/bimcointernational.com\\\/tr\\\/\"},{\"@type\":\"ListItem\",\"position\":2,\"name\":\"\u00dcr\u00fcnlerimiz\",\"item\":\"https:\\\/\\\/bimcointernational.com\\\/tr\\\/urunlerimiz\\\/\"},{\"@type\":\"ListItem\",\"position\":3,\"name\":\"CAMBOR\"}]},{\"@type\":\"WebSite\",\"@id\":\"https:\\\/\\\/bimcointernational.com\\\/tr\\\/#website\",\"url\":\"https:\\\/\\\/bimcointernational.com\\\/tr\\\/\",\"name\":\"bimco international\",\"description\":\"\u0634\u0631\u0643\u0629 \u0628\u064a\u0645\u0643\u0648 \u0627\u0644\u0643\u064a\u0645\u064a\u0627\u0626\u064a\u0629 \u0644\u0635\u0646\u0627\u0639\u0629 \u0627\u0644\u0645\u0628\u064a\u062f\u0627\u062a \u0648\u0627\u0644\u0623\u0633\u0645\u062f\u0629 \u0639\u0627\u0644\u064a\u0629 \u0627\u0644\u062c\u0648\u062f\u0629 35 \u0639\u0627\u0645\u0627 \u0645\u0646 \u0627\u0644\u062e\u0628\u0631\u0629 \u0646\u0636\u0639\u0647\u0627 \u0628\u064a\u0646 \u0623\u064a\u062f\u064a\u0643\u0645\",\"publisher\":{\"@id\":\"https:\\\/\\\/bimcointernational.com\\\/tr\\\/#organization\"},\"potentialAction\":[{\"@type\":\"SearchAction\",\"target\":{\"@type\":\"EntryPoint\",\"urlTemplate\":\"https:\\\/\\\/bimcointernational.com\\\/tr\\\/?s={search_term_string}\"},\"query-input\":{\"@type\":\"PropertyValueSpecification\",\"valueRequired\":true,\"valueName\":\"search_term_string\"}}],\"inLanguage\":\"tr\"},{\"@type\":\"Organization\",\"@id\":\"https:\\\/\\\/bimcointernational.com\\\/tr\\\/#organization\",\"name\":\"bimco international\",\"url\":\"https:\\\/\\\/bimcointernational.com\\\/tr\\\/\",\"logo\":{\"@type\":\"ImageObject\",\"inLanguage\":\"tr\",\"@id\":\"https:\\\/\\\/bimcointernational.com\\\/tr\\\/#\\\/schema\\\/logo\\\/image\\\/\",\"url\":\"https:\\\/\\\/bimcointernational.com\\\/wp-content\\\/uploads\\\/2023\\\/03\\\/bimco-international.png\",\"contentUrl\":\"https:\\\/\\\/bimcointernational.com\\\/wp-content\\\/uploads\\\/2023\\\/03\\\/bimco-international.png\",\"width\":1000,\"height\":283,\"caption\":\"bimco international\"},\"image\":{\"@id\":\"https:\\\/\\\/bimcointernational.com\\\/tr\\\/#\\\/schema\\\/logo\\\/image\\\/\"},\"sameAs\":[\"https:\\\/\\\/www.facebook.com\\\/B9K9T\",\"https:\\\/\\\/www.instagram.com\\\/bimcokimya\\\/\"]}]}<\/script>\n<!-- \/ Yoast SEO plugin. -->","yoast_head_json":{"title":"CAMBOR: Azot, Kalsiyum, Magnezyum, Bor, Organik Madde G\u00fcbresi - bimco international","description":"CAMBOR: Bitki b\u00fcy\u00fcmesini h\u0131zland\u0131ran, meyve sertli\u011fini ve kalitesini art\u0131ran, dengeli beslenmeyi destekleyen ve optimum k\u00fcresel \u00fcretim sa\u011flayan kimyasal g\u00fcbre.","robots":{"index":"index","follow":"follow","max-snippet":"max-snippet:-1","max-image-preview":"max-image-preview:large","max-video-preview":"max-video-preview:-1"},"canonical":"https:\/\/bimcointernational.com\/tr\/urun\/bimco-cambor-nitrogen-calcium-magnesium-boron-fertilizer\/","og_locale":"tr_TR","og_type":"article","og_title":"CAMBOR: Azot, Kalsiyum, Magnezyum, Bor, Organik Madde G\u00fcbresi - bimco international","og_description":"CAMBOR: Bitki b\u00fcy\u00fcmesini h\u0131zland\u0131ran, meyve sertli\u011fini ve kalitesini art\u0131ran, dengeli beslenmeyi destekleyen ve optimum k\u00fcresel \u00fcretim sa\u011flayan kimyasal g\u00fcbre.","og_url":"https:\/\/bimcointernational.com\/tr\/urun\/bimco-cambor-nitrogen-calcium-magnesium-boron-fertilizer\/","og_site_name":"bimco international","article_publisher":"https:\/\/www.facebook.com\/B9K9T","article_modified_time":"2025-07-20T10:31:29+00:00","og_image":[{"width":1500,"height":1500,"url":"https:\/\/bimcointernational.com\/wp-content\/uploads\/2025\/07\/CAMBOR.png","type":"image\/png"}],"twitter_card":"summary_large_image","twitter_misc":{"Tahmini okuma s\u00fcresi":"2 dakika"},"schema":{"@context":"https:\/\/schema.org","@graph":[{"@type":"WebPage","@id":"https:\/\/bimcointernational.com\/tr\/urun\/bimco-cambor-nitrogen-calcium-magnesium-boron-fertilizer\/","url":"https:\/\/bimcointernational.com\/tr\/urun\/bimco-cambor-nitrogen-calcium-magnesium-boron-fertilizer\/","name":"CAMBOR: Azot, Kalsiyum, Magnezyum, Bor, Organik Madde G\u00fcbresi - bimco international","isPartOf":{"@id":"https:\/\/bimcointernational.com\/tr\/#website"},"primaryImageOfPage":{"@id":"https:\/\/bimcointernational.com\/tr\/urun\/bimco-cambor-nitrogen-calcium-magnesium-boron-fertilizer\/#primaryimage"},"image":{"@id":"https:\/\/bimcointernational.com\/tr\/urun\/bimco-cambor-nitrogen-calcium-magnesium-boron-fertilizer\/#primaryimage"},"thumbnailUrl":"https:\/\/bimcointernational.com\/wp-content\/uploads\/2025\/07\/CAMBOR.png","datePublished":"2025-07-20T10:15:26+00:00","dateModified":"2025-07-20T10:31:29+00:00","description":"CAMBOR: Bitki b\u00fcy\u00fcmesini h\u0131zland\u0131ran, meyve sertli\u011fini ve kalitesini art\u0131ran, dengeli beslenmeyi destekleyen ve optimum k\u00fcresel \u00fcretim sa\u011flayan kimyasal g\u00fcbre.","breadcrumb":{"@id":"https:\/\/bimcointernational.com\/tr\/urun\/bimco-cambor-nitrogen-calcium-magnesium-boron-fertilizer\/#breadcrumb"},"inLanguage":"tr","potentialAction":[{"@type":"ReadAction","target":["https:\/\/bimcointernational.com\/tr\/urun\/bimco-cambor-nitrogen-calcium-magnesium-boron-fertilizer\/"]}]},{"@type":"ImageObject","inLanguage":"tr","@id":"https:\/\/bimcointernational.com\/tr\/urun\/bimco-cambor-nitrogen-calcium-magnesium-boron-fertilizer\/#primaryimage","url":"https:\/\/bimcointernational.com\/wp-content\/uploads\/2025\/07\/CAMBOR.png","contentUrl":"https:\/\/bimcointernational.com\/wp-content\/uploads\/2025\/07\/CAMBOR.png","width":1500,"height":1500,"caption":"CAMBOR: Enhances fruit firmness and quality."},{"@type":"BreadcrumbList","@id":"https:\/\/bimcointernational.com\/tr\/urun\/bimco-cambor-nitrogen-calcium-magnesium-boron-fertilizer\/#breadcrumb","itemListElement":[{"@type":"ListItem","position":1,"name":"Home","item":"https:\/\/bimcointernational.com\/tr\/"},{"@type":"ListItem","position":2,"name":"\u00dcr\u00fcnlerimiz","item":"https:\/\/bimcointernational.com\/tr\/urunlerimiz\/"},{"@type":"ListItem","position":3,"name":"CAMBOR"}]},{"@type":"WebSite","@id":"https:\/\/bimcointernational.com\/tr\/#website","url":"https:\/\/bimcointernational.com\/tr\/","name":"bimco international","description":"\u0634\u0631\u0643\u0629 \u0628\u064a\u0645\u0643\u0648 \u0627\u0644\u0643\u064a\u0645\u064a\u0627\u0626\u064a\u0629 \u0644\u0635\u0646\u0627\u0639\u0629 \u0627\u0644\u0645\u0628\u064a\u062f\u0627\u062a \u0648\u0627\u0644\u0623\u0633\u0645\u062f\u0629 \u0639\u0627\u0644\u064a\u0629 \u0627\u0644\u062c\u0648\u062f\u0629 35 \u0639\u0627\u0645\u0627 \u0645\u0646 \u0627\u0644\u062e\u0628\u0631\u0629 \u0646\u0636\u0639\u0647\u0627 \u0628\u064a\u0646 \u0623\u064a\u062f\u064a\u0643\u0645","publisher":{"@id":"https:\/\/bimcointernational.com\/tr\/#organization"},"potentialAction":[{"@type":"SearchAction","target":{"@type":"EntryPoint","urlTemplate":"https:\/\/bimcointernational.com\/tr\/?s={search_term_string}"},"query-input":{"@type":"PropertyValueSpecification","valueRequired":true,"valueName":"search_term_string"}}],"inLanguage":"tr"},{"@type":"Organization","@id":"https:\/\/bimcointernational.com\/tr\/#organization","name":"bimco international","url":"https:\/\/bimcointernational.com\/tr\/","logo":{"@type":"ImageObject","inLanguage":"tr","@id":"https:\/\/bimcointernational.com\/tr\/#\/schema\/logo\/image\/","url":"https:\/\/bimcointernational.com\/wp-content\/uploads\/2023\/03\/bimco-international.png","contentUrl":"https:\/\/bimcointernational.com\/wp-content\/uploads\/2023\/03\/bimco-international.png","width":1000,"height":283,"caption":"bimco international"},"image":{"@id":"https:\/\/bimcointernational.com\/tr\/#\/schema\/logo\/image\/"},"sameAs":["https:\/\/www.facebook.com\/B9K9T","https:\/\/www.instagram.com\/bimcokimya\/"]}]}},"jetpack_sharing_enabled":true,"_links":{"self":[{"href":"https:\/\/bimcointernational.com\/tr\/wp-json\/wp\/v2\/product\/6028","targetHints":{"allow":["GET"]}}],"collection":[{"href":"https:\/\/bimcointernational.com\/tr\/wp-json\/wp\/v2\/product"}],"about":[{"href":"https:\/\/bimcointernational.com\/tr\/wp-json\/wp\/v2\/types\/product"}],"replies":[{"embeddable":true,"href":"https:\/\/bimcointernational.com\/tr\/wp-json\/wp\/v2\/comments?post=6028"}],"wp:featuredmedia":[{"embeddable":true,"href":"https:\/\/bimcointernational.com\/tr\/wp-json\/wp\/v2\/media\/6026"}],"wp:attachment":[{"href":"https:\/\/bimcointernational.com\/tr\/wp-json\/wp\/v2\/media?parent=6028"}],"wp:term":[{"taxonomy":"product_brand","embeddable":true,"href":"https:\/\/bimcointernational.com\/tr\/wp-json\/wp\/v2\/product_brand?post=6028"},{"taxonomy":"product_cat","embeddable":true,"href":"https:\/\/bimcointernational.com\/tr\/wp-json\/wp\/v2\/product_cat?post=6028"},{"taxonomy":"product_tag","embeddable":true,"href":"https:\/\/bimcointernational.com\/tr\/wp-json\/wp\/v2\/product_tag?post=6028"}],"curies":[{"name":"wp","href":"https:\/\/api.w.org\/{rel}","templated":true}]}}