{"id":6002,"date":"2025-07-15T14:07:29","date_gmt":"2025-07-15T14:07:29","guid":{"rendered":"https:\/\/bimcointernational.com\/product\/bimco-fix-faster-liquid-fertilizer-2\/"},"modified":"2025-07-15T17:53:27","modified_gmt":"2025-07-15T17:53:27","slug":"bimco-fix-faster-liquid-fertilizer-2","status":"publish","type":"product","link":"https:\/\/bimcointernational.com\/tr\/urun\/bimco-fix-faster-liquid-fertilizer-2\/","title":{"rendered":"FIX FASTER"},"content":{"rendered":"<h1><span style=\"color: #99cc00;\"><strong>FIX FASTER: Fosfor, Potasyum, Magnezyum, \u00c7inko, Bor ve Molibden \u0130\u00e7eren S\u0131v\u0131 Kimyasal G\u00fcbre<\/strong><\/span><\/h1>\n<p>Mahsullerinizin maksimum b\u00fcy\u00fcme ve \u00fcretim potansiyeline ula\u015fmas\u0131 i\u00e7in hassas besin tedariki esast\u0131r. <span style=\"color: #99cc00;\"><strong>BIMCO International<\/strong><\/span>, d\u00fcnya genelinde mahsul sa\u011fl\u0131\u011f\u0131n\u0131 ve kalitesini art\u0131rmak \u00fczere tasarlanm\u0131\u015f, Fosfor, Potasyum, Magnezyum, \u00c7inko, Bor ve Molibdenin ideal bir kar\u0131\u015f\u0131m\u0131n\u0131 i\u00e7eren s\u0131v\u0131 bir kimyasal bile\u015fik g\u00fcbre olan <span style=\"color: #99cc00;\"><strong>FIX FASTER<\/strong><\/span>&#8216;\u0131 sunar.<\/p>\n<h2><span style=\"color: #99cc00;\"><strong>FIX FASTER&#8217;\u0131n Temel \u00d6zellikleri ve Ba\u015fl\u0131ca Faydalar\u0131:<\/strong><\/span><\/h2>\n<p>FIX FASTER, bitki b\u00fcy\u00fcmesini destekleyen temel elementleri sa\u011flayarak kapsaml\u0131 bir bitki b\u00fcy\u00fcme h\u0131zland\u0131r\u0131c\u0131 g\u00f6revi g\u00f6r\u00fcr:<\/p>\n<ul>\n<li><strong>Vejetatif ve K\u00f6k Geli\u015fimini Destekler:<\/strong> Yapraklar\u0131n ve k\u00f6klerin g\u00fc\u00e7l\u00fc b\u00fcy\u00fcmesini te\u015fvik ederek sa\u011fl\u0131kl\u0131 bir bitki temeli olu\u015fturur.<\/li>\n<li><strong>\u00c7i\u00e7eklenmeyi ve Meyve Olu\u015fumunu Te\u015fvik Eder:<\/strong> \u00c7i\u00e7eklenme s\u00fcre\u00e7lerini ve meyve olu\u015fumunu destekleyerek meyve tutumu oran\u0131n\u0131 art\u0131r\u0131r ve mahsul kalitesini iyile\u015ftirir.<\/li>\n<li><strong>Besin Emilimini \u0130yile\u015ftirir:<\/strong> Bitkinin topraktan besin maddelerini emme verimlili\u011fini art\u0131rarak g\u00fcbre etkinli\u011fini y\u00fckseltir.<\/li>\n<li><strong>Mikro Besin Eksikliklerini Giderir:<\/strong> Magnezyum, \u00e7inko, bor ve molibden eksikli\u011fi belirtilerini \u00f6nler ve d\u00fczeltir, b\u00f6ylece sa\u011fl\u0131kl\u0131 ve dengeli b\u00fcy\u00fcme sa\u011flar.<\/li>\n<\/ul>\n<h2><span style=\"color: #99cc00;\"><strong>Uygulama Oran\u0131:<\/strong><\/span><\/h2>\n<p>FIX FASTER t\u00fcm mahsul t\u00fcrleri, sebzeler ve meyve a\u011fa\u00e7lar\u0131nda kullan\u0131l\u0131r:<\/p>\n<ul>\n<li>Yaprak p\u00fcsk\u00fcrtme: 200 &#8211; 400 ml \/ 200 litre su.<\/li>\n<li>Sulama suyu ile: Mahsul\u00fcn t\u00fcr\u00fcne g\u00f6re 0.5 &#8211; 1 litre \/ dekar.<\/li>\n<\/ul>\n<h2><span style=\"color: #99cc00;\"><strong>Uyumluluk:<\/strong><\/span><\/h2>\n<p>G\u00fcbre, di\u011fer \u00e7o\u011fu g\u00fcbre ile kar\u0131\u015ft\u0131r\u0131labilir. Tam uyumlulu\u011fu sa\u011flamak i\u00e7in do\u011frudan kullan\u0131mdan \u00f6nce her zaman k\u00fc\u00e7\u00fck bir test yap\u0131lmas\u0131 \u00f6nerilir.<\/p>\n<h2><span style=\"color: #99cc00;\"><strong>Bile\u015fenler (A\/H%):<\/strong><\/span><\/h2>\n<table style=\"width: 100%; border-collapse: collapse; text-align: center;\">\n<thead>\n<tr>\n<th style=\"border: 1px solid #ddd; padding: 8px; background-color: #8bc34a;\"><span style=\"color: #ffffff;\">Bile\u015fen<\/span><\/th>\n<th style=\"border: 1px solid #ddd; padding: 8px; background-color: #8bc34a;\"><span style=\"color: #ffffff;\">A\/H%<\/span><\/th>\n<th style=\"border: 1px solid #ddd; padding: 8px; background-color: #8bc34a;\"><span style=\"color: #ffffff;\">Kaynak<\/span><\/th>\n<\/tr>\n<\/thead>\n<tbody>\n<tr>\n<td style=\"border: 1px solid #ddd; padding: 8px;\">Potasyum (K2O)<\/td>\n<td style=\"border: 1px solid #ddd; padding: 8px;\">%9<\/td>\n<td style=\"border: 1px solid #ddd; padding: 8px;\">Potasyum Nitrat<\/td>\n<\/tr>\n<tr>\n<td style=\"border: 1px solid #ddd; padding: 8px;\">Fosfor (P2O5)<\/td>\n<td style=\"border: 1px solid #ddd; padding: 8px;\">%9<\/td>\n<td style=\"border: 1px solid #ddd; padding: 8px;\">Fosforik Asit<\/td>\n<\/tr>\n<tr>\n<td style=\"border: 1px solid #ddd; padding: 8px;\">Organik Madde<\/td>\n<td style=\"border: 1px solid #ddd; padding: 8px;\">%40<\/td>\n<td style=\"border: 1px solid #ddd; padding: 8px;\">Karboksilik Asit<\/td>\n<\/tr>\n<tr>\n<td style=\"border: 1px solid #ddd; padding: 8px;\">Magnezyum (MgO)<\/td>\n<td style=\"border: 1px solid #ddd; padding: 8px;\">%0.50<\/td>\n<td style=\"border: 1px solid #ddd; padding: 8px;\">Magnezyum S\u00fclfat<\/td>\n<\/tr>\n<tr>\n<td style=\"border: 1px solid #ddd; padding: 8px;\">\u00c7inko (Zn)<\/td>\n<td style=\"border: 1px solid #ddd; padding: 8px;\">%1.50<\/td>\n<td style=\"border: 1px solid #ddd; padding: 8px;\">\u00c7inko Nitrat<\/td>\n<\/tr>\n<tr>\n<td style=\"border: 1px solid #ddd; padding: 8px;\">Bor (B)<\/td>\n<td style=\"border: 1px solid #ddd; padding: 8px;\">%0.40<\/td>\n<td style=\"border: 1px solid #ddd; padding: 8px;\">Borik Asit<\/td>\n<\/tr>\n<tr>\n<td style=\"border: 1px solid #ddd; padding: 8px;\">Molibden (Mo)<\/td>\n<td style=\"border: 1px solid #ddd; padding: 8px;\">%0.05<\/td>\n<td style=\"border: 1px solid #ddd; padding: 8px;\">Amonyum Molibdat<\/td>\n<\/tr>\n<\/tbody>\n<\/table>\n<p>Mahsul b\u00fcy\u00fcmenizi, kalitenizi ve etkinli\u011fini art\u0131rmak i\u00e7in BIMCO International&#8217;dan <span style=\"color: #99cc00;\">FIX FASTER<\/span>&#8216;\u0131 se\u00e7in. <strong><span style=\"color: #99cc00;\"><a style=\"color: #99cc00;\" href=\"https:\/\/api.whatsapp.com\/send\/?phone=908503096351&amp;text=%D9%85%D8%B1%D8%AD%D8%A8%D8%A7%D9%8B+%D8%A7%D8%B1%D9%8A%D8%AF+%D8%A7%D9%84%D8%A5%D8%B3%D8%AA%D9%81%D8%B3%D8%A7%D8%B1+%D8%B9%D9%86+%D9%87%D8%B0%D8%A0+%D8%A7%D9%84%D9%85%D9%86%D8%AA%D8%AC%0A%0A%0A%0Ahttps%3A%2F%2Fbimcointernational.com%2F&amp;type=phone_number&amp;app_absent=0\" target=\"_blank\" rel=\"noopener\">Daha fazla bilgi edinmek i\u00e7in bug\u00fcn WhatsApp arac\u0131l\u0131\u011f\u0131yla bize ula\u015f\u0131n<\/a>.<\/span><\/strong><\/p>\n","protected":false},"excerpt":{"rendered":"<p><span style=\"color: #99cc00;\"><b>FIX FASTER:<\/b><\/span> BIMCO International&#8217;\u0131n s\u0131v\u0131 g\u00fcbresi. Besin eksikliklerini \u00f6nler ve mahsul b\u00fcy\u00fcmesini destekler. Zengin form\u00fcl\u00fcyle k\u00fcresel meyve kalitesini ve \u00fcretim verimlili\u011fini art\u0131r\u0131r.<\/p>\n","protected":false},"featured_media":6000,"comment_status":"open","ping_status":"closed","template":"","meta":{"_eb_attr":"","site-sidebar-layout":"default","site-content-layout":"","ast-site-content-layout":"default","site-content-style":"default","site-sidebar-style":"default","ast-global-header-display":"","ast-banner-title-visibility":"","ast-main-header-display":"","ast-hfb-above-header-display":"","ast-hfb-below-header-display":"","ast-hfb-mobile-header-display":"","site-post-title":"","ast-breadcrumbs-content":"","ast-featured-img":"","footer-sml-layout":"","ast-disable-related-posts":"","theme-transparent-header-meta":"default","adv-header-id-meta":"","stick-header-meta":"","header-above-stick-meta":"","header-main-stick-meta":"","header-below-stick-meta":"","astra-migrate-meta-layouts":"set","ast-page-background-enabled":"default","ast-page-background-meta":{"desktop":{"background-color":"var(--ast-global-color-4)","background-image":"","background-repeat":"repeat","background-position":"center center","background-size":"auto","background-attachment":"scroll","background-type":"","background-media":"","overlay-type":"","overlay-color":"","overlay-opacity":"","overlay-gradient":""},"tablet":{"background-color":"","background-image":"","background-repeat":"repeat","background-position":"center center","background-size":"auto","background-attachment":"scroll","background-type":"","background-media":"","overlay-type":"","overlay-color":"","overlay-opacity":"","overlay-gradient":""},"mobile":{"background-color":"","background-image":"","background-repeat":"repeat","background-position":"center center","background-size":"auto","background-attachment":"scroll","background-type":"","background-media":"","overlay-type":"","overlay-color":"","overlay-opacity":"","overlay-gradient":""}},"ast-content-background-meta":{"desktop":{"background-color":"var(--ast-global-color-5)","background-image":"","background-repeat":"repeat","background-position":"center center","background-size":"auto","background-attachment":"scroll","background-type":"","background-media":"","overlay-type":"","overlay-color":"","overlay-opacity":"","overlay-gradient":""},"tablet":{"background-color":"var(--ast-global-color-5)","background-image":"","background-repeat":"repeat","background-position":"center center","background-size":"auto","background-attachment":"scroll","background-type":"","background-media":"","overlay-type":"","overlay-color":"","overlay-opacity":"","overlay-gradient":""},"mobile":{"background-color":"var(--ast-global-color-5)","background-image":"","background-repeat":"repeat","background-position":"center center","background-size":"auto","background-attachment":"scroll","background-type":"","background-media":"","overlay-type":"","overlay-color":"","overlay-opacity":"","overlay-gradient":""}},"_joinchat":[]},"product_brand":[],"product_cat":[99],"product_tag":[],"class_list":{"0":"post-6002","1":"product","2":"type-product","3":"status-publish","4":"has-post-thumbnail","6":"product_cat-korfez-urunleri","7":"desktop-align-left","8":"tablet-align-left","9":"mobile-align-left","11":"first","12":"instock","13":"shipping-taxable","14":"product-type-simple"},"yoast_head":"<!-- This site is optimized with the Yoast SEO plugin v27.1.1 - https:\/\/yoast.com\/product\/yoast-seo-wordpress\/ -->\n<title>FIX FASTER: S\u0131v\u0131 Fosfor, Potasyum, Magnezyum, \u00c7inko, Bor, Molibden G\u00fcbresi - bimco international<\/title>\n<meta name=\"description\" content=\"BIMCO International&#039;dan FIX FASTER: Mahsul b\u00fcy\u00fcmesini ve kalitesini art\u0131ran, fosfor, potasyum, magnezyum, \u00e7inko, bor ve molibden i\u00e7eren s\u0131v\u0131 bir g\u00fcbre olup, k\u00fcresel olarak optimum \u00fcretim sa\u011flar.\" \/>\n<meta name=\"robots\" content=\"index, follow, max-snippet:-1, max-image-preview:large, max-video-preview:-1\" \/>\n<link rel=\"canonical\" href=\"https:\/\/bimcointernational.com\/tr\/urun\/bimco-fix-faster-liquid-fertilizer-2\/\" \/>\n<meta property=\"og:locale\" content=\"tr_TR\" \/>\n<meta property=\"og:type\" content=\"article\" \/>\n<meta property=\"og:title\" content=\"FIX FASTER: S\u0131v\u0131 Fosfor, Potasyum, Magnezyum, \u00c7inko, Bor, Molibden G\u00fcbresi - bimco international\" \/>\n<meta property=\"og:description\" content=\"BIMCO International&#039;dan FIX FASTER: Mahsul b\u00fcy\u00fcmesini ve kalitesini art\u0131ran, fosfor, potasyum, magnezyum, \u00e7inko, bor ve molibden i\u00e7eren s\u0131v\u0131 bir g\u00fcbre olup, k\u00fcresel olarak optimum \u00fcretim sa\u011flar.\" \/>\n<meta property=\"og:url\" content=\"https:\/\/bimcointernational.com\/tr\/urun\/bimco-fix-faster-liquid-fertilizer-2\/\" \/>\n<meta property=\"og:site_name\" content=\"bimco international\" \/>\n<meta property=\"article:publisher\" content=\"https:\/\/www.facebook.com\/B9K9T\" \/>\n<meta property=\"article:modified_time\" content=\"2025-07-15T17:53:27+00:00\" \/>\n<meta property=\"og:image\" content=\"https:\/\/bimcointernational.com\/wp-content\/uploads\/2025\/07\/FIX-FASTER.png\" \/>\n\t<meta property=\"og:image:width\" content=\"1500\" \/>\n\t<meta property=\"og:image:height\" content=\"1500\" \/>\n\t<meta property=\"og:image:type\" content=\"image\/png\" \/>\n<meta name=\"twitter:card\" content=\"summary_large_image\" \/>\n<meta name=\"twitter:label1\" content=\"Tahmini okuma s\u00fcresi\" \/>\n\t<meta name=\"twitter:data1\" content=\"2 dakika\" \/>\n<script type=\"application\/ld+json\" class=\"yoast-schema-graph\">{\"@context\":\"https:\/\/schema.org\",\"@graph\":[{\"@type\":\"WebPage\",\"@id\":\"https:\/\/bimcointernational.com\/tr\/urun\/bimco-fix-faster-liquid-fertilizer-2\/\",\"url\":\"https:\/\/bimcointernational.com\/tr\/urun\/bimco-fix-faster-liquid-fertilizer-2\/\",\"name\":\"FIX FASTER: S\u0131v\u0131 Fosfor, Potasyum, Magnezyum, \u00c7inko, Bor, Molibden G\u00fcbresi - bimco international\",\"isPartOf\":{\"@id\":\"https:\/\/bimcointernational.com\/tr\/#website\"},\"primaryImageOfPage\":{\"@id\":\"https:\/\/bimcointernational.com\/tr\/urun\/bimco-fix-faster-liquid-fertilizer-2\/#primaryimage\"},\"image\":{\"@id\":\"https:\/\/bimcointernational.com\/tr\/urun\/bimco-fix-faster-liquid-fertilizer-2\/#primaryimage\"},\"thumbnailUrl\":\"https:\/\/bimcointernational.com\/wp-content\/uploads\/2025\/07\/FIX-FASTER.png\",\"datePublished\":\"2025-07-15T14:07:29+00:00\",\"dateModified\":\"2025-07-15T17:53:27+00:00\",\"description\":\"BIMCO International'dan FIX FASTER: Mahsul b\u00fcy\u00fcmesini ve kalitesini art\u0131ran, fosfor, potasyum, magnezyum, \u00e7inko, bor ve molibden i\u00e7eren s\u0131v\u0131 bir g\u00fcbre olup, k\u00fcresel olarak optimum \u00fcretim sa\u011flar.\",\"breadcrumb\":{\"@id\":\"https:\/\/bimcointernational.com\/tr\/urun\/bimco-fix-faster-liquid-fertilizer-2\/#breadcrumb\"},\"inLanguage\":\"tr\",\"potentialAction\":[{\"@type\":\"ReadAction\",\"target\":[\"https:\/\/bimcointernational.com\/tr\/urun\/bimco-fix-faster-liquid-fertilizer-2\/\"]}]},{\"@type\":\"ImageObject\",\"inLanguage\":\"tr\",\"@id\":\"https:\/\/bimcointernational.com\/tr\/urun\/bimco-fix-faster-liquid-fertilizer-2\/#primaryimage\",\"url\":\"https:\/\/bimcointernational.com\/wp-content\/uploads\/2025\/07\/FIX-FASTER.png\",\"contentUrl\":\"https:\/\/bimcointernational.com\/wp-content\/uploads\/2025\/07\/FIX-FASTER.png\",\"width\":1500,\"height\":1500,\"caption\":\"FIX FASTER: A complete formula to support crop growth.\"},{\"@type\":\"BreadcrumbList\",\"@id\":\"https:\/\/bimcointernational.com\/tr\/urun\/bimco-fix-faster-liquid-fertilizer-2\/#breadcrumb\",\"itemListElement\":[{\"@type\":\"ListItem\",\"position\":1,\"name\":\"Home\",\"item\":\"https:\/\/bimcointernational.com\/tr\/\"},{\"@type\":\"ListItem\",\"position\":2,\"name\":\"\u00dcr\u00fcnlerimiz\",\"item\":\"https:\/\/bimcointernational.com\/tr\/urunlerimiz\/\"},{\"@type\":\"ListItem\",\"position\":3,\"name\":\"FIX FASTER\"}]},{\"@type\":\"WebSite\",\"@id\":\"https:\/\/bimcointernational.com\/tr\/#website\",\"url\":\"https:\/\/bimcointernational.com\/tr\/\",\"name\":\"bimco international\",\"description\":\"\u0634\u0631\u0643\u0629 \u0628\u064a\u0645\u0643\u0648 \u0627\u0644\u0643\u064a\u0645\u064a\u0627\u0626\u064a\u0629 \u0644\u0635\u0646\u0627\u0639\u0629 \u0627\u0644\u0645\u0628\u064a\u062f\u0627\u062a \u0648\u0627\u0644\u0623\u0633\u0645\u062f\u0629 \u0639\u0627\u0644\u064a\u0629 \u0627\u0644\u062c\u0648\u062f\u0629 35 \u0639\u0627\u0645\u0627 \u0645\u0646 \u0627\u0644\u062e\u0628\u0631\u0629 \u0646\u0636\u0639\u0647\u0627 \u0628\u064a\u0646 \u0623\u064a\u062f\u064a\u0643\u0645\",\"publisher\":{\"@id\":\"https:\/\/bimcointernational.com\/tr\/#organization\"},\"potentialAction\":[{\"@type\":\"SearchAction\",\"target\":{\"@type\":\"EntryPoint\",\"urlTemplate\":\"https:\/\/bimcointernational.com\/tr\/?s={search_term_string}\"},\"query-input\":{\"@type\":\"PropertyValueSpecification\",\"valueRequired\":true,\"valueName\":\"search_term_string\"}}],\"inLanguage\":\"tr\"},{\"@type\":\"Organization\",\"@id\":\"https:\/\/bimcointernational.com\/tr\/#organization\",\"name\":\"bimco international\",\"url\":\"https:\/\/bimcointernational.com\/tr\/\",\"logo\":{\"@type\":\"ImageObject\",\"inLanguage\":\"tr\",\"@id\":\"https:\/\/bimcointernational.com\/tr\/#\/schema\/logo\/image\/\",\"url\":\"https:\/\/bimcointernational.com\/wp-content\/uploads\/2023\/03\/bimco-international.png\",\"contentUrl\":\"https:\/\/bimcointernational.com\/wp-content\/uploads\/2023\/03\/bimco-international.png\",\"width\":1000,\"height\":283,\"caption\":\"bimco international\"},\"image\":{\"@id\":\"https:\/\/bimcointernational.com\/tr\/#\/schema\/logo\/image\/\"},\"sameAs\":[\"https:\/\/www.facebook.com\/B9K9T\",\"https:\/\/www.instagram.com\/bimcokimya\/\"]}]}<\/script>\n<!-- \/ Yoast SEO plugin. -->","yoast_head_json":{"title":"FIX FASTER: S\u0131v\u0131 Fosfor, Potasyum, Magnezyum, \u00c7inko, Bor, Molibden G\u00fcbresi - bimco international","description":"BIMCO International'dan FIX FASTER: Mahsul b\u00fcy\u00fcmesini ve kalitesini art\u0131ran, fosfor, potasyum, magnezyum, \u00e7inko, bor ve molibden i\u00e7eren s\u0131v\u0131 bir g\u00fcbre olup, k\u00fcresel olarak optimum \u00fcretim sa\u011flar.","robots":{"index":"index","follow":"follow","max-snippet":"max-snippet:-1","max-image-preview":"max-image-preview:large","max-video-preview":"max-video-preview:-1"},"canonical":"https:\/\/bimcointernational.com\/tr\/urun\/bimco-fix-faster-liquid-fertilizer-2\/","og_locale":"tr_TR","og_type":"article","og_title":"FIX FASTER: S\u0131v\u0131 Fosfor, Potasyum, Magnezyum, \u00c7inko, Bor, Molibden G\u00fcbresi - bimco international","og_description":"BIMCO International'dan FIX FASTER: Mahsul b\u00fcy\u00fcmesini ve kalitesini art\u0131ran, fosfor, potasyum, magnezyum, \u00e7inko, bor ve molibden i\u00e7eren s\u0131v\u0131 bir g\u00fcbre olup, k\u00fcresel olarak optimum \u00fcretim sa\u011flar.","og_url":"https:\/\/bimcointernational.com\/tr\/urun\/bimco-fix-faster-liquid-fertilizer-2\/","og_site_name":"bimco international","article_publisher":"https:\/\/www.facebook.com\/B9K9T","article_modified_time":"2025-07-15T17:53:27+00:00","og_image":[{"width":1500,"height":1500,"url":"https:\/\/bimcointernational.com\/wp-content\/uploads\/2025\/07\/FIX-FASTER.png","type":"image\/png"}],"twitter_card":"summary_large_image","twitter_misc":{"Tahmini okuma s\u00fcresi":"2 dakika"},"schema":{"@context":"https:\/\/schema.org","@graph":[{"@type":"WebPage","@id":"https:\/\/bimcointernational.com\/tr\/urun\/bimco-fix-faster-liquid-fertilizer-2\/","url":"https:\/\/bimcointernational.com\/tr\/urun\/bimco-fix-faster-liquid-fertilizer-2\/","name":"FIX FASTER: S\u0131v\u0131 Fosfor, Potasyum, Magnezyum, \u00c7inko, Bor, Molibden G\u00fcbresi - bimco international","isPartOf":{"@id":"https:\/\/bimcointernational.com\/tr\/#website"},"primaryImageOfPage":{"@id":"https:\/\/bimcointernational.com\/tr\/urun\/bimco-fix-faster-liquid-fertilizer-2\/#primaryimage"},"image":{"@id":"https:\/\/bimcointernational.com\/tr\/urun\/bimco-fix-faster-liquid-fertilizer-2\/#primaryimage"},"thumbnailUrl":"https:\/\/bimcointernational.com\/wp-content\/uploads\/2025\/07\/FIX-FASTER.png","datePublished":"2025-07-15T14:07:29+00:00","dateModified":"2025-07-15T17:53:27+00:00","description":"BIMCO International'dan FIX FASTER: Mahsul b\u00fcy\u00fcmesini ve kalitesini art\u0131ran, fosfor, potasyum, magnezyum, \u00e7inko, bor ve molibden i\u00e7eren s\u0131v\u0131 bir g\u00fcbre olup, k\u00fcresel olarak optimum \u00fcretim sa\u011flar.","breadcrumb":{"@id":"https:\/\/bimcointernational.com\/tr\/urun\/bimco-fix-faster-liquid-fertilizer-2\/#breadcrumb"},"inLanguage":"tr","potentialAction":[{"@type":"ReadAction","target":["https:\/\/bimcointernational.com\/tr\/urun\/bimco-fix-faster-liquid-fertilizer-2\/"]}]},{"@type":"ImageObject","inLanguage":"tr","@id":"https:\/\/bimcointernational.com\/tr\/urun\/bimco-fix-faster-liquid-fertilizer-2\/#primaryimage","url":"https:\/\/bimcointernational.com\/wp-content\/uploads\/2025\/07\/FIX-FASTER.png","contentUrl":"https:\/\/bimcointernational.com\/wp-content\/uploads\/2025\/07\/FIX-FASTER.png","width":1500,"height":1500,"caption":"FIX FASTER: A complete formula to support crop growth."},{"@type":"BreadcrumbList","@id":"https:\/\/bimcointernational.com\/tr\/urun\/bimco-fix-faster-liquid-fertilizer-2\/#breadcrumb","itemListElement":[{"@type":"ListItem","position":1,"name":"Home","item":"https:\/\/bimcointernational.com\/tr\/"},{"@type":"ListItem","position":2,"name":"\u00dcr\u00fcnlerimiz","item":"https:\/\/bimcointernational.com\/tr\/urunlerimiz\/"},{"@type":"ListItem","position":3,"name":"FIX FASTER"}]},{"@type":"WebSite","@id":"https:\/\/bimcointernational.com\/tr\/#website","url":"https:\/\/bimcointernational.com\/tr\/","name":"bimco international","description":"\u0634\u0631\u0643\u0629 \u0628\u064a\u0645\u0643\u0648 \u0627\u0644\u0643\u064a\u0645\u064a\u0627\u0626\u064a\u0629 \u0644\u0635\u0646\u0627\u0639\u0629 \u0627\u0644\u0645\u0628\u064a\u062f\u0627\u062a \u0648\u0627\u0644\u0623\u0633\u0645\u062f\u0629 \u0639\u0627\u0644\u064a\u0629 \u0627\u0644\u062c\u0648\u062f\u0629 35 \u0639\u0627\u0645\u0627 \u0645\u0646 \u0627\u0644\u062e\u0628\u0631\u0629 \u0646\u0636\u0639\u0647\u0627 \u0628\u064a\u0646 \u0623\u064a\u062f\u064a\u0643\u0645","publisher":{"@id":"https:\/\/bimcointernational.com\/tr\/#organization"},"potentialAction":[{"@type":"SearchAction","target":{"@type":"EntryPoint","urlTemplate":"https:\/\/bimcointernational.com\/tr\/?s={search_term_string}"},"query-input":{"@type":"PropertyValueSpecification","valueRequired":true,"valueName":"search_term_string"}}],"inLanguage":"tr"},{"@type":"Organization","@id":"https:\/\/bimcointernational.com\/tr\/#organization","name":"bimco international","url":"https:\/\/bimcointernational.com\/tr\/","logo":{"@type":"ImageObject","inLanguage":"tr","@id":"https:\/\/bimcointernational.com\/tr\/#\/schema\/logo\/image\/","url":"https:\/\/bimcointernational.com\/wp-content\/uploads\/2023\/03\/bimco-international.png","contentUrl":"https:\/\/bimcointernational.com\/wp-content\/uploads\/2023\/03\/bimco-international.png","width":1000,"height":283,"caption":"bimco international"},"image":{"@id":"https:\/\/bimcointernational.com\/tr\/#\/schema\/logo\/image\/"},"sameAs":["https:\/\/www.facebook.com\/B9K9T","https:\/\/www.instagram.com\/bimcokimya\/"]}]}},"jetpack_sharing_enabled":true,"_links":{"self":[{"href":"https:\/\/bimcointernational.com\/tr\/wp-json\/wp\/v2\/product\/6002","targetHints":{"allow":["GET"]}}],"collection":[{"href":"https:\/\/bimcointernational.com\/tr\/wp-json\/wp\/v2\/product"}],"about":[{"href":"https:\/\/bimcointernational.com\/tr\/wp-json\/wp\/v2\/types\/product"}],"replies":[{"embeddable":true,"href":"https:\/\/bimcointernational.com\/tr\/wp-json\/wp\/v2\/comments?post=6002"}],"wp:featuredmedia":[{"embeddable":true,"href":"https:\/\/bimcointernational.com\/tr\/wp-json\/wp\/v2\/media\/6000"}],"wp:attachment":[{"href":"https:\/\/bimcointernational.com\/tr\/wp-json\/wp\/v2\/media?parent=6002"}],"wp:term":[{"taxonomy":"product_brand","embeddable":true,"href":"https:\/\/bimcointernational.com\/tr\/wp-json\/wp\/v2\/product_brand?post=6002"},{"taxonomy":"product_cat","embeddable":true,"href":"https:\/\/bimcointernational.com\/tr\/wp-json\/wp\/v2\/product_cat?post=6002"},{"taxonomy":"product_tag","embeddable":true,"href":"https:\/\/bimcointernational.com\/tr\/wp-json\/wp\/v2\/product_tag?post=6002"}],"curies":[{"name":"wp","href":"https:\/\/api.w.org\/{rel}","templated":true}]}}