{"id":5984,"date":"2025-07-15T13:32:38","date_gmt":"2025-07-15T13:32:38","guid":{"rendered":"https:\/\/bimcointernational.com\/product\/bimco-green-power\/"},"modified":"2025-07-15T13:43:05","modified_gmt":"2025-07-15T13:43:05","slug":"bimco-green-power","status":"publish","type":"product","link":"https:\/\/bimcointernational.com\/tr\/urun\/bimco-green-power\/","title":{"rendered":"GREEN POWER"},"content":{"rendered":"<h1><span style=\"color: #99cc00;\"><strong>GREEN POWER: Azot, Fosfor, Mikro Besinler ve Organik Madde \u0130\u00e7eren Kimyasal G\u00fcbre<\/strong><\/span><\/h1>\n<p>Mahsullerinizin k\u00f6klerinden meyvelerine kadar ola\u011fan\u00fcst\u00fc b\u00fcy\u00fcme ve y\u00fcksek kalite elde etmek i\u00e7in dengeli beslenme hayati \u00f6nem ta\u015f\u0131r. <span style=\"color: #99cc00;\"><strong>BIMCO International<\/strong><\/span>&#8216;\u0131n <span style=\"color: #99cc00;\"><strong>GREEN POWER<\/strong><\/span> bile\u015fi\u011fi, bitki b\u00fcy\u00fcmesini te\u015fvik etmede ve vejetatif ve k\u00f6k k\u00fctlesini art\u0131rmada b\u00fcy\u00fck rol oynar, bu da onu d\u00fcnya genelinde \u00fcretimi art\u0131rmak i\u00e7in ideal bir \u00e7\u00f6z\u00fcm haline getirir.<\/p>\n<h2><span style=\"color: #99cc00;\"><strong>G\u00fcbre Tan\u0131m\u0131 ve Temel Faydalar\u0131:<\/strong><\/span><\/h2>\n<ul>\n<li><strong>Kapsaml\u0131 B\u00fcy\u00fcme Stim\u00fclasyonu:<\/strong> GREEN POWER, bitki b\u00fcy\u00fcmesini etkili bir \u015fekilde uyar\u0131r ve vejetatif ile k\u00f6k k\u00fctlelerini art\u0131r\u0131r.<\/li>\n<li><strong>\u00c7i\u00e7eklenme ve Meyve Tutumunu Geli\u015ftirme:<\/strong> \u00c7i\u00e7ek tomurcu\u011fu olu\u015fumunu te\u015fvik etmeye, \u00e7i\u00e7eklenmeyi d\u00fczenlemeye ve meyve tutumunu iyile\u015ftirmeye katk\u0131da bulunarak \u00e7i\u00e7eklerin meyveye daha iyi d\u00f6n\u00fc\u015fmesini sa\u011flar.<\/li>\n<li><strong>Yaprak ve Meyve Kalitesini \u0130yile\u015ftirme:<\/strong> Yaprak b\u00fcy\u00fcmesini g\u00fc\u00e7lendirmeye ve ye\u015filliklerini art\u0131rmaya yard\u0131mc\u0131 olur, h\u00fccre olu\u015fumuna, vejetatif k\u00fctlenin art\u0131\u015f\u0131na ve yeni doku ve yap\u0131lar\u0131n olu\u015fumuna katk\u0131da bulunarak genel meyve kalitesini y\u00fckseltir.<\/li>\n<li><strong>Eksiklik Belirtilerini \u00d6nleme:<\/strong> Azot, kalsiyum ve bor eksikli\u011fi belirtilerini \u00f6nler, bu da meyve kalitesini, sertli\u011fini ve raf \u00f6mr\u00fcn\u00fc art\u0131r\u0131r.<\/li>\n<li><strong>H\u0131zl\u0131 ve Dengeli Beslenme:<\/strong> Azotun y\u00fcksek konsantrasyonu, di\u011fer elementlerle sinerji i\u00e7inde, h\u0131zl\u0131 b\u00fcy\u00fcme ve temel elementlerin dengeli bir \u015fekilde sa\u011flanmas\u0131na yard\u0131mc\u0131 olarak yo\u011fun kaliteli \u00fcretime yol a\u00e7ar.<\/li>\n<\/ul>\n<h2><span style=\"color: #99cc00;\"><strong>Bile\u015fenler:<\/strong><\/span><\/h2>\n<table style=\"width: 100%; border-collapse: collapse; text-align: center;\">\n<thead>\n<tr>\n<th style=\"border: 1px solid #ddd; padding: 8px; background-color: #8bc34a;\"><span style=\"color: #ffffff;\">Bile\u015fen<\/span><\/th>\n<th style=\"border: 1px solid #ddd; padding: 8px; background-color: #8bc34a;\"><span style=\"color: #ffffff;\">A\/H%<\/span><\/th>\n<th style=\"1px solid #ddd; padding: 8px; background-color: #8bc34a;\"><span style=\"color: #ffffff;\">Kaynak<\/span><\/th>\n<\/tr>\n<\/thead>\n<tbody>\n<tr>\n<td style=\"border: 1px solid #ddd; padding: 8px;\">Azot (N): Toplam Azot N<\/td>\n<td style=\"border: 1px solid #ddd; padding: 8px;\">%10<\/td>\n<td style=\"border: 1px solid #ddd; padding: 8px;\">Kalsiyum Nitrat<\/td>\n<\/tr>\n<tr>\n<td style=\"border: 1px solid #ddd; padding: 8px;\">Organik Madde: Toplam Organik Madde<\/td>\n<td style=\"border: 1px solid #ddd; padding: 8px;\">%25<\/td>\n<td style=\"border: 1px solid #ddd; padding: 8px;\">Karboksilik Asit<\/td>\n<\/tr>\n<tr>\n<td style=\"border: 1px solid #ddd; padding: 8px;\">Kalsiyum Oksit (CaO)<\/td>\n<td style=\"border: 1px solid #ddd; padding: 8px;\">%18<\/td>\n<td style=\"border: 1px solid #ddd; padding: 8px;\">Kalsiyum Nitrat &#8211; Kalsiyum Lignos\u00fclfonat<\/td>\n<\/tr>\n<tr>\n<td style=\"border: 1px solid #ddd; padding: 8px;\">Bor (B)<\/td>\n<td style=\"border: 1px solid #ddd; padding: 8px;\">%2<\/td>\n<td style=\"border: 1px solid #ddd; padding: 8px;\">Borik Asit<\/td>\n<\/tr>\n<\/tbody>\n<\/table>\n<h2><span style=\"color: #99cc00;\"><strong>Uygulama Oranlar\u0131:<\/strong><\/span><\/h2>\n<table style=\"width: 100%; border-collapse: collapse; text-align: center;\">\n<thead>\n<tr>\n<th style=\"border: 1px solid #ddd; padding: 8px; background-color: #8bc34a;\"><span style=\"color: #ffffff;\">\u00dcr\u00fcn<\/span><\/th>\n<th style=\"border: 1px solid #ddd; padding: 8px; background-color: #8bc34a;\"><span style=\"color: #ffffff;\">Yaprak P\u00fcsk\u00fcrtme \/ 200 Litre (ml)<\/span><\/th>\n<th style=\"border: 1px solid #ddd; padding: 8px; background-color: #8bc34a;\"><span style=\"color: #ffffff;\">Damla Sulama \/ Dekar (Litre)<\/span><\/th>\n<\/tr>\n<\/thead>\n<tbody>\n<tr>\n<td style=\"border: 1px solid #ddd; padding: 8px;\">Sebzeler<\/td>\n<td style=\"border: 1px solid #ddd; padding: 8px;\">300 &#8211; 500 ml<\/td>\n<td style=\"border: 1px solid #ddd; padding: 8px;\">0.750 &#8211; 1.5 Litre<\/td>\n<\/tr>\n<tr>\n<td style=\"border: 1px solid #ddd; padding: 8px;\">Meyveler<\/td>\n<td style=\"border: 1px solid #ddd; padding: 8px;\">300 &#8211; 500 ml<\/td>\n<td style=\"border: 1px solid #ddd; padding: 8px;\">0.750 &#8211; 1.5 Litre<\/td>\n<\/tr>\n<\/tbody>\n<\/table>\n<p>Mahsullerinizin b\u00fcy\u00fcmesini ve kalitesini art\u0131rmak i\u00e7in BIMCO International&#8217;dan GREEN POWER&#8217;\u0131 se\u00e7in. <strong><span style=\"color: #99cc00;\"><a style=\"color: #99cc00;\" href=\"https:\/\/api.whatsapp.com\/send\/?phone=908503096351&amp;text=%D9%85%D8%B1%D8%AD%D8%A8%D8%A7%D9%8B+%D8%A7%D8%B1%D9%8A%D8%AF+%D8%A7%D9%84%D8%A5%D8%B3%D8%AA%D9%81%D8%B3%D8%A7%D8%B1+%D8%B9%D9%86+%D9%87%D8%B0%D8%A0+%D8%A7%D9%84%D9%85%D9%86%D8%AA%D8%AC%0A%0A%0A%0Ahttps%3A%2F%2Fbimcointernational.com%2F&amp;type=phone_number&amp;app_absent=0\" target=\"_blank\" rel=\"noopener\">Daha fazla bilgi edinmek i\u00e7in bug\u00fcn WhatsApp arac\u0131l\u0131\u011f\u0131yla bize ula\u015f\u0131n<\/a>.<\/span><\/strong><\/p>\n","protected":false},"excerpt":{"rendered":"<p><span style=\"color: #99cc00;\"><b>GREEN POWER:<\/b><\/span> BIMCO International&#8217;\u0131n kimyasal g\u00fcbresi. Bitki b\u00fcy\u00fcmesini uyar\u0131r, vejetatif ve k\u00f6k k\u00fctlesini art\u0131r\u0131r, \u00e7i\u00e7eklenmeyi te\u015fvik eder ve k\u00fcresel olarak optimum verim i\u00e7in meyve kalitesini iyile\u015ftirir.<\/p>\n","protected":false},"featured_media":5982,"comment_status":"open","ping_status":"closed","template":"","meta":{"_eb_attr":"","site-sidebar-layout":"default","site-content-layout":"","ast-site-content-layout":"default","site-content-style":"default","site-sidebar-style":"default","ast-global-header-display":"","ast-banner-title-visibility":"","ast-main-header-display":"","ast-hfb-above-header-display":"","ast-hfb-below-header-display":"","ast-hfb-mobile-header-display":"","site-post-title":"","ast-breadcrumbs-content":"","ast-featured-img":"","footer-sml-layout":"","ast-disable-related-posts":"","theme-transparent-header-meta":"default","adv-header-id-meta":"","stick-header-meta":"","header-above-stick-meta":"","header-main-stick-meta":"","header-below-stick-meta":"","astra-migrate-meta-layouts":"set","ast-page-background-enabled":"default","ast-page-background-meta":{"desktop":{"background-color":"var(--ast-global-color-4)","background-image":"","background-repeat":"repeat","background-position":"center center","background-size":"auto","background-attachment":"scroll","background-type":"","background-media":"","overlay-type":"","overlay-color":"","overlay-opacity":"","overlay-gradient":""},"tablet":{"background-color":"","background-image":"","background-repeat":"repeat","background-position":"center center","background-size":"auto","background-attachment":"scroll","background-type":"","background-media":"","overlay-type":"","overlay-color":"","overlay-opacity":"","overlay-gradient":""},"mobile":{"background-color":"","background-image":"","background-repeat":"repeat","background-position":"center center","background-size":"auto","background-attachment":"scroll","background-type":"","background-media":"","overlay-type":"","overlay-color":"","overlay-opacity":"","overlay-gradient":""}},"ast-content-background-meta":{"desktop":{"background-color":"var(--ast-global-color-5)","background-image":"","background-repeat":"repeat","background-position":"center center","background-size":"auto","background-attachment":"scroll","background-type":"","background-media":"","overlay-type":"","overlay-color":"","overlay-opacity":"","overlay-gradient":""},"tablet":{"background-color":"var(--ast-global-color-5)","background-image":"","background-repeat":"repeat","background-position":"center center","background-size":"auto","background-attachment":"scroll","background-type":"","background-media":"","overlay-type":"","overlay-color":"","overlay-opacity":"","overlay-gradient":""},"mobile":{"background-color":"var(--ast-global-color-5)","background-image":"","background-repeat":"repeat","background-position":"center center","background-size":"auto","background-attachment":"scroll","background-type":"","background-media":"","overlay-type":"","overlay-color":"","overlay-opacity":"","overlay-gradient":""}},"_joinchat":[]},"product_brand":[],"product_cat":[99],"product_tag":[],"class_list":{"0":"post-5984","1":"product","2":"type-product","3":"status-publish","4":"has-post-thumbnail","6":"product_cat-korfez-urunleri","7":"desktop-align-left","8":"tablet-align-left","9":"mobile-align-left","11":"first","12":"instock","13":"shipping-taxable","14":"product-type-simple"},"yoast_head":"<!-- This site is optimized with the Yoast SEO plugin v27.4 - https:\/\/yoast.com\/product\/yoast-seo-wordpress\/ -->\n<title>GREEN POWER: Azot, Fosfor ve Mikro Besinler + Organik Madde \u0130\u00e7eren Kimyasal G\u00fcbre- bimco international<\/title>\n<meta name=\"description\" content=\"GREEN POWER: Vejetatif ve k\u00f6k geli\u015fimini art\u0131ran, \u00e7i\u00e7eklenmeyi te\u015fvik eden ve k\u00fcresel olarak optimum verim i\u00e7in meyve tutumunu\/kalitesini iyile\u015ftiren kimyasal g\u00fcbre.\" \/>\n<meta name=\"robots\" content=\"index, follow, max-snippet:-1, max-image-preview:large, max-video-preview:-1\" \/>\n<link rel=\"canonical\" href=\"https:\/\/bimcointernational.com\/tr\/urun\/bimco-green-power\/\" \/>\n<meta property=\"og:locale\" content=\"tr_TR\" \/>\n<meta property=\"og:type\" content=\"article\" \/>\n<meta property=\"og:title\" content=\"GREEN POWER: Azot, Fosfor ve Mikro Besinler + Organik Madde \u0130\u00e7eren Kimyasal G\u00fcbre- bimco international\" \/>\n<meta property=\"og:description\" content=\"GREEN POWER: Vejetatif ve k\u00f6k geli\u015fimini art\u0131ran, \u00e7i\u00e7eklenmeyi te\u015fvik eden ve k\u00fcresel olarak optimum verim i\u00e7in meyve tutumunu\/kalitesini iyile\u015ftiren kimyasal g\u00fcbre.\" \/>\n<meta property=\"og:url\" content=\"https:\/\/bimcointernational.com\/tr\/urun\/bimco-green-power\/\" \/>\n<meta property=\"og:site_name\" content=\"bimco international\" \/>\n<meta property=\"article:publisher\" content=\"https:\/\/www.facebook.com\/B9K9T\" \/>\n<meta property=\"article:modified_time\" content=\"2025-07-15T13:43:05+00:00\" \/>\n<meta property=\"og:image\" content=\"https:\/\/bimcointernational.com\/wp-content\/uploads\/2025\/07\/GREEN-POWER.png\" \/>\n\t<meta property=\"og:image:width\" content=\"1500\" \/>\n\t<meta property=\"og:image:height\" content=\"1500\" \/>\n\t<meta property=\"og:image:type\" content=\"image\/png\" \/>\n<meta name=\"twitter:card\" content=\"summary_large_image\" \/>\n<meta name=\"twitter:label1\" content=\"Tahmini okuma s\u00fcresi\" \/>\n\t<meta name=\"twitter:data1\" content=\"2 dakika\" \/>\n<script type=\"application\/ld+json\" class=\"yoast-schema-graph\">{\"@context\":\"https:\\\/\\\/schema.org\",\"@graph\":[{\"@type\":\"WebPage\",\"@id\":\"https:\\\/\\\/bimcointernational.com\\\/tr\\\/urun\\\/bimco-green-power\\\/\",\"url\":\"https:\\\/\\\/bimcointernational.com\\\/tr\\\/urun\\\/bimco-green-power\\\/\",\"name\":\"GREEN POWER: Azot, Fosfor ve Mikro Besinler + Organik Madde \u0130\u00e7eren Kimyasal G\u00fcbre- bimco international\",\"isPartOf\":{\"@id\":\"https:\\\/\\\/bimcointernational.com\\\/tr\\\/#website\"},\"primaryImageOfPage\":{\"@id\":\"https:\\\/\\\/bimcointernational.com\\\/tr\\\/urun\\\/bimco-green-power\\\/#primaryimage\"},\"image\":{\"@id\":\"https:\\\/\\\/bimcointernational.com\\\/tr\\\/urun\\\/bimco-green-power\\\/#primaryimage\"},\"thumbnailUrl\":\"https:\\\/\\\/bimcointernational.com\\\/wp-content\\\/uploads\\\/2025\\\/07\\\/GREEN-POWER.png\",\"datePublished\":\"2025-07-15T13:32:38+00:00\",\"dateModified\":\"2025-07-15T13:43:05+00:00\",\"description\":\"GREEN POWER: Vejetatif ve k\u00f6k geli\u015fimini art\u0131ran, \u00e7i\u00e7eklenmeyi te\u015fvik eden ve k\u00fcresel olarak optimum verim i\u00e7in meyve tutumunu\\\/kalitesini iyile\u015ftiren kimyasal g\u00fcbre.\",\"breadcrumb\":{\"@id\":\"https:\\\/\\\/bimcointernational.com\\\/tr\\\/urun\\\/bimco-green-power\\\/#breadcrumb\"},\"inLanguage\":\"tr\",\"potentialAction\":[{\"@type\":\"ReadAction\",\"target\":[\"https:\\\/\\\/bimcointernational.com\\\/tr\\\/urun\\\/bimco-green-power\\\/\"]}]},{\"@type\":\"ImageObject\",\"inLanguage\":\"tr\",\"@id\":\"https:\\\/\\\/bimcointernational.com\\\/tr\\\/urun\\\/bimco-green-power\\\/#primaryimage\",\"url\":\"https:\\\/\\\/bimcointernational.com\\\/wp-content\\\/uploads\\\/2025\\\/07\\\/GREEN-POWER.png\",\"contentUrl\":\"https:\\\/\\\/bimcointernational.com\\\/wp-content\\\/uploads\\\/2025\\\/07\\\/GREEN-POWER.png\",\"width\":1500,\"height\":1500,\"caption\":\"GREEN POWER: Enhances vegetative and root mass and stimulates flowering.\"},{\"@type\":\"BreadcrumbList\",\"@id\":\"https:\\\/\\\/bimcointernational.com\\\/tr\\\/urun\\\/bimco-green-power\\\/#breadcrumb\",\"itemListElement\":[{\"@type\":\"ListItem\",\"position\":1,\"name\":\"Home\",\"item\":\"https:\\\/\\\/bimcointernational.com\\\/tr\\\/\"},{\"@type\":\"ListItem\",\"position\":2,\"name\":\"\u00dcr\u00fcnlerimiz\",\"item\":\"https:\\\/\\\/bimcointernational.com\\\/tr\\\/urunlerimiz\\\/\"},{\"@type\":\"ListItem\",\"position\":3,\"name\":\"GREEN POWER\"}]},{\"@type\":\"WebSite\",\"@id\":\"https:\\\/\\\/bimcointernational.com\\\/tr\\\/#website\",\"url\":\"https:\\\/\\\/bimcointernational.com\\\/tr\\\/\",\"name\":\"bimco international\",\"description\":\"\u0634\u0631\u0643\u0629 \u0628\u064a\u0645\u0643\u0648 \u0627\u0644\u0643\u064a\u0645\u064a\u0627\u0626\u064a\u0629 \u0644\u0635\u0646\u0627\u0639\u0629 \u0627\u0644\u0645\u0628\u064a\u062f\u0627\u062a \u0648\u0627\u0644\u0623\u0633\u0645\u062f\u0629 \u0639\u0627\u0644\u064a\u0629 \u0627\u0644\u062c\u0648\u062f\u0629 35 \u0639\u0627\u0645\u0627 \u0645\u0646 \u0627\u0644\u062e\u0628\u0631\u0629 \u0646\u0636\u0639\u0647\u0627 \u0628\u064a\u0646 \u0623\u064a\u062f\u064a\u0643\u0645\",\"publisher\":{\"@id\":\"https:\\\/\\\/bimcointernational.com\\\/tr\\\/#organization\"},\"potentialAction\":[{\"@type\":\"SearchAction\",\"target\":{\"@type\":\"EntryPoint\",\"urlTemplate\":\"https:\\\/\\\/bimcointernational.com\\\/tr\\\/?s={search_term_string}\"},\"query-input\":{\"@type\":\"PropertyValueSpecification\",\"valueRequired\":true,\"valueName\":\"search_term_string\"}}],\"inLanguage\":\"tr\"},{\"@type\":\"Organization\",\"@id\":\"https:\\\/\\\/bimcointernational.com\\\/tr\\\/#organization\",\"name\":\"bimco international\",\"url\":\"https:\\\/\\\/bimcointernational.com\\\/tr\\\/\",\"logo\":{\"@type\":\"ImageObject\",\"inLanguage\":\"tr\",\"@id\":\"https:\\\/\\\/bimcointernational.com\\\/tr\\\/#\\\/schema\\\/logo\\\/image\\\/\",\"url\":\"https:\\\/\\\/bimcointernational.com\\\/wp-content\\\/uploads\\\/2023\\\/03\\\/bimco-international.png\",\"contentUrl\":\"https:\\\/\\\/bimcointernational.com\\\/wp-content\\\/uploads\\\/2023\\\/03\\\/bimco-international.png\",\"width\":1000,\"height\":283,\"caption\":\"bimco international\"},\"image\":{\"@id\":\"https:\\\/\\\/bimcointernational.com\\\/tr\\\/#\\\/schema\\\/logo\\\/image\\\/\"},\"sameAs\":[\"https:\\\/\\\/www.facebook.com\\\/B9K9T\",\"https:\\\/\\\/www.instagram.com\\\/bimcokimya\\\/\"]}]}<\/script>\n<!-- \/ Yoast SEO plugin. -->","yoast_head_json":{"title":"GREEN POWER: Azot, Fosfor ve Mikro Besinler + Organik Madde \u0130\u00e7eren Kimyasal G\u00fcbre- bimco international","description":"GREEN POWER: Vejetatif ve k\u00f6k geli\u015fimini art\u0131ran, \u00e7i\u00e7eklenmeyi te\u015fvik eden ve k\u00fcresel olarak optimum verim i\u00e7in meyve tutumunu\/kalitesini iyile\u015ftiren kimyasal g\u00fcbre.","robots":{"index":"index","follow":"follow","max-snippet":"max-snippet:-1","max-image-preview":"max-image-preview:large","max-video-preview":"max-video-preview:-1"},"canonical":"https:\/\/bimcointernational.com\/tr\/urun\/bimco-green-power\/","og_locale":"tr_TR","og_type":"article","og_title":"GREEN POWER: Azot, Fosfor ve Mikro Besinler + Organik Madde \u0130\u00e7eren Kimyasal G\u00fcbre- bimco international","og_description":"GREEN POWER: Vejetatif ve k\u00f6k geli\u015fimini art\u0131ran, \u00e7i\u00e7eklenmeyi te\u015fvik eden ve k\u00fcresel olarak optimum verim i\u00e7in meyve tutumunu\/kalitesini iyile\u015ftiren kimyasal g\u00fcbre.","og_url":"https:\/\/bimcointernational.com\/tr\/urun\/bimco-green-power\/","og_site_name":"bimco international","article_publisher":"https:\/\/www.facebook.com\/B9K9T","article_modified_time":"2025-07-15T13:43:05+00:00","og_image":[{"width":1500,"height":1500,"url":"https:\/\/bimcointernational.com\/wp-content\/uploads\/2025\/07\/GREEN-POWER.png","type":"image\/png"}],"twitter_card":"summary_large_image","twitter_misc":{"Tahmini okuma s\u00fcresi":"2 dakika"},"schema":{"@context":"https:\/\/schema.org","@graph":[{"@type":"WebPage","@id":"https:\/\/bimcointernational.com\/tr\/urun\/bimco-green-power\/","url":"https:\/\/bimcointernational.com\/tr\/urun\/bimco-green-power\/","name":"GREEN POWER: Azot, Fosfor ve Mikro Besinler + Organik Madde \u0130\u00e7eren Kimyasal G\u00fcbre- bimco international","isPartOf":{"@id":"https:\/\/bimcointernational.com\/tr\/#website"},"primaryImageOfPage":{"@id":"https:\/\/bimcointernational.com\/tr\/urun\/bimco-green-power\/#primaryimage"},"image":{"@id":"https:\/\/bimcointernational.com\/tr\/urun\/bimco-green-power\/#primaryimage"},"thumbnailUrl":"https:\/\/bimcointernational.com\/wp-content\/uploads\/2025\/07\/GREEN-POWER.png","datePublished":"2025-07-15T13:32:38+00:00","dateModified":"2025-07-15T13:43:05+00:00","description":"GREEN POWER: Vejetatif ve k\u00f6k geli\u015fimini art\u0131ran, \u00e7i\u00e7eklenmeyi te\u015fvik eden ve k\u00fcresel olarak optimum verim i\u00e7in meyve tutumunu\/kalitesini iyile\u015ftiren kimyasal g\u00fcbre.","breadcrumb":{"@id":"https:\/\/bimcointernational.com\/tr\/urun\/bimco-green-power\/#breadcrumb"},"inLanguage":"tr","potentialAction":[{"@type":"ReadAction","target":["https:\/\/bimcointernational.com\/tr\/urun\/bimco-green-power\/"]}]},{"@type":"ImageObject","inLanguage":"tr","@id":"https:\/\/bimcointernational.com\/tr\/urun\/bimco-green-power\/#primaryimage","url":"https:\/\/bimcointernational.com\/wp-content\/uploads\/2025\/07\/GREEN-POWER.png","contentUrl":"https:\/\/bimcointernational.com\/wp-content\/uploads\/2025\/07\/GREEN-POWER.png","width":1500,"height":1500,"caption":"GREEN POWER: Enhances vegetative and root mass and stimulates flowering."},{"@type":"BreadcrumbList","@id":"https:\/\/bimcointernational.com\/tr\/urun\/bimco-green-power\/#breadcrumb","itemListElement":[{"@type":"ListItem","position":1,"name":"Home","item":"https:\/\/bimcointernational.com\/tr\/"},{"@type":"ListItem","position":2,"name":"\u00dcr\u00fcnlerimiz","item":"https:\/\/bimcointernational.com\/tr\/urunlerimiz\/"},{"@type":"ListItem","position":3,"name":"GREEN POWER"}]},{"@type":"WebSite","@id":"https:\/\/bimcointernational.com\/tr\/#website","url":"https:\/\/bimcointernational.com\/tr\/","name":"bimco international","description":"\u0634\u0631\u0643\u0629 \u0628\u064a\u0645\u0643\u0648 \u0627\u0644\u0643\u064a\u0645\u064a\u0627\u0626\u064a\u0629 \u0644\u0635\u0646\u0627\u0639\u0629 \u0627\u0644\u0645\u0628\u064a\u062f\u0627\u062a \u0648\u0627\u0644\u0623\u0633\u0645\u062f\u0629 \u0639\u0627\u0644\u064a\u0629 \u0627\u0644\u062c\u0648\u062f\u0629 35 \u0639\u0627\u0645\u0627 \u0645\u0646 \u0627\u0644\u062e\u0628\u0631\u0629 \u0646\u0636\u0639\u0647\u0627 \u0628\u064a\u0646 \u0623\u064a\u062f\u064a\u0643\u0645","publisher":{"@id":"https:\/\/bimcointernational.com\/tr\/#organization"},"potentialAction":[{"@type":"SearchAction","target":{"@type":"EntryPoint","urlTemplate":"https:\/\/bimcointernational.com\/tr\/?s={search_term_string}"},"query-input":{"@type":"PropertyValueSpecification","valueRequired":true,"valueName":"search_term_string"}}],"inLanguage":"tr"},{"@type":"Organization","@id":"https:\/\/bimcointernational.com\/tr\/#organization","name":"bimco international","url":"https:\/\/bimcointernational.com\/tr\/","logo":{"@type":"ImageObject","inLanguage":"tr","@id":"https:\/\/bimcointernational.com\/tr\/#\/schema\/logo\/image\/","url":"https:\/\/bimcointernational.com\/wp-content\/uploads\/2023\/03\/bimco-international.png","contentUrl":"https:\/\/bimcointernational.com\/wp-content\/uploads\/2023\/03\/bimco-international.png","width":1000,"height":283,"caption":"bimco international"},"image":{"@id":"https:\/\/bimcointernational.com\/tr\/#\/schema\/logo\/image\/"},"sameAs":["https:\/\/www.facebook.com\/B9K9T","https:\/\/www.instagram.com\/bimcokimya\/"]}]}},"jetpack_sharing_enabled":true,"_links":{"self":[{"href":"https:\/\/bimcointernational.com\/tr\/wp-json\/wp\/v2\/product\/5984","targetHints":{"allow":["GET"]}}],"collection":[{"href":"https:\/\/bimcointernational.com\/tr\/wp-json\/wp\/v2\/product"}],"about":[{"href":"https:\/\/bimcointernational.com\/tr\/wp-json\/wp\/v2\/types\/product"}],"replies":[{"embeddable":true,"href":"https:\/\/bimcointernational.com\/tr\/wp-json\/wp\/v2\/comments?post=5984"}],"wp:featuredmedia":[{"embeddable":true,"href":"https:\/\/bimcointernational.com\/tr\/wp-json\/wp\/v2\/media\/5982"}],"wp:attachment":[{"href":"https:\/\/bimcointernational.com\/tr\/wp-json\/wp\/v2\/media?parent=5984"}],"wp:term":[{"taxonomy":"product_brand","embeddable":true,"href":"https:\/\/bimcointernational.com\/tr\/wp-json\/wp\/v2\/product_brand?post=5984"},{"taxonomy":"product_cat","embeddable":true,"href":"https:\/\/bimcointernational.com\/tr\/wp-json\/wp\/v2\/product_cat?post=5984"},{"taxonomy":"product_tag","embeddable":true,"href":"https:\/\/bimcointernational.com\/tr\/wp-json\/wp\/v2\/product_tag?post=5984"}],"curies":[{"name":"wp","href":"https:\/\/api.w.org\/{rel}","templated":true}]}}