{"id":5964,"date":"2025-07-15T12:42:49","date_gmt":"2025-07-15T12:42:49","guid":{"rendered":"https:\/\/bimcointernational.com\/product\/bimco-bimo-calbor\/"},"modified":"2025-07-15T12:55:16","modified_gmt":"2025-07-15T12:55:16","slug":"bimco-bimo-calbor","status":"publish","type":"product","link":"https:\/\/bimcointernational.com\/tr\/urun\/bimco-bimo-calbor\/","title":{"rendered":"BIMO CALBOR"},"content":{"rendered":"<h1><span style=\"color: #99cc00;\"><strong>BIMO CALBOR: Azot, Kalsiyum, Bor ve Organik Madde \u0130\u00e7eren Organik-Kimyasal G\u00fcbre<\/strong><\/span><\/h1>\n<p>Mahsul meyvelerinizin maksimum kalitesini, sertli\u011fini ve raf \u00f6mr\u00fcn\u00fc elde etmek i\u00e7in dengeli beslenme hayati \u00f6nem ta\u015f\u0131r. <span style=\"color: #99cc00;\"><strong>BIMCO International<\/strong><\/span>, optimum b\u00fcy\u00fcme ve yo\u011fun kaliteli \u00fcretim sa\u011flamak i\u00e7in Azot, Kalsiyum ve Bor&#8217;u bir araya getiren, organik madde eklenmi\u015f e\u015fsiz bir organik-kimyasal g\u00fcbre olan <span style=\"color: #99cc00;\"><strong>BIMO CALBOR<\/strong><\/span>&#8216;u sunar.<\/p>\n<h2><span style=\"color: #99cc00;\"><strong>G\u00fcbre Tan\u0131m\u0131 ve Temel Faydalar\u0131:<\/strong><\/span><\/h2>\n<ul>\n<li><strong>Eksiklik Belirtilerini \u00d6nler:<\/strong> Bitkilerdeki azot, kalsiyum ve bor eksikli\u011fi belirtilerini etkili bir \u015fekilde \u00f6nler.<\/li>\n<li><strong>Meyve Kalitesini Art\u0131r\u0131r:<\/strong> Meyve kalitesini, sertli\u011fini, sa\u011flaml\u0131\u011f\u0131n\u0131 ve raf \u00f6mr\u00fcn\u00fc \u00f6nemli \u00f6l\u00e7\u00fcde art\u0131r\u0131r, b\u00f6ylece ta\u015f\u0131ma ve depolamaya dayanma yeteneklerini geli\u015ftirir.<\/li>\n<li><strong>H\u0131zl\u0131 B\u00fcy\u00fcme ve Yo\u011fun \u00dcretim:<\/strong> Azotun y\u00fcksek konsantrasyonu, di\u011fer elementlerle sinerji i\u00e7inde, h\u0131zl\u0131 b\u00fcy\u00fcme ve temel elementlerin dengeli bir \u015fekilde sa\u011flanmas\u0131na yard\u0131mc\u0131 olarak yo\u011fun kaliteli \u00fcretime yol a\u00e7ar.<\/li>\n<li><strong>Dengeli Beslenme:<\/strong> \u00c7e\u015fitli b\u00fcy\u00fcme a\u015famalar\u0131nda bitkiye kapsaml\u0131 destek sa\u011flamak i\u00e7in ideal bir makro ve mikro besin kar\u0131\u015f\u0131m\u0131 sunar.<\/li>\n<\/ul>\n<h2><span style=\"color: #99cc00;\"><strong>Bile\u015fenler (A\/H%):<\/strong><\/span><\/h2>\n<table style=\"width: 100%; border-collapse: collapse; text-align: center;\">\n<thead>\n<tr>\n<th style=\"border: 1px solid #ddd; padding: 8px; background-color: #8bc34a;\"><span style=\"color: #ffffff;\">Bile\u015fen<\/span><\/th>\n<th style=\"border: 1px solid #ddd; padding: 8px; background-color: #8bc34a;\"><span style=\"color: #ffffff;\">A\/H%<\/span><\/th>\n<th style=\"border: 1px solid #ddd; padding: 8px; background-color: #8bc34a;\"><span style=\"color: #ffffff;\">Kaynak<\/span><\/th>\n<\/tr>\n<\/thead>\n<tbody>\n<tr>\n<td style=\"border: 1px solid #ddd; padding: 8px;\">Azot (N): Toplam Azot N<\/td>\n<td style=\"border: 1px solid #ddd; padding: 8px;\">%25<\/td>\n<td style=\"border: 1px solid #ddd; padding: 8px;\">\u00dcre %22, Nitrik Asit %3<\/td>\n<\/tr>\n<tr>\n<td style=\"border: 1px solid #ddd; padding: 8px;\">Organik Madde: Toplam Organik Madde<\/td>\n<td style=\"border: 1px solid #ddd; padding: 8px;\">%25<\/td>\n<td style=\"border: 1px solid #ddd; padding: 8px;\">Karboksilik Asit<\/td>\n<\/tr>\n<tr>\n<td style=\"border: 1px solid #ddd; padding: 8px;\">Fosfor Oksit (P2O5): Fosfor Pentaoksit P2O5<\/td>\n<td style=\"border: 1px solid #ddd; padding: 8px;\">%6<\/td>\n<td style=\"border: 1px solid #ddd; padding: 8px;\">Fosforik Asit<\/td>\n<\/tr>\n<tr>\n<td style=\"border: 1px solid #ddd; padding: 8px;\">\u00c7inko (Zn-edta)<\/td>\n<td style=\"border: 1px solid #ddd; padding: 8px;\">%1.5<\/td>\n<td style=\"border: 1px solid #ddd; padding: 8px;\">\u00c7inko Nitrat<\/td>\n<\/tr>\n<tr>\n<td style=\"border: 1px solid #ddd; padding: 8px;\">Demir (Fe-edta)<\/td>\n<td style=\"border: 1px solid #ddd; padding: 8px;\">%1<\/td>\n<td style=\"border: 1px solid #ddd; padding: 8px;\">Demir Oksit<\/td>\n<\/tr>\n<tr>\n<td style=\"border: 1px solid #ddd; padding: 8px;\">Manganez (Mn)<\/td>\n<td style=\"border: 1px solid #ddd; padding: 8px;\">%0.5<\/td>\n<td style=\"border: 1px solid #ddd; padding: 8px;\">Manganez S\u00fclfat<\/td>\n<\/tr>\n<tr>\n<td style=\"border: 1px solid #ddd; padding: 8px;\">Bak\u0131r (Cu)<\/td>\n<td style=\"border: 1px solid #ddd; padding: 8px;\">%0.5<\/td>\n<td style=\"border: 1px solid #ddd; padding: 8px;\">Karboksilik Asit<\/td>\n<\/tr>\n<\/tbody>\n<\/table>\n<h2><span style=\"color: #99cc00;\"><strong>Uygulama Oranlar\u0131:<\/strong><\/span><\/h2>\n<table style=\"width: 100%; border-collapse: collapse; text-align: center;\">\n<thead>\n<tr>\n<th style=\"border: 1px solid #ddd; padding: 8px; background-color: #8bc34a;\"><span style=\"color: #ffffff;\">\u00dcr\u00fcn<\/span><\/th>\n<th style=\"border: 1px solid #ddd; padding: 8px; background-color: #8bc34a;\"><span style=\"color: #ffffff;\">Yaprak P\u00fcsk\u00fcrtme \/ 200 Litre (ml)<\/span><\/th>\n<th style=\"border: 1px solid #ddd; padding: 8px; background-color: #8bc34a;\"><span style=\"color: #ffffff;\">Damla Sulama \/ Dekar (Litre \/ Dekar)<\/span><\/th>\n<\/tr>\n<\/thead>\n<tbody>\n<tr>\n<td style=\"border: 1px solid #ddd; padding: 8px;\">Sebzeler<\/td>\n<td style=\"border: 1px solid #ddd; padding: 8px;\">400 &#8211; 600 ml<\/td>\n<td style=\"border: 1px solid #ddd; padding: 8px;\">1.5 &#8211; 2 Litre<\/td>\n<\/tr>\n<tr>\n<td style=\"border: 1px solid #ddd; padding: 8px;\">Meyveler<\/td>\n<td style=\"border: 1px solid #ddd; padding: 8px;\">400 &#8211; 600 ml<\/td>\n<td style=\"border: 1px solid #ddd; padding: 8px;\">1.5 &#8211; 2 Litre<\/td>\n<\/tr>\n<\/tbody>\n<\/table>\n<p>Mahsul meyvelerinizin maksimum kalitesini, sertli\u011fini ve raf \u00f6mr\u00fcn\u00fc elde etmek i\u00e7in BIMCO International&#8217;dan <span style=\"color: #99cc00;\">BIMO CALBOR<\/span>&#8216;u se\u00e7in. <span style=\"color: #99cc00;\"><a style=\"color: #99cc00;\" href=\"https:\/\/api.whatsapp.com\/send\/?phone=908503096351&amp;text=%D9%85%D8%B1%D8%AD%D8%A8%D8%A7%D9%8B+%D8%A7%D8%B1%D9%8A%D8%AF+%D8%A7%D9%84%D8%A5%D8%B3%D8%AA%D9%81%D8%B3%D8%A7%D8%B1+%D8%B9%D9%86+%D9%87%D8%B0%D8%A7+%D8%A7%D9%84%D9%85%D9%86%D8%AA%D8%AC%0A%0A%0A%0Ahttps%3A%2F%2Fbimcointernational.com%2F&amp;type=phone_number&amp;app_absent=0\" target=\"_blank\" rel=\"noopener\">Daha fazla bilgi edinmek i\u00e7in bug\u00fcn WhatsApp arac\u0131l\u0131\u011f\u0131yla bize ula\u015f\u0131n<\/a>.<\/span><\/p>\n","protected":false},"excerpt":{"rendered":"<p><span style=\"color: #99cc00;\"><b>BIMO CALBOR:<\/b><\/span> BIMCO International&#8217;\u0131n Azot, Kalsiyum ve Bor i\u00e7eren organik-kimyasal g\u00fcbresi. Eksiklikleri \u00f6nler, k\u00fcresel meyve kalitesini, sertli\u011fini ve raf \u00f6mr\u00fcn\u00fc art\u0131r\u0131r, yo\u011fun \u00fcretimi destekler.<\/p>\n","protected":false},"featured_media":5962,"comment_status":"open","ping_status":"closed","template":"","meta":{"_eb_attr":"","site-sidebar-layout":"default","site-content-layout":"","ast-site-content-layout":"default","site-content-style":"default","site-sidebar-style":"default","ast-global-header-display":"","ast-banner-title-visibility":"","ast-main-header-display":"","ast-hfb-above-header-display":"","ast-hfb-below-header-display":"","ast-hfb-mobile-header-display":"","site-post-title":"","ast-breadcrumbs-content":"","ast-featured-img":"","footer-sml-layout":"","ast-disable-related-posts":"","theme-transparent-header-meta":"default","adv-header-id-meta":"","stick-header-meta":"","header-above-stick-meta":"","header-main-stick-meta":"","header-below-stick-meta":"","astra-migrate-meta-layouts":"set","ast-page-background-enabled":"default","ast-page-background-meta":{"desktop":{"background-color":"var(--ast-global-color-4)","background-image":"","background-repeat":"repeat","background-position":"center center","background-size":"auto","background-attachment":"scroll","background-type":"","background-media":"","overlay-type":"","overlay-color":"","overlay-opacity":"","overlay-gradient":""},"tablet":{"background-color":"","background-image":"","background-repeat":"repeat","background-position":"center center","background-size":"auto","background-attachment":"scroll","background-type":"","background-media":"","overlay-type":"","overlay-color":"","overlay-opacity":"","overlay-gradient":""},"mobile":{"background-color":"","background-image":"","background-repeat":"repeat","background-position":"center center","background-size":"auto","background-attachment":"scroll","background-type":"","background-media":"","overlay-type":"","overlay-color":"","overlay-opacity":"","overlay-gradient":""}},"ast-content-background-meta":{"desktop":{"background-color":"var(--ast-global-color-5)","background-image":"","background-repeat":"repeat","background-position":"center center","background-size":"auto","background-attachment":"scroll","background-type":"","background-media":"","overlay-type":"","overlay-color":"","overlay-opacity":"","overlay-gradient":""},"tablet":{"background-color":"var(--ast-global-color-5)","background-image":"","background-repeat":"repeat","background-position":"center center","background-size":"auto","background-attachment":"scroll","background-type":"","background-media":"","overlay-type":"","overlay-color":"","overlay-opacity":"","overlay-gradient":""},"mobile":{"background-color":"var(--ast-global-color-5)","background-image":"","background-repeat":"repeat","background-position":"center center","background-size":"auto","background-attachment":"scroll","background-type":"","background-media":"","overlay-type":"","overlay-color":"","overlay-opacity":"","overlay-gradient":""}},"_joinchat":[]},"product_brand":[],"product_cat":[99],"product_tag":[],"class_list":{"0":"post-5964","1":"product","2":"type-product","3":"status-publish","4":"has-post-thumbnail","6":"product_cat-korfez-urunleri","7":"desktop-align-left","8":"tablet-align-left","9":"mobile-align-left","11":"first","12":"instock","13":"shipping-taxable","14":"product-type-simple"},"yoast_head":"<!-- This site is optimized with the Yoast SEO plugin v27.4 - https:\/\/yoast.com\/product\/yoast-seo-wordpress\/ -->\n<title>BIMO CALBOR: Azot, Kalsiyum, Bor G\u00fcbresi Meyve Kalitesi ve Sertli\u011fi \u0130\u00e7in - bimco international<\/title>\n<meta name=\"description\" content=\"BIMO CALBOR: Azot, kalsiyum ve bor i\u00e7eren organik-kimyasal g\u00fcbre. Eksiklikleri \u00f6nler, k\u00fcresel meyve kalitesini, sertli\u011fini ve raf \u00f6mr\u00fcn\u00fc art\u0131r\u0131r, yo\u011fun \u00fcretimi destekler.\" \/>\n<meta name=\"robots\" content=\"index, follow, max-snippet:-1, max-image-preview:large, max-video-preview:-1\" \/>\n<link rel=\"canonical\" href=\"https:\/\/bimcointernational.com\/tr\/urun\/bimco-bimo-calbor\/\" \/>\n<meta property=\"og:locale\" content=\"tr_TR\" \/>\n<meta property=\"og:type\" content=\"article\" \/>\n<meta property=\"og:title\" content=\"BIMO CALBOR: Azot, Kalsiyum, Bor G\u00fcbresi Meyve Kalitesi ve Sertli\u011fi \u0130\u00e7in - bimco international\" \/>\n<meta property=\"og:description\" content=\"BIMO CALBOR: Azot, kalsiyum ve bor i\u00e7eren organik-kimyasal g\u00fcbre. Eksiklikleri \u00f6nler, k\u00fcresel meyve kalitesini, sertli\u011fini ve raf \u00f6mr\u00fcn\u00fc art\u0131r\u0131r, yo\u011fun \u00fcretimi destekler.\" \/>\n<meta property=\"og:url\" content=\"https:\/\/bimcointernational.com\/tr\/urun\/bimco-bimo-calbor\/\" \/>\n<meta property=\"og:site_name\" content=\"bimco international\" \/>\n<meta property=\"article:publisher\" content=\"https:\/\/www.facebook.com\/B9K9T\" \/>\n<meta property=\"article:modified_time\" content=\"2025-07-15T12:55:16+00:00\" \/>\n<meta property=\"og:image\" content=\"https:\/\/bimcointernational.com\/wp-content\/uploads\/2025\/07\/BIMO-CALBOR.png\" \/>\n\t<meta property=\"og:image:width\" content=\"1500\" \/>\n\t<meta property=\"og:image:height\" content=\"1500\" \/>\n\t<meta property=\"og:image:type\" content=\"image\/png\" \/>\n<meta name=\"twitter:card\" content=\"summary_large_image\" \/>\n<meta name=\"twitter:label1\" content=\"Tahmini okuma s\u00fcresi\" \/>\n\t<meta name=\"twitter:data1\" content=\"2 dakika\" \/>\n<script type=\"application\/ld+json\" class=\"yoast-schema-graph\">{\"@context\":\"https:\\\/\\\/schema.org\",\"@graph\":[{\"@type\":\"WebPage\",\"@id\":\"https:\\\/\\\/bimcointernational.com\\\/tr\\\/urun\\\/bimco-bimo-calbor\\\/\",\"url\":\"https:\\\/\\\/bimcointernational.com\\\/tr\\\/urun\\\/bimco-bimo-calbor\\\/\",\"name\":\"BIMO CALBOR: Azot, Kalsiyum, Bor G\u00fcbresi Meyve Kalitesi ve Sertli\u011fi \u0130\u00e7in - bimco international\",\"isPartOf\":{\"@id\":\"https:\\\/\\\/bimcointernational.com\\\/tr\\\/#website\"},\"primaryImageOfPage\":{\"@id\":\"https:\\\/\\\/bimcointernational.com\\\/tr\\\/urun\\\/bimco-bimo-calbor\\\/#primaryimage\"},\"image\":{\"@id\":\"https:\\\/\\\/bimcointernational.com\\\/tr\\\/urun\\\/bimco-bimo-calbor\\\/#primaryimage\"},\"thumbnailUrl\":\"https:\\\/\\\/bimcointernational.com\\\/wp-content\\\/uploads\\\/2025\\\/07\\\/BIMO-CALBOR.png\",\"datePublished\":\"2025-07-15T12:42:49+00:00\",\"dateModified\":\"2025-07-15T12:55:16+00:00\",\"description\":\"BIMO CALBOR: Azot, kalsiyum ve bor i\u00e7eren organik-kimyasal g\u00fcbre. Eksiklikleri \u00f6nler, k\u00fcresel meyve kalitesini, sertli\u011fini ve raf \u00f6mr\u00fcn\u00fc art\u0131r\u0131r, yo\u011fun \u00fcretimi destekler.\",\"breadcrumb\":{\"@id\":\"https:\\\/\\\/bimcointernational.com\\\/tr\\\/urun\\\/bimco-bimo-calbor\\\/#breadcrumb\"},\"inLanguage\":\"tr\",\"potentialAction\":[{\"@type\":\"ReadAction\",\"target\":[\"https:\\\/\\\/bimcointernational.com\\\/tr\\\/urun\\\/bimco-bimo-calbor\\\/\"]}]},{\"@type\":\"ImageObject\",\"inLanguage\":\"tr\",\"@id\":\"https:\\\/\\\/bimcointernational.com\\\/tr\\\/urun\\\/bimco-bimo-calbor\\\/#primaryimage\",\"url\":\"https:\\\/\\\/bimcointernational.com\\\/wp-content\\\/uploads\\\/2025\\\/07\\\/BIMO-CALBOR.png\",\"contentUrl\":\"https:\\\/\\\/bimcointernational.com\\\/wp-content\\\/uploads\\\/2025\\\/07\\\/BIMO-CALBOR.png\",\"width\":1500,\"height\":1500,\"caption\":\"BIMCO CALBOR: Protects and enhances fruit quality at all stages.\"},{\"@type\":\"BreadcrumbList\",\"@id\":\"https:\\\/\\\/bimcointernational.com\\\/tr\\\/urun\\\/bimco-bimo-calbor\\\/#breadcrumb\",\"itemListElement\":[{\"@type\":\"ListItem\",\"position\":1,\"name\":\"Home\",\"item\":\"https:\\\/\\\/bimcointernational.com\\\/tr\\\/\"},{\"@type\":\"ListItem\",\"position\":2,\"name\":\"\u00dcr\u00fcnlerimiz\",\"item\":\"https:\\\/\\\/bimcointernational.com\\\/tr\\\/urunlerimiz\\\/\"},{\"@type\":\"ListItem\",\"position\":3,\"name\":\"BIMO CALBOR\"}]},{\"@type\":\"WebSite\",\"@id\":\"https:\\\/\\\/bimcointernational.com\\\/tr\\\/#website\",\"url\":\"https:\\\/\\\/bimcointernational.com\\\/tr\\\/\",\"name\":\"bimco international\",\"description\":\"\u0634\u0631\u0643\u0629 \u0628\u064a\u0645\u0643\u0648 \u0627\u0644\u0643\u064a\u0645\u064a\u0627\u0626\u064a\u0629 \u0644\u0635\u0646\u0627\u0639\u0629 \u0627\u0644\u0645\u0628\u064a\u062f\u0627\u062a \u0648\u0627\u0644\u0623\u0633\u0645\u062f\u0629 \u0639\u0627\u0644\u064a\u0629 \u0627\u0644\u062c\u0648\u062f\u0629 35 \u0639\u0627\u0645\u0627 \u0645\u0646 \u0627\u0644\u062e\u0628\u0631\u0629 \u0646\u0636\u0639\u0647\u0627 \u0628\u064a\u0646 \u0623\u064a\u062f\u064a\u0643\u0645\",\"publisher\":{\"@id\":\"https:\\\/\\\/bimcointernational.com\\\/tr\\\/#organization\"},\"potentialAction\":[{\"@type\":\"SearchAction\",\"target\":{\"@type\":\"EntryPoint\",\"urlTemplate\":\"https:\\\/\\\/bimcointernational.com\\\/tr\\\/?s={search_term_string}\"},\"query-input\":{\"@type\":\"PropertyValueSpecification\",\"valueRequired\":true,\"valueName\":\"search_term_string\"}}],\"inLanguage\":\"tr\"},{\"@type\":\"Organization\",\"@id\":\"https:\\\/\\\/bimcointernational.com\\\/tr\\\/#organization\",\"name\":\"bimco international\",\"url\":\"https:\\\/\\\/bimcointernational.com\\\/tr\\\/\",\"logo\":{\"@type\":\"ImageObject\",\"inLanguage\":\"tr\",\"@id\":\"https:\\\/\\\/bimcointernational.com\\\/tr\\\/#\\\/schema\\\/logo\\\/image\\\/\",\"url\":\"https:\\\/\\\/bimcointernational.com\\\/wp-content\\\/uploads\\\/2023\\\/03\\\/bimco-international.png\",\"contentUrl\":\"https:\\\/\\\/bimcointernational.com\\\/wp-content\\\/uploads\\\/2023\\\/03\\\/bimco-international.png\",\"width\":1000,\"height\":283,\"caption\":\"bimco international\"},\"image\":{\"@id\":\"https:\\\/\\\/bimcointernational.com\\\/tr\\\/#\\\/schema\\\/logo\\\/image\\\/\"},\"sameAs\":[\"https:\\\/\\\/www.facebook.com\\\/B9K9T\",\"https:\\\/\\\/www.instagram.com\\\/bimcokimya\\\/\"]}]}<\/script>\n<!-- \/ Yoast SEO plugin. -->","yoast_head_json":{"title":"BIMO CALBOR: Azot, Kalsiyum, Bor G\u00fcbresi Meyve Kalitesi ve Sertli\u011fi \u0130\u00e7in - bimco international","description":"BIMO CALBOR: Azot, kalsiyum ve bor i\u00e7eren organik-kimyasal g\u00fcbre. Eksiklikleri \u00f6nler, k\u00fcresel meyve kalitesini, sertli\u011fini ve raf \u00f6mr\u00fcn\u00fc art\u0131r\u0131r, yo\u011fun \u00fcretimi destekler.","robots":{"index":"index","follow":"follow","max-snippet":"max-snippet:-1","max-image-preview":"max-image-preview:large","max-video-preview":"max-video-preview:-1"},"canonical":"https:\/\/bimcointernational.com\/tr\/urun\/bimco-bimo-calbor\/","og_locale":"tr_TR","og_type":"article","og_title":"BIMO CALBOR: Azot, Kalsiyum, Bor G\u00fcbresi Meyve Kalitesi ve Sertli\u011fi \u0130\u00e7in - bimco international","og_description":"BIMO CALBOR: Azot, kalsiyum ve bor i\u00e7eren organik-kimyasal g\u00fcbre. Eksiklikleri \u00f6nler, k\u00fcresel meyve kalitesini, sertli\u011fini ve raf \u00f6mr\u00fcn\u00fc art\u0131r\u0131r, yo\u011fun \u00fcretimi destekler.","og_url":"https:\/\/bimcointernational.com\/tr\/urun\/bimco-bimo-calbor\/","og_site_name":"bimco international","article_publisher":"https:\/\/www.facebook.com\/B9K9T","article_modified_time":"2025-07-15T12:55:16+00:00","og_image":[{"width":1500,"height":1500,"url":"https:\/\/bimcointernational.com\/wp-content\/uploads\/2025\/07\/BIMO-CALBOR.png","type":"image\/png"}],"twitter_card":"summary_large_image","twitter_misc":{"Tahmini okuma s\u00fcresi":"2 dakika"},"schema":{"@context":"https:\/\/schema.org","@graph":[{"@type":"WebPage","@id":"https:\/\/bimcointernational.com\/tr\/urun\/bimco-bimo-calbor\/","url":"https:\/\/bimcointernational.com\/tr\/urun\/bimco-bimo-calbor\/","name":"BIMO CALBOR: Azot, Kalsiyum, Bor G\u00fcbresi Meyve Kalitesi ve Sertli\u011fi \u0130\u00e7in - bimco international","isPartOf":{"@id":"https:\/\/bimcointernational.com\/tr\/#website"},"primaryImageOfPage":{"@id":"https:\/\/bimcointernational.com\/tr\/urun\/bimco-bimo-calbor\/#primaryimage"},"image":{"@id":"https:\/\/bimcointernational.com\/tr\/urun\/bimco-bimo-calbor\/#primaryimage"},"thumbnailUrl":"https:\/\/bimcointernational.com\/wp-content\/uploads\/2025\/07\/BIMO-CALBOR.png","datePublished":"2025-07-15T12:42:49+00:00","dateModified":"2025-07-15T12:55:16+00:00","description":"BIMO CALBOR: Azot, kalsiyum ve bor i\u00e7eren organik-kimyasal g\u00fcbre. Eksiklikleri \u00f6nler, k\u00fcresel meyve kalitesini, sertli\u011fini ve raf \u00f6mr\u00fcn\u00fc art\u0131r\u0131r, yo\u011fun \u00fcretimi destekler.","breadcrumb":{"@id":"https:\/\/bimcointernational.com\/tr\/urun\/bimco-bimo-calbor\/#breadcrumb"},"inLanguage":"tr","potentialAction":[{"@type":"ReadAction","target":["https:\/\/bimcointernational.com\/tr\/urun\/bimco-bimo-calbor\/"]}]},{"@type":"ImageObject","inLanguage":"tr","@id":"https:\/\/bimcointernational.com\/tr\/urun\/bimco-bimo-calbor\/#primaryimage","url":"https:\/\/bimcointernational.com\/wp-content\/uploads\/2025\/07\/BIMO-CALBOR.png","contentUrl":"https:\/\/bimcointernational.com\/wp-content\/uploads\/2025\/07\/BIMO-CALBOR.png","width":1500,"height":1500,"caption":"BIMCO CALBOR: Protects and enhances fruit quality at all stages."},{"@type":"BreadcrumbList","@id":"https:\/\/bimcointernational.com\/tr\/urun\/bimco-bimo-calbor\/#breadcrumb","itemListElement":[{"@type":"ListItem","position":1,"name":"Home","item":"https:\/\/bimcointernational.com\/tr\/"},{"@type":"ListItem","position":2,"name":"\u00dcr\u00fcnlerimiz","item":"https:\/\/bimcointernational.com\/tr\/urunlerimiz\/"},{"@type":"ListItem","position":3,"name":"BIMO CALBOR"}]},{"@type":"WebSite","@id":"https:\/\/bimcointernational.com\/tr\/#website","url":"https:\/\/bimcointernational.com\/tr\/","name":"bimco international","description":"\u0634\u0631\u0643\u0629 \u0628\u064a\u0645\u0643\u0648 \u0627\u0644\u0643\u064a\u0645\u064a\u0627\u0626\u064a\u0629 \u0644\u0635\u0646\u0627\u0639\u0629 \u0627\u0644\u0645\u0628\u064a\u062f\u0627\u062a \u0648\u0627\u0644\u0623\u0633\u0645\u062f\u0629 \u0639\u0627\u0644\u064a\u0629 \u0627\u0644\u062c\u0648\u062f\u0629 35 \u0639\u0627\u0645\u0627 \u0645\u0646 \u0627\u0644\u062e\u0628\u0631\u0629 \u0646\u0636\u0639\u0647\u0627 \u0628\u064a\u0646 \u0623\u064a\u062f\u064a\u0643\u0645","publisher":{"@id":"https:\/\/bimcointernational.com\/tr\/#organization"},"potentialAction":[{"@type":"SearchAction","target":{"@type":"EntryPoint","urlTemplate":"https:\/\/bimcointernational.com\/tr\/?s={search_term_string}"},"query-input":{"@type":"PropertyValueSpecification","valueRequired":true,"valueName":"search_term_string"}}],"inLanguage":"tr"},{"@type":"Organization","@id":"https:\/\/bimcointernational.com\/tr\/#organization","name":"bimco international","url":"https:\/\/bimcointernational.com\/tr\/","logo":{"@type":"ImageObject","inLanguage":"tr","@id":"https:\/\/bimcointernational.com\/tr\/#\/schema\/logo\/image\/","url":"https:\/\/bimcointernational.com\/wp-content\/uploads\/2023\/03\/bimco-international.png","contentUrl":"https:\/\/bimcointernational.com\/wp-content\/uploads\/2023\/03\/bimco-international.png","width":1000,"height":283,"caption":"bimco international"},"image":{"@id":"https:\/\/bimcointernational.com\/tr\/#\/schema\/logo\/image\/"},"sameAs":["https:\/\/www.facebook.com\/B9K9T","https:\/\/www.instagram.com\/bimcokimya\/"]}]}},"jetpack_sharing_enabled":true,"_links":{"self":[{"href":"https:\/\/bimcointernational.com\/tr\/wp-json\/wp\/v2\/product\/5964","targetHints":{"allow":["GET"]}}],"collection":[{"href":"https:\/\/bimcointernational.com\/tr\/wp-json\/wp\/v2\/product"}],"about":[{"href":"https:\/\/bimcointernational.com\/tr\/wp-json\/wp\/v2\/types\/product"}],"replies":[{"embeddable":true,"href":"https:\/\/bimcointernational.com\/tr\/wp-json\/wp\/v2\/comments?post=5964"}],"wp:featuredmedia":[{"embeddable":true,"href":"https:\/\/bimcointernational.com\/tr\/wp-json\/wp\/v2\/media\/5962"}],"wp:attachment":[{"href":"https:\/\/bimcointernational.com\/tr\/wp-json\/wp\/v2\/media?parent=5964"}],"wp:term":[{"taxonomy":"product_brand","embeddable":true,"href":"https:\/\/bimcointernational.com\/tr\/wp-json\/wp\/v2\/product_brand?post=5964"},{"taxonomy":"product_cat","embeddable":true,"href":"https:\/\/bimcointernational.com\/tr\/wp-json\/wp\/v2\/product_cat?post=5964"},{"taxonomy":"product_tag","embeddable":true,"href":"https:\/\/bimcointernational.com\/tr\/wp-json\/wp\/v2\/product_tag?post=5964"}],"curies":[{"name":"wp","href":"https:\/\/api.w.org\/{rel}","templated":true}]}}