{"id":5952,"date":"2025-07-15T09:40:38","date_gmt":"2025-07-15T09:40:38","guid":{"rendered":"https:\/\/bimcointernational.com\/product\/bimco-bima-series\/"},"modified":"2025-07-15T10:54:24","modified_gmt":"2025-07-15T10:54:24","slug":"bimco-bima-series","status":"publish","type":"product","link":"https:\/\/bimcointernational.com\/tr\/urun\/bimco-bima-series\/","title":{"rendered":"BIMA SERIES"},"content":{"rendered":"<h1><span style=\"color: #99cc00;\"><strong>BIMA Serisi: T\u00fcm Mahsuller i\u00e7in Kapsaml\u0131 NPK G\u00fcbre \u00c7\u00f6z\u00fcmleri<\/strong><\/span><\/h1>\n<p>Mahsullerinizin maksimum b\u00fcy\u00fcme ve \u00fcretim potansiyeline ula\u015fmas\u0131 i\u00e7in bitkiler, her a\u015famada hassas ve spesifik beslenmeye ihtiya\u00e7 duyar. <span style=\"color: #99cc00;\"><strong>BIMCO International<\/strong><\/span>, d\u00fcnya genelindeki \u00e7e\u015fitli mahsullerin ve tar\u0131m sistemlerinin farkl\u0131 ihtiya\u00e7lar\u0131n\u0131 kar\u015f\u0131lamak \u00fczere geni\u015f bir NPK konsantrasyon yelpazesi sunan <span style=\"color: #99cc00;\"><strong>BIMA Serisi<\/strong><\/span> bile\u015fik g\u00fcbrelerini tan\u0131t\u0131r.<\/p>\n<h2><span style=\"color: #99cc00;\"><strong>BIMA Serisi \u0130\u00e7indeki Mevcut Konsantrasyonlar:<\/strong><\/span><\/h2>\n<ul>\n<li>BIMA 10-70-6 + TE<\/li>\n<li>BIMA 25-25-25 + TE<\/li>\n<li>BIMA 18-46-0 + TE<\/li>\n<li>BIMA 20-5-50 + TE<\/li>\n<\/ul>\n<p>Her form\u00fclasyon, k\u00f6k geli\u015fiminden vejetatif b\u00fcy\u00fcmeye, \u00e7i\u00e7eklenmeye, meyve olu\u015fumuna ve olgunla\u015fmaya kadar belirli bitki b\u00fcy\u00fcme a\u015famalar\u0131n\u0131 desteklemek i\u00e7in gerekli makro ve mikro besinleri sa\u011flamak \u00fczere \u00f6zenle tasarlanm\u0131\u015ft\u0131r.<\/p>\n<h2><span style=\"color: #99cc00;\"><strong>Uyumluluk:<\/strong><\/span><\/h2>\n<p>BIMA Serisi g\u00fcbreler, di\u011fer \u00e7o\u011fu g\u00fcbre ile kar\u0131\u015ft\u0131r\u0131labilir. Ancak, tam uyumlulu\u011fu sa\u011flamak i\u00e7in do\u011frudan kullan\u0131mdan \u00f6nce her zaman k\u00fc\u00e7\u00fck bir test yap\u0131lmas\u0131 \u00f6nerilir.<\/p>\n<h2><span style=\"color: #99cc00;\"><strong>Ta\u015f\u0131ma ve Depolama \u00d6nlemleri:<\/strong><\/span><\/h2>\n<ul>\n<li>\u00dcr\u00fcn\u00fc orijinal kaplar\u0131nda, iyi havaland\u0131r\u0131lm\u0131\u015f depolarda, do\u011frudan g\u00fcne\u015f \u0131\u015f\u0131\u011f\u0131ndan uzak ve \u00e7ocuklar\u0131n eri\u015femeyece\u011fi yerlerde saklay\u0131n.<\/li>\n<li>G\u00fcbre kullan\u0131m\u0131 s\u0131ras\u0131nda yemek yemek, i\u00e7mek ve sigara i\u00e7mekten ka\u00e7\u0131n\u0131n.<\/li>\n<li>Uygulama etkinli\u011fi ve g\u00fcvenli\u011fi i\u00e7in r\u00fczgarl\u0131 ko\u015fullarda ve ya\u011fmur ya\u011farken p\u00fcsk\u00fcrtmeden ka\u00e7\u0131n\u0131n.<\/li>\n<li>Ki\u015fisel g\u00fcvenli\u011fi sa\u011flamak i\u00e7in kullan\u0131m s\u0131ras\u0131nda koruyucu giysi, koruyucu g\u00f6zl\u00fck, eldiven ve lastik \u00e7izmeler giyilmelidir.<\/li>\n<li>Olas\u0131 patlamalar\u0131 \u00f6nlemek i\u00e7in bo\u015f kaplar, tekrar kullan\u0131lmas\u0131n\u0131 ve yak\u0131lmas\u0131n\u0131 \u00f6nlemek amac\u0131yla bo\u015falt\u0131larak imha edilmelidir.<\/li>\n<\/ul>\n<h2><span style=\"color: #99cc00;\"><strong>Uygulama Oran\u0131:<\/strong><\/span><\/h2>\n<table style=\"width: 100%; border-collapse: collapse; text-align: center;\">\n<thead>\n<tr>\n<th style=\"border: 1px solid #ddd; padding: 8px; background-color: #8bc34a;\"><span style=\"color: #ffffff;\">P\u00fcsk\u00fcrtme \/ 100 Litre Su (ml)<\/span><\/th>\n<th style=\"border: 1px solid #ddd; padding: 8px; background-color: #8bc34a;\"><span style=\"color: #ffffff;\">Sulama \/ Dekar (ml \/ Dekar)<\/span><\/th>\n<th style=\"border: 1px solid #ddd; padding: 8px; background-color: #8bc34a;\"><span style=\"color: #ffffff;\">Bitki<\/span><\/th>\n<\/tr>\n<\/thead>\n<tbody>\n<tr>\n<td style=\"border: 1px solid #ddd; padding: 8px;\">100 &#8211; 200<\/td>\n<td style=\"border: 1px solid #ddd; padding: 8px;\">150 &#8211; 300<\/td>\n<td style=\"border: 1px solid #ddd; padding: 8px;\">Sebzeler, So\u011fanl\u0131 Bitkiler ve Yumrular<\/td>\n<\/tr>\n<tr>\n<td style=\"border: 1px solid #ddd; padding: 8px;\">100 &#8211; 200<\/td>\n<td style=\"border: 1px solid #ddd; padding: 8px;\">150 &#8211; 300<\/td>\n<td style=\"border: 1px solid #ddd; padding: 8px;\">Tarla Bitkileri ve Baklagiller<\/td>\n<\/tr>\n<tr>\n<td style=\"border: 1px solid #ddd; padding: 8px;\">50 &#8211; 100<\/td>\n<td style=\"border: 1px solid #ddd; padding: 8px;\">50 &#8211; 150<\/td>\n<td style=\"border: 1px solid #ddd; padding: 8px;\">S\u00fcs Bitkileri ve Yem Bitkileri<\/td>\n<\/tr>\n<\/tbody>\n<\/table>\n<p>Mahsulleriniz i\u00e7in optimum b\u00fcy\u00fcme ve verimlilik elde etmek i\u00e7in BIMCO International&#8217;dan BIMA Serisini ke\u015ffedin. <span style=\"color: #99cc00;\"><a style=\"color: #99cc00;\" href=\"https:\/\/api.whatsapp.com\/send\/?phone=908503096351&amp;text=%D9%85%D8%B1%D8%AD%D8%A8%D8%A7%D9%8B+%D8%A7%D8%B1%D9%8A%D8%AF+%D8%A7%D9%84%D8%A5%D8%B3%D8%AA%D9%81%D8%B3%D8%A7%D8%B1+%D8%B9%D9%86+%D9%87%D8%B0%D8%A7+%D8%A7%D9%84%D9%85%D9%86%D8%AA%D8%AC%0A%0A%0A%0Ahttps%3A%2F%2Fbimcointernational.com%2F&amp;type=phone_number&amp;app_absent=0\" target=\"_blank\" rel=\"noopener\">Daha fazla bilgi edinmek i\u00e7in bug\u00fcn WhatsApp arac\u0131l\u0131\u011f\u0131yla bize ula\u015f\u0131n<\/a>.<\/span><\/p>\n","protected":false},"excerpt":{"rendered":"<p><span style=\"color: #99cc00;\"><b>BIMA Serisi:<\/b><\/span> BIMCO International&#8217;\u0131n \u00e7e\u015fitli NPK oranlar\u0131na sahip bile\u015fik g\u00fcbre serisidir. T\u00fcm mahsul b\u00fcy\u00fcme a\u015famalar\u0131 i\u00e7in hassas besleme sa\u011flar ve k\u00fcresel olarak verim ile kaliteyi art\u0131r\u0131r.<\/p>\n","protected":false},"featured_media":5938,"comment_status":"open","ping_status":"closed","template":"","meta":{"_eb_attr":"","site-sidebar-layout":"default","site-content-layout":"","ast-site-content-layout":"default","site-content-style":"default","site-sidebar-style":"default","ast-global-header-display":"","ast-banner-title-visibility":"","ast-main-header-display":"","ast-hfb-above-header-display":"","ast-hfb-below-header-display":"","ast-hfb-mobile-header-display":"","site-post-title":"","ast-breadcrumbs-content":"","ast-featured-img":"","footer-sml-layout":"","ast-disable-related-posts":"","theme-transparent-header-meta":"default","adv-header-id-meta":"","stick-header-meta":"","header-above-stick-meta":"","header-main-stick-meta":"","header-below-stick-meta":"","astra-migrate-meta-layouts":"set","ast-page-background-enabled":"default","ast-page-background-meta":{"desktop":{"background-color":"var(--ast-global-color-4)","background-image":"","background-repeat":"repeat","background-position":"center center","background-size":"auto","background-attachment":"scroll","background-type":"","background-media":"","overlay-type":"","overlay-color":"","overlay-opacity":"","overlay-gradient":""},"tablet":{"background-color":"","background-image":"","background-repeat":"repeat","background-position":"center center","background-size":"auto","background-attachment":"scroll","background-type":"","background-media":"","overlay-type":"","overlay-color":"","overlay-opacity":"","overlay-gradient":""},"mobile":{"background-color":"","background-image":"","background-repeat":"repeat","background-position":"center center","background-size":"auto","background-attachment":"scroll","background-type":"","background-media":"","overlay-type":"","overlay-color":"","overlay-opacity":"","overlay-gradient":""}},"ast-content-background-meta":{"desktop":{"background-color":"var(--ast-global-color-5)","background-image":"","background-repeat":"repeat","background-position":"center center","background-size":"auto","background-attachment":"scroll","background-type":"","background-media":"","overlay-type":"","overlay-color":"","overlay-opacity":"","overlay-gradient":""},"tablet":{"background-color":"var(--ast-global-color-5)","background-image":"","background-repeat":"repeat","background-position":"center center","background-size":"auto","background-attachment":"scroll","background-type":"","background-media":"","overlay-type":"","overlay-color":"","overlay-opacity":"","overlay-gradient":""},"mobile":{"background-color":"var(--ast-global-color-5)","background-image":"","background-repeat":"repeat","background-position":"center center","background-size":"auto","background-attachment":"scroll","background-type":"","background-media":"","overlay-type":"","overlay-color":"","overlay-opacity":"","overlay-gradient":""}},"_joinchat":[]},"product_brand":[],"product_cat":[99],"product_tag":[],"class_list":{"0":"post-5952","1":"product","2":"type-product","3":"status-publish","4":"has-post-thumbnail","6":"product_cat-korfez-urunleri","7":"desktop-align-left","8":"tablet-align-left","9":"mobile-align-left","11":"first","12":"instock","13":"shipping-taxable","14":"product-type-simple"},"yoast_head":"<!-- This site is optimized with the Yoast SEO plugin v27.4 - https:\/\/yoast.com\/product\/yoast-seo-wordpress\/ -->\n<title>BIMA Serisi: T\u00fcm Mahsuller i\u00e7in \u00c7e\u015fitli NPK G\u00fcbreleri - Bimco International<\/title>\n<meta name=\"description\" content=\"BIMCO International&#039;\u0131n BIMA Serisini ke\u015ffedin: T\u00fcm mahsul b\u00fcy\u00fcme a\u015famalar\u0131n\u0131 k\u00fcresel olarak desteklemek ve \u00fcretimi art\u0131rmak i\u00e7in kapsaml\u0131 NPK g\u00fcbreleri (10-70-6, 25-25-25, 18-46-0, 20-5-50).\" \/>\n<meta name=\"robots\" content=\"index, follow, max-snippet:-1, max-image-preview:large, max-video-preview:-1\" \/>\n<link rel=\"canonical\" href=\"https:\/\/bimcointernational.com\/tr\/urun\/bimco-bima-series\/\" \/>\n<meta property=\"og:locale\" content=\"tr_TR\" \/>\n<meta property=\"og:type\" content=\"article\" \/>\n<meta property=\"og:title\" content=\"BIMA Serisi: T\u00fcm Mahsuller i\u00e7in \u00c7e\u015fitli NPK G\u00fcbreleri - Bimco International\" \/>\n<meta property=\"og:description\" content=\"BIMCO International&#039;\u0131n BIMA Serisini ke\u015ffedin: T\u00fcm mahsul b\u00fcy\u00fcme a\u015famalar\u0131n\u0131 k\u00fcresel olarak desteklemek ve \u00fcretimi art\u0131rmak i\u00e7in kapsaml\u0131 NPK g\u00fcbreleri (10-70-6, 25-25-25, 18-46-0, 20-5-50).\" \/>\n<meta property=\"og:url\" content=\"https:\/\/bimcointernational.com\/tr\/urun\/bimco-bima-series\/\" \/>\n<meta property=\"og:site_name\" content=\"bimco international\" \/>\n<meta property=\"article:publisher\" content=\"https:\/\/www.facebook.com\/B9K9T\" \/>\n<meta property=\"article:modified_time\" content=\"2025-07-15T10:54:24+00:00\" \/>\n<meta property=\"og:image\" content=\"https:\/\/bimcointernational.com\/wp-content\/uploads\/2025\/07\/BIMA.png\" \/>\n\t<meta property=\"og:image:width\" content=\"1500\" \/>\n\t<meta property=\"og:image:height\" content=\"1500\" \/>\n\t<meta property=\"og:image:type\" content=\"image\/png\" \/>\n<meta name=\"twitter:card\" content=\"summary_large_image\" \/>\n<meta name=\"twitter:label1\" content=\"Tahmini okuma s\u00fcresi\" \/>\n\t<meta name=\"twitter:data1\" content=\"2 dakika\" \/>\n<script type=\"application\/ld+json\" class=\"yoast-schema-graph\">{\"@context\":\"https:\\\/\\\/schema.org\",\"@graph\":[{\"@type\":\"WebPage\",\"@id\":\"https:\\\/\\\/bimcointernational.com\\\/tr\\\/urun\\\/bimco-bima-series\\\/\",\"url\":\"https:\\\/\\\/bimcointernational.com\\\/tr\\\/urun\\\/bimco-bima-series\\\/\",\"name\":\"BIMA Serisi: T\u00fcm Mahsuller i\u00e7in \u00c7e\u015fitli NPK G\u00fcbreleri - Bimco International\",\"isPartOf\":{\"@id\":\"https:\\\/\\\/bimcointernational.com\\\/tr\\\/#website\"},\"primaryImageOfPage\":{\"@id\":\"https:\\\/\\\/bimcointernational.com\\\/tr\\\/urun\\\/bimco-bima-series\\\/#primaryimage\"},\"image\":{\"@id\":\"https:\\\/\\\/bimcointernational.com\\\/tr\\\/urun\\\/bimco-bima-series\\\/#primaryimage\"},\"thumbnailUrl\":\"https:\\\/\\\/bimcointernational.com\\\/wp-content\\\/uploads\\\/2025\\\/07\\\/BIMA.png\",\"datePublished\":\"2025-07-15T09:40:38+00:00\",\"dateModified\":\"2025-07-15T10:54:24+00:00\",\"description\":\"BIMCO International'\u0131n BIMA Serisini ke\u015ffedin: T\u00fcm mahsul b\u00fcy\u00fcme a\u015famalar\u0131n\u0131 k\u00fcresel olarak desteklemek ve \u00fcretimi art\u0131rmak i\u00e7in kapsaml\u0131 NPK g\u00fcbreleri (10-70-6, 25-25-25, 18-46-0, 20-5-50).\",\"breadcrumb\":{\"@id\":\"https:\\\/\\\/bimcointernational.com\\\/tr\\\/urun\\\/bimco-bima-series\\\/#breadcrumb\"},\"inLanguage\":\"tr\",\"potentialAction\":[{\"@type\":\"ReadAction\",\"target\":[\"https:\\\/\\\/bimcointernational.com\\\/tr\\\/urun\\\/bimco-bima-series\\\/\"]}]},{\"@type\":\"ImageObject\",\"inLanguage\":\"tr\",\"@id\":\"https:\\\/\\\/bimcointernational.com\\\/tr\\\/urun\\\/bimco-bima-series\\\/#primaryimage\",\"url\":\"https:\\\/\\\/bimcointernational.com\\\/wp-content\\\/uploads\\\/2025\\\/07\\\/BIMA.png\",\"contentUrl\":\"https:\\\/\\\/bimcointernational.com\\\/wp-content\\\/uploads\\\/2025\\\/07\\\/BIMA.png\",\"width\":1500,\"height\":1500,\"caption\":\"BIMA Series: Complete nutrition for all crop growth stages.\"},{\"@type\":\"BreadcrumbList\",\"@id\":\"https:\\\/\\\/bimcointernational.com\\\/tr\\\/urun\\\/bimco-bima-series\\\/#breadcrumb\",\"itemListElement\":[{\"@type\":\"ListItem\",\"position\":1,\"name\":\"Home\",\"item\":\"https:\\\/\\\/bimcointernational.com\\\/tr\\\/\"},{\"@type\":\"ListItem\",\"position\":2,\"name\":\"\u00dcr\u00fcnlerimiz\",\"item\":\"https:\\\/\\\/bimcointernational.com\\\/tr\\\/urunlerimiz\\\/\"},{\"@type\":\"ListItem\",\"position\":3,\"name\":\"BIMA SERIES\"}]},{\"@type\":\"WebSite\",\"@id\":\"https:\\\/\\\/bimcointernational.com\\\/tr\\\/#website\",\"url\":\"https:\\\/\\\/bimcointernational.com\\\/tr\\\/\",\"name\":\"bimco international\",\"description\":\"\u0634\u0631\u0643\u0629 \u0628\u064a\u0645\u0643\u0648 \u0627\u0644\u0643\u064a\u0645\u064a\u0627\u0626\u064a\u0629 \u0644\u0635\u0646\u0627\u0639\u0629 \u0627\u0644\u0645\u0628\u064a\u062f\u0627\u062a \u0648\u0627\u0644\u0623\u0633\u0645\u062f\u0629 \u0639\u0627\u0644\u064a\u0629 \u0627\u0644\u062c\u0648\u062f\u0629 35 \u0639\u0627\u0645\u0627 \u0645\u0646 \u0627\u0644\u062e\u0628\u0631\u0629 \u0646\u0636\u0639\u0647\u0627 \u0628\u064a\u0646 \u0623\u064a\u062f\u064a\u0643\u0645\",\"publisher\":{\"@id\":\"https:\\\/\\\/bimcointernational.com\\\/tr\\\/#organization\"},\"potentialAction\":[{\"@type\":\"SearchAction\",\"target\":{\"@type\":\"EntryPoint\",\"urlTemplate\":\"https:\\\/\\\/bimcointernational.com\\\/tr\\\/?s={search_term_string}\"},\"query-input\":{\"@type\":\"PropertyValueSpecification\",\"valueRequired\":true,\"valueName\":\"search_term_string\"}}],\"inLanguage\":\"tr\"},{\"@type\":\"Organization\",\"@id\":\"https:\\\/\\\/bimcointernational.com\\\/tr\\\/#organization\",\"name\":\"bimco international\",\"url\":\"https:\\\/\\\/bimcointernational.com\\\/tr\\\/\",\"logo\":{\"@type\":\"ImageObject\",\"inLanguage\":\"tr\",\"@id\":\"https:\\\/\\\/bimcointernational.com\\\/tr\\\/#\\\/schema\\\/logo\\\/image\\\/\",\"url\":\"https:\\\/\\\/bimcointernational.com\\\/wp-content\\\/uploads\\\/2023\\\/03\\\/bimco-international.png\",\"contentUrl\":\"https:\\\/\\\/bimcointernational.com\\\/wp-content\\\/uploads\\\/2023\\\/03\\\/bimco-international.png\",\"width\":1000,\"height\":283,\"caption\":\"bimco international\"},\"image\":{\"@id\":\"https:\\\/\\\/bimcointernational.com\\\/tr\\\/#\\\/schema\\\/logo\\\/image\\\/\"},\"sameAs\":[\"https:\\\/\\\/www.facebook.com\\\/B9K9T\",\"https:\\\/\\\/www.instagram.com\\\/bimcokimya\\\/\"]}]}<\/script>\n<!-- \/ Yoast SEO plugin. -->","yoast_head_json":{"title":"BIMA Serisi: T\u00fcm Mahsuller i\u00e7in \u00c7e\u015fitli NPK G\u00fcbreleri - Bimco International","description":"BIMCO International'\u0131n BIMA Serisini ke\u015ffedin: T\u00fcm mahsul b\u00fcy\u00fcme a\u015famalar\u0131n\u0131 k\u00fcresel olarak desteklemek ve \u00fcretimi art\u0131rmak i\u00e7in kapsaml\u0131 NPK g\u00fcbreleri (10-70-6, 25-25-25, 18-46-0, 20-5-50).","robots":{"index":"index","follow":"follow","max-snippet":"max-snippet:-1","max-image-preview":"max-image-preview:large","max-video-preview":"max-video-preview:-1"},"canonical":"https:\/\/bimcointernational.com\/tr\/urun\/bimco-bima-series\/","og_locale":"tr_TR","og_type":"article","og_title":"BIMA Serisi: T\u00fcm Mahsuller i\u00e7in \u00c7e\u015fitli NPK G\u00fcbreleri - Bimco International","og_description":"BIMCO International'\u0131n BIMA Serisini ke\u015ffedin: T\u00fcm mahsul b\u00fcy\u00fcme a\u015famalar\u0131n\u0131 k\u00fcresel olarak desteklemek ve \u00fcretimi art\u0131rmak i\u00e7in kapsaml\u0131 NPK g\u00fcbreleri (10-70-6, 25-25-25, 18-46-0, 20-5-50).","og_url":"https:\/\/bimcointernational.com\/tr\/urun\/bimco-bima-series\/","og_site_name":"bimco international","article_publisher":"https:\/\/www.facebook.com\/B9K9T","article_modified_time":"2025-07-15T10:54:24+00:00","og_image":[{"width":1500,"height":1500,"url":"https:\/\/bimcointernational.com\/wp-content\/uploads\/2025\/07\/BIMA.png","type":"image\/png"}],"twitter_card":"summary_large_image","twitter_misc":{"Tahmini okuma s\u00fcresi":"2 dakika"},"schema":{"@context":"https:\/\/schema.org","@graph":[{"@type":"WebPage","@id":"https:\/\/bimcointernational.com\/tr\/urun\/bimco-bima-series\/","url":"https:\/\/bimcointernational.com\/tr\/urun\/bimco-bima-series\/","name":"BIMA Serisi: T\u00fcm Mahsuller i\u00e7in \u00c7e\u015fitli NPK G\u00fcbreleri - Bimco International","isPartOf":{"@id":"https:\/\/bimcointernational.com\/tr\/#website"},"primaryImageOfPage":{"@id":"https:\/\/bimcointernational.com\/tr\/urun\/bimco-bima-series\/#primaryimage"},"image":{"@id":"https:\/\/bimcointernational.com\/tr\/urun\/bimco-bima-series\/#primaryimage"},"thumbnailUrl":"https:\/\/bimcointernational.com\/wp-content\/uploads\/2025\/07\/BIMA.png","datePublished":"2025-07-15T09:40:38+00:00","dateModified":"2025-07-15T10:54:24+00:00","description":"BIMCO International'\u0131n BIMA Serisini ke\u015ffedin: T\u00fcm mahsul b\u00fcy\u00fcme a\u015famalar\u0131n\u0131 k\u00fcresel olarak desteklemek ve \u00fcretimi art\u0131rmak i\u00e7in kapsaml\u0131 NPK g\u00fcbreleri (10-70-6, 25-25-25, 18-46-0, 20-5-50).","breadcrumb":{"@id":"https:\/\/bimcointernational.com\/tr\/urun\/bimco-bima-series\/#breadcrumb"},"inLanguage":"tr","potentialAction":[{"@type":"ReadAction","target":["https:\/\/bimcointernational.com\/tr\/urun\/bimco-bima-series\/"]}]},{"@type":"ImageObject","inLanguage":"tr","@id":"https:\/\/bimcointernational.com\/tr\/urun\/bimco-bima-series\/#primaryimage","url":"https:\/\/bimcointernational.com\/wp-content\/uploads\/2025\/07\/BIMA.png","contentUrl":"https:\/\/bimcointernational.com\/wp-content\/uploads\/2025\/07\/BIMA.png","width":1500,"height":1500,"caption":"BIMA Series: Complete nutrition for all crop growth stages."},{"@type":"BreadcrumbList","@id":"https:\/\/bimcointernational.com\/tr\/urun\/bimco-bima-series\/#breadcrumb","itemListElement":[{"@type":"ListItem","position":1,"name":"Home","item":"https:\/\/bimcointernational.com\/tr\/"},{"@type":"ListItem","position":2,"name":"\u00dcr\u00fcnlerimiz","item":"https:\/\/bimcointernational.com\/tr\/urunlerimiz\/"},{"@type":"ListItem","position":3,"name":"BIMA SERIES"}]},{"@type":"WebSite","@id":"https:\/\/bimcointernational.com\/tr\/#website","url":"https:\/\/bimcointernational.com\/tr\/","name":"bimco international","description":"\u0634\u0631\u0643\u0629 \u0628\u064a\u0645\u0643\u0648 \u0627\u0644\u0643\u064a\u0645\u064a\u0627\u0626\u064a\u0629 \u0644\u0635\u0646\u0627\u0639\u0629 \u0627\u0644\u0645\u0628\u064a\u062f\u0627\u062a \u0648\u0627\u0644\u0623\u0633\u0645\u062f\u0629 \u0639\u0627\u0644\u064a\u0629 \u0627\u0644\u062c\u0648\u062f\u0629 35 \u0639\u0627\u0645\u0627 \u0645\u0646 \u0627\u0644\u062e\u0628\u0631\u0629 \u0646\u0636\u0639\u0647\u0627 \u0628\u064a\u0646 \u0623\u064a\u062f\u064a\u0643\u0645","publisher":{"@id":"https:\/\/bimcointernational.com\/tr\/#organization"},"potentialAction":[{"@type":"SearchAction","target":{"@type":"EntryPoint","urlTemplate":"https:\/\/bimcointernational.com\/tr\/?s={search_term_string}"},"query-input":{"@type":"PropertyValueSpecification","valueRequired":true,"valueName":"search_term_string"}}],"inLanguage":"tr"},{"@type":"Organization","@id":"https:\/\/bimcointernational.com\/tr\/#organization","name":"bimco international","url":"https:\/\/bimcointernational.com\/tr\/","logo":{"@type":"ImageObject","inLanguage":"tr","@id":"https:\/\/bimcointernational.com\/tr\/#\/schema\/logo\/image\/","url":"https:\/\/bimcointernational.com\/wp-content\/uploads\/2023\/03\/bimco-international.png","contentUrl":"https:\/\/bimcointernational.com\/wp-content\/uploads\/2023\/03\/bimco-international.png","width":1000,"height":283,"caption":"bimco international"},"image":{"@id":"https:\/\/bimcointernational.com\/tr\/#\/schema\/logo\/image\/"},"sameAs":["https:\/\/www.facebook.com\/B9K9T","https:\/\/www.instagram.com\/bimcokimya\/"]}]}},"jetpack_sharing_enabled":true,"_links":{"self":[{"href":"https:\/\/bimcointernational.com\/tr\/wp-json\/wp\/v2\/product\/5952","targetHints":{"allow":["GET"]}}],"collection":[{"href":"https:\/\/bimcointernational.com\/tr\/wp-json\/wp\/v2\/product"}],"about":[{"href":"https:\/\/bimcointernational.com\/tr\/wp-json\/wp\/v2\/types\/product"}],"replies":[{"embeddable":true,"href":"https:\/\/bimcointernational.com\/tr\/wp-json\/wp\/v2\/comments?post=5952"}],"wp:featuredmedia":[{"embeddable":true,"href":"https:\/\/bimcointernational.com\/tr\/wp-json\/wp\/v2\/media\/5938"}],"wp:attachment":[{"href":"https:\/\/bimcointernational.com\/tr\/wp-json\/wp\/v2\/media?parent=5952"}],"wp:term":[{"taxonomy":"product_brand","embeddable":true,"href":"https:\/\/bimcointernational.com\/tr\/wp-json\/wp\/v2\/product_brand?post=5952"},{"taxonomy":"product_cat","embeddable":true,"href":"https:\/\/bimcointernational.com\/tr\/wp-json\/wp\/v2\/product_cat?post=5952"},{"taxonomy":"product_tag","embeddable":true,"href":"https:\/\/bimcointernational.com\/tr\/wp-json\/wp\/v2\/product_tag?post=5952"}],"curies":[{"name":"wp","href":"https:\/\/api.w.org\/{rel}","templated":true}]}}