{"id":5932,"date":"2025-07-15T09:15:32","date_gmt":"2025-07-15T09:15:32","guid":{"rendered":"https:\/\/bimcointernational.com\/product\/bimco-saria-2\/"},"modified":"2025-07-15T09:27:09","modified_gmt":"2025-07-15T09:27:09","slug":"bimco-saria-2","status":"publish","type":"product","link":"https:\/\/bimcointernational.com\/tr\/urun\/bimco-saria-2\/","title":{"rendered":"SARIA"},"content":{"rendered":"<h1><span style=\"color: #99cc00;\"><strong>SARIA: Toprak Fungisiti, Nematisit, Sistemik Kazan\u0131lm\u0131\u015f Ba\u011f\u0131\u015f\u0131kl\u0131k G\u00fc\u00e7lendirici ve Etkili Stres \u00d6nleyici Bitki Aktivat\u00f6r\u00fc<\/strong><\/span><\/h1>\n<p>Hastal\u0131klar ve zararl\u0131lardan korunan, geli\u015fen mahsuller i\u00e7in \u00e7ok y\u00f6nl\u00fc destek kritik \u00f6neme sahiptir. <span style=\"color: #99cc00;\"><strong>BIMCO International<\/strong><\/span>, toprak fungisiti ve nematisit olarak, g\u00fc\u00e7l\u00fc bir sistemik kazan\u0131lm\u0131\u015f ba\u011f\u0131\u015f\u0131kl\u0131k g\u00fc\u00e7lendirici, etkili bir stres \u00f6nleyici ve d\u00fcnya genelindeki mahsuller i\u00e7in genel bir bitki aktivat\u00f6r\u00fc olarak i\u015flev g\u00f6ren kapsaml\u0131 bir \u00e7\u00f6z\u00fcm olan <span style=\"color: #99cc00;\"><strong>SARIA<\/strong><\/span>&#8216;y\u0131 sunar.<\/p>\n<h2><span style=\"color: #99cc00;\"><strong>SARIA&#8217;n\u0131n Temel \u00d6zellikleri ve Ba\u015fl\u0131ca Faydalar\u0131:<\/strong><\/span><\/h2>\n<ul>\n<li><strong>Geli\u015fmi\u015f Fizyolojik Roller:<\/strong> SARIA&#8217;n\u0131n asitleri etilen (ETHYLENE) sentezine katk\u0131da bulunur ve b\u00fcy\u00fcme inhibit\u00f6r\u00fc absisik asit (ABS\u0130S\u0130K AS\u0130T) \u00fczerinde antagonistik bir etkiye sahiptir. Kalloz t\u0131palar\u0131n\u0131n, elektroniyol\u00fcn ve karotenin olu\u015fumunu h\u0131zland\u0131r\u0131r ve sentez s\u00fcre\u00e7lerini h\u0131zland\u0131rarak \u00f6nemli enzimlerin aktivitesini art\u0131r\u0131r.<\/li>\n<li><strong>Termo-d\u00fczenleme ve Stres Direnci:<\/strong> Baz\u0131 bitkilerin termo-d\u00fczenlemesinde rol oynar. Tuzluluk stresi, kurakl\u0131k stresi, \u0131s\u0131 stresi ve a\u011f\u0131r metal stresi gibi \u00e7evresel stres ko\u015fullar\u0131na bitki tepkisini d\u00fczenlemeye katk\u0131da bulunur.<\/li>\n<li><strong>Geli\u015fmi\u015f \u00dcretim ve Kalite:<\/strong> \u00dcretimi ve mahsul kalitesini art\u0131r\u0131r, bitki ba\u015f\u0131na ortalama meyve say\u0131s\u0131n\u0131 art\u0131r\u0131r ve vitaminler ile antioksidan (Lycopene, Karoten, Fenol, C Vitamini) i\u00e7eri\u011fini zenginle\u015ftirir. Ayr\u0131ca meyve kabu\u011fu kal\u0131nl\u0131\u011f\u0131n\u0131 art\u0131rarak meyve sertli\u011fini g\u00fc\u00e7lendirir.<\/li>\n<li><strong>Benzersiz Bile\u015fim:<\/strong> SARIA, fosforik ve askorbik (C Vitamini) asitlerden olu\u015fur; her ikisi de fenolik karboksilik asitlerdir. Bile\u015fi\u011fin elementleri, \u00e7i\u00e7eklenmeyi te\u015fvik etme, mineral iyon emilimini d\u00fczenleme, hormonal dengeyi mod\u00fcle etme ve stoma (su ve solunum) hareketini kontrol etme dahil olmak \u00fczere bir\u00e7ok fizyolojik s\u00fcreci d\u00fczenler.<\/li>\n<\/ul>\n<h2><span style=\"color: #99cc00;\"><strong>Uygulama Oran\u0131:<\/strong><\/span><\/h2>\n<table style=\"width: 100%; border-collapse: collapse; text-align: center;\">\n<thead>\n<tr>\n<th style=\"border: 1px solid #ddd; padding: 8px; background-color: #8bc34a;\"><span style=\"color: #ffffff;\">Yaprak P\u00fcsk\u00fcrtme g \/ 100 L<\/span><\/th>\n<th style=\"border: 1px solid #ddd; padding: 8px; background-color: #8bc34a;\"><span style=\"color: #ffffff;\">Bitki<\/span><\/th>\n<\/tr>\n<\/thead>\n<tbody>\n<tr>\n<td style=\"border: 1px solid #ddd; padding: 8px;\">150 &#8211; 75<\/td>\n<td style=\"border: 1px solid #ddd; padding: 8px;\">Patl\u0131can, Domates, Biber, Salatal\u0131k, Kabak, Karpuz, Kavun, H\u0131yar, Balkaba\u011f\u0131 ve \u00c7ilek<\/td>\n<\/tr>\n<tr>\n<td style=\"border: 1px solid #ddd; padding: 8px;\">200 &#8211; 100<\/td>\n<td style=\"border: 1px solid #ddd; padding: 8px;\">Patates, So\u011fan, Sar\u0131msak, Taro (G\u00f6levez), Bamya, \u015ealgam, Havu\u00e7, \u015eeker Pancar\u0131, Alaba\u015f, ve Turp<\/td>\n<\/tr>\n<tr>\n<td style=\"border: 1px solid #ddd; padding: 8px;\">150 &#8211; 50<\/td>\n<td style=\"border: 1px solid #ddd; padding: 8px;\">Bu\u011fday, Arpa, M\u0131s\u0131r, Baklagiller, Pamuk, Ay\u00e7i\u00e7e\u011fi, Susam, Soya, Kimyon, \u00c7\u00f6rek Otu ve Aspir<\/td>\n<\/tr>\n<tr>\n<td style=\"border: 1px solid #ddd; padding: 8px;\">125 &#8211; 100<\/td>\n<td style=\"border: 1px solid #ddd; padding: 8px;\">Bamya, Yaprakl\u0131 Sebzeler, Lahana, Brokoli ve Karnabahar<\/td>\n<\/tr>\n<tr>\n<td style=\"border: 1px solid #ddd; padding: 8px;\">100 &#8211; 50<\/td>\n<td style=\"border: 1px solid #ddd; padding: 8px;\">Meyve A\u011fa\u00e7lar\u0131 (Elma, Badem, \u0130ncir, \u00dcz\u00fcm, Turun\u00e7giller, Nar ve Zeytin&#8230;)<\/td>\n<\/tr>\n<\/tbody>\n<\/table>\n<p>Mahsullerinizin ba\u011f\u0131\u015f\u0131kl\u0131\u011f\u0131n\u0131 g\u00fc\u00e7lendirmek ve onlar\u0131 hastal\u0131k ve zararl\u0131lardan korumak i\u00e7in BIMCO International&#8217;dan SARIA&#8217;y\u0131 se\u00e7in. <span style=\"color: #99cc00;\"><a style=\"color: #99cc00;\" href=\"https:\/\/api.whatsapp.com\/send\/?phone=908503096351&amp;text=%D9%85%D8%B1%D8%AD%D8%A8%D8%A7%D9%8B+%D8%A7%D8%B1%D9%8A%D8%AF+%D8%A7%D9%84%D8%A5%D8%B3%D8%AA%D9%81%D8%B3%D8%A7%D8%B1+%D8%B9%D9%86+%D9%87%D8%B0%D8%A0+%D8%A7%D9%84%D9%85%D9%86%D8%AA%D8%AC%0A%0A%0A%0Ahttps%3A%2F%2Fbimcointernational.com%2F&amp;type=phone_number&amp;app_absent=0\" target=\"_blank\" rel=\"noopener\">Daha fazla bilgi edinmek i\u00e7in bug\u00fcn WhatsApp arac\u0131l\u0131\u011f\u0131yla bize ula\u015f\u0131n<\/a>.<\/span><\/p>\n","protected":false},"excerpt":{"rendered":"<p><span style=\"color: #99cc00;\"><b>SARIA:<\/b><\/span> BIMCO International&#8217;\u0131n \u00e7ok i\u015flevli fungisit, nematisit ve ba\u011f\u0131\u015f\u0131kl\u0131k g\u00fc\u00e7lendiricisidir. Stresle m\u00fccadele eder ve benzersiz \u00f6zellikleriyle bitki ba\u011f\u0131\u015f\u0131kl\u0131\u011f\u0131n\u0131 ve kalitesini d\u00fcnya genelinde art\u0131r\u0131r.<\/p>\n","protected":false},"featured_media":5930,"comment_status":"open","ping_status":"closed","template":"","meta":{"_eb_attr":"","site-sidebar-layout":"default","site-content-layout":"","ast-site-content-layout":"default","site-content-style":"default","site-sidebar-style":"default","ast-global-header-display":"","ast-banner-title-visibility":"","ast-main-header-display":"","ast-hfb-above-header-display":"","ast-hfb-below-header-display":"","ast-hfb-mobile-header-display":"","site-post-title":"","ast-breadcrumbs-content":"","ast-featured-img":"","footer-sml-layout":"","ast-disable-related-posts":"","theme-transparent-header-meta":"default","adv-header-id-meta":"","stick-header-meta":"","header-above-stick-meta":"","header-main-stick-meta":"","header-below-stick-meta":"","astra-migrate-meta-layouts":"set","ast-page-background-enabled":"default","ast-page-background-meta":{"desktop":{"background-color":"var(--ast-global-color-4)","background-image":"","background-repeat":"repeat","background-position":"center center","background-size":"auto","background-attachment":"scroll","background-type":"","background-media":"","overlay-type":"","overlay-color":"","overlay-opacity":"","overlay-gradient":""},"tablet":{"background-color":"","background-image":"","background-repeat":"repeat","background-position":"center center","background-size":"auto","background-attachment":"scroll","background-type":"","background-media":"","overlay-type":"","overlay-color":"","overlay-opacity":"","overlay-gradient":""},"mobile":{"background-color":"","background-image":"","background-repeat":"repeat","background-position":"center center","background-size":"auto","background-attachment":"scroll","background-type":"","background-media":"","overlay-type":"","overlay-color":"","overlay-opacity":"","overlay-gradient":""}},"ast-content-background-meta":{"desktop":{"background-color":"var(--ast-global-color-5)","background-image":"","background-repeat":"repeat","background-position":"center center","background-size":"auto","background-attachment":"scroll","background-type":"","background-media":"","overlay-type":"","overlay-color":"","overlay-opacity":"","overlay-gradient":""},"tablet":{"background-color":"var(--ast-global-color-5)","background-image":"","background-repeat":"repeat","background-position":"center center","background-size":"auto","background-attachment":"scroll","background-type":"","background-media":"","overlay-type":"","overlay-color":"","overlay-opacity":"","overlay-gradient":""},"mobile":{"background-color":"var(--ast-global-color-5)","background-image":"","background-repeat":"repeat","background-position":"center center","background-size":"auto","background-attachment":"scroll","background-type":"","background-media":"","overlay-type":"","overlay-color":"","overlay-opacity":"","overlay-gradient":""}},"_joinchat":[]},"product_brand":[],"product_cat":[90],"product_tag":[],"class_list":{"0":"post-5932","1":"product","2":"type-product","3":"status-publish","4":"has-post-thumbnail","6":"product_cat-yesil-tarim-urunleri","7":"desktop-align-left","8":"tablet-align-left","9":"mobile-align-left","11":"first","12":"instock","13":"shipping-taxable","14":"product-type-simple"},"yoast_head":"<!-- This site is optimized with the Yoast SEO plugin v27.1.1 - https:\/\/yoast.com\/product\/yoast-seo-wordpress\/ -->\n<title>SARIA: Toprak Fungisiti, Nematisit ve Bitki Ba\u011f\u0131\u015f\u0131kl\u0131k G\u00fc\u00e7lendirici- bimco international<\/title>\n<meta name=\"description\" content=\"SARIA: \u00c7ok i\u015flevli bir fungisit, nematisit ve stres \u00f6nleyici biyo-stim\u00fclan. Benzersiz \u00f6zellikleriyle bitki ba\u011f\u0131\u015f\u0131kl\u0131\u011f\u0131n\u0131 ve k\u00fcresel \u00fcr\u00fcn kalitesini art\u0131r\u0131r\" \/>\n<meta name=\"robots\" content=\"index, follow, max-snippet:-1, max-image-preview:large, max-video-preview:-1\" \/>\n<link rel=\"canonical\" href=\"https:\/\/bimcointernational.com\/tr\/urun\/bimco-saria-2\/\" \/>\n<meta property=\"og:locale\" content=\"tr_TR\" \/>\n<meta property=\"og:type\" content=\"article\" \/>\n<meta property=\"og:title\" content=\"SARIA: Toprak Fungisiti, Nematisit ve Bitki Ba\u011f\u0131\u015f\u0131kl\u0131k G\u00fc\u00e7lendirici- bimco international\" \/>\n<meta property=\"og:description\" content=\"SARIA: \u00c7ok i\u015flevli bir fungisit, nematisit ve stres \u00f6nleyici biyo-stim\u00fclan. Benzersiz \u00f6zellikleriyle bitki ba\u011f\u0131\u015f\u0131kl\u0131\u011f\u0131n\u0131 ve k\u00fcresel \u00fcr\u00fcn kalitesini art\u0131r\u0131r\" \/>\n<meta property=\"og:url\" content=\"https:\/\/bimcointernational.com\/tr\/urun\/bimco-saria-2\/\" \/>\n<meta property=\"og:site_name\" content=\"bimco international\" \/>\n<meta property=\"article:publisher\" content=\"https:\/\/www.facebook.com\/B9K9T\" \/>\n<meta property=\"article:modified_time\" content=\"2025-07-15T09:27:09+00:00\" \/>\n<meta property=\"og:image\" content=\"https:\/\/bimcointernational.com\/wp-content\/uploads\/2025\/07\/SARIA-1.png\" \/>\n\t<meta property=\"og:image:width\" content=\"1500\" \/>\n\t<meta property=\"og:image:height\" content=\"1500\" \/>\n\t<meta property=\"og:image:type\" content=\"image\/png\" \/>\n<meta name=\"twitter:card\" content=\"summary_large_image\" \/>\n<meta name=\"twitter:label1\" content=\"Tahmini okuma s\u00fcresi\" \/>\n\t<meta name=\"twitter:data1\" content=\"2 dakika\" \/>\n<script type=\"application\/ld+json\" class=\"yoast-schema-graph\">{\"@context\":\"https:\/\/schema.org\",\"@graph\":[{\"@type\":\"WebPage\",\"@id\":\"https:\/\/bimcointernational.com\/tr\/urun\/bimco-saria-2\/\",\"url\":\"https:\/\/bimcointernational.com\/tr\/urun\/bimco-saria-2\/\",\"name\":\"SARIA: Toprak Fungisiti, Nematisit ve Bitki Ba\u011f\u0131\u015f\u0131kl\u0131k G\u00fc\u00e7lendirici- bimco international\",\"isPartOf\":{\"@id\":\"https:\/\/bimcointernational.com\/tr\/#website\"},\"primaryImageOfPage\":{\"@id\":\"https:\/\/bimcointernational.com\/tr\/urun\/bimco-saria-2\/#primaryimage\"},\"image\":{\"@id\":\"https:\/\/bimcointernational.com\/tr\/urun\/bimco-saria-2\/#primaryimage\"},\"thumbnailUrl\":\"https:\/\/bimcointernational.com\/wp-content\/uploads\/2025\/07\/SARIA-1.png\",\"datePublished\":\"2025-07-15T09:15:32+00:00\",\"dateModified\":\"2025-07-15T09:27:09+00:00\",\"description\":\"SARIA: \u00c7ok i\u015flevli bir fungisit, nematisit ve stres \u00f6nleyici biyo-stim\u00fclan. Benzersiz \u00f6zellikleriyle bitki ba\u011f\u0131\u015f\u0131kl\u0131\u011f\u0131n\u0131 ve k\u00fcresel \u00fcr\u00fcn kalitesini art\u0131r\u0131r\",\"breadcrumb\":{\"@id\":\"https:\/\/bimcointernational.com\/tr\/urun\/bimco-saria-2\/#breadcrumb\"},\"inLanguage\":\"tr\",\"potentialAction\":[{\"@type\":\"ReadAction\",\"target\":[\"https:\/\/bimcointernational.com\/tr\/urun\/bimco-saria-2\/\"]}]},{\"@type\":\"ImageObject\",\"inLanguage\":\"tr\",\"@id\":\"https:\/\/bimcointernational.com\/tr\/urun\/bimco-saria-2\/#primaryimage\",\"url\":\"https:\/\/bimcointernational.com\/wp-content\/uploads\/2025\/07\/SARIA-1.png\",\"contentUrl\":\"https:\/\/bimcointernational.com\/wp-content\/uploads\/2025\/07\/SARIA-1.png\",\"width\":1500,\"height\":1500,\"caption\":\"SARIA: For enhanced immunity, disease, and pest control.\"},{\"@type\":\"BreadcrumbList\",\"@id\":\"https:\/\/bimcointernational.com\/tr\/urun\/bimco-saria-2\/#breadcrumb\",\"itemListElement\":[{\"@type\":\"ListItem\",\"position\":1,\"name\":\"Home\",\"item\":\"https:\/\/bimcointernational.com\/tr\/\"},{\"@type\":\"ListItem\",\"position\":2,\"name\":\"\u00dcr\u00fcnlerimiz\",\"item\":\"https:\/\/bimcointernational.com\/tr\/urunlerimiz\/\"},{\"@type\":\"ListItem\",\"position\":3,\"name\":\"SARIA\"}]},{\"@type\":\"WebSite\",\"@id\":\"https:\/\/bimcointernational.com\/tr\/#website\",\"url\":\"https:\/\/bimcointernational.com\/tr\/\",\"name\":\"bimco international\",\"description\":\"\u0634\u0631\u0643\u0629 \u0628\u064a\u0645\u0643\u0648 \u0627\u0644\u0643\u064a\u0645\u064a\u0627\u0626\u064a\u0629 \u0644\u0635\u0646\u0627\u0639\u0629 \u0627\u0644\u0645\u0628\u064a\u062f\u0627\u062a \u0648\u0627\u0644\u0623\u0633\u0645\u062f\u0629 \u0639\u0627\u0644\u064a\u0629 \u0627\u0644\u062c\u0648\u062f\u0629 35 \u0639\u0627\u0645\u0627 \u0645\u0646 \u0627\u0644\u062e\u0628\u0631\u0629 \u0646\u0636\u0639\u0647\u0627 \u0628\u064a\u0646 \u0623\u064a\u062f\u064a\u0643\u0645\",\"publisher\":{\"@id\":\"https:\/\/bimcointernational.com\/tr\/#organization\"},\"potentialAction\":[{\"@type\":\"SearchAction\",\"target\":{\"@type\":\"EntryPoint\",\"urlTemplate\":\"https:\/\/bimcointernational.com\/tr\/?s={search_term_string}\"},\"query-input\":{\"@type\":\"PropertyValueSpecification\",\"valueRequired\":true,\"valueName\":\"search_term_string\"}}],\"inLanguage\":\"tr\"},{\"@type\":\"Organization\",\"@id\":\"https:\/\/bimcointernational.com\/tr\/#organization\",\"name\":\"bimco international\",\"url\":\"https:\/\/bimcointernational.com\/tr\/\",\"logo\":{\"@type\":\"ImageObject\",\"inLanguage\":\"tr\",\"@id\":\"https:\/\/bimcointernational.com\/tr\/#\/schema\/logo\/image\/\",\"url\":\"https:\/\/bimcointernational.com\/wp-content\/uploads\/2023\/03\/bimco-international.png\",\"contentUrl\":\"https:\/\/bimcointernational.com\/wp-content\/uploads\/2023\/03\/bimco-international.png\",\"width\":1000,\"height\":283,\"caption\":\"bimco international\"},\"image\":{\"@id\":\"https:\/\/bimcointernational.com\/tr\/#\/schema\/logo\/image\/\"},\"sameAs\":[\"https:\/\/www.facebook.com\/B9K9T\",\"https:\/\/www.instagram.com\/bimcokimya\/\"]}]}<\/script>\n<!-- \/ Yoast SEO plugin. -->","yoast_head_json":{"title":"SARIA: Toprak Fungisiti, Nematisit ve Bitki Ba\u011f\u0131\u015f\u0131kl\u0131k G\u00fc\u00e7lendirici- bimco international","description":"SARIA: \u00c7ok i\u015flevli bir fungisit, nematisit ve stres \u00f6nleyici biyo-stim\u00fclan. Benzersiz \u00f6zellikleriyle bitki ba\u011f\u0131\u015f\u0131kl\u0131\u011f\u0131n\u0131 ve k\u00fcresel \u00fcr\u00fcn kalitesini art\u0131r\u0131r","robots":{"index":"index","follow":"follow","max-snippet":"max-snippet:-1","max-image-preview":"max-image-preview:large","max-video-preview":"max-video-preview:-1"},"canonical":"https:\/\/bimcointernational.com\/tr\/urun\/bimco-saria-2\/","og_locale":"tr_TR","og_type":"article","og_title":"SARIA: Toprak Fungisiti, Nematisit ve Bitki Ba\u011f\u0131\u015f\u0131kl\u0131k G\u00fc\u00e7lendirici- bimco international","og_description":"SARIA: \u00c7ok i\u015flevli bir fungisit, nematisit ve stres \u00f6nleyici biyo-stim\u00fclan. Benzersiz \u00f6zellikleriyle bitki ba\u011f\u0131\u015f\u0131kl\u0131\u011f\u0131n\u0131 ve k\u00fcresel \u00fcr\u00fcn kalitesini art\u0131r\u0131r","og_url":"https:\/\/bimcointernational.com\/tr\/urun\/bimco-saria-2\/","og_site_name":"bimco international","article_publisher":"https:\/\/www.facebook.com\/B9K9T","article_modified_time":"2025-07-15T09:27:09+00:00","og_image":[{"width":1500,"height":1500,"url":"https:\/\/bimcointernational.com\/wp-content\/uploads\/2025\/07\/SARIA-1.png","type":"image\/png"}],"twitter_card":"summary_large_image","twitter_misc":{"Tahmini okuma s\u00fcresi":"2 dakika"},"schema":{"@context":"https:\/\/schema.org","@graph":[{"@type":"WebPage","@id":"https:\/\/bimcointernational.com\/tr\/urun\/bimco-saria-2\/","url":"https:\/\/bimcointernational.com\/tr\/urun\/bimco-saria-2\/","name":"SARIA: Toprak Fungisiti, Nematisit ve Bitki Ba\u011f\u0131\u015f\u0131kl\u0131k G\u00fc\u00e7lendirici- bimco international","isPartOf":{"@id":"https:\/\/bimcointernational.com\/tr\/#website"},"primaryImageOfPage":{"@id":"https:\/\/bimcointernational.com\/tr\/urun\/bimco-saria-2\/#primaryimage"},"image":{"@id":"https:\/\/bimcointernational.com\/tr\/urun\/bimco-saria-2\/#primaryimage"},"thumbnailUrl":"https:\/\/bimcointernational.com\/wp-content\/uploads\/2025\/07\/SARIA-1.png","datePublished":"2025-07-15T09:15:32+00:00","dateModified":"2025-07-15T09:27:09+00:00","description":"SARIA: \u00c7ok i\u015flevli bir fungisit, nematisit ve stres \u00f6nleyici biyo-stim\u00fclan. Benzersiz \u00f6zellikleriyle bitki ba\u011f\u0131\u015f\u0131kl\u0131\u011f\u0131n\u0131 ve k\u00fcresel \u00fcr\u00fcn kalitesini art\u0131r\u0131r","breadcrumb":{"@id":"https:\/\/bimcointernational.com\/tr\/urun\/bimco-saria-2\/#breadcrumb"},"inLanguage":"tr","potentialAction":[{"@type":"ReadAction","target":["https:\/\/bimcointernational.com\/tr\/urun\/bimco-saria-2\/"]}]},{"@type":"ImageObject","inLanguage":"tr","@id":"https:\/\/bimcointernational.com\/tr\/urun\/bimco-saria-2\/#primaryimage","url":"https:\/\/bimcointernational.com\/wp-content\/uploads\/2025\/07\/SARIA-1.png","contentUrl":"https:\/\/bimcointernational.com\/wp-content\/uploads\/2025\/07\/SARIA-1.png","width":1500,"height":1500,"caption":"SARIA: For enhanced immunity, disease, and pest control."},{"@type":"BreadcrumbList","@id":"https:\/\/bimcointernational.com\/tr\/urun\/bimco-saria-2\/#breadcrumb","itemListElement":[{"@type":"ListItem","position":1,"name":"Home","item":"https:\/\/bimcointernational.com\/tr\/"},{"@type":"ListItem","position":2,"name":"\u00dcr\u00fcnlerimiz","item":"https:\/\/bimcointernational.com\/tr\/urunlerimiz\/"},{"@type":"ListItem","position":3,"name":"SARIA"}]},{"@type":"WebSite","@id":"https:\/\/bimcointernational.com\/tr\/#website","url":"https:\/\/bimcointernational.com\/tr\/","name":"bimco international","description":"\u0634\u0631\u0643\u0629 \u0628\u064a\u0645\u0643\u0648 \u0627\u0644\u0643\u064a\u0645\u064a\u0627\u0626\u064a\u0629 \u0644\u0635\u0646\u0627\u0639\u0629 \u0627\u0644\u0645\u0628\u064a\u062f\u0627\u062a \u0648\u0627\u0644\u0623\u0633\u0645\u062f\u0629 \u0639\u0627\u0644\u064a\u0629 \u0627\u0644\u062c\u0648\u062f\u0629 35 \u0639\u0627\u0645\u0627 \u0645\u0646 \u0627\u0644\u062e\u0628\u0631\u0629 \u0646\u0636\u0639\u0647\u0627 \u0628\u064a\u0646 \u0623\u064a\u062f\u064a\u0643\u0645","publisher":{"@id":"https:\/\/bimcointernational.com\/tr\/#organization"},"potentialAction":[{"@type":"SearchAction","target":{"@type":"EntryPoint","urlTemplate":"https:\/\/bimcointernational.com\/tr\/?s={search_term_string}"},"query-input":{"@type":"PropertyValueSpecification","valueRequired":true,"valueName":"search_term_string"}}],"inLanguage":"tr"},{"@type":"Organization","@id":"https:\/\/bimcointernational.com\/tr\/#organization","name":"bimco international","url":"https:\/\/bimcointernational.com\/tr\/","logo":{"@type":"ImageObject","inLanguage":"tr","@id":"https:\/\/bimcointernational.com\/tr\/#\/schema\/logo\/image\/","url":"https:\/\/bimcointernational.com\/wp-content\/uploads\/2023\/03\/bimco-international.png","contentUrl":"https:\/\/bimcointernational.com\/wp-content\/uploads\/2023\/03\/bimco-international.png","width":1000,"height":283,"caption":"bimco international"},"image":{"@id":"https:\/\/bimcointernational.com\/tr\/#\/schema\/logo\/image\/"},"sameAs":["https:\/\/www.facebook.com\/B9K9T","https:\/\/www.instagram.com\/bimcokimya\/"]}]}},"jetpack_sharing_enabled":true,"_links":{"self":[{"href":"https:\/\/bimcointernational.com\/tr\/wp-json\/wp\/v2\/product\/5932","targetHints":{"allow":["GET"]}}],"collection":[{"href":"https:\/\/bimcointernational.com\/tr\/wp-json\/wp\/v2\/product"}],"about":[{"href":"https:\/\/bimcointernational.com\/tr\/wp-json\/wp\/v2\/types\/product"}],"replies":[{"embeddable":true,"href":"https:\/\/bimcointernational.com\/tr\/wp-json\/wp\/v2\/comments?post=5932"}],"wp:featuredmedia":[{"embeddable":true,"href":"https:\/\/bimcointernational.com\/tr\/wp-json\/wp\/v2\/media\/5930"}],"wp:attachment":[{"href":"https:\/\/bimcointernational.com\/tr\/wp-json\/wp\/v2\/media?parent=5932"}],"wp:term":[{"taxonomy":"product_brand","embeddable":true,"href":"https:\/\/bimcointernational.com\/tr\/wp-json\/wp\/v2\/product_brand?post=5932"},{"taxonomy":"product_cat","embeddable":true,"href":"https:\/\/bimcointernational.com\/tr\/wp-json\/wp\/v2\/product_cat?post=5932"},{"taxonomy":"product_tag","embeddable":true,"href":"https:\/\/bimcointernational.com\/tr\/wp-json\/wp\/v2\/product_tag?post=5932"}],"curies":[{"name":"wp","href":"https:\/\/api.w.org\/{rel}","templated":true}]}}