{"id":5919,"date":"2025-07-14T16:06:09","date_gmt":"2025-07-14T16:06:09","guid":{"rendered":"https:\/\/bimcointernational.com\/product\/bimco-paraffinic-organic-oil\/"},"modified":"2025-07-14T16:33:32","modified_gmt":"2025-07-14T16:33:32","slug":"bimco-paraffinic-organic-oil","status":"publish","type":"product","link":"https:\/\/bimcointernational.com\/tr\/urun\/bimco-paraffinic-organic-oil\/","title":{"rendered":"PARAFFINIC ORGANIC OIL"},"content":{"rendered":"<h1><span style=\"color: #99cc00;\"><strong>PARAFFINIC ORGANIC OIL: Zararl\u0131lara ve Hastal\u0131klara Kar\u015f\u0131 Etkili Koruma<\/strong><\/span><\/h1>\n<p>Mahsullerinizin zararl\u0131 ve hastal\u0131k tehditlerinden korunmas\u0131 ve sa\u011fl\u0131\u011f\u0131n\u0131n korunmas\u0131 i\u00e7in etkili bir koruma sa\u011flamak esast\u0131r. <span style=\"color: #99cc00;\"><strong>BIMCO International<\/strong><\/span>, bitkilerinize d\u00fcnya genelinde g\u00fc\u00e7l\u00fc ve do\u011fal koruma sunmak i\u00e7in tasarlanm\u0131\u015f \u00f6zel bir tar\u0131msal ya\u011f olan <strong><span style=\"color: #99cc00;\">PARAFFINIC ORGANIC OIL<\/span><\/strong>&#8216;i sunar.<\/p>\n<h2><span style=\"color: #99cc00;\"><strong>Parafinik Organik Ya\u011f\u0131n Temel \u00d6zellikleri ve Ba\u015fl\u0131ca Faydalar\u0131:<\/strong><\/span><\/h2>\n<ul>\n<li><strong>Zararl\u0131lar\u0131 Erken A\u015famada Yok Eder:<\/strong> Parafinik ya\u011f, b\u00f6cek yumurtalar\u0131n\u0131, k\u00fc\u00e7\u00fck larvalar\u0131 ve yeti\u015fkin k\u00fc\u00e7\u00fck b\u00f6cekleri ortadan kald\u0131r\u0131r, onlar\u0131 etkili bo\u011fulma mekanizmas\u0131yla \u00f6ld\u00fcr\u00fcr.<\/li>\n<li><strong>Koruyucu Bir Tabaka Olu\u015fturur:<\/strong> Bitkinin etraf\u0131nda, baz\u0131 hastal\u0131klar\u0131n bula\u015fmas\u0131n\u0131 veya mantar sporlar\u0131n\u0131n eri\u015fimini engelleyebilen koruyucu bir bariyer olu\u015fturur, bitki i\u00e7in fiziksel koruma sa\u011flar.<\/li>\n<li><strong>Etkili Pestisit Yard\u0131mc\u0131s\u0131:<\/strong> \u0130nsektisitler, fungisitler ve herbisitlerle yard\u0131mc\u0131 madde olarak kullan\u0131labilir, etkinliklerini art\u0131r\u0131r.<\/li>\n<li><strong>Sinerjistik Etki:<\/strong> Parafinik ya\u011flar, di\u011fer bir\u00e7ok pestisit ile sinerjik etki g\u00f6sterebilir, b\u00f6ylece etkinliklerini art\u0131r\u0131r ve kimyasal pestisitlerin uygulama oran\u0131n\u0131 azalt\u0131r.<\/li>\n<\/ul>\n<h2><span style=\"color: #99cc00;\"><strong>Uygulama Oran\u0131:<\/strong><\/span><\/h2>\n<table style=\"width: 100%; border-collapse: collapse; text-align: center;\">\n<thead>\n<tr>\n<th style=\"border: 1px solid #ddd; padding: 8px; background-color: #8bc34a;\"><span style=\"color: #ffffff;\">P\u00fcsk\u00fcrtme \/ 100 Litre Su<\/span><\/th>\n<th style=\"border: 1px solid #ddd; padding: 8px; background-color: #8bc34a;\"><span style=\"color: #ffffff;\">Bitki<\/span><\/th>\n<\/tr>\n<\/thead>\n<tbody>\n<tr>\n<td style=\"border: 1px solid #ddd; padding: 8px;\">150 &#8211; 250<\/td>\n<td style=\"border: 1px solid #ddd; padding: 8px;\">Turun\u00e7giller, Zeytinler, \u0130ncirler, Hurmalar, Muzlar ve Tropikal Bitkiler<\/td>\n<\/tr>\n<tr>\n<td style=\"border: 1px solid #ddd; padding: 8px;\">100 &#8211; 200<\/td>\n<td style=\"border: 1px solid #ddd; padding: 8px;\">Yaprakl\u0131 Sebzeler, Tarla Bitkileri ve Meyveli Sebzeler<\/td>\n<\/tr>\n<tr>\n<td style=\"border: 1px solid #ddd; padding: 8px;\">150 &#8211; 300<\/td>\n<td style=\"border: 1px solid #ddd; padding: 8px;\">Yaprak D\u00f6ken ve S\u00fcs A\u011fa\u00e7lar\u0131<\/td>\n<\/tr>\n<tr>\n<td style=\"border: 1px solid #ddd; padding: 8px;\">100 &#8211; 200<\/td>\n<td style=\"border: 1px solid #ddd; padding: 8px;\">Meyve A\u011fa\u00e7lar\u0131 (Elma, Armut, \u00dcz\u00fcm, Erik, Nar)<\/td>\n<\/tr>\n<tr>\n<td style=\"border: 1px solid #ddd; padding: 8px;\">200 &#8211; 400<\/td>\n<td style=\"border: 1px solid #ddd; padding: 8px;\">Meyve A\u011fa\u00e7lar\u0131<\/td>\n<\/tr>\n<\/tbody>\n<\/table>\n<p>Mahsullerini do\u011fal ve etkili bir \u015fekilde korumak i\u00e7in BIMCO International&#8217;dan PARAFFINIC ORGANIC OIL&#8217;i se\u00e7in. <span style=\"color: #99cc00;\"><a style=\"color: #99cc00;\" href=\"https:\/\/api.whatsapp.com\/send\/?phone=908503096351&amp;text=%D9%85%D8%B1%D8%AD%D8%A8%D8%A7%D9%8B+%D8%A7%D8%B1%D9%8A%D8%AF+%D8%A7%D9%84%D8%A5%D8%B3%D8%AA%D9%81%D8%B3%D8%A7%D8%B1+%D8%B9%D9%86+%D9%87%D8%B0%D8%A7+%D8%A7%D9%84%D9%85%D9%86%D8%AA%D8%AC%0A%0A%0A%0Ahttps%3A%2F%2Fbimcointernational.com%2F&amp;type=phone_number&amp;app_absent=0\" target=\"_blank\" rel=\"noopener\">Daha fazla bilgi edinmek i\u00e7in bug\u00fcn WhatsApp arac\u0131l\u0131\u011f\u0131yla bize ula\u015f\u0131n<\/a>.<\/span><\/p>\n","protected":false},"excerpt":{"rendered":"<p><span style=\"color: #99cc00;\"><b>PARAFFINIC ORGANIC OIL:<\/b><\/span> BIMCO International&#8217;\u0131n organik tar\u0131m ya\u011f\u0131. B\u00f6cek yumurtalar\u0131n\u0131 ve larvalar\u0131 yok eder, koruyucu bir tabaka olu\u015fturur. K\u00fcresel mahsul korumas\u0131 i\u00e7in do\u011fal etkinli\u011fiyle zararl\u0131lara ve hastal\u0131klara kar\u015f\u0131 idealdir.<\/p>\n","protected":false},"featured_media":5917,"comment_status":"open","ping_status":"closed","template":"","meta":{"_eb_attr":"","site-sidebar-layout":"default","site-content-layout":"","ast-site-content-layout":"default","site-content-style":"default","site-sidebar-style":"default","ast-global-header-display":"","ast-banner-title-visibility":"","ast-main-header-display":"","ast-hfb-above-header-display":"","ast-hfb-below-header-display":"","ast-hfb-mobile-header-display":"","site-post-title":"","ast-breadcrumbs-content":"","ast-featured-img":"","footer-sml-layout":"","ast-disable-related-posts":"","theme-transparent-header-meta":"default","adv-header-id-meta":"","stick-header-meta":"","header-above-stick-meta":"","header-main-stick-meta":"","header-below-stick-meta":"","astra-migrate-meta-layouts":"set","ast-page-background-enabled":"default","ast-page-background-meta":{"desktop":{"background-color":"var(--ast-global-color-4)","background-image":"","background-repeat":"repeat","background-position":"center center","background-size":"auto","background-attachment":"scroll","background-type":"","background-media":"","overlay-type":"","overlay-color":"","overlay-opacity":"","overlay-gradient":""},"tablet":{"background-color":"","background-image":"","background-repeat":"repeat","background-position":"center center","background-size":"auto","background-attachment":"scroll","background-type":"","background-media":"","overlay-type":"","overlay-color":"","overlay-opacity":"","overlay-gradient":""},"mobile":{"background-color":"","background-image":"","background-repeat":"repeat","background-position":"center center","background-size":"auto","background-attachment":"scroll","background-type":"","background-media":"","overlay-type":"","overlay-color":"","overlay-opacity":"","overlay-gradient":""}},"ast-content-background-meta":{"desktop":{"background-color":"var(--ast-global-color-5)","background-image":"","background-repeat":"repeat","background-position":"center center","background-size":"auto","background-attachment":"scroll","background-type":"","background-media":"","overlay-type":"","overlay-color":"","overlay-opacity":"","overlay-gradient":""},"tablet":{"background-color":"var(--ast-global-color-5)","background-image":"","background-repeat":"repeat","background-position":"center center","background-size":"auto","background-attachment":"scroll","background-type":"","background-media":"","overlay-type":"","overlay-color":"","overlay-opacity":"","overlay-gradient":""},"mobile":{"background-color":"var(--ast-global-color-5)","background-image":"","background-repeat":"repeat","background-position":"center center","background-size":"auto","background-attachment":"scroll","background-type":"","background-media":"","overlay-type":"","overlay-color":"","overlay-opacity":"","overlay-gradient":""}},"_joinchat":[]},"product_brand":[],"product_cat":[90],"product_tag":[],"class_list":{"0":"post-5919","1":"product","2":"type-product","3":"status-publish","4":"has-post-thumbnail","6":"product_cat-yesil-tarim-urunleri","7":"desktop-align-left","8":"tablet-align-left","9":"mobile-align-left","11":"first","12":"instock","13":"shipping-taxable","14":"product-type-simple"},"yoast_head":"<!-- This site is optimized with the Yoast SEO plugin v27.1.1 - https:\/\/yoast.com\/product\/yoast-seo-wordpress\/ -->\n<title>PARAFFINIC ORGANIC OIL: Zararl\u0131 Kontrol\u00fc ve Bitki Korumas\u0131 - bimco international<\/title>\n<meta name=\"description\" content=\"PARAFFINIC ORGANIC OIL: B\u00f6cek yumurtalar\u0131n\u0131, larvalar\u0131 ve k\u00fc\u00e7\u00fck b\u00f6cekleri yok eder. Koruyucu bir tabaka olu\u015fturur. K\u00fcresel mahsul korumas\u0131 i\u00e7in idealdir.\" \/>\n<meta name=\"robots\" content=\"index, follow, max-snippet:-1, max-image-preview:large, max-video-preview:-1\" \/>\n<link rel=\"canonical\" href=\"https:\/\/bimcointernational.com\/tr\/urun\/bimco-paraffinic-organic-oil\/\" \/>\n<meta property=\"og:locale\" content=\"tr_TR\" \/>\n<meta property=\"og:type\" content=\"article\" \/>\n<meta property=\"og:title\" content=\"PARAFFINIC ORGANIC OIL: Zararl\u0131 Kontrol\u00fc ve Bitki Korumas\u0131 - bimco international\" \/>\n<meta property=\"og:description\" content=\"PARAFFINIC ORGANIC OIL: B\u00f6cek yumurtalar\u0131n\u0131, larvalar\u0131 ve k\u00fc\u00e7\u00fck b\u00f6cekleri yok eder. Koruyucu bir tabaka olu\u015fturur. K\u00fcresel mahsul korumas\u0131 i\u00e7in idealdir.\" \/>\n<meta property=\"og:url\" content=\"https:\/\/bimcointernational.com\/tr\/urun\/bimco-paraffinic-organic-oil\/\" \/>\n<meta property=\"og:site_name\" content=\"bimco international\" \/>\n<meta property=\"article:publisher\" content=\"https:\/\/www.facebook.com\/B9K9T\" \/>\n<meta property=\"article:modified_time\" content=\"2025-07-14T16:33:32+00:00\" \/>\n<meta property=\"og:image\" content=\"https:\/\/bimcointernational.com\/wp-content\/uploads\/2025\/07\/Paraffinic-ORGANIC-OIL.png\" \/>\n\t<meta property=\"og:image:width\" content=\"1500\" \/>\n\t<meta property=\"og:image:height\" content=\"1500\" \/>\n\t<meta property=\"og:image:type\" content=\"image\/png\" \/>\n<meta name=\"twitter:card\" content=\"summary_large_image\" \/>\n<meta name=\"twitter:label1\" content=\"Tahmini okuma s\u00fcresi\" \/>\n\t<meta name=\"twitter:data1\" content=\"2 dakika\" \/>\n<script type=\"application\/ld+json\" class=\"yoast-schema-graph\">{\"@context\":\"https:\/\/schema.org\",\"@graph\":[{\"@type\":\"WebPage\",\"@id\":\"https:\/\/bimcointernational.com\/tr\/urun\/bimco-paraffinic-organic-oil\/\",\"url\":\"https:\/\/bimcointernational.com\/tr\/urun\/bimco-paraffinic-organic-oil\/\",\"name\":\"PARAFFINIC ORGANIC OIL: Zararl\u0131 Kontrol\u00fc ve Bitki Korumas\u0131 - bimco international\",\"isPartOf\":{\"@id\":\"https:\/\/bimcointernational.com\/tr\/#website\"},\"primaryImageOfPage\":{\"@id\":\"https:\/\/bimcointernational.com\/tr\/urun\/bimco-paraffinic-organic-oil\/#primaryimage\"},\"image\":{\"@id\":\"https:\/\/bimcointernational.com\/tr\/urun\/bimco-paraffinic-organic-oil\/#primaryimage\"},\"thumbnailUrl\":\"https:\/\/bimcointernational.com\/wp-content\/uploads\/2025\/07\/Paraffinic-ORGANIC-OIL.png\",\"datePublished\":\"2025-07-14T16:06:09+00:00\",\"dateModified\":\"2025-07-14T16:33:32+00:00\",\"description\":\"PARAFFINIC ORGANIC OIL: B\u00f6cek yumurtalar\u0131n\u0131, larvalar\u0131 ve k\u00fc\u00e7\u00fck b\u00f6cekleri yok eder. Koruyucu bir tabaka olu\u015fturur. K\u00fcresel mahsul korumas\u0131 i\u00e7in idealdir.\",\"breadcrumb\":{\"@id\":\"https:\/\/bimcointernational.com\/tr\/urun\/bimco-paraffinic-organic-oil\/#breadcrumb\"},\"inLanguage\":\"tr\",\"potentialAction\":[{\"@type\":\"ReadAction\",\"target\":[\"https:\/\/bimcointernational.com\/tr\/urun\/bimco-paraffinic-organic-oil\/\"]}]},{\"@type\":\"ImageObject\",\"inLanguage\":\"tr\",\"@id\":\"https:\/\/bimcointernational.com\/tr\/urun\/bimco-paraffinic-organic-oil\/#primaryimage\",\"url\":\"https:\/\/bimcointernational.com\/wp-content\/uploads\/2025\/07\/Paraffinic-ORGANIC-OIL.png\",\"contentUrl\":\"https:\/\/bimcointernational.com\/wp-content\/uploads\/2025\/07\/Paraffinic-ORGANIC-OIL.png\",\"width\":1500,\"height\":1500,\"caption\":\"PARAFFINIC ORGANIC OIL: For pest control and plant protection.\"},{\"@type\":\"BreadcrumbList\",\"@id\":\"https:\/\/bimcointernational.com\/tr\/urun\/bimco-paraffinic-organic-oil\/#breadcrumb\",\"itemListElement\":[{\"@type\":\"ListItem\",\"position\":1,\"name\":\"Home\",\"item\":\"https:\/\/bimcointernational.com\/tr\/\"},{\"@type\":\"ListItem\",\"position\":2,\"name\":\"\u00dcr\u00fcnlerimiz\",\"item\":\"https:\/\/bimcointernational.com\/tr\/urunlerimiz\/\"},{\"@type\":\"ListItem\",\"position\":3,\"name\":\"PARAFFINIC ORGANIC OIL\"}]},{\"@type\":\"WebSite\",\"@id\":\"https:\/\/bimcointernational.com\/tr\/#website\",\"url\":\"https:\/\/bimcointernational.com\/tr\/\",\"name\":\"bimco international\",\"description\":\"\u0634\u0631\u0643\u0629 \u0628\u064a\u0645\u0643\u0648 \u0627\u0644\u0643\u064a\u0645\u064a\u0627\u0626\u064a\u0629 \u0644\u0635\u0646\u0627\u0639\u0629 \u0627\u0644\u0645\u0628\u064a\u062f\u0627\u062a \u0648\u0627\u0644\u0623\u0633\u0645\u062f\u0629 \u0639\u0627\u0644\u064a\u0629 \u0627\u0644\u062c\u0648\u062f\u0629 35 \u0639\u0627\u0645\u0627 \u0645\u0646 \u0627\u0644\u062e\u0628\u0631\u0629 \u0646\u0636\u0639\u0647\u0627 \u0628\u064a\u0646 \u0623\u064a\u062f\u064a\u0643\u0645\",\"publisher\":{\"@id\":\"https:\/\/bimcointernational.com\/tr\/#organization\"},\"potentialAction\":[{\"@type\":\"SearchAction\",\"target\":{\"@type\":\"EntryPoint\",\"urlTemplate\":\"https:\/\/bimcointernational.com\/tr\/?s={search_term_string}\"},\"query-input\":{\"@type\":\"PropertyValueSpecification\",\"valueRequired\":true,\"valueName\":\"search_term_string\"}}],\"inLanguage\":\"tr\"},{\"@type\":\"Organization\",\"@id\":\"https:\/\/bimcointernational.com\/tr\/#organization\",\"name\":\"bimco international\",\"url\":\"https:\/\/bimcointernational.com\/tr\/\",\"logo\":{\"@type\":\"ImageObject\",\"inLanguage\":\"tr\",\"@id\":\"https:\/\/bimcointernational.com\/tr\/#\/schema\/logo\/image\/\",\"url\":\"https:\/\/bimcointernational.com\/wp-content\/uploads\/2023\/03\/bimco-international.png\",\"contentUrl\":\"https:\/\/bimcointernational.com\/wp-content\/uploads\/2023\/03\/bimco-international.png\",\"width\":1000,\"height\":283,\"caption\":\"bimco international\"},\"image\":{\"@id\":\"https:\/\/bimcointernational.com\/tr\/#\/schema\/logo\/image\/\"},\"sameAs\":[\"https:\/\/www.facebook.com\/B9K9T\",\"https:\/\/www.instagram.com\/bimcokimya\/\"]}]}<\/script>\n<!-- \/ Yoast SEO plugin. -->","yoast_head_json":{"title":"PARAFFINIC ORGANIC OIL: Zararl\u0131 Kontrol\u00fc ve Bitki Korumas\u0131 - bimco international","description":"PARAFFINIC ORGANIC OIL: B\u00f6cek yumurtalar\u0131n\u0131, larvalar\u0131 ve k\u00fc\u00e7\u00fck b\u00f6cekleri yok eder. Koruyucu bir tabaka olu\u015fturur. K\u00fcresel mahsul korumas\u0131 i\u00e7in idealdir.","robots":{"index":"index","follow":"follow","max-snippet":"max-snippet:-1","max-image-preview":"max-image-preview:large","max-video-preview":"max-video-preview:-1"},"canonical":"https:\/\/bimcointernational.com\/tr\/urun\/bimco-paraffinic-organic-oil\/","og_locale":"tr_TR","og_type":"article","og_title":"PARAFFINIC ORGANIC OIL: Zararl\u0131 Kontrol\u00fc ve Bitki Korumas\u0131 - bimco international","og_description":"PARAFFINIC ORGANIC OIL: B\u00f6cek yumurtalar\u0131n\u0131, larvalar\u0131 ve k\u00fc\u00e7\u00fck b\u00f6cekleri yok eder. Koruyucu bir tabaka olu\u015fturur. K\u00fcresel mahsul korumas\u0131 i\u00e7in idealdir.","og_url":"https:\/\/bimcointernational.com\/tr\/urun\/bimco-paraffinic-organic-oil\/","og_site_name":"bimco international","article_publisher":"https:\/\/www.facebook.com\/B9K9T","article_modified_time":"2025-07-14T16:33:32+00:00","og_image":[{"width":1500,"height":1500,"url":"https:\/\/bimcointernational.com\/wp-content\/uploads\/2025\/07\/Paraffinic-ORGANIC-OIL.png","type":"image\/png"}],"twitter_card":"summary_large_image","twitter_misc":{"Tahmini okuma s\u00fcresi":"2 dakika"},"schema":{"@context":"https:\/\/schema.org","@graph":[{"@type":"WebPage","@id":"https:\/\/bimcointernational.com\/tr\/urun\/bimco-paraffinic-organic-oil\/","url":"https:\/\/bimcointernational.com\/tr\/urun\/bimco-paraffinic-organic-oil\/","name":"PARAFFINIC ORGANIC OIL: Zararl\u0131 Kontrol\u00fc ve Bitki Korumas\u0131 - bimco international","isPartOf":{"@id":"https:\/\/bimcointernational.com\/tr\/#website"},"primaryImageOfPage":{"@id":"https:\/\/bimcointernational.com\/tr\/urun\/bimco-paraffinic-organic-oil\/#primaryimage"},"image":{"@id":"https:\/\/bimcointernational.com\/tr\/urun\/bimco-paraffinic-organic-oil\/#primaryimage"},"thumbnailUrl":"https:\/\/bimcointernational.com\/wp-content\/uploads\/2025\/07\/Paraffinic-ORGANIC-OIL.png","datePublished":"2025-07-14T16:06:09+00:00","dateModified":"2025-07-14T16:33:32+00:00","description":"PARAFFINIC ORGANIC OIL: B\u00f6cek yumurtalar\u0131n\u0131, larvalar\u0131 ve k\u00fc\u00e7\u00fck b\u00f6cekleri yok eder. Koruyucu bir tabaka olu\u015fturur. K\u00fcresel mahsul korumas\u0131 i\u00e7in idealdir.","breadcrumb":{"@id":"https:\/\/bimcointernational.com\/tr\/urun\/bimco-paraffinic-organic-oil\/#breadcrumb"},"inLanguage":"tr","potentialAction":[{"@type":"ReadAction","target":["https:\/\/bimcointernational.com\/tr\/urun\/bimco-paraffinic-organic-oil\/"]}]},{"@type":"ImageObject","inLanguage":"tr","@id":"https:\/\/bimcointernational.com\/tr\/urun\/bimco-paraffinic-organic-oil\/#primaryimage","url":"https:\/\/bimcointernational.com\/wp-content\/uploads\/2025\/07\/Paraffinic-ORGANIC-OIL.png","contentUrl":"https:\/\/bimcointernational.com\/wp-content\/uploads\/2025\/07\/Paraffinic-ORGANIC-OIL.png","width":1500,"height":1500,"caption":"PARAFFINIC ORGANIC OIL: For pest control and plant protection."},{"@type":"BreadcrumbList","@id":"https:\/\/bimcointernational.com\/tr\/urun\/bimco-paraffinic-organic-oil\/#breadcrumb","itemListElement":[{"@type":"ListItem","position":1,"name":"Home","item":"https:\/\/bimcointernational.com\/tr\/"},{"@type":"ListItem","position":2,"name":"\u00dcr\u00fcnlerimiz","item":"https:\/\/bimcointernational.com\/tr\/urunlerimiz\/"},{"@type":"ListItem","position":3,"name":"PARAFFINIC ORGANIC OIL"}]},{"@type":"WebSite","@id":"https:\/\/bimcointernational.com\/tr\/#website","url":"https:\/\/bimcointernational.com\/tr\/","name":"bimco international","description":"\u0634\u0631\u0643\u0629 \u0628\u064a\u0645\u0643\u0648 \u0627\u0644\u0643\u064a\u0645\u064a\u0627\u0626\u064a\u0629 \u0644\u0635\u0646\u0627\u0639\u0629 \u0627\u0644\u0645\u0628\u064a\u062f\u0627\u062a \u0648\u0627\u0644\u0623\u0633\u0645\u062f\u0629 \u0639\u0627\u0644\u064a\u0629 \u0627\u0644\u062c\u0648\u062f\u0629 35 \u0639\u0627\u0645\u0627 \u0645\u0646 \u0627\u0644\u062e\u0628\u0631\u0629 \u0646\u0636\u0639\u0647\u0627 \u0628\u064a\u0646 \u0623\u064a\u062f\u064a\u0643\u0645","publisher":{"@id":"https:\/\/bimcointernational.com\/tr\/#organization"},"potentialAction":[{"@type":"SearchAction","target":{"@type":"EntryPoint","urlTemplate":"https:\/\/bimcointernational.com\/tr\/?s={search_term_string}"},"query-input":{"@type":"PropertyValueSpecification","valueRequired":true,"valueName":"search_term_string"}}],"inLanguage":"tr"},{"@type":"Organization","@id":"https:\/\/bimcointernational.com\/tr\/#organization","name":"bimco international","url":"https:\/\/bimcointernational.com\/tr\/","logo":{"@type":"ImageObject","inLanguage":"tr","@id":"https:\/\/bimcointernational.com\/tr\/#\/schema\/logo\/image\/","url":"https:\/\/bimcointernational.com\/wp-content\/uploads\/2023\/03\/bimco-international.png","contentUrl":"https:\/\/bimcointernational.com\/wp-content\/uploads\/2023\/03\/bimco-international.png","width":1000,"height":283,"caption":"bimco international"},"image":{"@id":"https:\/\/bimcointernational.com\/tr\/#\/schema\/logo\/image\/"},"sameAs":["https:\/\/www.facebook.com\/B9K9T","https:\/\/www.instagram.com\/bimcokimya\/"]}]}},"jetpack_sharing_enabled":true,"_links":{"self":[{"href":"https:\/\/bimcointernational.com\/tr\/wp-json\/wp\/v2\/product\/5919","targetHints":{"allow":["GET"]}}],"collection":[{"href":"https:\/\/bimcointernational.com\/tr\/wp-json\/wp\/v2\/product"}],"about":[{"href":"https:\/\/bimcointernational.com\/tr\/wp-json\/wp\/v2\/types\/product"}],"replies":[{"embeddable":true,"href":"https:\/\/bimcointernational.com\/tr\/wp-json\/wp\/v2\/comments?post=5919"}],"wp:featuredmedia":[{"embeddable":true,"href":"https:\/\/bimcointernational.com\/tr\/wp-json\/wp\/v2\/media\/5917"}],"wp:attachment":[{"href":"https:\/\/bimcointernational.com\/tr\/wp-json\/wp\/v2\/media?parent=5919"}],"wp:term":[{"taxonomy":"product_brand","embeddable":true,"href":"https:\/\/bimcointernational.com\/tr\/wp-json\/wp\/v2\/product_brand?post=5919"},{"taxonomy":"product_cat","embeddable":true,"href":"https:\/\/bimcointernational.com\/tr\/wp-json\/wp\/v2\/product_cat?post=5919"},{"taxonomy":"product_tag","embeddable":true,"href":"https:\/\/bimcointernational.com\/tr\/wp-json\/wp\/v2\/product_tag?post=5919"}],"curies":[{"name":"wp","href":"https:\/\/api.w.org\/{rel}","templated":true}]}}