{"id":5910,"date":"2025-07-14T15:30:30","date_gmt":"2025-07-14T15:30:30","guid":{"rendered":"https:\/\/bimcointernational.com\/product\/bimco-potca\/"},"modified":"2025-07-14T15:42:20","modified_gmt":"2025-07-14T15:42:20","slug":"bimco-potca","status":"publish","type":"product","link":"https:\/\/bimcointernational.com\/tr\/urun\/bimco-potca\/","title":{"rendered":"POTCA"},"content":{"rendered":"<h1><span style=\"color: #99cc00;\"><strong>POTCA: Kalsiyum ve Potasyum Lignos\u00fclfonatlar\u0131 ile K\u00fcresel Tuzluluk Giderici<\/strong><\/span><\/h1>\n<p>Tuzluluk zorluklar\u0131yla kar\u015f\u0131 kar\u015f\u0131ya olan tar\u0131m ortamlar\u0131nda, sa\u011fl\u0131kl\u0131 b\u00fcy\u00fcme ve y\u00fcksek verimlilik elde etmek zordur. <span style=\"color: #99cc00;\"><strong>BIMCO International<\/strong><\/span>, Kalsiyum ve Potasyum Lignos\u00fclfonatlar\u0131na ek olarak Karboksilik Asitlerden olu\u015fan, d\u00fcnya genelindeki en g\u00fc\u00e7l\u00fc tuzluluk giderme form\u00fclleri aras\u0131nda s\u0131n\u0131fland\u0131r\u0131lan e\u015fsiz bir tuzluluk giderici olan <span style=\"color: #99cc00;\"><strong>POTCA<\/strong>&#8216;y\u0131<\/span> sunar.<\/p>\n<h2><span style=\"color: #99cc00;\"><strong>POTCA&#8217;n\u0131n Temel \u00d6zellikleri ve Ba\u015fl\u0131ca Faydalar\u0131:<\/strong><\/span><\/h2>\n<p><span style=\"color: #99cc00;\">POTCA<\/span>, ozmotik strese kar\u015f\u0131 y\u00fcksek diren\u00e7li hayati \u00fcr\u00fcnler elde etmek i\u00e7in tasarlanm\u0131\u015f, \u00e7evre dostu yeni bir karboksilik \u015felat bile\u015fi\u011fidir ve temel besin maddeleri olan Fosfor ve Potasyum elementlerini sa\u011flar.<\/p>\n<ul>\n<li><strong>Belirgin Kimyasal, Fiziksel ve Mikrobiyal \u00d6zellikler:<\/strong> POTCA ile i\u015flenmi\u015f \u00fcr\u00fcnler, d\u0131\u015f g\u00f6r\u00fcn\u00fc\u015f, sertlik, belirgin boyut ve uygun \u00f6zg\u00fcl a\u011f\u0131rl\u0131k a\u00e7\u0131s\u0131ndan benzersiz \u00f6zellikler sergiler.<\/li>\n<li><strong>Geli\u015fmi\u015f Duyusal ve Estetik Kalite:<\/strong> \u00c7ekici do\u011fal renk, belirgin tat, harika doku ve ola\u011fan\u00fcst\u00fc meyve elde edilmesine katk\u0131da bulunur.<\/li>\n<li><strong>H\u0131zl\u0131 Emilim ve Sistemik Hareket:<\/strong> FOSFOR\u0130K AS\u0130T&#8217;ten t\u00fcretilmi\u015ftir, bitki taraf\u0131ndan \u00e7ok h\u0131zl\u0131 emilim ve vask\u00fcler ve yass\u0131 doku (ksilem ve floem i\u00e7inde sistemik) i\u00e7inde h\u0131zl\u0131 hareket ile karakterizedir.<\/li>\n<li><strong>B\u00fcy\u00fcme ve \u00dcretimi Art\u0131r\u0131r:<\/strong> Hem k\u00f6k hem de yaprak sistemleri arac\u0131l\u0131\u011f\u0131yla y\u00fcksek miktarlarda emilir, b\u00f6ylece bitkiye vejetatif, \u00e7i\u00e7ek ve meyve b\u00fcy\u00fcmesi i\u00e7in gerekli temel Fosfor ve Potasyumu sa\u011flar, bu da \u00fcretimi art\u0131r\u0131r ve kalitesini y\u00fckseltir.<\/li>\n<\/ul>\n<h2><span style=\"color: #99cc00;\"><strong>Kimyasal Analiz:<\/strong><\/span><\/h2>\n<table style=\"width: 100%; border-collapse: collapse; text-align: center;\">\n<thead>\n<tr>\n<th style=\"border: 1px solid #ddd; padding: 8px; background-color: #8bc34a;\"><span style=\"color: #ffffff;\">Bile\u015fen<\/span><\/th>\n<th style=\"border: 1px solid #ddd; padding: 8px; background-color: #8bc34a;\"><span style=\"color: #ffffff;\">Sembol \/ Form\u00fcl<\/span><\/th>\n<th style=\"border: 1px solid #ddd; padding: 8px; background-color: #8bc34a;\"><span style=\"color: #ffffff;\">Konsantrasyon (%)<\/span><\/th>\n<\/tr>\n<\/thead>\n<tbody>\n<tr>\n<td style=\"border: 1px solid #ddd; padding: 8px;\">Potasyum Lignos\u00fclfonat<\/td>\n<td style=\"border: 1px solid #ddd; padding: 8px;\"><span style=\"color: #ff0000;\">PLS<\/span><\/td>\n<td style=\"border: 1px solid #ddd; padding: 8px;\">25<\/td>\n<\/tr>\n<tr>\n<td style=\"border: 1px solid #ddd; padding: 8px;\">Kalsiyum Lignos\u00fclfonat<\/td>\n<td style=\"border: 1px solid #ddd; padding: 8px;\"><span style=\"color: #ff0000;\">C20H24CaO10S2<\/span><\/td>\n<td style=\"border: 1px solid #ddd; padding: 8px;\">25<\/td>\n<\/tr>\n<\/tbody>\n<\/table>\n<h2><span style=\"color: #99cc00;\"><strong>Uygulama Oran\u0131:<\/strong><\/span><\/h2>\n<table style=\"width: 100%; border-collapse: collapse; text-align: center;\">\n<thead>\n<tr>\n<th style=\"border: 1px solid #ddd; padding: 8px; background-color: #8bc34a;\"><span style=\"color: #ffffff;\">Bitki<\/span><\/th>\n<th style=\"border: 1px solid #ddd; padding: 8px; background-color: #8bc34a;\"><span style=\"color: #ffffff;\">Sulama \/ d\u00f6n\u00fcm ba\u015f\u0131na<\/span><\/th>\n<th style=\"border: 1px solid #ddd; padding: 8px; background-color: #8bc34a;\"><span style=\"color: #ffffff;\">P\u00fcsk\u00fcrtme \/ 100 litre su<\/span><\/th>\n<\/tr>\n<\/thead>\n<tbody>\n<tr>\n<td style=\"border: 1px solid #ddd; padding: 8px;\">Sebzeler, So\u011fanl\u0131 Bitkiler ve Yumrular<\/td>\n<td style=\"border: 1px solid #ddd; padding: 8px;\">1000 &#8211; 200<\/td>\n<td style=\"border: 1px solid #ddd; padding: 8px;\">350 \u2013 150<\/td>\n<\/tr>\n<tr>\n<td style=\"border: 1px solid #ddd; padding: 8px;\">Tarla Bitkileri ve Baklagiller<\/td>\n<td style=\"border: 1px solid #ddd; padding: 8px;\">250 &#8211; 100<\/td>\n<td style=\"border: 1px solid #ddd; padding: 8px;\">250 \u2013 125<\/td>\n<\/tr>\n<tr>\n<td style=\"border: 1px solid #ddd; padding: 8px;\">Turun\u00e7giller, Kakao ve Tropikal Meyve A\u011fa\u00e7lar\u0131<\/td>\n<td style=\"border: 1px solid #ddd; padding: 8px;\">500 &#8211; 100<\/td>\n<td style=\"border: 1px solid #ddd; padding: 8px;\">250 &#8211; 150<\/td>\n<\/tr>\n<tr>\n<td style=\"border: 1px solid #ddd; padding: 8px;\">\u00dcz\u00fcm, Zeytin ve Nar A\u011fa\u00e7lar\u0131<\/td>\n<td style=\"border: 1px solid #ddd; padding: 8px;\">750 &#8211; 250<\/td>\n<td style=\"border: 1px solid #ddd; padding: 8px;\">200- 100<\/td>\n<\/tr>\n<tr>\n<td style=\"border: 1px solid #ddd; padding: 8px;\">Elma, Badem ve Antep F\u0131st\u0131\u011f\u0131<\/td>\n<td style=\"border: 1px solid #ddd; padding: 8px;\">1500 &#8211; 750<\/td>\n<td style=\"border: 1px solid #ddd; padding: 8px;\">250 \u2013 150<\/td>\n<\/tr>\n<tr>\n<td style=\"border: 1px solid #ddd; padding: 8px;\">Pamuk, \u015eeker Pancar\u0131 ve Susam<\/td>\n<td style=\"border: 1px solid #ddd; padding: 8px;\">250 \u2013 150<\/td>\n<td style=\"border: 1px solid #ddd; padding: 8px;\">150 \u2013 10<\/td>\n<\/tr>\n<\/tbody>\n<\/table>\n<p>Tuzluluk zorluklar\u0131yla m\u00fccadele etmek ve mahsullerinizin b\u00fcy\u00fcme potansiyelini en \u00fcst d\u00fczeye \u00e7\u0131karmak i\u00e7in BIMCO International&#8217;dan POTCA&#8217;y\u0131 se\u00e7in. <span style=\"color: #99cc00;\"><a style=\"color: #99cc00;\" href=\"https:\/\/api.whatsapp.com\/send\/?phone=908503096351&amp;text=%D9%85%D8%B1%D8%AD%D8%A8%D8%A7%D9%8B+%D8%A7%D8%B1%D9%8A%D8%AF+%D8%A7%D9%84%D8%A5%D8%B3%D8%AA%D9%81%D8%B3%D8%A7%D8%B1+%D8%B9%D9%86+%D9%87%D8%B0%D8%A7+%D8%A7%D9%84%D9%85%D9%86%D8%AA%D8%AC%0A%0A%0A%0Ahttps%3A%2F%2Fbimcointernational.com%2F&amp;type=phone_number&amp;app_absent=0\" target=\"_blank\" rel=\"noopener\">Daha fazla bilgi edinmek i\u00e7in bug\u00fcn WhatsApp arac\u0131l\u0131\u011f\u0131yla bize ula\u015f\u0131n<\/a>.<\/span><\/p>\n","protected":false},"excerpt":{"rendered":"<p><span style=\"color: #99cc00;\"><b>POTCA:<\/b><\/span> BIMCO International&#8217;\u0131n k\u00fcresel tuzluluk gidericisidir. Kalsiyum ve Potasyum Lignos\u00fclfonatlar\u0131 ile Karboksilik Asitlerden olu\u015fur. Bitkilerin ozmotik stres direncini art\u0131r\u0131r ve genel mahsul verimi ile kalitesini iyile\u015ftirir.<\/p>\n","protected":false},"featured_media":5908,"comment_status":"open","ping_status":"closed","template":"","meta":{"_eb_attr":"","site-sidebar-layout":"default","site-content-layout":"","ast-site-content-layout":"default","site-content-style":"default","site-sidebar-style":"default","ast-global-header-display":"","ast-banner-title-visibility":"","ast-main-header-display":"","ast-hfb-above-header-display":"","ast-hfb-below-header-display":"","ast-hfb-mobile-header-display":"","site-post-title":"","ast-breadcrumbs-content":"","ast-featured-img":"","footer-sml-layout":"","ast-disable-related-posts":"","theme-transparent-header-meta":"default","adv-header-id-meta":"","stick-header-meta":"","header-above-stick-meta":"","header-main-stick-meta":"","header-below-stick-meta":"","astra-migrate-meta-layouts":"set","ast-page-background-enabled":"default","ast-page-background-meta":{"desktop":{"background-color":"var(--ast-global-color-4)","background-image":"","background-repeat":"repeat","background-position":"center center","background-size":"auto","background-attachment":"scroll","background-type":"","background-media":"","overlay-type":"","overlay-color":"","overlay-opacity":"","overlay-gradient":""},"tablet":{"background-color":"","background-image":"","background-repeat":"repeat","background-position":"center center","background-size":"auto","background-attachment":"scroll","background-type":"","background-media":"","overlay-type":"","overlay-color":"","overlay-opacity":"","overlay-gradient":""},"mobile":{"background-color":"","background-image":"","background-repeat":"repeat","background-position":"center center","background-size":"auto","background-attachment":"scroll","background-type":"","background-media":"","overlay-type":"","overlay-color":"","overlay-opacity":"","overlay-gradient":""}},"ast-content-background-meta":{"desktop":{"background-color":"var(--ast-global-color-5)","background-image":"","background-repeat":"repeat","background-position":"center center","background-size":"auto","background-attachment":"scroll","background-type":"","background-media":"","overlay-type":"","overlay-color":"","overlay-opacity":"","overlay-gradient":""},"tablet":{"background-color":"var(--ast-global-color-5)","background-image":"","background-repeat":"repeat","background-position":"center center","background-size":"auto","background-attachment":"scroll","background-type":"","background-media":"","overlay-type":"","overlay-color":"","overlay-opacity":"","overlay-gradient":""},"mobile":{"background-color":"var(--ast-global-color-5)","background-image":"","background-repeat":"repeat","background-position":"center center","background-size":"auto","background-attachment":"scroll","background-type":"","background-media":"","overlay-type":"","overlay-color":"","overlay-opacity":"","overlay-gradient":""}},"_joinchat":[]},"product_brand":[],"product_cat":[90],"product_tag":[],"class_list":{"0":"post-5910","1":"product","2":"type-product","3":"status-publish","4":"has-post-thumbnail","6":"product_cat-yesil-tarim-urunleri","7":"desktop-align-left","8":"tablet-align-left","9":"mobile-align-left","11":"first","12":"instock","13":"shipping-taxable","14":"product-type-simple"},"yoast_head":"<!-- This site is optimized with the Yoast SEO plugin v27.4 - https:\/\/yoast.com\/product\/yoast-seo-wordpress\/ -->\n<title>POTCA: Kalsiyum Potasyum Lignos\u00fclfonatlar\u0131 Tuzluluk Giderici - bimco international<\/title>\n<meta name=\"description\" content=\"POTCA: G\u00fc\u00e7l\u00fc bir k\u00fcresel tuzluluk giderici. Bitkilerin ozmotik stres direncini art\u0131r\u0131r, verimi ve kaliteyi benzersiz \u00f6zelliklerle iyile\u015ftirir.\" \/>\n<meta name=\"robots\" content=\"index, follow, max-snippet:-1, max-image-preview:large, max-video-preview:-1\" \/>\n<link rel=\"canonical\" href=\"https:\/\/bimcointernational.com\/tr\/urun\/bimco-potca\/\" \/>\n<meta property=\"og:locale\" content=\"tr_TR\" \/>\n<meta property=\"og:type\" content=\"article\" \/>\n<meta property=\"og:title\" content=\"POTCA: Kalsiyum Potasyum Lignos\u00fclfonatlar\u0131 Tuzluluk Giderici - bimco international\" \/>\n<meta property=\"og:description\" content=\"POTCA: G\u00fc\u00e7l\u00fc bir k\u00fcresel tuzluluk giderici. Bitkilerin ozmotik stres direncini art\u0131r\u0131r, verimi ve kaliteyi benzersiz \u00f6zelliklerle iyile\u015ftirir.\" \/>\n<meta property=\"og:url\" content=\"https:\/\/bimcointernational.com\/tr\/urun\/bimco-potca\/\" \/>\n<meta property=\"og:site_name\" content=\"bimco international\" \/>\n<meta property=\"article:publisher\" content=\"https:\/\/www.facebook.com\/B9K9T\" \/>\n<meta property=\"article:modified_time\" content=\"2025-07-14T15:42:20+00:00\" \/>\n<meta property=\"og:image\" content=\"https:\/\/bimcointernational.com\/wp-content\/uploads\/2025\/07\/POTCA.png\" \/>\n\t<meta property=\"og:image:width\" content=\"1500\" \/>\n\t<meta property=\"og:image:height\" content=\"1500\" \/>\n\t<meta property=\"og:image:type\" content=\"image\/png\" \/>\n<meta name=\"twitter:card\" content=\"summary_large_image\" \/>\n<meta name=\"twitter:label1\" content=\"Tahmini okuma s\u00fcresi\" \/>\n\t<meta name=\"twitter:data1\" content=\"2 dakika\" \/>\n<script type=\"application\/ld+json\" class=\"yoast-schema-graph\">{\"@context\":\"https:\\\/\\\/schema.org\",\"@graph\":[{\"@type\":\"WebPage\",\"@id\":\"https:\\\/\\\/bimcointernational.com\\\/tr\\\/urun\\\/bimco-potca\\\/\",\"url\":\"https:\\\/\\\/bimcointernational.com\\\/tr\\\/urun\\\/bimco-potca\\\/\",\"name\":\"POTCA: Kalsiyum Potasyum Lignos\u00fclfonatlar\u0131 Tuzluluk Giderici - bimco international\",\"isPartOf\":{\"@id\":\"https:\\\/\\\/bimcointernational.com\\\/tr\\\/#website\"},\"primaryImageOfPage\":{\"@id\":\"https:\\\/\\\/bimcointernational.com\\\/tr\\\/urun\\\/bimco-potca\\\/#primaryimage\"},\"image\":{\"@id\":\"https:\\\/\\\/bimcointernational.com\\\/tr\\\/urun\\\/bimco-potca\\\/#primaryimage\"},\"thumbnailUrl\":\"https:\\\/\\\/bimcointernational.com\\\/wp-content\\\/uploads\\\/2025\\\/07\\\/POTCA.png\",\"datePublished\":\"2025-07-14T15:30:30+00:00\",\"dateModified\":\"2025-07-14T15:42:20+00:00\",\"description\":\"POTCA: G\u00fc\u00e7l\u00fc bir k\u00fcresel tuzluluk giderici. Bitkilerin ozmotik stres direncini art\u0131r\u0131r, verimi ve kaliteyi benzersiz \u00f6zelliklerle iyile\u015ftirir.\",\"breadcrumb\":{\"@id\":\"https:\\\/\\\/bimcointernational.com\\\/tr\\\/urun\\\/bimco-potca\\\/#breadcrumb\"},\"inLanguage\":\"tr\",\"potentialAction\":[{\"@type\":\"ReadAction\",\"target\":[\"https:\\\/\\\/bimcointernational.com\\\/tr\\\/urun\\\/bimco-potca\\\/\"]}]},{\"@type\":\"ImageObject\",\"inLanguage\":\"tr\",\"@id\":\"https:\\\/\\\/bimcointernational.com\\\/tr\\\/urun\\\/bimco-potca\\\/#primaryimage\",\"url\":\"https:\\\/\\\/bimcointernational.com\\\/wp-content\\\/uploads\\\/2025\\\/07\\\/POTCA.png\",\"contentUrl\":\"https:\\\/\\\/bimcointernational.com\\\/wp-content\\\/uploads\\\/2025\\\/07\\\/POTCA.png\",\"width\":1500,\"height\":1500,\"caption\":\"POTCA: For optimal results in salt-affected lands.\"},{\"@type\":\"BreadcrumbList\",\"@id\":\"https:\\\/\\\/bimcointernational.com\\\/tr\\\/urun\\\/bimco-potca\\\/#breadcrumb\",\"itemListElement\":[{\"@type\":\"ListItem\",\"position\":1,\"name\":\"Home\",\"item\":\"https:\\\/\\\/bimcointernational.com\\\/tr\\\/\"},{\"@type\":\"ListItem\",\"position\":2,\"name\":\"\u00dcr\u00fcnlerimiz\",\"item\":\"https:\\\/\\\/bimcointernational.com\\\/tr\\\/urunlerimiz\\\/\"},{\"@type\":\"ListItem\",\"position\":3,\"name\":\"POTCA\"}]},{\"@type\":\"WebSite\",\"@id\":\"https:\\\/\\\/bimcointernational.com\\\/tr\\\/#website\",\"url\":\"https:\\\/\\\/bimcointernational.com\\\/tr\\\/\",\"name\":\"bimco international\",\"description\":\"\u0634\u0631\u0643\u0629 \u0628\u064a\u0645\u0643\u0648 \u0627\u0644\u0643\u064a\u0645\u064a\u0627\u0626\u064a\u0629 \u0644\u0635\u0646\u0627\u0639\u0629 \u0627\u0644\u0645\u0628\u064a\u062f\u0627\u062a \u0648\u0627\u0644\u0623\u0633\u0645\u062f\u0629 \u0639\u0627\u0644\u064a\u0629 \u0627\u0644\u062c\u0648\u062f\u0629 35 \u0639\u0627\u0645\u0627 \u0645\u0646 \u0627\u0644\u062e\u0628\u0631\u0629 \u0646\u0636\u0639\u0647\u0627 \u0628\u064a\u0646 \u0623\u064a\u062f\u064a\u0643\u0645\",\"publisher\":{\"@id\":\"https:\\\/\\\/bimcointernational.com\\\/tr\\\/#organization\"},\"potentialAction\":[{\"@type\":\"SearchAction\",\"target\":{\"@type\":\"EntryPoint\",\"urlTemplate\":\"https:\\\/\\\/bimcointernational.com\\\/tr\\\/?s={search_term_string}\"},\"query-input\":{\"@type\":\"PropertyValueSpecification\",\"valueRequired\":true,\"valueName\":\"search_term_string\"}}],\"inLanguage\":\"tr\"},{\"@type\":\"Organization\",\"@id\":\"https:\\\/\\\/bimcointernational.com\\\/tr\\\/#organization\",\"name\":\"bimco international\",\"url\":\"https:\\\/\\\/bimcointernational.com\\\/tr\\\/\",\"logo\":{\"@type\":\"ImageObject\",\"inLanguage\":\"tr\",\"@id\":\"https:\\\/\\\/bimcointernational.com\\\/tr\\\/#\\\/schema\\\/logo\\\/image\\\/\",\"url\":\"https:\\\/\\\/bimcointernational.com\\\/wp-content\\\/uploads\\\/2023\\\/03\\\/bimco-international.png\",\"contentUrl\":\"https:\\\/\\\/bimcointernational.com\\\/wp-content\\\/uploads\\\/2023\\\/03\\\/bimco-international.png\",\"width\":1000,\"height\":283,\"caption\":\"bimco international\"},\"image\":{\"@id\":\"https:\\\/\\\/bimcointernational.com\\\/tr\\\/#\\\/schema\\\/logo\\\/image\\\/\"},\"sameAs\":[\"https:\\\/\\\/www.facebook.com\\\/B9K9T\",\"https:\\\/\\\/www.instagram.com\\\/bimcokimya\\\/\"]}]}<\/script>\n<!-- \/ Yoast SEO plugin. -->","yoast_head_json":{"title":"POTCA: Kalsiyum Potasyum Lignos\u00fclfonatlar\u0131 Tuzluluk Giderici - bimco international","description":"POTCA: G\u00fc\u00e7l\u00fc bir k\u00fcresel tuzluluk giderici. Bitkilerin ozmotik stres direncini art\u0131r\u0131r, verimi ve kaliteyi benzersiz \u00f6zelliklerle iyile\u015ftirir.","robots":{"index":"index","follow":"follow","max-snippet":"max-snippet:-1","max-image-preview":"max-image-preview:large","max-video-preview":"max-video-preview:-1"},"canonical":"https:\/\/bimcointernational.com\/tr\/urun\/bimco-potca\/","og_locale":"tr_TR","og_type":"article","og_title":"POTCA: Kalsiyum Potasyum Lignos\u00fclfonatlar\u0131 Tuzluluk Giderici - bimco international","og_description":"POTCA: G\u00fc\u00e7l\u00fc bir k\u00fcresel tuzluluk giderici. Bitkilerin ozmotik stres direncini art\u0131r\u0131r, verimi ve kaliteyi benzersiz \u00f6zelliklerle iyile\u015ftirir.","og_url":"https:\/\/bimcointernational.com\/tr\/urun\/bimco-potca\/","og_site_name":"bimco international","article_publisher":"https:\/\/www.facebook.com\/B9K9T","article_modified_time":"2025-07-14T15:42:20+00:00","og_image":[{"width":1500,"height":1500,"url":"https:\/\/bimcointernational.com\/wp-content\/uploads\/2025\/07\/POTCA.png","type":"image\/png"}],"twitter_card":"summary_large_image","twitter_misc":{"Tahmini okuma s\u00fcresi":"2 dakika"},"schema":{"@context":"https:\/\/schema.org","@graph":[{"@type":"WebPage","@id":"https:\/\/bimcointernational.com\/tr\/urun\/bimco-potca\/","url":"https:\/\/bimcointernational.com\/tr\/urun\/bimco-potca\/","name":"POTCA: Kalsiyum Potasyum Lignos\u00fclfonatlar\u0131 Tuzluluk Giderici - bimco international","isPartOf":{"@id":"https:\/\/bimcointernational.com\/tr\/#website"},"primaryImageOfPage":{"@id":"https:\/\/bimcointernational.com\/tr\/urun\/bimco-potca\/#primaryimage"},"image":{"@id":"https:\/\/bimcointernational.com\/tr\/urun\/bimco-potca\/#primaryimage"},"thumbnailUrl":"https:\/\/bimcointernational.com\/wp-content\/uploads\/2025\/07\/POTCA.png","datePublished":"2025-07-14T15:30:30+00:00","dateModified":"2025-07-14T15:42:20+00:00","description":"POTCA: G\u00fc\u00e7l\u00fc bir k\u00fcresel tuzluluk giderici. Bitkilerin ozmotik stres direncini art\u0131r\u0131r, verimi ve kaliteyi benzersiz \u00f6zelliklerle iyile\u015ftirir.","breadcrumb":{"@id":"https:\/\/bimcointernational.com\/tr\/urun\/bimco-potca\/#breadcrumb"},"inLanguage":"tr","potentialAction":[{"@type":"ReadAction","target":["https:\/\/bimcointernational.com\/tr\/urun\/bimco-potca\/"]}]},{"@type":"ImageObject","inLanguage":"tr","@id":"https:\/\/bimcointernational.com\/tr\/urun\/bimco-potca\/#primaryimage","url":"https:\/\/bimcointernational.com\/wp-content\/uploads\/2025\/07\/POTCA.png","contentUrl":"https:\/\/bimcointernational.com\/wp-content\/uploads\/2025\/07\/POTCA.png","width":1500,"height":1500,"caption":"POTCA: For optimal results in salt-affected lands."},{"@type":"BreadcrumbList","@id":"https:\/\/bimcointernational.com\/tr\/urun\/bimco-potca\/#breadcrumb","itemListElement":[{"@type":"ListItem","position":1,"name":"Home","item":"https:\/\/bimcointernational.com\/tr\/"},{"@type":"ListItem","position":2,"name":"\u00dcr\u00fcnlerimiz","item":"https:\/\/bimcointernational.com\/tr\/urunlerimiz\/"},{"@type":"ListItem","position":3,"name":"POTCA"}]},{"@type":"WebSite","@id":"https:\/\/bimcointernational.com\/tr\/#website","url":"https:\/\/bimcointernational.com\/tr\/","name":"bimco international","description":"\u0634\u0631\u0643\u0629 \u0628\u064a\u0645\u0643\u0648 \u0627\u0644\u0643\u064a\u0645\u064a\u0627\u0626\u064a\u0629 \u0644\u0635\u0646\u0627\u0639\u0629 \u0627\u0644\u0645\u0628\u064a\u062f\u0627\u062a \u0648\u0627\u0644\u0623\u0633\u0645\u062f\u0629 \u0639\u0627\u0644\u064a\u0629 \u0627\u0644\u062c\u0648\u062f\u0629 35 \u0639\u0627\u0645\u0627 \u0645\u0646 \u0627\u0644\u062e\u0628\u0631\u0629 \u0646\u0636\u0639\u0647\u0627 \u0628\u064a\u0646 \u0623\u064a\u062f\u064a\u0643\u0645","publisher":{"@id":"https:\/\/bimcointernational.com\/tr\/#organization"},"potentialAction":[{"@type":"SearchAction","target":{"@type":"EntryPoint","urlTemplate":"https:\/\/bimcointernational.com\/tr\/?s={search_term_string}"},"query-input":{"@type":"PropertyValueSpecification","valueRequired":true,"valueName":"search_term_string"}}],"inLanguage":"tr"},{"@type":"Organization","@id":"https:\/\/bimcointernational.com\/tr\/#organization","name":"bimco international","url":"https:\/\/bimcointernational.com\/tr\/","logo":{"@type":"ImageObject","inLanguage":"tr","@id":"https:\/\/bimcointernational.com\/tr\/#\/schema\/logo\/image\/","url":"https:\/\/bimcointernational.com\/wp-content\/uploads\/2023\/03\/bimco-international.png","contentUrl":"https:\/\/bimcointernational.com\/wp-content\/uploads\/2023\/03\/bimco-international.png","width":1000,"height":283,"caption":"bimco international"},"image":{"@id":"https:\/\/bimcointernational.com\/tr\/#\/schema\/logo\/image\/"},"sameAs":["https:\/\/www.facebook.com\/B9K9T","https:\/\/www.instagram.com\/bimcokimya\/"]}]}},"jetpack_sharing_enabled":true,"_links":{"self":[{"href":"https:\/\/bimcointernational.com\/tr\/wp-json\/wp\/v2\/product\/5910","targetHints":{"allow":["GET"]}}],"collection":[{"href":"https:\/\/bimcointernational.com\/tr\/wp-json\/wp\/v2\/product"}],"about":[{"href":"https:\/\/bimcointernational.com\/tr\/wp-json\/wp\/v2\/types\/product"}],"replies":[{"embeddable":true,"href":"https:\/\/bimcointernational.com\/tr\/wp-json\/wp\/v2\/comments?post=5910"}],"wp:featuredmedia":[{"embeddable":true,"href":"https:\/\/bimcointernational.com\/tr\/wp-json\/wp\/v2\/media\/5908"}],"wp:attachment":[{"href":"https:\/\/bimcointernational.com\/tr\/wp-json\/wp\/v2\/media?parent=5910"}],"wp:term":[{"taxonomy":"product_brand","embeddable":true,"href":"https:\/\/bimcointernational.com\/tr\/wp-json\/wp\/v2\/product_brand?post=5910"},{"taxonomy":"product_cat","embeddable":true,"href":"https:\/\/bimcointernational.com\/tr\/wp-json\/wp\/v2\/product_cat?post=5910"},{"taxonomy":"product_tag","embeddable":true,"href":"https:\/\/bimcointernational.com\/tr\/wp-json\/wp\/v2\/product_tag?post=5910"}],"curies":[{"name":"wp","href":"https:\/\/api.w.org\/{rel}","templated":true}]}}