{"id":5892,"date":"2025-07-14T14:03:46","date_gmt":"2025-07-14T14:03:46","guid":{"rendered":"https:\/\/bimcointernational.com\/product\/bimco-phos-potassium-phosphite\/"},"modified":"2025-07-14T14:20:54","modified_gmt":"2025-07-14T14:20:54","slug":"bimco-phos-potassium-phosphite","status":"publish","type":"product","link":"https:\/\/bimcointernational.com\/tr\/urun\/bimco-phos-potassium-phosphite\/","title":{"rendered":"BIMCO PHOS"},"content":{"rendered":"<h1><span style=\"color: #99cc00;\"><strong>BIMCO PHOS: Hastal\u0131k Kontrol\u00fc ve Geli\u015fimi \u0130\u00e7in Konsantre Potasyum Fosfit 750 SL<\/strong><\/span><\/h1>\n<p>Mahsullerinizin sa\u011fl\u0131\u011f\u0131n\u0131 ve verimlili\u011fini korumak i\u00e7in hastal\u0131k kontrol\u00fc ve beslenme deste\u011fi hayati \u00f6nem ta\u015f\u0131r. <strong><span style=\"color: #99cc00;\">BIMCO International<\/span>,<\/strong> mantar ve bakteriyel hastal\u0131klarla m\u00fccadele etmek, ayr\u0131ca bitkiye temel Fosfor ve Potasyum sa\u011flamak i\u00e7in \u00f6zel olarak tasarlanm\u0131\u015f y\u00fcksek konsantrasyonlu bir Potasyum Fosfit 750 SL olan <span style=\"color: #99cc00;\"><strong>BIMCO PHOS<\/strong><\/span>&#8216;u sunar.<\/p>\n<h2><strong><span style=\"color: #99cc00;\">BIMCO PHOS&#8217;un Temel \u00d6zellikleri ve Ba\u015fl\u0131ca Faydalar\u0131:<\/span><\/strong><\/h2>\n<ul>\n<li><strong>Etkili Mantar ve Bakteriyel Hastal\u0131k Kontrol\u00fc:<\/strong> K\u00fclleme, solgunluklar, toprak \u00e7\u00fcr\u00fckleri ve \u00e7e\u015fitli mantar ve bakteriyel lekeler gibi geni\u015f bir hastal\u0131k yelpazesiyle m\u00fccadelede son derece etkilidir.<\/li>\n<li><strong>H\u0131zl\u0131 Emilim ve Sistemik Ta\u015f\u0131n\u0131m:<\/strong> FOSFOR\u0130K AS\u0130T&#8217;ten t\u00fcretilmi\u015ftir, bitki taraf\u0131ndan \u00e7ok h\u0131zl\u0131 emilim ve vask\u00fcler doku (odun ve soymuk borular\u0131) i\u00e7inde sistemik hareket ile karakterizedir.<\/li>\n<li><strong>Y\u00fcksek Miktarda Emilim:<\/strong> Hem k\u00f6k hem de yaprak sistemleri arac\u0131l\u0131\u011f\u0131yla y\u00fcksek miktarlarda emilir, bitki taraf\u0131ndan maksimum besin kullan\u0131m\u0131n\u0131 sa\u011flar.<\/li>\n<li><strong>Yo\u011fun Fosfor ve Potasyum Tedariki:<\/strong> Bitkiye vejetatif, \u00e7i\u00e7ek ve meyve b\u00fcy\u00fcmesi i\u00e7in gerekli temel Fosfor ve Potasyumun sa\u011flanmas\u0131na katk\u0131da bulunur.<\/li>\n<li><strong>Artan \u00dcretim ve \u0130yile\u015ftirilmi\u015f Kalite:<\/strong> Genel olarak \u00fcretimin artmas\u0131na ve mahsul kalitesinin iyile\u015fmesine yol a\u00e7ar.<\/li>\n<li><strong>D\u00fc\u015f\u00fck G\u00fcvenlik S\u00fcresi:<\/strong> \u00c7ok d\u00fc\u015f\u00fck bir g\u00fcvenlik s\u00fcresine sahiptir, bu da onu korumal\u0131 tar\u0131m ve ihracat ama\u00e7l\u0131 \u00fcr\u00fcnler i\u00e7in ideal k\u0131lar.<\/li>\n<\/ul>\n<h2><span style=\"color: #99cc00;\"><strong>Uygulama Oran\u0131:<\/strong><\/span><\/h2>\n<p>BIMCO PHOS t\u00fcm mahsul t\u00fcrleri, sebzeler ve meyve a\u011fa\u00e7lar\u0131nda kullan\u0131l\u0131r:<\/p>\n<ul>\n<li><span style=\"color: #99cc00;\"><strong>1- Yaprak p\u00fcsk\u00fcrtme:<\/strong><\/span> Mahsul\u00fcn boyutuna, do\u011fas\u0131na ve t\u00fcr\u00fcne g\u00f6re 150-200 cm3 \/ 100 litre su.<\/li>\n<li><span style=\"color: #99cc00;\"><strong>2- Sulama suyu ile:<\/strong><\/span> Mahsul\u00fcn boyutuna, do\u011fas\u0131na ve t\u00fcr\u00fcne g\u00f6re 1-2 litre \/ dekar.<\/li>\n<\/ul>\n<p>Hastal\u0131klarla etkili bir \u015fekilde m\u00fccadele etmek ve mahsul geli\u015fiminizi te\u015fvik etmek i\u00e7in BIMCO International&#8217;dan BIMCO PHOS&#8217;u se\u00e7in. <span style=\"color: #99cc00;\"><a style=\"color: #99cc00;\" href=\"https:\/\/api.whatsapp.com\/send\/?phone=908503096351&amp;text=%D9%85%D8%B1%D8%AD%D8%A8%D8%A7%D9%8B+%D8%A7%D8%B1%D9%8A%D8%AF+%D8%A7%D9%84%D8%A5%D8%B3%D8%AA%D9%81%D8%B3%D8%A7%D8%B1+%D8%B9%D9%86+%D9%87%D8%B0%D8%A7+%D8%A7%D9%84%D9%85%D9%86%D8%AA%D8%AC%0A%0A%0A%0Ahttps%3A%2F%2Fbimcointernational.com%2F&amp;type=phone_number&amp;app_absent=0\" target=\"_blank\" rel=\"noopener\">Daha fazla bilgi edinmek i\u00e7in bug\u00fcn WhatsApp arac\u0131l\u0131\u011f\u0131yla bize ula\u015f\u0131n<\/a>.<\/span><\/p>\n","protected":false},"excerpt":{"rendered":"<p><span style=\"color: #99cc00;\"><b>BIMCO PHOS:<\/b> <\/span>BIMCO International&#8217;\u0131n konsantre Potasyum Fosfit 750 SL&#8217;si. Mantar ve bakteriyel hastal\u0131klarla etkili bir \u015fekilde m\u00fccadele eder, fosfor ve potasyum emilimini art\u0131r\u0131r ve k\u00fcresel olarak verim ile kaliteyi y\u00fckseltir.<\/p>\n","protected":false},"featured_media":5890,"comment_status":"open","ping_status":"closed","template":"","meta":{"_eb_attr":"","site-sidebar-layout":"default","site-content-layout":"","ast-site-content-layout":"default","site-content-style":"default","site-sidebar-style":"default","ast-global-header-display":"","ast-banner-title-visibility":"","ast-main-header-display":"","ast-hfb-above-header-display":"","ast-hfb-below-header-display":"","ast-hfb-mobile-header-display":"","site-post-title":"","ast-breadcrumbs-content":"","ast-featured-img":"","footer-sml-layout":"","ast-disable-related-posts":"","theme-transparent-header-meta":"default","adv-header-id-meta":"","stick-header-meta":"","header-above-stick-meta":"","header-main-stick-meta":"","header-below-stick-meta":"","astra-migrate-meta-layouts":"set","ast-page-background-enabled":"default","ast-page-background-meta":{"desktop":{"background-color":"var(--ast-global-color-4)","background-image":"","background-repeat":"repeat","background-position":"center center","background-size":"auto","background-attachment":"scroll","background-type":"","background-media":"","overlay-type":"","overlay-color":"","overlay-opacity":"","overlay-gradient":""},"tablet":{"background-color":"","background-image":"","background-repeat":"repeat","background-position":"center center","background-size":"auto","background-attachment":"scroll","background-type":"","background-media":"","overlay-type":"","overlay-color":"","overlay-opacity":"","overlay-gradient":""},"mobile":{"background-color":"","background-image":"","background-repeat":"repeat","background-position":"center center","background-size":"auto","background-attachment":"scroll","background-type":"","background-media":"","overlay-type":"","overlay-color":"","overlay-opacity":"","overlay-gradient":""}},"ast-content-background-meta":{"desktop":{"background-color":"var(--ast-global-color-5)","background-image":"","background-repeat":"repeat","background-position":"center center","background-size":"auto","background-attachment":"scroll","background-type":"","background-media":"","overlay-type":"","overlay-color":"","overlay-opacity":"","overlay-gradient":""},"tablet":{"background-color":"var(--ast-global-color-5)","background-image":"","background-repeat":"repeat","background-position":"center center","background-size":"auto","background-attachment":"scroll","background-type":"","background-media":"","overlay-type":"","overlay-color":"","overlay-opacity":"","overlay-gradient":""},"mobile":{"background-color":"var(--ast-global-color-5)","background-image":"","background-repeat":"repeat","background-position":"center center","background-size":"auto","background-attachment":"scroll","background-type":"","background-media":"","overlay-type":"","overlay-color":"","overlay-opacity":"","overlay-gradient":""}},"_joinchat":[]},"product_brand":[],"product_cat":[90],"product_tag":[],"class_list":{"0":"post-5892","1":"product","2":"type-product","3":"status-publish","4":"has-post-thumbnail","6":"product_cat-yesil-tarim-urunleri","7":"desktop-align-left","8":"tablet-align-left","9":"mobile-align-left","11":"first","12":"instock","13":"shipping-taxable","14":"product-type-simple"},"yoast_head":"<!-- This site is optimized with the Yoast SEO plugin v27.1.1 - https:\/\/yoast.com\/product\/yoast-seo-wordpress\/ -->\n<title>BIMCO PHOS: Potasyum Fosfit 750 SL Hastal\u0131k Kontrol\u00fc ve Geli\u015fim - bimco international<\/title>\n<meta name=\"description\" content=\"BIMCO International&#039;dan BIMCO PHOS: Mantar\/bakteriyel hastal\u0131klarla m\u00fccadele i\u00e7in konsantre Potasyum Fosfit 750 SL. K\u00fcresel fosfor\/potasyum emilimini art\u0131r\u0131r, verimi ve kaliteyi y\u00fckseltir.\" \/>\n<meta name=\"robots\" content=\"index, follow, max-snippet:-1, max-image-preview:large, max-video-preview:-1\" \/>\n<link rel=\"canonical\" href=\"https:\/\/bimcointernational.com\/tr\/urun\/bimco-phos-potassium-phosphite\/\" \/>\n<meta property=\"og:locale\" content=\"tr_TR\" \/>\n<meta property=\"og:type\" content=\"article\" \/>\n<meta property=\"og:title\" content=\"BIMCO PHOS: Potasyum Fosfit 750 SL Hastal\u0131k Kontrol\u00fc ve Geli\u015fim - bimco international\" \/>\n<meta property=\"og:description\" content=\"BIMCO International&#039;dan BIMCO PHOS: Mantar\/bakteriyel hastal\u0131klarla m\u00fccadele i\u00e7in konsantre Potasyum Fosfit 750 SL. K\u00fcresel fosfor\/potasyum emilimini art\u0131r\u0131r, verimi ve kaliteyi y\u00fckseltir.\" \/>\n<meta property=\"og:url\" content=\"https:\/\/bimcointernational.com\/tr\/urun\/bimco-phos-potassium-phosphite\/\" \/>\n<meta property=\"og:site_name\" content=\"bimco international\" \/>\n<meta property=\"article:publisher\" content=\"https:\/\/www.facebook.com\/B9K9T\" \/>\n<meta property=\"article:modified_time\" content=\"2025-07-14T14:20:54+00:00\" \/>\n<meta property=\"og:image\" content=\"https:\/\/bimcointernational.com\/wp-content\/uploads\/2025\/07\/BIMCO-PHOS.png\" \/>\n\t<meta property=\"og:image:width\" content=\"1500\" \/>\n\t<meta property=\"og:image:height\" content=\"1500\" \/>\n\t<meta property=\"og:image:type\" content=\"image\/png\" \/>\n<meta name=\"twitter:card\" content=\"summary_large_image\" \/>\n<meta name=\"twitter:label1\" content=\"Tahmini okuma s\u00fcresi\" \/>\n\t<meta name=\"twitter:data1\" content=\"2 dakika\" \/>\n<script type=\"application\/ld+json\" class=\"yoast-schema-graph\">{\"@context\":\"https:\/\/schema.org\",\"@graph\":[{\"@type\":\"WebPage\",\"@id\":\"https:\/\/bimcointernational.com\/tr\/urun\/bimco-phos-potassium-phosphite\/\",\"url\":\"https:\/\/bimcointernational.com\/tr\/urun\/bimco-phos-potassium-phosphite\/\",\"name\":\"BIMCO PHOS: Potasyum Fosfit 750 SL Hastal\u0131k Kontrol\u00fc ve Geli\u015fim - bimco international\",\"isPartOf\":{\"@id\":\"https:\/\/bimcointernational.com\/tr\/#website\"},\"primaryImageOfPage\":{\"@id\":\"https:\/\/bimcointernational.com\/tr\/urun\/bimco-phos-potassium-phosphite\/#primaryimage\"},\"image\":{\"@id\":\"https:\/\/bimcointernational.com\/tr\/urun\/bimco-phos-potassium-phosphite\/#primaryimage\"},\"thumbnailUrl\":\"https:\/\/bimcointernational.com\/wp-content\/uploads\/2025\/07\/BIMCO-PHOS.png\",\"datePublished\":\"2025-07-14T14:03:46+00:00\",\"dateModified\":\"2025-07-14T14:20:54+00:00\",\"description\":\"BIMCO International'dan BIMCO PHOS: Mantar\/bakteriyel hastal\u0131klarla m\u00fccadele i\u00e7in konsantre Potasyum Fosfit 750 SL. K\u00fcresel fosfor\/potasyum emilimini art\u0131r\u0131r, verimi ve kaliteyi y\u00fckseltir.\",\"breadcrumb\":{\"@id\":\"https:\/\/bimcointernational.com\/tr\/urun\/bimco-phos-potassium-phosphite\/#breadcrumb\"},\"inLanguage\":\"tr\",\"potentialAction\":[{\"@type\":\"ReadAction\",\"target\":[\"https:\/\/bimcointernational.com\/tr\/urun\/bimco-phos-potassium-phosphite\/\"]}]},{\"@type\":\"ImageObject\",\"inLanguage\":\"tr\",\"@id\":\"https:\/\/bimcointernational.com\/tr\/urun\/bimco-phos-potassium-phosphite\/#primaryimage\",\"url\":\"https:\/\/bimcointernational.com\/wp-content\/uploads\/2025\/07\/BIMCO-PHOS.png\",\"contentUrl\":\"https:\/\/bimcointernational.com\/wp-content\/uploads\/2025\/07\/BIMCO-PHOS.png\",\"width\":1500,\"height\":1500,\"caption\":\"BIMCO PHOS: Supporting plant growth and disease management.\"},{\"@type\":\"BreadcrumbList\",\"@id\":\"https:\/\/bimcointernational.com\/tr\/urun\/bimco-phos-potassium-phosphite\/#breadcrumb\",\"itemListElement\":[{\"@type\":\"ListItem\",\"position\":1,\"name\":\"Home\",\"item\":\"https:\/\/bimcointernational.com\/tr\/\"},{\"@type\":\"ListItem\",\"position\":2,\"name\":\"\u00dcr\u00fcnlerimiz\",\"item\":\"https:\/\/bimcointernational.com\/tr\/urunlerimiz\/\"},{\"@type\":\"ListItem\",\"position\":3,\"name\":\"BIMCO PHOS\"}]},{\"@type\":\"WebSite\",\"@id\":\"https:\/\/bimcointernational.com\/tr\/#website\",\"url\":\"https:\/\/bimcointernational.com\/tr\/\",\"name\":\"bimco international\",\"description\":\"\u0634\u0631\u0643\u0629 \u0628\u064a\u0645\u0643\u0648 \u0627\u0644\u0643\u064a\u0645\u064a\u0627\u0626\u064a\u0629 \u0644\u0635\u0646\u0627\u0639\u0629 \u0627\u0644\u0645\u0628\u064a\u062f\u0627\u062a \u0648\u0627\u0644\u0623\u0633\u0645\u062f\u0629 \u0639\u0627\u0644\u064a\u0629 \u0627\u0644\u062c\u0648\u062f\u0629 35 \u0639\u0627\u0645\u0627 \u0645\u0646 \u0627\u0644\u062e\u0628\u0631\u0629 \u0646\u0636\u0639\u0647\u0627 \u0628\u064a\u0646 \u0623\u064a\u062f\u064a\u0643\u0645\",\"publisher\":{\"@id\":\"https:\/\/bimcointernational.com\/tr\/#organization\"},\"potentialAction\":[{\"@type\":\"SearchAction\",\"target\":{\"@type\":\"EntryPoint\",\"urlTemplate\":\"https:\/\/bimcointernational.com\/tr\/?s={search_term_string}\"},\"query-input\":{\"@type\":\"PropertyValueSpecification\",\"valueRequired\":true,\"valueName\":\"search_term_string\"}}],\"inLanguage\":\"tr\"},{\"@type\":\"Organization\",\"@id\":\"https:\/\/bimcointernational.com\/tr\/#organization\",\"name\":\"bimco international\",\"url\":\"https:\/\/bimcointernational.com\/tr\/\",\"logo\":{\"@type\":\"ImageObject\",\"inLanguage\":\"tr\",\"@id\":\"https:\/\/bimcointernational.com\/tr\/#\/schema\/logo\/image\/\",\"url\":\"https:\/\/bimcointernational.com\/wp-content\/uploads\/2023\/03\/bimco-international.png\",\"contentUrl\":\"https:\/\/bimcointernational.com\/wp-content\/uploads\/2023\/03\/bimco-international.png\",\"width\":1000,\"height\":283,\"caption\":\"bimco international\"},\"image\":{\"@id\":\"https:\/\/bimcointernational.com\/tr\/#\/schema\/logo\/image\/\"},\"sameAs\":[\"https:\/\/www.facebook.com\/B9K9T\",\"https:\/\/www.instagram.com\/bimcokimya\/\"]}]}<\/script>\n<!-- \/ Yoast SEO plugin. -->","yoast_head_json":{"title":"BIMCO PHOS: Potasyum Fosfit 750 SL Hastal\u0131k Kontrol\u00fc ve Geli\u015fim - bimco international","description":"BIMCO International'dan BIMCO PHOS: Mantar\/bakteriyel hastal\u0131klarla m\u00fccadele i\u00e7in konsantre Potasyum Fosfit 750 SL. K\u00fcresel fosfor\/potasyum emilimini art\u0131r\u0131r, verimi ve kaliteyi y\u00fckseltir.","robots":{"index":"index","follow":"follow","max-snippet":"max-snippet:-1","max-image-preview":"max-image-preview:large","max-video-preview":"max-video-preview:-1"},"canonical":"https:\/\/bimcointernational.com\/tr\/urun\/bimco-phos-potassium-phosphite\/","og_locale":"tr_TR","og_type":"article","og_title":"BIMCO PHOS: Potasyum Fosfit 750 SL Hastal\u0131k Kontrol\u00fc ve Geli\u015fim - bimco international","og_description":"BIMCO International'dan BIMCO PHOS: Mantar\/bakteriyel hastal\u0131klarla m\u00fccadele i\u00e7in konsantre Potasyum Fosfit 750 SL. K\u00fcresel fosfor\/potasyum emilimini art\u0131r\u0131r, verimi ve kaliteyi y\u00fckseltir.","og_url":"https:\/\/bimcointernational.com\/tr\/urun\/bimco-phos-potassium-phosphite\/","og_site_name":"bimco international","article_publisher":"https:\/\/www.facebook.com\/B9K9T","article_modified_time":"2025-07-14T14:20:54+00:00","og_image":[{"width":1500,"height":1500,"url":"https:\/\/bimcointernational.com\/wp-content\/uploads\/2025\/07\/BIMCO-PHOS.png","type":"image\/png"}],"twitter_card":"summary_large_image","twitter_misc":{"Tahmini okuma s\u00fcresi":"2 dakika"},"schema":{"@context":"https:\/\/schema.org","@graph":[{"@type":"WebPage","@id":"https:\/\/bimcointernational.com\/tr\/urun\/bimco-phos-potassium-phosphite\/","url":"https:\/\/bimcointernational.com\/tr\/urun\/bimco-phos-potassium-phosphite\/","name":"BIMCO PHOS: Potasyum Fosfit 750 SL Hastal\u0131k Kontrol\u00fc ve Geli\u015fim - bimco international","isPartOf":{"@id":"https:\/\/bimcointernational.com\/tr\/#website"},"primaryImageOfPage":{"@id":"https:\/\/bimcointernational.com\/tr\/urun\/bimco-phos-potassium-phosphite\/#primaryimage"},"image":{"@id":"https:\/\/bimcointernational.com\/tr\/urun\/bimco-phos-potassium-phosphite\/#primaryimage"},"thumbnailUrl":"https:\/\/bimcointernational.com\/wp-content\/uploads\/2025\/07\/BIMCO-PHOS.png","datePublished":"2025-07-14T14:03:46+00:00","dateModified":"2025-07-14T14:20:54+00:00","description":"BIMCO International'dan BIMCO PHOS: Mantar\/bakteriyel hastal\u0131klarla m\u00fccadele i\u00e7in konsantre Potasyum Fosfit 750 SL. K\u00fcresel fosfor\/potasyum emilimini art\u0131r\u0131r, verimi ve kaliteyi y\u00fckseltir.","breadcrumb":{"@id":"https:\/\/bimcointernational.com\/tr\/urun\/bimco-phos-potassium-phosphite\/#breadcrumb"},"inLanguage":"tr","potentialAction":[{"@type":"ReadAction","target":["https:\/\/bimcointernational.com\/tr\/urun\/bimco-phos-potassium-phosphite\/"]}]},{"@type":"ImageObject","inLanguage":"tr","@id":"https:\/\/bimcointernational.com\/tr\/urun\/bimco-phos-potassium-phosphite\/#primaryimage","url":"https:\/\/bimcointernational.com\/wp-content\/uploads\/2025\/07\/BIMCO-PHOS.png","contentUrl":"https:\/\/bimcointernational.com\/wp-content\/uploads\/2025\/07\/BIMCO-PHOS.png","width":1500,"height":1500,"caption":"BIMCO PHOS: Supporting plant growth and disease management."},{"@type":"BreadcrumbList","@id":"https:\/\/bimcointernational.com\/tr\/urun\/bimco-phos-potassium-phosphite\/#breadcrumb","itemListElement":[{"@type":"ListItem","position":1,"name":"Home","item":"https:\/\/bimcointernational.com\/tr\/"},{"@type":"ListItem","position":2,"name":"\u00dcr\u00fcnlerimiz","item":"https:\/\/bimcointernational.com\/tr\/urunlerimiz\/"},{"@type":"ListItem","position":3,"name":"BIMCO PHOS"}]},{"@type":"WebSite","@id":"https:\/\/bimcointernational.com\/tr\/#website","url":"https:\/\/bimcointernational.com\/tr\/","name":"bimco international","description":"\u0634\u0631\u0643\u0629 \u0628\u064a\u0645\u0643\u0648 \u0627\u0644\u0643\u064a\u0645\u064a\u0627\u0626\u064a\u0629 \u0644\u0635\u0646\u0627\u0639\u0629 \u0627\u0644\u0645\u0628\u064a\u062f\u0627\u062a \u0648\u0627\u0644\u0623\u0633\u0645\u062f\u0629 \u0639\u0627\u0644\u064a\u0629 \u0627\u0644\u062c\u0648\u062f\u0629 35 \u0639\u0627\u0645\u0627 \u0645\u0646 \u0627\u0644\u062e\u0628\u0631\u0629 \u0646\u0636\u0639\u0647\u0627 \u0628\u064a\u0646 \u0623\u064a\u062f\u064a\u0643\u0645","publisher":{"@id":"https:\/\/bimcointernational.com\/tr\/#organization"},"potentialAction":[{"@type":"SearchAction","target":{"@type":"EntryPoint","urlTemplate":"https:\/\/bimcointernational.com\/tr\/?s={search_term_string}"},"query-input":{"@type":"PropertyValueSpecification","valueRequired":true,"valueName":"search_term_string"}}],"inLanguage":"tr"},{"@type":"Organization","@id":"https:\/\/bimcointernational.com\/tr\/#organization","name":"bimco international","url":"https:\/\/bimcointernational.com\/tr\/","logo":{"@type":"ImageObject","inLanguage":"tr","@id":"https:\/\/bimcointernational.com\/tr\/#\/schema\/logo\/image\/","url":"https:\/\/bimcointernational.com\/wp-content\/uploads\/2023\/03\/bimco-international.png","contentUrl":"https:\/\/bimcointernational.com\/wp-content\/uploads\/2023\/03\/bimco-international.png","width":1000,"height":283,"caption":"bimco international"},"image":{"@id":"https:\/\/bimcointernational.com\/tr\/#\/schema\/logo\/image\/"},"sameAs":["https:\/\/www.facebook.com\/B9K9T","https:\/\/www.instagram.com\/bimcokimya\/"]}]}},"jetpack_sharing_enabled":true,"_links":{"self":[{"href":"https:\/\/bimcointernational.com\/tr\/wp-json\/wp\/v2\/product\/5892","targetHints":{"allow":["GET"]}}],"collection":[{"href":"https:\/\/bimcointernational.com\/tr\/wp-json\/wp\/v2\/product"}],"about":[{"href":"https:\/\/bimcointernational.com\/tr\/wp-json\/wp\/v2\/types\/product"}],"replies":[{"embeddable":true,"href":"https:\/\/bimcointernational.com\/tr\/wp-json\/wp\/v2\/comments?post=5892"}],"wp:featuredmedia":[{"embeddable":true,"href":"https:\/\/bimcointernational.com\/tr\/wp-json\/wp\/v2\/media\/5890"}],"wp:attachment":[{"href":"https:\/\/bimcointernational.com\/tr\/wp-json\/wp\/v2\/media?parent=5892"}],"wp:term":[{"taxonomy":"product_brand","embeddable":true,"href":"https:\/\/bimcointernational.com\/tr\/wp-json\/wp\/v2\/product_brand?post=5892"},{"taxonomy":"product_cat","embeddable":true,"href":"https:\/\/bimcointernational.com\/tr\/wp-json\/wp\/v2\/product_cat?post=5892"},{"taxonomy":"product_tag","embeddable":true,"href":"https:\/\/bimcointernational.com\/tr\/wp-json\/wp\/v2\/product_tag?post=5892"}],"curies":[{"name":"wp","href":"https:\/\/api.w.org\/{rel}","templated":true}]}}