{"id":5880,"date":"2025-07-14T13:38:18","date_gmt":"2025-07-14T13:38:18","guid":{"rendered":"https:\/\/bimcointernational.com\/product\/bimco-silica-active\/"},"modified":"2025-07-14T13:51:28","modified_gmt":"2025-07-14T13:51:28","slug":"bimco-silica-active","status":"publish","type":"product","link":"https:\/\/bimcointernational.com\/tr\/urun\/bimco-silica-active\/","title":{"rendered":"BIMCO SILICA ACTIVE"},"content":{"rendered":"<h1><span style=\"color: #99cc00;\"><strong>BIMCO SILICA ACTIVE: H\u00fccre Duvar\u0131 G\u00fc\u00e7lendirme ve Stres Direnci \u0130\u00e7in Potasyum, \u00c7inko ve Demir \u0130\u00e7eren Bir G\u00fcbre<\/strong><\/span><\/h1>\n<p>\u00c7evresel zorluklara ve fizyolojik hastal\u0131klara kar\u015f\u0131 dayan\u0131kl\u0131 g\u00fc\u00e7l\u00fc mahsuller i\u00e7in h\u00fccresel destek kritik \u00f6neme sahiptir. <span style=\"color: #99cc00;\"><strong>BIMCO International<\/strong><\/span>, bitki h\u00fccre duvarlar\u0131n\u0131n sertli\u011fini, dayan\u0131kl\u0131l\u0131\u011f\u0131n\u0131 ve esnekli\u011fini art\u0131rmak i\u00e7in \u00f6zel olarak tasarlanm\u0131\u015f uzman bir biyo-stim\u00fclan olan <span style=\"color: #99cc00;\"><strong>BIMCO SILICA ACTIVE<\/strong><\/span>&#8216;i sunar.<\/p>\n<h2><span style=\"color: #99cc00;\"><strong>BIMCO SILICA ACTIVE&#8217;in Temel \u00d6zellikleri ve Ba\u015fl\u0131ca Faydalar\u0131:<\/strong><\/span><\/h2>\n<ul>\n<li><strong>H\u00fccre Duvar\u0131 G\u00fc\u00e7lendirmesi:<\/strong> H\u00fccre duvarlar\u0131n\u0131n sertli\u011fini, dayan\u0131kl\u0131l\u0131\u011f\u0131n\u0131 ve esnekli\u011fini art\u0131r\u0131r, g\u00f6vde ve yaprak dikli\u011fini iyile\u015ftirerek mahsul yatmas\u0131n\u0131 azalt\u0131r.<\/li>\n<li><strong>Bitki Stresini Azaltma:<\/strong> Y\u00fcksek s\u0131cakl\u0131klar, \u015fiddetli g\u00fcne\u015f yan\u0131\u011f\u0131, don, kurakl\u0131k ve tuzluluk gibi \u00e7e\u015fitli \u00e7evresel fakt\u00f6rlerden kaynaklanan bitki stresini hafifletir.<\/li>\n<li><strong>Hastal\u0131k Direnci ve Geli\u015fmi\u015f B\u00fcy\u00fcme:<\/strong> Y\u00fcksek hastal\u0131k insidans\u0131ndan kaynaklanan bitki stresini azalt\u0131r, b\u00fcy\u00fcmeyi yo\u011funla\u015ft\u0131r\u0131r ve terleme oran\u0131n\u0131 d\u00fc\u015f\u00fcrerek bitki b\u00fcy\u00fcmesi i\u00e7in ideal bir ortam sa\u011flar.<\/li>\n<li><strong>Geli\u015fmi\u015f Potasyum Emilimi ve Su Stresi Direnci:<\/strong> Besin konsantrasyonunu d\u00fczenlemeye yard\u0131mc\u0131 olur, bu da h\u00fccre i\u00e7indeki h\u00fccresel (ozmotik) bas\u0131nc\u0131 azalt\u0131r ve bitkinin su stresine kar\u015f\u0131 direncini art\u0131r\u0131r.<\/li>\n<\/ul>\n<h2><span style=\"color: #99cc00;\"><strong>Kimyasal Analiz:<\/strong><\/span><\/h2>\n<table style=\"width: 100%; border-collapse: collapse; text-align: center;\">\n<thead>\n<tr>\n<th style=\"border: 1px solid #ddd; padding: 8px; background-color: #8bc34a;\"><span style=\"color: #ffffff;\">Bile\u015fen<\/span><\/th>\n<th style=\"border: 1px solid #ddd; padding: 8px; background-color: #8bc34a;\"><span style=\"color: #ffffff;\">Konsantrasyon A\/H%<\/span><\/th>\n<th style=\"border: 1px solid #ddd; padding: 8px; background-color: #8bc34a;\"><span style=\"color: #ffffff;\">Kaynak<\/span><\/th>\n<\/tr>\n<\/thead>\n<tbody>\n<tr>\n<td style=\"border: 1px solid #ddd; padding: 8px;\">Potasyum (K2O)<\/td>\n<td style=\"border: 1px solid #ddd; padding: 8px;\">%15<\/td>\n<td style=\"border: 1px solid #ddd; padding: 8px;\">Potasyum Silikat<\/p>\n<p>Potasyum Sitrat<\/td>\n<\/tr>\n<tr>\n<td style=\"border: 1px solid #ddd; padding: 8px;\">Demir (Fe)<\/td>\n<td style=\"border: 1px solid #ddd; padding: 8px;\">%6<\/td>\n<td style=\"border: 1px solid #ddd; padding: 8px;\">Demir Asetat<\/td>\n<\/tr>\n<tr>\n<td style=\"border: 1px solid #ddd; padding: 8px;\">\u00c7inko (Zn)<\/td>\n<td style=\"border: 1px solid #ddd; padding: 8px;\">%1<\/td>\n<td style=\"border: 1px solid #ddd; padding: 8px;\">\u00c7inko Nitrat<\/td>\n<\/tr>\n<tr>\n<td style=\"border: 1px solid #ddd; padding: 8px;\">Silikon (Si)<\/td>\n<td style=\"border: 1px solid #ddd; padding: 8px;\">%0.3<\/td>\n<td style=\"border: 1px solid #ddd; padding: 8px;\"><\/td>\n<\/tr>\n<tr>\n<td style=\"border: 1px solid #ddd; padding: 8px;\">Sulfonic acid<\/td>\n<td style=\"border: 1px solid #ddd; padding: 8px;\">%5<\/td>\n<td style=\"border: 1px solid #ddd; padding: 8px;\"><\/td>\n<\/tr>\n<\/tbody>\n<\/table>\n<h2><span style=\"color: #99cc00;\"><strong>Uygulama Oran\u0131:<\/strong><\/span><\/h2>\n<p>BIMCO SILICA ACTIVE t\u00fcm mahsul t\u00fcrleri, sebzeler ve meyve a\u011fa\u00e7lar\u0131nda kullan\u0131l\u0131r:<\/p>\n<ul>\n<li><span style=\"color: #99cc00;\"><strong>1- Yaprak p\u00fcsk\u00fcrtme:<\/strong><\/span> Mahsul\u00fcn boyutuna, do\u011fas\u0131na ve t\u00fcr\u00fcne g\u00f6re 200-300 cm3\/100 litre su.<\/li>\n<li><span style=\"color: #99cc00;\"><strong>2- Sulama suyu ile:<\/strong><\/span> Mahsul\u00fcn boyutuna, do\u011fas\u0131na ve t\u00fcr\u00fcne g\u00f6re 1-1.5 litre\/dekar.<\/li>\n<\/ul>\n<p>Mahsullerinizin h\u00fccre duvarlar\u0131n\u0131n sa\u011flaml\u0131\u011f\u0131n\u0131 art\u0131rmak ve strese kar\u015f\u0131 direncini y\u00fckseltmek i\u00e7in BIMCO International&#8217;dan BIMCO SILICA ACTIVE&#8217;i se\u00e7in. <span style=\"color: #99cc00;\"><a style=\"color: #99cc00;\" href=\"https:\/\/api.whatsapp.com\/send\/?phone=908503096351&amp;text=%D9%85%D8%B1%D8%AD%D8%A8%D8%A7%D9%8B+%D8%A7%D8%B1%D9%8A%D8%AF+%D8%A7%D9%84%D8%A5%D8%B3%D8%AA%D9%81%D8%B3%D8%A7%D8%B1+%D8%B9%D9%86+%D9%87%D8%B0%D8%A7+%D8%A7%D9%84%D9%85%D9%86%D8%AA%D8%AC%0A%0A%0A%0Ahttps%3A%2F%2Fbimcointernational.com%2F&amp;type=phone_number&amp;app_absent=0\" target=\"_blank\" rel=\"noopener\">Daha fazla bilgi edinmek i\u00e7in bug\u00fcn WhatsApp arac\u0131l\u0131\u011f\u0131yla bize ula\u015f\u0131n<\/a>.<\/span><\/p>\n","protected":false},"excerpt":{"rendered":"<p><span style=\"color: #99cc00;\"><b>BIMCO SILICA ACTIVE:<\/b><\/span> BIMCO International&#8217;\u0131n Potasyum, \u00c7inko ve Demir a\u00e7\u0131s\u0131ndan zengin biyo-stim\u00fclan\u0131d\u0131r. H\u00fccre duvar\u0131 sertli\u011fini art\u0131r\u0131r, bitki dikli\u011fini iyile\u015ftirir ve d\u00fcnya genelinde stresi ve hastal\u0131klar\u0131 azaltarak b\u00fcy\u00fcmeyi ve direnci g\u00fc\u00e7lendirir.<\/p>\n","protected":false},"featured_media":5883,"comment_status":"open","ping_status":"closed","template":"","meta":{"_eb_attr":"","site-sidebar-layout":"default","site-content-layout":"","ast-site-content-layout":"default","site-content-style":"default","site-sidebar-style":"default","ast-global-header-display":"","ast-banner-title-visibility":"","ast-main-header-display":"","ast-hfb-above-header-display":"","ast-hfb-below-header-display":"","ast-hfb-mobile-header-display":"","site-post-title":"","ast-breadcrumbs-content":"","ast-featured-img":"","footer-sml-layout":"","ast-disable-related-posts":"","theme-transparent-header-meta":"default","adv-header-id-meta":"","stick-header-meta":"","header-above-stick-meta":"","header-main-stick-meta":"","header-below-stick-meta":"","astra-migrate-meta-layouts":"set","ast-page-background-enabled":"default","ast-page-background-meta":{"desktop":{"background-color":"var(--ast-global-color-4)","background-image":"","background-repeat":"repeat","background-position":"center center","background-size":"auto","background-attachment":"scroll","background-type":"","background-media":"","overlay-type":"","overlay-color":"","overlay-opacity":"","overlay-gradient":""},"tablet":{"background-color":"","background-image":"","background-repeat":"repeat","background-position":"center center","background-size":"auto","background-attachment":"scroll","background-type":"","background-media":"","overlay-type":"","overlay-color":"","overlay-opacity":"","overlay-gradient":""},"mobile":{"background-color":"","background-image":"","background-repeat":"repeat","background-position":"center center","background-size":"auto","background-attachment":"scroll","background-type":"","background-media":"","overlay-type":"","overlay-color":"","overlay-opacity":"","overlay-gradient":""}},"ast-content-background-meta":{"desktop":{"background-color":"var(--ast-global-color-5)","background-image":"","background-repeat":"repeat","background-position":"center center","background-size":"auto","background-attachment":"scroll","background-type":"","background-media":"","overlay-type":"","overlay-color":"","overlay-opacity":"","overlay-gradient":""},"tablet":{"background-color":"var(--ast-global-color-5)","background-image":"","background-repeat":"repeat","background-position":"center center","background-size":"auto","background-attachment":"scroll","background-type":"","background-media":"","overlay-type":"","overlay-color":"","overlay-opacity":"","overlay-gradient":""},"mobile":{"background-color":"var(--ast-global-color-5)","background-image":"","background-repeat":"repeat","background-position":"center center","background-size":"auto","background-attachment":"scroll","background-type":"","background-media":"","overlay-type":"","overlay-color":"","overlay-opacity":"","overlay-gradient":""}},"_joinchat":[]},"product_brand":[],"product_cat":[90],"product_tag":[],"class_list":{"0":"post-5880","1":"product","2":"type-product","3":"status-publish","4":"has-post-thumbnail","6":"product_cat-yesil-tarim-urunleri","7":"desktop-align-left","8":"tablet-align-left","9":"mobile-align-left","11":"first","12":"instock","13":"shipping-taxable","14":"product-type-simple"},"yoast_head":"<!-- This site is optimized with the Yoast SEO plugin v27.4 - https:\/\/yoast.com\/product\/yoast-seo-wordpress\/ -->\n<title>BIMCO SILICA ACTIVE: H\u00fccre Duvar\u0131 G\u00fc\u00e7lendirici ve Stres Direnci - bimco international<\/title>\n<meta name=\"description\" content=\"BIMCO SILICA ACTIVE, bir potasyum, \u00e7inko ve demir g\u00fcbresi. H\u00fccre duvar\u0131 sertli\u011fini art\u0131r\u0131r, bitki dikli\u011fini iyile\u015ftirir ve k\u00fcresel olarak stresi ve hastal\u0131klar\u0131 azalt\u0131r.\" \/>\n<meta name=\"robots\" content=\"index, follow, max-snippet:-1, max-image-preview:large, max-video-preview:-1\" \/>\n<link rel=\"canonical\" href=\"https:\/\/bimcointernational.com\/tr\/urun\/bimco-silica-active\/\" \/>\n<meta property=\"og:locale\" content=\"tr_TR\" \/>\n<meta property=\"og:type\" content=\"article\" \/>\n<meta property=\"og:title\" content=\"BIMCO SILICA ACTIVE: H\u00fccre Duvar\u0131 G\u00fc\u00e7lendirici ve Stres Direnci - bimco international\" \/>\n<meta property=\"og:description\" content=\"BIMCO SILICA ACTIVE, bir potasyum, \u00e7inko ve demir g\u00fcbresi. H\u00fccre duvar\u0131 sertli\u011fini art\u0131r\u0131r, bitki dikli\u011fini iyile\u015ftirir ve k\u00fcresel olarak stresi ve hastal\u0131klar\u0131 azalt\u0131r.\" \/>\n<meta property=\"og:url\" content=\"https:\/\/bimcointernational.com\/tr\/urun\/bimco-silica-active\/\" \/>\n<meta property=\"og:site_name\" content=\"bimco international\" \/>\n<meta property=\"article:publisher\" content=\"https:\/\/www.facebook.com\/B9K9T\" \/>\n<meta property=\"article:modified_time\" content=\"2025-07-14T13:51:28+00:00\" \/>\n<meta property=\"og:image\" content=\"https:\/\/bimcointernational.com\/wp-content\/uploads\/2025\/07\/BIMCO-SILICA-ACTIVE.png\" \/>\n\t<meta property=\"og:image:width\" content=\"1500\" \/>\n\t<meta property=\"og:image:height\" content=\"1500\" \/>\n\t<meta property=\"og:image:type\" content=\"image\/png\" \/>\n<meta name=\"twitter:card\" content=\"summary_large_image\" \/>\n<meta name=\"twitter:label1\" content=\"Tahmini okuma s\u00fcresi\" \/>\n\t<meta name=\"twitter:data1\" content=\"2 dakika\" \/>\n<script type=\"application\/ld+json\" class=\"yoast-schema-graph\">{\"@context\":\"https:\\\/\\\/schema.org\",\"@graph\":[{\"@type\":\"WebPage\",\"@id\":\"https:\\\/\\\/bimcointernational.com\\\/tr\\\/urun\\\/bimco-silica-active\\\/\",\"url\":\"https:\\\/\\\/bimcointernational.com\\\/tr\\\/urun\\\/bimco-silica-active\\\/\",\"name\":\"BIMCO SILICA ACTIVE: H\u00fccre Duvar\u0131 G\u00fc\u00e7lendirici ve Stres Direnci - bimco international\",\"isPartOf\":{\"@id\":\"https:\\\/\\\/bimcointernational.com\\\/tr\\\/#website\"},\"primaryImageOfPage\":{\"@id\":\"https:\\\/\\\/bimcointernational.com\\\/tr\\\/urun\\\/bimco-silica-active\\\/#primaryimage\"},\"image\":{\"@id\":\"https:\\\/\\\/bimcointernational.com\\\/tr\\\/urun\\\/bimco-silica-active\\\/#primaryimage\"},\"thumbnailUrl\":\"https:\\\/\\\/bimcointernational.com\\\/wp-content\\\/uploads\\\/2025\\\/07\\\/BIMCO-SILICA-ACTIVE.png\",\"datePublished\":\"2025-07-14T13:38:18+00:00\",\"dateModified\":\"2025-07-14T13:51:28+00:00\",\"description\":\"BIMCO SILICA ACTIVE, bir potasyum, \u00e7inko ve demir g\u00fcbresi. H\u00fccre duvar\u0131 sertli\u011fini art\u0131r\u0131r, bitki dikli\u011fini iyile\u015ftirir ve k\u00fcresel olarak stresi ve hastal\u0131klar\u0131 azalt\u0131r.\",\"breadcrumb\":{\"@id\":\"https:\\\/\\\/bimcointernational.com\\\/tr\\\/urun\\\/bimco-silica-active\\\/#breadcrumb\"},\"inLanguage\":\"tr\",\"potentialAction\":[{\"@type\":\"ReadAction\",\"target\":[\"https:\\\/\\\/bimcointernational.com\\\/tr\\\/urun\\\/bimco-silica-active\\\/\"]}]},{\"@type\":\"ImageObject\",\"inLanguage\":\"tr\",\"@id\":\"https:\\\/\\\/bimcointernational.com\\\/tr\\\/urun\\\/bimco-silica-active\\\/#primaryimage\",\"url\":\"https:\\\/\\\/bimcointernational.com\\\/wp-content\\\/uploads\\\/2025\\\/07\\\/BIMCO-SILICA-ACTIVE.png\",\"contentUrl\":\"https:\\\/\\\/bimcointernational.com\\\/wp-content\\\/uploads\\\/2025\\\/07\\\/BIMCO-SILICA-ACTIVE.png\",\"width\":1500,\"height\":1500,\"caption\":\"BIMCO SILICA ACTIVE: Increasing cell rigidity and improving plant resistance.\"},{\"@type\":\"BreadcrumbList\",\"@id\":\"https:\\\/\\\/bimcointernational.com\\\/tr\\\/urun\\\/bimco-silica-active\\\/#breadcrumb\",\"itemListElement\":[{\"@type\":\"ListItem\",\"position\":1,\"name\":\"Home\",\"item\":\"https:\\\/\\\/bimcointernational.com\\\/tr\\\/\"},{\"@type\":\"ListItem\",\"position\":2,\"name\":\"\u00dcr\u00fcnlerimiz\",\"item\":\"https:\\\/\\\/bimcointernational.com\\\/tr\\\/urunlerimiz\\\/\"},{\"@type\":\"ListItem\",\"position\":3,\"name\":\"BIMCO SILICA ACTIVE\"}]},{\"@type\":\"WebSite\",\"@id\":\"https:\\\/\\\/bimcointernational.com\\\/tr\\\/#website\",\"url\":\"https:\\\/\\\/bimcointernational.com\\\/tr\\\/\",\"name\":\"bimco international\",\"description\":\"\u0634\u0631\u0643\u0629 \u0628\u064a\u0645\u0643\u0648 \u0627\u0644\u0643\u064a\u0645\u064a\u0627\u0626\u064a\u0629 \u0644\u0635\u0646\u0627\u0639\u0629 \u0627\u0644\u0645\u0628\u064a\u062f\u0627\u062a \u0648\u0627\u0644\u0623\u0633\u0645\u062f\u0629 \u0639\u0627\u0644\u064a\u0629 \u0627\u0644\u062c\u0648\u062f\u0629 35 \u0639\u0627\u0645\u0627 \u0645\u0646 \u0627\u0644\u062e\u0628\u0631\u0629 \u0646\u0636\u0639\u0647\u0627 \u0628\u064a\u0646 \u0623\u064a\u062f\u064a\u0643\u0645\",\"publisher\":{\"@id\":\"https:\\\/\\\/bimcointernational.com\\\/tr\\\/#organization\"},\"potentialAction\":[{\"@type\":\"SearchAction\",\"target\":{\"@type\":\"EntryPoint\",\"urlTemplate\":\"https:\\\/\\\/bimcointernational.com\\\/tr\\\/?s={search_term_string}\"},\"query-input\":{\"@type\":\"PropertyValueSpecification\",\"valueRequired\":true,\"valueName\":\"search_term_string\"}}],\"inLanguage\":\"tr\"},{\"@type\":\"Organization\",\"@id\":\"https:\\\/\\\/bimcointernational.com\\\/tr\\\/#organization\",\"name\":\"bimco international\",\"url\":\"https:\\\/\\\/bimcointernational.com\\\/tr\\\/\",\"logo\":{\"@type\":\"ImageObject\",\"inLanguage\":\"tr\",\"@id\":\"https:\\\/\\\/bimcointernational.com\\\/tr\\\/#\\\/schema\\\/logo\\\/image\\\/\",\"url\":\"https:\\\/\\\/bimcointernational.com\\\/wp-content\\\/uploads\\\/2023\\\/03\\\/bimco-international.png\",\"contentUrl\":\"https:\\\/\\\/bimcointernational.com\\\/wp-content\\\/uploads\\\/2023\\\/03\\\/bimco-international.png\",\"width\":1000,\"height\":283,\"caption\":\"bimco international\"},\"image\":{\"@id\":\"https:\\\/\\\/bimcointernational.com\\\/tr\\\/#\\\/schema\\\/logo\\\/image\\\/\"},\"sameAs\":[\"https:\\\/\\\/www.facebook.com\\\/B9K9T\",\"https:\\\/\\\/www.instagram.com\\\/bimcokimya\\\/\"]}]}<\/script>\n<!-- \/ Yoast SEO plugin. -->","yoast_head_json":{"title":"BIMCO SILICA ACTIVE: H\u00fccre Duvar\u0131 G\u00fc\u00e7lendirici ve Stres Direnci - bimco international","description":"BIMCO SILICA ACTIVE, bir potasyum, \u00e7inko ve demir g\u00fcbresi. H\u00fccre duvar\u0131 sertli\u011fini art\u0131r\u0131r, bitki dikli\u011fini iyile\u015ftirir ve k\u00fcresel olarak stresi ve hastal\u0131klar\u0131 azalt\u0131r.","robots":{"index":"index","follow":"follow","max-snippet":"max-snippet:-1","max-image-preview":"max-image-preview:large","max-video-preview":"max-video-preview:-1"},"canonical":"https:\/\/bimcointernational.com\/tr\/urun\/bimco-silica-active\/","og_locale":"tr_TR","og_type":"article","og_title":"BIMCO SILICA ACTIVE: H\u00fccre Duvar\u0131 G\u00fc\u00e7lendirici ve Stres Direnci - bimco international","og_description":"BIMCO SILICA ACTIVE, bir potasyum, \u00e7inko ve demir g\u00fcbresi. H\u00fccre duvar\u0131 sertli\u011fini art\u0131r\u0131r, bitki dikli\u011fini iyile\u015ftirir ve k\u00fcresel olarak stresi ve hastal\u0131klar\u0131 azalt\u0131r.","og_url":"https:\/\/bimcointernational.com\/tr\/urun\/bimco-silica-active\/","og_site_name":"bimco international","article_publisher":"https:\/\/www.facebook.com\/B9K9T","article_modified_time":"2025-07-14T13:51:28+00:00","og_image":[{"width":1500,"height":1500,"url":"https:\/\/bimcointernational.com\/wp-content\/uploads\/2025\/07\/BIMCO-SILICA-ACTIVE.png","type":"image\/png"}],"twitter_card":"summary_large_image","twitter_misc":{"Tahmini okuma s\u00fcresi":"2 dakika"},"schema":{"@context":"https:\/\/schema.org","@graph":[{"@type":"WebPage","@id":"https:\/\/bimcointernational.com\/tr\/urun\/bimco-silica-active\/","url":"https:\/\/bimcointernational.com\/tr\/urun\/bimco-silica-active\/","name":"BIMCO SILICA ACTIVE: H\u00fccre Duvar\u0131 G\u00fc\u00e7lendirici ve Stres Direnci - bimco international","isPartOf":{"@id":"https:\/\/bimcointernational.com\/tr\/#website"},"primaryImageOfPage":{"@id":"https:\/\/bimcointernational.com\/tr\/urun\/bimco-silica-active\/#primaryimage"},"image":{"@id":"https:\/\/bimcointernational.com\/tr\/urun\/bimco-silica-active\/#primaryimage"},"thumbnailUrl":"https:\/\/bimcointernational.com\/wp-content\/uploads\/2025\/07\/BIMCO-SILICA-ACTIVE.png","datePublished":"2025-07-14T13:38:18+00:00","dateModified":"2025-07-14T13:51:28+00:00","description":"BIMCO SILICA ACTIVE, bir potasyum, \u00e7inko ve demir g\u00fcbresi. H\u00fccre duvar\u0131 sertli\u011fini art\u0131r\u0131r, bitki dikli\u011fini iyile\u015ftirir ve k\u00fcresel olarak stresi ve hastal\u0131klar\u0131 azalt\u0131r.","breadcrumb":{"@id":"https:\/\/bimcointernational.com\/tr\/urun\/bimco-silica-active\/#breadcrumb"},"inLanguage":"tr","potentialAction":[{"@type":"ReadAction","target":["https:\/\/bimcointernational.com\/tr\/urun\/bimco-silica-active\/"]}]},{"@type":"ImageObject","inLanguage":"tr","@id":"https:\/\/bimcointernational.com\/tr\/urun\/bimco-silica-active\/#primaryimage","url":"https:\/\/bimcointernational.com\/wp-content\/uploads\/2025\/07\/BIMCO-SILICA-ACTIVE.png","contentUrl":"https:\/\/bimcointernational.com\/wp-content\/uploads\/2025\/07\/BIMCO-SILICA-ACTIVE.png","width":1500,"height":1500,"caption":"BIMCO SILICA ACTIVE: Increasing cell rigidity and improving plant resistance."},{"@type":"BreadcrumbList","@id":"https:\/\/bimcointernational.com\/tr\/urun\/bimco-silica-active\/#breadcrumb","itemListElement":[{"@type":"ListItem","position":1,"name":"Home","item":"https:\/\/bimcointernational.com\/tr\/"},{"@type":"ListItem","position":2,"name":"\u00dcr\u00fcnlerimiz","item":"https:\/\/bimcointernational.com\/tr\/urunlerimiz\/"},{"@type":"ListItem","position":3,"name":"BIMCO SILICA ACTIVE"}]},{"@type":"WebSite","@id":"https:\/\/bimcointernational.com\/tr\/#website","url":"https:\/\/bimcointernational.com\/tr\/","name":"bimco international","description":"\u0634\u0631\u0643\u0629 \u0628\u064a\u0645\u0643\u0648 \u0627\u0644\u0643\u064a\u0645\u064a\u0627\u0626\u064a\u0629 \u0644\u0635\u0646\u0627\u0639\u0629 \u0627\u0644\u0645\u0628\u064a\u062f\u0627\u062a \u0648\u0627\u0644\u0623\u0633\u0645\u062f\u0629 \u0639\u0627\u0644\u064a\u0629 \u0627\u0644\u062c\u0648\u062f\u0629 35 \u0639\u0627\u0645\u0627 \u0645\u0646 \u0627\u0644\u062e\u0628\u0631\u0629 \u0646\u0636\u0639\u0647\u0627 \u0628\u064a\u0646 \u0623\u064a\u062f\u064a\u0643\u0645","publisher":{"@id":"https:\/\/bimcointernational.com\/tr\/#organization"},"potentialAction":[{"@type":"SearchAction","target":{"@type":"EntryPoint","urlTemplate":"https:\/\/bimcointernational.com\/tr\/?s={search_term_string}"},"query-input":{"@type":"PropertyValueSpecification","valueRequired":true,"valueName":"search_term_string"}}],"inLanguage":"tr"},{"@type":"Organization","@id":"https:\/\/bimcointernational.com\/tr\/#organization","name":"bimco international","url":"https:\/\/bimcointernational.com\/tr\/","logo":{"@type":"ImageObject","inLanguage":"tr","@id":"https:\/\/bimcointernational.com\/tr\/#\/schema\/logo\/image\/","url":"https:\/\/bimcointernational.com\/wp-content\/uploads\/2023\/03\/bimco-international.png","contentUrl":"https:\/\/bimcointernational.com\/wp-content\/uploads\/2023\/03\/bimco-international.png","width":1000,"height":283,"caption":"bimco international"},"image":{"@id":"https:\/\/bimcointernational.com\/tr\/#\/schema\/logo\/image\/"},"sameAs":["https:\/\/www.facebook.com\/B9K9T","https:\/\/www.instagram.com\/bimcokimya\/"]}]}},"jetpack_sharing_enabled":true,"_links":{"self":[{"href":"https:\/\/bimcointernational.com\/tr\/wp-json\/wp\/v2\/product\/5880","targetHints":{"allow":["GET"]}}],"collection":[{"href":"https:\/\/bimcointernational.com\/tr\/wp-json\/wp\/v2\/product"}],"about":[{"href":"https:\/\/bimcointernational.com\/tr\/wp-json\/wp\/v2\/types\/product"}],"replies":[{"embeddable":true,"href":"https:\/\/bimcointernational.com\/tr\/wp-json\/wp\/v2\/comments?post=5880"}],"wp:featuredmedia":[{"embeddable":true,"href":"https:\/\/bimcointernational.com\/tr\/wp-json\/wp\/v2\/media\/5883"}],"wp:attachment":[{"href":"https:\/\/bimcointernational.com\/tr\/wp-json\/wp\/v2\/media?parent=5880"}],"wp:term":[{"taxonomy":"product_brand","embeddable":true,"href":"https:\/\/bimcointernational.com\/tr\/wp-json\/wp\/v2\/product_brand?post=5880"},{"taxonomy":"product_cat","embeddable":true,"href":"https:\/\/bimcointernational.com\/tr\/wp-json\/wp\/v2\/product_cat?post=5880"},{"taxonomy":"product_tag","embeddable":true,"href":"https:\/\/bimcointernational.com\/tr\/wp-json\/wp\/v2\/product_tag?post=5880"}],"curies":[{"name":"wp","href":"https:\/\/api.w.org\/{rel}","templated":true}]}}