{"id":5874,"date":"2025-07-14T13:15:41","date_gmt":"2025-07-14T13:15:41","guid":{"rendered":"https:\/\/bimcointernational.com\/product\/bimco-faster-crop-top\/"},"modified":"2025-07-14T13:29:45","modified_gmt":"2025-07-14T13:29:45","slug":"bimco-faster-crop-top","status":"publish","type":"product","link":"https:\/\/bimcointernational.com\/tr\/urun\/bimco-faster-crop-top\/","title":{"rendered":"FASTER CROP TOP"},"content":{"rendered":"<h1><span style=\"color: #99cc00;\"><strong>FASTER CROP TOP: Manganez, \u00c7inko, Bor, Magnezyum ve Bak\u0131r \u0130\u00e7eren Biyo-stim\u00fclan<\/strong><\/span><\/h1>\n<p>Mahsulleriniz i\u00e7in maksimum b\u00fcy\u00fcme ve \u00fcretim potansiyeline ula\u015fmak i\u00e7in bitkiler, mikro besinlerin verimli bir \u015fekilde sa\u011flanmas\u0131na ihtiya\u00e7 duyar.<span style=\"color: #99cc00;\"> <strong>BIMCO International<\/strong><\/span>, y\u00fcksek kaliteli tar\u0131ma ilgi duyanlar i\u00e7in \u00f6zel olarak tasarlanm\u0131\u015f, mikro besin da\u011f\u0131t\u0131m\u0131 i\u00e7in yeni ve yenilik\u00e7i bir sistem g\u00f6revi g\u00f6ren, y\u00fcksek safl\u0131kta ve etkili bir bitki bile\u015fi\u011fi olan <span style=\"color: #99cc00;\"><strong>FASTER CROP TOP<\/strong><\/span>&#8216;\u0131 sunar.<\/p>\n<h2><span style=\"color: #99cc00;\"><strong>FASTER CROP TOP&#8217;\u0131n Temel \u00d6zellikleri ve Ba\u015fl\u0131ca Faydalar\u0131:<\/strong><\/span><\/h2>\n<ul>\n<li><strong>Verimli Mikro Besin Teslimat\u0131:<\/strong> Sadece bir g\u00fcbreden daha fazlas\u0131d\u0131r; bitki besin emilimini stomalar ve g\u00f6zenekler arac\u0131l\u0131\u011f\u0131yla iyile\u015ftirerek mikro besinleri do\u011frudan bitkinin \u00fcretim b\u00f6lgelerine ula\u015ft\u0131rmak i\u00e7in yeni bir sistemdir.<\/li>\n<li><strong>Meyve Kalitesinde Art\u0131\u015f ve Verim Art\u0131\u015f\u0131:<\/strong> Meyve kalitesini \u00f6nemli \u00f6l\u00e7\u00fcde art\u0131r\u0131r ve toplam mahsul verimini y\u00fckseltir.<\/li>\n<li><strong>Hastal\u0131k ve Zararl\u0131 Direnci:<\/strong> Nane ya\u011f\u0131 bile\u015feni ile g\u00fc\u00e7lendirilmi\u015f olup, bitkinin sistemik ba\u011f\u0131\u015f\u0131kl\u0131\u011f\u0131n\u0131 art\u0131rarak hastal\u0131klara ve zararl\u0131lara kar\u015f\u0131 daha diren\u00e7li olmas\u0131n\u0131 sa\u011flar. Kabakgillerdeki viral hastal\u0131klarla m\u00fccadelede m\u00fckemmel sonu\u00e7lar g\u00f6stermi\u015ftir.<\/li>\n<li><strong>Yaprak Rengi Bozuklu\u011funu \u00d6nler:<\/strong> Dengesiz veya eksik mikro besin konsantrasyonlar\u0131ndan kaynaklanan yaprak lekesi renk bozuklu\u011funu \u00f6nlemeye yard\u0131mc\u0131 olur, sa\u011fl\u0131kl\u0131 ve ye\u015fil bitki yapraklar\u0131 sa\u011flar.<\/li>\n<li><strong>D\u00fc\u015f\u00fck Molek\u00fcl A\u011f\u0131rl\u0131kl\u0131 Form\u00fcl:<\/strong> D\u00fc\u015f\u00fck molek\u00fcl a\u011f\u0131rl\u0131kl\u0131 malzemeden olu\u015fur, bu da \u00fcst\u00fcn emilim ve maksimum etkinlik sa\u011flar.<\/li>\n<\/ul>\n<h2><span style=\"color: #99cc00;\"><strong>Kimyasal Analiz:<\/strong><\/span><\/h2>\n<table style=\"width: 100%; border-collapse: collapse; text-align: center;\">\n<thead>\n<tr>\n<th style=\"border: 1px solid #ddd; padding: 8px; background-color: #8bc34a;\"><span style=\"color: #ffffff;\">Bile\u015fen<\/span><\/th>\n<th style=\"border: 1px solid #ddd; padding: 8px; background-color: #8bc34a;\"><span style=\"color: #ffffff;\">Konsantrasyon A\/H%<\/span><\/th>\n<th style=\"border: 1px solid #ddd; padding: 8px; background-color: #8bc34a;\"><span style=\"color: #ffffff;\">Kaynak<\/span><\/th>\n<\/tr>\n<\/thead>\n<tbody>\n<tr>\n<td style=\"border: 1px solid #ddd; padding: 8px;\">Manganez (Mn)<\/td>\n<td style=\"border: 1px solid #ddd; padding: 8px;\">%1<\/td>\n<td style=\"border: 1px solid #ddd; padding: 8px;\">Manganez Asetat<\/td>\n<\/tr>\n<tr>\n<td style=\"border: 1px solid #ddd; padding: 8px;\">\u00c7inko (Zn)<\/td>\n<td style=\"border: 1px solid #ddd; padding: 8px;\">%2<\/td>\n<td style=\"border: 1px solid #ddd; padding: 8px;\">\u00c7inko Asetat<\/td>\n<\/tr>\n<tr>\n<td style=\"border: 1px solid #ddd; padding: 8px;\">Bak\u0131r (Cu)<\/td>\n<td style=\"border: 1px solid #ddd; padding: 8px;\">%1<\/td>\n<td style=\"border: 1px solid #ddd; padding: 8px;\">Bak\u0131r Asetat<\/td>\n<\/tr>\n<tr>\n<td style=\"border: 1px solid #ddd; padding: 8px;\">Bor (B)<\/td>\n<td style=\"border: 1px solid #ddd; padding: 8px;\">%0.5<\/td>\n<td style=\"border: 1px solid #ddd; padding: 8px;\">Bor Etanolamin<\/td>\n<\/tr>\n<tr>\n<td style=\"border: 1px solid #ddd; padding: 8px;\">Magnezyum Oksit (MgO)<\/td>\n<td style=\"border: 1px solid #ddd; padding: 8px;\">%1<\/td>\n<td style=\"border: 1px solid #ddd; padding: 8px;\">Magnezyum Asetat Trihidrat<\/td>\n<\/tr>\n<\/tbody>\n<\/table>\n<h2><span style=\"color: #99cc00;\"><strong>Uygulama Oran\u0131:<\/strong><\/span><\/h2>\n<p>FASTER CROP TOP t\u00fcm mahsul t\u00fcrleri, sebzeler ve meyve a\u011fa\u00e7lar\u0131nda kullan\u0131l\u0131r:<\/p>\n<ul>\n<li><span style=\"color: #99cc00;\"><strong>1- Yaprak p\u00fcsk\u00fcrtme:<\/strong><\/span> Mahsul\u00fcn boyutuna, do\u011fas\u0131na ve t\u00fcr\u00fcne g\u00f6re 100-150 cm3\/100 litre su.<\/li>\n<li><span style=\"color: #99cc00;\"><strong>2- Sulama suyu ile:<\/strong> <\/span>Mahsul\u00fcn boyutuna, do\u011fas\u0131na ve t\u00fcr\u00fcne g\u00f6re 1-1.5 litre\/dekar.<\/li>\n<\/ul>\n<p>Mahsullerinizin kalitesini ve miktar\u0131n\u0131 art\u0131rmak ve besin kullan\u0131m\u0131n\u0131 en \u00fcst d\u00fczeye \u00e7\u0131karmak i\u00e7in BIMCO International&#8217;dan FASTER CROP TOP&#8217;\u0131 se\u00e7in. <span style=\"color: #99cc00;\"><a style=\"color: #99cc00;\" href=\"https:\/\/api.whatsapp.com\/send\/?phone=908503096351&amp;text=%D9%85%D8%B1%D8%AD%D8%A8%D8%A7%D9%8B+%D8%A7%D8%B1%D9%8A%D8%AF+%D8%A7%D9%84%D8%A5%D8%B3%D8%AA%D9%81%D8%B3%D8%A7%D8%B1+%D8%B9%D9%86+%D9%87%D8%B0%D8%A7+%D8%A7%D9%84%D9%85%D9%86%D8%AA%D8%AC%0A%0A%0A%0Ahttps%3A%2F%2Fbimcointernational.com%2F&amp;type=phone_number&amp;app_absent=0\" target=\"_blank\" rel=\"noopener\">Daha fazla bilgi edinmek i\u00e7in bug\u00fcn WhatsApp arac\u0131l\u0131\u011f\u0131yla bize ula\u015f\u0131n<\/a>.<\/span><\/p>\n","protected":false},"excerpt":{"rendered":"<p><span style=\"color: #99cc00;\"><b>FASTER CROP TOP:<\/b><\/span> BIMCO International&#8217;\u0131n y\u00fcksek safl\u0131kta biyo-stim\u00fclan\u0131d\u0131r. Etkili mikro besin teslimat sistemiyle meyve kalitesini art\u0131r\u0131r, verimi y\u00fckseltir ve bitkilerin hastal\u0131k direncini d\u00fcnya genelinde g\u00fc\u00e7lendirir.<\/p>\n","protected":false},"featured_media":5872,"comment_status":"open","ping_status":"closed","template":"","meta":{"_eb_attr":"","site-sidebar-layout":"default","site-content-layout":"","ast-site-content-layout":"default","site-content-style":"default","site-sidebar-style":"default","ast-global-header-display":"","ast-banner-title-visibility":"","ast-main-header-display":"","ast-hfb-above-header-display":"","ast-hfb-below-header-display":"","ast-hfb-mobile-header-display":"","site-post-title":"","ast-breadcrumbs-content":"","ast-featured-img":"","footer-sml-layout":"","ast-disable-related-posts":"","theme-transparent-header-meta":"default","adv-header-id-meta":"","stick-header-meta":"","header-above-stick-meta":"","header-main-stick-meta":"","header-below-stick-meta":"","astra-migrate-meta-layouts":"set","ast-page-background-enabled":"default","ast-page-background-meta":{"desktop":{"background-color":"var(--ast-global-color-4)","background-image":"","background-repeat":"repeat","background-position":"center center","background-size":"auto","background-attachment":"scroll","background-type":"","background-media":"","overlay-type":"","overlay-color":"","overlay-opacity":"","overlay-gradient":""},"tablet":{"background-color":"","background-image":"","background-repeat":"repeat","background-position":"center center","background-size":"auto","background-attachment":"scroll","background-type":"","background-media":"","overlay-type":"","overlay-color":"","overlay-opacity":"","overlay-gradient":""},"mobile":{"background-color":"","background-image":"","background-repeat":"repeat","background-position":"center center","background-size":"auto","background-attachment":"scroll","background-type":"","background-media":"","overlay-type":"","overlay-color":"","overlay-opacity":"","overlay-gradient":""}},"ast-content-background-meta":{"desktop":{"background-color":"var(--ast-global-color-5)","background-image":"","background-repeat":"repeat","background-position":"center center","background-size":"auto","background-attachment":"scroll","background-type":"","background-media":"","overlay-type":"","overlay-color":"","overlay-opacity":"","overlay-gradient":""},"tablet":{"background-color":"var(--ast-global-color-5)","background-image":"","background-repeat":"repeat","background-position":"center center","background-size":"auto","background-attachment":"scroll","background-type":"","background-media":"","overlay-type":"","overlay-color":"","overlay-opacity":"","overlay-gradient":""},"mobile":{"background-color":"var(--ast-global-color-5)","background-image":"","background-repeat":"repeat","background-position":"center center","background-size":"auto","background-attachment":"scroll","background-type":"","background-media":"","overlay-type":"","overlay-color":"","overlay-opacity":"","overlay-gradient":""}},"_joinchat":[]},"product_brand":[],"product_cat":[90],"product_tag":[],"class_list":{"0":"post-5874","1":"product","2":"type-product","3":"status-publish","4":"has-post-thumbnail","6":"product_cat-yesil-tarim-urunleri","7":"desktop-align-left","8":"tablet-align-left","9":"mobile-align-left","11":"first","12":"instock","13":"shipping-taxable","14":"product-type-simple"},"yoast_head":"<!-- This site is optimized with the Yoast SEO plugin v27.6 - https:\/\/yoast.com\/product\/yoast-seo-wordpress\/ -->\n<title>FASTER CROP TOP: Verim ve Kalite i\u00e7in Mikro Besin Biyo-stim\u00fclan\u0131 - bimco international<\/title>\n<meta name=\"description\" content=\"FASTER CROP TOP: Mikro besinleri etkili bir \u015fekilde sunan y\u00fcksek safl\u0131kta bir biyo-stim\u00fclan. Meyve kalitesini iyile\u015ftirir, verimi art\u0131r\u0131r ve mineral eksikliklerini k\u00fcresel olarak \u00f6nler\" \/>\n<meta name=\"robots\" content=\"index, follow, max-snippet:-1, max-image-preview:large, max-video-preview:-1\" \/>\n<link rel=\"canonical\" href=\"https:\/\/bimcointernational.com\/tr\/urun\/bimco-faster-crop-top\/\" \/>\n<meta property=\"og:locale\" content=\"tr_TR\" \/>\n<meta property=\"og:type\" content=\"article\" \/>\n<meta property=\"og:title\" content=\"FASTER CROP TOP: Verim ve Kalite i\u00e7in Mikro Besin Biyo-stim\u00fclan\u0131 - bimco international\" \/>\n<meta property=\"og:description\" content=\"FASTER CROP TOP: Mikro besinleri etkili bir \u015fekilde sunan y\u00fcksek safl\u0131kta bir biyo-stim\u00fclan. Meyve kalitesini iyile\u015ftirir, verimi art\u0131r\u0131r ve mineral eksikliklerini k\u00fcresel olarak \u00f6nler\" \/>\n<meta property=\"og:url\" content=\"https:\/\/bimcointernational.com\/tr\/urun\/bimco-faster-crop-top\/\" \/>\n<meta property=\"og:site_name\" content=\"bimco international\" \/>\n<meta property=\"article:publisher\" content=\"https:\/\/www.facebook.com\/B9K9T\" \/>\n<meta property=\"article:modified_time\" content=\"2025-07-14T13:29:45+00:00\" \/>\n<meta property=\"og:image\" content=\"https:\/\/bimcointernational.com\/wp-content\/uploads\/2025\/07\/FASTER-CROP-TOP.png\" \/>\n\t<meta property=\"og:image:width\" content=\"1500\" \/>\n\t<meta property=\"og:image:height\" content=\"1500\" \/>\n\t<meta property=\"og:image:type\" content=\"image\/png\" \/>\n<meta name=\"twitter:card\" content=\"summary_large_image\" \/>\n<meta name=\"twitter:label1\" content=\"Tahmini okuma s\u00fcresi\" \/>\n\t<meta name=\"twitter:data1\" content=\"2 dakika\" \/>\n<script type=\"application\/ld+json\" class=\"yoast-schema-graph\">{\"@context\":\"https:\\\/\\\/schema.org\",\"@graph\":[{\"@type\":\"WebPage\",\"@id\":\"https:\\\/\\\/bimcointernational.com\\\/tr\\\/urun\\\/bimco-faster-crop-top\\\/\",\"url\":\"https:\\\/\\\/bimcointernational.com\\\/tr\\\/urun\\\/bimco-faster-crop-top\\\/\",\"name\":\"FASTER CROP TOP: Verim ve Kalite i\u00e7in Mikro Besin Biyo-stim\u00fclan\u0131 - bimco international\",\"isPartOf\":{\"@id\":\"https:\\\/\\\/bimcointernational.com\\\/tr\\\/#website\"},\"primaryImageOfPage\":{\"@id\":\"https:\\\/\\\/bimcointernational.com\\\/tr\\\/urun\\\/bimco-faster-crop-top\\\/#primaryimage\"},\"image\":{\"@id\":\"https:\\\/\\\/bimcointernational.com\\\/tr\\\/urun\\\/bimco-faster-crop-top\\\/#primaryimage\"},\"thumbnailUrl\":\"https:\\\/\\\/bimcointernational.com\\\/wp-content\\\/uploads\\\/2025\\\/07\\\/FASTER-CROP-TOP.png\",\"datePublished\":\"2025-07-14T13:15:41+00:00\",\"dateModified\":\"2025-07-14T13:29:45+00:00\",\"description\":\"FASTER CROP TOP: Mikro besinleri etkili bir \u015fekilde sunan y\u00fcksek safl\u0131kta bir biyo-stim\u00fclan. Meyve kalitesini iyile\u015ftirir, verimi art\u0131r\u0131r ve mineral eksikliklerini k\u00fcresel olarak \u00f6nler\",\"breadcrumb\":{\"@id\":\"https:\\\/\\\/bimcointernational.com\\\/tr\\\/urun\\\/bimco-faster-crop-top\\\/#breadcrumb\"},\"inLanguage\":\"tr\",\"potentialAction\":[{\"@type\":\"ReadAction\",\"target\":[\"https:\\\/\\\/bimcointernational.com\\\/tr\\\/urun\\\/bimco-faster-crop-top\\\/\"]}]},{\"@type\":\"ImageObject\",\"inLanguage\":\"tr\",\"@id\":\"https:\\\/\\\/bimcointernational.com\\\/tr\\\/urun\\\/bimco-faster-crop-top\\\/#primaryimage\",\"url\":\"https:\\\/\\\/bimcointernational.com\\\/wp-content\\\/uploads\\\/2025\\\/07\\\/FASTER-CROP-TOP.png\",\"contentUrl\":\"https:\\\/\\\/bimcointernational.com\\\/wp-content\\\/uploads\\\/2025\\\/07\\\/FASTER-CROP-TOP.png\",\"width\":1500,\"height\":1500,\"caption\":\"* **Caption (\u0627\u0644\u062a\u0633\u0645\u064a\u0629 \u0627\u0644\u062a\u0648\u0636\u064a\u062d\u064a\u0629):**\"},{\"@type\":\"BreadcrumbList\",\"@id\":\"https:\\\/\\\/bimcointernational.com\\\/tr\\\/urun\\\/bimco-faster-crop-top\\\/#breadcrumb\",\"itemListElement\":[{\"@type\":\"ListItem\",\"position\":1,\"name\":\"Home\",\"item\":\"https:\\\/\\\/bimcointernational.com\\\/tr\\\/\"},{\"@type\":\"ListItem\",\"position\":2,\"name\":\"\u00dcr\u00fcnlerimiz\",\"item\":\"https:\\\/\\\/bimcointernational.com\\\/tr\\\/urunlerimiz\\\/\"},{\"@type\":\"ListItem\",\"position\":3,\"name\":\"FASTER CROP TOP\"}]},{\"@type\":\"WebSite\",\"@id\":\"https:\\\/\\\/bimcointernational.com\\\/tr\\\/#website\",\"url\":\"https:\\\/\\\/bimcointernational.com\\\/tr\\\/\",\"name\":\"bimco international\",\"description\":\"\u0634\u0631\u0643\u0629 \u0628\u064a\u0645\u0643\u0648 \u0627\u0644\u0643\u064a\u0645\u064a\u0627\u0626\u064a\u0629 \u0644\u0635\u0646\u0627\u0639\u0629 \u0627\u0644\u0645\u0628\u064a\u062f\u0627\u062a \u0648\u0627\u0644\u0623\u0633\u0645\u062f\u0629 \u0639\u0627\u0644\u064a\u0629 \u0627\u0644\u062c\u0648\u062f\u0629 35 \u0639\u0627\u0645\u0627 \u0645\u0646 \u0627\u0644\u062e\u0628\u0631\u0629 \u0646\u0636\u0639\u0647\u0627 \u0628\u064a\u0646 \u0623\u064a\u062f\u064a\u0643\u0645\",\"publisher\":{\"@id\":\"https:\\\/\\\/bimcointernational.com\\\/tr\\\/#organization\"},\"potentialAction\":[{\"@type\":\"SearchAction\",\"target\":{\"@type\":\"EntryPoint\",\"urlTemplate\":\"https:\\\/\\\/bimcointernational.com\\\/tr\\\/?s={search_term_string}\"},\"query-input\":{\"@type\":\"PropertyValueSpecification\",\"valueRequired\":true,\"valueName\":\"search_term_string\"}}],\"inLanguage\":\"tr\"},{\"@type\":\"Organization\",\"@id\":\"https:\\\/\\\/bimcointernational.com\\\/tr\\\/#organization\",\"name\":\"bimco international\",\"url\":\"https:\\\/\\\/bimcointernational.com\\\/tr\\\/\",\"logo\":{\"@type\":\"ImageObject\",\"inLanguage\":\"tr\",\"@id\":\"https:\\\/\\\/bimcointernational.com\\\/tr\\\/#\\\/schema\\\/logo\\\/image\\\/\",\"url\":\"https:\\\/\\\/bimcointernational.com\\\/wp-content\\\/uploads\\\/2023\\\/03\\\/bimco-international.png\",\"contentUrl\":\"https:\\\/\\\/bimcointernational.com\\\/wp-content\\\/uploads\\\/2023\\\/03\\\/bimco-international.png\",\"width\":1000,\"height\":283,\"caption\":\"bimco international\"},\"image\":{\"@id\":\"https:\\\/\\\/bimcointernational.com\\\/tr\\\/#\\\/schema\\\/logo\\\/image\\\/\"},\"sameAs\":[\"https:\\\/\\\/www.facebook.com\\\/B9K9T\",\"https:\\\/\\\/www.instagram.com\\\/bimcokimya\\\/\"]}]}<\/script>\n<!-- \/ Yoast SEO plugin. -->","yoast_head_json":{"title":"FASTER CROP TOP: Verim ve Kalite i\u00e7in Mikro Besin Biyo-stim\u00fclan\u0131 - bimco international","description":"FASTER CROP TOP: Mikro besinleri etkili bir \u015fekilde sunan y\u00fcksek safl\u0131kta bir biyo-stim\u00fclan. Meyve kalitesini iyile\u015ftirir, verimi art\u0131r\u0131r ve mineral eksikliklerini k\u00fcresel olarak \u00f6nler","robots":{"index":"index","follow":"follow","max-snippet":"max-snippet:-1","max-image-preview":"max-image-preview:large","max-video-preview":"max-video-preview:-1"},"canonical":"https:\/\/bimcointernational.com\/tr\/urun\/bimco-faster-crop-top\/","og_locale":"tr_TR","og_type":"article","og_title":"FASTER CROP TOP: Verim ve Kalite i\u00e7in Mikro Besin Biyo-stim\u00fclan\u0131 - bimco international","og_description":"FASTER CROP TOP: Mikro besinleri etkili bir \u015fekilde sunan y\u00fcksek safl\u0131kta bir biyo-stim\u00fclan. Meyve kalitesini iyile\u015ftirir, verimi art\u0131r\u0131r ve mineral eksikliklerini k\u00fcresel olarak \u00f6nler","og_url":"https:\/\/bimcointernational.com\/tr\/urun\/bimco-faster-crop-top\/","og_site_name":"bimco international","article_publisher":"https:\/\/www.facebook.com\/B9K9T","article_modified_time":"2025-07-14T13:29:45+00:00","og_image":[{"width":1500,"height":1500,"url":"https:\/\/bimcointernational.com\/wp-content\/uploads\/2025\/07\/FASTER-CROP-TOP.png","type":"image\/png"}],"twitter_card":"summary_large_image","twitter_misc":{"Tahmini okuma s\u00fcresi":"2 dakika"},"schema":{"@context":"https:\/\/schema.org","@graph":[{"@type":"WebPage","@id":"https:\/\/bimcointernational.com\/tr\/urun\/bimco-faster-crop-top\/","url":"https:\/\/bimcointernational.com\/tr\/urun\/bimco-faster-crop-top\/","name":"FASTER CROP TOP: Verim ve Kalite i\u00e7in Mikro Besin Biyo-stim\u00fclan\u0131 - bimco international","isPartOf":{"@id":"https:\/\/bimcointernational.com\/tr\/#website"},"primaryImageOfPage":{"@id":"https:\/\/bimcointernational.com\/tr\/urun\/bimco-faster-crop-top\/#primaryimage"},"image":{"@id":"https:\/\/bimcointernational.com\/tr\/urun\/bimco-faster-crop-top\/#primaryimage"},"thumbnailUrl":"https:\/\/bimcointernational.com\/wp-content\/uploads\/2025\/07\/FASTER-CROP-TOP.png","datePublished":"2025-07-14T13:15:41+00:00","dateModified":"2025-07-14T13:29:45+00:00","description":"FASTER CROP TOP: Mikro besinleri etkili bir \u015fekilde sunan y\u00fcksek safl\u0131kta bir biyo-stim\u00fclan. Meyve kalitesini iyile\u015ftirir, verimi art\u0131r\u0131r ve mineral eksikliklerini k\u00fcresel olarak \u00f6nler","breadcrumb":{"@id":"https:\/\/bimcointernational.com\/tr\/urun\/bimco-faster-crop-top\/#breadcrumb"},"inLanguage":"tr","potentialAction":[{"@type":"ReadAction","target":["https:\/\/bimcointernational.com\/tr\/urun\/bimco-faster-crop-top\/"]}]},{"@type":"ImageObject","inLanguage":"tr","@id":"https:\/\/bimcointernational.com\/tr\/urun\/bimco-faster-crop-top\/#primaryimage","url":"https:\/\/bimcointernational.com\/wp-content\/uploads\/2025\/07\/FASTER-CROP-TOP.png","contentUrl":"https:\/\/bimcointernational.com\/wp-content\/uploads\/2025\/07\/FASTER-CROP-TOP.png","width":1500,"height":1500,"caption":"* **Caption (\u0627\u0644\u062a\u0633\u0645\u064a\u0629 \u0627\u0644\u062a\u0648\u0636\u064a\u062d\u064a\u0629):**"},{"@type":"BreadcrumbList","@id":"https:\/\/bimcointernational.com\/tr\/urun\/bimco-faster-crop-top\/#breadcrumb","itemListElement":[{"@type":"ListItem","position":1,"name":"Home","item":"https:\/\/bimcointernational.com\/tr\/"},{"@type":"ListItem","position":2,"name":"\u00dcr\u00fcnlerimiz","item":"https:\/\/bimcointernational.com\/tr\/urunlerimiz\/"},{"@type":"ListItem","position":3,"name":"FASTER CROP TOP"}]},{"@type":"WebSite","@id":"https:\/\/bimcointernational.com\/tr\/#website","url":"https:\/\/bimcointernational.com\/tr\/","name":"bimco international","description":"\u0634\u0631\u0643\u0629 \u0628\u064a\u0645\u0643\u0648 \u0627\u0644\u0643\u064a\u0645\u064a\u0627\u0626\u064a\u0629 \u0644\u0635\u0646\u0627\u0639\u0629 \u0627\u0644\u0645\u0628\u064a\u062f\u0627\u062a \u0648\u0627\u0644\u0623\u0633\u0645\u062f\u0629 \u0639\u0627\u0644\u064a\u0629 \u0627\u0644\u062c\u0648\u062f\u0629 35 \u0639\u0627\u0645\u0627 \u0645\u0646 \u0627\u0644\u062e\u0628\u0631\u0629 \u0646\u0636\u0639\u0647\u0627 \u0628\u064a\u0646 \u0623\u064a\u062f\u064a\u0643\u0645","publisher":{"@id":"https:\/\/bimcointernational.com\/tr\/#organization"},"potentialAction":[{"@type":"SearchAction","target":{"@type":"EntryPoint","urlTemplate":"https:\/\/bimcointernational.com\/tr\/?s={search_term_string}"},"query-input":{"@type":"PropertyValueSpecification","valueRequired":true,"valueName":"search_term_string"}}],"inLanguage":"tr"},{"@type":"Organization","@id":"https:\/\/bimcointernational.com\/tr\/#organization","name":"bimco international","url":"https:\/\/bimcointernational.com\/tr\/","logo":{"@type":"ImageObject","inLanguage":"tr","@id":"https:\/\/bimcointernational.com\/tr\/#\/schema\/logo\/image\/","url":"https:\/\/bimcointernational.com\/wp-content\/uploads\/2023\/03\/bimco-international.png","contentUrl":"https:\/\/bimcointernational.com\/wp-content\/uploads\/2023\/03\/bimco-international.png","width":1000,"height":283,"caption":"bimco international"},"image":{"@id":"https:\/\/bimcointernational.com\/tr\/#\/schema\/logo\/image\/"},"sameAs":["https:\/\/www.facebook.com\/B9K9T","https:\/\/www.instagram.com\/bimcokimya\/"]}]}},"jetpack_sharing_enabled":true,"_links":{"self":[{"href":"https:\/\/bimcointernational.com\/tr\/wp-json\/wp\/v2\/product\/5874","targetHints":{"allow":["GET"]}}],"collection":[{"href":"https:\/\/bimcointernational.com\/tr\/wp-json\/wp\/v2\/product"}],"about":[{"href":"https:\/\/bimcointernational.com\/tr\/wp-json\/wp\/v2\/types\/product"}],"replies":[{"embeddable":true,"href":"https:\/\/bimcointernational.com\/tr\/wp-json\/wp\/v2\/comments?post=5874"}],"wp:featuredmedia":[{"embeddable":true,"href":"https:\/\/bimcointernational.com\/tr\/wp-json\/wp\/v2\/media\/5872"}],"wp:attachment":[{"href":"https:\/\/bimcointernational.com\/tr\/wp-json\/wp\/v2\/media?parent=5874"}],"wp:term":[{"taxonomy":"product_brand","embeddable":true,"href":"https:\/\/bimcointernational.com\/tr\/wp-json\/wp\/v2\/product_brand?post=5874"},{"taxonomy":"product_cat","embeddable":true,"href":"https:\/\/bimcointernational.com\/tr\/wp-json\/wp\/v2\/product_cat?post=5874"},{"taxonomy":"product_tag","embeddable":true,"href":"https:\/\/bimcointernational.com\/tr\/wp-json\/wp\/v2\/product_tag?post=5874"}],"curies":[{"name":"wp","href":"https:\/\/api.w.org\/{rel}","templated":true}]}}