{"id":5865,"date":"2025-07-14T11:18:04","date_gmt":"2025-07-14T11:18:04","guid":{"rendered":"https:\/\/bimcointernational.com\/product\/bimco-vit\/"},"modified":"2025-07-14T13:08:24","modified_gmt":"2025-07-14T13:08:24","slug":"bimco-vit","status":"publish","type":"product","link":"https:\/\/bimcointernational.com\/tr\/urun\/bimco-vit\/","title":{"rendered":"BIMCO VIT"},"content":{"rendered":"<h1><span style=\"color: #99cc00;\"><strong>BIMCO VIT: Manganez, \u00c7inko, Bor, Magnezyum ve Bak\u0131r \u0130\u00e7eren Biyo-stim\u00fclan<\/strong><\/span><\/h1>\n<p>Y\u00fcksek kaliteli ve g\u00fc\u00e7l\u00fc diren\u00e7li mahsuller i\u00e7in bitkiler, mikro besinlerden kapsaml\u0131 deste\u011fe ihtiya\u00e7 duyar. <span style=\"color: #99cc00;\"><strong>BIMCO International<\/strong><\/span>, Salisilik Asit, Askorbik Asit ve Mentol&#8217;e ek olarak Manganez, \u00c7inko, Bor, Magnezyum ve Bak\u0131r gibi temel besin maddelerinin eksiksiz bir yelpazesini i\u00e7eren geli\u015fmi\u015f bir biyo-stim\u00fclan olan <span style=\"color: #99cc00;\"><strong>BIMCO VIT<\/strong><\/span>&#8216;i sunar.<\/p>\n<h2><span style=\"color: #99cc00;\"><strong>BIMCO VIT&#8217;in Temel \u00d6zellikleri ve Ba\u015fl\u0131ca Faydalar\u0131:<\/strong><\/span><\/h2>\n<ul>\n<li><strong>Bitki Aktivasyonu ve Direncin Art\u0131r\u0131lmas\u0131:<\/strong> Bitkileri aktive etmede ve viral hastal\u0131klardan korumada kilit rol oynar ve kazan\u0131lm\u0131\u015f sistemik ba\u011f\u0131\u015f\u0131kl\u0131\u011f\u0131 art\u0131rarak bitkilerin \u00e7o\u011fu zararl\u0131ya kar\u015f\u0131 direncini y\u00fckseltir.<\/li>\n<li><strong>Besin ve Pestisit Emiliminin \u0130yile\u015ftirilmesi:<\/strong> Stomalar arac\u0131l\u0131\u011f\u0131yla besin emilimini iyile\u015ftirir ve mahsullerin ve kar\u0131\u015f\u0131k pestisitlerin etkinli\u011fini art\u0131r\u0131r.<\/li>\n<li><strong>Meyve Kalitesinin ve Doku Dayan\u0131kl\u0131l\u0131\u011f\u0131n\u0131n Art\u0131r\u0131lmas\u0131:<\/strong> Bile\u015fik, \u015feker ve protein i\u00e7eri\u011fini ve \u00e7\u00f6z\u00fcn\u00fcr kat\u0131lar\u0131 iyile\u015ftirir, g\u00f6vdelerin, yapraklar\u0131n ve depolaman\u0131n dayan\u0131kl\u0131l\u0131\u011f\u0131n\u0131 art\u0131rarak daha iyi meyve kalitesi ve artan verim sa\u011flar.<\/li>\n<li><strong>Kimyasal Pestisit Kullan\u0131m\u0131n\u0131n Azalt\u0131lmas\u0131:<\/strong> Kimyasal pestisit kullan\u0131m\u0131n\u0131 azaltmaya katk\u0131da bulunur ve bitkilerin b\u00f6ceklere ve vir\u00fcslere kar\u015f\u0131 direncini art\u0131r\u0131r.<\/li>\n<li><strong>Entegre Zararl\u0131 Y\u00f6netimi Deste\u011fi:<\/strong> Aromatik ya\u011flar ve mentol gibi bile\u015fenleri, entegre zararl\u0131 y\u00f6netimi programlar\u0131na aktif olarak katk\u0131da bulunur.<\/li>\n<\/ul>\n<h2><span style=\"color: #99cc00;\"><strong>Kimyasal Analiz:<\/strong><\/span><\/h2>\n<table style=\"width: 100%; border-collapse: collapse; text-align: center;\">\n<thead>\n<tr>\n<th style=\"border: 1px solid #ddd; padding: 8px; background-color: #8bc34a;\"><span style=\"color: #ffffff;\">Element<\/span><\/th>\n<th style=\"border: 1px solid #ddd; padding: 8px; background-color: #8bc34a;\"><span style=\"color: #ffffff;\">Konsantrasyon A\/H%<\/span><\/th>\n<th style=\"border: 1px solid #ddd; padding: 8px; background-color: #8bc34a;\"><span style=\"color: #ffffff;\">Kaynak<\/span><\/th>\n<\/tr>\n<\/thead>\n<tbody>\n<tr>\n<td style=\"border: 1px solid #ddd; padding: 8px;\">Manganez (Mn)<\/td>\n<td style=\"border: 1px solid #ddd; padding: 8px;\">%0.5<\/td>\n<td style=\"border: 1px solid #ddd; padding: 8px;\">Manganez Klor\u00fcr<\/td>\n<\/tr>\n<tr>\n<td style=\"border: 1px solid #ddd; padding: 8px;\">\u00c7inko (Zn)<\/td>\n<td style=\"border: 1px solid #ddd; padding: 8px;\">%1<\/td>\n<td style=\"border: 1px solid #ddd; padding: 8px;\">\u00c7inko Asetat<\/td>\n<\/tr>\n<tr>\n<td style=\"border: 1px solid #ddd; padding: 8px;\">Bak\u0131r (Cu)<\/td>\n<td style=\"border: 1px solid #ddd; padding: 8px;\">%0.5<\/td>\n<td style=\"border: 1px solid #ddd; padding: 8px;\">Bak\u0131r Asetat<\/td>\n<\/tr>\n<tr>\n<td style=\"border: 1px solid #ddd; padding: 8px;\">Bor (B)<\/td>\n<td style=\"border: 1px solid #ddd; padding: 8px;\">%1<\/td>\n<td style=\"border: 1px solid #ddd; padding: 8px;\">Bor Etanolamin<\/td>\n<\/tr>\n<tr>\n<td style=\"border: 1px solid #ddd; padding: 8px;\">Magnezyum (Mg)<\/td>\n<td style=\"border: 1px solid #ddd; padding: 8px;\">%0.5<\/td>\n<td style=\"border: 1px solid #ddd; padding: 8px;\">Magnezyum Asetat Trihidrat<\/td>\n<\/tr>\n<tr>\n<td style=\"border: 1px solid #ddd; padding: 8px;\">Askorbik Asit<\/td>\n<td style=\"border: 1px solid #ddd; padding: 8px;\">%3<\/td>\n<td style=\"border: 1px solid #ddd; padding: 8px;\"><\/td>\n<\/tr>\n<tr>\n<td style=\"border: 1px solid #ddd; padding: 8px;\">Salisilik Asit<\/td>\n<td style=\"border: 1px solid #ddd; padding: 8px;\">%2<\/td>\n<td style=\"border: 1px solid #ddd; padding: 8px;\"><\/td>\n<\/tr>\n<tr>\n<td style=\"border: 1px solid #ddd; padding: 8px;\">Mentol<\/td>\n<td style=\"border: 1px solid #ddd; padding: 8px;\">%0.5<\/td>\n<td style=\"border: 1px solid #ddd; padding: 8px;\"><\/td>\n<\/tr>\n<\/tbody>\n<\/table>\n<h2><span style=\"color: #99cc00;\"><strong>Uygulama Oran\u0131:<\/strong><\/span><\/h2>\n<p>T\u00fcm mahsul ve meyve a\u011fac\u0131 t\u00fcrlerinde kullan\u0131l\u0131r:<\/p>\n<ul>\n<li><span style=\"color: #99cc00;\"><strong>1- Yaprak P\u00fcsk\u00fcrtme:<\/strong><\/span> 150-100 cm3\/100 litre su, mahsul\u00fcn boyutuna, do\u011fas\u0131na ve t\u00fcr\u00fcne g\u00f6re. Vejetatif b\u00fcy\u00fcme d\u00f6neminde iki veya \u00fc\u00e7 kez tekrar p\u00fcsk\u00fcrt\u00fcn.<\/li>\n<li><span style=\"color: #99cc00;\"><strong>2- Sulama suyu ile:<\/strong><\/span> 1.5-1 litre\/dekar, mahsul\u00fcn boyutuna, do\u011fas\u0131na ve t\u00fcr\u00fcne g\u00f6re.<\/li>\n<\/ul>\n<p>Mahsullerinizde maksimum kalite ve diren\u00e7 elde etmek i\u00e7in BIMCO International&#8217;dan BIMCO VIT&#8217;i se\u00e7in.<span style=\"color: #99cc00;\"> <a style=\"color: #99cc00;\" href=\"https:\/\/api.whatsapp.com\/send\/?phone=908503096351&amp;text=%D9%85%D8%B1%D8%AD%D8%A8%D8%A7%D9%8B+%D8%A7%D8%B1%D9%8A%D8%AF+%D8%A7%D9%84%D8%A5%D8%B3%D8%AA%D9%81%D8%B3%D8%A7%D8%B1+%D8%B9%D9%86+%D9%87%D8%B0%D8%A7+%D8%A7%D9%84%D9%85%D9%86%D8%AA%D8%AC%0A%0A%0A%0Ahttps%3A%2F%2Fbimcointernational.com%2F&amp;type=phone_number&amp;app_absent=0\" target=\"_blank\" rel=\"noopener\">Daha fazla bilgi edinmek i\u00e7in bug\u00fcn WhatsApp arac\u0131l\u0131\u011f\u0131yla bize ula\u015f\u0131n<\/a>.<\/span><\/p>\n","protected":false},"excerpt":{"rendered":"<p><span style=\"color: #99cc00;\"><b>BIMCO VIT:<\/b><\/span> BIMCO International&#8217;\u0131n mikro besin a\u00e7\u0131s\u0131ndan zengin biyo-stim\u00fclan\u0131. Bitkileri aktive eder, ba\u011f\u0131\u015f\u0131kl\u0131klar\u0131n\u0131 g\u00fc\u00e7lendirir ve d\u00fcnya genelinde meyve kalitesini art\u0131r\u0131rken, entegre zararl\u0131 y\u00f6netimine aktif destek sa\u011flar.<\/p>\n","protected":false},"featured_media":5863,"comment_status":"open","ping_status":"closed","template":"","meta":{"_eb_attr":"","site-sidebar-layout":"default","site-content-layout":"","ast-site-content-layout":"default","site-content-style":"default","site-sidebar-style":"default","ast-global-header-display":"","ast-banner-title-visibility":"","ast-main-header-display":"","ast-hfb-above-header-display":"","ast-hfb-below-header-display":"","ast-hfb-mobile-header-display":"","site-post-title":"","ast-breadcrumbs-content":"","ast-featured-img":"","footer-sml-layout":"","ast-disable-related-posts":"","theme-transparent-header-meta":"default","adv-header-id-meta":"","stick-header-meta":"","header-above-stick-meta":"","header-main-stick-meta":"","header-below-stick-meta":"","astra-migrate-meta-layouts":"set","ast-page-background-enabled":"default","ast-page-background-meta":{"desktop":{"background-color":"var(--ast-global-color-4)","background-image":"","background-repeat":"repeat","background-position":"center center","background-size":"auto","background-attachment":"scroll","background-type":"","background-media":"","overlay-type":"","overlay-color":"","overlay-opacity":"","overlay-gradient":""},"tablet":{"background-color":"","background-image":"","background-repeat":"repeat","background-position":"center center","background-size":"auto","background-attachment":"scroll","background-type":"","background-media":"","overlay-type":"","overlay-color":"","overlay-opacity":"","overlay-gradient":""},"mobile":{"background-color":"","background-image":"","background-repeat":"repeat","background-position":"center center","background-size":"auto","background-attachment":"scroll","background-type":"","background-media":"","overlay-type":"","overlay-color":"","overlay-opacity":"","overlay-gradient":""}},"ast-content-background-meta":{"desktop":{"background-color":"var(--ast-global-color-5)","background-image":"","background-repeat":"repeat","background-position":"center center","background-size":"auto","background-attachment":"scroll","background-type":"","background-media":"","overlay-type":"","overlay-color":"","overlay-opacity":"","overlay-gradient":""},"tablet":{"background-color":"var(--ast-global-color-5)","background-image":"","background-repeat":"repeat","background-position":"center center","background-size":"auto","background-attachment":"scroll","background-type":"","background-media":"","overlay-type":"","overlay-color":"","overlay-opacity":"","overlay-gradient":""},"mobile":{"background-color":"var(--ast-global-color-5)","background-image":"","background-repeat":"repeat","background-position":"center center","background-size":"auto","background-attachment":"scroll","background-type":"","background-media":"","overlay-type":"","overlay-color":"","overlay-opacity":"","overlay-gradient":""}},"_joinchat":[]},"product_brand":[],"product_cat":[90],"product_tag":[],"class_list":{"0":"post-5865","1":"product","2":"type-product","3":"status-publish","4":"has-post-thumbnail","6":"product_cat-yesil-tarim-urunleri","7":"desktop-align-left","8":"tablet-align-left","9":"mobile-align-left","11":"first","12":"instock","13":"shipping-taxable","14":"product-type-simple"},"yoast_head":"<!-- This site is optimized with the Yoast SEO plugin v27.4 - https:\/\/yoast.com\/product\/yoast-seo-wordpress\/ -->\n<title>BIMCO VIT: Manganez, \u00c7inko ve Bak\u0131r Biyo-stim\u00fclan\u0131 - bimco international<\/title>\n<meta name=\"description\" content=\"BIMCO International&#039;dan BIMCO VIT: Manganez, \u00c7inko, Bor, Magnezyum ve Bak\u0131r a\u00e7\u0131s\u0131ndan zengin bir biyo-stim\u00fclan. D\u00fcnya genelinde bitkileri aktive eder, ba\u011f\u0131\u015f\u0131kl\u0131\u011f\u0131 g\u00fc\u00e7lendirir ve meyve kalitesini art\u0131r\u0131r.\" \/>\n<meta name=\"robots\" content=\"index, follow, max-snippet:-1, max-image-preview:large, max-video-preview:-1\" \/>\n<link rel=\"canonical\" href=\"https:\/\/bimcointernational.com\/tr\/urun\/bimco-vit\/\" \/>\n<meta property=\"og:locale\" content=\"tr_TR\" \/>\n<meta property=\"og:type\" content=\"article\" \/>\n<meta property=\"og:title\" content=\"BIMCO VIT: Manganez, \u00c7inko ve Bak\u0131r Biyo-stim\u00fclan\u0131 - bimco international\" \/>\n<meta property=\"og:description\" content=\"BIMCO International&#039;dan BIMCO VIT: Manganez, \u00c7inko, Bor, Magnezyum ve Bak\u0131r a\u00e7\u0131s\u0131ndan zengin bir biyo-stim\u00fclan. D\u00fcnya genelinde bitkileri aktive eder, ba\u011f\u0131\u015f\u0131kl\u0131\u011f\u0131 g\u00fc\u00e7lendirir ve meyve kalitesini art\u0131r\u0131r.\" \/>\n<meta property=\"og:url\" content=\"https:\/\/bimcointernational.com\/tr\/urun\/bimco-vit\/\" \/>\n<meta property=\"og:site_name\" content=\"bimco international\" \/>\n<meta property=\"article:publisher\" content=\"https:\/\/www.facebook.com\/B9K9T\" \/>\n<meta property=\"article:modified_time\" content=\"2025-07-14T13:08:24+00:00\" \/>\n<meta property=\"og:image\" content=\"https:\/\/bimcointernational.com\/wp-content\/uploads\/2025\/07\/BIMCO-VIT.png\" \/>\n\t<meta property=\"og:image:width\" content=\"1500\" \/>\n\t<meta property=\"og:image:height\" content=\"1500\" \/>\n\t<meta property=\"og:image:type\" content=\"image\/png\" \/>\n<meta name=\"twitter:card\" content=\"summary_large_image\" \/>\n<meta name=\"twitter:label1\" content=\"Tahmini okuma s\u00fcresi\" \/>\n\t<meta name=\"twitter:data1\" content=\"2 dakika\" \/>\n<script type=\"application\/ld+json\" class=\"yoast-schema-graph\">{\"@context\":\"https:\\\/\\\/schema.org\",\"@graph\":[{\"@type\":\"WebPage\",\"@id\":\"https:\\\/\\\/bimcointernational.com\\\/tr\\\/urun\\\/bimco-vit\\\/\",\"url\":\"https:\\\/\\\/bimcointernational.com\\\/tr\\\/urun\\\/bimco-vit\\\/\",\"name\":\"BIMCO VIT: Manganez, \u00c7inko ve Bak\u0131r Biyo-stim\u00fclan\u0131 - bimco international\",\"isPartOf\":{\"@id\":\"https:\\\/\\\/bimcointernational.com\\\/tr\\\/#website\"},\"primaryImageOfPage\":{\"@id\":\"https:\\\/\\\/bimcointernational.com\\\/tr\\\/urun\\\/bimco-vit\\\/#primaryimage\"},\"image\":{\"@id\":\"https:\\\/\\\/bimcointernational.com\\\/tr\\\/urun\\\/bimco-vit\\\/#primaryimage\"},\"thumbnailUrl\":\"https:\\\/\\\/bimcointernational.com\\\/wp-content\\\/uploads\\\/2025\\\/07\\\/BIMCO-VIT.png\",\"datePublished\":\"2025-07-14T11:18:04+00:00\",\"dateModified\":\"2025-07-14T13:08:24+00:00\",\"description\":\"BIMCO International'dan BIMCO VIT: Manganez, \u00c7inko, Bor, Magnezyum ve Bak\u0131r a\u00e7\u0131s\u0131ndan zengin bir biyo-stim\u00fclan. D\u00fcnya genelinde bitkileri aktive eder, ba\u011f\u0131\u015f\u0131kl\u0131\u011f\u0131 g\u00fc\u00e7lendirir ve meyve kalitesini art\u0131r\u0131r.\",\"breadcrumb\":{\"@id\":\"https:\\\/\\\/bimcointernational.com\\\/tr\\\/urun\\\/bimco-vit\\\/#breadcrumb\"},\"inLanguage\":\"tr\",\"potentialAction\":[{\"@type\":\"ReadAction\",\"target\":[\"https:\\\/\\\/bimcointernational.com\\\/tr\\\/urun\\\/bimco-vit\\\/\"]}]},{\"@type\":\"ImageObject\",\"inLanguage\":\"tr\",\"@id\":\"https:\\\/\\\/bimcointernational.com\\\/tr\\\/urun\\\/bimco-vit\\\/#primaryimage\",\"url\":\"https:\\\/\\\/bimcointernational.com\\\/wp-content\\\/uploads\\\/2025\\\/07\\\/BIMCO-VIT.png\",\"contentUrl\":\"https:\\\/\\\/bimcointernational.com\\\/wp-content\\\/uploads\\\/2025\\\/07\\\/BIMCO-VIT.png\",\"width\":1500,\"height\":1500,\"caption\":\"BIMCO VIT: To enhance plant immunity and fruit quality.\"},{\"@type\":\"BreadcrumbList\",\"@id\":\"https:\\\/\\\/bimcointernational.com\\\/tr\\\/urun\\\/bimco-vit\\\/#breadcrumb\",\"itemListElement\":[{\"@type\":\"ListItem\",\"position\":1,\"name\":\"Home\",\"item\":\"https:\\\/\\\/bimcointernational.com\\\/tr\\\/\"},{\"@type\":\"ListItem\",\"position\":2,\"name\":\"\u00dcr\u00fcnlerimiz\",\"item\":\"https:\\\/\\\/bimcointernational.com\\\/tr\\\/urunlerimiz\\\/\"},{\"@type\":\"ListItem\",\"position\":3,\"name\":\"BIMCO VIT\"}]},{\"@type\":\"WebSite\",\"@id\":\"https:\\\/\\\/bimcointernational.com\\\/tr\\\/#website\",\"url\":\"https:\\\/\\\/bimcointernational.com\\\/tr\\\/\",\"name\":\"bimco international\",\"description\":\"\u0634\u0631\u0643\u0629 \u0628\u064a\u0645\u0643\u0648 \u0627\u0644\u0643\u064a\u0645\u064a\u0627\u0626\u064a\u0629 \u0644\u0635\u0646\u0627\u0639\u0629 \u0627\u0644\u0645\u0628\u064a\u062f\u0627\u062a \u0648\u0627\u0644\u0623\u0633\u0645\u062f\u0629 \u0639\u0627\u0644\u064a\u0629 \u0627\u0644\u062c\u0648\u062f\u0629 35 \u0639\u0627\u0645\u0627 \u0645\u0646 \u0627\u0644\u062e\u0628\u0631\u0629 \u0646\u0636\u0639\u0647\u0627 \u0628\u064a\u0646 \u0623\u064a\u062f\u064a\u0643\u0645\",\"publisher\":{\"@id\":\"https:\\\/\\\/bimcointernational.com\\\/tr\\\/#organization\"},\"potentialAction\":[{\"@type\":\"SearchAction\",\"target\":{\"@type\":\"EntryPoint\",\"urlTemplate\":\"https:\\\/\\\/bimcointernational.com\\\/tr\\\/?s={search_term_string}\"},\"query-input\":{\"@type\":\"PropertyValueSpecification\",\"valueRequired\":true,\"valueName\":\"search_term_string\"}}],\"inLanguage\":\"tr\"},{\"@type\":\"Organization\",\"@id\":\"https:\\\/\\\/bimcointernational.com\\\/tr\\\/#organization\",\"name\":\"bimco international\",\"url\":\"https:\\\/\\\/bimcointernational.com\\\/tr\\\/\",\"logo\":{\"@type\":\"ImageObject\",\"inLanguage\":\"tr\",\"@id\":\"https:\\\/\\\/bimcointernational.com\\\/tr\\\/#\\\/schema\\\/logo\\\/image\\\/\",\"url\":\"https:\\\/\\\/bimcointernational.com\\\/wp-content\\\/uploads\\\/2023\\\/03\\\/bimco-international.png\",\"contentUrl\":\"https:\\\/\\\/bimcointernational.com\\\/wp-content\\\/uploads\\\/2023\\\/03\\\/bimco-international.png\",\"width\":1000,\"height\":283,\"caption\":\"bimco international\"},\"image\":{\"@id\":\"https:\\\/\\\/bimcointernational.com\\\/tr\\\/#\\\/schema\\\/logo\\\/image\\\/\"},\"sameAs\":[\"https:\\\/\\\/www.facebook.com\\\/B9K9T\",\"https:\\\/\\\/www.instagram.com\\\/bimcokimya\\\/\"]}]}<\/script>\n<!-- \/ Yoast SEO plugin. -->","yoast_head_json":{"title":"BIMCO VIT: Manganez, \u00c7inko ve Bak\u0131r Biyo-stim\u00fclan\u0131 - bimco international","description":"BIMCO International'dan BIMCO VIT: Manganez, \u00c7inko, Bor, Magnezyum ve Bak\u0131r a\u00e7\u0131s\u0131ndan zengin bir biyo-stim\u00fclan. D\u00fcnya genelinde bitkileri aktive eder, ba\u011f\u0131\u015f\u0131kl\u0131\u011f\u0131 g\u00fc\u00e7lendirir ve meyve kalitesini art\u0131r\u0131r.","robots":{"index":"index","follow":"follow","max-snippet":"max-snippet:-1","max-image-preview":"max-image-preview:large","max-video-preview":"max-video-preview:-1"},"canonical":"https:\/\/bimcointernational.com\/tr\/urun\/bimco-vit\/","og_locale":"tr_TR","og_type":"article","og_title":"BIMCO VIT: Manganez, \u00c7inko ve Bak\u0131r Biyo-stim\u00fclan\u0131 - bimco international","og_description":"BIMCO International'dan BIMCO VIT: Manganez, \u00c7inko, Bor, Magnezyum ve Bak\u0131r a\u00e7\u0131s\u0131ndan zengin bir biyo-stim\u00fclan. D\u00fcnya genelinde bitkileri aktive eder, ba\u011f\u0131\u015f\u0131kl\u0131\u011f\u0131 g\u00fc\u00e7lendirir ve meyve kalitesini art\u0131r\u0131r.","og_url":"https:\/\/bimcointernational.com\/tr\/urun\/bimco-vit\/","og_site_name":"bimco international","article_publisher":"https:\/\/www.facebook.com\/B9K9T","article_modified_time":"2025-07-14T13:08:24+00:00","og_image":[{"width":1500,"height":1500,"url":"https:\/\/bimcointernational.com\/wp-content\/uploads\/2025\/07\/BIMCO-VIT.png","type":"image\/png"}],"twitter_card":"summary_large_image","twitter_misc":{"Tahmini okuma s\u00fcresi":"2 dakika"},"schema":{"@context":"https:\/\/schema.org","@graph":[{"@type":"WebPage","@id":"https:\/\/bimcointernational.com\/tr\/urun\/bimco-vit\/","url":"https:\/\/bimcointernational.com\/tr\/urun\/bimco-vit\/","name":"BIMCO VIT: Manganez, \u00c7inko ve Bak\u0131r Biyo-stim\u00fclan\u0131 - bimco international","isPartOf":{"@id":"https:\/\/bimcointernational.com\/tr\/#website"},"primaryImageOfPage":{"@id":"https:\/\/bimcointernational.com\/tr\/urun\/bimco-vit\/#primaryimage"},"image":{"@id":"https:\/\/bimcointernational.com\/tr\/urun\/bimco-vit\/#primaryimage"},"thumbnailUrl":"https:\/\/bimcointernational.com\/wp-content\/uploads\/2025\/07\/BIMCO-VIT.png","datePublished":"2025-07-14T11:18:04+00:00","dateModified":"2025-07-14T13:08:24+00:00","description":"BIMCO International'dan BIMCO VIT: Manganez, \u00c7inko, Bor, Magnezyum ve Bak\u0131r a\u00e7\u0131s\u0131ndan zengin bir biyo-stim\u00fclan. D\u00fcnya genelinde bitkileri aktive eder, ba\u011f\u0131\u015f\u0131kl\u0131\u011f\u0131 g\u00fc\u00e7lendirir ve meyve kalitesini art\u0131r\u0131r.","breadcrumb":{"@id":"https:\/\/bimcointernational.com\/tr\/urun\/bimco-vit\/#breadcrumb"},"inLanguage":"tr","potentialAction":[{"@type":"ReadAction","target":["https:\/\/bimcointernational.com\/tr\/urun\/bimco-vit\/"]}]},{"@type":"ImageObject","inLanguage":"tr","@id":"https:\/\/bimcointernational.com\/tr\/urun\/bimco-vit\/#primaryimage","url":"https:\/\/bimcointernational.com\/wp-content\/uploads\/2025\/07\/BIMCO-VIT.png","contentUrl":"https:\/\/bimcointernational.com\/wp-content\/uploads\/2025\/07\/BIMCO-VIT.png","width":1500,"height":1500,"caption":"BIMCO VIT: To enhance plant immunity and fruit quality."},{"@type":"BreadcrumbList","@id":"https:\/\/bimcointernational.com\/tr\/urun\/bimco-vit\/#breadcrumb","itemListElement":[{"@type":"ListItem","position":1,"name":"Home","item":"https:\/\/bimcointernational.com\/tr\/"},{"@type":"ListItem","position":2,"name":"\u00dcr\u00fcnlerimiz","item":"https:\/\/bimcointernational.com\/tr\/urunlerimiz\/"},{"@type":"ListItem","position":3,"name":"BIMCO VIT"}]},{"@type":"WebSite","@id":"https:\/\/bimcointernational.com\/tr\/#website","url":"https:\/\/bimcointernational.com\/tr\/","name":"bimco international","description":"\u0634\u0631\u0643\u0629 \u0628\u064a\u0645\u0643\u0648 \u0627\u0644\u0643\u064a\u0645\u064a\u0627\u0626\u064a\u0629 \u0644\u0635\u0646\u0627\u0639\u0629 \u0627\u0644\u0645\u0628\u064a\u062f\u0627\u062a \u0648\u0627\u0644\u0623\u0633\u0645\u062f\u0629 \u0639\u0627\u0644\u064a\u0629 \u0627\u0644\u062c\u0648\u062f\u0629 35 \u0639\u0627\u0645\u0627 \u0645\u0646 \u0627\u0644\u062e\u0628\u0631\u0629 \u0646\u0636\u0639\u0647\u0627 \u0628\u064a\u0646 \u0623\u064a\u062f\u064a\u0643\u0645","publisher":{"@id":"https:\/\/bimcointernational.com\/tr\/#organization"},"potentialAction":[{"@type":"SearchAction","target":{"@type":"EntryPoint","urlTemplate":"https:\/\/bimcointernational.com\/tr\/?s={search_term_string}"},"query-input":{"@type":"PropertyValueSpecification","valueRequired":true,"valueName":"search_term_string"}}],"inLanguage":"tr"},{"@type":"Organization","@id":"https:\/\/bimcointernational.com\/tr\/#organization","name":"bimco international","url":"https:\/\/bimcointernational.com\/tr\/","logo":{"@type":"ImageObject","inLanguage":"tr","@id":"https:\/\/bimcointernational.com\/tr\/#\/schema\/logo\/image\/","url":"https:\/\/bimcointernational.com\/wp-content\/uploads\/2023\/03\/bimco-international.png","contentUrl":"https:\/\/bimcointernational.com\/wp-content\/uploads\/2023\/03\/bimco-international.png","width":1000,"height":283,"caption":"bimco international"},"image":{"@id":"https:\/\/bimcointernational.com\/tr\/#\/schema\/logo\/image\/"},"sameAs":["https:\/\/www.facebook.com\/B9K9T","https:\/\/www.instagram.com\/bimcokimya\/"]}]}},"jetpack_sharing_enabled":true,"_links":{"self":[{"href":"https:\/\/bimcointernational.com\/tr\/wp-json\/wp\/v2\/product\/5865","targetHints":{"allow":["GET"]}}],"collection":[{"href":"https:\/\/bimcointernational.com\/tr\/wp-json\/wp\/v2\/product"}],"about":[{"href":"https:\/\/bimcointernational.com\/tr\/wp-json\/wp\/v2\/types\/product"}],"replies":[{"embeddable":true,"href":"https:\/\/bimcointernational.com\/tr\/wp-json\/wp\/v2\/comments?post=5865"}],"wp:featuredmedia":[{"embeddable":true,"href":"https:\/\/bimcointernational.com\/tr\/wp-json\/wp\/v2\/media\/5863"}],"wp:attachment":[{"href":"https:\/\/bimcointernational.com\/tr\/wp-json\/wp\/v2\/media?parent=5865"}],"wp:term":[{"taxonomy":"product_brand","embeddable":true,"href":"https:\/\/bimcointernational.com\/tr\/wp-json\/wp\/v2\/product_brand?post=5865"},{"taxonomy":"product_cat","embeddable":true,"href":"https:\/\/bimcointernational.com\/tr\/wp-json\/wp\/v2\/product_cat?post=5865"},{"taxonomy":"product_tag","embeddable":true,"href":"https:\/\/bimcointernational.com\/tr\/wp-json\/wp\/v2\/product_tag?post=5865"}],"curies":[{"name":"wp","href":"https:\/\/api.w.org\/{rel}","templated":true}]}}