{"id":5840,"date":"2025-07-12T14:02:28","date_gmt":"2025-07-12T14:02:28","guid":{"rendered":"https:\/\/bimcointernational.com\/product\/bimco-rimas-calcium-acetate-800sl\/"},"modified":"2025-07-12T14:21:26","modified_gmt":"2025-07-12T14:21:26","slug":"bimco-rimas-calcium-acetate-800sl","status":"publish","type":"product","link":"https:\/\/bimcointernational.com\/tr\/urun\/bimco-rimas-calcium-acetate-800sl\/","title":{"rendered":"RIMAS CALCIUM ACETATE 800SL"},"content":{"rendered":"<h1><span style=\"color: #99cc00;\"><strong>CALCIUM ACETATE 800SL: Olgunla\u015fma, Sertlik ve Meyve Tutumunu G\u00fc\u00e7lendiren Biyo-stim\u00fclan<\/strong><\/span><\/h1>\n<p>Ola\u011fan\u00fcst\u00fc kaliteli mahsuller elde etmek i\u00e7in bitkiler b\u00fcy\u00fcme d\u00f6nemlerinde \u00f6zel deste\u011fe ihtiya\u00e7 duyar. <span style=\"color: #99cc00;\"><strong>BIMCO International<\/strong><\/span>, kalsiyum asetat a\u00e7\u0131s\u0131ndan zengin, karboksilik organik-mineral bir g\u00fcbre olan <span style=\"color: #99cc00;\"><strong>CALCIUM ACETATE 800SL<\/strong><\/span>&#8216;i sunar. Bu \u00fcr\u00fcn, d\u00fcnya genelinde meyve olgunla\u015fmas\u0131n\u0131, sertli\u011fini art\u0131rmak ve meyve tutumunu g\u00fc\u00e7lendirmek i\u00e7in tasarlanm\u0131\u015ft\u0131r.<\/p>\n<h2><span style=\"color: #99cc00;\"><strong>CALCIUM ACETATE 800SL&#8217;\u0131n Temel \u00d6zellikleri ve Ba\u015fl\u0131ca Faydalar\u0131:<\/strong><\/span><\/h2>\n<ul>\n<li><strong>Y\u00fcksek Oranda Emilebilir Kalsiyum A\u00e7\u0131s\u0131ndan Zengin:<\/strong> Kalsiyum Asetat&#8217;\u0131 kolayca emilebilir formda i\u00e7erir ve Azot Asetat ile g\u00fc\u00e7lendirilmi\u015ftir, bu da kalsiyumun bitki dokular\u0131na etkili bir \u015fekilde ula\u015fmas\u0131n\u0131 sa\u011flar.<\/li>\n<li><strong>Fizyolojik Hastal\u0131klara Kar\u015f\u0131 Kapsaml\u0131 Koruma:<\/strong> Kalsiyum eksikli\u011finden kaynaklanan k\u00fcl fenomeni (gri k\u00fcf) ve di\u011fer fizyolojik hastal\u0131klara kar\u015f\u0131 diren\u00e7 g\u00f6stermek i\u00e7in t\u00fcm b\u00fcy\u00fcme a\u015famalar\u0131nda kullan\u0131l\u0131r.<\/li>\n<li><strong>Meyve Olgunla\u015fmas\u0131n\u0131 ve Sertli\u011fini Art\u0131r\u0131r:<\/strong> Meyve olgunla\u015fmas\u0131n\u0131 iyile\u015ftirmeye ve sertliklerini \u00f6nemli \u00f6l\u00e7\u00fcde art\u0131rmaya yard\u0131mc\u0131 olur, raf \u00f6mr\u00fcn\u00fc uzat\u0131r ve ta\u015f\u0131ma ve depolamaya dayanma yeteneklerini geli\u015ftirir.<\/li>\n<li><strong>Meyve Tutumunu G\u00fc\u00e7lendirir:<\/strong> Bitkilerin meyvelerini daha verimli bir \u015fekilde ta\u015f\u0131mas\u0131na yard\u0131mc\u0131 olur, d\u00f6k\u00fclmeleri azalt\u0131r ve toplam verimi art\u0131r\u0131r.<\/li>\n<li><strong>Y\u00fcksek Kaliteli Biyo-stim\u00fclan \u00dcr\u00fcnler:<\/strong> \u00c7e\u015fitli zorluklara kar\u015f\u0131 dayan\u0131kl\u0131, y\u00fcksek kaliteli mahsuller \u00fcretilmesine katk\u0131da bulunur.<\/li>\n<\/ul>\n<h2><span style=\"color: #99cc00;\"><strong>Bile\u015fenler (A\u011f\u0131rl\u0131k\/Hacim A\/H%):<\/strong><\/span><\/h2>\n<table style=\"width: 100%; border-collapse: collapse; text-align: center;\">\n<thead>\n<tr>\n<th style=\"border: 1px solid #ddd; padding: 8px; background-color: #8bc34a;\"><span style=\"color: #ffffff;\">Bile\u015fen<\/span><\/th>\n<th style=\"border: 1px solid #ddd; padding: 8px; background-color: #8bc34a;\"><span style=\"color: #ffffff;\">Y\u00fczde (%)<\/span><\/th>\n<\/tr>\n<\/thead>\n<tbody>\n<tr>\n<td style=\"border: 1px solid #ddd; padding: 8px;\">Azot (N)<\/td>\n<td style=\"border: 1px solid #ddd; padding: 8px;\">20<\/td>\n<\/tr>\n<tr>\n<td style=\"border: 1px solid #ddd; padding: 8px;\">Karboksilik Asitler<\/td>\n<td style=\"border: 1px solid #ddd; padding: 8px;\">35<\/td>\n<\/tr>\n<tr>\n<td style=\"border: 1px solid #ddd; padding: 8px;\">Kalsiyum (CaO)<\/td>\n<td style=\"border: 1px solid #ddd; padding: 8px;\">13<\/td>\n<\/tr>\n<tr>\n<td style=\"border: 1px solid #ddd; padding: 8px;\">Organik Karbon (C)<\/td>\n<td style=\"border: 1px solid #ddd; padding: 8px;\">25<\/td>\n<\/tr>\n<tr>\n<td style=\"border: 1px solid #ddd; padding: 8px;\">\u0130z Elementler (TE)<\/td>\n<td style=\"border: 1px solid #ddd; padding: 8px;\">TE<\/td>\n<\/tr>\n<\/tbody>\n<\/table>\n<h2><span style=\"color: #99cc00;\"><strong>\u00d6nerilen Uygulama Oran\u0131:<\/strong><\/span><\/h2>\n<table style=\"width: 100%; border-collapse: collapse; text-align: center;\">\n<thead>\n<tr>\n<th style=\"border: 1px solid #ddd; padding: 8px; background-color: #8bc34a;\"><span style=\"color: #ffffff;\">\u00dcr\u00fcn<\/span><\/th>\n<th style=\"border: 1px solid #ddd; padding: 8px; background-color: #8bc34a;\"><span style=\"color: #ffffff;\">Sulama \/ dekar<\/span><\/th>\n<th style=\"border: 1px solid #ddd; padding: 8px; background-color: #8bc34a;\"><span style=\"color: #ffffff;\">P\u00fcsk\u00fcrtme \/ 200 litre su<\/span><\/th>\n<\/tr>\n<\/thead>\n<tbody>\n<tr>\n<td style=\"border: 1px solid #ddd; padding: 8px;\">Meyve Sebzeleri (Kavun, Karpuz, Domates, \u00c7ilek)<\/td>\n<td style=\"border: 1px solid #ddd; padding: 8px;\">200 &#8211; 500<\/td>\n<td style=\"border: 1px solid #ddd; padding: 8px;\">100 &#8211; 150<\/td>\n<\/tr>\n<tr>\n<td style=\"border: 1px solid #ddd; padding: 8px;\">Barbunya, Tarla Bitkileri ve Baklagiller<\/td>\n<td style=\"border: 1px solid #ddd; padding: 8px;\">100 &#8211; 250<\/td>\n<td style=\"border: 1px solid #ddd; padding: 8px;\">75 &#8211; 125<\/td>\n<\/tr>\n<tr>\n<td style=\"border: 1px solid #ddd; padding: 8px;\">Hububat (Bu\u011fday, Arpa, Pirin\u00e7, Yulaf, \u015ealgam)<\/td>\n<td style=\"border: 1px solid #ddd; padding: 8px;\">200 &#8211; 500<\/td>\n<td style=\"border: 1px solid #ddd; padding: 8px;\">100 &#8211; 150<\/td>\n<\/tr>\n<tr>\n<td style=\"border: 1px solid #ddd; padding: 8px;\">Baklagiller (Barbunya, B\u00f6r\u00fclce, Bezelye, Fasulye, Mercimek, Nohut, Antep F\u0131st\u0131\u011f\u0131)<\/td>\n<td style=\"border: 1px solid #ddd; padding: 8px;\">250 &#8211; 750<\/td>\n<td style=\"border: 1px solid #ddd; padding: 8px;\">100 &#8211; 200<\/td>\n<\/tr>\n<tr>\n<td style=\"border: 1px solid #ddd; padding: 8px;\">Patates, So\u011fan, Sar\u0131msak, Havu\u00e7, Turp, Kereviz<\/td>\n<td style=\"border: 1px solid #ddd; padding: 8px;\">750 &#8211; 1500<\/td>\n<td style=\"border: 1px solid #ddd; padding: 8px;\">75 &#8211; 150<\/td>\n<\/tr>\n<tr>\n<td style=\"border: 1px solid #ddd; padding: 8px;\">Meyve A\u011fa\u00e7lar\u0131 (Elma, Erik, Kaju, Meyve, Zeytin, Badem, Limon, \u0130ncir, Portakal)<\/td>\n<td style=\"border: 1px solid #ddd; padding: 8px;\">250 &#8211; 1000<\/td>\n<td style=\"border: 1px solid #ddd; padding: 8px;\">150 &#8211; 200<\/td>\n<\/tr>\n<tr>\n<td style=\"border: 1px solid #ddd; padding: 8px;\">Kimyon, \u00c7\u00f6rek Otu, Susam, Maydanoz, Keten, Ay\u00e7i\u00e7e\u011fi<\/td>\n<td style=\"border: 1px solid #ddd; padding: 8px;\">150 &#8211; 250<\/td>\n<td style=\"border: 1px solid #ddd; padding: 8px;\">100 &#8211; 150<\/td>\n<\/tr>\n<\/tbody>\n<\/table>\n<p>Mahsullerinizde maksimum kalite, olgunla\u015fma ve sertlik elde etmek i\u00e7in BIMCO International&#8217;dan CALCIUM ACETATE 800SL&#8217;i se\u00e7in. <span style=\"color: #99cc00;\"><a style=\"color: #99cc00;\" href=\"https:\/\/api.whatsapp.com\/send\/?phone=908503096351&amp;text=%D9%85%D8%B1%D8%AD%D8%A8%D8%A7%D9%8B+%D8%A7%D8%B1%D9%8A%D8%AF+%D8%A7%D9%84%D8%A5%D8%B3%D8%AA%D9%81%D8%B3%D8%A7%D8%B1+%D8%B9%D9%86+%D9%87%D8%B0%D8%A7+%D8%A7%D9%84%D9%85%D9%86%D8%AA%D8%AC%0A%0A%0A%0Ahttps%3A%2F%2Fbimcointernational.com%2F&amp;type=phone_number&amp;app_absent=0\" target=\"_blank\" rel=\"noopener\">Daha fazla bilgi edinmek i\u00e7in bug\u00fcn WhatsApp arac\u0131l\u0131\u011f\u0131yla bize ula\u015f\u0131n<\/a>.<\/span><\/p>\n","protected":false},"excerpt":{"rendered":"<p><span style=\"color: #99cc00;\"><b>CALCIUM ACETATE 800SL:<\/b><\/span> BIMCO International&#8217;\u0131n hayati kalsiyum biyo-stim\u00fclan\u0131. Meyve olgunla\u015fmas\u0131n\u0131 ve sertli\u011fini art\u0131r\u0131r, meyve tutumunu g\u00fc\u00e7lendirir ve ola\u011fan\u00fcst\u00fc kalite i\u00e7in bitkileri d\u00fcnya genelindeki fizyolojik hastal\u0131klardan korur.<\/p>\n","protected":false},"featured_media":5837,"comment_status":"open","ping_status":"closed","template":"","meta":{"_eb_attr":"","site-sidebar-layout":"default","site-content-layout":"","ast-site-content-layout":"default","site-content-style":"default","site-sidebar-style":"default","ast-global-header-display":"","ast-banner-title-visibility":"","ast-main-header-display":"","ast-hfb-above-header-display":"","ast-hfb-below-header-display":"","ast-hfb-mobile-header-display":"","site-post-title":"","ast-breadcrumbs-content":"","ast-featured-img":"","footer-sml-layout":"","ast-disable-related-posts":"","theme-transparent-header-meta":"default","adv-header-id-meta":"","stick-header-meta":"","header-above-stick-meta":"","header-main-stick-meta":"","header-below-stick-meta":"","astra-migrate-meta-layouts":"set","ast-page-background-enabled":"default","ast-page-background-meta":{"desktop":{"background-color":"var(--ast-global-color-4)","background-image":"","background-repeat":"repeat","background-position":"center center","background-size":"auto","background-attachment":"scroll","background-type":"","background-media":"","overlay-type":"","overlay-color":"","overlay-opacity":"","overlay-gradient":""},"tablet":{"background-color":"","background-image":"","background-repeat":"repeat","background-position":"center center","background-size":"auto","background-attachment":"scroll","background-type":"","background-media":"","overlay-type":"","overlay-color":"","overlay-opacity":"","overlay-gradient":""},"mobile":{"background-color":"","background-image":"","background-repeat":"repeat","background-position":"center center","background-size":"auto","background-attachment":"scroll","background-type":"","background-media":"","overlay-type":"","overlay-color":"","overlay-opacity":"","overlay-gradient":""}},"ast-content-background-meta":{"desktop":{"background-color":"var(--ast-global-color-5)","background-image":"","background-repeat":"repeat","background-position":"center center","background-size":"auto","background-attachment":"scroll","background-type":"","background-media":"","overlay-type":"","overlay-color":"","overlay-opacity":"","overlay-gradient":""},"tablet":{"background-color":"var(--ast-global-color-5)","background-image":"","background-repeat":"repeat","background-position":"center center","background-size":"auto","background-attachment":"scroll","background-type":"","background-media":"","overlay-type":"","overlay-color":"","overlay-opacity":"","overlay-gradient":""},"mobile":{"background-color":"var(--ast-global-color-5)","background-image":"","background-repeat":"repeat","background-position":"center center","background-size":"auto","background-attachment":"scroll","background-type":"","background-media":"","overlay-type":"","overlay-color":"","overlay-opacity":"","overlay-gradient":""}},"_joinchat":[]},"product_brand":[],"product_cat":[80],"product_tag":[],"class_list":{"0":"post-5840","1":"product","2":"type-product","3":"status-publish","4":"has-post-thumbnail","6":"product_cat-sivi-gubre","7":"desktop-align-left","8":"tablet-align-left","9":"mobile-align-left","11":"first","12":"instock","13":"shipping-taxable","14":"product-type-simple"},"yoast_head":"<!-- This site is optimized with the Yoast SEO plugin v27.4 - https:\/\/yoast.com\/product\/yoast-seo-wordpress\/ -->\n<title>CALCIUM ACETATE 800SL: Olgunla\u015fma ve Sertlik i\u00e7in Kalsiyum G\u00fcbresi - bimco international<\/title>\n<meta name=\"description\" content=\"BIMCO International&#039;dan CALCIUM ACETATE 800SL: Hayati kalsiyum g\u00fcbresi. D\u00fcnya genelinde meyve olgunla\u015fmas\u0131n\u0131, sertli\u011fini art\u0131r\u0131r ve meyve tutumunu g\u00fc\u00e7lendirerek fizyolojik hastal\u0131klardan korur.\" \/>\n<meta name=\"robots\" content=\"index, follow, max-snippet:-1, max-image-preview:large, max-video-preview:-1\" \/>\n<link rel=\"canonical\" href=\"https:\/\/bimcointernational.com\/tr\/urun\/bimco-rimas-calcium-acetate-800sl\/\" \/>\n<meta property=\"og:locale\" content=\"tr_TR\" \/>\n<meta property=\"og:type\" content=\"article\" \/>\n<meta property=\"og:title\" content=\"CALCIUM ACETATE 800SL: Olgunla\u015fma ve Sertlik i\u00e7in Kalsiyum G\u00fcbresi - bimco international\" \/>\n<meta property=\"og:description\" content=\"BIMCO International&#039;dan CALCIUM ACETATE 800SL: Hayati kalsiyum g\u00fcbresi. D\u00fcnya genelinde meyve olgunla\u015fmas\u0131n\u0131, sertli\u011fini art\u0131r\u0131r ve meyve tutumunu g\u00fc\u00e7lendirerek fizyolojik hastal\u0131klardan korur.\" \/>\n<meta property=\"og:url\" content=\"https:\/\/bimcointernational.com\/tr\/urun\/bimco-rimas-calcium-acetate-800sl\/\" \/>\n<meta property=\"og:site_name\" content=\"bimco international\" \/>\n<meta property=\"article:publisher\" content=\"https:\/\/www.facebook.com\/B9K9T\" \/>\n<meta property=\"article:modified_time\" content=\"2025-07-12T14:21:26+00:00\" \/>\n<meta property=\"og:image\" content=\"https:\/\/bimcointernational.com\/wp-content\/uploads\/2025\/07\/CALCIUM-ACETATE.png\" \/>\n\t<meta property=\"og:image:width\" content=\"1000\" \/>\n\t<meta property=\"og:image:height\" content=\"1000\" \/>\n\t<meta property=\"og:image:type\" content=\"image\/png\" \/>\n<meta name=\"twitter:card\" content=\"summary_large_image\" \/>\n<meta name=\"twitter:label1\" content=\"Tahmini okuma s\u00fcresi\" \/>\n\t<meta name=\"twitter:data1\" content=\"2 dakika\" \/>\n<script type=\"application\/ld+json\" class=\"yoast-schema-graph\">{\"@context\":\"https:\\\/\\\/schema.org\",\"@graph\":[{\"@type\":\"WebPage\",\"@id\":\"https:\\\/\\\/bimcointernational.com\\\/tr\\\/urun\\\/bimco-rimas-calcium-acetate-800sl\\\/\",\"url\":\"https:\\\/\\\/bimcointernational.com\\\/tr\\\/urun\\\/bimco-rimas-calcium-acetate-800sl\\\/\",\"name\":\"CALCIUM ACETATE 800SL: Olgunla\u015fma ve Sertlik i\u00e7in Kalsiyum G\u00fcbresi - bimco international\",\"isPartOf\":{\"@id\":\"https:\\\/\\\/bimcointernational.com\\\/tr\\\/#website\"},\"primaryImageOfPage\":{\"@id\":\"https:\\\/\\\/bimcointernational.com\\\/tr\\\/urun\\\/bimco-rimas-calcium-acetate-800sl\\\/#primaryimage\"},\"image\":{\"@id\":\"https:\\\/\\\/bimcointernational.com\\\/tr\\\/urun\\\/bimco-rimas-calcium-acetate-800sl\\\/#primaryimage\"},\"thumbnailUrl\":\"https:\\\/\\\/bimcointernational.com\\\/wp-content\\\/uploads\\\/2025\\\/07\\\/CALCIUM-ACETATE.png\",\"datePublished\":\"2025-07-12T14:02:28+00:00\",\"dateModified\":\"2025-07-12T14:21:26+00:00\",\"description\":\"BIMCO International'dan CALCIUM ACETATE 800SL: Hayati kalsiyum g\u00fcbresi. D\u00fcnya genelinde meyve olgunla\u015fmas\u0131n\u0131, sertli\u011fini art\u0131r\u0131r ve meyve tutumunu g\u00fc\u00e7lendirerek fizyolojik hastal\u0131klardan korur.\",\"breadcrumb\":{\"@id\":\"https:\\\/\\\/bimcointernational.com\\\/tr\\\/urun\\\/bimco-rimas-calcium-acetate-800sl\\\/#breadcrumb\"},\"inLanguage\":\"tr\",\"potentialAction\":[{\"@type\":\"ReadAction\",\"target\":[\"https:\\\/\\\/bimcointernational.com\\\/tr\\\/urun\\\/bimco-rimas-calcium-acetate-800sl\\\/\"]}]},{\"@type\":\"ImageObject\",\"inLanguage\":\"tr\",\"@id\":\"https:\\\/\\\/bimcointernational.com\\\/tr\\\/urun\\\/bimco-rimas-calcium-acetate-800sl\\\/#primaryimage\",\"url\":\"https:\\\/\\\/bimcointernational.com\\\/wp-content\\\/uploads\\\/2025\\\/07\\\/CALCIUM-ACETATE.png\",\"contentUrl\":\"https:\\\/\\\/bimcointernational.com\\\/wp-content\\\/uploads\\\/2025\\\/07\\\/CALCIUM-ACETATE.png\",\"width\":1000,\"height\":1000,\"caption\":\"RIMAS CALCIUM ACETATE 800SL: Achieving top fruit quality and quantity.\"},{\"@type\":\"BreadcrumbList\",\"@id\":\"https:\\\/\\\/bimcointernational.com\\\/tr\\\/urun\\\/bimco-rimas-calcium-acetate-800sl\\\/#breadcrumb\",\"itemListElement\":[{\"@type\":\"ListItem\",\"position\":1,\"name\":\"Home\",\"item\":\"https:\\\/\\\/bimcointernational.com\\\/tr\\\/\"},{\"@type\":\"ListItem\",\"position\":2,\"name\":\"\u00dcr\u00fcnlerimiz\",\"item\":\"https:\\\/\\\/bimcointernational.com\\\/tr\\\/urunlerimiz\\\/\"},{\"@type\":\"ListItem\",\"position\":3,\"name\":\"RIMAS CALCIUM ACETATE 800SL\"}]},{\"@type\":\"WebSite\",\"@id\":\"https:\\\/\\\/bimcointernational.com\\\/tr\\\/#website\",\"url\":\"https:\\\/\\\/bimcointernational.com\\\/tr\\\/\",\"name\":\"bimco international\",\"description\":\"\u0634\u0631\u0643\u0629 \u0628\u064a\u0645\u0643\u0648 \u0627\u0644\u0643\u064a\u0645\u064a\u0627\u0626\u064a\u0629 \u0644\u0635\u0646\u0627\u0639\u0629 \u0627\u0644\u0645\u0628\u064a\u062f\u0627\u062a \u0648\u0627\u0644\u0623\u0633\u0645\u062f\u0629 \u0639\u0627\u0644\u064a\u0629 \u0627\u0644\u062c\u0648\u062f\u0629 35 \u0639\u0627\u0645\u0627 \u0645\u0646 \u0627\u0644\u062e\u0628\u0631\u0629 \u0646\u0636\u0639\u0647\u0627 \u0628\u064a\u0646 \u0623\u064a\u062f\u064a\u0643\u0645\",\"publisher\":{\"@id\":\"https:\\\/\\\/bimcointernational.com\\\/tr\\\/#organization\"},\"potentialAction\":[{\"@type\":\"SearchAction\",\"target\":{\"@type\":\"EntryPoint\",\"urlTemplate\":\"https:\\\/\\\/bimcointernational.com\\\/tr\\\/?s={search_term_string}\"},\"query-input\":{\"@type\":\"PropertyValueSpecification\",\"valueRequired\":true,\"valueName\":\"search_term_string\"}}],\"inLanguage\":\"tr\"},{\"@type\":\"Organization\",\"@id\":\"https:\\\/\\\/bimcointernational.com\\\/tr\\\/#organization\",\"name\":\"bimco international\",\"url\":\"https:\\\/\\\/bimcointernational.com\\\/tr\\\/\",\"logo\":{\"@type\":\"ImageObject\",\"inLanguage\":\"tr\",\"@id\":\"https:\\\/\\\/bimcointernational.com\\\/tr\\\/#\\\/schema\\\/logo\\\/image\\\/\",\"url\":\"https:\\\/\\\/bimcointernational.com\\\/wp-content\\\/uploads\\\/2023\\\/03\\\/bimco-international.png\",\"contentUrl\":\"https:\\\/\\\/bimcointernational.com\\\/wp-content\\\/uploads\\\/2023\\\/03\\\/bimco-international.png\",\"width\":1000,\"height\":283,\"caption\":\"bimco international\"},\"image\":{\"@id\":\"https:\\\/\\\/bimcointernational.com\\\/tr\\\/#\\\/schema\\\/logo\\\/image\\\/\"},\"sameAs\":[\"https:\\\/\\\/www.facebook.com\\\/B9K9T\",\"https:\\\/\\\/www.instagram.com\\\/bimcokimya\\\/\"]}]}<\/script>\n<!-- \/ Yoast SEO plugin. -->","yoast_head_json":{"title":"CALCIUM ACETATE 800SL: Olgunla\u015fma ve Sertlik i\u00e7in Kalsiyum G\u00fcbresi - bimco international","description":"BIMCO International'dan CALCIUM ACETATE 800SL: Hayati kalsiyum g\u00fcbresi. D\u00fcnya genelinde meyve olgunla\u015fmas\u0131n\u0131, sertli\u011fini art\u0131r\u0131r ve meyve tutumunu g\u00fc\u00e7lendirerek fizyolojik hastal\u0131klardan korur.","robots":{"index":"index","follow":"follow","max-snippet":"max-snippet:-1","max-image-preview":"max-image-preview:large","max-video-preview":"max-video-preview:-1"},"canonical":"https:\/\/bimcointernational.com\/tr\/urun\/bimco-rimas-calcium-acetate-800sl\/","og_locale":"tr_TR","og_type":"article","og_title":"CALCIUM ACETATE 800SL: Olgunla\u015fma ve Sertlik i\u00e7in Kalsiyum G\u00fcbresi - bimco international","og_description":"BIMCO International'dan CALCIUM ACETATE 800SL: Hayati kalsiyum g\u00fcbresi. D\u00fcnya genelinde meyve olgunla\u015fmas\u0131n\u0131, sertli\u011fini art\u0131r\u0131r ve meyve tutumunu g\u00fc\u00e7lendirerek fizyolojik hastal\u0131klardan korur.","og_url":"https:\/\/bimcointernational.com\/tr\/urun\/bimco-rimas-calcium-acetate-800sl\/","og_site_name":"bimco international","article_publisher":"https:\/\/www.facebook.com\/B9K9T","article_modified_time":"2025-07-12T14:21:26+00:00","og_image":[{"width":1000,"height":1000,"url":"https:\/\/bimcointernational.com\/wp-content\/uploads\/2025\/07\/CALCIUM-ACETATE.png","type":"image\/png"}],"twitter_card":"summary_large_image","twitter_misc":{"Tahmini okuma s\u00fcresi":"2 dakika"},"schema":{"@context":"https:\/\/schema.org","@graph":[{"@type":"WebPage","@id":"https:\/\/bimcointernational.com\/tr\/urun\/bimco-rimas-calcium-acetate-800sl\/","url":"https:\/\/bimcointernational.com\/tr\/urun\/bimco-rimas-calcium-acetate-800sl\/","name":"CALCIUM ACETATE 800SL: Olgunla\u015fma ve Sertlik i\u00e7in Kalsiyum G\u00fcbresi - bimco international","isPartOf":{"@id":"https:\/\/bimcointernational.com\/tr\/#website"},"primaryImageOfPage":{"@id":"https:\/\/bimcointernational.com\/tr\/urun\/bimco-rimas-calcium-acetate-800sl\/#primaryimage"},"image":{"@id":"https:\/\/bimcointernational.com\/tr\/urun\/bimco-rimas-calcium-acetate-800sl\/#primaryimage"},"thumbnailUrl":"https:\/\/bimcointernational.com\/wp-content\/uploads\/2025\/07\/CALCIUM-ACETATE.png","datePublished":"2025-07-12T14:02:28+00:00","dateModified":"2025-07-12T14:21:26+00:00","description":"BIMCO International'dan CALCIUM ACETATE 800SL: Hayati kalsiyum g\u00fcbresi. D\u00fcnya genelinde meyve olgunla\u015fmas\u0131n\u0131, sertli\u011fini art\u0131r\u0131r ve meyve tutumunu g\u00fc\u00e7lendirerek fizyolojik hastal\u0131klardan korur.","breadcrumb":{"@id":"https:\/\/bimcointernational.com\/tr\/urun\/bimco-rimas-calcium-acetate-800sl\/#breadcrumb"},"inLanguage":"tr","potentialAction":[{"@type":"ReadAction","target":["https:\/\/bimcointernational.com\/tr\/urun\/bimco-rimas-calcium-acetate-800sl\/"]}]},{"@type":"ImageObject","inLanguage":"tr","@id":"https:\/\/bimcointernational.com\/tr\/urun\/bimco-rimas-calcium-acetate-800sl\/#primaryimage","url":"https:\/\/bimcointernational.com\/wp-content\/uploads\/2025\/07\/CALCIUM-ACETATE.png","contentUrl":"https:\/\/bimcointernational.com\/wp-content\/uploads\/2025\/07\/CALCIUM-ACETATE.png","width":1000,"height":1000,"caption":"RIMAS CALCIUM ACETATE 800SL: Achieving top fruit quality and quantity."},{"@type":"BreadcrumbList","@id":"https:\/\/bimcointernational.com\/tr\/urun\/bimco-rimas-calcium-acetate-800sl\/#breadcrumb","itemListElement":[{"@type":"ListItem","position":1,"name":"Home","item":"https:\/\/bimcointernational.com\/tr\/"},{"@type":"ListItem","position":2,"name":"\u00dcr\u00fcnlerimiz","item":"https:\/\/bimcointernational.com\/tr\/urunlerimiz\/"},{"@type":"ListItem","position":3,"name":"RIMAS CALCIUM ACETATE 800SL"}]},{"@type":"WebSite","@id":"https:\/\/bimcointernational.com\/tr\/#website","url":"https:\/\/bimcointernational.com\/tr\/","name":"bimco international","description":"\u0634\u0631\u0643\u0629 \u0628\u064a\u0645\u0643\u0648 \u0627\u0644\u0643\u064a\u0645\u064a\u0627\u0626\u064a\u0629 \u0644\u0635\u0646\u0627\u0639\u0629 \u0627\u0644\u0645\u0628\u064a\u062f\u0627\u062a \u0648\u0627\u0644\u0623\u0633\u0645\u062f\u0629 \u0639\u0627\u0644\u064a\u0629 \u0627\u0644\u062c\u0648\u062f\u0629 35 \u0639\u0627\u0645\u0627 \u0645\u0646 \u0627\u0644\u062e\u0628\u0631\u0629 \u0646\u0636\u0639\u0647\u0627 \u0628\u064a\u0646 \u0623\u064a\u062f\u064a\u0643\u0645","publisher":{"@id":"https:\/\/bimcointernational.com\/tr\/#organization"},"potentialAction":[{"@type":"SearchAction","target":{"@type":"EntryPoint","urlTemplate":"https:\/\/bimcointernational.com\/tr\/?s={search_term_string}"},"query-input":{"@type":"PropertyValueSpecification","valueRequired":true,"valueName":"search_term_string"}}],"inLanguage":"tr"},{"@type":"Organization","@id":"https:\/\/bimcointernational.com\/tr\/#organization","name":"bimco international","url":"https:\/\/bimcointernational.com\/tr\/","logo":{"@type":"ImageObject","inLanguage":"tr","@id":"https:\/\/bimcointernational.com\/tr\/#\/schema\/logo\/image\/","url":"https:\/\/bimcointernational.com\/wp-content\/uploads\/2023\/03\/bimco-international.png","contentUrl":"https:\/\/bimcointernational.com\/wp-content\/uploads\/2023\/03\/bimco-international.png","width":1000,"height":283,"caption":"bimco international"},"image":{"@id":"https:\/\/bimcointernational.com\/tr\/#\/schema\/logo\/image\/"},"sameAs":["https:\/\/www.facebook.com\/B9K9T","https:\/\/www.instagram.com\/bimcokimya\/"]}]}},"jetpack_sharing_enabled":true,"_links":{"self":[{"href":"https:\/\/bimcointernational.com\/tr\/wp-json\/wp\/v2\/product\/5840","targetHints":{"allow":["GET"]}}],"collection":[{"href":"https:\/\/bimcointernational.com\/tr\/wp-json\/wp\/v2\/product"}],"about":[{"href":"https:\/\/bimcointernational.com\/tr\/wp-json\/wp\/v2\/types\/product"}],"replies":[{"embeddable":true,"href":"https:\/\/bimcointernational.com\/tr\/wp-json\/wp\/v2\/comments?post=5840"}],"wp:featuredmedia":[{"embeddable":true,"href":"https:\/\/bimcointernational.com\/tr\/wp-json\/wp\/v2\/media\/5837"}],"wp:attachment":[{"href":"https:\/\/bimcointernational.com\/tr\/wp-json\/wp\/v2\/media?parent=5840"}],"wp:term":[{"taxonomy":"product_brand","embeddable":true,"href":"https:\/\/bimcointernational.com\/tr\/wp-json\/wp\/v2\/product_brand?post=5840"},{"taxonomy":"product_cat","embeddable":true,"href":"https:\/\/bimcointernational.com\/tr\/wp-json\/wp\/v2\/product_cat?post=5840"},{"taxonomy":"product_tag","embeddable":true,"href":"https:\/\/bimcointernational.com\/tr\/wp-json\/wp\/v2\/product_tag?post=5840"}],"curies":[{"name":"wp","href":"https:\/\/api.w.org\/{rel}","templated":true}]}}