{"id":5830,"date":"2025-07-12T12:59:59","date_gmt":"2025-07-12T12:59:59","guid":{"rendered":"https:\/\/bimcointernational.com\/product\/bimco-boro-amine\/"},"modified":"2025-07-12T13:43:19","modified_gmt":"2025-07-12T13:43:19","slug":"bimco-boro-amine","status":"publish","type":"product","link":"https:\/\/bimcointernational.com\/tr\/urun\/bimco-boro-amine\/","title":{"rendered":"BORO AMINE"},"content":{"rendered":"<h1><span style=\"color: #99cc00;\"><strong>BORO-AMINE: Yo\u011fun \u015eelatl\u0131 Bor Bile\u015fi\u011fi<\/strong><\/span><\/h1>\n<p>Sa\u011fl\u0131kl\u0131 bitki b\u00fcy\u00fcmesi ve bol verim i\u00e7in bor, vazge\u00e7ilmez ve hayati bir elementtir. <span style=\"color: #99cc00;\"><strong>BIMCO International<\/strong><\/span>, her t\u00fcrl\u00fc mahsulde bor eksikli\u011fi belirtilerini \u00f6nlemek ve d\u00fczeltmek i\u00e7in \u00f6zel olarak tasarlanm\u0131\u015f yo\u011fun bir \u015felatl\u0131 bor g\u00fcbresi olan <span style=\"color: #99cc00;\"><strong>BORO-AMINE<\/strong><\/span>&#8216;i sunar.<\/p>\n<h2><span style=\"color: #99cc00;\"><strong>BORO-AMINE&#8217;\u0131n Temel \u00d6zellikleri ve Ba\u015fl\u0131ca Faydalar\u0131:<\/strong><\/span><\/h2>\n<ul>\n<li><strong>Etkili Bor Eksikli\u011fi D\u00fczeltmesi:<\/strong> Bor-Etanolamin ile \u015felatlanm\u0131\u015f y\u00fcksek bor i\u00e7eri\u011fine (B) sahip bir g\u00fcbredir, bor eksikli\u011fi belirtilerini \u00f6nlemede ve d\u00fczeltmede etkinli\u011fini garanti eder.<\/li>\n<li><strong>Kullan\u0131m\u0131 Kolay ve D\u00fc\u015f\u00fck Riskli:<\/strong> Bor-Etanolamin bile\u015fimi sayesinde etkili, kullan\u0131m\u0131 kolay ve d\u00fc\u015f\u00fck riskli olmas\u0131, y\u00fcksek emilim ile karakterizedir.<\/li>\n<li><strong>Geli\u015fmi\u015f \u00c7i\u00e7eklenme ve Meyve Tutumu:<\/strong> Polen \u00e7imlenmesini ve canl\u0131l\u0131\u011f\u0131n\u0131 art\u0131rarak \u00e7i\u00e7eklenmeyi \u00f6nemli \u00f6l\u00e7\u00fcde te\u015fvik eder ve h\u00fccre b\u00f6l\u00fcnmesini art\u0131rarak meyve tutumunu g\u00fc\u00e7lendirir.<\/li>\n<li><strong>Meyve \u00c7atlamalar\u0131n\u0131 \u00d6nler:<\/strong> H\u00fccre esnekli\u011fini art\u0131rarak yeni meyve olu\u015fumunu iyile\u015ftirir, bu da meyve geli\u015fimi s\u0131ras\u0131nda \u00e7atlamalar\u0131 \u00f6nlemeye ve kalitelerini art\u0131rmaya yard\u0131mc\u0131 olur.<\/li>\n<li><strong>Bor Eksikli\u011fi Sorunlar\u0131yla M\u00fccadele:<\/strong> Mahsullerde Kara Kalp (Heart Rot) ve di\u011fer yayg\u0131n bor eksikli\u011fi sorunlar\u0131n\u0131 etkili bir \u015fekilde tedavi etmek i\u00e7in kullan\u0131l\u0131r.<\/li>\n<li><strong>Bitkiler ve \u00c7evre i\u00e7in G\u00fcvenli:<\/strong> Tamamen sodyumsuz bile\u015fimi sayesinde bitki toksisitesi riskini azalt\u0131r.<\/li>\n<li><strong>M\u00fckemmel Uyumluluk:<\/strong> \u00c7o\u011fu g\u00fcbre ve di\u011fer tar\u0131m \u00fcr\u00fcnleriyle iyi uyumluluk g\u00f6sterir.<\/li>\n<li><strong>Tamamen \u00c7\u00f6z\u00fcn\u00fcr ve Kolay Uygulama:<\/strong> Kullan\u0131m\u0131 kolayd\u0131r ve %100 \u00e7\u00f6z\u00fcn\u00fcrl\u00fc\u011fe sahiptir.<\/li>\n<\/ul>\n<h2><span style=\"color: #99cc00;\"><strong>Uygulama Oran\u0131:<\/strong><\/span><\/h2>\n<p>BORO-AMINE, tarlada, seralarda veya plastik evlerde yeti\u015ftirilen t\u00fcm bitkilerde \u00e7e\u015fitli b\u00fcy\u00fcme a\u015famalar\u0131nda kullan\u0131l\u0131r. A\u015fa\u011f\u0131dakiler dahil olmak \u00fczere geni\u015f bir mahsul yelpazesinde uygulanabilir:<\/p>\n<ul>\n<li>Hububat ve Baklagiller<\/li>\n<li>Yaprakl\u0131 ve Meyveli Sebzeler<\/li>\n<li>End\u00fcstriyel Bitkiler ve S\u00fcs Bitkileri<\/li>\n<li>Meyve A\u011fa\u00e7lar\u0131, K\u00f6k ve Yumrulu Bitkiler ve So\u011fanl\u0131 Bitkiler<\/li>\n<li>Ye\u015fil T\u0131rman\u0131c\u0131 Mahsuller<\/li>\n<li>S\u00fcs Bitkileri, Kakt\u00fcsler ve Aromatik ve T\u0131bbi Bitkiler<\/li>\n<\/ul>\n<p>Optimal \u00e7i\u00e7eklenme, meyve kalitesi sa\u011flamak ve bor eksikli\u011finin \u00fcstesinden gelmek i\u00e7in BIMCO International&#8217;dan BORO-AMINE&#8217;\u0131 se\u00e7in. <span style=\"color: #99cc00;\"><a style=\"color: #99cc00;\" href=\"https:\/\/api.whatsapp.com\/send\/?phone=908503096351&amp;text=%D9%85%D8%B1%D8%AD%D8%A8%D8%A7%D9%8B+%D8%A7%D8%B1%D9%8A%D8%AF+%D8%A7%D9%84%D8%A5%D8%B3%D8%AA%D9%81%D8%B3%D8%A7%D8%B1+%D8%B9%D9%86+%D9%87%D8%B0%D8%A7+%D8%A7%D9%84%D9%85%D9%86%D8%AA%D8%AC%0A%0A%0A%0Ahttps%3A%2F%2Fbimcointernational.com%2F&amp;type=phone_number&amp;app_absent=0\" target=\"_blank\" rel=\"noopener\">Daha fazla bilgi edinmek i\u00e7in bug\u00fcn WhatsApp arac\u0131l\u0131\u011f\u0131yla bize ula\u015f\u0131n<\/a>.<\/span><\/p>\n","protected":false},"excerpt":{"rendered":"<p><span style=\"color: #99cc00;\"><b>BORO-AMINE:<\/b><\/span> BIMCO International&#8217;\u0131n yo\u011fun \u015felatl\u0131 bor g\u00fcbresi. Bor eksikli\u011fini \u00f6nler ve giderir, \u00e7i\u00e7eklenmeyi, meyve tutumunu ve genel \u00fcr\u00fcn kalitesini d\u00fcnya genelinde art\u0131r\u0131r.<\/p>\n","protected":false},"featured_media":5827,"comment_status":"open","ping_status":"closed","template":"","meta":{"_eb_attr":"","site-sidebar-layout":"default","site-content-layout":"","ast-site-content-layout":"default","site-content-style":"default","site-sidebar-style":"default","ast-global-header-display":"","ast-banner-title-visibility":"","ast-main-header-display":"","ast-hfb-above-header-display":"","ast-hfb-below-header-display":"","ast-hfb-mobile-header-display":"","site-post-title":"","ast-breadcrumbs-content":"","ast-featured-img":"","footer-sml-layout":"","ast-disable-related-posts":"","theme-transparent-header-meta":"default","adv-header-id-meta":"","stick-header-meta":"","header-above-stick-meta":"","header-main-stick-meta":"","header-below-stick-meta":"","astra-migrate-meta-layouts":"set","ast-page-background-enabled":"default","ast-page-background-meta":{"desktop":{"background-color":"var(--ast-global-color-4)","background-image":"","background-repeat":"repeat","background-position":"center center","background-size":"auto","background-attachment":"scroll","background-type":"","background-media":"","overlay-type":"","overlay-color":"","overlay-opacity":"","overlay-gradient":""},"tablet":{"background-color":"","background-image":"","background-repeat":"repeat","background-position":"center center","background-size":"auto","background-attachment":"scroll","background-type":"","background-media":"","overlay-type":"","overlay-color":"","overlay-opacity":"","overlay-gradient":""},"mobile":{"background-color":"","background-image":"","background-repeat":"repeat","background-position":"center center","background-size":"auto","background-attachment":"scroll","background-type":"","background-media":"","overlay-type":"","overlay-color":"","overlay-opacity":"","overlay-gradient":""}},"ast-content-background-meta":{"desktop":{"background-color":"var(--ast-global-color-5)","background-image":"","background-repeat":"repeat","background-position":"center center","background-size":"auto","background-attachment":"scroll","background-type":"","background-media":"","overlay-type":"","overlay-color":"","overlay-opacity":"","overlay-gradient":""},"tablet":{"background-color":"var(--ast-global-color-5)","background-image":"","background-repeat":"repeat","background-position":"center center","background-size":"auto","background-attachment":"scroll","background-type":"","background-media":"","overlay-type":"","overlay-color":"","overlay-opacity":"","overlay-gradient":""},"mobile":{"background-color":"var(--ast-global-color-5)","background-image":"","background-repeat":"repeat","background-position":"center center","background-size":"auto","background-attachment":"scroll","background-type":"","background-media":"","overlay-type":"","overlay-color":"","overlay-opacity":"","overlay-gradient":""}},"_joinchat":[]},"product_brand":[],"product_cat":[80],"product_tag":[],"class_list":{"0":"post-5830","1":"product","2":"type-product","3":"status-publish","4":"has-post-thumbnail","6":"product_cat-sivi-gubre","7":"desktop-align-left","8":"tablet-align-left","9":"mobile-align-left","11":"first","12":"instock","13":"shipping-taxable","14":"product-type-simple"},"yoast_head":"<!-- This site is optimized with the Yoast SEO plugin v27.4 - https:\/\/yoast.com\/product\/yoast-seo-wordpress\/ -->\n<title>BORO-AMINE: Bitki Geli\u015fimi i\u00e7in \u015eelatl\u0131 Bor G\u00fcbresi - Bimco International<\/title>\n<meta name=\"description\" content=\"BIMCO International&#039;dan BORO-AMINE: Bor eksikli\u011fini \u00f6nleyen\/gideren yo\u011fun \u015felatl\u0131 bor g\u00fcbresi. D\u00fcnya genelinde \u00e7i\u00e7eklenmeyi, meyve tutumunu ve verim kalitesini art\u0131r\u0131r.\" \/>\n<meta name=\"robots\" content=\"index, follow, max-snippet:-1, max-image-preview:large, max-video-preview:-1\" \/>\n<link rel=\"canonical\" href=\"https:\/\/bimcointernational.com\/tr\/urun\/bimco-boro-amine\/\" \/>\n<meta property=\"og:locale\" content=\"tr_TR\" \/>\n<meta property=\"og:type\" content=\"article\" \/>\n<meta property=\"og:title\" content=\"BORO-AMINE: Bitki Geli\u015fimi i\u00e7in \u015eelatl\u0131 Bor G\u00fcbresi - Bimco International\" \/>\n<meta property=\"og:description\" content=\"BIMCO International&#039;dan BORO-AMINE: Bor eksikli\u011fini \u00f6nleyen\/gideren yo\u011fun \u015felatl\u0131 bor g\u00fcbresi. D\u00fcnya genelinde \u00e7i\u00e7eklenmeyi, meyve tutumunu ve verim kalitesini art\u0131r\u0131r.\" \/>\n<meta property=\"og:url\" content=\"https:\/\/bimcointernational.com\/tr\/urun\/bimco-boro-amine\/\" \/>\n<meta property=\"og:site_name\" content=\"bimco international\" \/>\n<meta property=\"article:publisher\" content=\"https:\/\/www.facebook.com\/B9K9T\" \/>\n<meta property=\"article:modified_time\" content=\"2025-07-12T13:43:19+00:00\" \/>\n<meta property=\"og:image\" content=\"https:\/\/bimcointernational.com\/wp-content\/uploads\/2025\/07\/BORO-AMINE.png\" \/>\n\t<meta property=\"og:image:width\" content=\"1000\" \/>\n\t<meta property=\"og:image:height\" content=\"1000\" \/>\n\t<meta property=\"og:image:type\" content=\"image\/png\" \/>\n<meta name=\"twitter:card\" content=\"summary_large_image\" \/>\n<meta name=\"twitter:label1\" content=\"Tahmini okuma s\u00fcresi\" \/>\n\t<meta name=\"twitter:data1\" content=\"2 dakika\" \/>\n<script type=\"application\/ld+json\" class=\"yoast-schema-graph\">{\"@context\":\"https:\\\/\\\/schema.org\",\"@graph\":[{\"@type\":\"WebPage\",\"@id\":\"https:\\\/\\\/bimcointernational.com\\\/tr\\\/urun\\\/bimco-boro-amine\\\/\",\"url\":\"https:\\\/\\\/bimcointernational.com\\\/tr\\\/urun\\\/bimco-boro-amine\\\/\",\"name\":\"BORO-AMINE: Bitki Geli\u015fimi i\u00e7in \u015eelatl\u0131 Bor G\u00fcbresi - Bimco International\",\"isPartOf\":{\"@id\":\"https:\\\/\\\/bimcointernational.com\\\/tr\\\/#website\"},\"primaryImageOfPage\":{\"@id\":\"https:\\\/\\\/bimcointernational.com\\\/tr\\\/urun\\\/bimco-boro-amine\\\/#primaryimage\"},\"image\":{\"@id\":\"https:\\\/\\\/bimcointernational.com\\\/tr\\\/urun\\\/bimco-boro-amine\\\/#primaryimage\"},\"thumbnailUrl\":\"https:\\\/\\\/bimcointernational.com\\\/wp-content\\\/uploads\\\/2025\\\/07\\\/BORO-AMINE.png\",\"datePublished\":\"2025-07-12T12:59:59+00:00\",\"dateModified\":\"2025-07-12T13:43:19+00:00\",\"description\":\"BIMCO International'dan BORO-AMINE: Bor eksikli\u011fini \u00f6nleyen\\\/gideren yo\u011fun \u015felatl\u0131 bor g\u00fcbresi. D\u00fcnya genelinde \u00e7i\u00e7eklenmeyi, meyve tutumunu ve verim kalitesini art\u0131r\u0131r.\",\"breadcrumb\":{\"@id\":\"https:\\\/\\\/bimcointernational.com\\\/tr\\\/urun\\\/bimco-boro-amine\\\/#breadcrumb\"},\"inLanguage\":\"tr\",\"potentialAction\":[{\"@type\":\"ReadAction\",\"target\":[\"https:\\\/\\\/bimcointernational.com\\\/tr\\\/urun\\\/bimco-boro-amine\\\/\"]}]},{\"@type\":\"ImageObject\",\"inLanguage\":\"tr\",\"@id\":\"https:\\\/\\\/bimcointernational.com\\\/tr\\\/urun\\\/bimco-boro-amine\\\/#primaryimage\",\"url\":\"https:\\\/\\\/bimcointernational.com\\\/wp-content\\\/uploads\\\/2025\\\/07\\\/BORO-AMINE.png\",\"contentUrl\":\"https:\\\/\\\/bimcointernational.com\\\/wp-content\\\/uploads\\\/2025\\\/07\\\/BORO-AMINE.png\",\"width\":1000,\"height\":1000,\"caption\":\"BORO-AMINE: An effective solution for boron deficiency in crops.\"},{\"@type\":\"BreadcrumbList\",\"@id\":\"https:\\\/\\\/bimcointernational.com\\\/tr\\\/urun\\\/bimco-boro-amine\\\/#breadcrumb\",\"itemListElement\":[{\"@type\":\"ListItem\",\"position\":1,\"name\":\"Home\",\"item\":\"https:\\\/\\\/bimcointernational.com\\\/tr\\\/\"},{\"@type\":\"ListItem\",\"position\":2,\"name\":\"\u00dcr\u00fcnlerimiz\",\"item\":\"https:\\\/\\\/bimcointernational.com\\\/tr\\\/urunlerimiz\\\/\"},{\"@type\":\"ListItem\",\"position\":3,\"name\":\"BORO AMINE\"}]},{\"@type\":\"WebSite\",\"@id\":\"https:\\\/\\\/bimcointernational.com\\\/tr\\\/#website\",\"url\":\"https:\\\/\\\/bimcointernational.com\\\/tr\\\/\",\"name\":\"bimco international\",\"description\":\"\u0634\u0631\u0643\u0629 \u0628\u064a\u0645\u0643\u0648 \u0627\u0644\u0643\u064a\u0645\u064a\u0627\u0626\u064a\u0629 \u0644\u0635\u0646\u0627\u0639\u0629 \u0627\u0644\u0645\u0628\u064a\u062f\u0627\u062a \u0648\u0627\u0644\u0623\u0633\u0645\u062f\u0629 \u0639\u0627\u0644\u064a\u0629 \u0627\u0644\u062c\u0648\u062f\u0629 35 \u0639\u0627\u0645\u0627 \u0645\u0646 \u0627\u0644\u062e\u0628\u0631\u0629 \u0646\u0636\u0639\u0647\u0627 \u0628\u064a\u0646 \u0623\u064a\u062f\u064a\u0643\u0645\",\"publisher\":{\"@id\":\"https:\\\/\\\/bimcointernational.com\\\/tr\\\/#organization\"},\"potentialAction\":[{\"@type\":\"SearchAction\",\"target\":{\"@type\":\"EntryPoint\",\"urlTemplate\":\"https:\\\/\\\/bimcointernational.com\\\/tr\\\/?s={search_term_string}\"},\"query-input\":{\"@type\":\"PropertyValueSpecification\",\"valueRequired\":true,\"valueName\":\"search_term_string\"}}],\"inLanguage\":\"tr\"},{\"@type\":\"Organization\",\"@id\":\"https:\\\/\\\/bimcointernational.com\\\/tr\\\/#organization\",\"name\":\"bimco international\",\"url\":\"https:\\\/\\\/bimcointernational.com\\\/tr\\\/\",\"logo\":{\"@type\":\"ImageObject\",\"inLanguage\":\"tr\",\"@id\":\"https:\\\/\\\/bimcointernational.com\\\/tr\\\/#\\\/schema\\\/logo\\\/image\\\/\",\"url\":\"https:\\\/\\\/bimcointernational.com\\\/wp-content\\\/uploads\\\/2023\\\/03\\\/bimco-international.png\",\"contentUrl\":\"https:\\\/\\\/bimcointernational.com\\\/wp-content\\\/uploads\\\/2023\\\/03\\\/bimco-international.png\",\"width\":1000,\"height\":283,\"caption\":\"bimco international\"},\"image\":{\"@id\":\"https:\\\/\\\/bimcointernational.com\\\/tr\\\/#\\\/schema\\\/logo\\\/image\\\/\"},\"sameAs\":[\"https:\\\/\\\/www.facebook.com\\\/B9K9T\",\"https:\\\/\\\/www.instagram.com\\\/bimcokimya\\\/\"]}]}<\/script>\n<!-- \/ Yoast SEO plugin. -->","yoast_head_json":{"title":"BORO-AMINE: Bitki Geli\u015fimi i\u00e7in \u015eelatl\u0131 Bor G\u00fcbresi - Bimco International","description":"BIMCO International'dan BORO-AMINE: Bor eksikli\u011fini \u00f6nleyen\/gideren yo\u011fun \u015felatl\u0131 bor g\u00fcbresi. D\u00fcnya genelinde \u00e7i\u00e7eklenmeyi, meyve tutumunu ve verim kalitesini art\u0131r\u0131r.","robots":{"index":"index","follow":"follow","max-snippet":"max-snippet:-1","max-image-preview":"max-image-preview:large","max-video-preview":"max-video-preview:-1"},"canonical":"https:\/\/bimcointernational.com\/tr\/urun\/bimco-boro-amine\/","og_locale":"tr_TR","og_type":"article","og_title":"BORO-AMINE: Bitki Geli\u015fimi i\u00e7in \u015eelatl\u0131 Bor G\u00fcbresi - Bimco International","og_description":"BIMCO International'dan BORO-AMINE: Bor eksikli\u011fini \u00f6nleyen\/gideren yo\u011fun \u015felatl\u0131 bor g\u00fcbresi. D\u00fcnya genelinde \u00e7i\u00e7eklenmeyi, meyve tutumunu ve verim kalitesini art\u0131r\u0131r.","og_url":"https:\/\/bimcointernational.com\/tr\/urun\/bimco-boro-amine\/","og_site_name":"bimco international","article_publisher":"https:\/\/www.facebook.com\/B9K9T","article_modified_time":"2025-07-12T13:43:19+00:00","og_image":[{"width":1000,"height":1000,"url":"https:\/\/bimcointernational.com\/wp-content\/uploads\/2025\/07\/BORO-AMINE.png","type":"image\/png"}],"twitter_card":"summary_large_image","twitter_misc":{"Tahmini okuma s\u00fcresi":"2 dakika"},"schema":{"@context":"https:\/\/schema.org","@graph":[{"@type":"WebPage","@id":"https:\/\/bimcointernational.com\/tr\/urun\/bimco-boro-amine\/","url":"https:\/\/bimcointernational.com\/tr\/urun\/bimco-boro-amine\/","name":"BORO-AMINE: Bitki Geli\u015fimi i\u00e7in \u015eelatl\u0131 Bor G\u00fcbresi - Bimco International","isPartOf":{"@id":"https:\/\/bimcointernational.com\/tr\/#website"},"primaryImageOfPage":{"@id":"https:\/\/bimcointernational.com\/tr\/urun\/bimco-boro-amine\/#primaryimage"},"image":{"@id":"https:\/\/bimcointernational.com\/tr\/urun\/bimco-boro-amine\/#primaryimage"},"thumbnailUrl":"https:\/\/bimcointernational.com\/wp-content\/uploads\/2025\/07\/BORO-AMINE.png","datePublished":"2025-07-12T12:59:59+00:00","dateModified":"2025-07-12T13:43:19+00:00","description":"BIMCO International'dan BORO-AMINE: Bor eksikli\u011fini \u00f6nleyen\/gideren yo\u011fun \u015felatl\u0131 bor g\u00fcbresi. D\u00fcnya genelinde \u00e7i\u00e7eklenmeyi, meyve tutumunu ve verim kalitesini art\u0131r\u0131r.","breadcrumb":{"@id":"https:\/\/bimcointernational.com\/tr\/urun\/bimco-boro-amine\/#breadcrumb"},"inLanguage":"tr","potentialAction":[{"@type":"ReadAction","target":["https:\/\/bimcointernational.com\/tr\/urun\/bimco-boro-amine\/"]}]},{"@type":"ImageObject","inLanguage":"tr","@id":"https:\/\/bimcointernational.com\/tr\/urun\/bimco-boro-amine\/#primaryimage","url":"https:\/\/bimcointernational.com\/wp-content\/uploads\/2025\/07\/BORO-AMINE.png","contentUrl":"https:\/\/bimcointernational.com\/wp-content\/uploads\/2025\/07\/BORO-AMINE.png","width":1000,"height":1000,"caption":"BORO-AMINE: An effective solution for boron deficiency in crops."},{"@type":"BreadcrumbList","@id":"https:\/\/bimcointernational.com\/tr\/urun\/bimco-boro-amine\/#breadcrumb","itemListElement":[{"@type":"ListItem","position":1,"name":"Home","item":"https:\/\/bimcointernational.com\/tr\/"},{"@type":"ListItem","position":2,"name":"\u00dcr\u00fcnlerimiz","item":"https:\/\/bimcointernational.com\/tr\/urunlerimiz\/"},{"@type":"ListItem","position":3,"name":"BORO AMINE"}]},{"@type":"WebSite","@id":"https:\/\/bimcointernational.com\/tr\/#website","url":"https:\/\/bimcointernational.com\/tr\/","name":"bimco international","description":"\u0634\u0631\u0643\u0629 \u0628\u064a\u0645\u0643\u0648 \u0627\u0644\u0643\u064a\u0645\u064a\u0627\u0626\u064a\u0629 \u0644\u0635\u0646\u0627\u0639\u0629 \u0627\u0644\u0645\u0628\u064a\u062f\u0627\u062a \u0648\u0627\u0644\u0623\u0633\u0645\u062f\u0629 \u0639\u0627\u0644\u064a\u0629 \u0627\u0644\u062c\u0648\u062f\u0629 35 \u0639\u0627\u0645\u0627 \u0645\u0646 \u0627\u0644\u062e\u0628\u0631\u0629 \u0646\u0636\u0639\u0647\u0627 \u0628\u064a\u0646 \u0623\u064a\u062f\u064a\u0643\u0645","publisher":{"@id":"https:\/\/bimcointernational.com\/tr\/#organization"},"potentialAction":[{"@type":"SearchAction","target":{"@type":"EntryPoint","urlTemplate":"https:\/\/bimcointernational.com\/tr\/?s={search_term_string}"},"query-input":{"@type":"PropertyValueSpecification","valueRequired":true,"valueName":"search_term_string"}}],"inLanguage":"tr"},{"@type":"Organization","@id":"https:\/\/bimcointernational.com\/tr\/#organization","name":"bimco international","url":"https:\/\/bimcointernational.com\/tr\/","logo":{"@type":"ImageObject","inLanguage":"tr","@id":"https:\/\/bimcointernational.com\/tr\/#\/schema\/logo\/image\/","url":"https:\/\/bimcointernational.com\/wp-content\/uploads\/2023\/03\/bimco-international.png","contentUrl":"https:\/\/bimcointernational.com\/wp-content\/uploads\/2023\/03\/bimco-international.png","width":1000,"height":283,"caption":"bimco international"},"image":{"@id":"https:\/\/bimcointernational.com\/tr\/#\/schema\/logo\/image\/"},"sameAs":["https:\/\/www.facebook.com\/B9K9T","https:\/\/www.instagram.com\/bimcokimya\/"]}]}},"jetpack_sharing_enabled":true,"_links":{"self":[{"href":"https:\/\/bimcointernational.com\/tr\/wp-json\/wp\/v2\/product\/5830","targetHints":{"allow":["GET"]}}],"collection":[{"href":"https:\/\/bimcointernational.com\/tr\/wp-json\/wp\/v2\/product"}],"about":[{"href":"https:\/\/bimcointernational.com\/tr\/wp-json\/wp\/v2\/types\/product"}],"replies":[{"embeddable":true,"href":"https:\/\/bimcointernational.com\/tr\/wp-json\/wp\/v2\/comments?post=5830"}],"wp:featuredmedia":[{"embeddable":true,"href":"https:\/\/bimcointernational.com\/tr\/wp-json\/wp\/v2\/media\/5827"}],"wp:attachment":[{"href":"https:\/\/bimcointernational.com\/tr\/wp-json\/wp\/v2\/media?parent=5830"}],"wp:term":[{"taxonomy":"product_brand","embeddable":true,"href":"https:\/\/bimcointernational.com\/tr\/wp-json\/wp\/v2\/product_brand?post=5830"},{"taxonomy":"product_cat","embeddable":true,"href":"https:\/\/bimcointernational.com\/tr\/wp-json\/wp\/v2\/product_cat?post=5830"},{"taxonomy":"product_tag","embeddable":true,"href":"https:\/\/bimcointernational.com\/tr\/wp-json\/wp\/v2\/product_tag?post=5830"}],"curies":[{"name":"wp","href":"https:\/\/api.w.org\/{rel}","templated":true}]}}