{"id":5820,"date":"2025-07-12T10:46:41","date_gmt":"2025-07-12T10:46:41","guid":{"rendered":"https:\/\/bimcointernational.com\/product\/bimco-alrayan-npk-12-30-5-te\/"},"modified":"2025-07-12T12:30:40","modified_gmt":"2025-07-12T12:30:40","slug":"bimco-alrayan-npk-12-30-5-te","status":"publish","type":"product","link":"https:\/\/bimcointernational.com\/tr\/urun\/bimco-alrayan-npk-12-30-5-te\/","title":{"rendered":"ALRAYAN NPK 12-30-5+TE"},"content":{"rendered":"<h1><strong><span style=\"color: #99cc00;\">ALRAYAN NPK 12-30-5+TE:<\/span> K\u00f6k Aktivasyonu ve Geli\u015fmi\u015f Meyveleme i\u00e7in Organik-Mineral Bile\u015fik<\/strong><\/h1>\n<p>Mahsullerinizde \u00e7i\u00e7eklenmeyi ve meyve tutumunu art\u0131rmak, ola\u011fan\u00fcst\u00fc meyve kalitesi ve boyutu sa\u011flamak i\u00e7in mi \u00e7abal\u0131yorsunuz? <span style=\"color: #99cc00;\"><strong>BIMCO International<\/strong><\/span>, k\u00f6kleri, \u00e7i\u00e7ek ve meyve geli\u015fimini te\u015fvik etmek ve aktive etmek i\u00e7in \u00f6zel olarak tasarlanm\u0131\u015f, fosforca zengin ve \u015feker alkolleri ile karboksilik asitlerle \u015felatlanm\u0131\u015f e\u015fsiz bir organik-mineral bile\u015fik olan <span style=\"color: #99cc00;\"><strong>ALRAYAN NPK 12-30-5+TE<\/strong><\/span>&#8216;yi sunar.<\/p>\n<h2><span style=\"color: #99cc00;\"><strong>ALRAYAN NPK&#8217;n\u0131n Temel \u00d6zellikleri ve Ba\u015fl\u0131ca Faydalar\u0131:<\/strong><\/span><\/h2>\n<ul>\n<li><strong>Geli\u015fmi\u015f \u00c7i\u00e7ek ve Meyve Geli\u015fimi:<\/strong> Bu y\u00fcksek fosforlu mineral bile\u015fik, bol \u00e7i\u00e7eklenmeyi ve iyi meyve tutumunu te\u015fvik ederek verimli ve y\u00fcksek kaliteli \u00fcr\u00fcnler sa\u011flar.<\/li>\n<li><strong>S\u00fcrd\u00fcr\u00fclebilir Verimlilik:<\/strong> Meyve mahsullerinde \u00e7i\u00e7eklenmeyi ve meyve tutumunu art\u0131rmaya yard\u0131mc\u0131 olur, bitkinin verimlili\u011fini ve canl\u0131l\u0131\u011f\u0131n\u0131 m\u00fcmk\u00fcn olan en uzun s\u00fcre korumas\u0131n\u0131 sa\u011flar.<\/li>\n<li><strong>Hayat\u00ee Fosfor Rol\u00fc:<\/strong> Fosfor, bitki b\u00fcy\u00fcmesi ve meyve olu\u015fumu i\u00e7in hayati bir besin maddesidir. Bitkilerin en verimli d\u00f6nemlerinde m\u00fcmk\u00fcn olan en uzun s\u00fcre \u00fcretim yapmas\u0131n\u0131 sa\u011flar ve tozla\u015fma ile d\u00f6llenmeye yard\u0131mc\u0131 olarak meyve say\u0131s\u0131n\u0131 ve tekd\u00fczeli\u011fini art\u0131r\u0131r.<\/li>\n<li><strong>Geli\u015fmi\u015f \u00dcr\u00fcn Kalitesi:<\/strong> Meyve, sebze, tah\u0131l kalitesini ve tohumlar\u0131n olgunla\u015fmas\u0131 ile canl\u0131l\u0131\u011f\u0131n\u0131 \u00f6nemli \u00f6l\u00e7\u00fcde iyile\u015ftirmeye katk\u0131da bulunur.<\/li>\n<li><strong>K\u00f6k B\u00fcy\u00fcme Aktivasyonu:<\/strong> K\u00f6klerin, yumrular\u0131n ve so\u011fanlar\u0131n b\u00fcy\u00fcmesini te\u015fvik etmeye yard\u0131mc\u0131 olur, besin emilimini etkili bir \u015fekilde art\u0131r\u0131r.<\/li>\n<\/ul>\n<h2><span style=\"color: #99cc00;\"><strong>Bile\u015fenler (A\u011f\u0131rl\u0131k\/Hacim A\/H%):<\/strong><\/span><\/h2>\n<table style=\"width: 100%; border-collapse: collapse; text-align: center;\">\n<thead>\n<tr>\n<th style=\"border: 1px solid #ddd; padding: 8px; background-color: #8bc34a;\"><span style=\"color: #ffffff;\">Bile\u015fen<\/span><\/th>\n<th style=\"border: 1px solid #ddd; padding: 8px; background-color: #8bc34a;\"><span style=\"color: #ffffff;\">Y\u00fczde (%)<\/span><\/th>\n<\/tr>\n<\/thead>\n<tbody>\n<tr>\n<td style=\"border: 1px solid #ddd; padding: 8px;\">Fosfor (P2O5)<\/td>\n<td style=\"border: 1px solid #ddd; padding: 8px;\">30<\/td>\n<\/tr>\n<tr>\n<td style=\"border: 1px solid #ddd; padding: 8px;\">Potasyum (K2O)<\/td>\n<td style=\"border: 1px solid #ddd; padding: 8px;\">5<\/td>\n<\/tr>\n<tr>\n<td style=\"border: 1px solid #ddd; padding: 8px;\">Azot (N)<\/td>\n<td style=\"border: 1px solid #ddd; padding: 8px;\">12<\/td>\n<\/tr>\n<tr>\n<td style=\"border: 1px solid #ddd; padding: 8px;\">\u0130z Elementler (TE)<\/td>\n<td style=\"border: 1px solid #ddd; padding: 8px;\">TE<\/td>\n<\/tr>\n<\/tbody>\n<\/table>\n<h2><span style=\"color: #99cc00;\"><strong>\u00d6nerilen Uygulama Oran\u0131:<\/strong><\/span><\/h2>\n<table style=\"width: 100%; border-collapse: collapse; text-align: center;\">\n<thead>\n<tr>\n<th style=\"border: 1px solid #ddd; padding: 8px; background-color: #8bc34a;\"><span style=\"color: #ffffff;\">\u00dcr\u00fcn<\/span><\/th>\n<th style=\"border: 1px solid #ddd; padding: 8px; background-color: #8bc34a;\"><span style=\"color: #ffffff;\">Sulama \/ dekar<\/span><\/th>\n<th style=\"border: 1px solid #ddd; padding: 8px; background-color: #8bc34a;\"><span style=\"color: #ffffff;\">P\u00fcsk\u00fcrtme \/ 200 litre su<\/span><\/th>\n<\/tr>\n<\/thead>\n<tbody>\n<tr>\n<td style=\"border: 1px solid #ddd; padding: 8px;\">Sebzeler, So\u011fanl\u0131 Bitkiler ve Yumrular<\/td>\n<td style=\"border: 1px solid #ddd; padding: 8px;\">50 &#8211; 150<\/td>\n<td style=\"border: 1px solid #ddd; padding: 8px;\">500 &#8211; 1250<\/td>\n<\/tr>\n<tr>\n<td style=\"border: 1px solid #ddd; padding: 8px;\">Tarla Bitkileri ve Baklagiller<\/td>\n<td style=\"border: 1px solid #ddd; padding: 8px;\">50 &#8211; 100<\/td>\n<td style=\"border: 1px solid #ddd; padding: 8px;\">500 &#8211; 1000<\/td>\n<\/tr>\n<tr>\n<td style=\"border: 1px solid #ddd; padding: 8px;\">Turun\u00e7giller, Kakao ve Tropikal Meyve A\u011fa\u00e7lar\u0131<\/td>\n<td style=\"border: 1px solid #ddd; padding: 8px;\">125 &#8211; 250<\/td>\n<td style=\"border: 1px solid #ddd; padding: 8px;\">500 &#8211; 2500<\/td>\n<\/tr>\n<tr>\n<td style=\"border: 1px solid #ddd; padding: 8px;\">\u00dcz\u00fcm, Zeytin ve Nar A\u011fa\u00e7lar\u0131<\/td>\n<td style=\"border: 1px solid #ddd; padding: 8px;\">125 &#8211; 250<\/td>\n<td style=\"border: 1px solid #ddd; padding: 8px;\">500 &#8211; 1250<\/td>\n<\/tr>\n<tr>\n<td style=\"border: 1px solid #ddd; padding: 8px;\">Elma, Badem ve Antep F\u0131st\u0131\u011f\u0131<\/td>\n<td style=\"border: 1px solid #ddd; padding: 8px;\">125 &#8211; 250<\/td>\n<td style=\"border: 1px solid #ddd; padding: 8px;\">500 &#8211; 2500<\/td>\n<\/tr>\n<tr>\n<td style=\"border: 1px solid #ddd; padding: 8px;\">Pamuk, \u015eeker Pancar\u0131 ve Susam<\/td>\n<td style=\"border: 1px solid #ddd; padding: 8px;\">125 &#8211; 250<\/td>\n<td style=\"border: 1px solid #ddd; padding: 8px;\">500 &#8211; 1500<\/td>\n<\/tr>\n<tr>\n<td style=\"border: 1px solid #ddd; padding: 8px;\">S\u00fcs Bitkileri, Tah\u0131llar ve Yem Bitkileri<\/td>\n<td style=\"border: 1px solid #ddd; padding: 8px;\">50 &#8211; 100<\/td>\n<td style=\"border: 1px solid #ddd; padding: 8px;\">500 &#8211; 1000<\/td>\n<\/tr>\n<\/tbody>\n<\/table>\n<p>Mahsullerinizin b\u00fcy\u00fcmesini ve meyve kalitesini art\u0131rmak i\u00e7in BIMCO International&#8217;dan ALRAYAN NPK 12-30-5+TE&#8217;yi se\u00e7in. <span style=\"color: #99cc00;\"><a style=\"color: #99cc00;\" href=\"https:\/\/api.whatsapp.com\/send\/?phone=908503096351&amp;text=%D9%85%D8%B1%D8%AD%D8%A8%D8%A7%D9%8B+%D8%A7%D8%B1%D9%8A%D8%AF+%D8%A7%D9%84%D8%A5%D8%B3%D8%AA%D9%81%D8%B3%D8%A7%D8%B1+%D8%B9%D9%86+%D9%87%D8%B0%D8%A7+%D8%A7%D9%84%D9%85%D9%86%D8%AA%D8%AC%0A%0A%0A%0Ahttps%3A%2F%2Fbimcointernational.com%2F&amp;type=phone_number&amp;app_absent=0\" target=\"_blank\" rel=\"noopener\">Daha fazla bilgi edinmek i\u00e7in bug\u00fcn WhatsApp arac\u0131l\u0131\u011f\u0131yla bize ula\u015f\u0131n<\/a>.<\/span><\/p>\n","protected":false},"excerpt":{"rendered":"<p><span style=\"color: #99cc00;\"><b>ALRAYAN NPK 12-30-5+TE:<\/b><\/span> BIMCO International&#8217;\u0131n y\u00fcksek fosforlu organik-mineral bile\u015fi\u011fi. K\u00f6kleri aktive eder ve \u00e7i\u00e7ek\/meyve geli\u015fimini destekleyerek her yerde y\u00fcksek kaliteli ve bol mahsul verimi sa\u011flar.<\/p>\n","protected":false},"featured_media":5811,"comment_status":"open","ping_status":"closed","template":"","meta":{"_eb_attr":"","site-sidebar-layout":"default","site-content-layout":"","ast-site-content-layout":"default","site-content-style":"default","site-sidebar-style":"default","ast-global-header-display":"","ast-banner-title-visibility":"","ast-main-header-display":"","ast-hfb-above-header-display":"","ast-hfb-below-header-display":"","ast-hfb-mobile-header-display":"","site-post-title":"","ast-breadcrumbs-content":"","ast-featured-img":"","footer-sml-layout":"","ast-disable-related-posts":"","theme-transparent-header-meta":"default","adv-header-id-meta":"","stick-header-meta":"","header-above-stick-meta":"","header-main-stick-meta":"","header-below-stick-meta":"","astra-migrate-meta-layouts":"set","ast-page-background-enabled":"default","ast-page-background-meta":{"desktop":{"background-color":"var(--ast-global-color-4)","background-image":"","background-repeat":"repeat","background-position":"center center","background-size":"auto","background-attachment":"scroll","background-type":"","background-media":"","overlay-type":"","overlay-color":"","overlay-opacity":"","overlay-gradient":""},"tablet":{"background-color":"","background-image":"","background-repeat":"repeat","background-position":"center center","background-size":"auto","background-attachment":"scroll","background-type":"","background-media":"","overlay-type":"","overlay-color":"","overlay-opacity":"","overlay-gradient":""},"mobile":{"background-color":"","background-image":"","background-repeat":"repeat","background-position":"center center","background-size":"auto","background-attachment":"scroll","background-type":"","background-media":"","overlay-type":"","overlay-color":"","overlay-opacity":"","overlay-gradient":""}},"ast-content-background-meta":{"desktop":{"background-color":"var(--ast-global-color-5)","background-image":"","background-repeat":"repeat","background-position":"center center","background-size":"auto","background-attachment":"scroll","background-type":"","background-media":"","overlay-type":"","overlay-color":"","overlay-opacity":"","overlay-gradient":""},"tablet":{"background-color":"var(--ast-global-color-5)","background-image":"","background-repeat":"repeat","background-position":"center center","background-size":"auto","background-attachment":"scroll","background-type":"","background-media":"","overlay-type":"","overlay-color":"","overlay-opacity":"","overlay-gradient":""},"mobile":{"background-color":"var(--ast-global-color-5)","background-image":"","background-repeat":"repeat","background-position":"center center","background-size":"auto","background-attachment":"scroll","background-type":"","background-media":"","overlay-type":"","overlay-color":"","overlay-opacity":"","overlay-gradient":""}},"_joinchat":[]},"product_brand":[],"product_cat":[80],"product_tag":[],"class_list":{"0":"post-5820","1":"product","2":"type-product","3":"status-publish","4":"has-post-thumbnail","6":"product_cat-sivi-gubre","7":"desktop-align-left","8":"tablet-align-left","9":"mobile-align-left","11":"first","12":"instock","13":"shipping-taxable","14":"product-type-simple"},"yoast_head":"<!-- This site is optimized with the Yoast SEO plugin v27.1.1 - https:\/\/yoast.com\/product\/yoast-seo-wordpress\/ -->\n<title>ALRAYAN NPK 12-30-5+TE: K\u00f6k ve Meyve i\u00e7in Y\u00fcksek Fosforlu G\u00fcbre - bimco international<\/title>\n<meta name=\"description\" content=\"BIMCO International&#039;dan ALRAYAN NPK 12-30-5+TE: K\u00fcresel k\u00f6k aktivasyonu, \u00e7i\u00e7ek\/meyve geli\u015fimi ve verim i\u00e7in y\u00fcksek fosforlu organik-mineral bile\u015fik.\" \/>\n<meta name=\"robots\" content=\"index, follow, max-snippet:-1, max-image-preview:large, max-video-preview:-1\" \/>\n<link rel=\"canonical\" href=\"https:\/\/bimcointernational.com\/tr\/urun\/bimco-alrayan-npk-12-30-5-te\/\" \/>\n<meta property=\"og:locale\" content=\"tr_TR\" \/>\n<meta property=\"og:type\" content=\"article\" \/>\n<meta property=\"og:title\" content=\"ALRAYAN NPK 12-30-5+TE: K\u00f6k ve Meyve i\u00e7in Y\u00fcksek Fosforlu G\u00fcbre - bimco international\" \/>\n<meta property=\"og:description\" content=\"BIMCO International&#039;dan ALRAYAN NPK 12-30-5+TE: K\u00fcresel k\u00f6k aktivasyonu, \u00e7i\u00e7ek\/meyve geli\u015fimi ve verim i\u00e7in y\u00fcksek fosforlu organik-mineral bile\u015fik.\" \/>\n<meta property=\"og:url\" content=\"https:\/\/bimcointernational.com\/tr\/urun\/bimco-alrayan-npk-12-30-5-te\/\" \/>\n<meta property=\"og:site_name\" content=\"bimco international\" \/>\n<meta property=\"article:publisher\" content=\"https:\/\/www.facebook.com\/B9K9T\" \/>\n<meta property=\"article:modified_time\" content=\"2025-07-12T12:30:40+00:00\" \/>\n<meta property=\"og:image\" content=\"https:\/\/bimcointernational.com\/wp-content\/uploads\/2025\/07\/RAYYAN-COLLECTION.png\" \/>\n\t<meta property=\"og:image:width\" content=\"1000\" \/>\n\t<meta property=\"og:image:height\" content=\"1000\" \/>\n\t<meta property=\"og:image:type\" content=\"image\/png\" \/>\n<meta name=\"twitter:card\" content=\"summary_large_image\" \/>\n<meta name=\"twitter:label1\" content=\"Tahmini okuma s\u00fcresi\" \/>\n\t<meta name=\"twitter:data1\" content=\"2 dakika\" \/>\n<script type=\"application\/ld+json\" class=\"yoast-schema-graph\">{\"@context\":\"https:\/\/schema.org\",\"@graph\":[{\"@type\":\"WebPage\",\"@id\":\"https:\/\/bimcointernational.com\/tr\/urun\/bimco-alrayan-npk-12-30-5-te\/\",\"url\":\"https:\/\/bimcointernational.com\/tr\/urun\/bimco-alrayan-npk-12-30-5-te\/\",\"name\":\"ALRAYAN NPK 12-30-5+TE: K\u00f6k ve Meyve i\u00e7in Y\u00fcksek Fosforlu G\u00fcbre - bimco international\",\"isPartOf\":{\"@id\":\"https:\/\/bimcointernational.com\/tr\/#website\"},\"primaryImageOfPage\":{\"@id\":\"https:\/\/bimcointernational.com\/tr\/urun\/bimco-alrayan-npk-12-30-5-te\/#primaryimage\"},\"image\":{\"@id\":\"https:\/\/bimcointernational.com\/tr\/urun\/bimco-alrayan-npk-12-30-5-te\/#primaryimage\"},\"thumbnailUrl\":\"https:\/\/bimcointernational.com\/wp-content\/uploads\/2025\/07\/RAYYAN-COLLECTION.png\",\"datePublished\":\"2025-07-12T10:46:41+00:00\",\"dateModified\":\"2025-07-12T12:30:40+00:00\",\"description\":\"BIMCO International'dan ALRAYAN NPK 12-30-5+TE: K\u00fcresel k\u00f6k aktivasyonu, \u00e7i\u00e7ek\/meyve geli\u015fimi ve verim i\u00e7in y\u00fcksek fosforlu organik-mineral bile\u015fik.\",\"breadcrumb\":{\"@id\":\"https:\/\/bimcointernational.com\/tr\/urun\/bimco-alrayan-npk-12-30-5-te\/#breadcrumb\"},\"inLanguage\":\"tr\",\"potentialAction\":[{\"@type\":\"ReadAction\",\"target\":[\"https:\/\/bimcointernational.com\/tr\/urun\/bimco-alrayan-npk-12-30-5-te\/\"]}]},{\"@type\":\"ImageObject\",\"inLanguage\":\"tr\",\"@id\":\"https:\/\/bimcointernational.com\/tr\/urun\/bimco-alrayan-npk-12-30-5-te\/#primaryimage\",\"url\":\"https:\/\/bimcointernational.com\/wp-content\/uploads\/2025\/07\/RAYYAN-COLLECTION.png\",\"contentUrl\":\"https:\/\/bimcointernational.com\/wp-content\/uploads\/2025\/07\/RAYYAN-COLLECTION.png\",\"width\":1000,\"height\":1000,\"caption\":\"ALRAYAN NPK 12-30-5+TE: For excellent floral and fruit growth.\"},{\"@type\":\"BreadcrumbList\",\"@id\":\"https:\/\/bimcointernational.com\/tr\/urun\/bimco-alrayan-npk-12-30-5-te\/#breadcrumb\",\"itemListElement\":[{\"@type\":\"ListItem\",\"position\":1,\"name\":\"Home\",\"item\":\"https:\/\/bimcointernational.com\/tr\/\"},{\"@type\":\"ListItem\",\"position\":2,\"name\":\"\u00dcr\u00fcnlerimiz\",\"item\":\"https:\/\/bimcointernational.com\/tr\/urunlerimiz\/\"},{\"@type\":\"ListItem\",\"position\":3,\"name\":\"ALRAYAN NPK 12-30-5+TE\"}]},{\"@type\":\"WebSite\",\"@id\":\"https:\/\/bimcointernational.com\/tr\/#website\",\"url\":\"https:\/\/bimcointernational.com\/tr\/\",\"name\":\"bimco international\",\"description\":\"\u0634\u0631\u0643\u0629 \u0628\u064a\u0645\u0643\u0648 \u0627\u0644\u0643\u064a\u0645\u064a\u0627\u0626\u064a\u0629 \u0644\u0635\u0646\u0627\u0639\u0629 \u0627\u0644\u0645\u0628\u064a\u062f\u0627\u062a \u0648\u0627\u0644\u0623\u0633\u0645\u062f\u0629 \u0639\u0627\u0644\u064a\u0629 \u0627\u0644\u062c\u0648\u062f\u0629 35 \u0639\u0627\u0645\u0627 \u0645\u0646 \u0627\u0644\u062e\u0628\u0631\u0629 \u0646\u0636\u0639\u0647\u0627 \u0628\u064a\u0646 \u0623\u064a\u062f\u064a\u0643\u0645\",\"publisher\":{\"@id\":\"https:\/\/bimcointernational.com\/tr\/#organization\"},\"potentialAction\":[{\"@type\":\"SearchAction\",\"target\":{\"@type\":\"EntryPoint\",\"urlTemplate\":\"https:\/\/bimcointernational.com\/tr\/?s={search_term_string}\"},\"query-input\":{\"@type\":\"PropertyValueSpecification\",\"valueRequired\":true,\"valueName\":\"search_term_string\"}}],\"inLanguage\":\"tr\"},{\"@type\":\"Organization\",\"@id\":\"https:\/\/bimcointernational.com\/tr\/#organization\",\"name\":\"bimco international\",\"url\":\"https:\/\/bimcointernational.com\/tr\/\",\"logo\":{\"@type\":\"ImageObject\",\"inLanguage\":\"tr\",\"@id\":\"https:\/\/bimcointernational.com\/tr\/#\/schema\/logo\/image\/\",\"url\":\"https:\/\/bimcointernational.com\/wp-content\/uploads\/2023\/03\/bimco-international.png\",\"contentUrl\":\"https:\/\/bimcointernational.com\/wp-content\/uploads\/2023\/03\/bimco-international.png\",\"width\":1000,\"height\":283,\"caption\":\"bimco international\"},\"image\":{\"@id\":\"https:\/\/bimcointernational.com\/tr\/#\/schema\/logo\/image\/\"},\"sameAs\":[\"https:\/\/www.facebook.com\/B9K9T\",\"https:\/\/www.instagram.com\/bimcokimya\/\"]}]}<\/script>\n<!-- \/ Yoast SEO plugin. -->","yoast_head_json":{"title":"ALRAYAN NPK 12-30-5+TE: K\u00f6k ve Meyve i\u00e7in Y\u00fcksek Fosforlu G\u00fcbre - bimco international","description":"BIMCO International'dan ALRAYAN NPK 12-30-5+TE: K\u00fcresel k\u00f6k aktivasyonu, \u00e7i\u00e7ek\/meyve geli\u015fimi ve verim i\u00e7in y\u00fcksek fosforlu organik-mineral bile\u015fik.","robots":{"index":"index","follow":"follow","max-snippet":"max-snippet:-1","max-image-preview":"max-image-preview:large","max-video-preview":"max-video-preview:-1"},"canonical":"https:\/\/bimcointernational.com\/tr\/urun\/bimco-alrayan-npk-12-30-5-te\/","og_locale":"tr_TR","og_type":"article","og_title":"ALRAYAN NPK 12-30-5+TE: K\u00f6k ve Meyve i\u00e7in Y\u00fcksek Fosforlu G\u00fcbre - bimco international","og_description":"BIMCO International'dan ALRAYAN NPK 12-30-5+TE: K\u00fcresel k\u00f6k aktivasyonu, \u00e7i\u00e7ek\/meyve geli\u015fimi ve verim i\u00e7in y\u00fcksek fosforlu organik-mineral bile\u015fik.","og_url":"https:\/\/bimcointernational.com\/tr\/urun\/bimco-alrayan-npk-12-30-5-te\/","og_site_name":"bimco international","article_publisher":"https:\/\/www.facebook.com\/B9K9T","article_modified_time":"2025-07-12T12:30:40+00:00","og_image":[{"width":1000,"height":1000,"url":"https:\/\/bimcointernational.com\/wp-content\/uploads\/2025\/07\/RAYYAN-COLLECTION.png","type":"image\/png"}],"twitter_card":"summary_large_image","twitter_misc":{"Tahmini okuma s\u00fcresi":"2 dakika"},"schema":{"@context":"https:\/\/schema.org","@graph":[{"@type":"WebPage","@id":"https:\/\/bimcointernational.com\/tr\/urun\/bimco-alrayan-npk-12-30-5-te\/","url":"https:\/\/bimcointernational.com\/tr\/urun\/bimco-alrayan-npk-12-30-5-te\/","name":"ALRAYAN NPK 12-30-5+TE: K\u00f6k ve Meyve i\u00e7in Y\u00fcksek Fosforlu G\u00fcbre - bimco international","isPartOf":{"@id":"https:\/\/bimcointernational.com\/tr\/#website"},"primaryImageOfPage":{"@id":"https:\/\/bimcointernational.com\/tr\/urun\/bimco-alrayan-npk-12-30-5-te\/#primaryimage"},"image":{"@id":"https:\/\/bimcointernational.com\/tr\/urun\/bimco-alrayan-npk-12-30-5-te\/#primaryimage"},"thumbnailUrl":"https:\/\/bimcointernational.com\/wp-content\/uploads\/2025\/07\/RAYYAN-COLLECTION.png","datePublished":"2025-07-12T10:46:41+00:00","dateModified":"2025-07-12T12:30:40+00:00","description":"BIMCO International'dan ALRAYAN NPK 12-30-5+TE: K\u00fcresel k\u00f6k aktivasyonu, \u00e7i\u00e7ek\/meyve geli\u015fimi ve verim i\u00e7in y\u00fcksek fosforlu organik-mineral bile\u015fik.","breadcrumb":{"@id":"https:\/\/bimcointernational.com\/tr\/urun\/bimco-alrayan-npk-12-30-5-te\/#breadcrumb"},"inLanguage":"tr","potentialAction":[{"@type":"ReadAction","target":["https:\/\/bimcointernational.com\/tr\/urun\/bimco-alrayan-npk-12-30-5-te\/"]}]},{"@type":"ImageObject","inLanguage":"tr","@id":"https:\/\/bimcointernational.com\/tr\/urun\/bimco-alrayan-npk-12-30-5-te\/#primaryimage","url":"https:\/\/bimcointernational.com\/wp-content\/uploads\/2025\/07\/RAYYAN-COLLECTION.png","contentUrl":"https:\/\/bimcointernational.com\/wp-content\/uploads\/2025\/07\/RAYYAN-COLLECTION.png","width":1000,"height":1000,"caption":"ALRAYAN NPK 12-30-5+TE: For excellent floral and fruit growth."},{"@type":"BreadcrumbList","@id":"https:\/\/bimcointernational.com\/tr\/urun\/bimco-alrayan-npk-12-30-5-te\/#breadcrumb","itemListElement":[{"@type":"ListItem","position":1,"name":"Home","item":"https:\/\/bimcointernational.com\/tr\/"},{"@type":"ListItem","position":2,"name":"\u00dcr\u00fcnlerimiz","item":"https:\/\/bimcointernational.com\/tr\/urunlerimiz\/"},{"@type":"ListItem","position":3,"name":"ALRAYAN NPK 12-30-5+TE"}]},{"@type":"WebSite","@id":"https:\/\/bimcointernational.com\/tr\/#website","url":"https:\/\/bimcointernational.com\/tr\/","name":"bimco international","description":"\u0634\u0631\u0643\u0629 \u0628\u064a\u0645\u0643\u0648 \u0627\u0644\u0643\u064a\u0645\u064a\u0627\u0626\u064a\u0629 \u0644\u0635\u0646\u0627\u0639\u0629 \u0627\u0644\u0645\u0628\u064a\u062f\u0627\u062a \u0648\u0627\u0644\u0623\u0633\u0645\u062f\u0629 \u0639\u0627\u0644\u064a\u0629 \u0627\u0644\u062c\u0648\u062f\u0629 35 \u0639\u0627\u0645\u0627 \u0645\u0646 \u0627\u0644\u062e\u0628\u0631\u0629 \u0646\u0636\u0639\u0647\u0627 \u0628\u064a\u0646 \u0623\u064a\u062f\u064a\u0643\u0645","publisher":{"@id":"https:\/\/bimcointernational.com\/tr\/#organization"},"potentialAction":[{"@type":"SearchAction","target":{"@type":"EntryPoint","urlTemplate":"https:\/\/bimcointernational.com\/tr\/?s={search_term_string}"},"query-input":{"@type":"PropertyValueSpecification","valueRequired":true,"valueName":"search_term_string"}}],"inLanguage":"tr"},{"@type":"Organization","@id":"https:\/\/bimcointernational.com\/tr\/#organization","name":"bimco international","url":"https:\/\/bimcointernational.com\/tr\/","logo":{"@type":"ImageObject","inLanguage":"tr","@id":"https:\/\/bimcointernational.com\/tr\/#\/schema\/logo\/image\/","url":"https:\/\/bimcointernational.com\/wp-content\/uploads\/2023\/03\/bimco-international.png","contentUrl":"https:\/\/bimcointernational.com\/wp-content\/uploads\/2023\/03\/bimco-international.png","width":1000,"height":283,"caption":"bimco international"},"image":{"@id":"https:\/\/bimcointernational.com\/tr\/#\/schema\/logo\/image\/"},"sameAs":["https:\/\/www.facebook.com\/B9K9T","https:\/\/www.instagram.com\/bimcokimya\/"]}]}},"jetpack_sharing_enabled":true,"_links":{"self":[{"href":"https:\/\/bimcointernational.com\/tr\/wp-json\/wp\/v2\/product\/5820","targetHints":{"allow":["GET"]}}],"collection":[{"href":"https:\/\/bimcointernational.com\/tr\/wp-json\/wp\/v2\/product"}],"about":[{"href":"https:\/\/bimcointernational.com\/tr\/wp-json\/wp\/v2\/types\/product"}],"replies":[{"embeddable":true,"href":"https:\/\/bimcointernational.com\/tr\/wp-json\/wp\/v2\/comments?post=5820"}],"wp:featuredmedia":[{"embeddable":true,"href":"https:\/\/bimcointernational.com\/tr\/wp-json\/wp\/v2\/media\/5811"}],"wp:attachment":[{"href":"https:\/\/bimcointernational.com\/tr\/wp-json\/wp\/v2\/media?parent=5820"}],"wp:term":[{"taxonomy":"product_brand","embeddable":true,"href":"https:\/\/bimcointernational.com\/tr\/wp-json\/wp\/v2\/product_brand?post=5820"},{"taxonomy":"product_cat","embeddable":true,"href":"https:\/\/bimcointernational.com\/tr\/wp-json\/wp\/v2\/product_cat?post=5820"},{"taxonomy":"product_tag","embeddable":true,"href":"https:\/\/bimcointernational.com\/tr\/wp-json\/wp\/v2\/product_tag?post=5820"}],"curies":[{"name":"wp","href":"https:\/\/api.w.org\/{rel}","templated":true}]}}