{"id":5804,"date":"2025-07-12T08:25:21","date_gmt":"2025-07-12T08:25:21","guid":{"rendered":"https:\/\/bimcointernational.com\/product\/bimco-nubi-fert-npk\/"},"modified":"2025-07-12T10:22:51","modified_gmt":"2025-07-12T10:22:51","slug":"bimco-nubi-fert-npk","status":"publish","type":"product","link":"https:\/\/bimcointernational.com\/tr\/urun\/bimco-nubi-fert-npk\/","title":{"rendered":"NUBI FERT  N P K 18-46-5+TE"},"content":{"rendered":"<h1><strong>NUBI FERT NPK 18-46-5+TE: Mahsul Geli\u015fimi i\u00e7in Y\u00fcksek Performansl\u0131 Bile\u015fik G\u00fcbre<\/strong><\/h1>\n<p>Mahsulleriniz i\u00e7in en uygun b\u00fcy\u00fcme ve verimlilik seviyelerine ula\u015fmay\u0131 m\u0131 hedefliyorsunuz? <strong>BIMCO International<\/strong>, geni\u015f bir sebze, tarla bitkisi ve meyve a\u011fac\u0131 yelpazesinin besin ihtiya\u00e7lar\u0131n\u0131 kar\u015f\u0131lamak \u00fczere \u00f6zel olarak tasarlanm\u0131\u015f, y\u00fcksek kaliteli s\u0131v\u0131 bile\u015fik g\u00fcbre olan <span style=\"color: #99cc00;\"><strong>NUBI FERT NPK 18-46-5+TE<\/strong><\/span>&#8216;yi sunar.<\/p>\n<h2><span style=\"color: #000000;\"><strong>Temel \u00d6zellikler ve Ba\u015fl\u0131ca Faydalar\u0131:<\/strong><\/span><\/h2>\n<ul>\n<li><strong>Dengeli ve Zengin Form\u00fcl:<\/strong> Bu g\u00fcbre, y\u00fcksek oranda Fosfor (%46), uygun oranda Azot (%18) ve Potasyum (%5) i\u00e7eren ideal bir bile\u015fime sahiptir, bu da onu b\u00fcy\u00fcme, \u00e7i\u00e7eklenme ve meyvelemeyi desteklemek i\u00e7in ideal bir g\u00fcbre yapar.<\/li>\n<li><strong>Bitki Koruma ve H\u00fccre Geli\u015fimi:<\/strong> H\u00fccre b\u00fcy\u00fcmesini te\u015fvik etmek ve bitkiyi \u00e7e\u015fitli hastal\u0131klardan ve \u00e7evresel ko\u015fullardan korumak i\u00e7in \u00f6nemli bir element olan Potasyum i\u00e7erir.<\/li>\n<li><strong>Mikro Besinlerle G\u00fc\u00e7lendirilmi\u015f:<\/strong> Nubi Fert S\u00fcper, bitki i\u00e7indeki t\u00fcm biyolojik s\u00fcre\u00e7lere katk\u0131da bulunan ve optimum sa\u011fl\u0131\u011f\u0131 sa\u011flayan \u00e7e\u015fitli hayati mikro besinleri i\u00e7erir.<\/li>\n<li><strong>\u0130yile\u015ftirilmi\u015f Toprak \u00d6zellikleri:<\/strong> D\u00fc\u015f\u00fck asitlik dengesi ile karakterizedir, bu da toprak \u00f6zelliklerini iyile\u015ftirmeye, alkalinitesini tedavi etmeye ve toprakta bulunan besin maddelerinin emilimini kolayla\u015ft\u0131rmaya yard\u0131mc\u0131 olur.<\/li>\n<li><strong>\u00c7i\u00e7ek Stabilizasyonu ve Verim Art\u0131\u015f\u0131:<\/strong> \u00c7i\u00e7ekleri stabilize etmeye ve d\u00f6k\u00fclmelerini \u00f6nlemeye, g\u00f6vde kal\u0131nl\u0131\u011f\u0131n\u0131 art\u0131rmaya ve g\u00fc\u00e7lendirmeye, meyve tutumunu ve tekd\u00fczeli\u011fini art\u0131rmaya yard\u0131mc\u0131 olur.<\/li>\n<li><strong>Geli\u015fmi\u015f K\u00f6k K\u0131l\u0131 Geli\u015fimi:<\/strong> Besin maddelerinin emilimini ve \u00fcretimi art\u0131rma yetene\u011fini art\u0131ran k\u00f6k k\u0131llar\u0131n\u0131n in\u015fas\u0131, olu\u015fumu ve g\u00fc\u00e7lendirilmesi i\u00e7in \u00e7ok \u00f6nemlidir.<\/li>\n<li><strong>Esnek Uygulama:<\/strong> Damla sulama, merkez pivot sulama ve f\u0131skiyeler, y\u00fczey sulama ve yaprak sulama dahil olmak \u00fczere t\u00fcm sulama y\u00f6ntemleri ve ara\u00e7lar\u0131yla kullan\u0131labilir.<\/li>\n<\/ul>\n<h2><span style=\"color: #99cc00;\"><strong>Bile\u015fim:<\/strong><\/span><\/h2>\n<table>\n<tbody>\n<tr>\n<td rowspan=\"2\"><b>Azot %18<\/b><\/td>\n<td rowspan=\"2\"><b>Fosfor%<\/b><\/td>\n<td rowspan=\"2\"><b>Potasyum%<\/b><\/td>\n<td style=\"text-align: center;\" colspan=\"6\"><b>Mikro elementler<\/b><\/td>\n<\/tr>\n<tr>\n<td><b>Demir Fe<\/b><\/td>\n<td><b>Bak\u0131r Cu<\/b><\/td>\n<td><b>\u00c7inko Zn<\/b><\/td>\n<td><b>Bor B<\/b><\/td>\n<td><b>Manganez<\/b><\/td>\n<td><b>Molibden Mo<\/b><\/td>\n<\/tr>\n<tr>\n<td><b>\u00dcre<\/b><span style=\"font-weight: 400;\">%12<\/span><\/p>\n<p><b>Amonyum<\/b><span style=\"font-weight: 400;\">%6<\/span><\/td>\n<td><span style=\"font-weight: 400;\">46<\/span><\/td>\n<td><span style=\"font-weight: 400;\">5<\/span><\/td>\n<td><span style=\"font-weight: 400;\">0,03<\/span><\/td>\n<td><span style=\"font-weight: 400;\">0,02<\/span><\/td>\n<td><span style=\"font-weight: 400;\">0,03<\/span><\/td>\n<td><span style=\"font-weight: 400;\">0,017<\/span><\/td>\n<td><span style=\"font-weight: 400;\">0,03<\/span><\/td>\n<td><span style=\"font-weight: 400;\">0,001<\/span><\/td>\n<\/tr>\n<\/tbody>\n<\/table>\n<h2><strong><span style=\"color: #99cc00;\">Uygulama Oran\u0131:<\/span><\/strong><\/h2>\n<table>\n<thead>\n<tr>\n<th rowspan=\"2\"><strong>mahsul<\/strong><\/th>\n<th colspan=\"3\"><strong>Doz (litre\/d\u00f6n\u00fcm)<\/strong><\/th>\n<\/tr>\n<tr>\n<th><strong>Sulama<\/strong><\/th>\n<th><strong>Damla sulama<\/strong><\/th>\n<th><strong>yaprak spreyi<\/strong><\/th>\n<\/tr>\n<\/thead>\n<tbody>\n<tr>\n<td><strong>Meyve ve sebze bitkileri<\/strong><\/td>\n<td rowspan=\"3\">\n<p style=\"text-align: center;\"><span style=\"font-weight: 400;\">3-5<\/span><\/p>\n<\/td>\n<td rowspan=\"5\">\n<p style=\"text-align: center;\"><span style=\"font-weight: 400;\">3-5<\/span><\/p>\n<\/td>\n<td rowspan=\"5\">\n<p style=\"text-align: center;\"><span style=\"font-weight: 400;\">0,5-1<\/span><\/p>\n<p style=\"text-align: center;\"><span style=\"font-weight: 400;\">Spreylemeyi iki veya \u00fc\u00e7 kez tekrarlay\u0131n.<\/span><\/p>\n<p style=\"text-align: center;\"><span style=\"font-weight: 400;\">Vejetatif b\u00fcy\u00fcme a\u015famas\u0131<\/span><\/p>\n<\/td>\n<\/tr>\n<tr>\n<td><strong>yaprakl\u0131 bitkiler<\/strong><\/td>\n<\/tr>\n<tr>\n<td><strong>Tah\u0131l \u00fcr\u00fcnleri (bu\u011fday, arpa, pirin\u00e7) ve baklagiller<\/strong><\/td>\n<\/tr>\n<tr>\n<td><strong>Pamuk ve m\u0131s\u0131r<\/strong><\/td>\n<td rowspan=\"2\">\n<p style=\"text-align: center;\"><span style=\"font-weight: 400;\">5-7<\/span><\/p>\n<\/td>\n<\/tr>\n<tr>\n<td><strong>Meyve a\u011fa\u00e7lar\u0131 ve turun\u00e7giller<\/strong><\/td>\n<\/tr>\n<\/tbody>\n<\/table>\n<p>Mahsullerinizin tam potansiyelini ortaya \u00e7\u0131karmak ve dayan\u0131kl\u0131l\u0131klar\u0131n\u0131 art\u0131rmak i\u00e7in BIMCO International&#8217;dan NUBI FERT NPK 18-46-5+TE&#8217;yi se\u00e7in. <span style=\"color: #99cc00;\"><a style=\"color: #99cc00;\" href=\"https:\/\/api.whatsapp.com\/send\/?phone=908503096351&amp;text=%D9%85%D8%B1%D8%AD%D8%A8%D8%A7%D9%8B+%D8%A7%D8%B1%D9%8A%D8%AF+%D8%A7%D9%84%D8%A5%D8%B3%D8%AA%D9%81%D8%B3%D8%A7%D8%B1+%D8%B9%D9%86+%D9%87%D8%B0%D8%A7+%D8%A7%D9%84%D9%85%D9%86%D8%AA%D8%AC%0A%0A%0A%0Ahttps%3A%2F%2Fbimcointernational.com%2F&amp;type=phone_number&amp;app_absent=0\" target=\"_blank\" rel=\"noopener\">Daha fazla bilgi edinmek i\u00e7in bug\u00fcn WhatsApp arac\u0131l\u0131\u011f\u0131yla bize ula\u015f\u0131n<\/a>.<\/span><\/p>\n","protected":false},"excerpt":{"rendered":"<p><b><span style=\"color: #99cc00;\">NUBI FERT NPK 18-46-5+TE<\/span>:<\/b> BIMCO International&#8217;\u0131n y\u00fcksek kaliteli bile\u015fik g\u00fcbresi. Y\u00fcksek fosfor, azot ve potasyum i\u00e7eri\u011fiyle T\u00fcrkiye&#8217;de mahsullerin b\u00fcy\u00fcmesini, \u00e7i\u00e7eklenmesini, meyvelemesini art\u0131r\u0131r ve koruma sa\u011flar.<\/p>\n","protected":false},"featured_media":5796,"comment_status":"open","ping_status":"closed","template":"","meta":{"_eb_attr":"","site-sidebar-layout":"default","site-content-layout":"","ast-site-content-layout":"default","site-content-style":"default","site-sidebar-style":"default","ast-global-header-display":"","ast-banner-title-visibility":"","ast-main-header-display":"","ast-hfb-above-header-display":"","ast-hfb-below-header-display":"","ast-hfb-mobile-header-display":"","site-post-title":"","ast-breadcrumbs-content":"","ast-featured-img":"","footer-sml-layout":"","ast-disable-related-posts":"","theme-transparent-header-meta":"default","adv-header-id-meta":"","stick-header-meta":"","header-above-stick-meta":"","header-main-stick-meta":"","header-below-stick-meta":"","astra-migrate-meta-layouts":"set","ast-page-background-enabled":"default","ast-page-background-meta":{"desktop":{"background-color":"var(--ast-global-color-4)","background-image":"","background-repeat":"repeat","background-position":"center center","background-size":"auto","background-attachment":"scroll","background-type":"","background-media":"","overlay-type":"","overlay-color":"","overlay-opacity":"","overlay-gradient":""},"tablet":{"background-color":"","background-image":"","background-repeat":"repeat","background-position":"center center","background-size":"auto","background-attachment":"scroll","background-type":"","background-media":"","overlay-type":"","overlay-color":"","overlay-opacity":"","overlay-gradient":""},"mobile":{"background-color":"","background-image":"","background-repeat":"repeat","background-position":"center center","background-size":"auto","background-attachment":"scroll","background-type":"","background-media":"","overlay-type":"","overlay-color":"","overlay-opacity":"","overlay-gradient":""}},"ast-content-background-meta":{"desktop":{"background-color":"var(--ast-global-color-5)","background-image":"","background-repeat":"repeat","background-position":"center center","background-size":"auto","background-attachment":"scroll","background-type":"","background-media":"","overlay-type":"","overlay-color":"","overlay-opacity":"","overlay-gradient":""},"tablet":{"background-color":"var(--ast-global-color-5)","background-image":"","background-repeat":"repeat","background-position":"center center","background-size":"auto","background-attachment":"scroll","background-type":"","background-media":"","overlay-type":"","overlay-color":"","overlay-opacity":"","overlay-gradient":""},"mobile":{"background-color":"var(--ast-global-color-5)","background-image":"","background-repeat":"repeat","background-position":"center center","background-size":"auto","background-attachment":"scroll","background-type":"","background-media":"","overlay-type":"","overlay-color":"","overlay-opacity":"","overlay-gradient":""}},"_joinchat":[]},"product_brand":[],"product_cat":[80],"product_tag":[],"class_list":{"0":"post-5804","1":"product","2":"type-product","3":"status-publish","4":"has-post-thumbnail","6":"product_cat-sivi-gubre","7":"desktop-align-left","8":"tablet-align-left","9":"mobile-align-left","11":"first","12":"instock","13":"shipping-taxable","14":"product-type-simple"},"yoast_head":"<!-- This site is optimized with the Yoast SEO plugin v27.1.1 - https:\/\/yoast.com\/product\/yoast-seo-wordpress\/ -->\n<title>NUBI FERT NPK 18-46-5+TE: Y\u00fcksek Fosforlu Mahsul G\u00fcbresi - bimco international<\/title>\n<meta name=\"description\" content=\"BIMCO International&#039;dan NUBI FERT NPK 18-46-5+TE: Y\u00fcksek fosfor i\u00e7eren, mahsul b\u00fcy\u00fcmesi ve korunmas\u0131 i\u00e7in y\u00fcksek kaliteli bile\u015fik g\u00fcbre, T\u00fcrkiye&#039;de.\" \/>\n<meta name=\"robots\" content=\"index, follow, max-snippet:-1, max-image-preview:large, max-video-preview:-1\" \/>\n<link rel=\"canonical\" href=\"https:\/\/bimcointernational.com\/tr\/urun\/bimco-nubi-fert-npk\/\" \/>\n<meta property=\"og:locale\" content=\"tr_TR\" \/>\n<meta property=\"og:type\" content=\"article\" \/>\n<meta property=\"og:title\" content=\"NUBI FERT NPK 18-46-5+TE: Y\u00fcksek Fosforlu Mahsul G\u00fcbresi - bimco international\" \/>\n<meta property=\"og:description\" content=\"BIMCO International&#039;dan NUBI FERT NPK 18-46-5+TE: Y\u00fcksek fosfor i\u00e7eren, mahsul b\u00fcy\u00fcmesi ve korunmas\u0131 i\u00e7in y\u00fcksek kaliteli bile\u015fik g\u00fcbre, T\u00fcrkiye&#039;de.\" \/>\n<meta property=\"og:url\" content=\"https:\/\/bimcointernational.com\/tr\/urun\/bimco-nubi-fert-npk\/\" \/>\n<meta property=\"og:site_name\" content=\"bimco international\" \/>\n<meta property=\"article:publisher\" content=\"https:\/\/www.facebook.com\/B9K9T\" \/>\n<meta property=\"article:modified_time\" content=\"2025-07-12T10:22:51+00:00\" \/>\n<meta property=\"og:image\" content=\"https:\/\/bimcointernational.com\/wp-content\/uploads\/2025\/07\/NUBI-FERT-NPK.png\" \/>\n\t<meta property=\"og:image:width\" content=\"1000\" \/>\n\t<meta property=\"og:image:height\" content=\"1000\" \/>\n\t<meta property=\"og:image:type\" content=\"image\/png\" \/>\n<meta name=\"twitter:card\" content=\"summary_large_image\" \/>\n<meta name=\"twitter:label1\" content=\"Tahmini okuma s\u00fcresi\" \/>\n\t<meta name=\"twitter:data1\" content=\"2 dakika\" \/>\n<script type=\"application\/ld+json\" class=\"yoast-schema-graph\">{\"@context\":\"https:\/\/schema.org\",\"@graph\":[{\"@type\":\"WebPage\",\"@id\":\"https:\/\/bimcointernational.com\/tr\/urun\/bimco-nubi-fert-npk\/\",\"url\":\"https:\/\/bimcointernational.com\/tr\/urun\/bimco-nubi-fert-npk\/\",\"name\":\"NUBI FERT NPK 18-46-5+TE: Y\u00fcksek Fosforlu Mahsul G\u00fcbresi - bimco international\",\"isPartOf\":{\"@id\":\"https:\/\/bimcointernational.com\/tr\/#website\"},\"primaryImageOfPage\":{\"@id\":\"https:\/\/bimcointernational.com\/tr\/urun\/bimco-nubi-fert-npk\/#primaryimage\"},\"image\":{\"@id\":\"https:\/\/bimcointernational.com\/tr\/urun\/bimco-nubi-fert-npk\/#primaryimage\"},\"thumbnailUrl\":\"https:\/\/bimcointernational.com\/wp-content\/uploads\/2025\/07\/NUBI-FERT-NPK.png\",\"datePublished\":\"2025-07-12T08:25:21+00:00\",\"dateModified\":\"2025-07-12T10:22:51+00:00\",\"description\":\"BIMCO International'dan NUBI FERT NPK 18-46-5+TE: Y\u00fcksek fosfor i\u00e7eren, mahsul b\u00fcy\u00fcmesi ve korunmas\u0131 i\u00e7in y\u00fcksek kaliteli bile\u015fik g\u00fcbre, T\u00fcrkiye'de.\",\"breadcrumb\":{\"@id\":\"https:\/\/bimcointernational.com\/tr\/urun\/bimco-nubi-fert-npk\/#breadcrumb\"},\"inLanguage\":\"tr\",\"potentialAction\":[{\"@type\":\"ReadAction\",\"target\":[\"https:\/\/bimcointernational.com\/tr\/urun\/bimco-nubi-fert-npk\/\"]}]},{\"@type\":\"ImageObject\",\"inLanguage\":\"tr\",\"@id\":\"https:\/\/bimcointernational.com\/tr\/urun\/bimco-nubi-fert-npk\/#primaryimage\",\"url\":\"https:\/\/bimcointernational.com\/wp-content\/uploads\/2025\/07\/NUBI-FERT-NPK.png\",\"contentUrl\":\"https:\/\/bimcointernational.com\/wp-content\/uploads\/2025\/07\/NUBI-FERT-NPK.png\",\"width\":1000,\"height\":1000,\"caption\":\"NUBI FERT NPK 18-46-5+TE: Enhancing crop growth and yield quality.\"},{\"@type\":\"BreadcrumbList\",\"@id\":\"https:\/\/bimcointernational.com\/tr\/urun\/bimco-nubi-fert-npk\/#breadcrumb\",\"itemListElement\":[{\"@type\":\"ListItem\",\"position\":1,\"name\":\"Home\",\"item\":\"https:\/\/bimcointernational.com\/tr\/\"},{\"@type\":\"ListItem\",\"position\":2,\"name\":\"\u00dcr\u00fcnlerimiz\",\"item\":\"https:\/\/bimcointernational.com\/tr\/urunlerimiz\/\"},{\"@type\":\"ListItem\",\"position\":3,\"name\":\"NUBI FERT N P K 18-46-5+TE\"}]},{\"@type\":\"WebSite\",\"@id\":\"https:\/\/bimcointernational.com\/tr\/#website\",\"url\":\"https:\/\/bimcointernational.com\/tr\/\",\"name\":\"bimco international\",\"description\":\"\u0634\u0631\u0643\u0629 \u0628\u064a\u0645\u0643\u0648 \u0627\u0644\u0643\u064a\u0645\u064a\u0627\u0626\u064a\u0629 \u0644\u0635\u0646\u0627\u0639\u0629 \u0627\u0644\u0645\u0628\u064a\u062f\u0627\u062a \u0648\u0627\u0644\u0623\u0633\u0645\u062f\u0629 \u0639\u0627\u0644\u064a\u0629 \u0627\u0644\u062c\u0648\u062f\u0629 35 \u0639\u0627\u0645\u0627 \u0645\u0646 \u0627\u0644\u062e\u0628\u0631\u0629 \u0646\u0636\u0639\u0647\u0627 \u0628\u064a\u0646 \u0623\u064a\u062f\u064a\u0643\u0645\",\"publisher\":{\"@id\":\"https:\/\/bimcointernational.com\/tr\/#organization\"},\"potentialAction\":[{\"@type\":\"SearchAction\",\"target\":{\"@type\":\"EntryPoint\",\"urlTemplate\":\"https:\/\/bimcointernational.com\/tr\/?s={search_term_string}\"},\"query-input\":{\"@type\":\"PropertyValueSpecification\",\"valueRequired\":true,\"valueName\":\"search_term_string\"}}],\"inLanguage\":\"tr\"},{\"@type\":\"Organization\",\"@id\":\"https:\/\/bimcointernational.com\/tr\/#organization\",\"name\":\"bimco international\",\"url\":\"https:\/\/bimcointernational.com\/tr\/\",\"logo\":{\"@type\":\"ImageObject\",\"inLanguage\":\"tr\",\"@id\":\"https:\/\/bimcointernational.com\/tr\/#\/schema\/logo\/image\/\",\"url\":\"https:\/\/bimcointernational.com\/wp-content\/uploads\/2023\/03\/bimco-international.png\",\"contentUrl\":\"https:\/\/bimcointernational.com\/wp-content\/uploads\/2023\/03\/bimco-international.png\",\"width\":1000,\"height\":283,\"caption\":\"bimco international\"},\"image\":{\"@id\":\"https:\/\/bimcointernational.com\/tr\/#\/schema\/logo\/image\/\"},\"sameAs\":[\"https:\/\/www.facebook.com\/B9K9T\",\"https:\/\/www.instagram.com\/bimcokimya\/\"]}]}<\/script>\n<!-- \/ Yoast SEO plugin. -->","yoast_head_json":{"title":"NUBI FERT NPK 18-46-5+TE: Y\u00fcksek Fosforlu Mahsul G\u00fcbresi - bimco international","description":"BIMCO International'dan NUBI FERT NPK 18-46-5+TE: Y\u00fcksek fosfor i\u00e7eren, mahsul b\u00fcy\u00fcmesi ve korunmas\u0131 i\u00e7in y\u00fcksek kaliteli bile\u015fik g\u00fcbre, T\u00fcrkiye'de.","robots":{"index":"index","follow":"follow","max-snippet":"max-snippet:-1","max-image-preview":"max-image-preview:large","max-video-preview":"max-video-preview:-1"},"canonical":"https:\/\/bimcointernational.com\/tr\/urun\/bimco-nubi-fert-npk\/","og_locale":"tr_TR","og_type":"article","og_title":"NUBI FERT NPK 18-46-5+TE: Y\u00fcksek Fosforlu Mahsul G\u00fcbresi - bimco international","og_description":"BIMCO International'dan NUBI FERT NPK 18-46-5+TE: Y\u00fcksek fosfor i\u00e7eren, mahsul b\u00fcy\u00fcmesi ve korunmas\u0131 i\u00e7in y\u00fcksek kaliteli bile\u015fik g\u00fcbre, T\u00fcrkiye'de.","og_url":"https:\/\/bimcointernational.com\/tr\/urun\/bimco-nubi-fert-npk\/","og_site_name":"bimco international","article_publisher":"https:\/\/www.facebook.com\/B9K9T","article_modified_time":"2025-07-12T10:22:51+00:00","og_image":[{"width":1000,"height":1000,"url":"https:\/\/bimcointernational.com\/wp-content\/uploads\/2025\/07\/NUBI-FERT-NPK.png","type":"image\/png"}],"twitter_card":"summary_large_image","twitter_misc":{"Tahmini okuma s\u00fcresi":"2 dakika"},"schema":{"@context":"https:\/\/schema.org","@graph":[{"@type":"WebPage","@id":"https:\/\/bimcointernational.com\/tr\/urun\/bimco-nubi-fert-npk\/","url":"https:\/\/bimcointernational.com\/tr\/urun\/bimco-nubi-fert-npk\/","name":"NUBI FERT NPK 18-46-5+TE: Y\u00fcksek Fosforlu Mahsul G\u00fcbresi - bimco international","isPartOf":{"@id":"https:\/\/bimcointernational.com\/tr\/#website"},"primaryImageOfPage":{"@id":"https:\/\/bimcointernational.com\/tr\/urun\/bimco-nubi-fert-npk\/#primaryimage"},"image":{"@id":"https:\/\/bimcointernational.com\/tr\/urun\/bimco-nubi-fert-npk\/#primaryimage"},"thumbnailUrl":"https:\/\/bimcointernational.com\/wp-content\/uploads\/2025\/07\/NUBI-FERT-NPK.png","datePublished":"2025-07-12T08:25:21+00:00","dateModified":"2025-07-12T10:22:51+00:00","description":"BIMCO International'dan NUBI FERT NPK 18-46-5+TE: Y\u00fcksek fosfor i\u00e7eren, mahsul b\u00fcy\u00fcmesi ve korunmas\u0131 i\u00e7in y\u00fcksek kaliteli bile\u015fik g\u00fcbre, T\u00fcrkiye'de.","breadcrumb":{"@id":"https:\/\/bimcointernational.com\/tr\/urun\/bimco-nubi-fert-npk\/#breadcrumb"},"inLanguage":"tr","potentialAction":[{"@type":"ReadAction","target":["https:\/\/bimcointernational.com\/tr\/urun\/bimco-nubi-fert-npk\/"]}]},{"@type":"ImageObject","inLanguage":"tr","@id":"https:\/\/bimcointernational.com\/tr\/urun\/bimco-nubi-fert-npk\/#primaryimage","url":"https:\/\/bimcointernational.com\/wp-content\/uploads\/2025\/07\/NUBI-FERT-NPK.png","contentUrl":"https:\/\/bimcointernational.com\/wp-content\/uploads\/2025\/07\/NUBI-FERT-NPK.png","width":1000,"height":1000,"caption":"NUBI FERT NPK 18-46-5+TE: Enhancing crop growth and yield quality."},{"@type":"BreadcrumbList","@id":"https:\/\/bimcointernational.com\/tr\/urun\/bimco-nubi-fert-npk\/#breadcrumb","itemListElement":[{"@type":"ListItem","position":1,"name":"Home","item":"https:\/\/bimcointernational.com\/tr\/"},{"@type":"ListItem","position":2,"name":"\u00dcr\u00fcnlerimiz","item":"https:\/\/bimcointernational.com\/tr\/urunlerimiz\/"},{"@type":"ListItem","position":3,"name":"NUBI FERT N P K 18-46-5+TE"}]},{"@type":"WebSite","@id":"https:\/\/bimcointernational.com\/tr\/#website","url":"https:\/\/bimcointernational.com\/tr\/","name":"bimco international","description":"\u0634\u0631\u0643\u0629 \u0628\u064a\u0645\u0643\u0648 \u0627\u0644\u0643\u064a\u0645\u064a\u0627\u0626\u064a\u0629 \u0644\u0635\u0646\u0627\u0639\u0629 \u0627\u0644\u0645\u0628\u064a\u062f\u0627\u062a \u0648\u0627\u0644\u0623\u0633\u0645\u062f\u0629 \u0639\u0627\u0644\u064a\u0629 \u0627\u0644\u062c\u0648\u062f\u0629 35 \u0639\u0627\u0645\u0627 \u0645\u0646 \u0627\u0644\u062e\u0628\u0631\u0629 \u0646\u0636\u0639\u0647\u0627 \u0628\u064a\u0646 \u0623\u064a\u062f\u064a\u0643\u0645","publisher":{"@id":"https:\/\/bimcointernational.com\/tr\/#organization"},"potentialAction":[{"@type":"SearchAction","target":{"@type":"EntryPoint","urlTemplate":"https:\/\/bimcointernational.com\/tr\/?s={search_term_string}"},"query-input":{"@type":"PropertyValueSpecification","valueRequired":true,"valueName":"search_term_string"}}],"inLanguage":"tr"},{"@type":"Organization","@id":"https:\/\/bimcointernational.com\/tr\/#organization","name":"bimco international","url":"https:\/\/bimcointernational.com\/tr\/","logo":{"@type":"ImageObject","inLanguage":"tr","@id":"https:\/\/bimcointernational.com\/tr\/#\/schema\/logo\/image\/","url":"https:\/\/bimcointernational.com\/wp-content\/uploads\/2023\/03\/bimco-international.png","contentUrl":"https:\/\/bimcointernational.com\/wp-content\/uploads\/2023\/03\/bimco-international.png","width":1000,"height":283,"caption":"bimco international"},"image":{"@id":"https:\/\/bimcointernational.com\/tr\/#\/schema\/logo\/image\/"},"sameAs":["https:\/\/www.facebook.com\/B9K9T","https:\/\/www.instagram.com\/bimcokimya\/"]}]}},"jetpack_sharing_enabled":true,"_links":{"self":[{"href":"https:\/\/bimcointernational.com\/tr\/wp-json\/wp\/v2\/product\/5804","targetHints":{"allow":["GET"]}}],"collection":[{"href":"https:\/\/bimcointernational.com\/tr\/wp-json\/wp\/v2\/product"}],"about":[{"href":"https:\/\/bimcointernational.com\/tr\/wp-json\/wp\/v2\/types\/product"}],"replies":[{"embeddable":true,"href":"https:\/\/bimcointernational.com\/tr\/wp-json\/wp\/v2\/comments?post=5804"}],"wp:featuredmedia":[{"embeddable":true,"href":"https:\/\/bimcointernational.com\/tr\/wp-json\/wp\/v2\/media\/5796"}],"wp:attachment":[{"href":"https:\/\/bimcointernational.com\/tr\/wp-json\/wp\/v2\/media?parent=5804"}],"wp:term":[{"taxonomy":"product_brand","embeddable":true,"href":"https:\/\/bimcointernational.com\/tr\/wp-json\/wp\/v2\/product_brand?post=5804"},{"taxonomy":"product_cat","embeddable":true,"href":"https:\/\/bimcointernational.com\/tr\/wp-json\/wp\/v2\/product_cat?post=5804"},{"taxonomy":"product_tag","embeddable":true,"href":"https:\/\/bimcointernational.com\/tr\/wp-json\/wp\/v2\/product_tag?post=5804"}],"curies":[{"name":"wp","href":"https:\/\/api.w.org\/{rel}","templated":true}]}}