{"id":5742,"date":"2025-07-08T07:00:14","date_gmt":"2025-07-08T07:00:14","guid":{"rendered":"https:\/\/bimcointernational.com\/product\/bimco-amino-up\/"},"modified":"2025-07-08T07:38:43","modified_gmt":"2025-07-08T07:38:43","slug":"bimco-amino-up","status":"publish","type":"product","link":"https:\/\/bimcointernational.com\/tr\/urun\/bimco-amino-up\/","title":{"rendered":"AMINO UP"},"content":{"rendered":"<h1><strong><span style=\"color: #99cc00;\">AMINO UP<\/span>: Bitki B\u00fcy\u00fcmesi ve Stres Direnci i\u00e7in Kapsaml\u0131 Destek<\/strong><\/h1>\n<p>Kritik d\u00f6nemlerde mahsullerinizde g\u00fc\u00e7l\u00fc bir destek sa\u011flayacak ve zorlu ko\u015fullara dayanmalar\u0131na yard\u0131mc\u0131 olacak organik bir g\u00fcbre mi ar\u0131yorsunuz? BIMCO, konsantre karboksilik asitler, amino asitler ve deniz yosunlar\u0131 ile zenginle\u015ftirilmi\u015f, temel mikro besinlerle g\u00fc\u00e7lendirilmi\u015f e\u015fsiz bir form\u00fclasyon olan <span style=\"color: #99cc00;\"><strong>AMINO UP<\/strong><\/span>&#8216;\u0131 sunar.<\/p>\n<h2><span style=\"color: #000000;\"><strong><span style=\"color: #99cc00;\">AMINO UP<\/span>&#8216;\u0131n Genel \u00d6zellikleri ve Ba\u015fl\u0131ca Faydalar\u0131:<\/strong><\/span><\/h2>\n<p><span style=\"color: #99cc00;\">AMINO UP<\/span>, kolayca emilebilen amino asitler ve deniz yosunlar\u0131n\u0131n do\u011fal kar\u0131\u015f\u0131m\u0131n\u0131, \u015felatl\u0131 mikro besinlerle birle\u015ftiren yenilik\u00e7i bir karboksilik amino g\u00fcbredir. Bir\u00e7ok fayda sunar:<\/p>\n<ul>\n<li><strong>Kritik D\u00f6nemlerde Kapsaml\u0131 Destek:<\/strong> AMINO UP, bitkilerin ya\u015fam d\u00f6ng\u00fcs\u00fcn\u00fcn en \u00f6nemli a\u015famalar\u0131nda, \u00f6rne\u011fin \u00e7i\u00e7eklenme, \u00e7i\u00e7ek tutumu, meyve olu\u015fumu ve meyve b\u00fcy\u00fcmesi ile olgunla\u015fma d\u00f6nemlerinde bitkileri desteklemek i\u00e7in \u00f6zel olarak kullan\u0131l\u0131r.<\/li>\n<li><strong>Geli\u015fmi\u015f Stres Direnci:<\/strong> Kurakl\u0131k, susuzluk, y\u00fcksek s\u0131cakl\u0131k, don, \u015fiddetli so\u011fuk, tuzluluk ve hatta kimyasal pestisitlere maruz kalma gibi \u00e7e\u015fitli stres ko\u015fullar\u0131na kar\u015f\u0131 bitkiler i\u00e7in g\u00fc\u00e7l\u00fc koruma sa\u011flar.<\/li>\n<li><strong>\u0130yile\u015ftirilmi\u015f Besin Emilimi:<\/strong> Amino asitler ve deniz yosunlar\u0131, bitkinin topraktan besin maddelerini emme verimlili\u011fini art\u0131rmaya yard\u0131mc\u0131 olarak g\u00fcbrelemenin etkinli\u011fini y\u00fckseltir.<\/li>\n<li><strong>Sa\u011fl\u0131kl\u0131 B\u00fcy\u00fcmeyi Te\u015fvik Eder:<\/strong> G\u00fc\u00e7l\u00fc ve verimli bitki b\u00fcy\u00fcmesine katk\u0131da bulunur, meyve kalitesini ve genel \u00fcr\u00fcn miktar\u0131n\u0131 art\u0131r\u0131r.<\/li>\n<\/ul>\n<h2><strong><span style=\"color: #000000;\"><span style=\"color: #99cc00;\">AMINO UP<\/span>&#8216;\u0131n Kimyasal Analizi:<\/span><\/strong><\/h2>\n<h3><strong><span style=\"color: #99cc00;\">Temel Bile\u015fim ve \u0130z Elementler:<\/span><\/strong><\/h3>\n<table style=\"width: 100%; border-collapse: collapse; text-align: center;\">\n<thead>\n<tr>\n<th style=\"border: 1px solid #ddd; padding: 8px; background-color: #f2f2f2;\">Bile\u015fen<\/th>\n<th style=\"border: 1px solid #ddd; padding: 8px; background-color: #f2f2f2;\">Konsantrasyon (%)<\/th>\n<\/tr>\n<\/thead>\n<tbody>\n<tr>\n<td style=\"border: 1px solid #ddd; padding: 8px;\">Azot (N)<\/td>\n<td style=\"border: 1px solid #ddd; padding: 8px;\">6<\/td>\n<\/tr>\n<tr>\n<td style=\"border: 1px solid #ddd; padding: 8px;\">Fosfor (P2O5)<\/td>\n<td style=\"border: 1px solid #ddd; padding: 8px;\">1<\/td>\n<\/tr>\n<tr>\n<td style=\"border: 1px solid #ddd; padding: 8px;\">Bak\u0131r EDTA (Cu-EDTA)<\/td>\n<td style=\"border: 1px solid #ddd; padding: 8px;\">0.03<\/td>\n<\/tr>\n<tr>\n<td style=\"border: 1px solid #ddd; padding: 8px;\">Manganez EDTA (Mn-EDTA)<\/td>\n<td style=\"border: 1px solid #ddd; padding: 8px;\">0.03<\/td>\n<\/tr>\n<tr>\n<td style=\"border: 1px solid #ddd; padding: 8px;\">Kalsiyum (CaO)<\/td>\n<td style=\"border: 1px solid #ddd; padding: 8px;\">0.03<\/td>\n<\/tr>\n<tr>\n<td style=\"border: 1px solid #ddd; padding: 8px;\">Bor (B2O3)<\/td>\n<td style=\"border: 1px solid #ddd; padding: 8px;\">0.03<\/td>\n<\/tr>\n<tr>\n<td style=\"border: 1px solid #ddd; padding: 8px;\">Demir EDTA (Fe-EDTA)<\/td>\n<td style=\"border: 1px solid #ddd; padding: 8px;\">1.25<\/td>\n<\/tr>\n<tr>\n<td style=\"border: 1px solid #ddd; padding: 8px;\">\u00c7inko EDTA (Zn-EDTA)<\/td>\n<td style=\"border: 1px solid #ddd; padding: 8px;\">0.5<\/td>\n<\/tr>\n<tr>\n<td style=\"border: 1px solid #ddd; padding: 8px;\">Organik Karbon<\/td>\n<td style=\"border: 1px solid #ddd; padding: 8px;\">28<\/td>\n<\/tr>\n<\/tbody>\n<\/table>\n<h3><strong><span style=\"color: #99cc00;\">Aktif Organik Bile\u015fikler:<\/span><\/strong><\/h3>\n<table style=\"width: 100%; border-collapse: collapse; text-align: center;\">\n<thead>\n<tr>\n<th style=\"border: 1px solid #ddd; padding: 8px; background-color: #f2f2f2;\">Bile\u015fen<\/th>\n<th style=\"border: 1px solid #ddd; padding: 8px; background-color: #f2f2f2;\">Konsantrasyon (%)<\/th>\n<\/tr>\n<\/thead>\n<tbody>\n<tr>\n<td style=\"border: 1px solid #ddd; padding: 8px;\">Karboksilik Asit<\/td>\n<td style=\"border: 1px solid #ddd; padding: 8px;\">60<\/td>\n<\/tr>\n<tr>\n<td style=\"border: 1px solid #ddd; padding: 8px;\">Deniz Yosunlar\u0131<\/td>\n<td style=\"border: 1px solid #ddd; padding: 8px;\">2.5<\/td>\n<\/tr>\n<tr>\n<td style=\"border: 1px solid #ddd; padding: 8px;\">Aljinik Asit<\/td>\n<td style=\"border: 1px solid #ddd; padding: 8px;\">0.5<\/td>\n<\/tr>\n<tr>\n<td style=\"border: 1px solid #ddd; padding: 8px;\">Serbest Amino Asitler<\/td>\n<td style=\"border: 1px solid #ddd; padding: 8px;\">0.5<\/td>\n<\/tr>\n<tr>\n<td style=\"border: 1px solid #ddd; padding: 8px;\">Toplam Amino Asitler<\/td>\n<td style=\"border: 1px solid #ddd; padding: 8px;\">6<\/td>\n<\/tr>\n<\/tbody>\n<\/table>\n<h2><span style=\"color: #99cc00;\"><strong>\u00d6nerilen Uygulama Oran\u0131:<\/strong><\/span><\/h2>\n<table style=\"width: 100%; border-collapse: collapse; text-align: center;\">\n<thead>\n<tr>\n<th style=\"border: 1px solid #ddd; padding: 8px; background-color: #f2f2f2;\">Bitki T\u00fcr\u00fc<\/th>\n<th style=\"border: 1px solid #ddd; padding: 8px; background-color: #f2f2f2;\">Sulama \/ dekar ba\u015f\u0131na gram<\/th>\n<th style=\"border: 1px solid #ddd; padding: 8px; background-color: #f2f2f2;\">P\u00fcsk\u00fcrtme \/ 100 litre suya<\/th>\n<\/tr>\n<\/thead>\n<tbody>\n<tr>\n<td style=\"border: 1px solid #ddd; padding: 8px;\">Sebzeler, So\u011fanl\u0131 Bitkiler ve Yumrular<\/td>\n<td style=\"border: 1px solid #ddd; padding: 8px;\">150 &#8211; 750<\/td>\n<td style=\"border: 1px solid #ddd; padding: 8px;\">125 &#8211; 200<\/td>\n<\/tr>\n<tr>\n<td style=\"border: 1px solid #ddd; padding: 8px;\">Tarla Bitkileri ve Baklagiller<\/td>\n<td style=\"border: 1px solid #ddd; padding: 8px;\">200 &#8211; 400<\/td>\n<td style=\"border: 1px solid #ddd; padding: 8px;\">100 &#8211; 200<\/td>\n<\/tr>\n<tr>\n<td style=\"border: 1px solid #ddd; padding: 8px;\">Turun\u00e7giller, Kakao ve Tropikal Meyve A\u011fa\u00e7lar\u0131<\/td>\n<td style=\"border: 1px solid #ddd; padding: 8px;\">250 &#8211; 500<\/td>\n<td style=\"border: 1px solid #ddd; padding: 8px;\">100 &#8211; 150<\/td>\n<\/tr>\n<tr>\n<td style=\"border: 1px solid #ddd; padding: 8px;\">\u00dcz\u00fcm, Zeytin ve Nar A\u011fa\u00e7lar\u0131<\/td>\n<td style=\"border: 1px solid #ddd; padding: 8px;\">150 &#8211; 500<\/td>\n<td style=\"border: 1px solid #ddd; padding: 8px;\">50 &#8211; 150<\/td>\n<\/tr>\n<tr>\n<td style=\"border: 1px solid #ddd; padding: 8px;\">Elma, Badem ve Antep F\u0131st\u0131\u011f\u0131<\/td>\n<td style=\"border: 1px solid #ddd; padding: 8px;\">200 &#8211; 500<\/td>\n<td style=\"border: 1px solid #ddd; padding: 8px;\">50 &#8211; 150<\/td>\n<\/tr>\n<tr>\n<td style=\"border: 1px solid #ddd; padding: 8px;\">Pamuk, \u015eeker Pancar\u0131 ve Susam<\/td>\n<td style=\"border: 1px solid #ddd; padding: 8px;\">250 &#8211; 400<\/td>\n<td style=\"border: 1px solid #ddd; padding: 8px;\">125 &#8211; 250<\/td>\n<\/tr>\n<tr>\n<td style=\"border: 1px solid #ddd; padding: 8px;\">S\u00fcs Bitkileri, Tah\u0131llar ve Yem Bitkileri<\/td>\n<td style=\"border: 1px solid #ddd; padding: 8px;\">100 &#8211; 300<\/td>\n<td style=\"border: 1px solid #ddd; padding: 8px;\">50 &#8211; 200<\/td>\n<\/tr>\n<\/tbody>\n<\/table>\n<p>Mahsullerinizin tam potansiyelini ortaya \u00e7\u0131karmak ve dayan\u0131kl\u0131l\u0131klar\u0131n\u0131 art\u0131rmak i\u00e7in BIMCO&#8217;dan AMINO UP&#8217;\u0131 se\u00e7in. <span style=\"color: #99cc00;\"><a style=\"color: #99cc00;\" href=\"https:\/\/api.whatsapp.com\/send\/?phone=908503096351&amp;text=%D9%85%D8%B1%D8%AD%D8%A8%D8%A7%D9%8B+%D8%A7%D8%B1%D9%8A%D8%AF+%D8%A7%D9%84%D8%A5%D8%B3%D8%AA%D9%81%D8%B3%D8%A7%D8%B1+%D8%B9%D9%86+%D9%87%D8%B0%D8%A7+%D8%A7%D9%84%D9%85%D9%86%D8%AA%D8%AC%0A%0A%0A%0Ahttps%3A%2F%2Fbimcointernational.com%2F&amp;type=phone_number&amp;app_absent=0\" target=\"_blank\" rel=\"noopener\">Daha fazla bilgi edinmek i\u00e7in bug\u00fcn WhatsApp arac\u0131l\u0131\u011f\u0131yla bize ula\u015f\u0131n<\/a>.<\/span><\/p>\n","protected":false},"excerpt":{"rendered":"<p style=\"text-align: left;\"><b><span style=\"color: #99cc00;\">AMINO UP<\/span>:<\/b> BIMCO&#8217;nun kritik b\u00fcy\u00fcme d\u00f6nemlerinde bitkileri destekleyen ve stres direncini art\u0131ran organik g\u00fcbresi. Amino asitler, deniz yosunlar\u0131 ve mikro besinlerle zengin form\u00fcl\u00fc, T\u00fcrkiye&#8217;de sa\u011fl\u0131kl\u0131 b\u00fcy\u00fcmeyi ve \u00fcr\u00fcn kalitesini te\u015fvik eder.<\/p>\n","protected":false},"featured_media":5772,"comment_status":"open","ping_status":"closed","template":"","meta":{"_eb_attr":"","site-sidebar-layout":"default","site-content-layout":"","ast-site-content-layout":"default","site-content-style":"default","site-sidebar-style":"default","ast-global-header-display":"","ast-banner-title-visibility":"","ast-main-header-display":"","ast-hfb-above-header-display":"","ast-hfb-below-header-display":"","ast-hfb-mobile-header-display":"","site-post-title":"","ast-breadcrumbs-content":"","ast-featured-img":"","footer-sml-layout":"","ast-disable-related-posts":"","theme-transparent-header-meta":"default","adv-header-id-meta":"","stick-header-meta":"","header-above-stick-meta":"","header-main-stick-meta":"","header-below-stick-meta":"","astra-migrate-meta-layouts":"set","ast-page-background-enabled":"default","ast-page-background-meta":{"desktop":{"background-color":"var(--ast-global-color-4)","background-image":"","background-repeat":"repeat","background-position":"center center","background-size":"auto","background-attachment":"scroll","background-type":"","background-media":"","overlay-type":"","overlay-color":"","overlay-opacity":"","overlay-gradient":""},"tablet":{"background-color":"","background-image":"","background-repeat":"repeat","background-position":"center center","background-size":"auto","background-attachment":"scroll","background-type":"","background-media":"","overlay-type":"","overlay-color":"","overlay-opacity":"","overlay-gradient":""},"mobile":{"background-color":"","background-image":"","background-repeat":"repeat","background-position":"center center","background-size":"auto","background-attachment":"scroll","background-type":"","background-media":"","overlay-type":"","overlay-color":"","overlay-opacity":"","overlay-gradient":""}},"ast-content-background-meta":{"desktop":{"background-color":"var(--ast-global-color-5)","background-image":"","background-repeat":"repeat","background-position":"center center","background-size":"auto","background-attachment":"scroll","background-type":"","background-media":"","overlay-type":"","overlay-color":"","overlay-opacity":"","overlay-gradient":""},"tablet":{"background-color":"var(--ast-global-color-5)","background-image":"","background-repeat":"repeat","background-position":"center center","background-size":"auto","background-attachment":"scroll","background-type":"","background-media":"","overlay-type":"","overlay-color":"","overlay-opacity":"","overlay-gradient":""},"mobile":{"background-color":"var(--ast-global-color-5)","background-image":"","background-repeat":"repeat","background-position":"center center","background-size":"auto","background-attachment":"scroll","background-type":"","background-media":"","overlay-type":"","overlay-color":"","overlay-opacity":"","overlay-gradient":""}},"_joinchat":[]},"product_brand":[],"product_cat":[80],"product_tag":[],"class_list":{"0":"post-5742","1":"product","2":"type-product","3":"status-publish","4":"has-post-thumbnail","6":"product_cat-sivi-gubre","7":"desktop-align-left","8":"tablet-align-left","9":"mobile-align-left","11":"first","12":"instock","13":"shipping-taxable","14":"product-type-simple"},"yoast_head":"<!-- This site is optimized with the Yoast SEO plugin v27.4 - https:\/\/yoast.com\/product\/yoast-seo-wordpress\/ -->\n<title>AMINO UP: Amino Asitler, Deniz Yosunlar\u0131 &amp; Mikro Besinler- Bimco International<\/title>\n<meta name=\"description\" content=\"BIMCO&#039;dan Amino Up: Karboksilik\/amino asitler, deniz yosunlar\u0131 ve mikro besinlerle organik g\u00fcbre. T\u00fcrkiye&#039;de b\u00fcy\u00fcmeyi, stres direncini ve \u00fcr\u00fcn kalitesini art\u0131r\u0131r.\" \/>\n<meta name=\"robots\" content=\"index, follow, max-snippet:-1, max-image-preview:large, max-video-preview:-1\" \/>\n<link rel=\"canonical\" href=\"https:\/\/bimcointernational.com\/tr\/urun\/bimco-amino-up\/\" \/>\n<meta property=\"og:locale\" content=\"tr_TR\" \/>\n<meta property=\"og:type\" content=\"article\" \/>\n<meta property=\"og:title\" content=\"AMINO UP: Amino Asitler, Deniz Yosunlar\u0131 &amp; Mikro Besinler- Bimco International\" \/>\n<meta property=\"og:description\" content=\"BIMCO&#039;dan Amino Up: Karboksilik\/amino asitler, deniz yosunlar\u0131 ve mikro besinlerle organik g\u00fcbre. T\u00fcrkiye&#039;de b\u00fcy\u00fcmeyi, stres direncini ve \u00fcr\u00fcn kalitesini art\u0131r\u0131r.\" \/>\n<meta property=\"og:url\" content=\"https:\/\/bimcointernational.com\/tr\/urun\/bimco-amino-up\/\" \/>\n<meta property=\"og:site_name\" content=\"bimco international\" \/>\n<meta property=\"article:publisher\" content=\"https:\/\/www.facebook.com\/B9K9T\" \/>\n<meta property=\"article:modified_time\" content=\"2025-07-08T07:38:43+00:00\" \/>\n<meta property=\"og:image\" content=\"https:\/\/bimcointernational.com\/wp-content\/uploads\/2025\/07\/AMINO-UP-3.png\" \/>\n\t<meta property=\"og:image:width\" content=\"1000\" \/>\n\t<meta property=\"og:image:height\" content=\"1000\" \/>\n\t<meta property=\"og:image:type\" content=\"image\/png\" \/>\n<meta name=\"twitter:card\" content=\"summary_large_image\" \/>\n<meta name=\"twitter:label1\" content=\"Tahmini okuma s\u00fcresi\" \/>\n\t<meta name=\"twitter:data1\" content=\"2 dakika\" \/>\n<script type=\"application\/ld+json\" class=\"yoast-schema-graph\">{\"@context\":\"https:\\\/\\\/schema.org\",\"@graph\":[{\"@type\":\"WebPage\",\"@id\":\"https:\\\/\\\/bimcointernational.com\\\/tr\\\/urun\\\/bimco-amino-up\\\/\",\"url\":\"https:\\\/\\\/bimcointernational.com\\\/tr\\\/urun\\\/bimco-amino-up\\\/\",\"name\":\"AMINO UP: Amino Asitler, Deniz Yosunlar\u0131 & Mikro Besinler- Bimco International\",\"isPartOf\":{\"@id\":\"https:\\\/\\\/bimcointernational.com\\\/tr\\\/#website\"},\"primaryImageOfPage\":{\"@id\":\"https:\\\/\\\/bimcointernational.com\\\/tr\\\/urun\\\/bimco-amino-up\\\/#primaryimage\"},\"image\":{\"@id\":\"https:\\\/\\\/bimcointernational.com\\\/tr\\\/urun\\\/bimco-amino-up\\\/#primaryimage\"},\"thumbnailUrl\":\"https:\\\/\\\/bimcointernational.com\\\/wp-content\\\/uploads\\\/2025\\\/07\\\/AMINO-UP-3.png\",\"datePublished\":\"2025-07-08T07:00:14+00:00\",\"dateModified\":\"2025-07-08T07:38:43+00:00\",\"description\":\"BIMCO'dan Amino Up: Karboksilik\\\/amino asitler, deniz yosunlar\u0131 ve mikro besinlerle organik g\u00fcbre. T\u00fcrkiye'de b\u00fcy\u00fcmeyi, stres direncini ve \u00fcr\u00fcn kalitesini art\u0131r\u0131r.\",\"breadcrumb\":{\"@id\":\"https:\\\/\\\/bimcointernational.com\\\/tr\\\/urun\\\/bimco-amino-up\\\/#breadcrumb\"},\"inLanguage\":\"tr\",\"potentialAction\":[{\"@type\":\"ReadAction\",\"target\":[\"https:\\\/\\\/bimcointernational.com\\\/tr\\\/urun\\\/bimco-amino-up\\\/\"]}]},{\"@type\":\"ImageObject\",\"inLanguage\":\"tr\",\"@id\":\"https:\\\/\\\/bimcointernational.com\\\/tr\\\/urun\\\/bimco-amino-up\\\/#primaryimage\",\"url\":\"https:\\\/\\\/bimcointernational.com\\\/wp-content\\\/uploads\\\/2025\\\/07\\\/AMINO-UP-3.png\",\"contentUrl\":\"https:\\\/\\\/bimcointernational.com\\\/wp-content\\\/uploads\\\/2025\\\/07\\\/AMINO-UP-3.png\",\"width\":1000,\"height\":1000,\"caption\":\"Amino Up 20 KG: For critical stage plant support.\"},{\"@type\":\"BreadcrumbList\",\"@id\":\"https:\\\/\\\/bimcointernational.com\\\/tr\\\/urun\\\/bimco-amino-up\\\/#breadcrumb\",\"itemListElement\":[{\"@type\":\"ListItem\",\"position\":1,\"name\":\"Home\",\"item\":\"https:\\\/\\\/bimcointernational.com\\\/tr\\\/\"},{\"@type\":\"ListItem\",\"position\":2,\"name\":\"\u00dcr\u00fcnlerimiz\",\"item\":\"https:\\\/\\\/bimcointernational.com\\\/tr\\\/urunlerimiz\\\/\"},{\"@type\":\"ListItem\",\"position\":3,\"name\":\"AMINO UP\"}]},{\"@type\":\"WebSite\",\"@id\":\"https:\\\/\\\/bimcointernational.com\\\/tr\\\/#website\",\"url\":\"https:\\\/\\\/bimcointernational.com\\\/tr\\\/\",\"name\":\"bimco international\",\"description\":\"\u0634\u0631\u0643\u0629 \u0628\u064a\u0645\u0643\u0648 \u0627\u0644\u0643\u064a\u0645\u064a\u0627\u0626\u064a\u0629 \u0644\u0635\u0646\u0627\u0639\u0629 \u0627\u0644\u0645\u0628\u064a\u062f\u0627\u062a \u0648\u0627\u0644\u0623\u0633\u0645\u062f\u0629 \u0639\u0627\u0644\u064a\u0629 \u0627\u0644\u062c\u0648\u062f\u0629 35 \u0639\u0627\u0645\u0627 \u0645\u0646 \u0627\u0644\u062e\u0628\u0631\u0629 \u0646\u0636\u0639\u0647\u0627 \u0628\u064a\u0646 \u0623\u064a\u062f\u064a\u0643\u0645\",\"publisher\":{\"@id\":\"https:\\\/\\\/bimcointernational.com\\\/tr\\\/#organization\"},\"potentialAction\":[{\"@type\":\"SearchAction\",\"target\":{\"@type\":\"EntryPoint\",\"urlTemplate\":\"https:\\\/\\\/bimcointernational.com\\\/tr\\\/?s={search_term_string}\"},\"query-input\":{\"@type\":\"PropertyValueSpecification\",\"valueRequired\":true,\"valueName\":\"search_term_string\"}}],\"inLanguage\":\"tr\"},{\"@type\":\"Organization\",\"@id\":\"https:\\\/\\\/bimcointernational.com\\\/tr\\\/#organization\",\"name\":\"bimco international\",\"url\":\"https:\\\/\\\/bimcointernational.com\\\/tr\\\/\",\"logo\":{\"@type\":\"ImageObject\",\"inLanguage\":\"tr\",\"@id\":\"https:\\\/\\\/bimcointernational.com\\\/tr\\\/#\\\/schema\\\/logo\\\/image\\\/\",\"url\":\"https:\\\/\\\/bimcointernational.com\\\/wp-content\\\/uploads\\\/2023\\\/03\\\/bimco-international.png\",\"contentUrl\":\"https:\\\/\\\/bimcointernational.com\\\/wp-content\\\/uploads\\\/2023\\\/03\\\/bimco-international.png\",\"width\":1000,\"height\":283,\"caption\":\"bimco international\"},\"image\":{\"@id\":\"https:\\\/\\\/bimcointernational.com\\\/tr\\\/#\\\/schema\\\/logo\\\/image\\\/\"},\"sameAs\":[\"https:\\\/\\\/www.facebook.com\\\/B9K9T\",\"https:\\\/\\\/www.instagram.com\\\/bimcokimya\\\/\"]}]}<\/script>\n<!-- \/ Yoast SEO plugin. -->","yoast_head_json":{"title":"AMINO UP: Amino Asitler, Deniz Yosunlar\u0131 & Mikro Besinler- Bimco International","description":"BIMCO'dan Amino Up: Karboksilik\/amino asitler, deniz yosunlar\u0131 ve mikro besinlerle organik g\u00fcbre. T\u00fcrkiye'de b\u00fcy\u00fcmeyi, stres direncini ve \u00fcr\u00fcn kalitesini art\u0131r\u0131r.","robots":{"index":"index","follow":"follow","max-snippet":"max-snippet:-1","max-image-preview":"max-image-preview:large","max-video-preview":"max-video-preview:-1"},"canonical":"https:\/\/bimcointernational.com\/tr\/urun\/bimco-amino-up\/","og_locale":"tr_TR","og_type":"article","og_title":"AMINO UP: Amino Asitler, Deniz Yosunlar\u0131 & Mikro Besinler- Bimco International","og_description":"BIMCO'dan Amino Up: Karboksilik\/amino asitler, deniz yosunlar\u0131 ve mikro besinlerle organik g\u00fcbre. T\u00fcrkiye'de b\u00fcy\u00fcmeyi, stres direncini ve \u00fcr\u00fcn kalitesini art\u0131r\u0131r.","og_url":"https:\/\/bimcointernational.com\/tr\/urun\/bimco-amino-up\/","og_site_name":"bimco international","article_publisher":"https:\/\/www.facebook.com\/B9K9T","article_modified_time":"2025-07-08T07:38:43+00:00","og_image":[{"width":1000,"height":1000,"url":"https:\/\/bimcointernational.com\/wp-content\/uploads\/2025\/07\/AMINO-UP-3.png","type":"image\/png"}],"twitter_card":"summary_large_image","twitter_misc":{"Tahmini okuma s\u00fcresi":"2 dakika"},"schema":{"@context":"https:\/\/schema.org","@graph":[{"@type":"WebPage","@id":"https:\/\/bimcointernational.com\/tr\/urun\/bimco-amino-up\/","url":"https:\/\/bimcointernational.com\/tr\/urun\/bimco-amino-up\/","name":"AMINO UP: Amino Asitler, Deniz Yosunlar\u0131 & Mikro Besinler- Bimco International","isPartOf":{"@id":"https:\/\/bimcointernational.com\/tr\/#website"},"primaryImageOfPage":{"@id":"https:\/\/bimcointernational.com\/tr\/urun\/bimco-amino-up\/#primaryimage"},"image":{"@id":"https:\/\/bimcointernational.com\/tr\/urun\/bimco-amino-up\/#primaryimage"},"thumbnailUrl":"https:\/\/bimcointernational.com\/wp-content\/uploads\/2025\/07\/AMINO-UP-3.png","datePublished":"2025-07-08T07:00:14+00:00","dateModified":"2025-07-08T07:38:43+00:00","description":"BIMCO'dan Amino Up: Karboksilik\/amino asitler, deniz yosunlar\u0131 ve mikro besinlerle organik g\u00fcbre. T\u00fcrkiye'de b\u00fcy\u00fcmeyi, stres direncini ve \u00fcr\u00fcn kalitesini art\u0131r\u0131r.","breadcrumb":{"@id":"https:\/\/bimcointernational.com\/tr\/urun\/bimco-amino-up\/#breadcrumb"},"inLanguage":"tr","potentialAction":[{"@type":"ReadAction","target":["https:\/\/bimcointernational.com\/tr\/urun\/bimco-amino-up\/"]}]},{"@type":"ImageObject","inLanguage":"tr","@id":"https:\/\/bimcointernational.com\/tr\/urun\/bimco-amino-up\/#primaryimage","url":"https:\/\/bimcointernational.com\/wp-content\/uploads\/2025\/07\/AMINO-UP-3.png","contentUrl":"https:\/\/bimcointernational.com\/wp-content\/uploads\/2025\/07\/AMINO-UP-3.png","width":1000,"height":1000,"caption":"Amino Up 20 KG: For critical stage plant support."},{"@type":"BreadcrumbList","@id":"https:\/\/bimcointernational.com\/tr\/urun\/bimco-amino-up\/#breadcrumb","itemListElement":[{"@type":"ListItem","position":1,"name":"Home","item":"https:\/\/bimcointernational.com\/tr\/"},{"@type":"ListItem","position":2,"name":"\u00dcr\u00fcnlerimiz","item":"https:\/\/bimcointernational.com\/tr\/urunlerimiz\/"},{"@type":"ListItem","position":3,"name":"AMINO UP"}]},{"@type":"WebSite","@id":"https:\/\/bimcointernational.com\/tr\/#website","url":"https:\/\/bimcointernational.com\/tr\/","name":"bimco international","description":"\u0634\u0631\u0643\u0629 \u0628\u064a\u0645\u0643\u0648 \u0627\u0644\u0643\u064a\u0645\u064a\u0627\u0626\u064a\u0629 \u0644\u0635\u0646\u0627\u0639\u0629 \u0627\u0644\u0645\u0628\u064a\u062f\u0627\u062a \u0648\u0627\u0644\u0623\u0633\u0645\u062f\u0629 \u0639\u0627\u0644\u064a\u0629 \u0627\u0644\u062c\u0648\u062f\u0629 35 \u0639\u0627\u0645\u0627 \u0645\u0646 \u0627\u0644\u062e\u0628\u0631\u0629 \u0646\u0636\u0639\u0647\u0627 \u0628\u064a\u0646 \u0623\u064a\u062f\u064a\u0643\u0645","publisher":{"@id":"https:\/\/bimcointernational.com\/tr\/#organization"},"potentialAction":[{"@type":"SearchAction","target":{"@type":"EntryPoint","urlTemplate":"https:\/\/bimcointernational.com\/tr\/?s={search_term_string}"},"query-input":{"@type":"PropertyValueSpecification","valueRequired":true,"valueName":"search_term_string"}}],"inLanguage":"tr"},{"@type":"Organization","@id":"https:\/\/bimcointernational.com\/tr\/#organization","name":"bimco international","url":"https:\/\/bimcointernational.com\/tr\/","logo":{"@type":"ImageObject","inLanguage":"tr","@id":"https:\/\/bimcointernational.com\/tr\/#\/schema\/logo\/image\/","url":"https:\/\/bimcointernational.com\/wp-content\/uploads\/2023\/03\/bimco-international.png","contentUrl":"https:\/\/bimcointernational.com\/wp-content\/uploads\/2023\/03\/bimco-international.png","width":1000,"height":283,"caption":"bimco international"},"image":{"@id":"https:\/\/bimcointernational.com\/tr\/#\/schema\/logo\/image\/"},"sameAs":["https:\/\/www.facebook.com\/B9K9T","https:\/\/www.instagram.com\/bimcokimya\/"]}]}},"jetpack_sharing_enabled":true,"_links":{"self":[{"href":"https:\/\/bimcointernational.com\/tr\/wp-json\/wp\/v2\/product\/5742","targetHints":{"allow":["GET"]}}],"collection":[{"href":"https:\/\/bimcointernational.com\/tr\/wp-json\/wp\/v2\/product"}],"about":[{"href":"https:\/\/bimcointernational.com\/tr\/wp-json\/wp\/v2\/types\/product"}],"replies":[{"embeddable":true,"href":"https:\/\/bimcointernational.com\/tr\/wp-json\/wp\/v2\/comments?post=5742"}],"wp:featuredmedia":[{"embeddable":true,"href":"https:\/\/bimcointernational.com\/tr\/wp-json\/wp\/v2\/media\/5772"}],"wp:attachment":[{"href":"https:\/\/bimcointernational.com\/tr\/wp-json\/wp\/v2\/media?parent=5742"}],"wp:term":[{"taxonomy":"product_brand","embeddable":true,"href":"https:\/\/bimcointernational.com\/tr\/wp-json\/wp\/v2\/product_brand?post=5742"},{"taxonomy":"product_cat","embeddable":true,"href":"https:\/\/bimcointernational.com\/tr\/wp-json\/wp\/v2\/product_cat?post=5742"},{"taxonomy":"product_tag","embeddable":true,"href":"https:\/\/bimcointernational.com\/tr\/wp-json\/wp\/v2\/product_tag?post=5742"}],"curies":[{"name":"wp","href":"https:\/\/api.w.org\/{rel}","templated":true}]}}