{"id":5735,"date":"2025-07-07T10:55:41","date_gmt":"2025-07-07T10:55:41","guid":{"rendered":"https:\/\/bimcointernational.com\/product\/bimco-yahdour\/"},"modified":"2025-07-07T18:16:55","modified_gmt":"2025-07-07T18:16:55","slug":"bimco-yahdour","status":"publish","type":"product","link":"https:\/\/bimcointernational.com\/tr\/urun\/bimco-yahdour\/","title":{"rendered":"Yahdour"},"content":{"rendered":"<h1><strong>Yahdour Fe EDDHA 6%: Bitki Sararmas\u0131 ve Geli\u015fimi \u0130\u00e7in Optimal \u00c7\u00f6z\u00fcm<\/strong><\/h1>\n<p>Mahsulleriniz demir eksikli\u011fi veya b\u00fcy\u00fcmesini ve verimlili\u011fini etkileyen yaprak sararmas\u0131 sorunu mu ya\u015f\u0131yor? BIMCO, demir eksikli\u011fini gidermek, bitkileri canland\u0131rmak ve ye\u015filliklerini \u00f6nemli \u00f6l\u00e7\u00fcde art\u0131rmak i\u00e7in \u00f6zel olarak tasarlanm\u0131\u015f etkili bir demir \u015felat tozu olan <span style=\"color: #99cc00;\"><strong>Yahdour Fe EDDHA 6%<\/strong><\/span>&#8216;y\u0131 sunar.<\/p>\n<h2><strong><span style=\"color: #000000;\"><span style=\"color: #99cc00;\">Yahdour<\/span> Fe EDDHA 6%&#8217;n\u0131n Temel \u00d6zellikleri ve Ba\u015fl\u0131ca Faydalar\u0131:<\/span><\/strong><\/h2>\n<ul>\n<li><strong>Etkili Demir Eksikli\u011fi Tedavisi:<\/strong> Demir, fotosentez ve do\u011fru b\u00fcy\u00fcme i\u00e7in hayati bir elementtir. Yahdour, kolayca emilebilir demir (EDDHA) sa\u011flayarak, demir eksikli\u011finden kaynaklanan fizyolojik klorozun tedavisinde son derece etkilidir.<\/li>\n<li><strong>Damar Aras\u0131 Kloroz ile M\u00fccadele:<\/strong> Demir yava\u015f hareket eden bir element oldu\u011fundan, eksiklik belirtileri gen\u00e7 yapraklarda damarlar aras\u0131nda \u015fiddetli sararma olarak belirginle\u015firken, damarlar ye\u015fil kal\u0131r. Yahdour bu sorunu do\u011frudan hedefler.<\/li>\n<li><strong>Geli\u015fmi\u015f B\u00fcy\u00fcme ve Verimlilik:<\/strong> Yahdour&#8217;un d\u00fczenli kullan\u0131m\u0131, genel bitki b\u00fcy\u00fcmesini iyile\u015ftirmeye ve sararmay\u0131 etkili bir \u015fekilde tedavi etmeye katk\u0131da bulunur, bu da bitki yapraklar\u0131n\u0131n belirgin, \u00fcst\u00fcn ve parlak ye\u015fil bir renk kazanmas\u0131n\u0131 sa\u011flar.<\/li>\n<li><strong>Fotosentez Verimlili\u011fini Art\u0131rma:<\/strong> Fotosentez s\u00fcrecinin iyile\u015ftirilmesi, iyi bitki b\u00fcy\u00fcmesine ve dolay\u0131s\u0131yla geli\u015fmi\u015f verim ve genel \u00fcr\u00fcn kalitesine yol a\u00e7ar.<\/li>\n<\/ul>\n<h2><strong><span style=\"color: #000000;\">\u00d6nerilen Uygulama Oran\u0131:<\/span><\/strong><\/h2>\n<p>En iyi sonu\u00e7lar i\u00e7in Yahdour&#8217;un sulama yoluyla (sulama suyu ile) ya \u00f6nleyici olarak (sararma belirtileri ortaya \u00e7\u0131kmadan \u00f6nce) ya da tedavi edici olarak (eksiklik belirtileri ortaya \u00e7\u0131kt\u0131ktan sonra) kullan\u0131lmas\u0131 tercih edilir. Meyve a\u011fa\u00e7lar\u0131 i\u00e7in erken ilkbaharda a\u015fa\u011f\u0131daki tabloya g\u00f6re uygulanmas\u0131 tavsiye edilir:<\/p>\n<table style=\"width: 100%; border-collapse: collapse; text-align: center;\">\n<thead>\n<tr>\n<th style=\"border: 1px solid #ddd; padding: 8px; background-color: #f2f2f2;\"><strong>Bitki T\u00fcr\u00fc<\/strong><\/th>\n<th style=\"border: 1px solid #ddd; padding: 8px; background-color: #f2f2f2;\"><strong>Uygulama Oran\u0131 \/ Miktar<\/strong><\/th>\n<\/tr>\n<\/thead>\n<tbody>\n<tr>\n<td style=\"border: 1px solid #ddd; padding: 8px;\">Sebzeler, So\u011fanl\u0131 Bitkiler ve Baklagiller<\/td>\n<td style=\"border: 1px solid #ddd; padding: 8px;\">200-250 gram \/ 1000 litre su<\/td>\n<\/tr>\n<tr>\n<td style=\"border: 1px solid #ddd; padding: 8px;\">Tarla Bitkileri ve Baklagiller<\/td>\n<td style=\"border: 1px solid #ddd; padding: 8px;\">100-250 gram \/ 1000 litre su<\/td>\n<\/tr>\n<tr>\n<td style=\"border: 1px solid #ddd; padding: 8px;\">Turun\u00e7giller, Kakao ve Tropikal Meyve A\u011fa\u00e7lar\u0131<\/td>\n<td style=\"border: 1px solid #ddd; padding: 8px;\">25-75 gram \/ a\u011fa\u00e7<\/td>\n<\/tr>\n<tr>\n<td style=\"border: 1px solid #ddd; padding: 8px;\">Palmiye, \u00dcz\u00fcm, Zeytin ve Nar A\u011fa\u00e7lar\u0131<\/td>\n<td style=\"border: 1px solid #ddd; padding: 8px;\">50-150 gram \/ a\u011fa\u00e7<\/td>\n<\/tr>\n<tr>\n<td style=\"border: 1px solid #ddd; padding: 8px;\">Elma, Badem ve Di\u011fer Meyve A\u011fa\u00e7lar\u0131<\/td>\n<td style=\"border: 1px solid #ddd; padding: 8px;\">50-75 gram \/ a\u011fa\u00e7<\/td>\n<\/tr>\n<tr>\n<td style=\"border: 1px solid #ddd; padding: 8px;\">Pamuk, \u015eeker Pancar\u0131 ve Susam<\/td>\n<td style=\"border: 1px solid #ddd; padding: 8px;\">150-250 gram \/ 1000 litre su<\/td>\n<\/tr>\n<\/tbody>\n<\/table>\n<p>Demir klorozisiyle m\u00fccadele etmek ve mahsullerinizin canl\u0131l\u0131\u011f\u0131n\u0131 geri kazand\u0131rmak i\u00e7in BIMCO&#8217;dan Yahdour Fe EDDHA 6% \u00fcr\u00fcn\u00fcn\u00fc se\u00e7in. <span style=\"color: #99cc00;\"><a style=\"color: #99cc00;\" href=\"https:\/\/api.whatsapp.com\/send\/?phone=908503096351&amp;text=%D9%85%D8%B1%D8%AD%D8%A8%D8%A7%D9%8B+%D8%A7%D8%B1%D9%8A%D8%AF+%D8%A7%D9%84%D8%A5%D8%B3%D8%AA%D9%81%D8%B3%D8%A7%D8%B1+%D8%B9%D9%86+%D9%87%D8%B0%D8%A7+%D8%A7%D9%84%D9%85%D9%86%D8%AA%D8%AC%0A%0A%0A%0Ahttps%3A%2F%2Fbimcointernational.com%2F&amp;type=phone_number&amp;app_absent=0\" target=\"_blank\" rel=\"noopener\">Daha fazla bilgi edinmek i\u00e7in bug\u00fcn WhatsApp arac\u0131l\u0131\u011f\u0131yla bize ula\u015f\u0131n<\/a>.<\/span><\/p>\n","protected":false},"excerpt":{"rendered":"<div id=\"chat-history\" class=\"chat-history-scroll-container\">\n<div id=\"eb6ec2679e436dac\" class=\"conversation-container message-actions-hover-boundary ng-star-inserted\">\n<div class=\"response-container ng-tns-c1285162703-97 response-container-with-gpi ng-star-inserted response-container-has-multiple-responses\">\n<div class=\"presented-response-container ng-tns-c1285162703-97\">\n<div class=\"response-container-content ng-tns-c1285162703-97 has-thoughts\">\n<div class=\"response-content ng-tns-c1285162703-97\">\n<div id=\"model-response-message-contentr_eb6ec2679e436dac\" class=\"markdown markdown-main-panel stronger enable-updated-hr-color\" dir=\"ltr\">\n<p><b><span style=\"color: #99cc00;\">Yahdour<\/span> Fe EDDHA 6%:<\/b> BIMCO&#8217;nun demir eksikli\u011fi ve bitki sararmas\u0131 sorununa etkili \u00e7\u00f6z\u00fcm\u00fc. Bu \u00f6zel g\u00fcbre, bitkilerin ye\u015filli\u011fini ve b\u00fcy\u00fcmesini art\u0131rarak T\u00fcrkiye&#8217;deki mahsul verimlili\u011fine katk\u0131 sa\u011flar.<\/p>\n<\/div>\n<\/div>\n<\/div>\n<\/div>\n<\/div>\n<\/div>\n<\/div>\n<div class=\"input-area-container ng-tns-c2206825115-2 ng-trigger ng-trigger-inputAreaAnimation ng-star-inserted\">\n<div class=\"input-area ng-tns-c3775674902-5 with-toolbox-drawer\" data-node-type=\"input-area\">\n<div class=\"text-input-field ng-tns-c3775674902-5 with-toolbox-drawer height-expanded-past-single-line\">\n<div class=\"text-input-field_textarea-wrapper ng-tns-c3775674902-5\">\n<div class=\"text-input-field-main-area ng-tns-c3775674902-5\">\n<div class=\"text-input-field_textarea-inner ng-tns-c3775674902-5\">\n<div class=\"ql-editor textarea new-input-ui ql-blank\" role=\"textbox\" contenteditable=\"true\" spellcheck=\"false\" data-gramm=\"false\" aria-multiline=\"true\" aria-label=\"To enrich screen reader interactions, please activate Accessibility in Grammarly extension settings\" data-placeholder=\"Ask Gemini\"><\/div>\n<\/div>\n<\/div>\n<\/div>\n<\/div>\n<\/div>\n<\/div>\n","protected":false},"featured_media":5732,"comment_status":"open","ping_status":"closed","template":"","meta":{"_eb_attr":"","site-sidebar-layout":"default","site-content-layout":"","ast-site-content-layout":"default","site-content-style":"default","site-sidebar-style":"default","ast-global-header-display":"","ast-banner-title-visibility":"","ast-main-header-display":"","ast-hfb-above-header-display":"","ast-hfb-below-header-display":"","ast-hfb-mobile-header-display":"","site-post-title":"","ast-breadcrumbs-content":"","ast-featured-img":"","footer-sml-layout":"","ast-disable-related-posts":"","theme-transparent-header-meta":"default","adv-header-id-meta":"","stick-header-meta":"","header-above-stick-meta":"","header-main-stick-meta":"","header-below-stick-meta":"","astra-migrate-meta-layouts":"set","ast-page-background-enabled":"default","ast-page-background-meta":{"desktop":{"background-color":"var(--ast-global-color-4)","background-image":"","background-repeat":"repeat","background-position":"center center","background-size":"auto","background-attachment":"scroll","background-type":"","background-media":"","overlay-type":"","overlay-color":"","overlay-opacity":"","overlay-gradient":""},"tablet":{"background-color":"","background-image":"","background-repeat":"repeat","background-position":"center center","background-size":"auto","background-attachment":"scroll","background-type":"","background-media":"","overlay-type":"","overlay-color":"","overlay-opacity":"","overlay-gradient":""},"mobile":{"background-color":"","background-image":"","background-repeat":"repeat","background-position":"center center","background-size":"auto","background-attachment":"scroll","background-type":"","background-media":"","overlay-type":"","overlay-color":"","overlay-opacity":"","overlay-gradient":""}},"ast-content-background-meta":{"desktop":{"background-color":"var(--ast-global-color-5)","background-image":"","background-repeat":"repeat","background-position":"center center","background-size":"auto","background-attachment":"scroll","background-type":"","background-media":"","overlay-type":"","overlay-color":"","overlay-opacity":"","overlay-gradient":""},"tablet":{"background-color":"var(--ast-global-color-5)","background-image":"","background-repeat":"repeat","background-position":"center center","background-size":"auto","background-attachment":"scroll","background-type":"","background-media":"","overlay-type":"","overlay-color":"","overlay-opacity":"","overlay-gradient":""},"mobile":{"background-color":"var(--ast-global-color-5)","background-image":"","background-repeat":"repeat","background-position":"center center","background-size":"auto","background-attachment":"scroll","background-type":"","background-media":"","overlay-type":"","overlay-color":"","overlay-opacity":"","overlay-gradient":""}},"_joinchat":[]},"product_brand":[],"product_cat":[76],"product_tag":[],"class_list":{"0":"post-5735","1":"product","2":"type-product","3":"status-publish","4":"has-post-thumbnail","6":"product_cat-suda-cozunen-yaprak-gubresi","7":"desktop-align-left","8":"tablet-align-left","9":"mobile-align-left","11":"first","12":"instock","13":"shipping-taxable","14":"product-type-simple"},"yoast_head":"<!-- This site is optimized with the Yoast SEO plugin v27.1.1 - https:\/\/yoast.com\/product\/yoast-seo-wordpress\/ -->\n<title>Yahdour - Bimco International<\/title>\n<meta name=\"description\" content=\"BIMCO International&#039;dan Yahdour Fe EDDHA 6%: Demir eksikli\u011fini gideren, bitkileri canland\u0131ran ve ye\u015filli\u011fi art\u0131ran etkili demir \u015felat\u0131.\" \/>\n<meta name=\"robots\" content=\"index, follow, max-snippet:-1, max-image-preview:large, max-video-preview:-1\" \/>\n<link rel=\"canonical\" href=\"https:\/\/bimcointernational.com\/tr\/urun\/bimco-yahdour\/\" \/>\n<meta property=\"og:locale\" content=\"tr_TR\" \/>\n<meta property=\"og:type\" content=\"article\" \/>\n<meta property=\"og:title\" content=\"Yahdour - Bimco International\" \/>\n<meta property=\"og:description\" content=\"BIMCO International&#039;dan Yahdour Fe EDDHA 6%: Demir eksikli\u011fini gideren, bitkileri canland\u0131ran ve ye\u015filli\u011fi art\u0131ran etkili demir \u015felat\u0131.\" \/>\n<meta property=\"og:url\" content=\"https:\/\/bimcointernational.com\/tr\/urun\/bimco-yahdour\/\" \/>\n<meta property=\"og:site_name\" content=\"bimco international\" \/>\n<meta property=\"article:publisher\" content=\"https:\/\/www.facebook.com\/B9K9T\" \/>\n<meta property=\"article:modified_time\" content=\"2025-07-07T18:16:55+00:00\" \/>\n<meta property=\"og:image\" content=\"https:\/\/bimcointernational.com\/wp-content\/uploads\/2025\/07\/YAHDOUR.png\" \/>\n\t<meta property=\"og:image:width\" content=\"1128\" \/>\n\t<meta property=\"og:image:height\" content=\"1005\" \/>\n\t<meta property=\"og:image:type\" content=\"image\/png\" \/>\n<meta name=\"twitter:card\" content=\"summary_large_image\" \/>\n<meta name=\"twitter:label1\" content=\"Tahmini okuma s\u00fcresi\" \/>\n\t<meta name=\"twitter:data1\" content=\"2 dakika\" \/>\n<script type=\"application\/ld+json\" class=\"yoast-schema-graph\">{\"@context\":\"https:\/\/schema.org\",\"@graph\":[{\"@type\":\"WebPage\",\"@id\":\"https:\/\/bimcointernational.com\/tr\/urun\/bimco-yahdour\/\",\"url\":\"https:\/\/bimcointernational.com\/tr\/urun\/bimco-yahdour\/\",\"name\":\"Yahdour - Bimco International\",\"isPartOf\":{\"@id\":\"https:\/\/bimcointernational.com\/tr\/#website\"},\"primaryImageOfPage\":{\"@id\":\"https:\/\/bimcointernational.com\/tr\/urun\/bimco-yahdour\/#primaryimage\"},\"image\":{\"@id\":\"https:\/\/bimcointernational.com\/tr\/urun\/bimco-yahdour\/#primaryimage\"},\"thumbnailUrl\":\"https:\/\/bimcointernational.com\/wp-content\/uploads\/2025\/07\/YAHDOUR.png\",\"datePublished\":\"2025-07-07T10:55:41+00:00\",\"dateModified\":\"2025-07-07T18:16:55+00:00\",\"description\":\"BIMCO International'dan Yahdour Fe EDDHA 6%: Demir eksikli\u011fini gideren, bitkileri canland\u0131ran ve ye\u015filli\u011fi art\u0131ran etkili demir \u015felat\u0131.\",\"breadcrumb\":{\"@id\":\"https:\/\/bimcointernational.com\/tr\/urun\/bimco-yahdour\/#breadcrumb\"},\"inLanguage\":\"tr\",\"potentialAction\":[{\"@type\":\"ReadAction\",\"target\":[\"https:\/\/bimcointernational.com\/tr\/urun\/bimco-yahdour\/\"]}]},{\"@type\":\"ImageObject\",\"inLanguage\":\"tr\",\"@id\":\"https:\/\/bimcointernational.com\/tr\/urun\/bimco-yahdour\/#primaryimage\",\"url\":\"https:\/\/bimcointernational.com\/wp-content\/uploads\/2025\/07\/YAHDOUR.png\",\"contentUrl\":\"https:\/\/bimcointernational.com\/wp-content\/uploads\/2025\/07\/YAHDOUR.png\",\"width\":1128,\"height\":1005,\"caption\":\"Yahdour Fe EDDHA 6%: For healthy plant growth and green crops.\"},{\"@type\":\"BreadcrumbList\",\"@id\":\"https:\/\/bimcointernational.com\/tr\/urun\/bimco-yahdour\/#breadcrumb\",\"itemListElement\":[{\"@type\":\"ListItem\",\"position\":1,\"name\":\"Home\",\"item\":\"https:\/\/bimcointernational.com\/tr\/\"},{\"@type\":\"ListItem\",\"position\":2,\"name\":\"\u00dcr\u00fcnlerimiz\",\"item\":\"https:\/\/bimcointernational.com\/tr\/urunlerimiz\/\"},{\"@type\":\"ListItem\",\"position\":3,\"name\":\"Yahdour\"}]},{\"@type\":\"WebSite\",\"@id\":\"https:\/\/bimcointernational.com\/tr\/#website\",\"url\":\"https:\/\/bimcointernational.com\/tr\/\",\"name\":\"bimco international\",\"description\":\"\u0634\u0631\u0643\u0629 \u0628\u064a\u0645\u0643\u0648 \u0627\u0644\u0643\u064a\u0645\u064a\u0627\u0626\u064a\u0629 \u0644\u0635\u0646\u0627\u0639\u0629 \u0627\u0644\u0645\u0628\u064a\u062f\u0627\u062a \u0648\u0627\u0644\u0623\u0633\u0645\u062f\u0629 \u0639\u0627\u0644\u064a\u0629 \u0627\u0644\u062c\u0648\u062f\u0629 35 \u0639\u0627\u0645\u0627 \u0645\u0646 \u0627\u0644\u062e\u0628\u0631\u0629 \u0646\u0636\u0639\u0647\u0627 \u0628\u064a\u0646 \u0623\u064a\u062f\u064a\u0643\u0645\",\"publisher\":{\"@id\":\"https:\/\/bimcointernational.com\/tr\/#organization\"},\"potentialAction\":[{\"@type\":\"SearchAction\",\"target\":{\"@type\":\"EntryPoint\",\"urlTemplate\":\"https:\/\/bimcointernational.com\/tr\/?s={search_term_string}\"},\"query-input\":{\"@type\":\"PropertyValueSpecification\",\"valueRequired\":true,\"valueName\":\"search_term_string\"}}],\"inLanguage\":\"tr\"},{\"@type\":\"Organization\",\"@id\":\"https:\/\/bimcointernational.com\/tr\/#organization\",\"name\":\"bimco international\",\"url\":\"https:\/\/bimcointernational.com\/tr\/\",\"logo\":{\"@type\":\"ImageObject\",\"inLanguage\":\"tr\",\"@id\":\"https:\/\/bimcointernational.com\/tr\/#\/schema\/logo\/image\/\",\"url\":\"https:\/\/bimcointernational.com\/wp-content\/uploads\/2023\/03\/bimco-international.png\",\"contentUrl\":\"https:\/\/bimcointernational.com\/wp-content\/uploads\/2023\/03\/bimco-international.png\",\"width\":1000,\"height\":283,\"caption\":\"bimco international\"},\"image\":{\"@id\":\"https:\/\/bimcointernational.com\/tr\/#\/schema\/logo\/image\/\"},\"sameAs\":[\"https:\/\/www.facebook.com\/B9K9T\",\"https:\/\/www.instagram.com\/bimcokimya\/\"]}]}<\/script>\n<!-- \/ Yoast SEO plugin. -->","yoast_head_json":{"title":"Yahdour - Bimco International","description":"BIMCO International'dan Yahdour Fe EDDHA 6%: Demir eksikli\u011fini gideren, bitkileri canland\u0131ran ve ye\u015filli\u011fi art\u0131ran etkili demir \u015felat\u0131.","robots":{"index":"index","follow":"follow","max-snippet":"max-snippet:-1","max-image-preview":"max-image-preview:large","max-video-preview":"max-video-preview:-1"},"canonical":"https:\/\/bimcointernational.com\/tr\/urun\/bimco-yahdour\/","og_locale":"tr_TR","og_type":"article","og_title":"Yahdour - Bimco International","og_description":"BIMCO International'dan Yahdour Fe EDDHA 6%: Demir eksikli\u011fini gideren, bitkileri canland\u0131ran ve ye\u015filli\u011fi art\u0131ran etkili demir \u015felat\u0131.","og_url":"https:\/\/bimcointernational.com\/tr\/urun\/bimco-yahdour\/","og_site_name":"bimco international","article_publisher":"https:\/\/www.facebook.com\/B9K9T","article_modified_time":"2025-07-07T18:16:55+00:00","og_image":[{"width":1128,"height":1005,"url":"https:\/\/bimcointernational.com\/wp-content\/uploads\/2025\/07\/YAHDOUR.png","type":"image\/png"}],"twitter_card":"summary_large_image","twitter_misc":{"Tahmini okuma s\u00fcresi":"2 dakika"},"schema":{"@context":"https:\/\/schema.org","@graph":[{"@type":"WebPage","@id":"https:\/\/bimcointernational.com\/tr\/urun\/bimco-yahdour\/","url":"https:\/\/bimcointernational.com\/tr\/urun\/bimco-yahdour\/","name":"Yahdour - Bimco International","isPartOf":{"@id":"https:\/\/bimcointernational.com\/tr\/#website"},"primaryImageOfPage":{"@id":"https:\/\/bimcointernational.com\/tr\/urun\/bimco-yahdour\/#primaryimage"},"image":{"@id":"https:\/\/bimcointernational.com\/tr\/urun\/bimco-yahdour\/#primaryimage"},"thumbnailUrl":"https:\/\/bimcointernational.com\/wp-content\/uploads\/2025\/07\/YAHDOUR.png","datePublished":"2025-07-07T10:55:41+00:00","dateModified":"2025-07-07T18:16:55+00:00","description":"BIMCO International'dan Yahdour Fe EDDHA 6%: Demir eksikli\u011fini gideren, bitkileri canland\u0131ran ve ye\u015filli\u011fi art\u0131ran etkili demir \u015felat\u0131.","breadcrumb":{"@id":"https:\/\/bimcointernational.com\/tr\/urun\/bimco-yahdour\/#breadcrumb"},"inLanguage":"tr","potentialAction":[{"@type":"ReadAction","target":["https:\/\/bimcointernational.com\/tr\/urun\/bimco-yahdour\/"]}]},{"@type":"ImageObject","inLanguage":"tr","@id":"https:\/\/bimcointernational.com\/tr\/urun\/bimco-yahdour\/#primaryimage","url":"https:\/\/bimcointernational.com\/wp-content\/uploads\/2025\/07\/YAHDOUR.png","contentUrl":"https:\/\/bimcointernational.com\/wp-content\/uploads\/2025\/07\/YAHDOUR.png","width":1128,"height":1005,"caption":"Yahdour Fe EDDHA 6%: For healthy plant growth and green crops."},{"@type":"BreadcrumbList","@id":"https:\/\/bimcointernational.com\/tr\/urun\/bimco-yahdour\/#breadcrumb","itemListElement":[{"@type":"ListItem","position":1,"name":"Home","item":"https:\/\/bimcointernational.com\/tr\/"},{"@type":"ListItem","position":2,"name":"\u00dcr\u00fcnlerimiz","item":"https:\/\/bimcointernational.com\/tr\/urunlerimiz\/"},{"@type":"ListItem","position":3,"name":"Yahdour"}]},{"@type":"WebSite","@id":"https:\/\/bimcointernational.com\/tr\/#website","url":"https:\/\/bimcointernational.com\/tr\/","name":"bimco international","description":"\u0634\u0631\u0643\u0629 \u0628\u064a\u0645\u0643\u0648 \u0627\u0644\u0643\u064a\u0645\u064a\u0627\u0626\u064a\u0629 \u0644\u0635\u0646\u0627\u0639\u0629 \u0627\u0644\u0645\u0628\u064a\u062f\u0627\u062a \u0648\u0627\u0644\u0623\u0633\u0645\u062f\u0629 \u0639\u0627\u0644\u064a\u0629 \u0627\u0644\u062c\u0648\u062f\u0629 35 \u0639\u0627\u0645\u0627 \u0645\u0646 \u0627\u0644\u062e\u0628\u0631\u0629 \u0646\u0636\u0639\u0647\u0627 \u0628\u064a\u0646 \u0623\u064a\u062f\u064a\u0643\u0645","publisher":{"@id":"https:\/\/bimcointernational.com\/tr\/#organization"},"potentialAction":[{"@type":"SearchAction","target":{"@type":"EntryPoint","urlTemplate":"https:\/\/bimcointernational.com\/tr\/?s={search_term_string}"},"query-input":{"@type":"PropertyValueSpecification","valueRequired":true,"valueName":"search_term_string"}}],"inLanguage":"tr"},{"@type":"Organization","@id":"https:\/\/bimcointernational.com\/tr\/#organization","name":"bimco international","url":"https:\/\/bimcointernational.com\/tr\/","logo":{"@type":"ImageObject","inLanguage":"tr","@id":"https:\/\/bimcointernational.com\/tr\/#\/schema\/logo\/image\/","url":"https:\/\/bimcointernational.com\/wp-content\/uploads\/2023\/03\/bimco-international.png","contentUrl":"https:\/\/bimcointernational.com\/wp-content\/uploads\/2023\/03\/bimco-international.png","width":1000,"height":283,"caption":"bimco international"},"image":{"@id":"https:\/\/bimcointernational.com\/tr\/#\/schema\/logo\/image\/"},"sameAs":["https:\/\/www.facebook.com\/B9K9T","https:\/\/www.instagram.com\/bimcokimya\/"]}]}},"jetpack_sharing_enabled":true,"_links":{"self":[{"href":"https:\/\/bimcointernational.com\/tr\/wp-json\/wp\/v2\/product\/5735","targetHints":{"allow":["GET"]}}],"collection":[{"href":"https:\/\/bimcointernational.com\/tr\/wp-json\/wp\/v2\/product"}],"about":[{"href":"https:\/\/bimcointernational.com\/tr\/wp-json\/wp\/v2\/types\/product"}],"replies":[{"embeddable":true,"href":"https:\/\/bimcointernational.com\/tr\/wp-json\/wp\/v2\/comments?post=5735"}],"wp:featuredmedia":[{"embeddable":true,"href":"https:\/\/bimcointernational.com\/tr\/wp-json\/wp\/v2\/media\/5732"}],"wp:attachment":[{"href":"https:\/\/bimcointernational.com\/tr\/wp-json\/wp\/v2\/media?parent=5735"}],"wp:term":[{"taxonomy":"product_brand","embeddable":true,"href":"https:\/\/bimcointernational.com\/tr\/wp-json\/wp\/v2\/product_brand?post=5735"},{"taxonomy":"product_cat","embeddable":true,"href":"https:\/\/bimcointernational.com\/tr\/wp-json\/wp\/v2\/product_cat?post=5735"},{"taxonomy":"product_tag","embeddable":true,"href":"https:\/\/bimcointernational.com\/tr\/wp-json\/wp\/v2\/product_tag?post=5735"}],"curies":[{"name":"wp","href":"https:\/\/api.w.org\/{rel}","templated":true}]}}