{"id":5722,"date":"2025-07-07T09:37:06","date_gmt":"2025-07-07T09:37:06","guid":{"rendered":"https:\/\/bimcointernational.com\/product\/amwaj-anti-stress-amino-ocean\/"},"modified":"2025-07-07T10:22:28","modified_gmt":"2025-07-07T10:22:28","slug":"amwaj-anti-stress-amino-ocean","status":"publish","type":"product","link":"https:\/\/bimcointernational.com\/tr\/urun\/amwaj-anti-stress-amino-ocean\/","title":{"rendered":"AMWAJ &#8211; ANTI STRESS &#8211; AMINO OCEAN"},"content":{"rendered":"<h1><strong>BIMCO&#8217;nun Kapsaml\u0131 \u00c7\u00f6z\u00fcmleri: Amwaj, Anti Stres ve Amino Ocean<\/strong><\/h1>\n<p>Daha g\u00fc\u00e7l\u00fc, daha sa\u011fl\u0131kl\u0131 bitkiler yeti\u015ftirmek ve zorlu ko\u015fullarda bile en y\u00fcksek verimlili\u011fi elde etmek mi istiyorsunuz? BIMCO, yenilik\u00e7i bitki biyo-stim\u00fclanlar\u0131 yelpazesini sunar: <span style=\"color: #99cc00;\"><strong>Amwaj<\/strong><\/span>, <span style=\"color: #99cc00;\"><strong>Anti Stres<\/strong> <\/span>ve <span style=\"color: #99cc00;\"><strong>Amino Ocean<\/strong><\/span>. Bu \u00fcr\u00fcnler, bitkilerinize \u00e7evresel zorluklar\u0131n \u00fcstesinden gelmeleri ve k\u00f6kten meyveye kadar b\u00fcy\u00fcmeyi te\u015fvik etmeleri i\u00e7in gerekli deste\u011fi sa\u011flamak \u00fczere bilimi ve do\u011fay\u0131 bir araya getirir.<\/p>\n<h2><strong>BIMCO&#8217;nun Etkili \u00dcr\u00fcnlerini Ke\u015ffedin:<\/strong><\/h2>\n<h3><span style=\"color: #99cc00;\"><strong>1. Amwaj<\/strong><\/span><\/h3>\n<p><strong>Amwaj<\/strong>, bitkilerin genel dengesini desteklemek ve canl\u0131l\u0131klar\u0131n\u0131 art\u0131rmak i\u00e7in tasarlanm\u0131\u015ft\u0131r. Temel fizyolojik s\u00fcre\u00e7leri iyile\u015ftirerek, daha aktif ve \u00e7e\u015fitli de\u011fi\u015fkenlere uyum sa\u011flama yetene\u011fi y\u00fcksek bitkiler elde edilmesini sa\u011flar. Amwaj, mahsulleriniz i\u00e7in sa\u011fl\u0131kl\u0131 ve s\u00fcrd\u00fcr\u00fclebilir b\u00fcy\u00fcmenin temelidir.<\/p>\n<h3><span style=\"color: #99cc00;\"><strong>2. Anti Stress<\/strong><\/span><\/h3>\n<p><strong>Anti Stres<\/strong>, bitkilerinizi y\u00fcksek s\u0131cakl\u0131k, a\u015f\u0131r\u0131 so\u011fuk ve kurakl\u0131k gibi ciddi \u00e7evresel stres fakt\u00f6rlerinden korumak i\u00e7in \u00f6zel olarak form\u00fcle edilmi\u015ftir. Amino asitler ve deniz yosunu \u00f6zleriyle zenginle\u015ftirilmi\u015f bu \u00fcr\u00fcn, bitkilerin do\u011fal direncini art\u0131r\u0131r, stresin etkilerinden h\u0131zla kurtulmalar\u0131na yard\u0131mc\u0131 olur ve s\u00fcrekli sa\u011fl\u0131kl\u0131 ve verimli b\u00fcy\u00fcmeyi garanti eder.<\/p>\n<h3><span style=\"color: #99cc00;\"><strong>3. Amino Ocean<\/strong><\/span><\/h3>\n<p><strong>Amino Ocean<\/strong>, bitkinin t\u00fcm b\u00fcy\u00fcme a\u015famalar\u0131 i\u00e7in hayati \u00f6nem ta\u015f\u0131yan temel amino asitleri sa\u011flayan g\u00fc\u00e7l\u00fc bir besin kayna\u011f\u0131d\u0131r. Topraktan besin emilimini iyile\u015ftirir, vejetatif ve \u00e7i\u00e7eklenme b\u00fcy\u00fcmesini te\u015fvik ederek \u00e7i\u00e7eklenme ve meyve tutumu oranlar\u0131n\u0131 art\u0131r\u0131r, meyve kalitesini ve boyutunu iyile\u015ftirir. Bitki canl\u0131l\u0131\u011f\u0131n\u0131 art\u0131rmak ve hasad\u0131n\u0131z\u0131n pazar de\u011ferini y\u00fckseltmek i\u00e7in ideal se\u00e7imdir.<\/p>\n<h3><strong>BIMCO \u00dcr\u00fcnlerinin Ortak Faydalar\u0131:<\/strong><\/h3>\n<ul>\n<li><strong>Geli\u015fmi\u015f Stres Direnci:<\/strong> Bitkileri zorlu \u00e7evre ko\u015fullar\u0131ndan korur.<\/li>\n<li><strong>Geli\u015fmi\u015f B\u00fcy\u00fcme:<\/strong> Vejetatif b\u00fcy\u00fcmeyi destekler, \u00e7i\u00e7eklenmeyi te\u015fvik eder ve meyve tutumunu iyile\u015ftirir.<\/li>\n<li><strong>Artan Verim ve Kalite:<\/strong> Daha y\u00fcksek \u00fcr\u00fcn miktar\u0131na katk\u0131da bulunur ve besinsel ve pazarlama \u00f6zelliklerini iyile\u015ftirir.<\/li>\n<li><strong>Verimli Besin Emilimi:<\/strong> Bitkinin g\u00fcbrelerden ve besinlerden en iyi \u015fekilde yararlanma yetene\u011fini art\u0131r\u0131r.<\/li>\n<li><strong>Do\u011fal ve G\u00fcvenli Form\u00fcl:<\/strong> Sa\u011fl\u0131kl\u0131 ve s\u00fcrd\u00fcr\u00fclebilir tar\u0131m i\u00e7in organik bile\u015fenlere dayan\u0131r.<\/li>\n<\/ul>\n<h3><strong>\u00d6nerilen Uygulama Oran\u0131:<\/strong><\/h3>\n<p>En iyi sonu\u00e7lar i\u00e7in bu \u00fcr\u00fcnlerin <strong>100 litre suya 25-50 gram<\/strong> oran\u0131nda p\u00fcsk\u00fcrt\u00fclerek uygulanmas\u0131 tavsiye edilir. Uygulama, bitkinin ihtiya\u00e7lar\u0131na ve ko\u015fullar\u0131na ba\u011fl\u0131 olarak <strong>7-14 g\u00fcnde bir<\/strong> tekrarlanabilir.<\/p>\n<h3><strong>BIMCO \u00dcr\u00fcnlerinin Kimyasal Analizi:<\/strong><\/h3>\n<table style=\"width: 100%; border-collapse: collapse; text-align: center;\">\n<thead>\n<tr>\n<th style=\"border: 1px solid #ddd; padding: 8px; background-color: #f2f2f2;\">Bile\u015fen<\/th>\n<th style=\"border: 1px solid #ddd; padding: 8px; background-color: #f2f2f2;\">Konsantrasyon A\/A (%)<\/th>\n<\/tr>\n<\/thead>\n<tbody>\n<tr>\n<td style=\"border: 1px solid #ddd; padding: 8px;\">Askorbik Asit<\/td>\n<td style=\"border: 1px solid #ddd; padding: 8px;\">2.5<\/td>\n<\/tr>\n<tr>\n<td style=\"border: 1px solid #ddd; padding: 8px;\">Salisilik Asit<\/td>\n<td style=\"border: 1px solid #ddd; padding: 8px;\">2.5<\/td>\n<\/tr>\n<tr>\n<td style=\"border: 1px solid #ddd; padding: 8px;\">Potasyum Humat<\/td>\n<td style=\"border: 1px solid #ddd; padding: 8px;\">17.5<\/td>\n<\/tr>\n<tr>\n<td style=\"border: 1px solid #ddd; padding: 8px;\">Potasyum Fulvat<\/td>\n<td style=\"border: 1px solid #ddd; padding: 8px;\">7.5<\/td>\n<\/tr>\n<tr>\n<td style=\"border: 1px solid #ddd; padding: 8px;\">Deniz Yosunu<\/td>\n<td style=\"border: 1px solid #ddd; padding: 8px;\">20<\/td>\n<\/tr>\n<tr>\n<td style=\"border: 1px solid #ddd; padding: 8px;\">Amino Asit<\/td>\n<td style=\"border: 1px solid #ddd; padding: 8px;\">50<\/td>\n<\/tr>\n<\/tbody>\n<\/table>\n<p>Tar\u0131msal verimlili\u011finizi art\u0131rmak ve yat\u0131r\u0131m\u0131n\u0131z\u0131 korumak i\u00e7in BIMCO&#8217;nun yenilik\u00e7i \u00fcr\u00fcnlerini se\u00e7in. <em><span style=\"color: #99cc00;\"><a style=\"color: #99cc00;\" href=\"https:\/\/api.whatsapp.com\/send\/?phone=908503096351&amp;text=%D9%85%D8%B1%D8%AD%D8%A8%D8%A7%D9%8B+%D8%A7%D8%B1%D9%8A%D8%AF+%D8%A7%D9%84%D8%A5%D8%B3%D8%AA%D9%81%D8%B3%D8%A7%D8%B1+%D8%B9%D9%86+%D9%87%D8%B0%D8%A7+%D8%A7%D9%84%D9%85%D9%86%D8%AA%D8%AC%0A%0A%0A%0Ahttps%3A%2F%2Fbimcointernational.com%2F&amp;type=phone_number&amp;app_absent=0\" target=\"_blank\" rel=\"noopener\">Daha fazla bilgi edinmek i\u00e7in bug\u00fcn bizimle WhatsApp arac\u0131l\u0131\u011f\u0131yla ileti\u015fime ge\u00e7in<\/a>.<\/span><\/em><\/p>\n","protected":false},"excerpt":{"rendered":"<p><b>Amwaj, Anti Stress, Amino Ocean:<\/b> BIMCO&#8217;nun bitki sa\u011fl\u0131\u011f\u0131n\u0131 iyile\u015ftiren, stres direncini art\u0131ran ve T\u00fcrkiye&#8217;deki tar\u0131msal verimlili\u011fi y\u00fckselten yenilik\u00e7i \u00e7\u00f6z\u00fcmleri. Bu organik biyo-stim\u00fclanlar, her ko\u015fulda sa\u011fl\u0131kl\u0131 b\u00fcy\u00fcmeyi ve \u00fcr\u00fcn kalitesini destekler.<\/p>\n","protected":false},"featured_media":5710,"comment_status":"open","ping_status":"closed","template":"","meta":{"_eb_attr":"","site-sidebar-layout":"default","site-content-layout":"","ast-site-content-layout":"default","site-content-style":"default","site-sidebar-style":"default","ast-global-header-display":"","ast-banner-title-visibility":"","ast-main-header-display":"","ast-hfb-above-header-display":"","ast-hfb-below-header-display":"","ast-hfb-mobile-header-display":"","site-post-title":"","ast-breadcrumbs-content":"","ast-featured-img":"","footer-sml-layout":"","ast-disable-related-posts":"","theme-transparent-header-meta":"default","adv-header-id-meta":"","stick-header-meta":"","header-above-stick-meta":"","header-main-stick-meta":"","header-below-stick-meta":"","astra-migrate-meta-layouts":"set","ast-page-background-enabled":"default","ast-page-background-meta":{"desktop":{"background-color":"var(--ast-global-color-4)","background-image":"","background-repeat":"repeat","background-position":"center center","background-size":"auto","background-attachment":"scroll","background-type":"","background-media":"","overlay-type":"","overlay-color":"","overlay-opacity":"","overlay-gradient":""},"tablet":{"background-color":"","background-image":"","background-repeat":"repeat","background-position":"center center","background-size":"auto","background-attachment":"scroll","background-type":"","background-media":"","overlay-type":"","overlay-color":"","overlay-opacity":"","overlay-gradient":""},"mobile":{"background-color":"","background-image":"","background-repeat":"repeat","background-position":"center center","background-size":"auto","background-attachment":"scroll","background-type":"","background-media":"","overlay-type":"","overlay-color":"","overlay-opacity":"","overlay-gradient":""}},"ast-content-background-meta":{"desktop":{"background-color":"var(--ast-global-color-5)","background-image":"","background-repeat":"repeat","background-position":"center center","background-size":"auto","background-attachment":"scroll","background-type":"","background-media":"","overlay-type":"","overlay-color":"","overlay-opacity":"","overlay-gradient":""},"tablet":{"background-color":"var(--ast-global-color-5)","background-image":"","background-repeat":"repeat","background-position":"center center","background-size":"auto","background-attachment":"scroll","background-type":"","background-media":"","overlay-type":"","overlay-color":"","overlay-opacity":"","overlay-gradient":""},"mobile":{"background-color":"var(--ast-global-color-5)","background-image":"","background-repeat":"repeat","background-position":"center center","background-size":"auto","background-attachment":"scroll","background-type":"","background-media":"","overlay-type":"","overlay-color":"","overlay-opacity":"","overlay-gradient":""}},"_joinchat":[]},"product_brand":[],"product_cat":[76],"product_tag":[],"class_list":{"0":"post-5722","1":"product","2":"type-product","3":"status-publish","4":"has-post-thumbnail","6":"product_cat-suda-cozunen-yaprak-gubresi","7":"desktop-align-left","8":"tablet-align-left","9":"mobile-align-left","11":"first","12":"instock","13":"shipping-taxable","14":"product-type-simple"},"yoast_head":"<!-- This site is optimized with the Yoast SEO plugin v27.4 - https:\/\/yoast.com\/product\/yoast-seo-wordpress\/ -->\n<title>Amwaj, Anti Stress and Amino Ocean - Bimco International<\/title>\n<meta name=\"description\" content=\"BIMCO&#039;dan Amwaj, Anti Stress ve Amino Ocean&#039;\u0131 ke\u015ffedin. T\u00fcrkiye&#039;de bitki sa\u011fl\u0131\u011f\u0131n\u0131, stres direncini ve tar\u0131msal verimi art\u0131ran geli\u015fmi\u015f \u00e7\u00f6z\u00fcmler.\" \/>\n<meta name=\"robots\" content=\"index, follow, max-snippet:-1, max-image-preview:large, max-video-preview:-1\" \/>\n<link rel=\"canonical\" href=\"https:\/\/bimcointernational.com\/tr\/urun\/amwaj-anti-stress-amino-ocean\/\" \/>\n<meta property=\"og:locale\" content=\"tr_TR\" \/>\n<meta property=\"og:type\" content=\"article\" \/>\n<meta property=\"og:title\" content=\"Amwaj, Anti Stress and Amino Ocean - Bimco International\" \/>\n<meta property=\"og:description\" content=\"BIMCO&#039;dan Amwaj, Anti Stress ve Amino Ocean&#039;\u0131 ke\u015ffedin. T\u00fcrkiye&#039;de bitki sa\u011fl\u0131\u011f\u0131n\u0131, stres direncini ve tar\u0131msal verimi art\u0131ran geli\u015fmi\u015f \u00e7\u00f6z\u00fcmler.\" \/>\n<meta property=\"og:url\" content=\"https:\/\/bimcointernational.com\/tr\/urun\/amwaj-anti-stress-amino-ocean\/\" \/>\n<meta property=\"og:site_name\" content=\"bimco international\" \/>\n<meta property=\"article:publisher\" content=\"https:\/\/www.facebook.com\/B9K9T\" \/>\n<meta property=\"article:modified_time\" content=\"2025-07-07T10:22:28+00:00\" \/>\n<meta property=\"og:image\" content=\"https:\/\/bimcointernational.com\/wp-content\/uploads\/2025\/07\/AMWAJ-AMINO-OCEAN-.png\" \/>\n\t<meta property=\"og:image:width\" content=\"1213\" \/>\n\t<meta property=\"og:image:height\" content=\"862\" \/>\n\t<meta property=\"og:image:type\" content=\"image\/png\" \/>\n<meta name=\"twitter:card\" content=\"summary_large_image\" \/>\n<meta name=\"twitter:label1\" content=\"Tahmini okuma s\u00fcresi\" \/>\n\t<meta name=\"twitter:data1\" content=\"2 dakika\" \/>\n<script type=\"application\/ld+json\" class=\"yoast-schema-graph\">{\"@context\":\"https:\\\/\\\/schema.org\",\"@graph\":[{\"@type\":\"WebPage\",\"@id\":\"https:\\\/\\\/bimcointernational.com\\\/tr\\\/urun\\\/amwaj-anti-stress-amino-ocean\\\/\",\"url\":\"https:\\\/\\\/bimcointernational.com\\\/tr\\\/urun\\\/amwaj-anti-stress-amino-ocean\\\/\",\"name\":\"Amwaj, Anti Stress and Amino Ocean - Bimco International\",\"isPartOf\":{\"@id\":\"https:\\\/\\\/bimcointernational.com\\\/tr\\\/#website\"},\"primaryImageOfPage\":{\"@id\":\"https:\\\/\\\/bimcointernational.com\\\/tr\\\/urun\\\/amwaj-anti-stress-amino-ocean\\\/#primaryimage\"},\"image\":{\"@id\":\"https:\\\/\\\/bimcointernational.com\\\/tr\\\/urun\\\/amwaj-anti-stress-amino-ocean\\\/#primaryimage\"},\"thumbnailUrl\":\"https:\\\/\\\/bimcointernational.com\\\/wp-content\\\/uploads\\\/2025\\\/07\\\/AMWAJ-AMINO-OCEAN-.png\",\"datePublished\":\"2025-07-07T09:37:06+00:00\",\"dateModified\":\"2025-07-07T10:22:28+00:00\",\"description\":\"BIMCO'dan Amwaj, Anti Stress ve Amino Ocean'\u0131 ke\u015ffedin. T\u00fcrkiye'de bitki sa\u011fl\u0131\u011f\u0131n\u0131, stres direncini ve tar\u0131msal verimi art\u0131ran geli\u015fmi\u015f \u00e7\u00f6z\u00fcmler.\",\"breadcrumb\":{\"@id\":\"https:\\\/\\\/bimcointernational.com\\\/tr\\\/urun\\\/amwaj-anti-stress-amino-ocean\\\/#breadcrumb\"},\"inLanguage\":\"tr\",\"potentialAction\":[{\"@type\":\"ReadAction\",\"target\":[\"https:\\\/\\\/bimcointernational.com\\\/tr\\\/urun\\\/amwaj-anti-stress-amino-ocean\\\/\"]}]},{\"@type\":\"ImageObject\",\"inLanguage\":\"tr\",\"@id\":\"https:\\\/\\\/bimcointernational.com\\\/tr\\\/urun\\\/amwaj-anti-stress-amino-ocean\\\/#primaryimage\",\"url\":\"https:\\\/\\\/bimcointernational.com\\\/wp-content\\\/uploads\\\/2025\\\/07\\\/AMWAJ-AMINO-OCEAN-.png\",\"contentUrl\":\"https:\\\/\\\/bimcointernational.com\\\/wp-content\\\/uploads\\\/2025\\\/07\\\/AMWAJ-AMINO-OCEAN-.png\",\"width\":1213,\"height\":862,\"caption\":\"Bimco International Products\"},{\"@type\":\"BreadcrumbList\",\"@id\":\"https:\\\/\\\/bimcointernational.com\\\/tr\\\/urun\\\/amwaj-anti-stress-amino-ocean\\\/#breadcrumb\",\"itemListElement\":[{\"@type\":\"ListItem\",\"position\":1,\"name\":\"Home\",\"item\":\"https:\\\/\\\/bimcointernational.com\\\/tr\\\/\"},{\"@type\":\"ListItem\",\"position\":2,\"name\":\"\u00dcr\u00fcnlerimiz\",\"item\":\"https:\\\/\\\/bimcointernational.com\\\/tr\\\/urunlerimiz\\\/\"},{\"@type\":\"ListItem\",\"position\":3,\"name\":\"AMWAJ &#8211; ANTI STRESS &#8211; AMINO OCEAN\"}]},{\"@type\":\"WebSite\",\"@id\":\"https:\\\/\\\/bimcointernational.com\\\/tr\\\/#website\",\"url\":\"https:\\\/\\\/bimcointernational.com\\\/tr\\\/\",\"name\":\"bimco international\",\"description\":\"\u0634\u0631\u0643\u0629 \u0628\u064a\u0645\u0643\u0648 \u0627\u0644\u0643\u064a\u0645\u064a\u0627\u0626\u064a\u0629 \u0644\u0635\u0646\u0627\u0639\u0629 \u0627\u0644\u0645\u0628\u064a\u062f\u0627\u062a \u0648\u0627\u0644\u0623\u0633\u0645\u062f\u0629 \u0639\u0627\u0644\u064a\u0629 \u0627\u0644\u062c\u0648\u062f\u0629 35 \u0639\u0627\u0645\u0627 \u0645\u0646 \u0627\u0644\u062e\u0628\u0631\u0629 \u0646\u0636\u0639\u0647\u0627 \u0628\u064a\u0646 \u0623\u064a\u062f\u064a\u0643\u0645\",\"publisher\":{\"@id\":\"https:\\\/\\\/bimcointernational.com\\\/tr\\\/#organization\"},\"potentialAction\":[{\"@type\":\"SearchAction\",\"target\":{\"@type\":\"EntryPoint\",\"urlTemplate\":\"https:\\\/\\\/bimcointernational.com\\\/tr\\\/?s={search_term_string}\"},\"query-input\":{\"@type\":\"PropertyValueSpecification\",\"valueRequired\":true,\"valueName\":\"search_term_string\"}}],\"inLanguage\":\"tr\"},{\"@type\":\"Organization\",\"@id\":\"https:\\\/\\\/bimcointernational.com\\\/tr\\\/#organization\",\"name\":\"bimco international\",\"url\":\"https:\\\/\\\/bimcointernational.com\\\/tr\\\/\",\"logo\":{\"@type\":\"ImageObject\",\"inLanguage\":\"tr\",\"@id\":\"https:\\\/\\\/bimcointernational.com\\\/tr\\\/#\\\/schema\\\/logo\\\/image\\\/\",\"url\":\"https:\\\/\\\/bimcointernational.com\\\/wp-content\\\/uploads\\\/2023\\\/03\\\/bimco-international.png\",\"contentUrl\":\"https:\\\/\\\/bimcointernational.com\\\/wp-content\\\/uploads\\\/2023\\\/03\\\/bimco-international.png\",\"width\":1000,\"height\":283,\"caption\":\"bimco international\"},\"image\":{\"@id\":\"https:\\\/\\\/bimcointernational.com\\\/tr\\\/#\\\/schema\\\/logo\\\/image\\\/\"},\"sameAs\":[\"https:\\\/\\\/www.facebook.com\\\/B9K9T\",\"https:\\\/\\\/www.instagram.com\\\/bimcokimya\\\/\"]}]}<\/script>\n<!-- \/ Yoast SEO plugin. -->","yoast_head_json":{"title":"Amwaj, Anti Stress and Amino Ocean - Bimco International","description":"BIMCO'dan Amwaj, Anti Stress ve Amino Ocean'\u0131 ke\u015ffedin. T\u00fcrkiye'de bitki sa\u011fl\u0131\u011f\u0131n\u0131, stres direncini ve tar\u0131msal verimi art\u0131ran geli\u015fmi\u015f \u00e7\u00f6z\u00fcmler.","robots":{"index":"index","follow":"follow","max-snippet":"max-snippet:-1","max-image-preview":"max-image-preview:large","max-video-preview":"max-video-preview:-1"},"canonical":"https:\/\/bimcointernational.com\/tr\/urun\/amwaj-anti-stress-amino-ocean\/","og_locale":"tr_TR","og_type":"article","og_title":"Amwaj, Anti Stress and Amino Ocean - Bimco International","og_description":"BIMCO'dan Amwaj, Anti Stress ve Amino Ocean'\u0131 ke\u015ffedin. T\u00fcrkiye'de bitki sa\u011fl\u0131\u011f\u0131n\u0131, stres direncini ve tar\u0131msal verimi art\u0131ran geli\u015fmi\u015f \u00e7\u00f6z\u00fcmler.","og_url":"https:\/\/bimcointernational.com\/tr\/urun\/amwaj-anti-stress-amino-ocean\/","og_site_name":"bimco international","article_publisher":"https:\/\/www.facebook.com\/B9K9T","article_modified_time":"2025-07-07T10:22:28+00:00","og_image":[{"width":1213,"height":862,"url":"https:\/\/bimcointernational.com\/wp-content\/uploads\/2025\/07\/AMWAJ-AMINO-OCEAN-.png","type":"image\/png"}],"twitter_card":"summary_large_image","twitter_misc":{"Tahmini okuma s\u00fcresi":"2 dakika"},"schema":{"@context":"https:\/\/schema.org","@graph":[{"@type":"WebPage","@id":"https:\/\/bimcointernational.com\/tr\/urun\/amwaj-anti-stress-amino-ocean\/","url":"https:\/\/bimcointernational.com\/tr\/urun\/amwaj-anti-stress-amino-ocean\/","name":"Amwaj, Anti Stress and Amino Ocean - Bimco International","isPartOf":{"@id":"https:\/\/bimcointernational.com\/tr\/#website"},"primaryImageOfPage":{"@id":"https:\/\/bimcointernational.com\/tr\/urun\/amwaj-anti-stress-amino-ocean\/#primaryimage"},"image":{"@id":"https:\/\/bimcointernational.com\/tr\/urun\/amwaj-anti-stress-amino-ocean\/#primaryimage"},"thumbnailUrl":"https:\/\/bimcointernational.com\/wp-content\/uploads\/2025\/07\/AMWAJ-AMINO-OCEAN-.png","datePublished":"2025-07-07T09:37:06+00:00","dateModified":"2025-07-07T10:22:28+00:00","description":"BIMCO'dan Amwaj, Anti Stress ve Amino Ocean'\u0131 ke\u015ffedin. T\u00fcrkiye'de bitki sa\u011fl\u0131\u011f\u0131n\u0131, stres direncini ve tar\u0131msal verimi art\u0131ran geli\u015fmi\u015f \u00e7\u00f6z\u00fcmler.","breadcrumb":{"@id":"https:\/\/bimcointernational.com\/tr\/urun\/amwaj-anti-stress-amino-ocean\/#breadcrumb"},"inLanguage":"tr","potentialAction":[{"@type":"ReadAction","target":["https:\/\/bimcointernational.com\/tr\/urun\/amwaj-anti-stress-amino-ocean\/"]}]},{"@type":"ImageObject","inLanguage":"tr","@id":"https:\/\/bimcointernational.com\/tr\/urun\/amwaj-anti-stress-amino-ocean\/#primaryimage","url":"https:\/\/bimcointernational.com\/wp-content\/uploads\/2025\/07\/AMWAJ-AMINO-OCEAN-.png","contentUrl":"https:\/\/bimcointernational.com\/wp-content\/uploads\/2025\/07\/AMWAJ-AMINO-OCEAN-.png","width":1213,"height":862,"caption":"Bimco International Products"},{"@type":"BreadcrumbList","@id":"https:\/\/bimcointernational.com\/tr\/urun\/amwaj-anti-stress-amino-ocean\/#breadcrumb","itemListElement":[{"@type":"ListItem","position":1,"name":"Home","item":"https:\/\/bimcointernational.com\/tr\/"},{"@type":"ListItem","position":2,"name":"\u00dcr\u00fcnlerimiz","item":"https:\/\/bimcointernational.com\/tr\/urunlerimiz\/"},{"@type":"ListItem","position":3,"name":"AMWAJ &#8211; ANTI STRESS &#8211; AMINO OCEAN"}]},{"@type":"WebSite","@id":"https:\/\/bimcointernational.com\/tr\/#website","url":"https:\/\/bimcointernational.com\/tr\/","name":"bimco international","description":"\u0634\u0631\u0643\u0629 \u0628\u064a\u0645\u0643\u0648 \u0627\u0644\u0643\u064a\u0645\u064a\u0627\u0626\u064a\u0629 \u0644\u0635\u0646\u0627\u0639\u0629 \u0627\u0644\u0645\u0628\u064a\u062f\u0627\u062a \u0648\u0627\u0644\u0623\u0633\u0645\u062f\u0629 \u0639\u0627\u0644\u064a\u0629 \u0627\u0644\u062c\u0648\u062f\u0629 35 \u0639\u0627\u0645\u0627 \u0645\u0646 \u0627\u0644\u062e\u0628\u0631\u0629 \u0646\u0636\u0639\u0647\u0627 \u0628\u064a\u0646 \u0623\u064a\u062f\u064a\u0643\u0645","publisher":{"@id":"https:\/\/bimcointernational.com\/tr\/#organization"},"potentialAction":[{"@type":"SearchAction","target":{"@type":"EntryPoint","urlTemplate":"https:\/\/bimcointernational.com\/tr\/?s={search_term_string}"},"query-input":{"@type":"PropertyValueSpecification","valueRequired":true,"valueName":"search_term_string"}}],"inLanguage":"tr"},{"@type":"Organization","@id":"https:\/\/bimcointernational.com\/tr\/#organization","name":"bimco international","url":"https:\/\/bimcointernational.com\/tr\/","logo":{"@type":"ImageObject","inLanguage":"tr","@id":"https:\/\/bimcointernational.com\/tr\/#\/schema\/logo\/image\/","url":"https:\/\/bimcointernational.com\/wp-content\/uploads\/2023\/03\/bimco-international.png","contentUrl":"https:\/\/bimcointernational.com\/wp-content\/uploads\/2023\/03\/bimco-international.png","width":1000,"height":283,"caption":"bimco international"},"image":{"@id":"https:\/\/bimcointernational.com\/tr\/#\/schema\/logo\/image\/"},"sameAs":["https:\/\/www.facebook.com\/B9K9T","https:\/\/www.instagram.com\/bimcokimya\/"]}]}},"jetpack_sharing_enabled":true,"_links":{"self":[{"href":"https:\/\/bimcointernational.com\/tr\/wp-json\/wp\/v2\/product\/5722","targetHints":{"allow":["GET"]}}],"collection":[{"href":"https:\/\/bimcointernational.com\/tr\/wp-json\/wp\/v2\/product"}],"about":[{"href":"https:\/\/bimcointernational.com\/tr\/wp-json\/wp\/v2\/types\/product"}],"replies":[{"embeddable":true,"href":"https:\/\/bimcointernational.com\/tr\/wp-json\/wp\/v2\/comments?post=5722"}],"wp:featuredmedia":[{"embeddable":true,"href":"https:\/\/bimcointernational.com\/tr\/wp-json\/wp\/v2\/media\/5710"}],"wp:attachment":[{"href":"https:\/\/bimcointernational.com\/tr\/wp-json\/wp\/v2\/media?parent=5722"}],"wp:term":[{"taxonomy":"product_brand","embeddable":true,"href":"https:\/\/bimcointernational.com\/tr\/wp-json\/wp\/v2\/product_brand?post=5722"},{"taxonomy":"product_cat","embeddable":true,"href":"https:\/\/bimcointernational.com\/tr\/wp-json\/wp\/v2\/product_cat?post=5722"},{"taxonomy":"product_tag","embeddable":true,"href":"https:\/\/bimcointernational.com\/tr\/wp-json\/wp\/v2\/product_tag?post=5722"}],"curies":[{"name":"wp","href":"https:\/\/api.w.org\/{rel}","templated":true}]}}