{"id":5704,"date":"2025-07-03T12:33:47","date_gmt":"2025-07-03T12:33:47","guid":{"rendered":"https:\/\/bimcointernational.com\/product\/zinkomin\/"},"modified":"2025-07-03T12:51:53","modified_gmt":"2025-07-03T12:51:53","slug":"zinkomin","status":"publish","type":"product","link":"https:\/\/bimcointernational.com\/tr\/urun\/zinkomin\/","title":{"rendered":"Zinkomin"},"content":{"rendered":"<h3 data-start=\"3566\" data-end=\"3582\"><strong>\u00dcr\u00fcn \u00d6zeti<\/strong><\/h3>\n<p data-start=\"3583\" data-end=\"3812\"><span style=\"color: #99cc00;\"><strong data-start=\"3583\" data-end=\"3595\">ZINKOMIN<\/strong><\/span>, EDTA ile \u015felatlanm\u0131\u015f \u00e7inko, azot, potasyum, bor ve molibden gibi mikro besinlerle zenginle\u015ftirilmi\u015f organik bir g\u00fcbredir. Bitki dayan\u0131kl\u0131l\u0131\u011f\u0131n\u0131 art\u0131r\u0131r, meyve kalitesini y\u00fckseltir ve genel bitki sa\u011fl\u0131\u011f\u0131n\u0131 destekler.<\/p>\n<h3 data-start=\"3814\" data-end=\"3832\"><strong>Temel Faydalar<\/strong><\/h3>\n<ol data-start=\"3833\" data-end=\"4163\">\n<li data-start=\"3833\" data-end=\"3910\">\n<p data-start=\"3836\" data-end=\"3910\">Tryptophan sayesinde klorofil olu\u015fumunu ve oksijen aktivitesini destekler.<\/p>\n<\/li>\n<li data-start=\"3911\" data-end=\"3982\">\n<p data-start=\"3914\" data-end=\"3982\">Meyvede \u015feker \u00fcretimini art\u0131r\u0131r, irilik ve tat kalitesini y\u00fckseltir.<\/p>\n<\/li>\n<li data-start=\"3983\" data-end=\"4032\">\n<p data-start=\"3986\" data-end=\"4032\">Protein sentezini ve hormonal dengeyi art\u0131r\u0131r.<\/p>\n<\/li>\n<li data-start=\"4033\" data-end=\"4103\">\n<p data-start=\"4036\" data-end=\"4103\">Mikrobiyal enfeksiyonlara ve \u00e7evresel strese kar\u015f\u0131 direnci art\u0131r\u0131r.<\/p>\n<\/li>\n<li data-start=\"4104\" data-end=\"4163\">\n<p data-start=\"4107\" data-end=\"4163\">\u00c7i\u00e7eklenme, meyve tutumu ve tohum olu\u015fumunu iyile\u015ftirir.<\/p>\n<\/li>\n<\/ol>\n<h3 data-start=\"4165\" data-end=\"4184\"><strong>Uygulama Dozu<\/strong><\/h3>\n<p data-start=\"2412\" data-end=\"2439\"><strong data-start=\"2412\" data-end=\"2439\">Uygulama Dozaj Tablosu:<\/strong><\/p>\n<div class=\"_tableContainer_80l1q_1\">\n<div class=\"_tableWrapper_80l1q_14 group flex w-fit flex-col-reverse\" tabindex=\"-1\">\n<table class=\"w-fit min-w-(--thread-content-width)\" data-start=\"2441\" data-end=\"3347\">\n<thead data-start=\"2441\" data-end=\"2539\">\n<tr data-start=\"2441\" data-end=\"2539\">\n<th data-start=\"2441\" data-end=\"2485\" data-col-size=\"sm\">Bitki T\u00fcr\u00fc<\/th>\n<th data-start=\"2485\" data-end=\"2513\" data-col-size=\"sm\">Dozaj (g \/ 100 L su)<\/th>\n<th data-start=\"2513\" data-end=\"2539\" data-col-size=\"sm\">Dozaj (g \/ hektar)<\/th>\n<\/tr>\n<\/thead>\n<tbody data-start=\"2641\" data-end=\"3347\">\n<tr data-start=\"2641\" data-end=\"2741\">\n<td data-start=\"2641\" data-end=\"2685\" data-col-size=\"sm\">Sebzeler, \u00e7i\u00e7ekler ve s\u00fcs bitkileri<\/td>\n<td data-start=\"2685\" data-end=\"2714\" data-col-size=\"sm\">125 \u2013 150<\/td>\n<td data-start=\"2714\" data-end=\"2741\" data-col-size=\"sm\">100 \u2013 200<\/td>\n<\/tr>\n<tr data-start=\"2742\" data-end=\"2842\">\n<td data-start=\"2742\" data-end=\"2786\" data-col-size=\"sm\">Tarla bitkileri ve baklagiller<\/td>\n<td data-start=\"2786\" data-end=\"2815\" data-col-size=\"sm\">100 \u2013 200<\/td>\n<td data-start=\"2815\" data-end=\"2842\" data-col-size=\"sm\">200 \u2013 300<\/td>\n<\/tr>\n<tr data-start=\"2843\" data-end=\"2943\">\n<td data-start=\"2843\" data-end=\"2887\" data-col-size=\"sm\">Meyve sebzeleri ve yaprak d\u00f6ken meyveler<\/td>\n<td data-start=\"2887\" data-end=\"2916\" data-col-size=\"sm\">150 \u2013 200<\/td>\n<td data-start=\"2916\" data-end=\"2943\" data-col-size=\"sm\">250 \u2013 300<\/td>\n<\/tr>\n<tr data-start=\"2944\" data-end=\"3044\">\n<td data-start=\"2944\" data-end=\"2988\" data-col-size=\"sm\">Narenciye ve \u00fcz\u00fcm<\/td>\n<td data-start=\"2988\" data-end=\"3017\" data-col-size=\"sm\">150 \u2013 200<\/td>\n<td data-start=\"3017\" data-end=\"3044\" data-col-size=\"sm\">250 \u2013 300<\/td>\n<\/tr>\n<tr data-start=\"3045\" data-end=\"3145\">\n<td data-start=\"3045\" data-end=\"3089\" data-col-size=\"sm\">Sebzeler, meyveler, t\u0131bbi bitkiler<\/td>\n<td data-start=\"3089\" data-end=\"3118\" data-col-size=\"sm\">100 \u2013 150<\/td>\n<td data-start=\"3118\" data-end=\"3145\" data-col-size=\"sm\">150 \u2013 200<\/td>\n<\/tr>\n<tr data-start=\"3146\" data-end=\"3246\">\n<td data-start=\"3146\" data-end=\"3190\" data-col-size=\"sm\">Zeytin, hurma, narenciye<\/td>\n<td data-start=\"3190\" data-end=\"3219\" data-col-size=\"sm\">200 \u2013 250<\/td>\n<td data-start=\"3219\" data-end=\"3246\" data-col-size=\"sm\">300 \u2013 400<\/td>\n<\/tr>\n<tr data-start=\"3247\" data-end=\"3347\">\n<td data-start=\"3247\" data-end=\"3291\" data-col-size=\"sm\">S\u00fcs bitkileri ve peyzaj bitkileri<\/td>\n<td data-start=\"3291\" data-end=\"3320\" data-col-size=\"sm\">200 \u2013 250<\/td>\n<td data-start=\"3320\" data-end=\"3347\" data-col-size=\"sm\">300 \u2013 400<\/td>\n<\/tr>\n<\/tbody>\n<\/table>\n<\/div>\n<\/div>\n<p data-start=\"4291\" data-end=\"4404\">\ud83d\udd0d K\u00f6k geli\u015fimini destekleyen <a class=\"cursor-pointer\" href=\"https:\/\/bimcointernational.com\/tr\/?attachment_id=4452\" target=\"_blank\" rel=\"noopener\" data-start=\"4321\" data-end=\"4390\"><span style=\"color: #99cc00;\">Rotana \u00fcr\u00fcn\u00fcm\u00fcz\u00fc<\/span><\/a> de inceleyin.<\/p>\n<p data-start=\"4406\" data-end=\"4534\">\ud83d\udcd6 <a class=\"cursor-pointer\" href=\"https:\/\/www.agroliquid.com\/resources\/blog\/micronutrient-deficiencies\/\" target=\"_blank\" rel=\"noopener\" data-start=\"4409\" data-end=\"4522\"><span style=\"color: #99cc00;\">Bitkilerde mikro besin<\/span> eksiklikleri hakk\u0131nda<\/a> bilgi al\u0131n.<\/p>\n<p data-start=\"2430\" data-end=\"2555\">\n","protected":false},"excerpt":{"rendered":"<p>\u00c7inko, azot ve mikro elementlerle zenginle\u015ftirilmi\u015f organik EDTA g\u00fcbresi.<\/p>\n","protected":false},"featured_media":5701,"comment_status":"open","ping_status":"closed","template":"","meta":{"_eb_attr":"","site-sidebar-layout":"default","site-content-layout":"","ast-site-content-layout":"default","site-content-style":"default","site-sidebar-style":"default","ast-global-header-display":"","ast-banner-title-visibility":"","ast-main-header-display":"","ast-hfb-above-header-display":"","ast-hfb-below-header-display":"","ast-hfb-mobile-header-display":"","site-post-title":"","ast-breadcrumbs-content":"","ast-featured-img":"","footer-sml-layout":"","ast-disable-related-posts":"","theme-transparent-header-meta":"default","adv-header-id-meta":"","stick-header-meta":"","header-above-stick-meta":"","header-main-stick-meta":"","header-below-stick-meta":"","astra-migrate-meta-layouts":"set","ast-page-background-enabled":"default","ast-page-background-meta":{"desktop":{"background-color":"var(--ast-global-color-4)","background-image":"","background-repeat":"repeat","background-position":"center center","background-size":"auto","background-attachment":"scroll","background-type":"","background-media":"","overlay-type":"","overlay-color":"","overlay-opacity":"","overlay-gradient":""},"tablet":{"background-color":"","background-image":"","background-repeat":"repeat","background-position":"center center","background-size":"auto","background-attachment":"scroll","background-type":"","background-media":"","overlay-type":"","overlay-color":"","overlay-opacity":"","overlay-gradient":""},"mobile":{"background-color":"","background-image":"","background-repeat":"repeat","background-position":"center center","background-size":"auto","background-attachment":"scroll","background-type":"","background-media":"","overlay-type":"","overlay-color":"","overlay-opacity":"","overlay-gradient":""}},"ast-content-background-meta":{"desktop":{"background-color":"var(--ast-global-color-5)","background-image":"","background-repeat":"repeat","background-position":"center center","background-size":"auto","background-attachment":"scroll","background-type":"","background-media":"","overlay-type":"","overlay-color":"","overlay-opacity":"","overlay-gradient":""},"tablet":{"background-color":"var(--ast-global-color-5)","background-image":"","background-repeat":"repeat","background-position":"center center","background-size":"auto","background-attachment":"scroll","background-type":"","background-media":"","overlay-type":"","overlay-color":"","overlay-opacity":"","overlay-gradient":""},"mobile":{"background-color":"var(--ast-global-color-5)","background-image":"","background-repeat":"repeat","background-position":"center center","background-size":"auto","background-attachment":"scroll","background-type":"","background-media":"","overlay-type":"","overlay-color":"","overlay-opacity":"","overlay-gradient":""}},"_joinchat":[]},"product_brand":[],"product_cat":[76],"product_tag":[],"class_list":{"0":"post-5704","1":"product","2":"type-product","3":"status-publish","4":"has-post-thumbnail","6":"product_cat-suda-cozunen-yaprak-gubresi","7":"desktop-align-left","8":"tablet-align-left","9":"mobile-align-left","11":"first","12":"instock","13":"shipping-taxable","14":"product-type-simple"},"yoast_head":"<!-- This site is optimized with the Yoast SEO plugin v27.1.1 - https:\/\/yoast.com\/product\/yoast-seo-wordpress\/ -->\n<title>Zinkomin \u2013 Mikro Besin G\u00fcbresi - Bimco International<\/title>\n<meta name=\"description\" content=\"Zinkomin, \u00e7inko ve mikro besinler a\u00e7\u0131s\u0131ndan zengin, bitki b\u00fcy\u00fcmesini ve kaliteyi art\u0131ran organik bir g\u00fcbredir.\" \/>\n<meta name=\"robots\" content=\"index, follow, max-snippet:-1, max-image-preview:large, max-video-preview:-1\" \/>\n<link rel=\"canonical\" href=\"https:\/\/bimcointernational.com\/tr\/urun\/zinkomin\/\" \/>\n<meta property=\"og:locale\" content=\"tr_TR\" \/>\n<meta property=\"og:type\" content=\"article\" \/>\n<meta property=\"og:title\" content=\"Zinkomin \u2013 Mikro Besin G\u00fcbresi - Bimco International\" \/>\n<meta property=\"og:description\" content=\"Zinkomin, \u00e7inko ve mikro besinler a\u00e7\u0131s\u0131ndan zengin, bitki b\u00fcy\u00fcmesini ve kaliteyi art\u0131ran organik bir g\u00fcbredir.\" \/>\n<meta property=\"og:url\" content=\"https:\/\/bimcointernational.com\/tr\/urun\/zinkomin\/\" \/>\n<meta property=\"og:site_name\" content=\"bimco international\" \/>\n<meta property=\"article:publisher\" content=\"https:\/\/www.facebook.com\/B9K9T\" \/>\n<meta property=\"article:modified_time\" content=\"2025-07-03T12:51:53+00:00\" \/>\n<meta property=\"og:image\" content=\"https:\/\/bimcointernational.com\/wp-content\/uploads\/2025\/07\/ZINKOMIN-.png\" \/>\n\t<meta property=\"og:image:width\" content=\"905\" \/>\n\t<meta property=\"og:image:height\" content=\"958\" \/>\n\t<meta property=\"og:image:type\" content=\"image\/png\" \/>\n<meta name=\"twitter:card\" content=\"summary_large_image\" \/>\n<meta name=\"twitter:label1\" content=\"Tahmini okuma s\u00fcresi\" \/>\n\t<meta name=\"twitter:data1\" content=\"1 dakika\" \/>\n<script type=\"application\/ld+json\" class=\"yoast-schema-graph\">{\"@context\":\"https:\/\/schema.org\",\"@graph\":[{\"@type\":\"WebPage\",\"@id\":\"https:\/\/bimcointernational.com\/tr\/urun\/zinkomin\/\",\"url\":\"https:\/\/bimcointernational.com\/tr\/urun\/zinkomin\/\",\"name\":\"Zinkomin \u2013 Mikro Besin G\u00fcbresi - Bimco International\",\"isPartOf\":{\"@id\":\"https:\/\/bimcointernational.com\/tr\/#website\"},\"primaryImageOfPage\":{\"@id\":\"https:\/\/bimcointernational.com\/tr\/urun\/zinkomin\/#primaryimage\"},\"image\":{\"@id\":\"https:\/\/bimcointernational.com\/tr\/urun\/zinkomin\/#primaryimage\"},\"thumbnailUrl\":\"https:\/\/bimcointernational.com\/wp-content\/uploads\/2025\/07\/ZINKOMIN-.png\",\"datePublished\":\"2025-07-03T12:33:47+00:00\",\"dateModified\":\"2025-07-03T12:51:53+00:00\",\"description\":\"Zinkomin, \u00e7inko ve mikro besinler a\u00e7\u0131s\u0131ndan zengin, bitki b\u00fcy\u00fcmesini ve kaliteyi art\u0131ran organik bir g\u00fcbredir.\",\"breadcrumb\":{\"@id\":\"https:\/\/bimcointernational.com\/tr\/urun\/zinkomin\/#breadcrumb\"},\"inLanguage\":\"tr\",\"potentialAction\":[{\"@type\":\"ReadAction\",\"target\":[\"https:\/\/bimcointernational.com\/tr\/urun\/zinkomin\/\"]}]},{\"@type\":\"ImageObject\",\"inLanguage\":\"tr\",\"@id\":\"https:\/\/bimcointernational.com\/tr\/urun\/zinkomin\/#primaryimage\",\"url\":\"https:\/\/bimcointernational.com\/wp-content\/uploads\/2025\/07\/ZINKOMIN-.png\",\"contentUrl\":\"https:\/\/bimcointernational.com\/wp-content\/uploads\/2025\/07\/ZINKOMIN-.png\",\"width\":905,\"height\":958,\"caption\":\"Zinkomin organic EDTA zinc fertilizer\"},{\"@type\":\"BreadcrumbList\",\"@id\":\"https:\/\/bimcointernational.com\/tr\/urun\/zinkomin\/#breadcrumb\",\"itemListElement\":[{\"@type\":\"ListItem\",\"position\":1,\"name\":\"Home\",\"item\":\"https:\/\/bimcointernational.com\/tr\/\"},{\"@type\":\"ListItem\",\"position\":2,\"name\":\"\u00dcr\u00fcnlerimiz\",\"item\":\"https:\/\/bimcointernational.com\/tr\/urunlerimiz\/\"},{\"@type\":\"ListItem\",\"position\":3,\"name\":\"Zinkomin\"}]},{\"@type\":\"WebSite\",\"@id\":\"https:\/\/bimcointernational.com\/tr\/#website\",\"url\":\"https:\/\/bimcointernational.com\/tr\/\",\"name\":\"bimco international\",\"description\":\"\u0634\u0631\u0643\u0629 \u0628\u064a\u0645\u0643\u0648 \u0627\u0644\u0643\u064a\u0645\u064a\u0627\u0626\u064a\u0629 \u0644\u0635\u0646\u0627\u0639\u0629 \u0627\u0644\u0645\u0628\u064a\u062f\u0627\u062a \u0648\u0627\u0644\u0623\u0633\u0645\u062f\u0629 \u0639\u0627\u0644\u064a\u0629 \u0627\u0644\u062c\u0648\u062f\u0629 35 \u0639\u0627\u0645\u0627 \u0645\u0646 \u0627\u0644\u062e\u0628\u0631\u0629 \u0646\u0636\u0639\u0647\u0627 \u0628\u064a\u0646 \u0623\u064a\u062f\u064a\u0643\u0645\",\"publisher\":{\"@id\":\"https:\/\/bimcointernational.com\/tr\/#organization\"},\"potentialAction\":[{\"@type\":\"SearchAction\",\"target\":{\"@type\":\"EntryPoint\",\"urlTemplate\":\"https:\/\/bimcointernational.com\/tr\/?s={search_term_string}\"},\"query-input\":{\"@type\":\"PropertyValueSpecification\",\"valueRequired\":true,\"valueName\":\"search_term_string\"}}],\"inLanguage\":\"tr\"},{\"@type\":\"Organization\",\"@id\":\"https:\/\/bimcointernational.com\/tr\/#organization\",\"name\":\"bimco international\",\"url\":\"https:\/\/bimcointernational.com\/tr\/\",\"logo\":{\"@type\":\"ImageObject\",\"inLanguage\":\"tr\",\"@id\":\"https:\/\/bimcointernational.com\/tr\/#\/schema\/logo\/image\/\",\"url\":\"https:\/\/bimcointernational.com\/wp-content\/uploads\/2023\/03\/bimco-international.png\",\"contentUrl\":\"https:\/\/bimcointernational.com\/wp-content\/uploads\/2023\/03\/bimco-international.png\",\"width\":1000,\"height\":283,\"caption\":\"bimco international\"},\"image\":{\"@id\":\"https:\/\/bimcointernational.com\/tr\/#\/schema\/logo\/image\/\"},\"sameAs\":[\"https:\/\/www.facebook.com\/B9K9T\",\"https:\/\/www.instagram.com\/bimcokimya\/\"]}]}<\/script>\n<!-- \/ Yoast SEO plugin. -->","yoast_head_json":{"title":"Zinkomin \u2013 Mikro Besin G\u00fcbresi - Bimco International","description":"Zinkomin, \u00e7inko ve mikro besinler a\u00e7\u0131s\u0131ndan zengin, bitki b\u00fcy\u00fcmesini ve kaliteyi art\u0131ran organik bir g\u00fcbredir.","robots":{"index":"index","follow":"follow","max-snippet":"max-snippet:-1","max-image-preview":"max-image-preview:large","max-video-preview":"max-video-preview:-1"},"canonical":"https:\/\/bimcointernational.com\/tr\/urun\/zinkomin\/","og_locale":"tr_TR","og_type":"article","og_title":"Zinkomin \u2013 Mikro Besin G\u00fcbresi - Bimco International","og_description":"Zinkomin, \u00e7inko ve mikro besinler a\u00e7\u0131s\u0131ndan zengin, bitki b\u00fcy\u00fcmesini ve kaliteyi art\u0131ran organik bir g\u00fcbredir.","og_url":"https:\/\/bimcointernational.com\/tr\/urun\/zinkomin\/","og_site_name":"bimco international","article_publisher":"https:\/\/www.facebook.com\/B9K9T","article_modified_time":"2025-07-03T12:51:53+00:00","og_image":[{"width":905,"height":958,"url":"https:\/\/bimcointernational.com\/wp-content\/uploads\/2025\/07\/ZINKOMIN-.png","type":"image\/png"}],"twitter_card":"summary_large_image","twitter_misc":{"Tahmini okuma s\u00fcresi":"1 dakika"},"schema":{"@context":"https:\/\/schema.org","@graph":[{"@type":"WebPage","@id":"https:\/\/bimcointernational.com\/tr\/urun\/zinkomin\/","url":"https:\/\/bimcointernational.com\/tr\/urun\/zinkomin\/","name":"Zinkomin \u2013 Mikro Besin G\u00fcbresi - Bimco International","isPartOf":{"@id":"https:\/\/bimcointernational.com\/tr\/#website"},"primaryImageOfPage":{"@id":"https:\/\/bimcointernational.com\/tr\/urun\/zinkomin\/#primaryimage"},"image":{"@id":"https:\/\/bimcointernational.com\/tr\/urun\/zinkomin\/#primaryimage"},"thumbnailUrl":"https:\/\/bimcointernational.com\/wp-content\/uploads\/2025\/07\/ZINKOMIN-.png","datePublished":"2025-07-03T12:33:47+00:00","dateModified":"2025-07-03T12:51:53+00:00","description":"Zinkomin, \u00e7inko ve mikro besinler a\u00e7\u0131s\u0131ndan zengin, bitki b\u00fcy\u00fcmesini ve kaliteyi art\u0131ran organik bir g\u00fcbredir.","breadcrumb":{"@id":"https:\/\/bimcointernational.com\/tr\/urun\/zinkomin\/#breadcrumb"},"inLanguage":"tr","potentialAction":[{"@type":"ReadAction","target":["https:\/\/bimcointernational.com\/tr\/urun\/zinkomin\/"]}]},{"@type":"ImageObject","inLanguage":"tr","@id":"https:\/\/bimcointernational.com\/tr\/urun\/zinkomin\/#primaryimage","url":"https:\/\/bimcointernational.com\/wp-content\/uploads\/2025\/07\/ZINKOMIN-.png","contentUrl":"https:\/\/bimcointernational.com\/wp-content\/uploads\/2025\/07\/ZINKOMIN-.png","width":905,"height":958,"caption":"Zinkomin organic EDTA zinc fertilizer"},{"@type":"BreadcrumbList","@id":"https:\/\/bimcointernational.com\/tr\/urun\/zinkomin\/#breadcrumb","itemListElement":[{"@type":"ListItem","position":1,"name":"Home","item":"https:\/\/bimcointernational.com\/tr\/"},{"@type":"ListItem","position":2,"name":"\u00dcr\u00fcnlerimiz","item":"https:\/\/bimcointernational.com\/tr\/urunlerimiz\/"},{"@type":"ListItem","position":3,"name":"Zinkomin"}]},{"@type":"WebSite","@id":"https:\/\/bimcointernational.com\/tr\/#website","url":"https:\/\/bimcointernational.com\/tr\/","name":"bimco international","description":"\u0634\u0631\u0643\u0629 \u0628\u064a\u0645\u0643\u0648 \u0627\u0644\u0643\u064a\u0645\u064a\u0627\u0626\u064a\u0629 \u0644\u0635\u0646\u0627\u0639\u0629 \u0627\u0644\u0645\u0628\u064a\u062f\u0627\u062a \u0648\u0627\u0644\u0623\u0633\u0645\u062f\u0629 \u0639\u0627\u0644\u064a\u0629 \u0627\u0644\u062c\u0648\u062f\u0629 35 \u0639\u0627\u0645\u0627 \u0645\u0646 \u0627\u0644\u062e\u0628\u0631\u0629 \u0646\u0636\u0639\u0647\u0627 \u0628\u064a\u0646 \u0623\u064a\u062f\u064a\u0643\u0645","publisher":{"@id":"https:\/\/bimcointernational.com\/tr\/#organization"},"potentialAction":[{"@type":"SearchAction","target":{"@type":"EntryPoint","urlTemplate":"https:\/\/bimcointernational.com\/tr\/?s={search_term_string}"},"query-input":{"@type":"PropertyValueSpecification","valueRequired":true,"valueName":"search_term_string"}}],"inLanguage":"tr"},{"@type":"Organization","@id":"https:\/\/bimcointernational.com\/tr\/#organization","name":"bimco international","url":"https:\/\/bimcointernational.com\/tr\/","logo":{"@type":"ImageObject","inLanguage":"tr","@id":"https:\/\/bimcointernational.com\/tr\/#\/schema\/logo\/image\/","url":"https:\/\/bimcointernational.com\/wp-content\/uploads\/2023\/03\/bimco-international.png","contentUrl":"https:\/\/bimcointernational.com\/wp-content\/uploads\/2023\/03\/bimco-international.png","width":1000,"height":283,"caption":"bimco international"},"image":{"@id":"https:\/\/bimcointernational.com\/tr\/#\/schema\/logo\/image\/"},"sameAs":["https:\/\/www.facebook.com\/B9K9T","https:\/\/www.instagram.com\/bimcokimya\/"]}]}},"jetpack_sharing_enabled":true,"_links":{"self":[{"href":"https:\/\/bimcointernational.com\/tr\/wp-json\/wp\/v2\/product\/5704","targetHints":{"allow":["GET"]}}],"collection":[{"href":"https:\/\/bimcointernational.com\/tr\/wp-json\/wp\/v2\/product"}],"about":[{"href":"https:\/\/bimcointernational.com\/tr\/wp-json\/wp\/v2\/types\/product"}],"replies":[{"embeddable":true,"href":"https:\/\/bimcointernational.com\/tr\/wp-json\/wp\/v2\/comments?post=5704"}],"wp:featuredmedia":[{"embeddable":true,"href":"https:\/\/bimcointernational.com\/tr\/wp-json\/wp\/v2\/media\/5701"}],"wp:attachment":[{"href":"https:\/\/bimcointernational.com\/tr\/wp-json\/wp\/v2\/media?parent=5704"}],"wp:term":[{"taxonomy":"product_brand","embeddable":true,"href":"https:\/\/bimcointernational.com\/tr\/wp-json\/wp\/v2\/product_brand?post=5704"},{"taxonomy":"product_cat","embeddable":true,"href":"https:\/\/bimcointernational.com\/tr\/wp-json\/wp\/v2\/product_cat?post=5704"},{"taxonomy":"product_tag","embeddable":true,"href":"https:\/\/bimcointernational.com\/tr\/wp-json\/wp\/v2\/product_tag?post=5704"}],"curies":[{"name":"wp","href":"https:\/\/api.w.org\/{rel}","templated":true}]}}