{"id":5690,"date":"2025-07-03T11:04:22","date_gmt":"2025-07-03T11:04:22","guid":{"rendered":"https:\/\/bimcointernational.com\/product\/bimco-humate\/"},"modified":"2025-07-03T11:10:46","modified_gmt":"2025-07-03T11:10:46","slug":"bimco-humate","status":"publish","type":"product","link":"https:\/\/bimcointernational.com\/tr\/urun\/bimco-humate\/","title":{"rendered":"Bimco Humate"},"content":{"rendered":"<h3 data-start=\"4675\" data-end=\"4691\"><strong>\u00dcr\u00fcn \u00d6zeti<\/strong><\/h3>\n<p data-start=\"4692\" data-end=\"4919\"><span style=\"color: #99cc00;\"><strong data-start=\"4692\" data-end=\"4708\">BIMCO HUMATE<\/strong><\/span>, do\u011fal leonardit kaynakl\u0131, potasyum humat i\u00e7eren, y\u00fcksek oranda organik maddeye sahip suda tamamen \u00e7\u00f6z\u00fcnebilen bir g\u00fcbredir. Bitki geli\u015fimini te\u015fvik eder, k\u00f6k olu\u015fumunu art\u0131r\u0131r ve toprak kalitesini iyile\u015ftirir.<\/p>\n<h3 data-start=\"4921\" data-end=\"4942\"><strong>Teknik \u00d6zellikler<\/strong><\/h3>\n<div class=\"_tableContainer_80l1q_1\">\n<div class=\"_tableWrapper_80l1q_14 group flex w-fit flex-col-reverse\" tabindex=\"-1\">\n<table class=\"w-fit min-w-(--thread-content-width)\" data-start=\"4944\" data-end=\"5169\">\n<thead data-start=\"4944\" data-end=\"4971\">\n<tr data-start=\"4944\" data-end=\"4971\">\n<th data-start=\"4944\" data-end=\"4959\" data-col-size=\"sm\">Test Maddesi<\/th>\n<th data-start=\"4959\" data-end=\"4971\" data-col-size=\"sm\">Standart<\/th>\n<\/tr>\n<\/thead>\n<tbody data-start=\"5000\" data-end=\"5169\">\n<tr data-start=\"5000\" data-end=\"5023\">\n<td data-start=\"5000\" data-end=\"5016\" data-col-size=\"sm\">Organik Madde<\/td>\n<td data-col-size=\"sm\" data-start=\"5016\" data-end=\"5023\">%85<\/td>\n<\/tr>\n<tr data-start=\"5024\" data-end=\"5073\">\n<td data-start=\"5024\" data-end=\"5060\" data-col-size=\"sm\">Humik ve Fulvik Asit (kuru bazda)<\/td>\n<td data-col-size=\"sm\" data-start=\"5060\" data-end=\"5073\">En az %70<\/td>\n<\/tr>\n<tr data-start=\"5074\" data-end=\"5093\">\n<td data-start=\"5074\" data-end=\"5080\" data-col-size=\"sm\">K\u2082O<\/td>\n<td data-col-size=\"sm\" data-start=\"5080\" data-end=\"5093\">En az %10<\/td>\n<\/tr>\n<tr data-start=\"5094\" data-end=\"5107\">\n<td data-start=\"5094\" data-end=\"5099\" data-col-size=\"sm\">pH<\/td>\n<td data-start=\"5099\" data-end=\"5107\" data-col-size=\"sm\">9\u201311<\/td>\n<\/tr>\n<tr data-start=\"5108\" data-end=\"5134\">\n<td data-start=\"5108\" data-end=\"5126\" data-col-size=\"sm\">Suda \u00c7\u00f6z\u00fcn\u00fcrl\u00fck<\/td>\n<td data-col-size=\"sm\" data-start=\"5126\" data-end=\"5134\">%100<\/td>\n<\/tr>\n<tr data-start=\"5135\" data-end=\"5169\">\n<td data-start=\"5135\" data-end=\"5153\" data-col-size=\"sm\">Par\u00e7ac\u0131k Boyutu<\/td>\n<td data-col-size=\"sm\" data-start=\"5153\" data-end=\"5169\">Pul \u2013 1\u20134 mm<\/td>\n<\/tr>\n<\/tbody>\n<\/table>\n<div class=\"sticky end-(--thread-content-margin) h-0 self-end select-none\">\n<div class=\"absolute end-0 flex items-end\"><\/div>\n<\/div>\n<\/div>\n<\/div>\n<h3 data-start=\"5171\" data-end=\"5183\"><strong>Faydalar<\/strong><\/h3>\n<p data-start=\"5185\" data-end=\"5200\"><strong data-start=\"5185\" data-end=\"5200\">Bitki i\u00e7in:<\/strong><\/p>\n<ul data-start=\"5201\" data-end=\"5349\">\n<li data-start=\"5201\" data-end=\"5247\">\n<p data-start=\"5203\" data-end=\"5247\">Bitki b\u00fcy\u00fcmesini ve k\u00f6k geli\u015fimini art\u0131r\u0131r<\/p>\n<\/li>\n<li data-start=\"5248\" data-end=\"5282\">\n<p data-start=\"5250\" data-end=\"5282\">Tohum \u00e7imlenmesini te\u015fvik eder<\/p>\n<\/li>\n<li data-start=\"5283\" data-end=\"5316\">\n<p data-start=\"5285\" data-end=\"5316\">Besin maddesi al\u0131m\u0131n\u0131 art\u0131r\u0131r<\/p>\n<\/li>\n<li data-start=\"5317\" data-end=\"5349\">\n<p data-start=\"5319\" data-end=\"5349\">Pestisit etkinli\u011fini art\u0131r\u0131r<\/p>\n<\/li>\n<\/ul>\n<p data-start=\"5351\" data-end=\"5367\"><strong data-start=\"5351\" data-end=\"5367\">Toprak i\u00e7in:<\/strong><\/p>\n<ul data-start=\"5368\" data-end=\"5577\">\n<li data-start=\"5368\" data-end=\"5415\">\n<p data-start=\"5370\" data-end=\"5415\">Toprak yap\u0131s\u0131n\u0131 ve verimlili\u011fini geli\u015ftirir<\/p>\n<\/li>\n<li data-start=\"5416\" data-end=\"5455\">\n<p data-start=\"5418\" data-end=\"5455\">Katyon de\u011fi\u015fim kapasitesini art\u0131r\u0131r<\/p>\n<\/li>\n<li data-start=\"5456\" data-end=\"5496\">\n<p data-start=\"5458\" data-end=\"5496\">A\u011f\u0131r metal ve tuz birikimini azalt\u0131r<\/p>\n<\/li>\n<li data-start=\"5497\" data-end=\"5531\">\n<p data-start=\"5499\" data-end=\"5531\">Pestisit kal\u0131nt\u0131lar\u0131n\u0131 azalt\u0131r<\/p>\n<\/li>\n<li data-start=\"5532\" data-end=\"5577\">\n<p data-start=\"5534\" data-end=\"5577\">Sert suya kar\u015f\u0131 toprak dayan\u0131m\u0131n\u0131 art\u0131r\u0131r<\/p>\n<\/li>\n<\/ul>\n<h3 data-start=\"5579\" data-end=\"5593\"><strong>Uygulama<\/strong><\/h3>\n<ul data-start=\"5594\" data-end=\"5791\">\n<li data-start=\"5594\" data-end=\"5665\">\n<p data-start=\"5596\" data-end=\"5665\"><strong data-start=\"5596\" data-end=\"5610\">Topraktan:<\/strong> 5\u20138 kg\/ha uygulama ba\u015f\u0131na, b\u00fcy\u00fcme s\u00fcrecinde 2\u20133 defa<\/p>\n<\/li>\n<li data-start=\"5666\" data-end=\"5791\">\n<p data-start=\"5668\" data-end=\"5791\"><strong data-start=\"5668\" data-end=\"5682\">Yapraktan:<\/strong> 2\u20135 kg\/ha uygulama ba\u015f\u0131na, b\u00fcy\u00fcme s\u00fcrecinde 2\u20133 defa<br data-start=\"5735\" data-end=\"5738\" \/><em data-start=\"5738\" data-end=\"5791\">Kullanmadan \u00f6nce kar\u0131\u015fabilirlik testi yap\u0131lmal\u0131d\u0131r.<\/em><\/p>\n<\/li>\n<\/ul>\n<h3 data-start=\"5793\" data-end=\"5813\"><strong>\u0130\u00e7erik \u00d6nerisi<\/strong><\/h3>\n<p data-start=\"5814\" data-end=\"6005\"><a class=\"cursor-pointer\" target=\"_new\" rel=\"noopener\" data-start=\"5814\" data-end=\"5919\">Bimco Starfix Alwaha 30-30-03MgO<\/a> ile birlikte kullan\u0131ld\u0131\u011f\u0131nda vegetatif ve \u00e7i\u00e7eklenme d\u00f6neminde maksimum verim sa\u011flar.<\/p>\n<h3 data-start=\"6007\" data-end=\"6027\"><strong>Bilimsel Bilgi<\/strong><\/h3>\n<p data-start=\"6028\" data-end=\"6165\"><a class=\"\" href=\"https:\/\/www.ncbi.nlm.nih.gov\/pmc\/articles\/PMC7806553\/\" target=\"_new\" rel=\"noopener\" data-start=\"6028\" data-end=\"6164\">Humik asidin toprak ve bitki geli\u015fimine etkileri hakk\u0131nda daha fazlas\u0131n\u0131 okuyun<\/a>.<\/p>\n","protected":false},"excerpt":{"rendered":"<p>Leonardit kaynakl\u0131, \u00e7\u00f6z\u00fcn\u00fcr potasyum humat g\u00fcbresi. Bitki geli\u015fimini ve toprak yap\u0131s\u0131n\u0131 destekler.<\/p>\n","protected":false},"featured_media":5688,"comment_status":"open","ping_status":"closed","template":"","meta":{"_eb_attr":"","site-sidebar-layout":"default","site-content-layout":"","ast-site-content-layout":"default","site-content-style":"default","site-sidebar-style":"default","ast-global-header-display":"","ast-banner-title-visibility":"","ast-main-header-display":"","ast-hfb-above-header-display":"","ast-hfb-below-header-display":"","ast-hfb-mobile-header-display":"","site-post-title":"","ast-breadcrumbs-content":"","ast-featured-img":"","footer-sml-layout":"","ast-disable-related-posts":"","theme-transparent-header-meta":"default","adv-header-id-meta":"","stick-header-meta":"","header-above-stick-meta":"","header-main-stick-meta":"","header-below-stick-meta":"","astra-migrate-meta-layouts":"set","ast-page-background-enabled":"default","ast-page-background-meta":{"desktop":{"background-color":"var(--ast-global-color-4)","background-image":"","background-repeat":"repeat","background-position":"center center","background-size":"auto","background-attachment":"scroll","background-type":"","background-media":"","overlay-type":"","overlay-color":"","overlay-opacity":"","overlay-gradient":""},"tablet":{"background-color":"","background-image":"","background-repeat":"repeat","background-position":"center center","background-size":"auto","background-attachment":"scroll","background-type":"","background-media":"","overlay-type":"","overlay-color":"","overlay-opacity":"","overlay-gradient":""},"mobile":{"background-color":"","background-image":"","background-repeat":"repeat","background-position":"center center","background-size":"auto","background-attachment":"scroll","background-type":"","background-media":"","overlay-type":"","overlay-color":"","overlay-opacity":"","overlay-gradient":""}},"ast-content-background-meta":{"desktop":{"background-color":"var(--ast-global-color-5)","background-image":"","background-repeat":"repeat","background-position":"center center","background-size":"auto","background-attachment":"scroll","background-type":"","background-media":"","overlay-type":"","overlay-color":"","overlay-opacity":"","overlay-gradient":""},"tablet":{"background-color":"var(--ast-global-color-5)","background-image":"","background-repeat":"repeat","background-position":"center center","background-size":"auto","background-attachment":"scroll","background-type":"","background-media":"","overlay-type":"","overlay-color":"","overlay-opacity":"","overlay-gradient":""},"mobile":{"background-color":"var(--ast-global-color-5)","background-image":"","background-repeat":"repeat","background-position":"center center","background-size":"auto","background-attachment":"scroll","background-type":"","background-media":"","overlay-type":"","overlay-color":"","overlay-opacity":"","overlay-gradient":""}},"_joinchat":[]},"product_brand":[],"product_cat":[78],"product_tag":[],"class_list":{"0":"post-5690","1":"product","2":"type-product","3":"status-publish","4":"has-post-thumbnail","6":"product_cat-suda-cozunen-npk","7":"desktop-align-left","8":"tablet-align-left","9":"mobile-align-left","11":"first","12":"instock","13":"shipping-taxable","14":"product-type-simple"},"yoast_head":"<!-- This site is optimized with the Yoast SEO plugin v27.4 - https:\/\/yoast.com\/product\/yoast-seo-wordpress\/ -->\n<title>Bimco Humate \u2013 Potasyum Humik Asit G\u00fcbresi - bimco international<\/title>\n<meta name=\"description\" content=\"Bimco Humate, tamamen \u00e7\u00f6z\u00fcnebilen bir potasyum humat g\u00fcbresidir. K\u00f6k geli\u015fimini ve toprak sa\u011fl\u0131\u011f\u0131n\u0131 art\u0131r\u0131r.\" \/>\n<meta name=\"robots\" content=\"index, follow, max-snippet:-1, max-image-preview:large, max-video-preview:-1\" \/>\n<link rel=\"canonical\" href=\"https:\/\/bimcointernational.com\/tr\/urun\/bimco-humate\/\" \/>\n<meta property=\"og:locale\" content=\"tr_TR\" \/>\n<meta property=\"og:type\" content=\"article\" \/>\n<meta property=\"og:title\" content=\"Bimco Humate \u2013 Potasyum Humik Asit G\u00fcbresi - bimco international\" \/>\n<meta property=\"og:description\" content=\"Bimco Humate, tamamen \u00e7\u00f6z\u00fcnebilen bir potasyum humat g\u00fcbresidir. K\u00f6k geli\u015fimini ve toprak sa\u011fl\u0131\u011f\u0131n\u0131 art\u0131r\u0131r.\" \/>\n<meta property=\"og:url\" content=\"https:\/\/bimcointernational.com\/tr\/urun\/bimco-humate\/\" \/>\n<meta property=\"og:site_name\" content=\"bimco international\" \/>\n<meta property=\"article:publisher\" content=\"https:\/\/www.facebook.com\/B9K9T\" \/>\n<meta property=\"article:modified_time\" content=\"2025-07-03T11:10:46+00:00\" \/>\n<meta property=\"og:image\" content=\"https:\/\/bimcointernational.com\/wp-content\/uploads\/2025\/07\/Bimco-Humate.png\" \/>\n\t<meta property=\"og:image:width\" content=\"1093\" \/>\n\t<meta property=\"og:image:height\" content=\"1102\" \/>\n\t<meta property=\"og:image:type\" content=\"image\/png\" \/>\n<meta name=\"twitter:card\" content=\"summary_large_image\" \/>\n<meta name=\"twitter:label1\" content=\"Tahmini okuma s\u00fcresi\" \/>\n\t<meta name=\"twitter:data1\" content=\"1 dakika\" \/>\n<script type=\"application\/ld+json\" class=\"yoast-schema-graph\">{\"@context\":\"https:\\\/\\\/schema.org\",\"@graph\":[{\"@type\":\"WebPage\",\"@id\":\"https:\\\/\\\/bimcointernational.com\\\/tr\\\/urun\\\/bimco-humate\\\/\",\"url\":\"https:\\\/\\\/bimcointernational.com\\\/tr\\\/urun\\\/bimco-humate\\\/\",\"name\":\"Bimco Humate \u2013 Potasyum Humik Asit G\u00fcbresi - bimco international\",\"isPartOf\":{\"@id\":\"https:\\\/\\\/bimcointernational.com\\\/tr\\\/#website\"},\"primaryImageOfPage\":{\"@id\":\"https:\\\/\\\/bimcointernational.com\\\/tr\\\/urun\\\/bimco-humate\\\/#primaryimage\"},\"image\":{\"@id\":\"https:\\\/\\\/bimcointernational.com\\\/tr\\\/urun\\\/bimco-humate\\\/#primaryimage\"},\"thumbnailUrl\":\"https:\\\/\\\/bimcointernational.com\\\/wp-content\\\/uploads\\\/2025\\\/07\\\/Bimco-Humate.png\",\"datePublished\":\"2025-07-03T11:04:22+00:00\",\"dateModified\":\"2025-07-03T11:10:46+00:00\",\"description\":\"Bimco Humate, tamamen \u00e7\u00f6z\u00fcnebilen bir potasyum humat g\u00fcbresidir. K\u00f6k geli\u015fimini ve toprak sa\u011fl\u0131\u011f\u0131n\u0131 art\u0131r\u0131r.\",\"breadcrumb\":{\"@id\":\"https:\\\/\\\/bimcointernational.com\\\/tr\\\/urun\\\/bimco-humate\\\/#breadcrumb\"},\"inLanguage\":\"tr\",\"potentialAction\":[{\"@type\":\"ReadAction\",\"target\":[\"https:\\\/\\\/bimcointernational.com\\\/tr\\\/urun\\\/bimco-humate\\\/\"]}]},{\"@type\":\"ImageObject\",\"inLanguage\":\"tr\",\"@id\":\"https:\\\/\\\/bimcointernational.com\\\/tr\\\/urun\\\/bimco-humate\\\/#primaryimage\",\"url\":\"https:\\\/\\\/bimcointernational.com\\\/wp-content\\\/uploads\\\/2025\\\/07\\\/Bimco-Humate.png\",\"contentUrl\":\"https:\\\/\\\/bimcointernational.com\\\/wp-content\\\/uploads\\\/2025\\\/07\\\/Bimco-Humate.png\",\"width\":1093,\"height\":1102,\"caption\":\"Bimco Humate potassium humate fertilizer derived from Leonardite\"},{\"@type\":\"BreadcrumbList\",\"@id\":\"https:\\\/\\\/bimcointernational.com\\\/tr\\\/urun\\\/bimco-humate\\\/#breadcrumb\",\"itemListElement\":[{\"@type\":\"ListItem\",\"position\":1,\"name\":\"Home\",\"item\":\"https:\\\/\\\/bimcointernational.com\\\/tr\\\/\"},{\"@type\":\"ListItem\",\"position\":2,\"name\":\"\u00dcr\u00fcnlerimiz\",\"item\":\"https:\\\/\\\/bimcointernational.com\\\/tr\\\/urunlerimiz\\\/\"},{\"@type\":\"ListItem\",\"position\":3,\"name\":\"Bimco Humate\"}]},{\"@type\":\"WebSite\",\"@id\":\"https:\\\/\\\/bimcointernational.com\\\/tr\\\/#website\",\"url\":\"https:\\\/\\\/bimcointernational.com\\\/tr\\\/\",\"name\":\"bimco international\",\"description\":\"\u0634\u0631\u0643\u0629 \u0628\u064a\u0645\u0643\u0648 \u0627\u0644\u0643\u064a\u0645\u064a\u0627\u0626\u064a\u0629 \u0644\u0635\u0646\u0627\u0639\u0629 \u0627\u0644\u0645\u0628\u064a\u062f\u0627\u062a \u0648\u0627\u0644\u0623\u0633\u0645\u062f\u0629 \u0639\u0627\u0644\u064a\u0629 \u0627\u0644\u062c\u0648\u062f\u0629 35 \u0639\u0627\u0645\u0627 \u0645\u0646 \u0627\u0644\u062e\u0628\u0631\u0629 \u0646\u0636\u0639\u0647\u0627 \u0628\u064a\u0646 \u0623\u064a\u062f\u064a\u0643\u0645\",\"publisher\":{\"@id\":\"https:\\\/\\\/bimcointernational.com\\\/tr\\\/#organization\"},\"potentialAction\":[{\"@type\":\"SearchAction\",\"target\":{\"@type\":\"EntryPoint\",\"urlTemplate\":\"https:\\\/\\\/bimcointernational.com\\\/tr\\\/?s={search_term_string}\"},\"query-input\":{\"@type\":\"PropertyValueSpecification\",\"valueRequired\":true,\"valueName\":\"search_term_string\"}}],\"inLanguage\":\"tr\"},{\"@type\":\"Organization\",\"@id\":\"https:\\\/\\\/bimcointernational.com\\\/tr\\\/#organization\",\"name\":\"bimco international\",\"url\":\"https:\\\/\\\/bimcointernational.com\\\/tr\\\/\",\"logo\":{\"@type\":\"ImageObject\",\"inLanguage\":\"tr\",\"@id\":\"https:\\\/\\\/bimcointernational.com\\\/tr\\\/#\\\/schema\\\/logo\\\/image\\\/\",\"url\":\"https:\\\/\\\/bimcointernational.com\\\/wp-content\\\/uploads\\\/2023\\\/03\\\/bimco-international.png\",\"contentUrl\":\"https:\\\/\\\/bimcointernational.com\\\/wp-content\\\/uploads\\\/2023\\\/03\\\/bimco-international.png\",\"width\":1000,\"height\":283,\"caption\":\"bimco international\"},\"image\":{\"@id\":\"https:\\\/\\\/bimcointernational.com\\\/tr\\\/#\\\/schema\\\/logo\\\/image\\\/\"},\"sameAs\":[\"https:\\\/\\\/www.facebook.com\\\/B9K9T\",\"https:\\\/\\\/www.instagram.com\\\/bimcokimya\\\/\"]}]}<\/script>\n<!-- \/ Yoast SEO plugin. -->","yoast_head_json":{"title":"Bimco Humate \u2013 Potasyum Humik Asit G\u00fcbresi - bimco international","description":"Bimco Humate, tamamen \u00e7\u00f6z\u00fcnebilen bir potasyum humat g\u00fcbresidir. K\u00f6k geli\u015fimini ve toprak sa\u011fl\u0131\u011f\u0131n\u0131 art\u0131r\u0131r.","robots":{"index":"index","follow":"follow","max-snippet":"max-snippet:-1","max-image-preview":"max-image-preview:large","max-video-preview":"max-video-preview:-1"},"canonical":"https:\/\/bimcointernational.com\/tr\/urun\/bimco-humate\/","og_locale":"tr_TR","og_type":"article","og_title":"Bimco Humate \u2013 Potasyum Humik Asit G\u00fcbresi - bimco international","og_description":"Bimco Humate, tamamen \u00e7\u00f6z\u00fcnebilen bir potasyum humat g\u00fcbresidir. K\u00f6k geli\u015fimini ve toprak sa\u011fl\u0131\u011f\u0131n\u0131 art\u0131r\u0131r.","og_url":"https:\/\/bimcointernational.com\/tr\/urun\/bimco-humate\/","og_site_name":"bimco international","article_publisher":"https:\/\/www.facebook.com\/B9K9T","article_modified_time":"2025-07-03T11:10:46+00:00","og_image":[{"width":1093,"height":1102,"url":"https:\/\/bimcointernational.com\/wp-content\/uploads\/2025\/07\/Bimco-Humate.png","type":"image\/png"}],"twitter_card":"summary_large_image","twitter_misc":{"Tahmini okuma s\u00fcresi":"1 dakika"},"schema":{"@context":"https:\/\/schema.org","@graph":[{"@type":"WebPage","@id":"https:\/\/bimcointernational.com\/tr\/urun\/bimco-humate\/","url":"https:\/\/bimcointernational.com\/tr\/urun\/bimco-humate\/","name":"Bimco Humate \u2013 Potasyum Humik Asit G\u00fcbresi - bimco international","isPartOf":{"@id":"https:\/\/bimcointernational.com\/tr\/#website"},"primaryImageOfPage":{"@id":"https:\/\/bimcointernational.com\/tr\/urun\/bimco-humate\/#primaryimage"},"image":{"@id":"https:\/\/bimcointernational.com\/tr\/urun\/bimco-humate\/#primaryimage"},"thumbnailUrl":"https:\/\/bimcointernational.com\/wp-content\/uploads\/2025\/07\/Bimco-Humate.png","datePublished":"2025-07-03T11:04:22+00:00","dateModified":"2025-07-03T11:10:46+00:00","description":"Bimco Humate, tamamen \u00e7\u00f6z\u00fcnebilen bir potasyum humat g\u00fcbresidir. K\u00f6k geli\u015fimini ve toprak sa\u011fl\u0131\u011f\u0131n\u0131 art\u0131r\u0131r.","breadcrumb":{"@id":"https:\/\/bimcointernational.com\/tr\/urun\/bimco-humate\/#breadcrumb"},"inLanguage":"tr","potentialAction":[{"@type":"ReadAction","target":["https:\/\/bimcointernational.com\/tr\/urun\/bimco-humate\/"]}]},{"@type":"ImageObject","inLanguage":"tr","@id":"https:\/\/bimcointernational.com\/tr\/urun\/bimco-humate\/#primaryimage","url":"https:\/\/bimcointernational.com\/wp-content\/uploads\/2025\/07\/Bimco-Humate.png","contentUrl":"https:\/\/bimcointernational.com\/wp-content\/uploads\/2025\/07\/Bimco-Humate.png","width":1093,"height":1102,"caption":"Bimco Humate potassium humate fertilizer derived from Leonardite"},{"@type":"BreadcrumbList","@id":"https:\/\/bimcointernational.com\/tr\/urun\/bimco-humate\/#breadcrumb","itemListElement":[{"@type":"ListItem","position":1,"name":"Home","item":"https:\/\/bimcointernational.com\/tr\/"},{"@type":"ListItem","position":2,"name":"\u00dcr\u00fcnlerimiz","item":"https:\/\/bimcointernational.com\/tr\/urunlerimiz\/"},{"@type":"ListItem","position":3,"name":"Bimco Humate"}]},{"@type":"WebSite","@id":"https:\/\/bimcointernational.com\/tr\/#website","url":"https:\/\/bimcointernational.com\/tr\/","name":"bimco international","description":"\u0634\u0631\u0643\u0629 \u0628\u064a\u0645\u0643\u0648 \u0627\u0644\u0643\u064a\u0645\u064a\u0627\u0626\u064a\u0629 \u0644\u0635\u0646\u0627\u0639\u0629 \u0627\u0644\u0645\u0628\u064a\u062f\u0627\u062a \u0648\u0627\u0644\u0623\u0633\u0645\u062f\u0629 \u0639\u0627\u0644\u064a\u0629 \u0627\u0644\u062c\u0648\u062f\u0629 35 \u0639\u0627\u0645\u0627 \u0645\u0646 \u0627\u0644\u062e\u0628\u0631\u0629 \u0646\u0636\u0639\u0647\u0627 \u0628\u064a\u0646 \u0623\u064a\u062f\u064a\u0643\u0645","publisher":{"@id":"https:\/\/bimcointernational.com\/tr\/#organization"},"potentialAction":[{"@type":"SearchAction","target":{"@type":"EntryPoint","urlTemplate":"https:\/\/bimcointernational.com\/tr\/?s={search_term_string}"},"query-input":{"@type":"PropertyValueSpecification","valueRequired":true,"valueName":"search_term_string"}}],"inLanguage":"tr"},{"@type":"Organization","@id":"https:\/\/bimcointernational.com\/tr\/#organization","name":"bimco international","url":"https:\/\/bimcointernational.com\/tr\/","logo":{"@type":"ImageObject","inLanguage":"tr","@id":"https:\/\/bimcointernational.com\/tr\/#\/schema\/logo\/image\/","url":"https:\/\/bimcointernational.com\/wp-content\/uploads\/2023\/03\/bimco-international.png","contentUrl":"https:\/\/bimcointernational.com\/wp-content\/uploads\/2023\/03\/bimco-international.png","width":1000,"height":283,"caption":"bimco international"},"image":{"@id":"https:\/\/bimcointernational.com\/tr\/#\/schema\/logo\/image\/"},"sameAs":["https:\/\/www.facebook.com\/B9K9T","https:\/\/www.instagram.com\/bimcokimya\/"]}]}},"jetpack_sharing_enabled":true,"_links":{"self":[{"href":"https:\/\/bimcointernational.com\/tr\/wp-json\/wp\/v2\/product\/5690","targetHints":{"allow":["GET"]}}],"collection":[{"href":"https:\/\/bimcointernational.com\/tr\/wp-json\/wp\/v2\/product"}],"about":[{"href":"https:\/\/bimcointernational.com\/tr\/wp-json\/wp\/v2\/types\/product"}],"replies":[{"embeddable":true,"href":"https:\/\/bimcointernational.com\/tr\/wp-json\/wp\/v2\/comments?post=5690"}],"wp:featuredmedia":[{"embeddable":true,"href":"https:\/\/bimcointernational.com\/tr\/wp-json\/wp\/v2\/media\/5688"}],"wp:attachment":[{"href":"https:\/\/bimcointernational.com\/tr\/wp-json\/wp\/v2\/media?parent=5690"}],"wp:term":[{"taxonomy":"product_brand","embeddable":true,"href":"https:\/\/bimcointernational.com\/tr\/wp-json\/wp\/v2\/product_brand?post=5690"},{"taxonomy":"product_cat","embeddable":true,"href":"https:\/\/bimcointernational.com\/tr\/wp-json\/wp\/v2\/product_cat?post=5690"},{"taxonomy":"product_tag","embeddable":true,"href":"https:\/\/bimcointernational.com\/tr\/wp-json\/wp\/v2\/product_tag?post=5690"}],"curies":[{"name":"wp","href":"https:\/\/api.w.org\/{rel}","templated":true}]}}