{"id":5675,"date":"2025-07-01T14:23:46","date_gmt":"2025-07-01T14:23:46","guid":{"rendered":"https:\/\/bimcointernational.com\/?post_type=product&#038;p=5675"},"modified":"2025-07-01T14:26:30","modified_gmt":"2025-07-01T14:26:30","slug":"bimco-fulvate","status":"publish","type":"product","link":"https:\/\/bimcointernational.com\/tr\/urun\/bimco-fulvate\/","title":{"rendered":"BIMCO FULVATE"},"content":{"rendered":"<h3 data-start=\"4249\" data-end=\"4265\"><strong>\u00dcr\u00fcn \u00d6zeti<\/strong><\/h3>\n<p data-start=\"4266\" data-end=\"4429\"><span style=\"color: #99cc00;\"><strong data-start=\"4266\" data-end=\"4283\">BIMCO FULVATE<\/strong><\/span>, humik asitten t\u00fcretilmi\u015f, potasyum bazl\u0131, suda tamamen \u00e7\u00f6z\u00fcnebilen bir fulvik asittir. Bitki b\u00fcy\u00fcmesini destekler ve toprak yap\u0131s\u0131n\u0131 geli\u015ftirir.<\/p>\n<h3 data-start=\"4431\" data-end=\"4452\"><strong>Teknik \u00d6zellikler<\/strong><\/h3>\n<div class=\"_tableContainer_80l1q_1\">\n<div class=\"_tableWrapper_80l1q_14 group flex w-fit flex-col-reverse\" tabindex=\"-1\">\n<table class=\"w-fit min-w-(--thread-content-width)\" data-start=\"4454\" data-end=\"4642\">\n<thead data-start=\"4454\" data-end=\"4476\">\n<tr data-start=\"4454\" data-end=\"4476\">\n<th data-start=\"4454\" data-end=\"4464\" data-col-size=\"sm\"><strong>\u00d6zellik<\/strong><\/th>\n<th data-start=\"4464\" data-end=\"4476\" data-col-size=\"sm\"><strong>Standart<\/strong><\/th>\n<\/tr>\n<\/thead>\n<tbody data-start=\"4500\" data-end=\"4642\">\n<tr data-start=\"4500\" data-end=\"4517\">\n<td data-start=\"4500\" data-end=\"4510\" data-col-size=\"sm\">G\u00f6r\u00fcn\u00fcm<\/td>\n<td data-start=\"4510\" data-end=\"4517\" data-col-size=\"sm\">Toz<\/td>\n<\/tr>\n<tr data-start=\"4518\" data-end=\"4546\">\n<td data-start=\"4518\" data-end=\"4534\" data-col-size=\"sm\">Organik Madde<\/td>\n<td data-start=\"4534\" data-end=\"4546\" data-col-size=\"sm\">Min. %65<\/td>\n<\/tr>\n<tr data-start=\"4547\" data-end=\"4573\">\n<td data-start=\"4547\" data-end=\"4561\" data-col-size=\"sm\">Fulvik Asit<\/td>\n<td data-start=\"4561\" data-end=\"4573\" data-col-size=\"sm\">Min. %65<\/td>\n<\/tr>\n<tr data-start=\"4574\" data-end=\"4587\">\n<td data-start=\"4574\" data-end=\"4580\" data-col-size=\"sm\">K\u2082O<\/td>\n<td data-start=\"4580\" data-end=\"4587\" data-col-size=\"sm\">%10<\/td>\n<\/tr>\n<tr data-start=\"4588\" data-end=\"4620\">\n<td data-start=\"4588\" data-end=\"4608\" data-col-size=\"sm\">Elek Ge\u00e7irgenli\u011fi<\/td>\n<td data-start=\"4608\" data-end=\"4620\" data-col-size=\"sm\">120 mesh<\/td>\n<\/tr>\n<tr data-start=\"4621\" data-end=\"4642\">\n<td data-start=\"4621\" data-end=\"4634\" data-col-size=\"sm\">\u00c7\u00f6z\u00fcn\u00fcrl\u00fck<\/td>\n<td data-start=\"4634\" data-end=\"4642\" data-col-size=\"sm\">%100<\/td>\n<\/tr>\n<\/tbody>\n<\/table>\n<div class=\"sticky end-(--thread-content-margin) h-0 self-end select-none\">\n<div class=\"absolute end-0 flex items-end\"><\/div>\n<\/div>\n<\/div>\n<\/div>\n<h3 data-start=\"4644\" data-end=\"4656\"><strong>Faydalar<\/strong><\/h3>\n<p data-start=\"4658\" data-end=\"4673\"><strong data-start=\"4658\" data-end=\"4673\">Bitki i\u00e7in:<\/strong><\/p>\n<ul data-start=\"4674\" data-end=\"4839\">\n<li data-start=\"4674\" data-end=\"4712\">\n<p data-start=\"4676\" data-end=\"4712\">B\u00fcy\u00fcmeyi ve k\u00f6k geli\u015fimini destekler<\/p>\n<\/li>\n<li data-start=\"4713\" data-end=\"4741\">\n<p data-start=\"4715\" data-end=\"4741\">Tohum \u00e7imlenmesini art\u0131r\u0131r<\/p>\n<\/li>\n<li data-start=\"4742\" data-end=\"4768\">\n<p data-start=\"4744\" data-end=\"4768\">Besin al\u0131m\u0131n\u0131 geli\u015ftirir<\/p>\n<\/li>\n<li data-start=\"4769\" data-end=\"4804\">\n<p data-start=\"4771\" data-end=\"4804\">Pestisitlerin etkinli\u011fini art\u0131r\u0131r<\/p>\n<\/li>\n<li data-start=\"4805\" data-end=\"4839\">\n<p data-start=\"4807\" data-end=\"4839\">Yaprak ve k\u00f6kten al\u0131m\u0131 destekler<\/p>\n<\/li>\n<\/ul>\n<p data-start=\"4841\" data-end=\"4857\"><strong data-start=\"4841\" data-end=\"4857\">Toprak i\u00e7in:<\/strong><\/p>\n<ul data-start=\"4858\" data-end=\"5023\">\n<li data-start=\"4858\" data-end=\"4900\">\n<p data-start=\"4860\" data-end=\"4900\">Toprak yap\u0131s\u0131n\u0131 ve verimlili\u011fini art\u0131r\u0131r<\/p>\n<\/li>\n<li data-start=\"4901\" data-end=\"4944\">\n<p data-start=\"4903\" data-end=\"4944\">Pestisit kal\u0131nt\u0131s\u0131n\u0131 ve tuzlulu\u011fu azalt\u0131r<\/p>\n<\/li>\n<li data-start=\"4945\" data-end=\"4980\">\n<p data-start=\"4947\" data-end=\"4980\">Mikrobiyolojik aktiviteyi art\u0131r\u0131r<\/p>\n<\/li>\n<li data-start=\"4981\" data-end=\"5023\">\n<p data-start=\"4983\" data-end=\"5023\">Sert suya kar\u015f\u0131 toprak direncini art\u0131r\u0131r<\/p>\n<\/li>\n<\/ul>\n<h3 data-start=\"5025\" data-end=\"5039\"><strong>Uygulama<\/strong><\/h3>\n<ul data-start=\"5040\" data-end=\"5185\">\n<li data-start=\"5040\" data-end=\"5082\">\n<p data-start=\"5042\" data-end=\"5082\"><strong data-start=\"5042\" data-end=\"5056\">Topraktan:<\/strong> 5\u20137 kg\/ha, 2\u20133 uygulama<\/p>\n<\/li>\n<li data-start=\"5083\" data-end=\"5185\">\n<p data-start=\"5085\" data-end=\"5185\"><strong data-start=\"5085\" data-end=\"5099\">Yapraktan:<\/strong> 2\u20134 kg\/ha, 2\u20133 uygulama<br data-start=\"5123\" data-end=\"5126\" \/><em data-start=\"5126\" data-end=\"5185\">Kullanmadan \u00f6nce kar\u0131\u015fabilirlik testi yap\u0131lmas\u0131 \u00f6nerilir.<\/em><\/p>\n<\/li>\n<\/ul>\n<h3 data-start=\"5187\" data-end=\"5207\"><strong>\u0130\u00e7erik \u00d6nerisi<\/strong><\/h3>\n<p data-start=\"5208\" data-end=\"5345\"><span style=\"color: #99cc00;\"><a class=\"cursor-pointer\" style=\"color: #99cc00;\" href=\"https:\/\/bimcointernational.com\/en\/product\/bimko-life-series\/\" target=\"_blank\" rel=\"noopener\" data-start=\"5208\" data-end=\"5289\">Bimco Life Serisi<\/a><\/span> ile birlikte kullan\u0131ld\u0131\u011f\u0131nda daha g\u00fc\u00e7l\u00fc sonu\u00e7lar verir.<\/p>\n<h3 data-start=\"5347\" data-end=\"5367\"><strong>Bilimsel Bilgi<\/strong><\/h3>\n<p data-start=\"5368\" data-end=\"5482\"><span style=\"color: #99cc00;\"><a class=\"\" style=\"color: #99cc00;\" href=\"https:\/\/www.ncbi.nlm.nih.gov\/pmc\/articles\/PMC9601547\/\" target=\"_new\" rel=\"noopener\" data-start=\"5368\" data-end=\"5481\">S\u00fcrd\u00fcr\u00fclebilir tar\u0131mda fulvik asit faydalar\u0131n\u0131 inceleyin<\/a>.<\/span><\/p>\n","protected":false},"excerpt":{"rendered":"<p>\u00c7\u00f6z\u00fcn\u00fcr potasyum fulvat; b\u00fcy\u00fcme, besin al\u0131m\u0131 ve toprak d\u00fczenleyici i\u00e7in.<\/p>\n","protected":false},"featured_media":5676,"comment_status":"open","ping_status":"closed","template":"","meta":{"_eb_attr":"","site-sidebar-layout":"default","site-content-layout":"","ast-site-content-layout":"default","site-content-style":"default","site-sidebar-style":"default","ast-global-header-display":"","ast-banner-title-visibility":"","ast-main-header-display":"","ast-hfb-above-header-display":"","ast-hfb-below-header-display":"","ast-hfb-mobile-header-display":"","site-post-title":"","ast-breadcrumbs-content":"","ast-featured-img":"","footer-sml-layout":"","ast-disable-related-posts":"","theme-transparent-header-meta":"default","adv-header-id-meta":"","stick-header-meta":"","header-above-stick-meta":"","header-main-stick-meta":"","header-below-stick-meta":"","astra-migrate-meta-layouts":"set","ast-page-background-enabled":"default","ast-page-background-meta":{"desktop":{"background-color":"var(--ast-global-color-4)","background-image":"","background-repeat":"repeat","background-position":"center center","background-size":"auto","background-attachment":"scroll","background-type":"","background-media":"","overlay-type":"","overlay-color":"","overlay-opacity":"","overlay-gradient":""},"tablet":{"background-color":"","background-image":"","background-repeat":"repeat","background-position":"center center","background-size":"auto","background-attachment":"scroll","background-type":"","background-media":"","overlay-type":"","overlay-color":"","overlay-opacity":"","overlay-gradient":""},"mobile":{"background-color":"","background-image":"","background-repeat":"repeat","background-position":"center center","background-size":"auto","background-attachment":"scroll","background-type":"","background-media":"","overlay-type":"","overlay-color":"","overlay-opacity":"","overlay-gradient":""}},"ast-content-background-meta":{"desktop":{"background-color":"var(--ast-global-color-5)","background-image":"","background-repeat":"repeat","background-position":"center center","background-size":"auto","background-attachment":"scroll","background-type":"","background-media":"","overlay-type":"","overlay-color":"","overlay-opacity":"","overlay-gradient":""},"tablet":{"background-color":"var(--ast-global-color-5)","background-image":"","background-repeat":"repeat","background-position":"center center","background-size":"auto","background-attachment":"scroll","background-type":"","background-media":"","overlay-type":"","overlay-color":"","overlay-opacity":"","overlay-gradient":""},"mobile":{"background-color":"var(--ast-global-color-5)","background-image":"","background-repeat":"repeat","background-position":"center center","background-size":"auto","background-attachment":"scroll","background-type":"","background-media":"","overlay-type":"","overlay-color":"","overlay-opacity":"","overlay-gradient":""}},"_joinchat":[]},"product_brand":[],"product_cat":[83],"product_tag":[],"class_list":{"0":"post-5675","1":"product","2":"type-product","3":"status-publish","4":"has-post-thumbnail","6":"product_cat-suspansiyon-jel","7":"desktop-align-left","8":"tablet-align-left","9":"mobile-align-left","11":"first","12":"instock","13":"shipping-taxable","14":"product-type-simple"},"yoast_head":"<!-- This site is optimized with the Yoast SEO plugin v27.1.1 - https:\/\/yoast.com\/product\/yoast-seo-wordpress\/ -->\n<title>BIMCO FULVATE - bimco international<\/title>\n<meta name=\"description\" content=\"Bimco Fulvate, humik asitten t\u00fcretilmi\u015f, topra\u011f\u0131 iyile\u015ftiren ve besin al\u0131m\u0131n\u0131 art\u0131ran y\u00fcksek \u00e7\u00f6z\u00fcn\u00fcrl\u00fckl\u00fc bir fulvik asittir.\" \/>\n<meta name=\"robots\" content=\"index, follow, max-snippet:-1, max-image-preview:large, max-video-preview:-1\" \/>\n<link rel=\"canonical\" href=\"https:\/\/bimcointernational.com\/tr\/urun\/bimco-fulvate\/\" \/>\n<meta property=\"og:locale\" content=\"tr_TR\" \/>\n<meta property=\"og:type\" content=\"article\" \/>\n<meta property=\"og:title\" content=\"BIMCO FULVATE - bimco international\" \/>\n<meta property=\"og:description\" content=\"Bimco Fulvate, humik asitten t\u00fcretilmi\u015f, topra\u011f\u0131 iyile\u015ftiren ve besin al\u0131m\u0131n\u0131 art\u0131ran y\u00fcksek \u00e7\u00f6z\u00fcn\u00fcrl\u00fckl\u00fc bir fulvik asittir.\" \/>\n<meta property=\"og:url\" content=\"https:\/\/bimcointernational.com\/tr\/urun\/bimco-fulvate\/\" \/>\n<meta property=\"og:site_name\" content=\"bimco international\" \/>\n<meta property=\"article:publisher\" content=\"https:\/\/www.facebook.com\/B9K9T\" \/>\n<meta property=\"article:modified_time\" content=\"2025-07-01T14:26:30+00:00\" \/>\n<meta property=\"og:image\" content=\"https:\/\/bimcointernational.com\/wp-content\/uploads\/2025\/07\/Bicmo-FULVATE.png\" \/>\n\t<meta property=\"og:image:width\" content=\"951\" \/>\n\t<meta property=\"og:image:height\" content=\"1265\" \/>\n\t<meta property=\"og:image:type\" content=\"image\/png\" \/>\n<meta name=\"twitter:card\" content=\"summary_large_image\" \/>\n<meta name=\"twitter:label1\" content=\"Tahmini okuma s\u00fcresi\" \/>\n\t<meta name=\"twitter:data1\" content=\"1 dakika\" \/>\n<script type=\"application\/ld+json\" class=\"yoast-schema-graph\">{\"@context\":\"https:\/\/schema.org\",\"@graph\":[{\"@type\":\"WebPage\",\"@id\":\"https:\/\/bimcointernational.com\/tr\/urun\/bimco-fulvate\/\",\"url\":\"https:\/\/bimcointernational.com\/tr\/urun\/bimco-fulvate\/\",\"name\":\"BIMCO FULVATE - bimco international\",\"isPartOf\":{\"@id\":\"https:\/\/bimcointernational.com\/tr\/#website\"},\"primaryImageOfPage\":{\"@id\":\"https:\/\/bimcointernational.com\/tr\/urun\/bimco-fulvate\/#primaryimage\"},\"image\":{\"@id\":\"https:\/\/bimcointernational.com\/tr\/urun\/bimco-fulvate\/#primaryimage\"},\"thumbnailUrl\":\"https:\/\/bimcointernational.com\/wp-content\/uploads\/2025\/07\/Bicmo-FULVATE.png\",\"datePublished\":\"2025-07-01T14:23:46+00:00\",\"dateModified\":\"2025-07-01T14:26:30+00:00\",\"description\":\"Bimco Fulvate, humik asitten t\u00fcretilmi\u015f, topra\u011f\u0131 iyile\u015ftiren ve besin al\u0131m\u0131n\u0131 art\u0131ran y\u00fcksek \u00e7\u00f6z\u00fcn\u00fcrl\u00fckl\u00fc bir fulvik asittir.\",\"breadcrumb\":{\"@id\":\"https:\/\/bimcointernational.com\/tr\/urun\/bimco-fulvate\/#breadcrumb\"},\"inLanguage\":\"tr\",\"potentialAction\":[{\"@type\":\"ReadAction\",\"target\":[\"https:\/\/bimcointernational.com\/tr\/urun\/bimco-fulvate\/\"]}]},{\"@type\":\"ImageObject\",\"inLanguage\":\"tr\",\"@id\":\"https:\/\/bimcointernational.com\/tr\/urun\/bimco-fulvate\/#primaryimage\",\"url\":\"https:\/\/bimcointernational.com\/wp-content\/uploads\/2025\/07\/Bicmo-FULVATE.png\",\"contentUrl\":\"https:\/\/bimcointernational.com\/wp-content\/uploads\/2025\/07\/Bicmo-FULVATE.png\",\"width\":951,\"height\":1265,\"caption\":\"Bimco Fulvate \u2013 Soluble Potassium Fulvic Acid\"},{\"@type\":\"BreadcrumbList\",\"@id\":\"https:\/\/bimcointernational.com\/tr\/urun\/bimco-fulvate\/#breadcrumb\",\"itemListElement\":[{\"@type\":\"ListItem\",\"position\":1,\"name\":\"Home\",\"item\":\"https:\/\/bimcointernational.com\/tr\/\"},{\"@type\":\"ListItem\",\"position\":2,\"name\":\"\u00dcr\u00fcnlerimiz\",\"item\":\"https:\/\/bimcointernational.com\/tr\/urunlerimiz\/\"},{\"@type\":\"ListItem\",\"position\":3,\"name\":\"BIMCO FULVATE\"}]},{\"@type\":\"WebSite\",\"@id\":\"https:\/\/bimcointernational.com\/tr\/#website\",\"url\":\"https:\/\/bimcointernational.com\/tr\/\",\"name\":\"bimco international\",\"description\":\"\u0634\u0631\u0643\u0629 \u0628\u064a\u0645\u0643\u0648 \u0627\u0644\u0643\u064a\u0645\u064a\u0627\u0626\u064a\u0629 \u0644\u0635\u0646\u0627\u0639\u0629 \u0627\u0644\u0645\u0628\u064a\u062f\u0627\u062a \u0648\u0627\u0644\u0623\u0633\u0645\u062f\u0629 \u0639\u0627\u0644\u064a\u0629 \u0627\u0644\u062c\u0648\u062f\u0629 35 \u0639\u0627\u0645\u0627 \u0645\u0646 \u0627\u0644\u062e\u0628\u0631\u0629 \u0646\u0636\u0639\u0647\u0627 \u0628\u064a\u0646 \u0623\u064a\u062f\u064a\u0643\u0645\",\"publisher\":{\"@id\":\"https:\/\/bimcointernational.com\/tr\/#organization\"},\"potentialAction\":[{\"@type\":\"SearchAction\",\"target\":{\"@type\":\"EntryPoint\",\"urlTemplate\":\"https:\/\/bimcointernational.com\/tr\/?s={search_term_string}\"},\"query-input\":{\"@type\":\"PropertyValueSpecification\",\"valueRequired\":true,\"valueName\":\"search_term_string\"}}],\"inLanguage\":\"tr\"},{\"@type\":\"Organization\",\"@id\":\"https:\/\/bimcointernational.com\/tr\/#organization\",\"name\":\"bimco international\",\"url\":\"https:\/\/bimcointernational.com\/tr\/\",\"logo\":{\"@type\":\"ImageObject\",\"inLanguage\":\"tr\",\"@id\":\"https:\/\/bimcointernational.com\/tr\/#\/schema\/logo\/image\/\",\"url\":\"https:\/\/bimcointernational.com\/wp-content\/uploads\/2023\/03\/bimco-international.png\",\"contentUrl\":\"https:\/\/bimcointernational.com\/wp-content\/uploads\/2023\/03\/bimco-international.png\",\"width\":1000,\"height\":283,\"caption\":\"bimco international\"},\"image\":{\"@id\":\"https:\/\/bimcointernational.com\/tr\/#\/schema\/logo\/image\/\"},\"sameAs\":[\"https:\/\/www.facebook.com\/B9K9T\",\"https:\/\/www.instagram.com\/bimcokimya\/\"]}]}<\/script>\n<!-- \/ Yoast SEO plugin. -->","yoast_head_json":{"title":"BIMCO FULVATE - bimco international","description":"Bimco Fulvate, humik asitten t\u00fcretilmi\u015f, topra\u011f\u0131 iyile\u015ftiren ve besin al\u0131m\u0131n\u0131 art\u0131ran y\u00fcksek \u00e7\u00f6z\u00fcn\u00fcrl\u00fckl\u00fc bir fulvik asittir.","robots":{"index":"index","follow":"follow","max-snippet":"max-snippet:-1","max-image-preview":"max-image-preview:large","max-video-preview":"max-video-preview:-1"},"canonical":"https:\/\/bimcointernational.com\/tr\/urun\/bimco-fulvate\/","og_locale":"tr_TR","og_type":"article","og_title":"BIMCO FULVATE - bimco international","og_description":"Bimco Fulvate, humik asitten t\u00fcretilmi\u015f, topra\u011f\u0131 iyile\u015ftiren ve besin al\u0131m\u0131n\u0131 art\u0131ran y\u00fcksek \u00e7\u00f6z\u00fcn\u00fcrl\u00fckl\u00fc bir fulvik asittir.","og_url":"https:\/\/bimcointernational.com\/tr\/urun\/bimco-fulvate\/","og_site_name":"bimco international","article_publisher":"https:\/\/www.facebook.com\/B9K9T","article_modified_time":"2025-07-01T14:26:30+00:00","og_image":[{"width":951,"height":1265,"url":"https:\/\/bimcointernational.com\/wp-content\/uploads\/2025\/07\/Bicmo-FULVATE.png","type":"image\/png"}],"twitter_card":"summary_large_image","twitter_misc":{"Tahmini okuma s\u00fcresi":"1 dakika"},"schema":{"@context":"https:\/\/schema.org","@graph":[{"@type":"WebPage","@id":"https:\/\/bimcointernational.com\/tr\/urun\/bimco-fulvate\/","url":"https:\/\/bimcointernational.com\/tr\/urun\/bimco-fulvate\/","name":"BIMCO FULVATE - bimco international","isPartOf":{"@id":"https:\/\/bimcointernational.com\/tr\/#website"},"primaryImageOfPage":{"@id":"https:\/\/bimcointernational.com\/tr\/urun\/bimco-fulvate\/#primaryimage"},"image":{"@id":"https:\/\/bimcointernational.com\/tr\/urun\/bimco-fulvate\/#primaryimage"},"thumbnailUrl":"https:\/\/bimcointernational.com\/wp-content\/uploads\/2025\/07\/Bicmo-FULVATE.png","datePublished":"2025-07-01T14:23:46+00:00","dateModified":"2025-07-01T14:26:30+00:00","description":"Bimco Fulvate, humik asitten t\u00fcretilmi\u015f, topra\u011f\u0131 iyile\u015ftiren ve besin al\u0131m\u0131n\u0131 art\u0131ran y\u00fcksek \u00e7\u00f6z\u00fcn\u00fcrl\u00fckl\u00fc bir fulvik asittir.","breadcrumb":{"@id":"https:\/\/bimcointernational.com\/tr\/urun\/bimco-fulvate\/#breadcrumb"},"inLanguage":"tr","potentialAction":[{"@type":"ReadAction","target":["https:\/\/bimcointernational.com\/tr\/urun\/bimco-fulvate\/"]}]},{"@type":"ImageObject","inLanguage":"tr","@id":"https:\/\/bimcointernational.com\/tr\/urun\/bimco-fulvate\/#primaryimage","url":"https:\/\/bimcointernational.com\/wp-content\/uploads\/2025\/07\/Bicmo-FULVATE.png","contentUrl":"https:\/\/bimcointernational.com\/wp-content\/uploads\/2025\/07\/Bicmo-FULVATE.png","width":951,"height":1265,"caption":"Bimco Fulvate \u2013 Soluble Potassium Fulvic Acid"},{"@type":"BreadcrumbList","@id":"https:\/\/bimcointernational.com\/tr\/urun\/bimco-fulvate\/#breadcrumb","itemListElement":[{"@type":"ListItem","position":1,"name":"Home","item":"https:\/\/bimcointernational.com\/tr\/"},{"@type":"ListItem","position":2,"name":"\u00dcr\u00fcnlerimiz","item":"https:\/\/bimcointernational.com\/tr\/urunlerimiz\/"},{"@type":"ListItem","position":3,"name":"BIMCO FULVATE"}]},{"@type":"WebSite","@id":"https:\/\/bimcointernational.com\/tr\/#website","url":"https:\/\/bimcointernational.com\/tr\/","name":"bimco international","description":"\u0634\u0631\u0643\u0629 \u0628\u064a\u0645\u0643\u0648 \u0627\u0644\u0643\u064a\u0645\u064a\u0627\u0626\u064a\u0629 \u0644\u0635\u0646\u0627\u0639\u0629 \u0627\u0644\u0645\u0628\u064a\u062f\u0627\u062a \u0648\u0627\u0644\u0623\u0633\u0645\u062f\u0629 \u0639\u0627\u0644\u064a\u0629 \u0627\u0644\u062c\u0648\u062f\u0629 35 \u0639\u0627\u0645\u0627 \u0645\u0646 \u0627\u0644\u062e\u0628\u0631\u0629 \u0646\u0636\u0639\u0647\u0627 \u0628\u064a\u0646 \u0623\u064a\u062f\u064a\u0643\u0645","publisher":{"@id":"https:\/\/bimcointernational.com\/tr\/#organization"},"potentialAction":[{"@type":"SearchAction","target":{"@type":"EntryPoint","urlTemplate":"https:\/\/bimcointernational.com\/tr\/?s={search_term_string}"},"query-input":{"@type":"PropertyValueSpecification","valueRequired":true,"valueName":"search_term_string"}}],"inLanguage":"tr"},{"@type":"Organization","@id":"https:\/\/bimcointernational.com\/tr\/#organization","name":"bimco international","url":"https:\/\/bimcointernational.com\/tr\/","logo":{"@type":"ImageObject","inLanguage":"tr","@id":"https:\/\/bimcointernational.com\/tr\/#\/schema\/logo\/image\/","url":"https:\/\/bimcointernational.com\/wp-content\/uploads\/2023\/03\/bimco-international.png","contentUrl":"https:\/\/bimcointernational.com\/wp-content\/uploads\/2023\/03\/bimco-international.png","width":1000,"height":283,"caption":"bimco international"},"image":{"@id":"https:\/\/bimcointernational.com\/tr\/#\/schema\/logo\/image\/"},"sameAs":["https:\/\/www.facebook.com\/B9K9T","https:\/\/www.instagram.com\/bimcokimya\/"]}]}},"jetpack_sharing_enabled":true,"_links":{"self":[{"href":"https:\/\/bimcointernational.com\/tr\/wp-json\/wp\/v2\/product\/5675","targetHints":{"allow":["GET"]}}],"collection":[{"href":"https:\/\/bimcointernational.com\/tr\/wp-json\/wp\/v2\/product"}],"about":[{"href":"https:\/\/bimcointernational.com\/tr\/wp-json\/wp\/v2\/types\/product"}],"replies":[{"embeddable":true,"href":"https:\/\/bimcointernational.com\/tr\/wp-json\/wp\/v2\/comments?post=5675"}],"wp:featuredmedia":[{"embeddable":true,"href":"https:\/\/bimcointernational.com\/tr\/wp-json\/wp\/v2\/media\/5676"}],"wp:attachment":[{"href":"https:\/\/bimcointernational.com\/tr\/wp-json\/wp\/v2\/media?parent=5675"}],"wp:term":[{"taxonomy":"product_brand","embeddable":true,"href":"https:\/\/bimcointernational.com\/tr\/wp-json\/wp\/v2\/product_brand?post=5675"},{"taxonomy":"product_cat","embeddable":true,"href":"https:\/\/bimcointernational.com\/tr\/wp-json\/wp\/v2\/product_cat?post=5675"},{"taxonomy":"product_tag","embeddable":true,"href":"https:\/\/bimcointernational.com\/tr\/wp-json\/wp\/v2\/product_tag?post=5675"}],"curies":[{"name":"wp","href":"https:\/\/api.w.org\/{rel}","templated":true}]}}