{"id":5672,"date":"2025-07-01T13:45:55","date_gmt":"2025-07-01T13:45:55","guid":{"rendered":"https:\/\/bimcointernational.com\/product\/nubi-fert\/"},"modified":"2025-07-01T14:03:05","modified_gmt":"2025-07-01T14:03:05","slug":"nubi-fert","status":"publish","type":"product","link":"https:\/\/bimcointernational.com\/tr\/urun\/nubi-fert\/","title":{"rendered":"NUBI FERT"},"content":{"rendered":"<h3 data-start=\"3911\" data-end=\"3927\"><strong>\u00dcr\u00fcn \u00d6zeti<\/strong><\/h3>\n<p data-start=\"3928\" data-end=\"4126\"><span style=\"color: #99cc00;\"><strong data-start=\"3928\" data-end=\"3941\">NUBI FERT<\/strong><\/span>, 25 kg\u2019l\u0131k torbalarda sunulan, potasyum, silisyum ve mikro besin maddeleriyle zenginle\u015ftirilmi\u015f, suda \u00e7\u00f6z\u00fcnebilen bir g\u00fcbredir. Bitki dayan\u0131kl\u0131l\u0131\u011f\u0131n\u0131 art\u0131r\u0131r, \u00e7i\u00e7eklenmeyi te\u015fvik eder.<\/p>\n<h3 data-start=\"4128\" data-end=\"4149\"><strong>Uygulama Oranlar\u0131<\/strong><\/h3>\n<div class=\"_tableContainer_80l1q_1\">\n<div class=\"_tableWrapper_80l1q_14 group flex w-fit flex-col-reverse\" tabindex=\"-1\">\n<table class=\"w-fit min-w-(--thread-content-width)\" data-start=\"4151\" data-end=\"4468\">\n<thead data-start=\"4151\" data-end=\"4178\">\n<tr data-start=\"4151\" data-end=\"4178\">\n<th data-start=\"4151\" data-end=\"4164\" data-col-size=\"md\"><strong>Bitki T\u00fcr\u00fc<\/strong><\/th>\n<th data-start=\"4164\" data-end=\"4178\" data-col-size=\"sm\"><strong>Kg \/ Dekar<\/strong><\/th>\n<\/tr>\n<\/thead>\n<tbody data-start=\"4207\" data-end=\"4468\">\n<tr data-start=\"4207\" data-end=\"4272\">\n<td data-start=\"4207\" data-end=\"4265\" data-col-size=\"md\">\u0130hracat sebzeleri (marul, kabakgiller, bamya, \u00e7ilek&#8230;)<\/td>\n<td data-start=\"4265\" data-end=\"4272\" data-col-size=\"sm\">1\u20133<\/td>\n<\/tr>\n<tr data-start=\"4273\" data-end=\"4307\">\n<td data-start=\"4273\" data-end=\"4300\" data-col-size=\"md\">Patates, so\u011fan, sar\u0131msak<\/td>\n<td data-start=\"4300\" data-end=\"4307\" data-col-size=\"sm\">2\u20134<\/td>\n<\/tr>\n<tr data-start=\"4308\" data-end=\"4358\">\n<td data-start=\"4308\" data-end=\"4351\" data-col-size=\"md\">Bu\u011fday, arpa, pirin\u00e7, yulaf, baklagiller<\/td>\n<td data-start=\"4351\" data-end=\"4358\" data-col-size=\"sm\">1\u20132<\/td>\n<\/tr>\n<tr data-start=\"4359\" data-end=\"4409\">\n<td data-start=\"4359\" data-end=\"4402\" data-col-size=\"md\">M\u0131s\u0131r, pamuk, \u015feker pancar\u0131, havu\u00e7, turp<\/td>\n<td data-start=\"4402\" data-end=\"4409\" data-col-size=\"sm\">2\u20134<\/td>\n<\/tr>\n<tr data-start=\"4410\" data-end=\"4434\">\n<td data-start=\"4410\" data-end=\"4427\" data-col-size=\"md\">Meyve a\u011fa\u00e7lar\u0131<\/td>\n<td data-start=\"4427\" data-end=\"4434\" data-col-size=\"sm\">4\u20135<\/td>\n<\/tr>\n<tr data-start=\"4435\" data-end=\"4468\">\n<td data-start=\"4435\" data-end=\"4461\" data-col-size=\"md\">Kimyon, \u00e7\u00f6rekotu, susam<\/td>\n<td data-start=\"4461\" data-end=\"4468\" data-col-size=\"sm\">1\u20132<\/td>\n<\/tr>\n<\/tbody>\n<\/table>\n<div class=\"sticky end-(--thread-content-margin) h-0 self-end select-none\">\n<div class=\"absolute end-0 flex items-end\"><\/div>\n<\/div>\n<\/div>\n<\/div>\n<h3 data-start=\"4470\" data-end=\"4493\"><strong>Kullan\u0131m Talimat\u0131<\/strong><\/h3>\n<p data-start=\"4494\" data-end=\"4668\">T\u00fcm bitki ve toprak t\u00fcrleri i\u00e7in uygundur. A\u00e7\u0131k alan ve \u00f6rt\u00fc alt\u0131 tar\u0131mda kullan\u0131l\u0131r. Damla sulama veya yapraktan p\u00fcsk\u00fcrtme ile uygulanabilir. 7\u201310 g\u00fcnde bir tekrar \u00f6nerilir.<\/p>\n<h3 data-start=\"4670\" data-end=\"4690\"><strong>\u0130\u00e7erik \u00d6nerisi<\/strong><\/h3>\n<p data-start=\"4691\" data-end=\"4834\">Yo\u011fun tar\u0131m programlar\u0131nda etkisini art\u0131rmak i\u00e7in <span style=\"color: #99cc00;\"><a class=\"cursor-pointer\" style=\"color: #99cc00;\" href=\"https:\/\/bimcointernational.com\/tr\/?attachment_id=4382\" target=\"_new\" rel=\"noopener\" data-start=\"4741\" data-end=\"4813\">Special Series<\/a><\/span> \u00fcr\u00fcn\u00fcm\u00fcz\u00fc inceleyin.<\/p>\n<h3 data-start=\"4836\" data-end=\"4856\"><strong>Bilimsel Bilgi<\/strong><\/h3>\n<p data-start=\"4857\" data-end=\"5008\"><span style=\"color: #99cc00;\"><a class=\"\" style=\"color: #99cc00;\" href=\"https:\/\/www.sciencedirect.com\/topics\/agricultural-and-biological-sciences\/potassium\" target=\"_new\" rel=\"noopener\" data-start=\"4857\" data-end=\"4975\">Bitki beslemede potasyumun rol\u00fc<\/a><\/span> hakk\u0131nda daha fazlas\u0131n\u0131 \u00f6\u011frenin.<\/p>\n","protected":false},"excerpt":{"rendered":"<p>Potasyum, silisyum ve iz element i\u00e7eren kaliteli, suda \u00e7\u00f6z\u00fcnebilen bir g\u00fcbre.<\/p>\n","protected":false},"featured_media":5669,"comment_status":"open","ping_status":"closed","template":"","meta":{"_eb_attr":"","site-sidebar-layout":"default","site-content-layout":"","ast-site-content-layout":"default","site-content-style":"default","site-sidebar-style":"default","ast-global-header-display":"","ast-banner-title-visibility":"","ast-main-header-display":"","ast-hfb-above-header-display":"","ast-hfb-below-header-display":"","ast-hfb-mobile-header-display":"","site-post-title":"","ast-breadcrumbs-content":"","ast-featured-img":"","footer-sml-layout":"","ast-disable-related-posts":"","theme-transparent-header-meta":"default","adv-header-id-meta":"","stick-header-meta":"","header-above-stick-meta":"","header-main-stick-meta":"","header-below-stick-meta":"","astra-migrate-meta-layouts":"set","ast-page-background-enabled":"default","ast-page-background-meta":{"desktop":{"background-color":"var(--ast-global-color-4)","background-image":"","background-repeat":"repeat","background-position":"center center","background-size":"auto","background-attachment":"scroll","background-type":"","background-media":"","overlay-type":"","overlay-color":"","overlay-opacity":"","overlay-gradient":""},"tablet":{"background-color":"","background-image":"","background-repeat":"repeat","background-position":"center center","background-size":"auto","background-attachment":"scroll","background-type":"","background-media":"","overlay-type":"","overlay-color":"","overlay-opacity":"","overlay-gradient":""},"mobile":{"background-color":"","background-image":"","background-repeat":"repeat","background-position":"center center","background-size":"auto","background-attachment":"scroll","background-type":"","background-media":"","overlay-type":"","overlay-color":"","overlay-opacity":"","overlay-gradient":""}},"ast-content-background-meta":{"desktop":{"background-color":"var(--ast-global-color-5)","background-image":"","background-repeat":"repeat","background-position":"center center","background-size":"auto","background-attachment":"scroll","background-type":"","background-media":"","overlay-type":"","overlay-color":"","overlay-opacity":"","overlay-gradient":""},"tablet":{"background-color":"var(--ast-global-color-5)","background-image":"","background-repeat":"repeat","background-position":"center center","background-size":"auto","background-attachment":"scroll","background-type":"","background-media":"","overlay-type":"","overlay-color":"","overlay-opacity":"","overlay-gradient":""},"mobile":{"background-color":"var(--ast-global-color-5)","background-image":"","background-repeat":"repeat","background-position":"center center","background-size":"auto","background-attachment":"scroll","background-type":"","background-media":"","overlay-type":"","overlay-color":"","overlay-opacity":"","overlay-gradient":""}},"_joinchat":[]},"product_brand":[],"product_cat":[78],"product_tag":[],"class_list":{"0":"post-5672","1":"product","2":"type-product","3":"status-publish","4":"has-post-thumbnail","6":"product_cat-suda-cozunen-npk","7":"desktop-align-left","8":"tablet-align-left","9":"mobile-align-left","11":"first","12":"instock","13":"shipping-taxable","14":"product-type-simple"},"yoast_head":"<!-- This site is optimized with the Yoast SEO plugin v27.4 - https:\/\/yoast.com\/product\/yoast-seo-wordpress\/ -->\n<title>NUBI FERT - Bimco International<\/title>\n<meta name=\"description\" content=\"Nubi Fert, potasyum, silisyum ve mikro besinlerce zengin, suda \u00e7\u00f6z\u00fcn\u00fcr bir g\u00fcbredir. \u0130hracat sebzeleri ve tah\u0131llar i\u00e7in uygundur.\" \/>\n<meta name=\"robots\" content=\"index, follow, max-snippet:-1, max-image-preview:large, max-video-preview:-1\" \/>\n<link rel=\"canonical\" href=\"https:\/\/bimcointernational.com\/tr\/urun\/nubi-fert\/\" \/>\n<meta property=\"og:locale\" content=\"tr_TR\" \/>\n<meta property=\"og:type\" content=\"article\" \/>\n<meta property=\"og:title\" content=\"NUBI FERT - Bimco International\" \/>\n<meta property=\"og:description\" content=\"Nubi Fert, potasyum, silisyum ve mikro besinlerce zengin, suda \u00e7\u00f6z\u00fcn\u00fcr bir g\u00fcbredir. \u0130hracat sebzeleri ve tah\u0131llar i\u00e7in uygundur.\" \/>\n<meta property=\"og:url\" content=\"https:\/\/bimcointernational.com\/tr\/urun\/nubi-fert\/\" \/>\n<meta property=\"og:site_name\" content=\"bimco international\" \/>\n<meta property=\"article:publisher\" content=\"https:\/\/www.facebook.com\/B9K9T\" \/>\n<meta property=\"article:modified_time\" content=\"2025-07-01T14:03:05+00:00\" \/>\n<meta property=\"og:image\" content=\"https:\/\/bimcointernational.com\/wp-content\/uploads\/2025\/07\/NUBI-FERT.png\" \/>\n\t<meta property=\"og:image:width\" content=\"1321\" \/>\n\t<meta property=\"og:image:height\" content=\"1321\" \/>\n\t<meta property=\"og:image:type\" content=\"image\/png\" \/>\n<meta name=\"twitter:card\" content=\"summary_large_image\" \/>\n<meta name=\"twitter:label1\" content=\"Tahmini okuma s\u00fcresi\" \/>\n\t<meta name=\"twitter:data1\" content=\"1 dakika\" \/>\n<script type=\"application\/ld+json\" class=\"yoast-schema-graph\">{\"@context\":\"https:\\\/\\\/schema.org\",\"@graph\":[{\"@type\":\"WebPage\",\"@id\":\"https:\\\/\\\/bimcointernational.com\\\/tr\\\/urun\\\/nubi-fert\\\/\",\"url\":\"https:\\\/\\\/bimcointernational.com\\\/tr\\\/urun\\\/nubi-fert\\\/\",\"name\":\"NUBI FERT - Bimco International\",\"isPartOf\":{\"@id\":\"https:\\\/\\\/bimcointernational.com\\\/tr\\\/#website\"},\"primaryImageOfPage\":{\"@id\":\"https:\\\/\\\/bimcointernational.com\\\/tr\\\/urun\\\/nubi-fert\\\/#primaryimage\"},\"image\":{\"@id\":\"https:\\\/\\\/bimcointernational.com\\\/tr\\\/urun\\\/nubi-fert\\\/#primaryimage\"},\"thumbnailUrl\":\"https:\\\/\\\/bimcointernational.com\\\/wp-content\\\/uploads\\\/2025\\\/07\\\/NUBI-FERT.png\",\"datePublished\":\"2025-07-01T13:45:55+00:00\",\"dateModified\":\"2025-07-01T14:03:05+00:00\",\"description\":\"Nubi Fert, potasyum, silisyum ve mikro besinlerce zengin, suda \u00e7\u00f6z\u00fcn\u00fcr bir g\u00fcbredir. \u0130hracat sebzeleri ve tah\u0131llar i\u00e7in uygundur.\",\"breadcrumb\":{\"@id\":\"https:\\\/\\\/bimcointernational.com\\\/tr\\\/urun\\\/nubi-fert\\\/#breadcrumb\"},\"inLanguage\":\"tr\",\"potentialAction\":[{\"@type\":\"ReadAction\",\"target\":[\"https:\\\/\\\/bimcointernational.com\\\/tr\\\/urun\\\/nubi-fert\\\/\"]}]},{\"@type\":\"ImageObject\",\"inLanguage\":\"tr\",\"@id\":\"https:\\\/\\\/bimcointernational.com\\\/tr\\\/urun\\\/nubi-fert\\\/#primaryimage\",\"url\":\"https:\\\/\\\/bimcointernational.com\\\/wp-content\\\/uploads\\\/2025\\\/07\\\/NUBI-FERT.png\",\"contentUrl\":\"https:\\\/\\\/bimcointernational.com\\\/wp-content\\\/uploads\\\/2025\\\/07\\\/NUBI-FERT.png\",\"width\":1321,\"height\":1321,\"caption\":\"Nubi Fert water-soluble fertilizer by Bimco with potassium and silicon\"},{\"@type\":\"BreadcrumbList\",\"@id\":\"https:\\\/\\\/bimcointernational.com\\\/tr\\\/urun\\\/nubi-fert\\\/#breadcrumb\",\"itemListElement\":[{\"@type\":\"ListItem\",\"position\":1,\"name\":\"Home\",\"item\":\"https:\\\/\\\/bimcointernational.com\\\/tr\\\/\"},{\"@type\":\"ListItem\",\"position\":2,\"name\":\"\u00dcr\u00fcnlerimiz\",\"item\":\"https:\\\/\\\/bimcointernational.com\\\/tr\\\/urunlerimiz\\\/\"},{\"@type\":\"ListItem\",\"position\":3,\"name\":\"NUBI FERT\"}]},{\"@type\":\"WebSite\",\"@id\":\"https:\\\/\\\/bimcointernational.com\\\/tr\\\/#website\",\"url\":\"https:\\\/\\\/bimcointernational.com\\\/tr\\\/\",\"name\":\"bimco international\",\"description\":\"\u0634\u0631\u0643\u0629 \u0628\u064a\u0645\u0643\u0648 \u0627\u0644\u0643\u064a\u0645\u064a\u0627\u0626\u064a\u0629 \u0644\u0635\u0646\u0627\u0639\u0629 \u0627\u0644\u0645\u0628\u064a\u062f\u0627\u062a \u0648\u0627\u0644\u0623\u0633\u0645\u062f\u0629 \u0639\u0627\u0644\u064a\u0629 \u0627\u0644\u062c\u0648\u062f\u0629 35 \u0639\u0627\u0645\u0627 \u0645\u0646 \u0627\u0644\u062e\u0628\u0631\u0629 \u0646\u0636\u0639\u0647\u0627 \u0628\u064a\u0646 \u0623\u064a\u062f\u064a\u0643\u0645\",\"publisher\":{\"@id\":\"https:\\\/\\\/bimcointernational.com\\\/tr\\\/#organization\"},\"potentialAction\":[{\"@type\":\"SearchAction\",\"target\":{\"@type\":\"EntryPoint\",\"urlTemplate\":\"https:\\\/\\\/bimcointernational.com\\\/tr\\\/?s={search_term_string}\"},\"query-input\":{\"@type\":\"PropertyValueSpecification\",\"valueRequired\":true,\"valueName\":\"search_term_string\"}}],\"inLanguage\":\"tr\"},{\"@type\":\"Organization\",\"@id\":\"https:\\\/\\\/bimcointernational.com\\\/tr\\\/#organization\",\"name\":\"bimco international\",\"url\":\"https:\\\/\\\/bimcointernational.com\\\/tr\\\/\",\"logo\":{\"@type\":\"ImageObject\",\"inLanguage\":\"tr\",\"@id\":\"https:\\\/\\\/bimcointernational.com\\\/tr\\\/#\\\/schema\\\/logo\\\/image\\\/\",\"url\":\"https:\\\/\\\/bimcointernational.com\\\/wp-content\\\/uploads\\\/2023\\\/03\\\/bimco-international.png\",\"contentUrl\":\"https:\\\/\\\/bimcointernational.com\\\/wp-content\\\/uploads\\\/2023\\\/03\\\/bimco-international.png\",\"width\":1000,\"height\":283,\"caption\":\"bimco international\"},\"image\":{\"@id\":\"https:\\\/\\\/bimcointernational.com\\\/tr\\\/#\\\/schema\\\/logo\\\/image\\\/\"},\"sameAs\":[\"https:\\\/\\\/www.facebook.com\\\/B9K9T\",\"https:\\\/\\\/www.instagram.com\\\/bimcokimya\\\/\"]}]}<\/script>\n<!-- \/ Yoast SEO plugin. -->","yoast_head_json":{"title":"NUBI FERT - Bimco International","description":"Nubi Fert, potasyum, silisyum ve mikro besinlerce zengin, suda \u00e7\u00f6z\u00fcn\u00fcr bir g\u00fcbredir. \u0130hracat sebzeleri ve tah\u0131llar i\u00e7in uygundur.","robots":{"index":"index","follow":"follow","max-snippet":"max-snippet:-1","max-image-preview":"max-image-preview:large","max-video-preview":"max-video-preview:-1"},"canonical":"https:\/\/bimcointernational.com\/tr\/urun\/nubi-fert\/","og_locale":"tr_TR","og_type":"article","og_title":"NUBI FERT - Bimco International","og_description":"Nubi Fert, potasyum, silisyum ve mikro besinlerce zengin, suda \u00e7\u00f6z\u00fcn\u00fcr bir g\u00fcbredir. \u0130hracat sebzeleri ve tah\u0131llar i\u00e7in uygundur.","og_url":"https:\/\/bimcointernational.com\/tr\/urun\/nubi-fert\/","og_site_name":"bimco international","article_publisher":"https:\/\/www.facebook.com\/B9K9T","article_modified_time":"2025-07-01T14:03:05+00:00","og_image":[{"width":1321,"height":1321,"url":"https:\/\/bimcointernational.com\/wp-content\/uploads\/2025\/07\/NUBI-FERT.png","type":"image\/png"}],"twitter_card":"summary_large_image","twitter_misc":{"Tahmini okuma s\u00fcresi":"1 dakika"},"schema":{"@context":"https:\/\/schema.org","@graph":[{"@type":"WebPage","@id":"https:\/\/bimcointernational.com\/tr\/urun\/nubi-fert\/","url":"https:\/\/bimcointernational.com\/tr\/urun\/nubi-fert\/","name":"NUBI FERT - Bimco International","isPartOf":{"@id":"https:\/\/bimcointernational.com\/tr\/#website"},"primaryImageOfPage":{"@id":"https:\/\/bimcointernational.com\/tr\/urun\/nubi-fert\/#primaryimage"},"image":{"@id":"https:\/\/bimcointernational.com\/tr\/urun\/nubi-fert\/#primaryimage"},"thumbnailUrl":"https:\/\/bimcointernational.com\/wp-content\/uploads\/2025\/07\/NUBI-FERT.png","datePublished":"2025-07-01T13:45:55+00:00","dateModified":"2025-07-01T14:03:05+00:00","description":"Nubi Fert, potasyum, silisyum ve mikro besinlerce zengin, suda \u00e7\u00f6z\u00fcn\u00fcr bir g\u00fcbredir. \u0130hracat sebzeleri ve tah\u0131llar i\u00e7in uygundur.","breadcrumb":{"@id":"https:\/\/bimcointernational.com\/tr\/urun\/nubi-fert\/#breadcrumb"},"inLanguage":"tr","potentialAction":[{"@type":"ReadAction","target":["https:\/\/bimcointernational.com\/tr\/urun\/nubi-fert\/"]}]},{"@type":"ImageObject","inLanguage":"tr","@id":"https:\/\/bimcointernational.com\/tr\/urun\/nubi-fert\/#primaryimage","url":"https:\/\/bimcointernational.com\/wp-content\/uploads\/2025\/07\/NUBI-FERT.png","contentUrl":"https:\/\/bimcointernational.com\/wp-content\/uploads\/2025\/07\/NUBI-FERT.png","width":1321,"height":1321,"caption":"Nubi Fert water-soluble fertilizer by Bimco with potassium and silicon"},{"@type":"BreadcrumbList","@id":"https:\/\/bimcointernational.com\/tr\/urun\/nubi-fert\/#breadcrumb","itemListElement":[{"@type":"ListItem","position":1,"name":"Home","item":"https:\/\/bimcointernational.com\/tr\/"},{"@type":"ListItem","position":2,"name":"\u00dcr\u00fcnlerimiz","item":"https:\/\/bimcointernational.com\/tr\/urunlerimiz\/"},{"@type":"ListItem","position":3,"name":"NUBI FERT"}]},{"@type":"WebSite","@id":"https:\/\/bimcointernational.com\/tr\/#website","url":"https:\/\/bimcointernational.com\/tr\/","name":"bimco international","description":"\u0634\u0631\u0643\u0629 \u0628\u064a\u0645\u0643\u0648 \u0627\u0644\u0643\u064a\u0645\u064a\u0627\u0626\u064a\u0629 \u0644\u0635\u0646\u0627\u0639\u0629 \u0627\u0644\u0645\u0628\u064a\u062f\u0627\u062a \u0648\u0627\u0644\u0623\u0633\u0645\u062f\u0629 \u0639\u0627\u0644\u064a\u0629 \u0627\u0644\u062c\u0648\u062f\u0629 35 \u0639\u0627\u0645\u0627 \u0645\u0646 \u0627\u0644\u062e\u0628\u0631\u0629 \u0646\u0636\u0639\u0647\u0627 \u0628\u064a\u0646 \u0623\u064a\u062f\u064a\u0643\u0645","publisher":{"@id":"https:\/\/bimcointernational.com\/tr\/#organization"},"potentialAction":[{"@type":"SearchAction","target":{"@type":"EntryPoint","urlTemplate":"https:\/\/bimcointernational.com\/tr\/?s={search_term_string}"},"query-input":{"@type":"PropertyValueSpecification","valueRequired":true,"valueName":"search_term_string"}}],"inLanguage":"tr"},{"@type":"Organization","@id":"https:\/\/bimcointernational.com\/tr\/#organization","name":"bimco international","url":"https:\/\/bimcointernational.com\/tr\/","logo":{"@type":"ImageObject","inLanguage":"tr","@id":"https:\/\/bimcointernational.com\/tr\/#\/schema\/logo\/image\/","url":"https:\/\/bimcointernational.com\/wp-content\/uploads\/2023\/03\/bimco-international.png","contentUrl":"https:\/\/bimcointernational.com\/wp-content\/uploads\/2023\/03\/bimco-international.png","width":1000,"height":283,"caption":"bimco international"},"image":{"@id":"https:\/\/bimcointernational.com\/tr\/#\/schema\/logo\/image\/"},"sameAs":["https:\/\/www.facebook.com\/B9K9T","https:\/\/www.instagram.com\/bimcokimya\/"]}]}},"jetpack_sharing_enabled":true,"_links":{"self":[{"href":"https:\/\/bimcointernational.com\/tr\/wp-json\/wp\/v2\/product\/5672","targetHints":{"allow":["GET"]}}],"collection":[{"href":"https:\/\/bimcointernational.com\/tr\/wp-json\/wp\/v2\/product"}],"about":[{"href":"https:\/\/bimcointernational.com\/tr\/wp-json\/wp\/v2\/types\/product"}],"replies":[{"embeddable":true,"href":"https:\/\/bimcointernational.com\/tr\/wp-json\/wp\/v2\/comments?post=5672"}],"wp:featuredmedia":[{"embeddable":true,"href":"https:\/\/bimcointernational.com\/tr\/wp-json\/wp\/v2\/media\/5669"}],"wp:attachment":[{"href":"https:\/\/bimcointernational.com\/tr\/wp-json\/wp\/v2\/media?parent=5672"}],"wp:term":[{"taxonomy":"product_brand","embeddable":true,"href":"https:\/\/bimcointernational.com\/tr\/wp-json\/wp\/v2\/product_brand?post=5672"},{"taxonomy":"product_cat","embeddable":true,"href":"https:\/\/bimcointernational.com\/tr\/wp-json\/wp\/v2\/product_cat?post=5672"},{"taxonomy":"product_tag","embeddable":true,"href":"https:\/\/bimcointernational.com\/tr\/wp-json\/wp\/v2\/product_tag?post=5672"}],"curies":[{"name":"wp","href":"https:\/\/api.w.org\/{rel}","templated":true}]}}