{"id":5652,"date":"2025-06-30T07:38:33","date_gmt":"2025-06-30T07:38:33","guid":{"rendered":"https:\/\/bimcointernational.com\/product\/sedra\/"},"modified":"2025-06-30T10:57:49","modified_gmt":"2025-06-30T10:57:49","slug":"sedra","status":"publish","type":"product","link":"https:\/\/bimcointernational.com\/tr\/urun\/sedra\/","title":{"rendered":"SEDRA"},"content":{"rendered":"<p data-start=\"2103\" data-end=\"2334\">Sedra, NPK (azot, fosfor, potasyum), silisyum ve \u015felatl\u0131 mikro elementler i\u00e7eren \u00e7ok y\u00f6nl\u00fc bir g\u00fcbredir. 10 kg&#8217;l\u0131k ambalajlarda sunulur ve bitki beslenmesini optimize eden malik asit t\u00fcrevleri ve \u015felatlar i\u00e7erir.<\/p>\n<p data-start=\"2336\" data-end=\"2604\"><strong data-start=\"2336\" data-end=\"2355\">Kullan\u0131m \u015eekli:<\/strong><br data-start=\"2355\" data-end=\"2358\" \/>T\u00fcm bitki t\u00fcrlerinde ve toprak tiplerinde kullan\u0131labilir. A\u00e7\u0131k tarla ve \u00f6rt\u00fc alt\u0131 \u00fcretim i\u00e7in uygundur. Damla sulama, yapraktan p\u00fcsk\u00fcrtme veya do\u011frudan toprak uygulamas\u0131 \u015feklinde verilebilir. Gereklili\u011fe g\u00f6re her 7\u201310 g\u00fcnde bir tekrar edilebilir.<\/p>\n<p data-start=\"2606\" data-end=\"2634\"><strong data-start=\"2606\" data-end=\"2634\">Bitki T\u00fcr\u00fcne G\u00f6re Dozaj:<\/strong><\/p>\n<div class=\"_tableContainer_80l1q_1\">\n<div class=\"_tableWrapper_80l1q_14 group flex w-fit flex-col-reverse\" tabindex=\"-1\">\n<table class=\"w-fit min-w-(--thread-content-width)\" data-start=\"2636\" data-end=\"2902\">\n<thead data-start=\"2636\" data-end=\"2668\">\n<tr data-start=\"2636\" data-end=\"2668\">\n<th data-start=\"2636\" data-end=\"2649\" data-col-size=\"sm\">Bitki T\u00fcr\u00fc<\/th>\n<th data-start=\"2649\" data-end=\"2668\" data-col-size=\"sm\">Dekar Ba\u015f\u0131na Kg<\/th>\n<\/tr>\n<\/thead>\n<tbody data-start=\"2703\" data-end=\"2902\">\n<tr data-start=\"2703\" data-end=\"2751\">\n<td data-start=\"2703\" data-end=\"2744\" data-col-size=\"sm\">Yaprakl\u0131 sebzeler (marul, \u0131spanak vb.)<\/td>\n<td data-col-size=\"sm\" data-start=\"2744\" data-end=\"2751\">1\u20133<\/td>\n<\/tr>\n<tr data-start=\"2752\" data-end=\"2786\">\n<td data-start=\"2752\" data-end=\"2779\" data-col-size=\"sm\">Patates, so\u011fan, sar\u0131msak<\/td>\n<td data-col-size=\"sm\" data-start=\"2779\" data-end=\"2786\">2\u20134<\/td>\n<\/tr>\n<tr data-start=\"2787\" data-end=\"2830\">\n<td data-start=\"2787\" data-end=\"2823\" data-col-size=\"sm\">Tah\u0131llar (bu\u011fday, arpa, yulaf&#8230;)<\/td>\n<td data-col-size=\"sm\" data-start=\"2823\" data-end=\"2830\">1\u20132<\/td>\n<\/tr>\n<tr data-start=\"2831\" data-end=\"2868\">\n<td data-start=\"2831\" data-end=\"2861\" data-col-size=\"sm\">Baklagiller ve k\u00f6k sebzeler<\/td>\n<td data-col-size=\"sm\" data-start=\"2861\" data-end=\"2868\">2\u20135<\/td>\n<\/tr>\n<tr data-start=\"2869\" data-end=\"2902\">\n<td data-start=\"2869\" data-end=\"2895\" data-col-size=\"sm\">Kimyon, \u00e7\u00f6rekotu, susam<\/td>\n<td data-col-size=\"sm\" data-start=\"2895\" data-end=\"2902\">1\u20132<\/td>\n<\/tr>\n<\/tbody>\n<\/table>\n<\/div>\n<\/div>\n<div class=\"_tableContainer_80l1q_1\">\n<div class=\"_tableWrapper_80l1q_14 group flex w-fit flex-col-reverse\" tabindex=\"-1\">\n<div class=\"sticky end-(--thread-content-margin) h-0 self-end select-none\"><\/div>\n<\/div>\n<\/div>\n","protected":false},"excerpt":{"rendered":"<p data-start=\"139\" data-end=\"317\">Sedra, NPK temelli ve silisyum katk\u0131l\u0131, mikro besinlerle desteklenmi\u015f, a\u00e7\u0131k ve \u00f6rt\u00fc alt\u0131 tar\u0131m i\u00e7in \u00f6zel geli\u015ftirilmi\u015f bir g\u00fcbredir.<\/p>\n","protected":false},"featured_media":5646,"comment_status":"open","ping_status":"closed","template":"","meta":{"_eb_attr":"","site-sidebar-layout":"default","site-content-layout":"","ast-site-content-layout":"default","site-content-style":"default","site-sidebar-style":"default","ast-global-header-display":"","ast-banner-title-visibility":"","ast-main-header-display":"","ast-hfb-above-header-display":"","ast-hfb-below-header-display":"","ast-hfb-mobile-header-display":"","site-post-title":"","ast-breadcrumbs-content":"","ast-featured-img":"","footer-sml-layout":"","ast-disable-related-posts":"","theme-transparent-header-meta":"default","adv-header-id-meta":"","stick-header-meta":"","header-above-stick-meta":"","header-main-stick-meta":"","header-below-stick-meta":"","astra-migrate-meta-layouts":"set","ast-page-background-enabled":"default","ast-page-background-meta":{"desktop":{"background-color":"var(--ast-global-color-4)","background-image":"","background-repeat":"repeat","background-position":"center center","background-size":"auto","background-attachment":"scroll","background-type":"","background-media":"","overlay-type":"","overlay-color":"","overlay-opacity":"","overlay-gradient":""},"tablet":{"background-color":"","background-image":"","background-repeat":"repeat","background-position":"center center","background-size":"auto","background-attachment":"scroll","background-type":"","background-media":"","overlay-type":"","overlay-color":"","overlay-opacity":"","overlay-gradient":""},"mobile":{"background-color":"","background-image":"","background-repeat":"repeat","background-position":"center center","background-size":"auto","background-attachment":"scroll","background-type":"","background-media":"","overlay-type":"","overlay-color":"","overlay-opacity":"","overlay-gradient":""}},"ast-content-background-meta":{"desktop":{"background-color":"var(--ast-global-color-5)","background-image":"","background-repeat":"repeat","background-position":"center center","background-size":"auto","background-attachment":"scroll","background-type":"","background-media":"","overlay-type":"","overlay-color":"","overlay-opacity":"","overlay-gradient":""},"tablet":{"background-color":"var(--ast-global-color-5)","background-image":"","background-repeat":"repeat","background-position":"center center","background-size":"auto","background-attachment":"scroll","background-type":"","background-media":"","overlay-type":"","overlay-color":"","overlay-opacity":"","overlay-gradient":""},"mobile":{"background-color":"var(--ast-global-color-5)","background-image":"","background-repeat":"repeat","background-position":"center center","background-size":"auto","background-attachment":"scroll","background-type":"","background-media":"","overlay-type":"","overlay-color":"","overlay-opacity":"","overlay-gradient":""}},"_joinchat":[]},"product_brand":[],"product_cat":[78],"product_tag":[],"class_list":{"0":"post-5652","1":"product","2":"type-product","3":"status-publish","4":"has-post-thumbnail","6":"product_cat-suda-cozunen-npk","7":"desktop-align-left","8":"tablet-align-left","9":"mobile-align-left","11":"first","12":"instock","13":"shipping-taxable","14":"product-type-simple"},"yoast_head":"<!-- This site is optimized with the Yoast SEO plugin v27.4 - https:\/\/yoast.com\/product\/yoast-seo-wordpress\/ -->\n<title>Sedra G\u00fcbresi | NPK + Silisyum + Mikroelementler - bimco international<\/title>\n<meta name=\"description\" content=\"Sedra, sebzeler ve tah\u0131llar i\u00e7in ideal olan silisyum ve \u015felatl\u0131 mikro elementlerle zenginle\u015ftirilmi\u015f dengeli bir NPK g\u00fcbresidir.\" \/>\n<meta name=\"robots\" content=\"index, follow, max-snippet:-1, max-image-preview:large, max-video-preview:-1\" \/>\n<link rel=\"canonical\" href=\"https:\/\/bimcointernational.com\/tr\/urun\/sedra\/\" \/>\n<meta property=\"og:locale\" content=\"tr_TR\" \/>\n<meta property=\"og:type\" content=\"article\" \/>\n<meta property=\"og:title\" content=\"Sedra G\u00fcbresi | NPK + Silisyum + Mikroelementler - bimco international\" \/>\n<meta property=\"og:description\" content=\"Sedra, sebzeler ve tah\u0131llar i\u00e7in ideal olan silisyum ve \u015felatl\u0131 mikro elementlerle zenginle\u015ftirilmi\u015f dengeli bir NPK g\u00fcbresidir.\" \/>\n<meta property=\"og:url\" content=\"https:\/\/bimcointernational.com\/tr\/urun\/sedra\/\" \/>\n<meta property=\"og:site_name\" content=\"bimco international\" \/>\n<meta property=\"article:publisher\" content=\"https:\/\/www.facebook.com\/B9K9T\" \/>\n<meta property=\"article:modified_time\" content=\"2025-06-30T10:57:49+00:00\" \/>\n<meta property=\"og:image\" content=\"https:\/\/bimcointernational.com\/wp-content\/uploads\/2025\/06\/Sedra.png\" \/>\n\t<meta property=\"og:image:width\" content=\"1185\" \/>\n\t<meta property=\"og:image:height\" content=\"1276\" \/>\n\t<meta property=\"og:image:type\" content=\"image\/png\" \/>\n<meta name=\"twitter:card\" content=\"summary_large_image\" \/>\n<meta name=\"twitter:label1\" content=\"Tahmini okuma s\u00fcresi\" \/>\n\t<meta name=\"twitter:data1\" content=\"1 dakika\" \/>\n<script type=\"application\/ld+json\" class=\"yoast-schema-graph\">{\"@context\":\"https:\\\/\\\/schema.org\",\"@graph\":[{\"@type\":\"WebPage\",\"@id\":\"https:\\\/\\\/bimcointernational.com\\\/tr\\\/urun\\\/sedra\\\/\",\"url\":\"https:\\\/\\\/bimcointernational.com\\\/tr\\\/urun\\\/sedra\\\/\",\"name\":\"Sedra G\u00fcbresi | NPK + Silisyum + Mikroelementler - bimco international\",\"isPartOf\":{\"@id\":\"https:\\\/\\\/bimcointernational.com\\\/tr\\\/#website\"},\"primaryImageOfPage\":{\"@id\":\"https:\\\/\\\/bimcointernational.com\\\/tr\\\/urun\\\/sedra\\\/#primaryimage\"},\"image\":{\"@id\":\"https:\\\/\\\/bimcointernational.com\\\/tr\\\/urun\\\/sedra\\\/#primaryimage\"},\"thumbnailUrl\":\"https:\\\/\\\/bimcointernational.com\\\/wp-content\\\/uploads\\\/2025\\\/06\\\/Sedra.png\",\"datePublished\":\"2025-06-30T07:38:33+00:00\",\"dateModified\":\"2025-06-30T10:57:49+00:00\",\"description\":\"Sedra, sebzeler ve tah\u0131llar i\u00e7in ideal olan silisyum ve \u015felatl\u0131 mikro elementlerle zenginle\u015ftirilmi\u015f dengeli bir NPK g\u00fcbresidir.\",\"breadcrumb\":{\"@id\":\"https:\\\/\\\/bimcointernational.com\\\/tr\\\/urun\\\/sedra\\\/#breadcrumb\"},\"inLanguage\":\"tr\",\"potentialAction\":[{\"@type\":\"ReadAction\",\"target\":[\"https:\\\/\\\/bimcointernational.com\\\/tr\\\/urun\\\/sedra\\\/\"]}]},{\"@type\":\"ImageObject\",\"inLanguage\":\"tr\",\"@id\":\"https:\\\/\\\/bimcointernational.com\\\/tr\\\/urun\\\/sedra\\\/#primaryimage\",\"url\":\"https:\\\/\\\/bimcointernational.com\\\/wp-content\\\/uploads\\\/2025\\\/06\\\/Sedra.png\",\"contentUrl\":\"https:\\\/\\\/bimcointernational.com\\\/wp-content\\\/uploads\\\/2025\\\/06\\\/Sedra.png\",\"width\":1185,\"height\":1276,\"caption\":\"Sedra fertilizer by Bimco International with macro and micro nutrients\"},{\"@type\":\"BreadcrumbList\",\"@id\":\"https:\\\/\\\/bimcointernational.com\\\/tr\\\/urun\\\/sedra\\\/#breadcrumb\",\"itemListElement\":[{\"@type\":\"ListItem\",\"position\":1,\"name\":\"Home\",\"item\":\"https:\\\/\\\/bimcointernational.com\\\/tr\\\/\"},{\"@type\":\"ListItem\",\"position\":2,\"name\":\"\u00dcr\u00fcnlerimiz\",\"item\":\"https:\\\/\\\/bimcointernational.com\\\/tr\\\/urunlerimiz\\\/\"},{\"@type\":\"ListItem\",\"position\":3,\"name\":\"SEDRA\"}]},{\"@type\":\"WebSite\",\"@id\":\"https:\\\/\\\/bimcointernational.com\\\/tr\\\/#website\",\"url\":\"https:\\\/\\\/bimcointernational.com\\\/tr\\\/\",\"name\":\"bimco international\",\"description\":\"\u0634\u0631\u0643\u0629 \u0628\u064a\u0645\u0643\u0648 \u0627\u0644\u0643\u064a\u0645\u064a\u0627\u0626\u064a\u0629 \u0644\u0635\u0646\u0627\u0639\u0629 \u0627\u0644\u0645\u0628\u064a\u062f\u0627\u062a \u0648\u0627\u0644\u0623\u0633\u0645\u062f\u0629 \u0639\u0627\u0644\u064a\u0629 \u0627\u0644\u062c\u0648\u062f\u0629 35 \u0639\u0627\u0645\u0627 \u0645\u0646 \u0627\u0644\u062e\u0628\u0631\u0629 \u0646\u0636\u0639\u0647\u0627 \u0628\u064a\u0646 \u0623\u064a\u062f\u064a\u0643\u0645\",\"publisher\":{\"@id\":\"https:\\\/\\\/bimcointernational.com\\\/tr\\\/#organization\"},\"potentialAction\":[{\"@type\":\"SearchAction\",\"target\":{\"@type\":\"EntryPoint\",\"urlTemplate\":\"https:\\\/\\\/bimcointernational.com\\\/tr\\\/?s={search_term_string}\"},\"query-input\":{\"@type\":\"PropertyValueSpecification\",\"valueRequired\":true,\"valueName\":\"search_term_string\"}}],\"inLanguage\":\"tr\"},{\"@type\":\"Organization\",\"@id\":\"https:\\\/\\\/bimcointernational.com\\\/tr\\\/#organization\",\"name\":\"bimco international\",\"url\":\"https:\\\/\\\/bimcointernational.com\\\/tr\\\/\",\"logo\":{\"@type\":\"ImageObject\",\"inLanguage\":\"tr\",\"@id\":\"https:\\\/\\\/bimcointernational.com\\\/tr\\\/#\\\/schema\\\/logo\\\/image\\\/\",\"url\":\"https:\\\/\\\/bimcointernational.com\\\/wp-content\\\/uploads\\\/2023\\\/03\\\/bimco-international.png\",\"contentUrl\":\"https:\\\/\\\/bimcointernational.com\\\/wp-content\\\/uploads\\\/2023\\\/03\\\/bimco-international.png\",\"width\":1000,\"height\":283,\"caption\":\"bimco international\"},\"image\":{\"@id\":\"https:\\\/\\\/bimcointernational.com\\\/tr\\\/#\\\/schema\\\/logo\\\/image\\\/\"},\"sameAs\":[\"https:\\\/\\\/www.facebook.com\\\/B9K9T\",\"https:\\\/\\\/www.instagram.com\\\/bimcokimya\\\/\"]}]}<\/script>\n<!-- \/ Yoast SEO plugin. -->","yoast_head_json":{"title":"Sedra G\u00fcbresi | NPK + Silisyum + Mikroelementler - bimco international","description":"Sedra, sebzeler ve tah\u0131llar i\u00e7in ideal olan silisyum ve \u015felatl\u0131 mikro elementlerle zenginle\u015ftirilmi\u015f dengeli bir NPK g\u00fcbresidir.","robots":{"index":"index","follow":"follow","max-snippet":"max-snippet:-1","max-image-preview":"max-image-preview:large","max-video-preview":"max-video-preview:-1"},"canonical":"https:\/\/bimcointernational.com\/tr\/urun\/sedra\/","og_locale":"tr_TR","og_type":"article","og_title":"Sedra G\u00fcbresi | NPK + Silisyum + Mikroelementler - bimco international","og_description":"Sedra, sebzeler ve tah\u0131llar i\u00e7in ideal olan silisyum ve \u015felatl\u0131 mikro elementlerle zenginle\u015ftirilmi\u015f dengeli bir NPK g\u00fcbresidir.","og_url":"https:\/\/bimcointernational.com\/tr\/urun\/sedra\/","og_site_name":"bimco international","article_publisher":"https:\/\/www.facebook.com\/B9K9T","article_modified_time":"2025-06-30T10:57:49+00:00","og_image":[{"width":1185,"height":1276,"url":"https:\/\/bimcointernational.com\/wp-content\/uploads\/2025\/06\/Sedra.png","type":"image\/png"}],"twitter_card":"summary_large_image","twitter_misc":{"Tahmini okuma s\u00fcresi":"1 dakika"},"schema":{"@context":"https:\/\/schema.org","@graph":[{"@type":"WebPage","@id":"https:\/\/bimcointernational.com\/tr\/urun\/sedra\/","url":"https:\/\/bimcointernational.com\/tr\/urun\/sedra\/","name":"Sedra G\u00fcbresi | NPK + Silisyum + Mikroelementler - bimco international","isPartOf":{"@id":"https:\/\/bimcointernational.com\/tr\/#website"},"primaryImageOfPage":{"@id":"https:\/\/bimcointernational.com\/tr\/urun\/sedra\/#primaryimage"},"image":{"@id":"https:\/\/bimcointernational.com\/tr\/urun\/sedra\/#primaryimage"},"thumbnailUrl":"https:\/\/bimcointernational.com\/wp-content\/uploads\/2025\/06\/Sedra.png","datePublished":"2025-06-30T07:38:33+00:00","dateModified":"2025-06-30T10:57:49+00:00","description":"Sedra, sebzeler ve tah\u0131llar i\u00e7in ideal olan silisyum ve \u015felatl\u0131 mikro elementlerle zenginle\u015ftirilmi\u015f dengeli bir NPK g\u00fcbresidir.","breadcrumb":{"@id":"https:\/\/bimcointernational.com\/tr\/urun\/sedra\/#breadcrumb"},"inLanguage":"tr","potentialAction":[{"@type":"ReadAction","target":["https:\/\/bimcointernational.com\/tr\/urun\/sedra\/"]}]},{"@type":"ImageObject","inLanguage":"tr","@id":"https:\/\/bimcointernational.com\/tr\/urun\/sedra\/#primaryimage","url":"https:\/\/bimcointernational.com\/wp-content\/uploads\/2025\/06\/Sedra.png","contentUrl":"https:\/\/bimcointernational.com\/wp-content\/uploads\/2025\/06\/Sedra.png","width":1185,"height":1276,"caption":"Sedra fertilizer by Bimco International with macro and micro nutrients"},{"@type":"BreadcrumbList","@id":"https:\/\/bimcointernational.com\/tr\/urun\/sedra\/#breadcrumb","itemListElement":[{"@type":"ListItem","position":1,"name":"Home","item":"https:\/\/bimcointernational.com\/tr\/"},{"@type":"ListItem","position":2,"name":"\u00dcr\u00fcnlerimiz","item":"https:\/\/bimcointernational.com\/tr\/urunlerimiz\/"},{"@type":"ListItem","position":3,"name":"SEDRA"}]},{"@type":"WebSite","@id":"https:\/\/bimcointernational.com\/tr\/#website","url":"https:\/\/bimcointernational.com\/tr\/","name":"bimco international","description":"\u0634\u0631\u0643\u0629 \u0628\u064a\u0645\u0643\u0648 \u0627\u0644\u0643\u064a\u0645\u064a\u0627\u0626\u064a\u0629 \u0644\u0635\u0646\u0627\u0639\u0629 \u0627\u0644\u0645\u0628\u064a\u062f\u0627\u062a \u0648\u0627\u0644\u0623\u0633\u0645\u062f\u0629 \u0639\u0627\u0644\u064a\u0629 \u0627\u0644\u062c\u0648\u062f\u0629 35 \u0639\u0627\u0645\u0627 \u0645\u0646 \u0627\u0644\u062e\u0628\u0631\u0629 \u0646\u0636\u0639\u0647\u0627 \u0628\u064a\u0646 \u0623\u064a\u062f\u064a\u0643\u0645","publisher":{"@id":"https:\/\/bimcointernational.com\/tr\/#organization"},"potentialAction":[{"@type":"SearchAction","target":{"@type":"EntryPoint","urlTemplate":"https:\/\/bimcointernational.com\/tr\/?s={search_term_string}"},"query-input":{"@type":"PropertyValueSpecification","valueRequired":true,"valueName":"search_term_string"}}],"inLanguage":"tr"},{"@type":"Organization","@id":"https:\/\/bimcointernational.com\/tr\/#organization","name":"bimco international","url":"https:\/\/bimcointernational.com\/tr\/","logo":{"@type":"ImageObject","inLanguage":"tr","@id":"https:\/\/bimcointernational.com\/tr\/#\/schema\/logo\/image\/","url":"https:\/\/bimcointernational.com\/wp-content\/uploads\/2023\/03\/bimco-international.png","contentUrl":"https:\/\/bimcointernational.com\/wp-content\/uploads\/2023\/03\/bimco-international.png","width":1000,"height":283,"caption":"bimco international"},"image":{"@id":"https:\/\/bimcointernational.com\/tr\/#\/schema\/logo\/image\/"},"sameAs":["https:\/\/www.facebook.com\/B9K9T","https:\/\/www.instagram.com\/bimcokimya\/"]}]}},"jetpack_sharing_enabled":true,"_links":{"self":[{"href":"https:\/\/bimcointernational.com\/tr\/wp-json\/wp\/v2\/product\/5652","targetHints":{"allow":["GET"]}}],"collection":[{"href":"https:\/\/bimcointernational.com\/tr\/wp-json\/wp\/v2\/product"}],"about":[{"href":"https:\/\/bimcointernational.com\/tr\/wp-json\/wp\/v2\/types\/product"}],"replies":[{"embeddable":true,"href":"https:\/\/bimcointernational.com\/tr\/wp-json\/wp\/v2\/comments?post=5652"}],"wp:featuredmedia":[{"embeddable":true,"href":"https:\/\/bimcointernational.com\/tr\/wp-json\/wp\/v2\/media\/5646"}],"wp:attachment":[{"href":"https:\/\/bimcointernational.com\/tr\/wp-json\/wp\/v2\/media?parent=5652"}],"wp:term":[{"taxonomy":"product_brand","embeddable":true,"href":"https:\/\/bimcointernational.com\/tr\/wp-json\/wp\/v2\/product_brand?post=5652"},{"taxonomy":"product_cat","embeddable":true,"href":"https:\/\/bimcointernational.com\/tr\/wp-json\/wp\/v2\/product_cat?post=5652"},{"taxonomy":"product_tag","embeddable":true,"href":"https:\/\/bimcointernational.com\/tr\/wp-json\/wp\/v2\/product_tag?post=5652"}],"curies":[{"name":"wp","href":"https:\/\/api.w.org\/{rel}","templated":true}]}}