{"id":4414,"date":"2023-11-29T18:11:30","date_gmt":"2023-11-29T18:11:30","guid":{"rendered":"https:\/\/bimcointernational.com\/?post_type=product&#038;p=4414"},"modified":"2024-01-06T11:46:03","modified_gmt":"2024-01-06T11:46:03","slug":"barbaros-series-france","status":"publish","type":"product","link":"https:\/\/bimcointernational.com\/tr\/urun\/barbaros-series-france\/","title":{"rendered":"BARBAROS SERIES FRANCE"},"content":{"rendered":"<p>Barbaros France serisi, y\u00fcksek magnezyum, eser elementler ve karboksilik asit i\u00e7eri\u011fiyle \u00f6ne \u00e7\u0131k\u0131yor ve bitki verimlili\u011finin ve emilimin artt\u0131r\u0131lmas\u0131n\u0131 sa\u011fl\u0131yor.<\/p>\n<h2><span style=\"color: #99cc00;\"><strong>Kullan\u0131m oran\u0131:<\/strong><\/span><\/h2>\n<p>A\u00e7\u0131k veya kapal\u0131 tar\u0131ma uygun, tek ba\u015f\u0131na veya di\u011fer g\u00fcbrelerle kar\u0131\u015ft\u0131r\u0131larak kullan\u0131lan, t\u00fcm bitki ve toprak t\u00fcrlerine uygundur. Sprey veya damlama sulama sistemleriyle uygulanabilece\u011fi gibi ihtiya\u00e7 halinde 7-10 g\u00fcnde bir, belirlenen programa g\u00f6re yeniden uygulama yap\u0131labilir.<\/p>\n<table>\n<tbody>\n<tr>\n<td><b>Bitki<\/b><\/td>\n<td><b>KG\/D\u00f6n\u00fcm<\/b><\/td>\n<\/tr>\n<tr>\n<td><span style=\"font-weight: 400;\">Meyve veren sebzeler: patl\u0131can, kabak, bamya, fasulye ve b\u00f6r\u00fclce<\/span><\/td>\n<td><span style=\"font-weight: 400;\">1-3<\/span><\/td>\n<\/tr>\n<tr>\n<td><span style=\"font-weight: 400;\">Patates, so\u011fan ve sar\u0131msak<\/span><\/td>\n<td><span style=\"font-weight: 400;\">2-4<\/span><\/td>\n<\/tr>\n<tr>\n<td><span style=\"font-weight: 400;\">(Tah\u0131llar: bu\u011fday, arpa, pirin\u00e7, yulaf, \u00e7avdar) ve baklagiller<\/span><\/td>\n<td><span style=\"font-weight: 400;\">1-2<\/span><\/td>\n<\/tr>\n<tr>\n<td><span style=\"font-weight: 400;\">M\u0131s\u0131r, pamuk, pancar, havu\u00e7 ve \u015falgam<\/span><\/td>\n<td><span style=\"font-weight: 400;\">2-4<\/span><\/td>\n<\/tr>\n<tr>\n<td><span style=\"font-weight: 400;\">Meyve a\u011fa\u00e7lar\u0131<\/span><\/td>\n<td><span style=\"font-weight: 400;\">2-5<\/span><\/td>\n<\/tr>\n<tr>\n<td><span style=\"font-weight: 400;\">Kimyon, \u00e7\u00f6rek otu ve susam<\/span><\/td>\n<td><span style=\"font-weight: 400;\">1-2<\/span><\/td>\n<\/tr>\n<\/tbody>\n<\/table>\n","protected":false},"excerpt":{"rendered":"<p dir=\"ltr\" style=\"text-align: right;\">20-20-20+TE<br \/>\n13-40-13+TE<br \/>\n10-10-40+TE<\/p>\n","protected":false},"featured_media":4397,"comment_status":"closed","ping_status":"closed","template":"","meta":{"_eb_attr":"","site-sidebar-layout":"default","site-content-layout":"default","ast-site-content-layout":"default","site-content-style":"default","site-sidebar-style":"default","ast-global-header-display":"","ast-banner-title-visibility":"","ast-main-header-display":"","ast-hfb-above-header-display":"","ast-hfb-below-header-display":"","ast-hfb-mobile-header-display":"","site-post-title":"","ast-breadcrumbs-content":"","ast-featured-img":"","footer-sml-layout":"","ast-disable-related-posts":"","theme-transparent-header-meta":"default","adv-header-id-meta":"","stick-header-meta":"","header-above-stick-meta":"","header-main-stick-meta":"","header-below-stick-meta":"","astra-migrate-meta-layouts":"set","ast-page-background-enabled":"default","ast-page-background-meta":{"desktop":{"background-color":"var(--ast-global-color-4)","background-image":"","background-repeat":"repeat","background-position":"center center","background-size":"auto","background-attachment":"scroll","background-type":"","background-media":"","overlay-type":"","overlay-color":"","overlay-opacity":"","overlay-gradient":""},"tablet":{"background-color":"","background-image":"","background-repeat":"repeat","background-position":"center center","background-size":"auto","background-attachment":"scroll","background-type":"","background-media":"","overlay-type":"","overlay-color":"","overlay-opacity":"","overlay-gradient":""},"mobile":{"background-color":"","background-image":"","background-repeat":"repeat","background-position":"center center","background-size":"auto","background-attachment":"scroll","background-type":"","background-media":"","overlay-type":"","overlay-color":"","overlay-opacity":"","overlay-gradient":""}},"ast-content-background-meta":{"desktop":{"background-color":"var(--ast-global-color-5)","background-image":"","background-repeat":"repeat","background-position":"center center","background-size":"auto","background-attachment":"scroll","background-type":"","background-media":"","overlay-type":"","overlay-color":"","overlay-opacity":"","overlay-gradient":""},"tablet":{"background-color":"var(--ast-global-color-5)","background-image":"","background-repeat":"repeat","background-position":"center center","background-size":"auto","background-attachment":"scroll","background-type":"","background-media":"","overlay-type":"","overlay-color":"","overlay-opacity":"","overlay-gradient":""},"mobile":{"background-color":"var(--ast-global-color-5)","background-image":"","background-repeat":"repeat","background-position":"center center","background-size":"auto","background-attachment":"scroll","background-type":"","background-media":"","overlay-type":"","overlay-color":"","overlay-opacity":"","overlay-gradient":""}},"_joinchat":[]},"product_brand":[],"product_cat":[78],"product_tag":[],"class_list":{"0":"post-4414","1":"product","2":"type-product","3":"status-publish","4":"has-post-thumbnail","6":"product_cat-suda-cozunen-npk","7":"desktop-align-left","8":"tablet-align-left","9":"mobile-align-left","11":"first","12":"instock","13":"shipping-taxable","14":"product-type-simple"},"yoast_head":"<!-- This site is optimized with the Yoast SEO plugin v27.4 - https:\/\/yoast.com\/product\/yoast-seo-wordpress\/ -->\n<title>BARBAROS SERIES FRANCE - Bimco International<\/title>\n<meta name=\"description\" content=\"BARBAROS SERIES FRANCE: Magnezyum ve eser elementler bak\u0131m\u0131ndan zengin olan bu g\u00fcbreler, bitki verimlili\u011fini ve emilim oranlar\u0131n\u0131 art\u0131r\u0131r.\" \/>\n<meta name=\"robots\" content=\"index, follow, max-snippet:-1, max-image-preview:large, max-video-preview:-1\" \/>\n<link rel=\"canonical\" href=\"https:\/\/bimcointernational.com\/tr\/urun\/barbaros-series-france\/\" \/>\n<meta property=\"og:locale\" content=\"tr_TR\" \/>\n<meta property=\"og:type\" content=\"article\" \/>\n<meta property=\"og:title\" content=\"BARBAROS SERIES FRANCE - Bimco International\" \/>\n<meta property=\"og:description\" content=\"BARBAROS SERIES FRANCE: Magnezyum ve eser elementler bak\u0131m\u0131ndan zengin olan bu g\u00fcbreler, bitki verimlili\u011fini ve emilim oranlar\u0131n\u0131 art\u0131r\u0131r.\" \/>\n<meta property=\"og:url\" content=\"https:\/\/bimcointernational.com\/tr\/urun\/barbaros-series-france\/\" \/>\n<meta property=\"og:site_name\" content=\"bimco international\" \/>\n<meta property=\"article:publisher\" content=\"https:\/\/www.facebook.com\/B9K9T\" \/>\n<meta property=\"article:modified_time\" content=\"2024-01-06T11:46:03+00:00\" \/>\n<meta property=\"og:image\" content=\"https:\/\/bimcointernational.com\/wp-content\/uploads\/2023\/11\/BARBAROS-SERIES-FRANCE.png\" \/>\n\t<meta property=\"og:image:width\" content=\"650\" \/>\n\t<meta property=\"og:image:height\" content=\"663\" \/>\n\t<meta property=\"og:image:type\" content=\"image\/png\" \/>\n<meta name=\"twitter:card\" content=\"summary_large_image\" \/>\n<meta name=\"twitter:label1\" content=\"Tahmini okuma s\u00fcresi\" \/>\n\t<meta name=\"twitter:data1\" content=\"1 dakika\" \/>\n<script type=\"application\/ld+json\" class=\"yoast-schema-graph\">{\"@context\":\"https:\\\/\\\/schema.org\",\"@graph\":[{\"@type\":\"WebPage\",\"@id\":\"https:\\\/\\\/bimcointernational.com\\\/tr\\\/urun\\\/barbaros-series-france\\\/\",\"url\":\"https:\\\/\\\/bimcointernational.com\\\/tr\\\/urun\\\/barbaros-series-france\\\/\",\"name\":\"BARBAROS SERIES FRANCE - Bimco International\",\"isPartOf\":{\"@id\":\"https:\\\/\\\/bimcointernational.com\\\/tr\\\/#website\"},\"primaryImageOfPage\":{\"@id\":\"https:\\\/\\\/bimcointernational.com\\\/tr\\\/urun\\\/barbaros-series-france\\\/#primaryimage\"},\"image\":{\"@id\":\"https:\\\/\\\/bimcointernational.com\\\/tr\\\/urun\\\/barbaros-series-france\\\/#primaryimage\"},\"thumbnailUrl\":\"https:\\\/\\\/bimcointernational.com\\\/wp-content\\\/uploads\\\/2023\\\/11\\\/BARBAROS-SERIES-FRANCE.png\",\"datePublished\":\"2023-11-29T18:11:30+00:00\",\"dateModified\":\"2024-01-06T11:46:03+00:00\",\"description\":\"BARBAROS SERIES FRANCE: Magnezyum ve eser elementler bak\u0131m\u0131ndan zengin olan bu g\u00fcbreler, bitki verimlili\u011fini ve emilim oranlar\u0131n\u0131 art\u0131r\u0131r.\",\"breadcrumb\":{\"@id\":\"https:\\\/\\\/bimcointernational.com\\\/tr\\\/urun\\\/barbaros-series-france\\\/#breadcrumb\"},\"inLanguage\":\"tr\",\"potentialAction\":[{\"@type\":\"ReadAction\",\"target\":[\"https:\\\/\\\/bimcointernational.com\\\/tr\\\/urun\\\/barbaros-series-france\\\/\"]}]},{\"@type\":\"ImageObject\",\"inLanguage\":\"tr\",\"@id\":\"https:\\\/\\\/bimcointernational.com\\\/tr\\\/urun\\\/barbaros-series-france\\\/#primaryimage\",\"url\":\"https:\\\/\\\/bimcointernational.com\\\/wp-content\\\/uploads\\\/2023\\\/11\\\/BARBAROS-SERIES-FRANCE.png\",\"contentUrl\":\"https:\\\/\\\/bimcointernational.com\\\/wp-content\\\/uploads\\\/2023\\\/11\\\/BARBAROS-SERIES-FRANCE.png\",\"width\":650,\"height\":663},{\"@type\":\"BreadcrumbList\",\"@id\":\"https:\\\/\\\/bimcointernational.com\\\/tr\\\/urun\\\/barbaros-series-france\\\/#breadcrumb\",\"itemListElement\":[{\"@type\":\"ListItem\",\"position\":1,\"name\":\"Home\",\"item\":\"https:\\\/\\\/bimcointernational.com\\\/tr\\\/\"},{\"@type\":\"ListItem\",\"position\":2,\"name\":\"\u00dcr\u00fcnlerimiz\",\"item\":\"https:\\\/\\\/bimcointernational.com\\\/tr\\\/urunlerimiz\\\/\"},{\"@type\":\"ListItem\",\"position\":3,\"name\":\"BARBAROS SERIES FRANCE\"}]},{\"@type\":\"WebSite\",\"@id\":\"https:\\\/\\\/bimcointernational.com\\\/tr\\\/#website\",\"url\":\"https:\\\/\\\/bimcointernational.com\\\/tr\\\/\",\"name\":\"bimco international\",\"description\":\"\u0634\u0631\u0643\u0629 \u0628\u064a\u0645\u0643\u0648 \u0627\u0644\u0643\u064a\u0645\u064a\u0627\u0626\u064a\u0629 \u0644\u0635\u0646\u0627\u0639\u0629 \u0627\u0644\u0645\u0628\u064a\u062f\u0627\u062a \u0648\u0627\u0644\u0623\u0633\u0645\u062f\u0629 \u0639\u0627\u0644\u064a\u0629 \u0627\u0644\u062c\u0648\u062f\u0629 35 \u0639\u0627\u0645\u0627 \u0645\u0646 \u0627\u0644\u062e\u0628\u0631\u0629 \u0646\u0636\u0639\u0647\u0627 \u0628\u064a\u0646 \u0623\u064a\u062f\u064a\u0643\u0645\",\"publisher\":{\"@id\":\"https:\\\/\\\/bimcointernational.com\\\/tr\\\/#organization\"},\"potentialAction\":[{\"@type\":\"SearchAction\",\"target\":{\"@type\":\"EntryPoint\",\"urlTemplate\":\"https:\\\/\\\/bimcointernational.com\\\/tr\\\/?s={search_term_string}\"},\"query-input\":{\"@type\":\"PropertyValueSpecification\",\"valueRequired\":true,\"valueName\":\"search_term_string\"}}],\"inLanguage\":\"tr\"},{\"@type\":\"Organization\",\"@id\":\"https:\\\/\\\/bimcointernational.com\\\/tr\\\/#organization\",\"name\":\"bimco international\",\"url\":\"https:\\\/\\\/bimcointernational.com\\\/tr\\\/\",\"logo\":{\"@type\":\"ImageObject\",\"inLanguage\":\"tr\",\"@id\":\"https:\\\/\\\/bimcointernational.com\\\/tr\\\/#\\\/schema\\\/logo\\\/image\\\/\",\"url\":\"https:\\\/\\\/bimcointernational.com\\\/wp-content\\\/uploads\\\/2023\\\/03\\\/bimco-international.png\",\"contentUrl\":\"https:\\\/\\\/bimcointernational.com\\\/wp-content\\\/uploads\\\/2023\\\/03\\\/bimco-international.png\",\"width\":1000,\"height\":283,\"caption\":\"bimco international\"},\"image\":{\"@id\":\"https:\\\/\\\/bimcointernational.com\\\/tr\\\/#\\\/schema\\\/logo\\\/image\\\/\"},\"sameAs\":[\"https:\\\/\\\/www.facebook.com\\\/B9K9T\",\"https:\\\/\\\/www.instagram.com\\\/bimcokimya\\\/\"]}]}<\/script>\n<!-- \/ Yoast SEO plugin. -->","yoast_head_json":{"title":"BARBAROS SERIES FRANCE - Bimco International","description":"BARBAROS SERIES FRANCE: Magnezyum ve eser elementler bak\u0131m\u0131ndan zengin olan bu g\u00fcbreler, bitki verimlili\u011fini ve emilim oranlar\u0131n\u0131 art\u0131r\u0131r.","robots":{"index":"index","follow":"follow","max-snippet":"max-snippet:-1","max-image-preview":"max-image-preview:large","max-video-preview":"max-video-preview:-1"},"canonical":"https:\/\/bimcointernational.com\/tr\/urun\/barbaros-series-france\/","og_locale":"tr_TR","og_type":"article","og_title":"BARBAROS SERIES FRANCE - Bimco International","og_description":"BARBAROS SERIES FRANCE: Magnezyum ve eser elementler bak\u0131m\u0131ndan zengin olan bu g\u00fcbreler, bitki verimlili\u011fini ve emilim oranlar\u0131n\u0131 art\u0131r\u0131r.","og_url":"https:\/\/bimcointernational.com\/tr\/urun\/barbaros-series-france\/","og_site_name":"bimco international","article_publisher":"https:\/\/www.facebook.com\/B9K9T","article_modified_time":"2024-01-06T11:46:03+00:00","og_image":[{"width":650,"height":663,"url":"https:\/\/bimcointernational.com\/wp-content\/uploads\/2023\/11\/BARBAROS-SERIES-FRANCE.png","type":"image\/png"}],"twitter_card":"summary_large_image","twitter_misc":{"Tahmini okuma s\u00fcresi":"1 dakika"},"schema":{"@context":"https:\/\/schema.org","@graph":[{"@type":"WebPage","@id":"https:\/\/bimcointernational.com\/tr\/urun\/barbaros-series-france\/","url":"https:\/\/bimcointernational.com\/tr\/urun\/barbaros-series-france\/","name":"BARBAROS SERIES FRANCE - Bimco International","isPartOf":{"@id":"https:\/\/bimcointernational.com\/tr\/#website"},"primaryImageOfPage":{"@id":"https:\/\/bimcointernational.com\/tr\/urun\/barbaros-series-france\/#primaryimage"},"image":{"@id":"https:\/\/bimcointernational.com\/tr\/urun\/barbaros-series-france\/#primaryimage"},"thumbnailUrl":"https:\/\/bimcointernational.com\/wp-content\/uploads\/2023\/11\/BARBAROS-SERIES-FRANCE.png","datePublished":"2023-11-29T18:11:30+00:00","dateModified":"2024-01-06T11:46:03+00:00","description":"BARBAROS SERIES FRANCE: Magnezyum ve eser elementler bak\u0131m\u0131ndan zengin olan bu g\u00fcbreler, bitki verimlili\u011fini ve emilim oranlar\u0131n\u0131 art\u0131r\u0131r.","breadcrumb":{"@id":"https:\/\/bimcointernational.com\/tr\/urun\/barbaros-series-france\/#breadcrumb"},"inLanguage":"tr","potentialAction":[{"@type":"ReadAction","target":["https:\/\/bimcointernational.com\/tr\/urun\/barbaros-series-france\/"]}]},{"@type":"ImageObject","inLanguage":"tr","@id":"https:\/\/bimcointernational.com\/tr\/urun\/barbaros-series-france\/#primaryimage","url":"https:\/\/bimcointernational.com\/wp-content\/uploads\/2023\/11\/BARBAROS-SERIES-FRANCE.png","contentUrl":"https:\/\/bimcointernational.com\/wp-content\/uploads\/2023\/11\/BARBAROS-SERIES-FRANCE.png","width":650,"height":663},{"@type":"BreadcrumbList","@id":"https:\/\/bimcointernational.com\/tr\/urun\/barbaros-series-france\/#breadcrumb","itemListElement":[{"@type":"ListItem","position":1,"name":"Home","item":"https:\/\/bimcointernational.com\/tr\/"},{"@type":"ListItem","position":2,"name":"\u00dcr\u00fcnlerimiz","item":"https:\/\/bimcointernational.com\/tr\/urunlerimiz\/"},{"@type":"ListItem","position":3,"name":"BARBAROS SERIES FRANCE"}]},{"@type":"WebSite","@id":"https:\/\/bimcointernational.com\/tr\/#website","url":"https:\/\/bimcointernational.com\/tr\/","name":"bimco international","description":"\u0634\u0631\u0643\u0629 \u0628\u064a\u0645\u0643\u0648 \u0627\u0644\u0643\u064a\u0645\u064a\u0627\u0626\u064a\u0629 \u0644\u0635\u0646\u0627\u0639\u0629 \u0627\u0644\u0645\u0628\u064a\u062f\u0627\u062a \u0648\u0627\u0644\u0623\u0633\u0645\u062f\u0629 \u0639\u0627\u0644\u064a\u0629 \u0627\u0644\u062c\u0648\u062f\u0629 35 \u0639\u0627\u0645\u0627 \u0645\u0646 \u0627\u0644\u062e\u0628\u0631\u0629 \u0646\u0636\u0639\u0647\u0627 \u0628\u064a\u0646 \u0623\u064a\u062f\u064a\u0643\u0645","publisher":{"@id":"https:\/\/bimcointernational.com\/tr\/#organization"},"potentialAction":[{"@type":"SearchAction","target":{"@type":"EntryPoint","urlTemplate":"https:\/\/bimcointernational.com\/tr\/?s={search_term_string}"},"query-input":{"@type":"PropertyValueSpecification","valueRequired":true,"valueName":"search_term_string"}}],"inLanguage":"tr"},{"@type":"Organization","@id":"https:\/\/bimcointernational.com\/tr\/#organization","name":"bimco international","url":"https:\/\/bimcointernational.com\/tr\/","logo":{"@type":"ImageObject","inLanguage":"tr","@id":"https:\/\/bimcointernational.com\/tr\/#\/schema\/logo\/image\/","url":"https:\/\/bimcointernational.com\/wp-content\/uploads\/2023\/03\/bimco-international.png","contentUrl":"https:\/\/bimcointernational.com\/wp-content\/uploads\/2023\/03\/bimco-international.png","width":1000,"height":283,"caption":"bimco international"},"image":{"@id":"https:\/\/bimcointernational.com\/tr\/#\/schema\/logo\/image\/"},"sameAs":["https:\/\/www.facebook.com\/B9K9T","https:\/\/www.instagram.com\/bimcokimya\/"]}]}},"jetpack_sharing_enabled":true,"_links":{"self":[{"href":"https:\/\/bimcointernational.com\/tr\/wp-json\/wp\/v2\/product\/4414","targetHints":{"allow":["GET"]}}],"collection":[{"href":"https:\/\/bimcointernational.com\/tr\/wp-json\/wp\/v2\/product"}],"about":[{"href":"https:\/\/bimcointernational.com\/tr\/wp-json\/wp\/v2\/types\/product"}],"replies":[{"embeddable":true,"href":"https:\/\/bimcointernational.com\/tr\/wp-json\/wp\/v2\/comments?post=4414"}],"wp:featuredmedia":[{"embeddable":true,"href":"https:\/\/bimcointernational.com\/tr\/wp-json\/wp\/v2\/media\/4397"}],"wp:attachment":[{"href":"https:\/\/bimcointernational.com\/tr\/wp-json\/wp\/v2\/media?parent=4414"}],"wp:term":[{"taxonomy":"product_brand","embeddable":true,"href":"https:\/\/bimcointernational.com\/tr\/wp-json\/wp\/v2\/product_brand?post=4414"},{"taxonomy":"product_cat","embeddable":true,"href":"https:\/\/bimcointernational.com\/tr\/wp-json\/wp\/v2\/product_cat?post=4414"},{"taxonomy":"product_tag","embeddable":true,"href":"https:\/\/bimcointernational.com\/tr\/wp-json\/wp\/v2\/product_tag?post=4414"}],"curies":[{"name":"wp","href":"https:\/\/api.w.org\/{rel}","templated":true}]}}