{"id":4366,"date":"2023-11-29T17:43:43","date_gmt":"2023-11-29T17:43:43","guid":{"rendered":"https:\/\/bimcointernational.com\/?post_type=product&#038;p=4366"},"modified":"2024-01-04T10:04:57","modified_gmt":"2024-01-04T10:04:57","slug":"afnan-26-26-261te","status":"publish","type":"product","link":"https:\/\/bimcointernational.com\/tr\/urun\/afnan-26-26-261te\/","title":{"rendered":"AFNAN 26-26-26+1+TE"},"content":{"rendered":"<h2><strong><span style=\"color: #99cc00;\">B\u0130LE\u015eEN\u0130N FAYDALARI:<\/span><\/strong><\/h2>\n<p>Bu bitki form\u00fcl\u00fc ola\u011fan\u00fcst\u00fc verim i\u00e7in temel unsurlar\u0131 sa\u011flayarak \u015funlar\u0131 sa\u011flar:<\/p>\n<p>1- Azot: Bitki b\u00fcy\u00fcmesi i\u00e7in hayati \u00f6nem ta\u015f\u0131r, amino asitlere, proteinlere ve n\u00fckleik asitlere yard\u0131mc\u0131 olur. Bitkiler nitrat olarak emilimi tercih ederek \u00e7e\u015fitli a\u015famalarda buna ihtiya\u00e7 duyarlar.<\/p>\n<p>2- Fosfor: Tohum \u00e7imlenmesini, tomurcuk b\u00fcy\u00fcmesini kolayla\u015ft\u0131r\u0131r, \u00e7i\u00e7ek a\u00e7ma, \u015feker ve protein \u00fcretimi i\u00e7in hayati \u00f6nem ta\u015f\u0131r. K\u0131tl\u0131\u011f\u0131 mahsul\u00fcn olgunlu\u011funu geciktirebilir.<\/p>\n<h2><strong><span style=\"color: #99cc00;\">Uygulama oran\u0131:<\/span><\/strong><\/h2>\n<p>(a\u011f\u0131rl\u0131k\/hacim)\u2019den olu\u015fan asit reaktif mineral g\u00fcbre.<\/p>\n<p><img fetchpriority=\"high\" decoding=\"async\" class=\"size-full wp-image-4362 aligncenter\" src=\"https:\/\/bimcointernational.com\/wp-content\/uploads\/2023\/11\/bimco-\u0643\u062a\u0627\u0644\u0648\u062c-\u0627\u0644\u062c\u062f\u064a\u062f-2-Recovered-5.png\" alt=\"\" width=\"1000\" height=\"94\" srcset=\"https:\/\/bimcointernational.com\/wp-content\/uploads\/2023\/11\/bimco-\u0643\u062a\u0627\u0644\u0648\u062c-\u0627\u0644\u062c\u062f\u064a\u062f-2-Recovered-5.png 1000w, https:\/\/bimcointernational.com\/wp-content\/uploads\/2023\/11\/bimco-\u0643\u062a\u0627\u0644\u0648\u062c-\u0627\u0644\u062c\u062f\u064a\u062f-2-Recovered-5-300x28.png 300w, https:\/\/bimcointernational.com\/wp-content\/uploads\/2023\/11\/bimco-\u0643\u062a\u0627\u0644\u0648\u062c-\u0627\u0644\u062c\u062f\u064a\u062f-2-Recovered-5-768x72.png 768w, https:\/\/bimcointernational.com\/wp-content\/uploads\/2023\/11\/bimco-\u0643\u062a\u0627\u0644\u0648\u062c-\u0627\u0644\u062c\u062f\u064a\u062f-2-Recovered-5-600x56.png 600w\" sizes=\"(max-width: 1000px) 100vw, 1000px\" \/><\/p>\n","protected":false},"excerpt":{"rendered":"<p>H\u0131zl\u0131 \u00e7\u00f6z\u00fcnen ve emilmesi kolay bir form\u00fclde \u015feker alkolleri ile g\u00fc\u00e7lendirilmi\u015f mineral form\u00fcll\u00fc dengeli bir s\u00fcspansiyon.<\/p>\n","protected":false},"featured_media":4369,"comment_status":"closed","ping_status":"closed","template":"","meta":{"_eb_attr":"","site-sidebar-layout":"default","site-content-layout":"default","ast-site-content-layout":"default","site-content-style":"default","site-sidebar-style":"default","ast-global-header-display":"","ast-banner-title-visibility":"","ast-main-header-display":"","ast-hfb-above-header-display":"","ast-hfb-below-header-display":"","ast-hfb-mobile-header-display":"","site-post-title":"","ast-breadcrumbs-content":"","ast-featured-img":"","footer-sml-layout":"","ast-disable-related-posts":"","theme-transparent-header-meta":"default","adv-header-id-meta":"","stick-header-meta":"","header-above-stick-meta":"","header-main-stick-meta":"","header-below-stick-meta":"","astra-migrate-meta-layouts":"set","ast-page-background-enabled":"default","ast-page-background-meta":{"desktop":{"background-color":"var(--ast-global-color-4)","background-image":"","background-repeat":"repeat","background-position":"center center","background-size":"auto","background-attachment":"scroll","background-type":"","background-media":"","overlay-type":"","overlay-color":"","overlay-opacity":"","overlay-gradient":""},"tablet":{"background-color":"","background-image":"","background-repeat":"repeat","background-position":"center center","background-size":"auto","background-attachment":"scroll","background-type":"","background-media":"","overlay-type":"","overlay-color":"","overlay-opacity":"","overlay-gradient":""},"mobile":{"background-color":"","background-image":"","background-repeat":"repeat","background-position":"center center","background-size":"auto","background-attachment":"scroll","background-type":"","background-media":"","overlay-type":"","overlay-color":"","overlay-opacity":"","overlay-gradient":""}},"ast-content-background-meta":{"desktop":{"background-color":"var(--ast-global-color-5)","background-image":"","background-repeat":"repeat","background-position":"center center","background-size":"auto","background-attachment":"scroll","background-type":"","background-media":"","overlay-type":"","overlay-color":"","overlay-opacity":"","overlay-gradient":""},"tablet":{"background-color":"var(--ast-global-color-5)","background-image":"","background-repeat":"repeat","background-position":"center center","background-size":"auto","background-attachment":"scroll","background-type":"","background-media":"","overlay-type":"","overlay-color":"","overlay-opacity":"","overlay-gradient":""},"mobile":{"background-color":"var(--ast-global-color-5)","background-image":"","background-repeat":"repeat","background-position":"center center","background-size":"auto","background-attachment":"scroll","background-type":"","background-media":"","overlay-type":"","overlay-color":"","overlay-opacity":"","overlay-gradient":""}},"_joinchat":[]},"product_brand":[],"product_cat":[83],"product_tag":[],"class_list":{"0":"post-4366","1":"product","2":"type-product","3":"status-publish","4":"has-post-thumbnail","6":"product_cat-suspansiyon-jel","7":"desktop-align-left","8":"tablet-align-left","9":"mobile-align-left","11":"first","12":"instock","13":"shipping-taxable","14":"product-type-simple"},"yoast_head":"<!-- This site is optimized with the Yoast SEO plugin v27.4 - https:\/\/yoast.com\/product\/yoast-seo-wordpress\/ -->\n<title>AFNAN 26-26-26+1+TE - bimco international<\/title>\n<meta name=\"description\" content=\"Temel nitrojen ve fosfor ile bitki b\u00fcy\u00fcmesini art\u0131r\u0131n. Optimum verim i\u00e7in asit reaktif mineral form\u00fcl\u00fc. \u0130deal uygulama oran\u0131 dahildir.\" \/>\n<meta name=\"robots\" content=\"index, follow, max-snippet:-1, max-image-preview:large, max-video-preview:-1\" \/>\n<link rel=\"canonical\" href=\"https:\/\/bimcointernational.com\/tr\/urun\/afnan-26-26-261te\/\" \/>\n<meta property=\"og:locale\" content=\"tr_TR\" \/>\n<meta property=\"og:type\" content=\"article\" \/>\n<meta property=\"og:title\" content=\"AFNAN 26-26-26+1+TE - bimco international\" \/>\n<meta property=\"og:description\" content=\"Temel nitrojen ve fosfor ile bitki b\u00fcy\u00fcmesini art\u0131r\u0131n. Optimum verim i\u00e7in asit reaktif mineral form\u00fcl\u00fc. \u0130deal uygulama oran\u0131 dahildir.\" \/>\n<meta property=\"og:url\" content=\"https:\/\/bimcointernational.com\/tr\/urun\/afnan-26-26-261te\/\" \/>\n<meta property=\"og:site_name\" content=\"bimco international\" \/>\n<meta property=\"article:publisher\" content=\"https:\/\/www.facebook.com\/B9K9T\" \/>\n<meta property=\"article:modified_time\" content=\"2024-01-04T10:04:57+00:00\" \/>\n<meta property=\"og:image\" content=\"https:\/\/bimcointernational.com\/wp-content\/uploads\/2023\/11\/afnan.png\" \/>\n\t<meta property=\"og:image:width\" content=\"650\" \/>\n\t<meta property=\"og:image:height\" content=\"653\" \/>\n\t<meta property=\"og:image:type\" content=\"image\/png\" \/>\n<meta name=\"twitter:card\" content=\"summary_large_image\" \/>\n<meta name=\"twitter:label1\" content=\"Tahmini okuma s\u00fcresi\" \/>\n\t<meta name=\"twitter:data1\" content=\"1 dakika\" \/>\n<script type=\"application\/ld+json\" class=\"yoast-schema-graph\">{\"@context\":\"https:\\\/\\\/schema.org\",\"@graph\":[{\"@type\":\"WebPage\",\"@id\":\"https:\\\/\\\/bimcointernational.com\\\/tr\\\/urun\\\/afnan-26-26-261te\\\/\",\"url\":\"https:\\\/\\\/bimcointernational.com\\\/tr\\\/urun\\\/afnan-26-26-261te\\\/\",\"name\":\"AFNAN 26-26-26+1+TE - bimco international\",\"isPartOf\":{\"@id\":\"https:\\\/\\\/bimcointernational.com\\\/tr\\\/#website\"},\"primaryImageOfPage\":{\"@id\":\"https:\\\/\\\/bimcointernational.com\\\/tr\\\/urun\\\/afnan-26-26-261te\\\/#primaryimage\"},\"image\":{\"@id\":\"https:\\\/\\\/bimcointernational.com\\\/tr\\\/urun\\\/afnan-26-26-261te\\\/#primaryimage\"},\"thumbnailUrl\":\"https:\\\/\\\/bimcointernational.com\\\/wp-content\\\/uploads\\\/2023\\\/11\\\/afnan.png\",\"datePublished\":\"2023-11-29T17:43:43+00:00\",\"dateModified\":\"2024-01-04T10:04:57+00:00\",\"description\":\"Temel nitrojen ve fosfor ile bitki b\u00fcy\u00fcmesini art\u0131r\u0131n. Optimum verim i\u00e7in asit reaktif mineral form\u00fcl\u00fc. \u0130deal uygulama oran\u0131 dahildir.\",\"breadcrumb\":{\"@id\":\"https:\\\/\\\/bimcointernational.com\\\/tr\\\/urun\\\/afnan-26-26-261te\\\/#breadcrumb\"},\"inLanguage\":\"tr\",\"potentialAction\":[{\"@type\":\"ReadAction\",\"target\":[\"https:\\\/\\\/bimcointernational.com\\\/tr\\\/urun\\\/afnan-26-26-261te\\\/\"]}]},{\"@type\":\"ImageObject\",\"inLanguage\":\"tr\",\"@id\":\"https:\\\/\\\/bimcointernational.com\\\/tr\\\/urun\\\/afnan-26-26-261te\\\/#primaryimage\",\"url\":\"https:\\\/\\\/bimcointernational.com\\\/wp-content\\\/uploads\\\/2023\\\/11\\\/afnan.png\",\"contentUrl\":\"https:\\\/\\\/bimcointernational.com\\\/wp-content\\\/uploads\\\/2023\\\/11\\\/afnan.png\",\"width\":650,\"height\":653,\"caption\":\"AFNAN 26-26-26+1+TE\"},{\"@type\":\"BreadcrumbList\",\"@id\":\"https:\\\/\\\/bimcointernational.com\\\/tr\\\/urun\\\/afnan-26-26-261te\\\/#breadcrumb\",\"itemListElement\":[{\"@type\":\"ListItem\",\"position\":1,\"name\":\"Home\",\"item\":\"https:\\\/\\\/bimcointernational.com\\\/tr\\\/\"},{\"@type\":\"ListItem\",\"position\":2,\"name\":\"\u00dcr\u00fcnlerimiz\",\"item\":\"https:\\\/\\\/bimcointernational.com\\\/tr\\\/urunlerimiz\\\/\"},{\"@type\":\"ListItem\",\"position\":3,\"name\":\"AFNAN 26-26-26+1+TE\"}]},{\"@type\":\"WebSite\",\"@id\":\"https:\\\/\\\/bimcointernational.com\\\/tr\\\/#website\",\"url\":\"https:\\\/\\\/bimcointernational.com\\\/tr\\\/\",\"name\":\"bimco international\",\"description\":\"\u0634\u0631\u0643\u0629 \u0628\u064a\u0645\u0643\u0648 \u0627\u0644\u0643\u064a\u0645\u064a\u0627\u0626\u064a\u0629 \u0644\u0635\u0646\u0627\u0639\u0629 \u0627\u0644\u0645\u0628\u064a\u062f\u0627\u062a \u0648\u0627\u0644\u0623\u0633\u0645\u062f\u0629 \u0639\u0627\u0644\u064a\u0629 \u0627\u0644\u062c\u0648\u062f\u0629 35 \u0639\u0627\u0645\u0627 \u0645\u0646 \u0627\u0644\u062e\u0628\u0631\u0629 \u0646\u0636\u0639\u0647\u0627 \u0628\u064a\u0646 \u0623\u064a\u062f\u064a\u0643\u0645\",\"publisher\":{\"@id\":\"https:\\\/\\\/bimcointernational.com\\\/tr\\\/#organization\"},\"potentialAction\":[{\"@type\":\"SearchAction\",\"target\":{\"@type\":\"EntryPoint\",\"urlTemplate\":\"https:\\\/\\\/bimcointernational.com\\\/tr\\\/?s={search_term_string}\"},\"query-input\":{\"@type\":\"PropertyValueSpecification\",\"valueRequired\":true,\"valueName\":\"search_term_string\"}}],\"inLanguage\":\"tr\"},{\"@type\":\"Organization\",\"@id\":\"https:\\\/\\\/bimcointernational.com\\\/tr\\\/#organization\",\"name\":\"bimco international\",\"url\":\"https:\\\/\\\/bimcointernational.com\\\/tr\\\/\",\"logo\":{\"@type\":\"ImageObject\",\"inLanguage\":\"tr\",\"@id\":\"https:\\\/\\\/bimcointernational.com\\\/tr\\\/#\\\/schema\\\/logo\\\/image\\\/\",\"url\":\"https:\\\/\\\/bimcointernational.com\\\/wp-content\\\/uploads\\\/2023\\\/03\\\/bimco-international.png\",\"contentUrl\":\"https:\\\/\\\/bimcointernational.com\\\/wp-content\\\/uploads\\\/2023\\\/03\\\/bimco-international.png\",\"width\":1000,\"height\":283,\"caption\":\"bimco international\"},\"image\":{\"@id\":\"https:\\\/\\\/bimcointernational.com\\\/tr\\\/#\\\/schema\\\/logo\\\/image\\\/\"},\"sameAs\":[\"https:\\\/\\\/www.facebook.com\\\/B9K9T\",\"https:\\\/\\\/www.instagram.com\\\/bimcokimya\\\/\"]}]}<\/script>\n<!-- \/ Yoast SEO plugin. -->","yoast_head_json":{"title":"AFNAN 26-26-26+1+TE - bimco international","description":"Temel nitrojen ve fosfor ile bitki b\u00fcy\u00fcmesini art\u0131r\u0131n. Optimum verim i\u00e7in asit reaktif mineral form\u00fcl\u00fc. \u0130deal uygulama oran\u0131 dahildir.","robots":{"index":"index","follow":"follow","max-snippet":"max-snippet:-1","max-image-preview":"max-image-preview:large","max-video-preview":"max-video-preview:-1"},"canonical":"https:\/\/bimcointernational.com\/tr\/urun\/afnan-26-26-261te\/","og_locale":"tr_TR","og_type":"article","og_title":"AFNAN 26-26-26+1+TE - bimco international","og_description":"Temel nitrojen ve fosfor ile bitki b\u00fcy\u00fcmesini art\u0131r\u0131n. Optimum verim i\u00e7in asit reaktif mineral form\u00fcl\u00fc. \u0130deal uygulama oran\u0131 dahildir.","og_url":"https:\/\/bimcointernational.com\/tr\/urun\/afnan-26-26-261te\/","og_site_name":"bimco international","article_publisher":"https:\/\/www.facebook.com\/B9K9T","article_modified_time":"2024-01-04T10:04:57+00:00","og_image":[{"width":650,"height":653,"url":"https:\/\/bimcointernational.com\/wp-content\/uploads\/2023\/11\/afnan.png","type":"image\/png"}],"twitter_card":"summary_large_image","twitter_misc":{"Tahmini okuma s\u00fcresi":"1 dakika"},"schema":{"@context":"https:\/\/schema.org","@graph":[{"@type":"WebPage","@id":"https:\/\/bimcointernational.com\/tr\/urun\/afnan-26-26-261te\/","url":"https:\/\/bimcointernational.com\/tr\/urun\/afnan-26-26-261te\/","name":"AFNAN 26-26-26+1+TE - bimco international","isPartOf":{"@id":"https:\/\/bimcointernational.com\/tr\/#website"},"primaryImageOfPage":{"@id":"https:\/\/bimcointernational.com\/tr\/urun\/afnan-26-26-261te\/#primaryimage"},"image":{"@id":"https:\/\/bimcointernational.com\/tr\/urun\/afnan-26-26-261te\/#primaryimage"},"thumbnailUrl":"https:\/\/bimcointernational.com\/wp-content\/uploads\/2023\/11\/afnan.png","datePublished":"2023-11-29T17:43:43+00:00","dateModified":"2024-01-04T10:04:57+00:00","description":"Temel nitrojen ve fosfor ile bitki b\u00fcy\u00fcmesini art\u0131r\u0131n. Optimum verim i\u00e7in asit reaktif mineral form\u00fcl\u00fc. \u0130deal uygulama oran\u0131 dahildir.","breadcrumb":{"@id":"https:\/\/bimcointernational.com\/tr\/urun\/afnan-26-26-261te\/#breadcrumb"},"inLanguage":"tr","potentialAction":[{"@type":"ReadAction","target":["https:\/\/bimcointernational.com\/tr\/urun\/afnan-26-26-261te\/"]}]},{"@type":"ImageObject","inLanguage":"tr","@id":"https:\/\/bimcointernational.com\/tr\/urun\/afnan-26-26-261te\/#primaryimage","url":"https:\/\/bimcointernational.com\/wp-content\/uploads\/2023\/11\/afnan.png","contentUrl":"https:\/\/bimcointernational.com\/wp-content\/uploads\/2023\/11\/afnan.png","width":650,"height":653,"caption":"AFNAN 26-26-26+1+TE"},{"@type":"BreadcrumbList","@id":"https:\/\/bimcointernational.com\/tr\/urun\/afnan-26-26-261te\/#breadcrumb","itemListElement":[{"@type":"ListItem","position":1,"name":"Home","item":"https:\/\/bimcointernational.com\/tr\/"},{"@type":"ListItem","position":2,"name":"\u00dcr\u00fcnlerimiz","item":"https:\/\/bimcointernational.com\/tr\/urunlerimiz\/"},{"@type":"ListItem","position":3,"name":"AFNAN 26-26-26+1+TE"}]},{"@type":"WebSite","@id":"https:\/\/bimcointernational.com\/tr\/#website","url":"https:\/\/bimcointernational.com\/tr\/","name":"bimco international","description":"\u0634\u0631\u0643\u0629 \u0628\u064a\u0645\u0643\u0648 \u0627\u0644\u0643\u064a\u0645\u064a\u0627\u0626\u064a\u0629 \u0644\u0635\u0646\u0627\u0639\u0629 \u0627\u0644\u0645\u0628\u064a\u062f\u0627\u062a \u0648\u0627\u0644\u0623\u0633\u0645\u062f\u0629 \u0639\u0627\u0644\u064a\u0629 \u0627\u0644\u062c\u0648\u062f\u0629 35 \u0639\u0627\u0645\u0627 \u0645\u0646 \u0627\u0644\u062e\u0628\u0631\u0629 \u0646\u0636\u0639\u0647\u0627 \u0628\u064a\u0646 \u0623\u064a\u062f\u064a\u0643\u0645","publisher":{"@id":"https:\/\/bimcointernational.com\/tr\/#organization"},"potentialAction":[{"@type":"SearchAction","target":{"@type":"EntryPoint","urlTemplate":"https:\/\/bimcointernational.com\/tr\/?s={search_term_string}"},"query-input":{"@type":"PropertyValueSpecification","valueRequired":true,"valueName":"search_term_string"}}],"inLanguage":"tr"},{"@type":"Organization","@id":"https:\/\/bimcointernational.com\/tr\/#organization","name":"bimco international","url":"https:\/\/bimcointernational.com\/tr\/","logo":{"@type":"ImageObject","inLanguage":"tr","@id":"https:\/\/bimcointernational.com\/tr\/#\/schema\/logo\/image\/","url":"https:\/\/bimcointernational.com\/wp-content\/uploads\/2023\/03\/bimco-international.png","contentUrl":"https:\/\/bimcointernational.com\/wp-content\/uploads\/2023\/03\/bimco-international.png","width":1000,"height":283,"caption":"bimco international"},"image":{"@id":"https:\/\/bimcointernational.com\/tr\/#\/schema\/logo\/image\/"},"sameAs":["https:\/\/www.facebook.com\/B9K9T","https:\/\/www.instagram.com\/bimcokimya\/"]}]}},"jetpack_sharing_enabled":true,"_links":{"self":[{"href":"https:\/\/bimcointernational.com\/tr\/wp-json\/wp\/v2\/product\/4366","targetHints":{"allow":["GET"]}}],"collection":[{"href":"https:\/\/bimcointernational.com\/tr\/wp-json\/wp\/v2\/product"}],"about":[{"href":"https:\/\/bimcointernational.com\/tr\/wp-json\/wp\/v2\/types\/product"}],"replies":[{"embeddable":true,"href":"https:\/\/bimcointernational.com\/tr\/wp-json\/wp\/v2\/comments?post=4366"}],"wp:featuredmedia":[{"embeddable":true,"href":"https:\/\/bimcointernational.com\/tr\/wp-json\/wp\/v2\/media\/4369"}],"wp:attachment":[{"href":"https:\/\/bimcointernational.com\/tr\/wp-json\/wp\/v2\/media?parent=4366"}],"wp:term":[{"taxonomy":"product_brand","embeddable":true,"href":"https:\/\/bimcointernational.com\/tr\/wp-json\/wp\/v2\/product_brand?post=4366"},{"taxonomy":"product_cat","embeddable":true,"href":"https:\/\/bimcointernational.com\/tr\/wp-json\/wp\/v2\/product_cat?post=4366"},{"taxonomy":"product_tag","embeddable":true,"href":"https:\/\/bimcointernational.com\/tr\/wp-json\/wp\/v2\/product_tag?post=4366"}],"curies":[{"name":"wp","href":"https:\/\/api.w.org\/{rel}","templated":true}]}}