{"id":4317,"date":"2023-11-29T17:22:02","date_gmt":"2023-11-29T17:22:02","guid":{"rendered":"https:\/\/bimcointernational.com\/product\/sweet-meg-plus\/"},"modified":"2024-01-06T09:45:16","modified_gmt":"2024-01-06T09:45:16","slug":"sweet-meg-plus-2","status":"publish","type":"product","link":"https:\/\/bimcointernational.com\/tr\/urun\/sweet-meg-plus-2\/","title":{"rendered":"SWEET MEG PLUS"},"content":{"rendered":"<h2><span style=\"color: #99cc00;\"><strong>Hayati \u00d6zellikler:<\/strong><\/span><\/h2>\n<p>1- T\u00fcm bitkiler (tarla bitkileri, meyveler, sebzeler, a\u011fa\u00e7lar, end\u00fcstriyel ve yem bitkileri&#8230;) i\u00e7in konsantre mineral s\u00fcspansiyonu.<\/p>\n<p>2- Kolay emilim ve h\u0131zl\u0131 etki i\u00e7in NPK form\u00fcll\u00fc, asidik reaksiyonlu, y\u00fcksek potasyum ve magnezyum konsantrasyonuna sahip jel.<\/p>\n<p>3- Boyut, tat, lezzet, renk yo\u011funlu\u011funu artt\u0131rmak, kalite yo\u011funlu\u011funu, sertli\u011fini ve uzun s\u00fcreli saklama kabiliyetini geli\u015ftirmek i\u00e7in kullan\u0131l\u0131r.<\/p>\n<h2><span style=\"color: #99cc00;\"><strong>Kullan\u0131m Oran\u0131:<\/strong><\/span><\/h2>\n<table>\n<tbody>\n<tr>\n<td><b>Bitki<\/b><\/td>\n<td><b>Su P\u00fcsk\u00fcrtme G\/200 litre\u00a0<\/b><\/td>\n<td><b>Sulama G\/D\u00f6n\u00fcm<\/b><\/td>\n<\/tr>\n<tr>\n<td><span style=\"font-weight: 400;\">Sebzeler, So\u011fanlar ve Yumrular<\/span><\/td>\n<td><span style=\"font-weight: 400;\">500-1250<\/span><\/td>\n<td><span style=\"font-weight: 400;\">50-150<\/span><\/td>\n<\/tr>\n<tr>\n<td><span style=\"font-weight: 400;\">Tarla bitkileri ve baklagiller<\/span><\/td>\n<td><span style=\"font-weight: 400;\">500-1000<\/span><\/td>\n<td><span style=\"font-weight: 400;\">50-100<\/span><\/td>\n<\/tr>\n<tr>\n<td><span style=\"font-weight: 400;\">Narenciye, hurma ve tropik meyveler<\/span><\/td>\n<td><span style=\"font-weight: 400;\">500-2500<\/span><\/td>\n<td><span style=\"font-weight: 400;\">125-250<\/span><\/td>\n<\/tr>\n<tr>\n<td><span style=\"font-weight: 400;\">\u00dcz\u00fcm, zeytin ve nar<\/span><\/td>\n<td><span style=\"font-weight: 400;\">500-1250<\/span><\/td>\n<td><span style=\"font-weight: 400;\">125-250<\/span><\/td>\n<\/tr>\n<tr>\n<td><span style=\"font-weight: 400;\">Elma, badem ve antep f\u0131st\u0131\u011f\u0131<\/span><\/td>\n<td><span style=\"font-weight: 400;\">500-2500<\/span><\/td>\n<td><span style=\"font-weight: 400;\">125-250<\/span><\/td>\n<\/tr>\n<tr>\n<td><span style=\"font-weight: 400;\">Pamuk, pancar ve susam<\/span><\/td>\n<td><span style=\"font-weight: 400;\">500-1500<\/span><\/td>\n<td><span style=\"font-weight: 400;\">125-250<\/span><\/td>\n<\/tr>\n<tr>\n<td><span style=\"font-weight: 400;\">S\u00fcs, ormanc\u0131l\u0131k ve yem bitkileri<\/span><\/td>\n<td><span style=\"font-weight: 400;\">500-100<\/span><\/td>\n<td><span style=\"font-weight: 400;\">50-100<\/span><\/td>\n<\/tr>\n<\/tbody>\n<\/table>\n","protected":false},"excerpt":{"rendered":"<p>Y\u00fcksek potas ve magnezyum mineral s\u00fcspansiyonu.Renk ve lezzetin aktivasyonu ve iyile\u015ftirilmesi i\u00e7in \u00f6zel jel<\/p>\n","protected":false},"featured_media":0,"comment_status":"closed","ping_status":"closed","template":"","meta":{"_eb_attr":"","site-sidebar-layout":"default","site-content-layout":"","ast-site-content-layout":"default","site-content-style":"default","site-sidebar-style":"default","ast-global-header-display":"","ast-banner-title-visibility":"","ast-main-header-display":"","ast-hfb-above-header-display":"","ast-hfb-below-header-display":"","ast-hfb-mobile-header-display":"","site-post-title":"","ast-breadcrumbs-content":"","ast-featured-img":"","footer-sml-layout":"","ast-disable-related-posts":"","theme-transparent-header-meta":"default","adv-header-id-meta":"","stick-header-meta":"","header-above-stick-meta":"","header-main-stick-meta":"","header-below-stick-meta":"","astra-migrate-meta-layouts":"set","ast-page-background-enabled":"default","ast-page-background-meta":{"desktop":{"background-color":"var(--ast-global-color-4)","background-image":"","background-repeat":"repeat","background-position":"center center","background-size":"auto","background-attachment":"scroll","background-type":"","background-media":"","overlay-type":"","overlay-color":"","overlay-opacity":"","overlay-gradient":""},"tablet":{"background-color":"","background-image":"","background-repeat":"repeat","background-position":"center center","background-size":"auto","background-attachment":"scroll","background-type":"","background-media":"","overlay-type":"","overlay-color":"","overlay-opacity":"","overlay-gradient":""},"mobile":{"background-color":"","background-image":"","background-repeat":"repeat","background-position":"center center","background-size":"auto","background-attachment":"scroll","background-type":"","background-media":"","overlay-type":"","overlay-color":"","overlay-opacity":"","overlay-gradient":""}},"ast-content-background-meta":{"desktop":{"background-color":"var(--ast-global-color-5)","background-image":"","background-repeat":"repeat","background-position":"center center","background-size":"auto","background-attachment":"scroll","background-type":"","background-media":"","overlay-type":"","overlay-color":"","overlay-opacity":"","overlay-gradient":""},"tablet":{"background-color":"var(--ast-global-color-5)","background-image":"","background-repeat":"repeat","background-position":"center center","background-size":"auto","background-attachment":"scroll","background-type":"","background-media":"","overlay-type":"","overlay-color":"","overlay-opacity":"","overlay-gradient":""},"mobile":{"background-color":"var(--ast-global-color-5)","background-image":"","background-repeat":"repeat","background-position":"center center","background-size":"auto","background-attachment":"scroll","background-type":"","background-media":"","overlay-type":"","overlay-color":"","overlay-opacity":"","overlay-gradient":""}},"_joinchat":[]},"product_brand":[],"product_cat":[83],"product_tag":[],"class_list":{"0":"post-4317","1":"product","2":"type-product","3":"status-publish","5":"product_cat-suspansiyon-jel","6":"desktop-align-left","7":"tablet-align-left","8":"mobile-align-left","10":"first","11":"instock","12":"shipping-taxable","13":"product-type-simple"},"yoast_head":"<!-- This site is optimized with the Yoast SEO plugin v27.4 - https:\/\/yoast.com\/product\/yoast-seo-wordpress\/ -->\n<title>SWEET MEG PLUS - Bimco International<\/title>\n<meta name=\"description\" content=\"SWEET MEG PLUS: T\u00fcm bitkiler i\u00e7in geli\u015ftirilmi\u015f b\u00fcy\u00fcme ve boyut, tat ve depolama a\u00e7\u0131s\u0131ndan kalite iyile\u015ftirmesi sunan konsantre mineral s\u00fcspansiyonu.\" \/>\n<meta name=\"robots\" content=\"index, follow, max-snippet:-1, max-image-preview:large, max-video-preview:-1\" \/>\n<link rel=\"canonical\" href=\"https:\/\/bimcointernational.com\/tr\/urun\/sweet-meg-plus-2\/\" \/>\n<meta property=\"og:locale\" content=\"tr_TR\" \/>\n<meta property=\"og:type\" content=\"article\" \/>\n<meta property=\"og:title\" content=\"SWEET MEG PLUS - Bimco International\" \/>\n<meta property=\"og:description\" content=\"SWEET MEG PLUS: T\u00fcm bitkiler i\u00e7in geli\u015ftirilmi\u015f b\u00fcy\u00fcme ve boyut, tat ve depolama a\u00e7\u0131s\u0131ndan kalite iyile\u015ftirmesi sunan konsantre mineral s\u00fcspansiyonu.\" \/>\n<meta property=\"og:url\" content=\"https:\/\/bimcointernational.com\/tr\/urun\/sweet-meg-plus-2\/\" \/>\n<meta property=\"og:site_name\" content=\"bimco international\" \/>\n<meta property=\"article:publisher\" content=\"https:\/\/www.facebook.com\/B9K9T\" \/>\n<meta property=\"article:modified_time\" content=\"2024-01-06T09:45:16+00:00\" \/>\n<meta property=\"og:image\" content=\"https:\/\/bimcointernational.com\/wp-content\/uploads\/2023\/03\/saf.png\" \/>\n\t<meta property=\"og:image:width\" content=\"1937\" \/>\n\t<meta property=\"og:image:height\" content=\"975\" \/>\n\t<meta property=\"og:image:type\" content=\"image\/png\" \/>\n<meta name=\"twitter:card\" content=\"summary_large_image\" \/>\n<meta name=\"twitter:label1\" content=\"Tahmini okuma s\u00fcresi\" \/>\n\t<meta name=\"twitter:data1\" content=\"1 dakika\" \/>\n<script type=\"application\/ld+json\" class=\"yoast-schema-graph\">{\"@context\":\"https:\\\/\\\/schema.org\",\"@graph\":[{\"@type\":\"WebPage\",\"@id\":\"https:\\\/\\\/bimcointernational.com\\\/tr\\\/urun\\\/sweet-meg-plus-2\\\/\",\"url\":\"https:\\\/\\\/bimcointernational.com\\\/tr\\\/urun\\\/sweet-meg-plus-2\\\/\",\"name\":\"SWEET MEG PLUS - Bimco International\",\"isPartOf\":{\"@id\":\"https:\\\/\\\/bimcointernational.com\\\/tr\\\/#website\"},\"datePublished\":\"2023-11-29T17:22:02+00:00\",\"dateModified\":\"2024-01-06T09:45:16+00:00\",\"description\":\"SWEET MEG PLUS: T\u00fcm bitkiler i\u00e7in geli\u015ftirilmi\u015f b\u00fcy\u00fcme ve boyut, tat ve depolama a\u00e7\u0131s\u0131ndan kalite iyile\u015ftirmesi sunan konsantre mineral s\u00fcspansiyonu.\",\"breadcrumb\":{\"@id\":\"https:\\\/\\\/bimcointernational.com\\\/tr\\\/urun\\\/sweet-meg-plus-2\\\/#breadcrumb\"},\"inLanguage\":\"tr\",\"potentialAction\":[{\"@type\":\"ReadAction\",\"target\":[\"https:\\\/\\\/bimcointernational.com\\\/tr\\\/urun\\\/sweet-meg-plus-2\\\/\"]}]},{\"@type\":\"BreadcrumbList\",\"@id\":\"https:\\\/\\\/bimcointernational.com\\\/tr\\\/urun\\\/sweet-meg-plus-2\\\/#breadcrumb\",\"itemListElement\":[{\"@type\":\"ListItem\",\"position\":1,\"name\":\"Home\",\"item\":\"https:\\\/\\\/bimcointernational.com\\\/tr\\\/\"},{\"@type\":\"ListItem\",\"position\":2,\"name\":\"\u00dcr\u00fcnlerimiz\",\"item\":\"https:\\\/\\\/bimcointernational.com\\\/tr\\\/urunlerimiz\\\/\"},{\"@type\":\"ListItem\",\"position\":3,\"name\":\"SWEET MEG PLUS\"}]},{\"@type\":\"WebSite\",\"@id\":\"https:\\\/\\\/bimcointernational.com\\\/tr\\\/#website\",\"url\":\"https:\\\/\\\/bimcointernational.com\\\/tr\\\/\",\"name\":\"bimco international\",\"description\":\"\u0634\u0631\u0643\u0629 \u0628\u064a\u0645\u0643\u0648 \u0627\u0644\u0643\u064a\u0645\u064a\u0627\u0626\u064a\u0629 \u0644\u0635\u0646\u0627\u0639\u0629 \u0627\u0644\u0645\u0628\u064a\u062f\u0627\u062a \u0648\u0627\u0644\u0623\u0633\u0645\u062f\u0629 \u0639\u0627\u0644\u064a\u0629 \u0627\u0644\u062c\u0648\u062f\u0629 35 \u0639\u0627\u0645\u0627 \u0645\u0646 \u0627\u0644\u062e\u0628\u0631\u0629 \u0646\u0636\u0639\u0647\u0627 \u0628\u064a\u0646 \u0623\u064a\u062f\u064a\u0643\u0645\",\"publisher\":{\"@id\":\"https:\\\/\\\/bimcointernational.com\\\/tr\\\/#organization\"},\"potentialAction\":[{\"@type\":\"SearchAction\",\"target\":{\"@type\":\"EntryPoint\",\"urlTemplate\":\"https:\\\/\\\/bimcointernational.com\\\/tr\\\/?s={search_term_string}\"},\"query-input\":{\"@type\":\"PropertyValueSpecification\",\"valueRequired\":true,\"valueName\":\"search_term_string\"}}],\"inLanguage\":\"tr\"},{\"@type\":\"Organization\",\"@id\":\"https:\\\/\\\/bimcointernational.com\\\/tr\\\/#organization\",\"name\":\"bimco international\",\"url\":\"https:\\\/\\\/bimcointernational.com\\\/tr\\\/\",\"logo\":{\"@type\":\"ImageObject\",\"inLanguage\":\"tr\",\"@id\":\"https:\\\/\\\/bimcointernational.com\\\/tr\\\/#\\\/schema\\\/logo\\\/image\\\/\",\"url\":\"https:\\\/\\\/bimcointernational.com\\\/wp-content\\\/uploads\\\/2023\\\/03\\\/bimco-international.png\",\"contentUrl\":\"https:\\\/\\\/bimcointernational.com\\\/wp-content\\\/uploads\\\/2023\\\/03\\\/bimco-international.png\",\"width\":1000,\"height\":283,\"caption\":\"bimco international\"},\"image\":{\"@id\":\"https:\\\/\\\/bimcointernational.com\\\/tr\\\/#\\\/schema\\\/logo\\\/image\\\/\"},\"sameAs\":[\"https:\\\/\\\/www.facebook.com\\\/B9K9T\",\"https:\\\/\\\/www.instagram.com\\\/bimcokimya\\\/\"]}]}<\/script>\n<!-- \/ Yoast SEO plugin. -->","yoast_head_json":{"title":"SWEET MEG PLUS - Bimco International","description":"SWEET MEG PLUS: T\u00fcm bitkiler i\u00e7in geli\u015ftirilmi\u015f b\u00fcy\u00fcme ve boyut, tat ve depolama a\u00e7\u0131s\u0131ndan kalite iyile\u015ftirmesi sunan konsantre mineral s\u00fcspansiyonu.","robots":{"index":"index","follow":"follow","max-snippet":"max-snippet:-1","max-image-preview":"max-image-preview:large","max-video-preview":"max-video-preview:-1"},"canonical":"https:\/\/bimcointernational.com\/tr\/urun\/sweet-meg-plus-2\/","og_locale":"tr_TR","og_type":"article","og_title":"SWEET MEG PLUS - Bimco International","og_description":"SWEET MEG PLUS: T\u00fcm bitkiler i\u00e7in geli\u015ftirilmi\u015f b\u00fcy\u00fcme ve boyut, tat ve depolama a\u00e7\u0131s\u0131ndan kalite iyile\u015ftirmesi sunan konsantre mineral s\u00fcspansiyonu.","og_url":"https:\/\/bimcointernational.com\/tr\/urun\/sweet-meg-plus-2\/","og_site_name":"bimco international","article_publisher":"https:\/\/www.facebook.com\/B9K9T","article_modified_time":"2024-01-06T09:45:16+00:00","og_image":[{"width":1937,"height":975,"url":"https:\/\/bimcointernational.com\/wp-content\/uploads\/2023\/03\/saf.png","type":"image\/png"}],"twitter_card":"summary_large_image","twitter_misc":{"Tahmini okuma s\u00fcresi":"1 dakika"},"schema":{"@context":"https:\/\/schema.org","@graph":[{"@type":"WebPage","@id":"https:\/\/bimcointernational.com\/tr\/urun\/sweet-meg-plus-2\/","url":"https:\/\/bimcointernational.com\/tr\/urun\/sweet-meg-plus-2\/","name":"SWEET MEG PLUS - Bimco International","isPartOf":{"@id":"https:\/\/bimcointernational.com\/tr\/#website"},"datePublished":"2023-11-29T17:22:02+00:00","dateModified":"2024-01-06T09:45:16+00:00","description":"SWEET MEG PLUS: T\u00fcm bitkiler i\u00e7in geli\u015ftirilmi\u015f b\u00fcy\u00fcme ve boyut, tat ve depolama a\u00e7\u0131s\u0131ndan kalite iyile\u015ftirmesi sunan konsantre mineral s\u00fcspansiyonu.","breadcrumb":{"@id":"https:\/\/bimcointernational.com\/tr\/urun\/sweet-meg-plus-2\/#breadcrumb"},"inLanguage":"tr","potentialAction":[{"@type":"ReadAction","target":["https:\/\/bimcointernational.com\/tr\/urun\/sweet-meg-plus-2\/"]}]},{"@type":"BreadcrumbList","@id":"https:\/\/bimcointernational.com\/tr\/urun\/sweet-meg-plus-2\/#breadcrumb","itemListElement":[{"@type":"ListItem","position":1,"name":"Home","item":"https:\/\/bimcointernational.com\/tr\/"},{"@type":"ListItem","position":2,"name":"\u00dcr\u00fcnlerimiz","item":"https:\/\/bimcointernational.com\/tr\/urunlerimiz\/"},{"@type":"ListItem","position":3,"name":"SWEET MEG PLUS"}]},{"@type":"WebSite","@id":"https:\/\/bimcointernational.com\/tr\/#website","url":"https:\/\/bimcointernational.com\/tr\/","name":"bimco international","description":"\u0634\u0631\u0643\u0629 \u0628\u064a\u0645\u0643\u0648 \u0627\u0644\u0643\u064a\u0645\u064a\u0627\u0626\u064a\u0629 \u0644\u0635\u0646\u0627\u0639\u0629 \u0627\u0644\u0645\u0628\u064a\u062f\u0627\u062a \u0648\u0627\u0644\u0623\u0633\u0645\u062f\u0629 \u0639\u0627\u0644\u064a\u0629 \u0627\u0644\u062c\u0648\u062f\u0629 35 \u0639\u0627\u0645\u0627 \u0645\u0646 \u0627\u0644\u062e\u0628\u0631\u0629 \u0646\u0636\u0639\u0647\u0627 \u0628\u064a\u0646 \u0623\u064a\u062f\u064a\u0643\u0645","publisher":{"@id":"https:\/\/bimcointernational.com\/tr\/#organization"},"potentialAction":[{"@type":"SearchAction","target":{"@type":"EntryPoint","urlTemplate":"https:\/\/bimcointernational.com\/tr\/?s={search_term_string}"},"query-input":{"@type":"PropertyValueSpecification","valueRequired":true,"valueName":"search_term_string"}}],"inLanguage":"tr"},{"@type":"Organization","@id":"https:\/\/bimcointernational.com\/tr\/#organization","name":"bimco international","url":"https:\/\/bimcointernational.com\/tr\/","logo":{"@type":"ImageObject","inLanguage":"tr","@id":"https:\/\/bimcointernational.com\/tr\/#\/schema\/logo\/image\/","url":"https:\/\/bimcointernational.com\/wp-content\/uploads\/2023\/03\/bimco-international.png","contentUrl":"https:\/\/bimcointernational.com\/wp-content\/uploads\/2023\/03\/bimco-international.png","width":1000,"height":283,"caption":"bimco international"},"image":{"@id":"https:\/\/bimcointernational.com\/tr\/#\/schema\/logo\/image\/"},"sameAs":["https:\/\/www.facebook.com\/B9K9T","https:\/\/www.instagram.com\/bimcokimya\/"]}]}},"jetpack_sharing_enabled":true,"_links":{"self":[{"href":"https:\/\/bimcointernational.com\/tr\/wp-json\/wp\/v2\/product\/4317","targetHints":{"allow":["GET"]}}],"collection":[{"href":"https:\/\/bimcointernational.com\/tr\/wp-json\/wp\/v2\/product"}],"about":[{"href":"https:\/\/bimcointernational.com\/tr\/wp-json\/wp\/v2\/types\/product"}],"replies":[{"embeddable":true,"href":"https:\/\/bimcointernational.com\/tr\/wp-json\/wp\/v2\/comments?post=4317"}],"wp:attachment":[{"href":"https:\/\/bimcointernational.com\/tr\/wp-json\/wp\/v2\/media?parent=4317"}],"wp:term":[{"taxonomy":"product_brand","embeddable":true,"href":"https:\/\/bimcointernational.com\/tr\/wp-json\/wp\/v2\/product_brand?post=4317"},{"taxonomy":"product_cat","embeddable":true,"href":"https:\/\/bimcointernational.com\/tr\/wp-json\/wp\/v2\/product_cat?post=4317"},{"taxonomy":"product_tag","embeddable":true,"href":"https:\/\/bimcointernational.com\/tr\/wp-json\/wp\/v2\/product_tag?post=4317"}],"curies":[{"name":"wp","href":"https:\/\/api.w.org\/{rel}","templated":true}]}}