{"id":4296,"date":"2023-11-29T17:09:43","date_gmt":"2023-11-29T17:09:43","guid":{"rendered":"https:\/\/bimcointernational.com\/?post_type=product&#038;p=4296"},"modified":"2024-01-06T08:56:05","modified_gmt":"2024-01-06T08:56:05","slug":"sara-8-45-45te","status":"publish","type":"product","link":"https:\/\/bimcointernational.com\/tr\/urun\/sara-8-45-45te\/","title":{"rendered":"SARA 8-45-45+TE"},"content":{"rendered":"<h2><span style=\"color: #99cc00;\">Faydalar:<\/span><\/h2>\n<p>Jelimiz, bitki aktivasyonunu ve etkinli\u011fini art\u0131rmak i\u00e7in eser element \u015felatlar\u0131 i\u00e7eren ana elementleri i\u00e7erir:<\/p>\n<p><strong>1- Azot:<\/strong> Bitki b\u00fcy\u00fcmesini, yapraklar\u0131n ye\u015fillenmesini ve meyve geli\u015fimini art\u0131r\u0131r. Erken b\u00fcy\u00fcmede \u00e7ok \u00f6nemlidir, yaprak b\u00fcy\u00fcmesine, h\u00fccre olu\u015fumuna ve ye\u015fil k\u00fctleye yard\u0131mc\u0131 olur.<\/p>\n<p><strong>2- Fosfor:<\/strong> K\u00f6k olu\u015fumu, meyve b\u00fcy\u00fcmesi, \u00e7i\u00e7ek stabilizasyonu ve do\u011furganl\u0131k i\u00e7in gereklidir. \u00c7i\u00e7eklenmede hayati \u00f6nem ta\u015f\u0131yan k\u00f6kleri harekete ge\u00e7irir, enerji sa\u011flar ve d\u00fc\u015f\u00fck s\u0131cakl\u0131klarda hastal\u0131klara kar\u015f\u0131 koruma sa\u011flar.<\/p>\n<p><strong>3- Potasyum:<\/strong> Solunum, fotosentez ve bitki h\u00fccresi hareketi i\u00e7in gereklidir. Yaprak nemini ve h\u00fccresel konsantrasyonu d\u00fczenler ve baklagillerdeki h\u00fccre yap\u0131\u015fmas\u0131n\u0131, tane ni\u015fastas\u0131n\u0131, \u015feker i\u00e7eri\u011fini ve proteini geli\u015ftirir. D\u0131\u015f katmanlar\u0131 g\u00fc\u00e7lendirir, korumaya ve stres tolerans\u0131na yard\u0131mc\u0131 olur.&#8221;<\/p>\n","protected":false},"excerpt":{"rendered":"<p>Bitkisel, meyveli ve k\u00f6k geli\u015fimini desteklemek i\u00e7in \u015feker alkolleri ile \u015felatlanm\u0131\u015f y\u00fcksek fosfor ve potas mineral jeli.<\/p>\n","protected":false},"featured_media":4294,"comment_status":"closed","ping_status":"closed","template":"","meta":{"_eb_attr":"","site-sidebar-layout":"default","site-content-layout":"default","ast-site-content-layout":"default","site-content-style":"default","site-sidebar-style":"default","ast-global-header-display":"","ast-banner-title-visibility":"","ast-main-header-display":"","ast-hfb-above-header-display":"","ast-hfb-below-header-display":"","ast-hfb-mobile-header-display":"","site-post-title":"","ast-breadcrumbs-content":"","ast-featured-img":"","footer-sml-layout":"","ast-disable-related-posts":"","theme-transparent-header-meta":"default","adv-header-id-meta":"","stick-header-meta":"","header-above-stick-meta":"","header-main-stick-meta":"","header-below-stick-meta":"","astra-migrate-meta-layouts":"set","ast-page-background-enabled":"default","ast-page-background-meta":{"desktop":{"background-color":"var(--ast-global-color-4)","background-image":"","background-repeat":"repeat","background-position":"center center","background-size":"auto","background-attachment":"scroll","background-type":"","background-media":"","overlay-type":"","overlay-color":"","overlay-opacity":"","overlay-gradient":""},"tablet":{"background-color":"","background-image":"","background-repeat":"repeat","background-position":"center center","background-size":"auto","background-attachment":"scroll","background-type":"","background-media":"","overlay-type":"","overlay-color":"","overlay-opacity":"","overlay-gradient":""},"mobile":{"background-color":"","background-image":"","background-repeat":"repeat","background-position":"center center","background-size":"auto","background-attachment":"scroll","background-type":"","background-media":"","overlay-type":"","overlay-color":"","overlay-opacity":"","overlay-gradient":""}},"ast-content-background-meta":{"desktop":{"background-color":"var(--ast-global-color-5)","background-image":"","background-repeat":"repeat","background-position":"center center","background-size":"auto","background-attachment":"scroll","background-type":"","background-media":"","overlay-type":"","overlay-color":"","overlay-opacity":"","overlay-gradient":""},"tablet":{"background-color":"var(--ast-global-color-5)","background-image":"","background-repeat":"repeat","background-position":"center center","background-size":"auto","background-attachment":"scroll","background-type":"","background-media":"","overlay-type":"","overlay-color":"","overlay-opacity":"","overlay-gradient":""},"mobile":{"background-color":"var(--ast-global-color-5)","background-image":"","background-repeat":"repeat","background-position":"center center","background-size":"auto","background-attachment":"scroll","background-type":"","background-media":"","overlay-type":"","overlay-color":"","overlay-opacity":"","overlay-gradient":""}},"_joinchat":[]},"product_brand":[],"product_cat":[83],"product_tag":[],"class_list":{"0":"post-4296","1":"product","2":"type-product","3":"status-publish","4":"has-post-thumbnail","6":"product_cat-suspansiyon-jel","7":"desktop-align-left","8":"tablet-align-left","9":"mobile-align-left","11":"first","12":"instock","13":"shipping-taxable","14":"product-type-simple"},"yoast_head":"<!-- This site is optimized with the Yoast SEO plugin v27.4 - https:\/\/yoast.com\/product\/yoast-seo-wordpress\/ -->\n<title>SARA 8-45-45+TE - Bimco International<\/title>\n<meta name=\"description\" content=\"SARA 8-45-45+TE: Ana elementler ve eser \u015felatlar a\u00e7\u0131s\u0131ndan zengin jelimizle bitki b\u00fcy\u00fcmesini art\u0131r\u0131n. K\u00f6kleri, yapraklar\u0131 ve meyve geli\u015fimini verimli bir \u015fekilde art\u0131r\u0131r.\" \/>\n<meta name=\"robots\" content=\"index, follow, max-snippet:-1, max-image-preview:large, max-video-preview:-1\" \/>\n<link rel=\"canonical\" href=\"https:\/\/bimcointernational.com\/tr\/urun\/sara-8-45-45te\/\" \/>\n<meta property=\"og:locale\" content=\"tr_TR\" \/>\n<meta property=\"og:type\" content=\"article\" \/>\n<meta property=\"og:title\" content=\"SARA 8-45-45+TE - Bimco International\" \/>\n<meta property=\"og:description\" content=\"SARA 8-45-45+TE: Ana elementler ve eser \u015felatlar a\u00e7\u0131s\u0131ndan zengin jelimizle bitki b\u00fcy\u00fcmesini art\u0131r\u0131n. K\u00f6kleri, yapraklar\u0131 ve meyve geli\u015fimini verimli bir \u015fekilde art\u0131r\u0131r.\" \/>\n<meta property=\"og:url\" content=\"https:\/\/bimcointernational.com\/tr\/urun\/sara-8-45-45te\/\" \/>\n<meta property=\"og:site_name\" content=\"bimco international\" \/>\n<meta property=\"article:publisher\" content=\"https:\/\/www.facebook.com\/B9K9T\" \/>\n<meta property=\"article:modified_time\" content=\"2024-01-06T08:56:05+00:00\" \/>\n<meta property=\"og:image\" content=\"https:\/\/bimcointernational.com\/wp-content\/uploads\/2023\/11\/SARA.png\" \/>\n\t<meta property=\"og:image:width\" content=\"650\" \/>\n\t<meta property=\"og:image:height\" content=\"653\" \/>\n\t<meta property=\"og:image:type\" content=\"image\/png\" \/>\n<meta name=\"twitter:card\" content=\"summary_large_image\" \/>\n<meta name=\"twitter:label1\" content=\"Tahmini okuma s\u00fcresi\" \/>\n\t<meta name=\"twitter:data1\" content=\"1 dakika\" \/>\n<script type=\"application\/ld+json\" class=\"yoast-schema-graph\">{\"@context\":\"https:\\\/\\\/schema.org\",\"@graph\":[{\"@type\":\"WebPage\",\"@id\":\"https:\\\/\\\/bimcointernational.com\\\/tr\\\/urun\\\/sara-8-45-45te\\\/\",\"url\":\"https:\\\/\\\/bimcointernational.com\\\/tr\\\/urun\\\/sara-8-45-45te\\\/\",\"name\":\"SARA 8-45-45+TE - Bimco International\",\"isPartOf\":{\"@id\":\"https:\\\/\\\/bimcointernational.com\\\/tr\\\/#website\"},\"primaryImageOfPage\":{\"@id\":\"https:\\\/\\\/bimcointernational.com\\\/tr\\\/urun\\\/sara-8-45-45te\\\/#primaryimage\"},\"image\":{\"@id\":\"https:\\\/\\\/bimcointernational.com\\\/tr\\\/urun\\\/sara-8-45-45te\\\/#primaryimage\"},\"thumbnailUrl\":\"https:\\\/\\\/bimcointernational.com\\\/wp-content\\\/uploads\\\/2023\\\/11\\\/SARA.png\",\"datePublished\":\"2023-11-29T17:09:43+00:00\",\"dateModified\":\"2024-01-06T08:56:05+00:00\",\"description\":\"SARA 8-45-45+TE: Ana elementler ve eser \u015felatlar a\u00e7\u0131s\u0131ndan zengin jelimizle bitki b\u00fcy\u00fcmesini art\u0131r\u0131n. K\u00f6kleri, yapraklar\u0131 ve meyve geli\u015fimini verimli bir \u015fekilde art\u0131r\u0131r.\",\"breadcrumb\":{\"@id\":\"https:\\\/\\\/bimcointernational.com\\\/tr\\\/urun\\\/sara-8-45-45te\\\/#breadcrumb\"},\"inLanguage\":\"tr\",\"potentialAction\":[{\"@type\":\"ReadAction\",\"target\":[\"https:\\\/\\\/bimcointernational.com\\\/tr\\\/urun\\\/sara-8-45-45te\\\/\"]}]},{\"@type\":\"ImageObject\",\"inLanguage\":\"tr\",\"@id\":\"https:\\\/\\\/bimcointernational.com\\\/tr\\\/urun\\\/sara-8-45-45te\\\/#primaryimage\",\"url\":\"https:\\\/\\\/bimcointernational.com\\\/wp-content\\\/uploads\\\/2023\\\/11\\\/SARA.png\",\"contentUrl\":\"https:\\\/\\\/bimcointernational.com\\\/wp-content\\\/uploads\\\/2023\\\/11\\\/SARA.png\",\"width\":650,\"height\":653,\"caption\":\"SARA 8-45-45+TE\"},{\"@type\":\"BreadcrumbList\",\"@id\":\"https:\\\/\\\/bimcointernational.com\\\/tr\\\/urun\\\/sara-8-45-45te\\\/#breadcrumb\",\"itemListElement\":[{\"@type\":\"ListItem\",\"position\":1,\"name\":\"Home\",\"item\":\"https:\\\/\\\/bimcointernational.com\\\/tr\\\/\"},{\"@type\":\"ListItem\",\"position\":2,\"name\":\"\u00dcr\u00fcnlerimiz\",\"item\":\"https:\\\/\\\/bimcointernational.com\\\/tr\\\/urunlerimiz\\\/\"},{\"@type\":\"ListItem\",\"position\":3,\"name\":\"SARA 8-45-45+TE\"}]},{\"@type\":\"WebSite\",\"@id\":\"https:\\\/\\\/bimcointernational.com\\\/tr\\\/#website\",\"url\":\"https:\\\/\\\/bimcointernational.com\\\/tr\\\/\",\"name\":\"bimco international\",\"description\":\"\u0634\u0631\u0643\u0629 \u0628\u064a\u0645\u0643\u0648 \u0627\u0644\u0643\u064a\u0645\u064a\u0627\u0626\u064a\u0629 \u0644\u0635\u0646\u0627\u0639\u0629 \u0627\u0644\u0645\u0628\u064a\u062f\u0627\u062a \u0648\u0627\u0644\u0623\u0633\u0645\u062f\u0629 \u0639\u0627\u0644\u064a\u0629 \u0627\u0644\u062c\u0648\u062f\u0629 35 \u0639\u0627\u0645\u0627 \u0645\u0646 \u0627\u0644\u062e\u0628\u0631\u0629 \u0646\u0636\u0639\u0647\u0627 \u0628\u064a\u0646 \u0623\u064a\u062f\u064a\u0643\u0645\",\"publisher\":{\"@id\":\"https:\\\/\\\/bimcointernational.com\\\/tr\\\/#organization\"},\"potentialAction\":[{\"@type\":\"SearchAction\",\"target\":{\"@type\":\"EntryPoint\",\"urlTemplate\":\"https:\\\/\\\/bimcointernational.com\\\/tr\\\/?s={search_term_string}\"},\"query-input\":{\"@type\":\"PropertyValueSpecification\",\"valueRequired\":true,\"valueName\":\"search_term_string\"}}],\"inLanguage\":\"tr\"},{\"@type\":\"Organization\",\"@id\":\"https:\\\/\\\/bimcointernational.com\\\/tr\\\/#organization\",\"name\":\"bimco international\",\"url\":\"https:\\\/\\\/bimcointernational.com\\\/tr\\\/\",\"logo\":{\"@type\":\"ImageObject\",\"inLanguage\":\"tr\",\"@id\":\"https:\\\/\\\/bimcointernational.com\\\/tr\\\/#\\\/schema\\\/logo\\\/image\\\/\",\"url\":\"https:\\\/\\\/bimcointernational.com\\\/wp-content\\\/uploads\\\/2023\\\/03\\\/bimco-international.png\",\"contentUrl\":\"https:\\\/\\\/bimcointernational.com\\\/wp-content\\\/uploads\\\/2023\\\/03\\\/bimco-international.png\",\"width\":1000,\"height\":283,\"caption\":\"bimco international\"},\"image\":{\"@id\":\"https:\\\/\\\/bimcointernational.com\\\/tr\\\/#\\\/schema\\\/logo\\\/image\\\/\"},\"sameAs\":[\"https:\\\/\\\/www.facebook.com\\\/B9K9T\",\"https:\\\/\\\/www.instagram.com\\\/bimcokimya\\\/\"]}]}<\/script>\n<!-- \/ Yoast SEO plugin. -->","yoast_head_json":{"title":"SARA 8-45-45+TE - Bimco International","description":"SARA 8-45-45+TE: Ana elementler ve eser \u015felatlar a\u00e7\u0131s\u0131ndan zengin jelimizle bitki b\u00fcy\u00fcmesini art\u0131r\u0131n. K\u00f6kleri, yapraklar\u0131 ve meyve geli\u015fimini verimli bir \u015fekilde art\u0131r\u0131r.","robots":{"index":"index","follow":"follow","max-snippet":"max-snippet:-1","max-image-preview":"max-image-preview:large","max-video-preview":"max-video-preview:-1"},"canonical":"https:\/\/bimcointernational.com\/tr\/urun\/sara-8-45-45te\/","og_locale":"tr_TR","og_type":"article","og_title":"SARA 8-45-45+TE - Bimco International","og_description":"SARA 8-45-45+TE: Ana elementler ve eser \u015felatlar a\u00e7\u0131s\u0131ndan zengin jelimizle bitki b\u00fcy\u00fcmesini art\u0131r\u0131n. K\u00f6kleri, yapraklar\u0131 ve meyve geli\u015fimini verimli bir \u015fekilde art\u0131r\u0131r.","og_url":"https:\/\/bimcointernational.com\/tr\/urun\/sara-8-45-45te\/","og_site_name":"bimco international","article_publisher":"https:\/\/www.facebook.com\/B9K9T","article_modified_time":"2024-01-06T08:56:05+00:00","og_image":[{"width":650,"height":653,"url":"https:\/\/bimcointernational.com\/wp-content\/uploads\/2023\/11\/SARA.png","type":"image\/png"}],"twitter_card":"summary_large_image","twitter_misc":{"Tahmini okuma s\u00fcresi":"1 dakika"},"schema":{"@context":"https:\/\/schema.org","@graph":[{"@type":"WebPage","@id":"https:\/\/bimcointernational.com\/tr\/urun\/sara-8-45-45te\/","url":"https:\/\/bimcointernational.com\/tr\/urun\/sara-8-45-45te\/","name":"SARA 8-45-45+TE - Bimco International","isPartOf":{"@id":"https:\/\/bimcointernational.com\/tr\/#website"},"primaryImageOfPage":{"@id":"https:\/\/bimcointernational.com\/tr\/urun\/sara-8-45-45te\/#primaryimage"},"image":{"@id":"https:\/\/bimcointernational.com\/tr\/urun\/sara-8-45-45te\/#primaryimage"},"thumbnailUrl":"https:\/\/bimcointernational.com\/wp-content\/uploads\/2023\/11\/SARA.png","datePublished":"2023-11-29T17:09:43+00:00","dateModified":"2024-01-06T08:56:05+00:00","description":"SARA 8-45-45+TE: Ana elementler ve eser \u015felatlar a\u00e7\u0131s\u0131ndan zengin jelimizle bitki b\u00fcy\u00fcmesini art\u0131r\u0131n. K\u00f6kleri, yapraklar\u0131 ve meyve geli\u015fimini verimli bir \u015fekilde art\u0131r\u0131r.","breadcrumb":{"@id":"https:\/\/bimcointernational.com\/tr\/urun\/sara-8-45-45te\/#breadcrumb"},"inLanguage":"tr","potentialAction":[{"@type":"ReadAction","target":["https:\/\/bimcointernational.com\/tr\/urun\/sara-8-45-45te\/"]}]},{"@type":"ImageObject","inLanguage":"tr","@id":"https:\/\/bimcointernational.com\/tr\/urun\/sara-8-45-45te\/#primaryimage","url":"https:\/\/bimcointernational.com\/wp-content\/uploads\/2023\/11\/SARA.png","contentUrl":"https:\/\/bimcointernational.com\/wp-content\/uploads\/2023\/11\/SARA.png","width":650,"height":653,"caption":"SARA 8-45-45+TE"},{"@type":"BreadcrumbList","@id":"https:\/\/bimcointernational.com\/tr\/urun\/sara-8-45-45te\/#breadcrumb","itemListElement":[{"@type":"ListItem","position":1,"name":"Home","item":"https:\/\/bimcointernational.com\/tr\/"},{"@type":"ListItem","position":2,"name":"\u00dcr\u00fcnlerimiz","item":"https:\/\/bimcointernational.com\/tr\/urunlerimiz\/"},{"@type":"ListItem","position":3,"name":"SARA 8-45-45+TE"}]},{"@type":"WebSite","@id":"https:\/\/bimcointernational.com\/tr\/#website","url":"https:\/\/bimcointernational.com\/tr\/","name":"bimco international","description":"\u0634\u0631\u0643\u0629 \u0628\u064a\u0645\u0643\u0648 \u0627\u0644\u0643\u064a\u0645\u064a\u0627\u0626\u064a\u0629 \u0644\u0635\u0646\u0627\u0639\u0629 \u0627\u0644\u0645\u0628\u064a\u062f\u0627\u062a \u0648\u0627\u0644\u0623\u0633\u0645\u062f\u0629 \u0639\u0627\u0644\u064a\u0629 \u0627\u0644\u062c\u0648\u062f\u0629 35 \u0639\u0627\u0645\u0627 \u0645\u0646 \u0627\u0644\u062e\u0628\u0631\u0629 \u0646\u0636\u0639\u0647\u0627 \u0628\u064a\u0646 \u0623\u064a\u062f\u064a\u0643\u0645","publisher":{"@id":"https:\/\/bimcointernational.com\/tr\/#organization"},"potentialAction":[{"@type":"SearchAction","target":{"@type":"EntryPoint","urlTemplate":"https:\/\/bimcointernational.com\/tr\/?s={search_term_string}"},"query-input":{"@type":"PropertyValueSpecification","valueRequired":true,"valueName":"search_term_string"}}],"inLanguage":"tr"},{"@type":"Organization","@id":"https:\/\/bimcointernational.com\/tr\/#organization","name":"bimco international","url":"https:\/\/bimcointernational.com\/tr\/","logo":{"@type":"ImageObject","inLanguage":"tr","@id":"https:\/\/bimcointernational.com\/tr\/#\/schema\/logo\/image\/","url":"https:\/\/bimcointernational.com\/wp-content\/uploads\/2023\/03\/bimco-international.png","contentUrl":"https:\/\/bimcointernational.com\/wp-content\/uploads\/2023\/03\/bimco-international.png","width":1000,"height":283,"caption":"bimco international"},"image":{"@id":"https:\/\/bimcointernational.com\/tr\/#\/schema\/logo\/image\/"},"sameAs":["https:\/\/www.facebook.com\/B9K9T","https:\/\/www.instagram.com\/bimcokimya\/"]}]}},"jetpack_sharing_enabled":true,"_links":{"self":[{"href":"https:\/\/bimcointernational.com\/tr\/wp-json\/wp\/v2\/product\/4296","targetHints":{"allow":["GET"]}}],"collection":[{"href":"https:\/\/bimcointernational.com\/tr\/wp-json\/wp\/v2\/product"}],"about":[{"href":"https:\/\/bimcointernational.com\/tr\/wp-json\/wp\/v2\/types\/product"}],"replies":[{"embeddable":true,"href":"https:\/\/bimcointernational.com\/tr\/wp-json\/wp\/v2\/comments?post=4296"}],"wp:featuredmedia":[{"embeddable":true,"href":"https:\/\/bimcointernational.com\/tr\/wp-json\/wp\/v2\/media\/4294"}],"wp:attachment":[{"href":"https:\/\/bimcointernational.com\/tr\/wp-json\/wp\/v2\/media?parent=4296"}],"wp:term":[{"taxonomy":"product_brand","embeddable":true,"href":"https:\/\/bimcointernational.com\/tr\/wp-json\/wp\/v2\/product_brand?post=4296"},{"taxonomy":"product_cat","embeddable":true,"href":"https:\/\/bimcointernational.com\/tr\/wp-json\/wp\/v2\/product_cat?post=4296"},{"taxonomy":"product_tag","embeddable":true,"href":"https:\/\/bimcointernational.com\/tr\/wp-json\/wp\/v2\/product_tag?post=4296"}],"curies":[{"name":"wp","href":"https:\/\/api.w.org\/{rel}","templated":true}]}}