{"id":4271,"date":"2023-11-29T16:49:35","date_gmt":"2023-11-29T16:49:35","guid":{"rendered":"https:\/\/bimcointernational.com\/?post_type=product&#038;p=4271"},"modified":"2024-01-06T10:09:46","modified_gmt":"2024-01-06T10:09:46","slug":"shada","status":"publish","type":"product","link":"https:\/\/bimcointernational.com\/tr\/urun\/shada\/","title":{"rendered":"SHADA"},"content":{"rendered":"<h2><span style=\"color: #99cc00;\">Hayati \u00d6zellikler:<\/span><\/h2>\n<p>1- Tahri\u015f etmeden tolerans sa\u011flayan, esnek bile\u015fime sahip, dayan\u0131kl\u0131, y\u00fcksek kaliteli mineral form\u00fcl.<br \/>\n2- Amino ve karboksilik asitlerle g\u00fc\u00e7lendirilmi\u015f, etkili bir \u015fekilde g\u00fc\u00e7l\u00fc bir s\u00fcspansiyon.<br \/>\n3- Kemikleri g\u00fc\u00e7lendirmek, bitkisel, meyve ve tohum geli\u015fimini te\u015fvik etmek i\u00e7in kullan\u0131l\u0131r.<br \/>\n4- Detayl\u0131 tar\u0131m \u00fcr\u00fcnlerinde g\u0131da depolamay\u0131 geli\u015ftirerek genel verimi artt\u0131r\u0131r.<br \/>\n5- Meyve, sebze ve temel g\u0131dalar\u0131n pazar de\u011ferini \u00f6nemli \u00f6l\u00e7\u00fcde art\u0131rarak \u00fcretime parlakl\u0131k ve istenen g\u00fcc\u00fc kazand\u0131r\u0131r.<\/p>\n<h2><span style=\"color: #99cc00;\">Kimyasal Analiz:<\/span><\/h2>\n<table>\n<tbody>\n<tr>\n<td><span style=\"font-weight: 400;\">N<\/span><\/td>\n<td><span style=\"font-weight: 400;\">31<\/span><\/td>\n<\/tr>\n<tr>\n<td><span style=\"font-weight: 400;\">P2O5<\/span><\/td>\n<td><span style=\"font-weight: 400;\">31<\/span><\/td>\n<\/tr>\n<tr>\n<td><span style=\"font-weight: 400;\">K2O<\/span><\/td>\n<td><span style=\"font-weight: 400;\">31<\/span><\/td>\n<\/tr>\n<tr>\n<td><span style=\"font-weight: 400;\">AMINO ACIDS<\/span><\/td>\n<td><span style=\"font-weight: 400;\">1.3<\/span><\/td>\n<\/tr>\n<tr>\n<td><span style=\"font-weight: 400;\">CARBOXILIC ACIDS<\/span><\/td>\n<td><span style=\"font-weight: 400;\">2.5<\/span><\/td>\n<\/tr>\n<tr>\n<td><span style=\"font-weight: 400;\">SIO2 NANO<\/span><\/td>\n<td><span style=\"font-weight: 400;\">1<\/span><\/td>\n<\/tr>\n<tr>\n<td><span style=\"font-weight: 400;\">PH<\/span><\/td>\n<td><span style=\"font-weight: 400;\">5 &#8211; 3<\/span><\/td>\n<\/tr>\n<\/tbody>\n<\/table>\n","protected":false},"excerpt":{"rendered":"<p>Amino ve karboksilik asitler ve nano silika ile zenginle\u015ftirilmi\u015f mineral ka\u011f\u0131t kapasit\u00f6r<\/p>\n","protected":false},"featured_media":4269,"comment_status":"closed","ping_status":"closed","template":"","meta":{"_eb_attr":"","site-sidebar-layout":"default","site-content-layout":"default","ast-site-content-layout":"default","site-content-style":"default","site-sidebar-style":"default","ast-global-header-display":"","ast-banner-title-visibility":"","ast-main-header-display":"","ast-hfb-above-header-display":"","ast-hfb-below-header-display":"","ast-hfb-mobile-header-display":"","site-post-title":"","ast-breadcrumbs-content":"","ast-featured-img":"","footer-sml-layout":"","ast-disable-related-posts":"","theme-transparent-header-meta":"default","adv-header-id-meta":"","stick-header-meta":"","header-above-stick-meta":"","header-main-stick-meta":"","header-below-stick-meta":"","astra-migrate-meta-layouts":"set","ast-page-background-enabled":"default","ast-page-background-meta":{"desktop":{"background-color":"var(--ast-global-color-4)","background-image":"","background-repeat":"repeat","background-position":"center center","background-size":"auto","background-attachment":"scroll","background-type":"","background-media":"","overlay-type":"","overlay-color":"","overlay-opacity":"","overlay-gradient":""},"tablet":{"background-color":"","background-image":"","background-repeat":"repeat","background-position":"center center","background-size":"auto","background-attachment":"scroll","background-type":"","background-media":"","overlay-type":"","overlay-color":"","overlay-opacity":"","overlay-gradient":""},"mobile":{"background-color":"","background-image":"","background-repeat":"repeat","background-position":"center center","background-size":"auto","background-attachment":"scroll","background-type":"","background-media":"","overlay-type":"","overlay-color":"","overlay-opacity":"","overlay-gradient":""}},"ast-content-background-meta":{"desktop":{"background-color":"var(--ast-global-color-5)","background-image":"","background-repeat":"repeat","background-position":"center center","background-size":"auto","background-attachment":"scroll","background-type":"","background-media":"","overlay-type":"","overlay-color":"","overlay-opacity":"","overlay-gradient":""},"tablet":{"background-color":"var(--ast-global-color-5)","background-image":"","background-repeat":"repeat","background-position":"center center","background-size":"auto","background-attachment":"scroll","background-type":"","background-media":"","overlay-type":"","overlay-color":"","overlay-opacity":"","overlay-gradient":""},"mobile":{"background-color":"var(--ast-global-color-5)","background-image":"","background-repeat":"repeat","background-position":"center center","background-size":"auto","background-attachment":"scroll","background-type":"","background-media":"","overlay-type":"","overlay-color":"","overlay-opacity":"","overlay-gradient":""}},"_joinchat":[]},"product_brand":[],"product_cat":[83],"product_tag":[],"class_list":{"0":"post-4271","1":"product","2":"type-product","3":"status-publish","4":"has-post-thumbnail","6":"product_cat-suspansiyon-jel","7":"desktop-align-left","8":"tablet-align-left","9":"mobile-align-left","11":"first","12":"instock","13":"shipping-taxable","14":"product-type-simple"},"yoast_head":"<!-- This site is optimized with the Yoast SEO plugin v27.1.1 - https:\/\/yoast.com\/product\/yoast-seo-wordpress\/ -->\n<title>SHADA - Bimco International<\/title>\n<meta name=\"description\" content=\"SHADA: Artan verim ve iyile\u015ftirilmi\u015f mahsul dayan\u0131kl\u0131l\u0131\u011f\u0131 i\u00e7in, tar\u0131msal \u00fcr\u00fcnlere de\u011fer ve parlakl\u0131k katan y\u00fcksek kaliteli bir mineral s\u00fcspansiyonu.\" \/>\n<meta name=\"robots\" content=\"index, follow, max-snippet:-1, max-image-preview:large, max-video-preview:-1\" \/>\n<link rel=\"canonical\" href=\"https:\/\/bimcointernational.com\/tr\/urun\/shada\/\" \/>\n<meta property=\"og:locale\" content=\"tr_TR\" \/>\n<meta property=\"og:type\" content=\"article\" \/>\n<meta property=\"og:title\" content=\"SHADA - Bimco International\" \/>\n<meta property=\"og:description\" content=\"SHADA: Artan verim ve iyile\u015ftirilmi\u015f mahsul dayan\u0131kl\u0131l\u0131\u011f\u0131 i\u00e7in, tar\u0131msal \u00fcr\u00fcnlere de\u011fer ve parlakl\u0131k katan y\u00fcksek kaliteli bir mineral s\u00fcspansiyonu.\" \/>\n<meta property=\"og:url\" content=\"https:\/\/bimcointernational.com\/tr\/urun\/shada\/\" \/>\n<meta property=\"og:site_name\" content=\"bimco international\" \/>\n<meta property=\"article:publisher\" content=\"https:\/\/www.facebook.com\/B9K9T\" \/>\n<meta property=\"article:modified_time\" content=\"2024-01-06T10:09:46+00:00\" \/>\n<meta property=\"og:image\" content=\"https:\/\/bimcointernational.com\/wp-content\/uploads\/2023\/11\/SHADA.png\" \/>\n\t<meta property=\"og:image:width\" content=\"706\" \/>\n\t<meta property=\"og:image:height\" content=\"710\" \/>\n\t<meta property=\"og:image:type\" content=\"image\/png\" \/>\n<meta name=\"twitter:card\" content=\"summary_large_image\" \/>\n<meta name=\"twitter:label1\" content=\"Tahmini okuma s\u00fcresi\" \/>\n\t<meta name=\"twitter:data1\" content=\"1 dakika\" \/>\n<script type=\"application\/ld+json\" class=\"yoast-schema-graph\">{\"@context\":\"https:\/\/schema.org\",\"@graph\":[{\"@type\":\"WebPage\",\"@id\":\"https:\/\/bimcointernational.com\/tr\/urun\/shada\/\",\"url\":\"https:\/\/bimcointernational.com\/tr\/urun\/shada\/\",\"name\":\"SHADA - Bimco International\",\"isPartOf\":{\"@id\":\"https:\/\/bimcointernational.com\/tr\/#website\"},\"primaryImageOfPage\":{\"@id\":\"https:\/\/bimcointernational.com\/tr\/urun\/shada\/#primaryimage\"},\"image\":{\"@id\":\"https:\/\/bimcointernational.com\/tr\/urun\/shada\/#primaryimage\"},\"thumbnailUrl\":\"https:\/\/bimcointernational.com\/wp-content\/uploads\/2023\/11\/SHADA.png\",\"datePublished\":\"2023-11-29T16:49:35+00:00\",\"dateModified\":\"2024-01-06T10:09:46+00:00\",\"description\":\"SHADA: Artan verim ve iyile\u015ftirilmi\u015f mahsul dayan\u0131kl\u0131l\u0131\u011f\u0131 i\u00e7in, tar\u0131msal \u00fcr\u00fcnlere de\u011fer ve parlakl\u0131k katan y\u00fcksek kaliteli bir mineral s\u00fcspansiyonu.\",\"breadcrumb\":{\"@id\":\"https:\/\/bimcointernational.com\/tr\/urun\/shada\/#breadcrumb\"},\"inLanguage\":\"tr\",\"potentialAction\":[{\"@type\":\"ReadAction\",\"target\":[\"https:\/\/bimcointernational.com\/tr\/urun\/shada\/\"]}]},{\"@type\":\"ImageObject\",\"inLanguage\":\"tr\",\"@id\":\"https:\/\/bimcointernational.com\/tr\/urun\/shada\/#primaryimage\",\"url\":\"https:\/\/bimcointernational.com\/wp-content\/uploads\/2023\/11\/SHADA.png\",\"contentUrl\":\"https:\/\/bimcointernational.com\/wp-content\/uploads\/2023\/11\/SHADA.png\",\"width\":706,\"height\":710,\"caption\":\"Bimko SHADA\"},{\"@type\":\"BreadcrumbList\",\"@id\":\"https:\/\/bimcointernational.com\/tr\/urun\/shada\/#breadcrumb\",\"itemListElement\":[{\"@type\":\"ListItem\",\"position\":1,\"name\":\"Home\",\"item\":\"https:\/\/bimcointernational.com\/tr\/\"},{\"@type\":\"ListItem\",\"position\":2,\"name\":\"\u00dcr\u00fcnlerimiz\",\"item\":\"https:\/\/bimcointernational.com\/tr\/urunlerimiz\/\"},{\"@type\":\"ListItem\",\"position\":3,\"name\":\"SHADA\"}]},{\"@type\":\"WebSite\",\"@id\":\"https:\/\/bimcointernational.com\/tr\/#website\",\"url\":\"https:\/\/bimcointernational.com\/tr\/\",\"name\":\"bimco international\",\"description\":\"\u0634\u0631\u0643\u0629 \u0628\u064a\u0645\u0643\u0648 \u0627\u0644\u0643\u064a\u0645\u064a\u0627\u0626\u064a\u0629 \u0644\u0635\u0646\u0627\u0639\u0629 \u0627\u0644\u0645\u0628\u064a\u062f\u0627\u062a \u0648\u0627\u0644\u0623\u0633\u0645\u062f\u0629 \u0639\u0627\u0644\u064a\u0629 \u0627\u0644\u062c\u0648\u062f\u0629 35 \u0639\u0627\u0645\u0627 \u0645\u0646 \u0627\u0644\u062e\u0628\u0631\u0629 \u0646\u0636\u0639\u0647\u0627 \u0628\u064a\u0646 \u0623\u064a\u062f\u064a\u0643\u0645\",\"publisher\":{\"@id\":\"https:\/\/bimcointernational.com\/tr\/#organization\"},\"potentialAction\":[{\"@type\":\"SearchAction\",\"target\":{\"@type\":\"EntryPoint\",\"urlTemplate\":\"https:\/\/bimcointernational.com\/tr\/?s={search_term_string}\"},\"query-input\":{\"@type\":\"PropertyValueSpecification\",\"valueRequired\":true,\"valueName\":\"search_term_string\"}}],\"inLanguage\":\"tr\"},{\"@type\":\"Organization\",\"@id\":\"https:\/\/bimcointernational.com\/tr\/#organization\",\"name\":\"bimco international\",\"url\":\"https:\/\/bimcointernational.com\/tr\/\",\"logo\":{\"@type\":\"ImageObject\",\"inLanguage\":\"tr\",\"@id\":\"https:\/\/bimcointernational.com\/tr\/#\/schema\/logo\/image\/\",\"url\":\"https:\/\/bimcointernational.com\/wp-content\/uploads\/2023\/03\/bimco-international.png\",\"contentUrl\":\"https:\/\/bimcointernational.com\/wp-content\/uploads\/2023\/03\/bimco-international.png\",\"width\":1000,\"height\":283,\"caption\":\"bimco international\"},\"image\":{\"@id\":\"https:\/\/bimcointernational.com\/tr\/#\/schema\/logo\/image\/\"},\"sameAs\":[\"https:\/\/www.facebook.com\/B9K9T\",\"https:\/\/www.instagram.com\/bimcokimya\/\"]}]}<\/script>\n<!-- \/ Yoast SEO plugin. -->","yoast_head_json":{"title":"SHADA - Bimco International","description":"SHADA: Artan verim ve iyile\u015ftirilmi\u015f mahsul dayan\u0131kl\u0131l\u0131\u011f\u0131 i\u00e7in, tar\u0131msal \u00fcr\u00fcnlere de\u011fer ve parlakl\u0131k katan y\u00fcksek kaliteli bir mineral s\u00fcspansiyonu.","robots":{"index":"index","follow":"follow","max-snippet":"max-snippet:-1","max-image-preview":"max-image-preview:large","max-video-preview":"max-video-preview:-1"},"canonical":"https:\/\/bimcointernational.com\/tr\/urun\/shada\/","og_locale":"tr_TR","og_type":"article","og_title":"SHADA - Bimco International","og_description":"SHADA: Artan verim ve iyile\u015ftirilmi\u015f mahsul dayan\u0131kl\u0131l\u0131\u011f\u0131 i\u00e7in, tar\u0131msal \u00fcr\u00fcnlere de\u011fer ve parlakl\u0131k katan y\u00fcksek kaliteli bir mineral s\u00fcspansiyonu.","og_url":"https:\/\/bimcointernational.com\/tr\/urun\/shada\/","og_site_name":"bimco international","article_publisher":"https:\/\/www.facebook.com\/B9K9T","article_modified_time":"2024-01-06T10:09:46+00:00","og_image":[{"width":706,"height":710,"url":"https:\/\/bimcointernational.com\/wp-content\/uploads\/2023\/11\/SHADA.png","type":"image\/png"}],"twitter_card":"summary_large_image","twitter_misc":{"Tahmini okuma s\u00fcresi":"1 dakika"},"schema":{"@context":"https:\/\/schema.org","@graph":[{"@type":"WebPage","@id":"https:\/\/bimcointernational.com\/tr\/urun\/shada\/","url":"https:\/\/bimcointernational.com\/tr\/urun\/shada\/","name":"SHADA - Bimco International","isPartOf":{"@id":"https:\/\/bimcointernational.com\/tr\/#website"},"primaryImageOfPage":{"@id":"https:\/\/bimcointernational.com\/tr\/urun\/shada\/#primaryimage"},"image":{"@id":"https:\/\/bimcointernational.com\/tr\/urun\/shada\/#primaryimage"},"thumbnailUrl":"https:\/\/bimcointernational.com\/wp-content\/uploads\/2023\/11\/SHADA.png","datePublished":"2023-11-29T16:49:35+00:00","dateModified":"2024-01-06T10:09:46+00:00","description":"SHADA: Artan verim ve iyile\u015ftirilmi\u015f mahsul dayan\u0131kl\u0131l\u0131\u011f\u0131 i\u00e7in, tar\u0131msal \u00fcr\u00fcnlere de\u011fer ve parlakl\u0131k katan y\u00fcksek kaliteli bir mineral s\u00fcspansiyonu.","breadcrumb":{"@id":"https:\/\/bimcointernational.com\/tr\/urun\/shada\/#breadcrumb"},"inLanguage":"tr","potentialAction":[{"@type":"ReadAction","target":["https:\/\/bimcointernational.com\/tr\/urun\/shada\/"]}]},{"@type":"ImageObject","inLanguage":"tr","@id":"https:\/\/bimcointernational.com\/tr\/urun\/shada\/#primaryimage","url":"https:\/\/bimcointernational.com\/wp-content\/uploads\/2023\/11\/SHADA.png","contentUrl":"https:\/\/bimcointernational.com\/wp-content\/uploads\/2023\/11\/SHADA.png","width":706,"height":710,"caption":"Bimko SHADA"},{"@type":"BreadcrumbList","@id":"https:\/\/bimcointernational.com\/tr\/urun\/shada\/#breadcrumb","itemListElement":[{"@type":"ListItem","position":1,"name":"Home","item":"https:\/\/bimcointernational.com\/tr\/"},{"@type":"ListItem","position":2,"name":"\u00dcr\u00fcnlerimiz","item":"https:\/\/bimcointernational.com\/tr\/urunlerimiz\/"},{"@type":"ListItem","position":3,"name":"SHADA"}]},{"@type":"WebSite","@id":"https:\/\/bimcointernational.com\/tr\/#website","url":"https:\/\/bimcointernational.com\/tr\/","name":"bimco international","description":"\u0634\u0631\u0643\u0629 \u0628\u064a\u0645\u0643\u0648 \u0627\u0644\u0643\u064a\u0645\u064a\u0627\u0626\u064a\u0629 \u0644\u0635\u0646\u0627\u0639\u0629 \u0627\u0644\u0645\u0628\u064a\u062f\u0627\u062a \u0648\u0627\u0644\u0623\u0633\u0645\u062f\u0629 \u0639\u0627\u0644\u064a\u0629 \u0627\u0644\u062c\u0648\u062f\u0629 35 \u0639\u0627\u0645\u0627 \u0645\u0646 \u0627\u0644\u062e\u0628\u0631\u0629 \u0646\u0636\u0639\u0647\u0627 \u0628\u064a\u0646 \u0623\u064a\u062f\u064a\u0643\u0645","publisher":{"@id":"https:\/\/bimcointernational.com\/tr\/#organization"},"potentialAction":[{"@type":"SearchAction","target":{"@type":"EntryPoint","urlTemplate":"https:\/\/bimcointernational.com\/tr\/?s={search_term_string}"},"query-input":{"@type":"PropertyValueSpecification","valueRequired":true,"valueName":"search_term_string"}}],"inLanguage":"tr"},{"@type":"Organization","@id":"https:\/\/bimcointernational.com\/tr\/#organization","name":"bimco international","url":"https:\/\/bimcointernational.com\/tr\/","logo":{"@type":"ImageObject","inLanguage":"tr","@id":"https:\/\/bimcointernational.com\/tr\/#\/schema\/logo\/image\/","url":"https:\/\/bimcointernational.com\/wp-content\/uploads\/2023\/03\/bimco-international.png","contentUrl":"https:\/\/bimcointernational.com\/wp-content\/uploads\/2023\/03\/bimco-international.png","width":1000,"height":283,"caption":"bimco international"},"image":{"@id":"https:\/\/bimcointernational.com\/tr\/#\/schema\/logo\/image\/"},"sameAs":["https:\/\/www.facebook.com\/B9K9T","https:\/\/www.instagram.com\/bimcokimya\/"]}]}},"jetpack_sharing_enabled":true,"_links":{"self":[{"href":"https:\/\/bimcointernational.com\/tr\/wp-json\/wp\/v2\/product\/4271","targetHints":{"allow":["GET"]}}],"collection":[{"href":"https:\/\/bimcointernational.com\/tr\/wp-json\/wp\/v2\/product"}],"about":[{"href":"https:\/\/bimcointernational.com\/tr\/wp-json\/wp\/v2\/types\/product"}],"replies":[{"embeddable":true,"href":"https:\/\/bimcointernational.com\/tr\/wp-json\/wp\/v2\/comments?post=4271"}],"wp:featuredmedia":[{"embeddable":true,"href":"https:\/\/bimcointernational.com\/tr\/wp-json\/wp\/v2\/media\/4269"}],"wp:attachment":[{"href":"https:\/\/bimcointernational.com\/tr\/wp-json\/wp\/v2\/media?parent=4271"}],"wp:term":[{"taxonomy":"product_brand","embeddable":true,"href":"https:\/\/bimcointernational.com\/tr\/wp-json\/wp\/v2\/product_brand?post=4271"},{"taxonomy":"product_cat","embeddable":true,"href":"https:\/\/bimcointernational.com\/tr\/wp-json\/wp\/v2\/product_cat?post=4271"},{"taxonomy":"product_tag","embeddable":true,"href":"https:\/\/bimcointernational.com\/tr\/wp-json\/wp\/v2\/product_tag?post=4271"}],"curies":[{"name":"wp","href":"https:\/\/api.w.org\/{rel}","templated":true}]}}