{"id":3644,"date":"2023-04-05T03:38:57","date_gmt":"2023-04-05T03:38:57","guid":{"rendered":"https:\/\/bimcointernational.com\/product\/amino-forte\/"},"modified":"2023-10-02T14:16:09","modified_gmt":"2023-10-02T14:16:09","slug":"amino-forte","status":"publish","type":"product","link":"https:\/\/bimcointernational.com\/tr\/urun\/amino-forte\/","title":{"rendered":"Amino Forte"},"content":{"rendered":"<p>Bimco International&#8217;dan <strong>Amino Forte<\/strong>&#8216;un G\u00fcc\u00fcn\u00fc Ke\u015ffedin &#8211; Deniz Yosunu ve Serbest Amino Asitlerle Zenginle\u015ftirilmi\u015f En \u0130yi S\u0131v\u0131 G\u00fcbre<\/p>\n<p>Bimco International&#8217;\u0131n birinci s\u0131n\u0131f organik g\u00fcbresi <strong>AMINOFORTE<\/strong> ile bitkilerinizin potansiyelini ortaya \u00e7\u0131kar\u0131n. Bu bitki bazl\u0131 g\u00fcbre, deniz yosunu ve serbest amino asitlerin zenginli\u011fini birle\u015ftirerek \u00fcr\u00fcnleriniz i\u00e7in hayati \u00f6zellikler ve \u00e7ok say\u0131da fayda sunar.<\/p>\n<p><strong>AMINO FORTE&#8217;<\/strong>nin Temel \u00d6zellikleri:<\/p>\n<ul>\n<li>Organik Azot Takviyesi: AMINOFORTE, deniz yosunu ve serbest amino asitler a\u00e7\u0131s\u0131ndan zengin, amino asitlerden elde edilen organik azotu sa\u011flayan bitki bazl\u0131 bir g\u00fcbredir.Geli\u015ftirilmi\u015f B\u00fcy\u00fcme: Deniz yosunundan elde edilen mikro elementler, oksinler ve sitokinlerle zenginle\u015ftirilmi\u015f olup, g\u00fc\u00e7l\u00fc bitkisel ve k\u00f6k b\u00fcy\u00fcmesini te\u015fvik eder.<\/li>\n<li>\u00c7i\u00e7eklenme ve Budak Olu\u015fumunu Artt\u0131r\u0131r: Bu g\u00fcbre \u00e7i\u00e7eklenme ve budaklanma y\u00fczdesini y\u00fckseltirken meyve d\u00f6k\u00fcm\u00fcn\u00fc azalt\u0131r, daha sa\u011fl\u0131kl\u0131 ve bol verim sa\u011flar.<\/li>\n<li>Verimli Besin Emilimi: AMINOFORTE kolayca emilir, metabolize edilir ve bitki ta\u015f\u0131ma damarlar\u0131 yoluyla ta\u015f\u0131n\u0131r, karbonhidrat ve protein sentezi i\u00e7in gerekli elementleri sa\u011flar, b\u00f6ylece daha b\u00fcy\u00fck ve daha canl\u0131 meyveler elde edilir.<\/li>\n<li>Do\u011fal Denge Restorasyonu: Bitkilerin do\u011fal dengesini yeniden sa\u011flayarak \u0131s\u0131ya, toza ve radyasyon stresine kar\u015f\u0131 koruma sa\u011flayarak genel bitki sa\u011fl\u0131\u011f\u0131n\u0131 ve dayan\u0131kl\u0131l\u0131\u011f\u0131n\u0131 art\u0131r\u0131r.<\/li>\n<li>Art\u0131r\u0131lm\u0131\u015f Pestisit Etkinli\u011fi: AMINOFORTE bitkileri g\u00fc\u00e7lendirerek onlar\u0131 zararl\u0131lara, hastal\u0131klara ve sert hava ko\u015fullar\u0131na kar\u015f\u0131 daha dayan\u0131kl\u0131 hale getirirken pestisitlerin etkinli\u011fini de artt\u0131r\u0131r.<\/li>\n<li>\u00dcst\u00fcn Lezzet ve Besin De\u011feri: Mahsullerinizin zararl\u0131lara ve hastal\u0131klara kar\u015f\u0131 savunma mekanizmalar\u0131n\u0131 etkinle\u015ftirin, lezzeti, rengi ve tad\u0131 geli\u015ftirin ve hasad\u0131n\u0131z\u0131n vitamin ve mineral i\u00e7eri\u011fini y\u00fckseltin.<\/li>\n<\/ul>\n<p>Bitkilerinizi tam potansiyellerine do\u011fru beslemek i\u00e7in s\u0131v\u0131 g\u00fcbreniz olarak Bimco International&#8217;\u0131n AMINO FORTE&#8217;unu se\u00e7in. Tar\u0131msal ihtiya\u00e7lar\u0131n\u0131z i\u00e7in en iyi s\u0131v\u0131 g\u00fcbreyi sunma konusundaki uzmanl\u0131\u011f\u0131m\u0131za ve kararl\u0131l\u0131\u011f\u0131m\u0131za g\u00fcvenin.<\/p>\n<p><span style=\"color: #99cc00;\">Kimyasal Analizi L\/G:<\/span><\/p>\n<table>\n<tbody>\n<tr>\n<td>Toplam organik madde<\/td>\n<td><span style=\"font-weight: 400;\">65%<\/span><\/td>\n<\/tr>\n<tr>\n<td>Deniz yosunu:<\/td>\n<td><span style=\"font-weight: 400;\">3,90%<\/span><\/td>\n<\/tr>\n<tr>\n<td>Aljinik asit:<\/td>\n<td><span style=\"font-weight: 400;\">1,30%<\/span><\/td>\n<\/tr>\n<tr>\n<td>Toplam amino asitler:<\/td>\n<td><span style=\"font-weight: 400;\">13-20%<\/span><\/td>\n<\/tr>\n<tr>\n<td>Serbest amino asitler:<\/td>\n<td><span style=\"font-weight: 400;\">5,30%<\/span><\/td>\n<\/tr>\n<tr>\n<td>H\u00fcmik ve F\u00fclvik Asit:<\/td>\n<td><span style=\"font-weight: 400;\">2.6%<\/span><\/td>\n<\/tr>\n<tr>\n<td>Organik nitrojen:<\/td>\n<td><span style=\"font-weight: 400;\">3.5 %<\/span><\/td>\n<\/tr>\n<tr>\n<td>\u0130ki azotlu metal:<\/td>\n<td><span style=\"font-weight: 400;\">6%<\/span><\/td>\n<\/tr>\n<tr>\n<td>Potasyum:<\/td>\n<td><span style=\"font-weight: 400;\">5,20%<\/span><\/td>\n<\/tr>\n<tr>\n<td>Fosfor:<\/td>\n<td><span style=\"font-weight: 400;\">1,30%<\/span><\/td>\n<\/tr>\n<\/tbody>\n<\/table>\n<p><span style=\"color: #8dc63f;\"><strong><span class=\"markedContent\"><span dir=\"rtl\" role=\"presentation\">Kullan\u0131m Oran\u0131<\/span><\/span><\/strong><\/span><\/p>\n<table>\n<tbody>\n<tr>\n<td><span style=\"font-weight: 400;\">Bitki<\/span><\/td>\n<td>D\u00f6n\u00fcm ba\u015f\u0131na su \/ kg g \/ 100 su i\u00e7in<\/td>\n<td><span style=\"font-weight: 400;\">Su<\/span><\/td>\n<\/tr>\n<tr>\n<td>Meyve<\/td>\n<td><span style=\"font-weight: 400;\">150-100<\/span><\/td>\n<td><span style=\"font-weight: 400;\">0.50-0.25<\/span><\/td>\n<\/tr>\n<tr>\n<td>saks\u0131, \u00fcz\u00fcm ve \u00e7ilek<\/td>\n<td><span style=\"font-weight: 400;\">125-100<\/span><\/td>\n<td><span style=\"font-weight: 400;\">0.35-0.15<\/span><\/td>\n<\/tr>\n<tr>\n<td>Fideler, sebzeler ve rit\u00fcel \u00e7i\u00e7ekler<\/td>\n<td><span style=\"font-weight: 400;\">100-50<\/span><\/td>\n<td><span style=\"font-weight: 400;\">0.50-0.25<\/span><\/td>\n<\/tr>\n<tr>\n<td>Sanayi<\/td>\n<td><span style=\"font-weight: 400;\">150-125<\/span><\/td>\n<td><span style=\"font-weight: 400;\">0.65-0.35<\/span><\/td>\n<\/tr>\n<tr>\n<td>Tarla bitkileri<\/td>\n<td><span style=\"font-weight: 400;\">100-75<\/span><\/td>\n<td><span style=\"font-weight: 400;\">0.50-0.25<\/span><\/td>\n<\/tr>\n<\/tbody>\n<\/table>\n","protected":false},"excerpt":{"rendered":"<p>En iyi kredi, en iyi kredi kart\u0131 ve \u00f6deme y\u00f6ntemidir.<\/p>\n","protected":false},"featured_media":4764,"comment_status":"closed","ping_status":"closed","template":"","meta":{"_eb_attr":"","site-sidebar-layout":"default","site-content-layout":"default","ast-site-content-layout":"default","site-content-style":"default","site-sidebar-style":"default","ast-global-header-display":"","ast-banner-title-visibility":"","ast-main-header-display":"","ast-hfb-above-header-display":"","ast-hfb-below-header-display":"","ast-hfb-mobile-header-display":"","site-post-title":"","ast-breadcrumbs-content":"","ast-featured-img":"","footer-sml-layout":"","ast-disable-related-posts":"","theme-transparent-header-meta":"default","adv-header-id-meta":"","stick-header-meta":"","header-above-stick-meta":"","header-main-stick-meta":"","header-below-stick-meta":"","astra-migrate-meta-layouts":"set","ast-page-background-enabled":"default","ast-page-background-meta":{"desktop":{"background-color":"var(--ast-global-color-4)","background-image":"","background-repeat":"repeat","background-position":"center center","background-size":"auto","background-attachment":"scroll","background-type":"","background-media":"","overlay-type":"","overlay-color":"","overlay-opacity":"","overlay-gradient":""},"tablet":{"background-color":"","background-image":"","background-repeat":"repeat","background-position":"center center","background-size":"auto","background-attachment":"scroll","background-type":"","background-media":"","overlay-type":"","overlay-color":"","overlay-opacity":"","overlay-gradient":""},"mobile":{"background-color":"","background-image":"","background-repeat":"repeat","background-position":"center center","background-size":"auto","background-attachment":"scroll","background-type":"","background-media":"","overlay-type":"","overlay-color":"","overlay-opacity":"","overlay-gradient":""}},"ast-content-background-meta":{"desktop":{"background-color":"var(--ast-global-color-5)","background-image":"","background-repeat":"repeat","background-position":"center center","background-size":"auto","background-attachment":"scroll","background-type":"","background-media":"","overlay-type":"","overlay-color":"","overlay-opacity":"","overlay-gradient":""},"tablet":{"background-color":"var(--ast-global-color-5)","background-image":"","background-repeat":"repeat","background-position":"center center","background-size":"auto","background-attachment":"scroll","background-type":"","background-media":"","overlay-type":"","overlay-color":"","overlay-opacity":"","overlay-gradient":""},"mobile":{"background-color":"var(--ast-global-color-5)","background-image":"","background-repeat":"repeat","background-position":"center center","background-size":"auto","background-attachment":"scroll","background-type":"","background-media":"","overlay-type":"","overlay-color":"","overlay-opacity":"","overlay-gradient":""}},"_joinchat":[]},"product_brand":[],"product_cat":[80],"product_tag":[],"class_list":{"0":"post-3644","1":"product","2":"type-product","3":"status-publish","4":"has-post-thumbnail","6":"product_cat-sivi-gubre","7":"desktop-align-left","8":"tablet-align-left","9":"mobile-align-left","11":"first","12":"instock","13":"shipping-taxable","14":"product-type-simple"},"yoast_head":"<!-- This site is optimized with the Yoast SEO plugin v27.1.1 - https:\/\/yoast.com\/product\/yoast-seo-wordpress\/ -->\n<title>AMINO FORTE - Bimco International<\/title>\n<meta name=\"description\" content=\"Bimco International&#039;dan AMINO FORTE: Deniz Yosunu ile Zenginle\u015ftirilmi\u015f Organik G\u00fcbre ile Bitki Potansiyelini Ortaya \u00c7\u0131kar\u0131n.\" \/>\n<meta name=\"robots\" content=\"index, follow, max-snippet:-1, max-image-preview:large, max-video-preview:-1\" \/>\n<link rel=\"canonical\" href=\"https:\/\/bimcointernational.com\/tr\/urun\/amino-forte\/\" \/>\n<meta property=\"og:locale\" content=\"tr_TR\" \/>\n<meta property=\"og:type\" content=\"article\" \/>\n<meta property=\"og:title\" content=\"AMINO FORTE - Bimco International\" \/>\n<meta property=\"og:description\" content=\"Bimco International&#039;dan AMINO FORTE: Deniz Yosunu ile Zenginle\u015ftirilmi\u015f Organik G\u00fcbre ile Bitki Potansiyelini Ortaya \u00c7\u0131kar\u0131n.\" \/>\n<meta property=\"og:url\" content=\"https:\/\/bimcointernational.com\/tr\/urun\/amino-forte\/\" \/>\n<meta property=\"og:site_name\" content=\"bimco international\" \/>\n<meta property=\"article:publisher\" content=\"https:\/\/www.facebook.com\/B9K9T\" \/>\n<meta property=\"article:modified_time\" content=\"2023-10-02T14:16:09+00:00\" \/>\n<meta property=\"og:image\" content=\"https:\/\/bimcointernational.com\/wp-content\/uploads\/2023\/04\/2343.png\" \/>\n\t<meta property=\"og:image:width\" content=\"650\" \/>\n\t<meta property=\"og:image:height\" content=\"629\" \/>\n\t<meta property=\"og:image:type\" content=\"image\/png\" \/>\n<meta name=\"twitter:card\" content=\"summary_large_image\" \/>\n<meta name=\"twitter:label1\" content=\"Tahmini okuma s\u00fcresi\" \/>\n\t<meta name=\"twitter:data1\" content=\"2 dakika\" \/>\n<script type=\"application\/ld+json\" class=\"yoast-schema-graph\">{\"@context\":\"https:\/\/schema.org\",\"@graph\":[{\"@type\":\"WebPage\",\"@id\":\"https:\/\/bimcointernational.com\/tr\/urun\/amino-forte\/\",\"url\":\"https:\/\/bimcointernational.com\/tr\/urun\/amino-forte\/\",\"name\":\"AMINO FORTE - Bimco International\",\"isPartOf\":{\"@id\":\"https:\/\/bimcointernational.com\/tr\/#website\"},\"primaryImageOfPage\":{\"@id\":\"https:\/\/bimcointernational.com\/tr\/urun\/amino-forte\/#primaryimage\"},\"image\":{\"@id\":\"https:\/\/bimcointernational.com\/tr\/urun\/amino-forte\/#primaryimage\"},\"thumbnailUrl\":\"https:\/\/bimcointernational.com\/wp-content\/uploads\/2023\/04\/2343.png\",\"datePublished\":\"2023-04-05T03:38:57+00:00\",\"dateModified\":\"2023-10-02T14:16:09+00:00\",\"description\":\"Bimco International'dan AMINO FORTE: Deniz Yosunu ile Zenginle\u015ftirilmi\u015f Organik G\u00fcbre ile Bitki Potansiyelini Ortaya \u00c7\u0131kar\u0131n.\",\"breadcrumb\":{\"@id\":\"https:\/\/bimcointernational.com\/tr\/urun\/amino-forte\/#breadcrumb\"},\"inLanguage\":\"tr\",\"potentialAction\":[{\"@type\":\"ReadAction\",\"target\":[\"https:\/\/bimcointernational.com\/tr\/urun\/amino-forte\/\"]}]},{\"@type\":\"ImageObject\",\"inLanguage\":\"tr\",\"@id\":\"https:\/\/bimcointernational.com\/tr\/urun\/amino-forte\/#primaryimage\",\"url\":\"https:\/\/bimcointernational.com\/wp-content\/uploads\/2023\/04\/2343.png\",\"contentUrl\":\"https:\/\/bimcointernational.com\/wp-content\/uploads\/2023\/04\/2343.png\",\"width\":650,\"height\":629},{\"@type\":\"BreadcrumbList\",\"@id\":\"https:\/\/bimcointernational.com\/tr\/urun\/amino-forte\/#breadcrumb\",\"itemListElement\":[{\"@type\":\"ListItem\",\"position\":1,\"name\":\"Home\",\"item\":\"https:\/\/bimcointernational.com\/tr\/\"},{\"@type\":\"ListItem\",\"position\":2,\"name\":\"\u00dcr\u00fcnlerimiz\",\"item\":\"https:\/\/bimcointernational.com\/tr\/urunlerimiz\/\"},{\"@type\":\"ListItem\",\"position\":3,\"name\":\"Amino Forte\"}]},{\"@type\":\"WebSite\",\"@id\":\"https:\/\/bimcointernational.com\/tr\/#website\",\"url\":\"https:\/\/bimcointernational.com\/tr\/\",\"name\":\"bimco international\",\"description\":\"\u0634\u0631\u0643\u0629 \u0628\u064a\u0645\u0643\u0648 \u0627\u0644\u0643\u064a\u0645\u064a\u0627\u0626\u064a\u0629 \u0644\u0635\u0646\u0627\u0639\u0629 \u0627\u0644\u0645\u0628\u064a\u062f\u0627\u062a \u0648\u0627\u0644\u0623\u0633\u0645\u062f\u0629 \u0639\u0627\u0644\u064a\u0629 \u0627\u0644\u062c\u0648\u062f\u0629 35 \u0639\u0627\u0645\u0627 \u0645\u0646 \u0627\u0644\u062e\u0628\u0631\u0629 \u0646\u0636\u0639\u0647\u0627 \u0628\u064a\u0646 \u0623\u064a\u062f\u064a\u0643\u0645\",\"publisher\":{\"@id\":\"https:\/\/bimcointernational.com\/tr\/#organization\"},\"potentialAction\":[{\"@type\":\"SearchAction\",\"target\":{\"@type\":\"EntryPoint\",\"urlTemplate\":\"https:\/\/bimcointernational.com\/tr\/?s={search_term_string}\"},\"query-input\":{\"@type\":\"PropertyValueSpecification\",\"valueRequired\":true,\"valueName\":\"search_term_string\"}}],\"inLanguage\":\"tr\"},{\"@type\":\"Organization\",\"@id\":\"https:\/\/bimcointernational.com\/tr\/#organization\",\"name\":\"bimco international\",\"url\":\"https:\/\/bimcointernational.com\/tr\/\",\"logo\":{\"@type\":\"ImageObject\",\"inLanguage\":\"tr\",\"@id\":\"https:\/\/bimcointernational.com\/tr\/#\/schema\/logo\/image\/\",\"url\":\"https:\/\/bimcointernational.com\/wp-content\/uploads\/2023\/03\/bimco-international.png\",\"contentUrl\":\"https:\/\/bimcointernational.com\/wp-content\/uploads\/2023\/03\/bimco-international.png\",\"width\":1000,\"height\":283,\"caption\":\"bimco international\"},\"image\":{\"@id\":\"https:\/\/bimcointernational.com\/tr\/#\/schema\/logo\/image\/\"},\"sameAs\":[\"https:\/\/www.facebook.com\/B9K9T\",\"https:\/\/www.instagram.com\/bimcokimya\/\"]}]}<\/script>\n<!-- \/ Yoast SEO plugin. -->","yoast_head_json":{"title":"AMINO FORTE - Bimco International","description":"Bimco International'dan AMINO FORTE: Deniz Yosunu ile Zenginle\u015ftirilmi\u015f Organik G\u00fcbre ile Bitki Potansiyelini Ortaya \u00c7\u0131kar\u0131n.","robots":{"index":"index","follow":"follow","max-snippet":"max-snippet:-1","max-image-preview":"max-image-preview:large","max-video-preview":"max-video-preview:-1"},"canonical":"https:\/\/bimcointernational.com\/tr\/urun\/amino-forte\/","og_locale":"tr_TR","og_type":"article","og_title":"AMINO FORTE - Bimco International","og_description":"Bimco International'dan AMINO FORTE: Deniz Yosunu ile Zenginle\u015ftirilmi\u015f Organik G\u00fcbre ile Bitki Potansiyelini Ortaya \u00c7\u0131kar\u0131n.","og_url":"https:\/\/bimcointernational.com\/tr\/urun\/amino-forte\/","og_site_name":"bimco international","article_publisher":"https:\/\/www.facebook.com\/B9K9T","article_modified_time":"2023-10-02T14:16:09+00:00","og_image":[{"width":650,"height":629,"url":"https:\/\/bimcointernational.com\/wp-content\/uploads\/2023\/04\/2343.png","type":"image\/png"}],"twitter_card":"summary_large_image","twitter_misc":{"Tahmini okuma s\u00fcresi":"2 dakika"},"schema":{"@context":"https:\/\/schema.org","@graph":[{"@type":"WebPage","@id":"https:\/\/bimcointernational.com\/tr\/urun\/amino-forte\/","url":"https:\/\/bimcointernational.com\/tr\/urun\/amino-forte\/","name":"AMINO FORTE - Bimco International","isPartOf":{"@id":"https:\/\/bimcointernational.com\/tr\/#website"},"primaryImageOfPage":{"@id":"https:\/\/bimcointernational.com\/tr\/urun\/amino-forte\/#primaryimage"},"image":{"@id":"https:\/\/bimcointernational.com\/tr\/urun\/amino-forte\/#primaryimage"},"thumbnailUrl":"https:\/\/bimcointernational.com\/wp-content\/uploads\/2023\/04\/2343.png","datePublished":"2023-04-05T03:38:57+00:00","dateModified":"2023-10-02T14:16:09+00:00","description":"Bimco International'dan AMINO FORTE: Deniz Yosunu ile Zenginle\u015ftirilmi\u015f Organik G\u00fcbre ile Bitki Potansiyelini Ortaya \u00c7\u0131kar\u0131n.","breadcrumb":{"@id":"https:\/\/bimcointernational.com\/tr\/urun\/amino-forte\/#breadcrumb"},"inLanguage":"tr","potentialAction":[{"@type":"ReadAction","target":["https:\/\/bimcointernational.com\/tr\/urun\/amino-forte\/"]}]},{"@type":"ImageObject","inLanguage":"tr","@id":"https:\/\/bimcointernational.com\/tr\/urun\/amino-forte\/#primaryimage","url":"https:\/\/bimcointernational.com\/wp-content\/uploads\/2023\/04\/2343.png","contentUrl":"https:\/\/bimcointernational.com\/wp-content\/uploads\/2023\/04\/2343.png","width":650,"height":629},{"@type":"BreadcrumbList","@id":"https:\/\/bimcointernational.com\/tr\/urun\/amino-forte\/#breadcrumb","itemListElement":[{"@type":"ListItem","position":1,"name":"Home","item":"https:\/\/bimcointernational.com\/tr\/"},{"@type":"ListItem","position":2,"name":"\u00dcr\u00fcnlerimiz","item":"https:\/\/bimcointernational.com\/tr\/urunlerimiz\/"},{"@type":"ListItem","position":3,"name":"Amino Forte"}]},{"@type":"WebSite","@id":"https:\/\/bimcointernational.com\/tr\/#website","url":"https:\/\/bimcointernational.com\/tr\/","name":"bimco international","description":"\u0634\u0631\u0643\u0629 \u0628\u064a\u0645\u0643\u0648 \u0627\u0644\u0643\u064a\u0645\u064a\u0627\u0626\u064a\u0629 \u0644\u0635\u0646\u0627\u0639\u0629 \u0627\u0644\u0645\u0628\u064a\u062f\u0627\u062a \u0648\u0627\u0644\u0623\u0633\u0645\u062f\u0629 \u0639\u0627\u0644\u064a\u0629 \u0627\u0644\u062c\u0648\u062f\u0629 35 \u0639\u0627\u0645\u0627 \u0645\u0646 \u0627\u0644\u062e\u0628\u0631\u0629 \u0646\u0636\u0639\u0647\u0627 \u0628\u064a\u0646 \u0623\u064a\u062f\u064a\u0643\u0645","publisher":{"@id":"https:\/\/bimcointernational.com\/tr\/#organization"},"potentialAction":[{"@type":"SearchAction","target":{"@type":"EntryPoint","urlTemplate":"https:\/\/bimcointernational.com\/tr\/?s={search_term_string}"},"query-input":{"@type":"PropertyValueSpecification","valueRequired":true,"valueName":"search_term_string"}}],"inLanguage":"tr"},{"@type":"Organization","@id":"https:\/\/bimcointernational.com\/tr\/#organization","name":"bimco international","url":"https:\/\/bimcointernational.com\/tr\/","logo":{"@type":"ImageObject","inLanguage":"tr","@id":"https:\/\/bimcointernational.com\/tr\/#\/schema\/logo\/image\/","url":"https:\/\/bimcointernational.com\/wp-content\/uploads\/2023\/03\/bimco-international.png","contentUrl":"https:\/\/bimcointernational.com\/wp-content\/uploads\/2023\/03\/bimco-international.png","width":1000,"height":283,"caption":"bimco international"},"image":{"@id":"https:\/\/bimcointernational.com\/tr\/#\/schema\/logo\/image\/"},"sameAs":["https:\/\/www.facebook.com\/B9K9T","https:\/\/www.instagram.com\/bimcokimya\/"]}]}},"jetpack_sharing_enabled":true,"_links":{"self":[{"href":"https:\/\/bimcointernational.com\/tr\/wp-json\/wp\/v2\/product\/3644","targetHints":{"allow":["GET"]}}],"collection":[{"href":"https:\/\/bimcointernational.com\/tr\/wp-json\/wp\/v2\/product"}],"about":[{"href":"https:\/\/bimcointernational.com\/tr\/wp-json\/wp\/v2\/types\/product"}],"replies":[{"embeddable":true,"href":"https:\/\/bimcointernational.com\/tr\/wp-json\/wp\/v2\/comments?post=3644"}],"wp:featuredmedia":[{"embeddable":true,"href":"https:\/\/bimcointernational.com\/tr\/wp-json\/wp\/v2\/media\/4764"}],"wp:attachment":[{"href":"https:\/\/bimcointernational.com\/tr\/wp-json\/wp\/v2\/media?parent=3644"}],"wp:term":[{"taxonomy":"product_brand","embeddable":true,"href":"https:\/\/bimcointernational.com\/tr\/wp-json\/wp\/v2\/product_brand?post=3644"},{"taxonomy":"product_cat","embeddable":true,"href":"https:\/\/bimcointernational.com\/tr\/wp-json\/wp\/v2\/product_cat?post=3644"},{"taxonomy":"product_tag","embeddable":true,"href":"https:\/\/bimcointernational.com\/tr\/wp-json\/wp\/v2\/product_tag?post=3644"}],"curies":[{"name":"wp","href":"https:\/\/api.w.org\/{rel}","templated":true}]}}