{"id":3643,"date":"2023-04-05T03:11:41","date_gmt":"2023-04-05T03:11:41","guid":{"rendered":"https:\/\/bimcointernational.com\/product\/amino-citrate-930se\/"},"modified":"2023-10-02T14:34:52","modified_gmt":"2023-10-02T14:34:52","slug":"amino-citrate-930se","status":"publish","type":"product","link":"https:\/\/bimcointernational.com\/tr\/urun\/amino-citrate-930se\/","title":{"rendered":"AMINO CITRATE 930SE"},"content":{"rendered":"<p><span style=\"color: #99cc00;\">Serbest amino asitlere sahip ve mikro elementlerle g\u00fc\u00e7lendirilmi\u015f potasyum sitrat<\/span><br \/>\nRenklendirmek, parlatmak ve parlatmak i\u00e7in h\u0131zl\u0131 emilen, organik, yaban hayat\u0131 dostu bir kompleks. Hormonsuz<\/p>\n<hr \/>\n<p><strong><span style=\"color: #99cc00;\">Hayati \u00f6zellikler:<\/span><\/strong><br \/>\nH\u0131zl\u0131 emilen organik potasyum konsantresi; Yumrular\u0131n, so\u011fanlar\u0131n, kuruyemi\u015flerin ve meyvelerin boyutunu h\u0131zla iyile\u015ftirmek i\u00e7in kullan\u0131l\u0131r.<br \/>\nBitkinin k\u0131sa s\u00fcrede m\u00fckemmel boyut, renk ve tat elde etmesi i\u00e7in gerekli besinleri sa\u011flar.<br \/>\ni\u015flenmi\u015f \u00fcr\u00fcnlerde \u00e7atlama ve d\u00fczensiz boyut olgusunu azalt\u0131rken.<\/p>\n<p><strong><span style=\"color: #99cc00;\">Kullan\u0131m oran\u0131:<\/span><\/strong><br \/>\nT\u00fcm bitkilerde ve her iki a\u00e7\u0131k veya kapal\u0131 ekim t\u00fcr\u00fcnde, 100 litreye 100-250 g oran\u0131nda yapraklara p\u00fcsk\u00fcrt\u00fclerek kullan\u0131l\u0131r. Su, bitkinin her yerine genel ve yo\u011fun ila\u00e7lama dikkate al\u0131narak, d\u00f6n\u00fcm ba\u015f\u0131na 150-250 gram oran\u0131nda sulan\u0131r ve bitkinin ihtiyac\u0131na g\u00f6re kullan\u0131m tekrarlanabilir.<\/p>\n<p>&nbsp;<\/p>\n<div id=\"gtx-trans\" style=\"position: absolute; left: 1193px; top: 292.844px;\">\n<div class=\"gtx-trans-icon\"><\/div>\n<\/div>\n","protected":false},"excerpt":{"rendered":"<p dir=\"ltr\">88 % POTASSIUM CITRAT +5 % AMINO ACIDS +TE<\/p>\n","protected":false},"featured_media":4771,"comment_status":"closed","ping_status":"closed","template":"","meta":{"_eb_attr":"","site-sidebar-layout":"default","site-content-layout":"default","ast-site-content-layout":"default","site-content-style":"default","site-sidebar-style":"default","ast-global-header-display":"","ast-banner-title-visibility":"","ast-main-header-display":"","ast-hfb-above-header-display":"","ast-hfb-below-header-display":"","ast-hfb-mobile-header-display":"","site-post-title":"","ast-breadcrumbs-content":"","ast-featured-img":"","footer-sml-layout":"","ast-disable-related-posts":"","theme-transparent-header-meta":"default","adv-header-id-meta":"","stick-header-meta":"","header-above-stick-meta":"","header-main-stick-meta":"","header-below-stick-meta":"","astra-migrate-meta-layouts":"set","ast-page-background-enabled":"default","ast-page-background-meta":{"desktop":{"background-color":"var(--ast-global-color-4)","background-image":"","background-repeat":"repeat","background-position":"center center","background-size":"auto","background-attachment":"scroll","background-type":"","background-media":"","overlay-type":"","overlay-color":"","overlay-opacity":"","overlay-gradient":""},"tablet":{"background-color":"","background-image":"","background-repeat":"repeat","background-position":"center center","background-size":"auto","background-attachment":"scroll","background-type":"","background-media":"","overlay-type":"","overlay-color":"","overlay-opacity":"","overlay-gradient":""},"mobile":{"background-color":"","background-image":"","background-repeat":"repeat","background-position":"center center","background-size":"auto","background-attachment":"scroll","background-type":"","background-media":"","overlay-type":"","overlay-color":"","overlay-opacity":"","overlay-gradient":""}},"ast-content-background-meta":{"desktop":{"background-color":"var(--ast-global-color-5)","background-image":"","background-repeat":"repeat","background-position":"center center","background-size":"auto","background-attachment":"scroll","background-type":"","background-media":"","overlay-type":"","overlay-color":"","overlay-opacity":"","overlay-gradient":""},"tablet":{"background-color":"var(--ast-global-color-5)","background-image":"","background-repeat":"repeat","background-position":"center center","background-size":"auto","background-attachment":"scroll","background-type":"","background-media":"","overlay-type":"","overlay-color":"","overlay-opacity":"","overlay-gradient":""},"mobile":{"background-color":"var(--ast-global-color-5)","background-image":"","background-repeat":"repeat","background-position":"center center","background-size":"auto","background-attachment":"scroll","background-type":"","background-media":"","overlay-type":"","overlay-color":"","overlay-opacity":"","overlay-gradient":""}},"_joinchat":[]},"product_brand":[],"product_cat":[80],"product_tag":[],"class_list":{"0":"post-3643","1":"product","2":"type-product","3":"status-publish","4":"has-post-thumbnail","6":"product_cat-sivi-gubre","7":"desktop-align-left","8":"tablet-align-left","9":"mobile-align-left","11":"first","12":"instock","13":"shipping-taxable","14":"product-type-simple"},"yoast_head":"<!-- This site is optimized with the Yoast SEO plugin v27.4 - https:\/\/yoast.com\/product\/yoast-seo-wordpress\/ -->\n<title>AMINO CITRATE 930SE - Bimco International<\/title>\n<meta name=\"description\" content=\"AMINO CITRATE 930SE by Bimco International - Potasyum Sitrat ve Amino Asitlerle En \u0130yi S\u0131v\u0131 G\u00fcbre. Bitkilerinizin B\u00fcy\u00fcmesini ve Renklerini Art\u0131r\u0131n!\" \/>\n<meta name=\"robots\" content=\"index, follow, max-snippet:-1, max-image-preview:large, max-video-preview:-1\" \/>\n<link rel=\"canonical\" href=\"https:\/\/bimcointernational.com\/tr\/urun\/amino-citrate-930se\/\" \/>\n<meta property=\"og:locale\" content=\"tr_TR\" \/>\n<meta property=\"og:type\" content=\"article\" \/>\n<meta property=\"og:title\" content=\"AMINO CITRATE 930SE - Bimco International\" \/>\n<meta property=\"og:description\" content=\"AMINO CITRATE 930SE by Bimco International - Potasyum Sitrat ve Amino Asitlerle En \u0130yi S\u0131v\u0131 G\u00fcbre. Bitkilerinizin B\u00fcy\u00fcmesini ve Renklerini Art\u0131r\u0131n!\" \/>\n<meta property=\"og:url\" content=\"https:\/\/bimcointernational.com\/tr\/urun\/amino-citrate-930se\/\" \/>\n<meta property=\"og:site_name\" content=\"bimco international\" \/>\n<meta property=\"article:publisher\" content=\"https:\/\/www.facebook.com\/B9K9T\" \/>\n<meta property=\"article:modified_time\" content=\"2023-10-02T14:34:52+00:00\" \/>\n<meta property=\"og:image\" content=\"https:\/\/bimcointernational.com\/wp-content\/uploads\/2023\/04\/\u0644\u0644\u0628.png\" \/>\n\t<meta property=\"og:image:width\" content=\"650\" \/>\n\t<meta property=\"og:image:height\" content=\"629\" \/>\n\t<meta property=\"og:image:type\" content=\"image\/png\" \/>\n<meta name=\"twitter:card\" content=\"summary_large_image\" \/>\n<meta name=\"twitter:label1\" content=\"Tahmini okuma s\u00fcresi\" \/>\n\t<meta name=\"twitter:data1\" content=\"1 dakika\" \/>\n<script type=\"application\/ld+json\" class=\"yoast-schema-graph\">{\"@context\":\"https:\\\/\\\/schema.org\",\"@graph\":[{\"@type\":\"WebPage\",\"@id\":\"https:\\\/\\\/bimcointernational.com\\\/tr\\\/urun\\\/amino-citrate-930se\\\/\",\"url\":\"https:\\\/\\\/bimcointernational.com\\\/tr\\\/urun\\\/amino-citrate-930se\\\/\",\"name\":\"AMINO CITRATE 930SE - Bimco International\",\"isPartOf\":{\"@id\":\"https:\\\/\\\/bimcointernational.com\\\/tr\\\/#website\"},\"primaryImageOfPage\":{\"@id\":\"https:\\\/\\\/bimcointernational.com\\\/tr\\\/urun\\\/amino-citrate-930se\\\/#primaryimage\"},\"image\":{\"@id\":\"https:\\\/\\\/bimcointernational.com\\\/tr\\\/urun\\\/amino-citrate-930se\\\/#primaryimage\"},\"thumbnailUrl\":\"https:\\\/\\\/bimcointernational.com\\\/wp-content\\\/uploads\\\/2023\\\/04\\\/\u0644\u0644\u0628.png\",\"datePublished\":\"2023-04-05T03:11:41+00:00\",\"dateModified\":\"2023-10-02T14:34:52+00:00\",\"description\":\"AMINO CITRATE 930SE by Bimco International - Potasyum Sitrat ve Amino Asitlerle En \u0130yi S\u0131v\u0131 G\u00fcbre. Bitkilerinizin B\u00fcy\u00fcmesini ve Renklerini Art\u0131r\u0131n!\",\"breadcrumb\":{\"@id\":\"https:\\\/\\\/bimcointernational.com\\\/tr\\\/urun\\\/amino-citrate-930se\\\/#breadcrumb\"},\"inLanguage\":\"tr\",\"potentialAction\":[{\"@type\":\"ReadAction\",\"target\":[\"https:\\\/\\\/bimcointernational.com\\\/tr\\\/urun\\\/amino-citrate-930se\\\/\"]}]},{\"@type\":\"ImageObject\",\"inLanguage\":\"tr\",\"@id\":\"https:\\\/\\\/bimcointernational.com\\\/tr\\\/urun\\\/amino-citrate-930se\\\/#primaryimage\",\"url\":\"https:\\\/\\\/bimcointernational.com\\\/wp-content\\\/uploads\\\/2023\\\/04\\\/\u0644\u0644\u0628.png\",\"contentUrl\":\"https:\\\/\\\/bimcointernational.com\\\/wp-content\\\/uploads\\\/2023\\\/04\\\/\u0644\u0644\u0628.png\",\"width\":650,\"height\":629},{\"@type\":\"BreadcrumbList\",\"@id\":\"https:\\\/\\\/bimcointernational.com\\\/tr\\\/urun\\\/amino-citrate-930se\\\/#breadcrumb\",\"itemListElement\":[{\"@type\":\"ListItem\",\"position\":1,\"name\":\"Home\",\"item\":\"https:\\\/\\\/bimcointernational.com\\\/tr\\\/\"},{\"@type\":\"ListItem\",\"position\":2,\"name\":\"\u00dcr\u00fcnlerimiz\",\"item\":\"https:\\\/\\\/bimcointernational.com\\\/tr\\\/urunlerimiz\\\/\"},{\"@type\":\"ListItem\",\"position\":3,\"name\":\"AMINO CITRATE 930SE\"}]},{\"@type\":\"WebSite\",\"@id\":\"https:\\\/\\\/bimcointernational.com\\\/tr\\\/#website\",\"url\":\"https:\\\/\\\/bimcointernational.com\\\/tr\\\/\",\"name\":\"bimco international\",\"description\":\"\u0634\u0631\u0643\u0629 \u0628\u064a\u0645\u0643\u0648 \u0627\u0644\u0643\u064a\u0645\u064a\u0627\u0626\u064a\u0629 \u0644\u0635\u0646\u0627\u0639\u0629 \u0627\u0644\u0645\u0628\u064a\u062f\u0627\u062a \u0648\u0627\u0644\u0623\u0633\u0645\u062f\u0629 \u0639\u0627\u0644\u064a\u0629 \u0627\u0644\u062c\u0648\u062f\u0629 35 \u0639\u0627\u0645\u0627 \u0645\u0646 \u0627\u0644\u062e\u0628\u0631\u0629 \u0646\u0636\u0639\u0647\u0627 \u0628\u064a\u0646 \u0623\u064a\u062f\u064a\u0643\u0645\",\"publisher\":{\"@id\":\"https:\\\/\\\/bimcointernational.com\\\/tr\\\/#organization\"},\"potentialAction\":[{\"@type\":\"SearchAction\",\"target\":{\"@type\":\"EntryPoint\",\"urlTemplate\":\"https:\\\/\\\/bimcointernational.com\\\/tr\\\/?s={search_term_string}\"},\"query-input\":{\"@type\":\"PropertyValueSpecification\",\"valueRequired\":true,\"valueName\":\"search_term_string\"}}],\"inLanguage\":\"tr\"},{\"@type\":\"Organization\",\"@id\":\"https:\\\/\\\/bimcointernational.com\\\/tr\\\/#organization\",\"name\":\"bimco international\",\"url\":\"https:\\\/\\\/bimcointernational.com\\\/tr\\\/\",\"logo\":{\"@type\":\"ImageObject\",\"inLanguage\":\"tr\",\"@id\":\"https:\\\/\\\/bimcointernational.com\\\/tr\\\/#\\\/schema\\\/logo\\\/image\\\/\",\"url\":\"https:\\\/\\\/bimcointernational.com\\\/wp-content\\\/uploads\\\/2023\\\/03\\\/bimco-international.png\",\"contentUrl\":\"https:\\\/\\\/bimcointernational.com\\\/wp-content\\\/uploads\\\/2023\\\/03\\\/bimco-international.png\",\"width\":1000,\"height\":283,\"caption\":\"bimco international\"},\"image\":{\"@id\":\"https:\\\/\\\/bimcointernational.com\\\/tr\\\/#\\\/schema\\\/logo\\\/image\\\/\"},\"sameAs\":[\"https:\\\/\\\/www.facebook.com\\\/B9K9T\",\"https:\\\/\\\/www.instagram.com\\\/bimcokimya\\\/\"]}]}<\/script>\n<!-- \/ Yoast SEO plugin. -->","yoast_head_json":{"title":"AMINO CITRATE 930SE - Bimco International","description":"AMINO CITRATE 930SE by Bimco International - Potasyum Sitrat ve Amino Asitlerle En \u0130yi S\u0131v\u0131 G\u00fcbre. Bitkilerinizin B\u00fcy\u00fcmesini ve Renklerini Art\u0131r\u0131n!","robots":{"index":"index","follow":"follow","max-snippet":"max-snippet:-1","max-image-preview":"max-image-preview:large","max-video-preview":"max-video-preview:-1"},"canonical":"https:\/\/bimcointernational.com\/tr\/urun\/amino-citrate-930se\/","og_locale":"tr_TR","og_type":"article","og_title":"AMINO CITRATE 930SE - Bimco International","og_description":"AMINO CITRATE 930SE by Bimco International - Potasyum Sitrat ve Amino Asitlerle En \u0130yi S\u0131v\u0131 G\u00fcbre. Bitkilerinizin B\u00fcy\u00fcmesini ve Renklerini Art\u0131r\u0131n!","og_url":"https:\/\/bimcointernational.com\/tr\/urun\/amino-citrate-930se\/","og_site_name":"bimco international","article_publisher":"https:\/\/www.facebook.com\/B9K9T","article_modified_time":"2023-10-02T14:34:52+00:00","og_image":[{"width":650,"height":629,"url":"https:\/\/bimcointernational.com\/wp-content\/uploads\/2023\/04\/\u0644\u0644\u0628.png","type":"image\/png"}],"twitter_card":"summary_large_image","twitter_misc":{"Tahmini okuma s\u00fcresi":"1 dakika"},"schema":{"@context":"https:\/\/schema.org","@graph":[{"@type":"WebPage","@id":"https:\/\/bimcointernational.com\/tr\/urun\/amino-citrate-930se\/","url":"https:\/\/bimcointernational.com\/tr\/urun\/amino-citrate-930se\/","name":"AMINO CITRATE 930SE - Bimco International","isPartOf":{"@id":"https:\/\/bimcointernational.com\/tr\/#website"},"primaryImageOfPage":{"@id":"https:\/\/bimcointernational.com\/tr\/urun\/amino-citrate-930se\/#primaryimage"},"image":{"@id":"https:\/\/bimcointernational.com\/tr\/urun\/amino-citrate-930se\/#primaryimage"},"thumbnailUrl":"https:\/\/bimcointernational.com\/wp-content\/uploads\/2023\/04\/\u0644\u0644\u0628.png","datePublished":"2023-04-05T03:11:41+00:00","dateModified":"2023-10-02T14:34:52+00:00","description":"AMINO CITRATE 930SE by Bimco International - Potasyum Sitrat ve Amino Asitlerle En \u0130yi S\u0131v\u0131 G\u00fcbre. Bitkilerinizin B\u00fcy\u00fcmesini ve Renklerini Art\u0131r\u0131n!","breadcrumb":{"@id":"https:\/\/bimcointernational.com\/tr\/urun\/amino-citrate-930se\/#breadcrumb"},"inLanguage":"tr","potentialAction":[{"@type":"ReadAction","target":["https:\/\/bimcointernational.com\/tr\/urun\/amino-citrate-930se\/"]}]},{"@type":"ImageObject","inLanguage":"tr","@id":"https:\/\/bimcointernational.com\/tr\/urun\/amino-citrate-930se\/#primaryimage","url":"https:\/\/bimcointernational.com\/wp-content\/uploads\/2023\/04\/\u0644\u0644\u0628.png","contentUrl":"https:\/\/bimcointernational.com\/wp-content\/uploads\/2023\/04\/\u0644\u0644\u0628.png","width":650,"height":629},{"@type":"BreadcrumbList","@id":"https:\/\/bimcointernational.com\/tr\/urun\/amino-citrate-930se\/#breadcrumb","itemListElement":[{"@type":"ListItem","position":1,"name":"Home","item":"https:\/\/bimcointernational.com\/tr\/"},{"@type":"ListItem","position":2,"name":"\u00dcr\u00fcnlerimiz","item":"https:\/\/bimcointernational.com\/tr\/urunlerimiz\/"},{"@type":"ListItem","position":3,"name":"AMINO CITRATE 930SE"}]},{"@type":"WebSite","@id":"https:\/\/bimcointernational.com\/tr\/#website","url":"https:\/\/bimcointernational.com\/tr\/","name":"bimco international","description":"\u0634\u0631\u0643\u0629 \u0628\u064a\u0645\u0643\u0648 \u0627\u0644\u0643\u064a\u0645\u064a\u0627\u0626\u064a\u0629 \u0644\u0635\u0646\u0627\u0639\u0629 \u0627\u0644\u0645\u0628\u064a\u062f\u0627\u062a \u0648\u0627\u0644\u0623\u0633\u0645\u062f\u0629 \u0639\u0627\u0644\u064a\u0629 \u0627\u0644\u062c\u0648\u062f\u0629 35 \u0639\u0627\u0645\u0627 \u0645\u0646 \u0627\u0644\u062e\u0628\u0631\u0629 \u0646\u0636\u0639\u0647\u0627 \u0628\u064a\u0646 \u0623\u064a\u062f\u064a\u0643\u0645","publisher":{"@id":"https:\/\/bimcointernational.com\/tr\/#organization"},"potentialAction":[{"@type":"SearchAction","target":{"@type":"EntryPoint","urlTemplate":"https:\/\/bimcointernational.com\/tr\/?s={search_term_string}"},"query-input":{"@type":"PropertyValueSpecification","valueRequired":true,"valueName":"search_term_string"}}],"inLanguage":"tr"},{"@type":"Organization","@id":"https:\/\/bimcointernational.com\/tr\/#organization","name":"bimco international","url":"https:\/\/bimcointernational.com\/tr\/","logo":{"@type":"ImageObject","inLanguage":"tr","@id":"https:\/\/bimcointernational.com\/tr\/#\/schema\/logo\/image\/","url":"https:\/\/bimcointernational.com\/wp-content\/uploads\/2023\/03\/bimco-international.png","contentUrl":"https:\/\/bimcointernational.com\/wp-content\/uploads\/2023\/03\/bimco-international.png","width":1000,"height":283,"caption":"bimco international"},"image":{"@id":"https:\/\/bimcointernational.com\/tr\/#\/schema\/logo\/image\/"},"sameAs":["https:\/\/www.facebook.com\/B9K9T","https:\/\/www.instagram.com\/bimcokimya\/"]}]}},"jetpack_sharing_enabled":true,"_links":{"self":[{"href":"https:\/\/bimcointernational.com\/tr\/wp-json\/wp\/v2\/product\/3643","targetHints":{"allow":["GET"]}}],"collection":[{"href":"https:\/\/bimcointernational.com\/tr\/wp-json\/wp\/v2\/product"}],"about":[{"href":"https:\/\/bimcointernational.com\/tr\/wp-json\/wp\/v2\/types\/product"}],"replies":[{"embeddable":true,"href":"https:\/\/bimcointernational.com\/tr\/wp-json\/wp\/v2\/comments?post=3643"}],"wp:featuredmedia":[{"embeddable":true,"href":"https:\/\/bimcointernational.com\/tr\/wp-json\/wp\/v2\/media\/4771"}],"wp:attachment":[{"href":"https:\/\/bimcointernational.com\/tr\/wp-json\/wp\/v2\/media?parent=3643"}],"wp:term":[{"taxonomy":"product_brand","embeddable":true,"href":"https:\/\/bimcointernational.com\/tr\/wp-json\/wp\/v2\/product_brand?post=3643"},{"taxonomy":"product_cat","embeddable":true,"href":"https:\/\/bimcointernational.com\/tr\/wp-json\/wp\/v2\/product_cat?post=3643"},{"taxonomy":"product_tag","embeddable":true,"href":"https:\/\/bimcointernational.com\/tr\/wp-json\/wp\/v2\/product_tag?post=3643"}],"curies":[{"name":"wp","href":"https:\/\/api.w.org\/{rel}","templated":true}]}}