{"id":3642,"date":"2023-04-05T03:44:16","date_gmt":"2023-04-05T03:44:16","guid":{"rendered":"https:\/\/bimcointernational.com\/product\/muzhir-plus-10-70-5te\/"},"modified":"2025-09-08T05:36:31","modified_gmt":"2025-09-08T05:36:31","slug":"muzhir-plus-10-70-5te","status":"publish","type":"product","link":"https:\/\/bimcointernational.com\/tr\/urun\/muzhir-plus-10-70-5te\/","title":{"rendered":"MUZHIR PLUS 10-70-5+TE"},"content":{"rendered":"<div id=\"9a35e0d8b66403cd\" class=\"conversation-container message-actions-hover-boundary ng-star-inserted\">\n<div class=\"response-container ng-tns-c4093704912-383 response-container-with-gpi ng-star-inserted\" data-hveid=\"1\">\n<div class=\"presented-response-container ng-tns-c4093704912-383\">\n<div class=\"response-container-content ng-tns-c4093704912-383\">\n<div class=\"response-content ng-tns-c4093704912-383\">\n<div id=\"model-response-message-contentr_9a35e0d8b66403cd\" class=\"markdown markdown-main-panel stronger enable-updated-hr-color\" dir=\"ltr\">\n<h2><span style=\"color: #99cc00;\"><b>MUZHIR PLUS: En G\u00fc\u00e7l\u00fc Y\u00fcksek Fosforlu G\u00fcbre<\/b><\/span><\/h2>\n<p><span style=\"color: #99cc00;\"><b>MUZHIR PLUS<\/b><\/span>, BIMCO International&#8217;\u0131n <span style=\"color: #99cc00;\"><b>10-70-5+TE<\/b><\/span> gibi y\u00fcksek fosfor oran\u0131na sahip, ileri d\u00fczeyde konsantre, asidik bir mineral jelidir. Bu g\u00fc\u00e7l\u00fc biyostim\u00fclan, h\u0131zl\u0131 emilim ve maksimum etkinlik i\u00e7in tasarlanm\u0131\u015ft\u0131r, b\u00f6ylece bitkileriniz ihtiya\u00e7 duyduklar\u0131 besinleri tam zaman\u0131nda al\u0131r.<\/p>\n<p>Fosforun organik bir karboksilat baz\u0131nda \u015felatlanm\u0131\u015f olmas\u0131, yapraktan h\u0131zl\u0131 emilim ve bitki i\u00e7inde an\u0131nda aktivasyon sa\u011flar. Bu benzersiz form\u00fcl, <span style=\"color: #99cc00;\"><b>MUZHIR PLUS<\/b><\/span>&#8216;\u0131 mahsul performans\u0131n\u0131 optimize etmek isteyen \u00e7ift\u00e7iler i\u00e7in vazge\u00e7ilmez bir ara\u00e7 haline getirir.<\/p>\n<h3><span style=\"color: #99cc00;\"><b>Biyolojik \u00d6zellikler ve Faydalar\u0131<\/b><\/span><\/h3>\n<p><span style=\"color: #99cc00;\"><b>MUZHIR PLUS<\/b><\/span> \u00e7e\u015fitli bitki ve mahsuller i\u00e7in geni\u015f bir yelpazede faydalar sunar:<\/p>\n<ul>\n<li><b>\u00c7i\u00e7eklenmeyi ve Meyve Tutumunu Art\u0131r\u0131r:<\/b> Sebze ve a\u011fa\u00e7larda \u00e7i\u00e7eklenmeyi ve meyve tutumunu aktif olarak te\u015fvik ederek, ba\u015far\u0131l\u0131 mahsul say\u0131s\u0131n\u0131 art\u0131r\u0131r.<\/li>\n<li><b>K\u00f6k Geli\u015fimini G\u00fc\u00e7lendirir:<\/b> Form\u00fcl\u00fc, k\u00f6kleri canland\u0131rarak boyutlar\u0131n\u0131, topra\u011fa n\u00fcfuz etme yeteneklerini ve besin emilim verimlili\u011fini art\u0131r\u0131r.<\/li>\n<li><b>Polen Canl\u0131l\u0131\u011f\u0131n\u0131 \u0130yile\u015ftirir:<\/b> Ba\u015far\u0131l\u0131 d\u00f6llenme ve meyve olu\u015fumu i\u00e7in hayati \u00f6nem ta\u015f\u0131yan polen tanelerinin canl\u0131l\u0131\u011f\u0131n\u0131 g\u00fc\u00e7lendirir.<\/li>\n<li><b>Genel Bitki Geli\u015fimini Te\u015fvik Eder:<\/b> Vejetatif, k\u00f6k ve meyve geli\u015fimini iyile\u015ftirerek daha sa\u011fl\u0131kl\u0131 ve daha verimli bitkiler elde edilmesini sa\u011flar.<\/li>\n<li><b>Belirli Mahsullerde Verimi Art\u0131r\u0131r:<\/b> Patates i\u00e7in <span style=\"color: #99cc00;\"><b>MUZHIR PLUS<\/b><\/span> yumru olu\u015fumunu art\u0131r\u0131r. Tah\u0131llarda ise karde\u015flenmeyi ve ba\u015fak boyutunu b\u00fcy\u00fcterek daha bereketli bir hasat sa\u011flar.<\/li>\n<li><b>Meyve Tutumunu Sabitler:<\/b> \u00dcr\u00fcn, t\u00fcm bitki t\u00fcrlerinde meyve tutumunun sabitlenmesine yard\u0131mc\u0131 olarak erken meyve d\u00f6k\u00fclme riskini azalt\u0131r.<\/li>\n<\/ul>\n<h3><span style=\"color: #99cc00;\"><b>Kullan\u0131m Oran\u0131<\/b><\/span><\/h3>\n<p><span style=\"color: #99cc00;\"><b>MUZHIR PLUS<\/b><\/span> t\u00fcm mahsul, sebze ve meyve a\u011fac\u0131 t\u00fcrlerinde kullan\u0131labilir.<\/p>\n<ul>\n<li><b>Yapraktan P\u00fcsk\u00fcrtme:<\/b> 100 litre suya 100 ml kullan\u0131l\u0131r. Konsantrasyon, mahsul\u00fcn boyutuna, t\u00fcr\u00fcne ve do\u011fas\u0131na g\u00f6re ayarlanabilir.<\/li>\n<li><b>Sulama Suyuyla:<\/b> Mahsul\u00fcn boyutuna, t\u00fcr\u00fcne ve do\u011fas\u0131na ba\u011fl\u0131 olarak dekara 1-2 litre kullan\u0131l\u0131r.<\/li>\n<\/ul>\n<p>Mahsul b\u00fcy\u00fcmenizi iyile\u015ftirmek ve \u00fcretkenlik ile kalitesini art\u0131rmak i\u00e7in BIMCO International&#8217;dan <span style=\"color: #99cc00;\">MUZHIR PLUS 10-70-5+TE<\/span>&#8216;i se\u00e7in. <span style=\"color: #99cc00;\"><a style=\"color: #99cc00;\" href=\"https:\/\/api.whatsapp.com\/send\/?phone=908503096351&amp;text=%D9%85%D8%B1%D8%AD%D8%A8%D8%A7%D9%8B+%D8%A7%D8%B1%D9%8A%D8%AF+%D8%A7%D9%84%D8%A5%D8%B3%D8%AA%D9%81%D8%B3%D8%A7%D8%B1+%D8%B9%D9%86+%D9%87%D8%B0%D8%A0+%D8%A7%D9%84%D9%85%D9%86%D8%AA%D8%AC%0A%0A%0A%0Ahttps%3A%2F%2Fbimcointernational.com%2F&amp;type=phone_number&amp;app_absent=0\" target=\"_blank\" rel=\"noopener\">Daha fazla bilgi edinmek i\u00e7in bug\u00fcn WhatsApp arac\u0131l\u0131\u011f\u0131yla bize ula\u015f\u0131n<\/a>.<\/span><\/p>\n<\/div>\n<\/div>\n<\/div>\n<\/div>\n<\/div>\n<\/div>\n","protected":false},"excerpt":{"rendered":"<p><span class=\"citation-5 citation-end-5\"><span style=\"color: #99cc00;\">MUZHIR PLUS 10-70-5+TE:<\/span> y\u00fcksek fosfor i\u00e7eri\u011fine sahip, geli\u015fmi\u015f bir s\u0131v\u0131 g\u00fcbredir.<\/span> \u00d6zellikle \u00e7i\u00e7eklenmeyi art\u0131rmak, k\u00f6k geli\u015fimini desteklemek ve meyve tutumunu iyile\u015ftirmek i\u00e7in form\u00fcle edilmi\u015ftir, bu da daha sa\u011fl\u0131kl\u0131 ve bereketli bir hasat sa\u011flar.<\/p>\n","protected":false},"featured_media":4775,"comment_status":"closed","ping_status":"closed","template":"","meta":{"_eb_attr":"","site-sidebar-layout":"default","site-content-layout":"default","ast-site-content-layout":"default","site-content-style":"default","site-sidebar-style":"default","ast-global-header-display":"","ast-banner-title-visibility":"","ast-main-header-display":"","ast-hfb-above-header-display":"","ast-hfb-below-header-display":"","ast-hfb-mobile-header-display":"","site-post-title":"","ast-breadcrumbs-content":"","ast-featured-img":"","footer-sml-layout":"","ast-disable-related-posts":"","theme-transparent-header-meta":"default","adv-header-id-meta":"","stick-header-meta":"","header-above-stick-meta":"","header-main-stick-meta":"","header-below-stick-meta":"","astra-migrate-meta-layouts":"set","ast-page-background-enabled":"default","ast-page-background-meta":{"desktop":{"background-color":"var(--ast-global-color-4)","background-image":"","background-repeat":"repeat","background-position":"center center","background-size":"auto","background-attachment":"scroll","background-type":"","background-media":"","overlay-type":"","overlay-color":"","overlay-opacity":"","overlay-gradient":""},"tablet":{"background-color":"","background-image":"","background-repeat":"repeat","background-position":"center center","background-size":"auto","background-attachment":"scroll","background-type":"","background-media":"","overlay-type":"","overlay-color":"","overlay-opacity":"","overlay-gradient":""},"mobile":{"background-color":"","background-image":"","background-repeat":"repeat","background-position":"center center","background-size":"auto","background-attachment":"scroll","background-type":"","background-media":"","overlay-type":"","overlay-color":"","overlay-opacity":"","overlay-gradient":""}},"ast-content-background-meta":{"desktop":{"background-color":"var(--ast-global-color-5)","background-image":"","background-repeat":"repeat","background-position":"center center","background-size":"auto","background-attachment":"scroll","background-type":"","background-media":"","overlay-type":"","overlay-color":"","overlay-opacity":"","overlay-gradient":""},"tablet":{"background-color":"var(--ast-global-color-5)","background-image":"","background-repeat":"repeat","background-position":"center center","background-size":"auto","background-attachment":"scroll","background-type":"","background-media":"","overlay-type":"","overlay-color":"","overlay-opacity":"","overlay-gradient":""},"mobile":{"background-color":"var(--ast-global-color-5)","background-image":"","background-repeat":"repeat","background-position":"center center","background-size":"auto","background-attachment":"scroll","background-type":"","background-media":"","overlay-type":"","overlay-color":"","overlay-opacity":"","overlay-gradient":""}},"_joinchat":[]},"product_brand":[],"product_cat":[80],"product_tag":[],"class_list":{"0":"post-3642","1":"product","2":"type-product","3":"status-publish","4":"has-post-thumbnail","6":"product_cat-sivi-gubre","7":"desktop-align-left","8":"tablet-align-left","9":"mobile-align-left","11":"first","12":"instock","13":"shipping-taxable","14":"product-type-simple"},"yoast_head":"<!-- This site is optimized with the Yoast SEO plugin v27.4 - https:\/\/yoast.com\/product\/yoast-seo-wordpress\/ -->\n<title>MUZHIR PLUSMUZHIR PLUS 10-70-5+TE G\u00fcbresi: Y\u00fcksek Fosfor G\u00fcc\u00fcyle Hasad\u0131n\u0131z\u0131 En \u00dcst D\u00fczeye \u00c7\u0131kar\u0131n - bimco international<\/title>\n<meta name=\"description\" content=\"MUZHIR PLUS y\u00fcksek fosforlu g\u00fcbresile ile canl\u0131 \u00e7i\u00e7eklenmeye ve bol verime ula\u015f\u0131n. H\u0131zl\u0131 emilim i\u00e7in tasarlanan bu \u00fcr\u00fcn, \u00fcst\u00fcn sonu\u00e7lar i\u00e7in \u00e7i\u00e7eklenmeyi ve meyve tutumunu te\u015fvik eder.\" \/>\n<meta name=\"robots\" content=\"index, follow, max-snippet:-1, max-image-preview:large, max-video-preview:-1\" \/>\n<link rel=\"canonical\" href=\"https:\/\/bimcointernational.com\/tr\/urun\/muzhir-plus-10-70-5te\/\" \/>\n<meta property=\"og:locale\" content=\"tr_TR\" \/>\n<meta property=\"og:type\" content=\"article\" \/>\n<meta property=\"og:title\" content=\"MUZHIR PLUSMUZHIR PLUS 10-70-5+TE G\u00fcbresi: Y\u00fcksek Fosfor G\u00fcc\u00fcyle Hasad\u0131n\u0131z\u0131 En \u00dcst D\u00fczeye \u00c7\u0131kar\u0131n - bimco international\" \/>\n<meta property=\"og:description\" content=\"MUZHIR PLUS y\u00fcksek fosforlu g\u00fcbresile ile canl\u0131 \u00e7i\u00e7eklenmeye ve bol verime ula\u015f\u0131n. H\u0131zl\u0131 emilim i\u00e7in tasarlanan bu \u00fcr\u00fcn, \u00fcst\u00fcn sonu\u00e7lar i\u00e7in \u00e7i\u00e7eklenmeyi ve meyve tutumunu te\u015fvik eder.\" \/>\n<meta property=\"og:url\" content=\"https:\/\/bimcointernational.com\/tr\/urun\/muzhir-plus-10-70-5te\/\" \/>\n<meta property=\"og:site_name\" content=\"bimco international\" \/>\n<meta property=\"article:publisher\" content=\"https:\/\/www.facebook.com\/B9K9T\" \/>\n<meta property=\"article:modified_time\" content=\"2025-09-08T05:36:31+00:00\" \/>\n<meta property=\"og:image\" content=\"https:\/\/bimcointernational.com\/wp-content\/uploads\/2023\/04\/\u0644\u0644\u064a\u064a.png\" \/>\n\t<meta property=\"og:image:width\" content=\"650\" \/>\n\t<meta property=\"og:image:height\" content=\"629\" \/>\n\t<meta property=\"og:image:type\" content=\"image\/png\" \/>\n<meta name=\"twitter:card\" content=\"summary_large_image\" \/>\n<meta name=\"twitter:label1\" content=\"Tahmini okuma s\u00fcresi\" \/>\n\t<meta name=\"twitter:data1\" content=\"2 dakika\" \/>\n<script type=\"application\/ld+json\" class=\"yoast-schema-graph\">{\"@context\":\"https:\\\/\\\/schema.org\",\"@graph\":[{\"@type\":\"WebPage\",\"@id\":\"https:\\\/\\\/bimcointernational.com\\\/tr\\\/urun\\\/muzhir-plus-10-70-5te\\\/\",\"url\":\"https:\\\/\\\/bimcointernational.com\\\/tr\\\/urun\\\/muzhir-plus-10-70-5te\\\/\",\"name\":\"MUZHIR PLUSMUZHIR PLUS 10-70-5+TE G\u00fcbresi: Y\u00fcksek Fosfor G\u00fcc\u00fcyle Hasad\u0131n\u0131z\u0131 En \u00dcst D\u00fczeye \u00c7\u0131kar\u0131n - bimco international\",\"isPartOf\":{\"@id\":\"https:\\\/\\\/bimcointernational.com\\\/tr\\\/#website\"},\"primaryImageOfPage\":{\"@id\":\"https:\\\/\\\/bimcointernational.com\\\/tr\\\/urun\\\/muzhir-plus-10-70-5te\\\/#primaryimage\"},\"image\":{\"@id\":\"https:\\\/\\\/bimcointernational.com\\\/tr\\\/urun\\\/muzhir-plus-10-70-5te\\\/#primaryimage\"},\"thumbnailUrl\":\"https:\\\/\\\/bimcointernational.com\\\/wp-content\\\/uploads\\\/2023\\\/04\\\/\u0644\u0644\u064a\u064a.png\",\"datePublished\":\"2023-04-05T03:44:16+00:00\",\"dateModified\":\"2025-09-08T05:36:31+00:00\",\"description\":\"MUZHIR PLUS y\u00fcksek fosforlu g\u00fcbresile ile canl\u0131 \u00e7i\u00e7eklenmeye ve bol verime ula\u015f\u0131n. H\u0131zl\u0131 emilim i\u00e7in tasarlanan bu \u00fcr\u00fcn, \u00fcst\u00fcn sonu\u00e7lar i\u00e7in \u00e7i\u00e7eklenmeyi ve meyve tutumunu te\u015fvik eder.\",\"breadcrumb\":{\"@id\":\"https:\\\/\\\/bimcointernational.com\\\/tr\\\/urun\\\/muzhir-plus-10-70-5te\\\/#breadcrumb\"},\"inLanguage\":\"tr\",\"potentialAction\":[{\"@type\":\"ReadAction\",\"target\":[\"https:\\\/\\\/bimcointernational.com\\\/tr\\\/urun\\\/muzhir-plus-10-70-5te\\\/\"]}]},{\"@type\":\"ImageObject\",\"inLanguage\":\"tr\",\"@id\":\"https:\\\/\\\/bimcointernational.com\\\/tr\\\/urun\\\/muzhir-plus-10-70-5te\\\/#primaryimage\",\"url\":\"https:\\\/\\\/bimcointernational.com\\\/wp-content\\\/uploads\\\/2023\\\/04\\\/\u0644\u0644\u064a\u064a.png\",\"contentUrl\":\"https:\\\/\\\/bimcointernational.com\\\/wp-content\\\/uploads\\\/2023\\\/04\\\/\u0644\u0644\u064a\u064a.png\",\"width\":650,\"height\":629,\"caption\":\"\u064a\u0638\u0647\u0631 \u0641\u064a \u0627\u0644\u0635\u0648\u0631\u0629 \u0639\u0628\u0648\u0629 \u0645\u0646 \u0633\u0645\u0627\u062f \u0645\u0632\u0647\u0631 \u0628\u0644\u0627\u0633 \u0645\u0646 \u0634\u0631\u0643\u0629 \u0628\u064a\u0645\u0643\u0648 \u0625\u0646\u062a\u0631\u0646\u0627\u0634\u064a\u0648\u0646\u0627\u0644\u060c \u0623\u0645\u0627\u0645 \u062e\u0644\u0641\u064a\u0629 \u0645\u0646 \u0627\u0644\u0646\u0628\u0627\u062a\u0627\u062a \u0627\u0644\u0646\u0627\u0628\u0636\u0629 \u0628\u0627\u0644\u062d\u064a\u0627\u0629 \u0648\u0627\u0644\u0645\u0632\u0647\u0631\u0629\u060c \u0645\u0645\u0627 \u064a\u0631\u0645\u0632 \u0625\u0644\u0649 \u0642\u062f\u0631\u062a\u0647 \u0639\u0644\u0649 \u062a\u0639\u0632\u064a\u0632 \u0627\u0644\u0625\u0632\u0647\u0627\u0631 \u0648\u062a\u062b\u0628\u064a\u062a \u0627\u0644\u0639\u0642\u062f \u0644\u0644\u062d\u0635\u0648\u0644 \u0639\u0644\u0649 \u062b\u0645\u0627\u0631 \u0648\u0641\u064a\u0631\u0629.\"},{\"@type\":\"BreadcrumbList\",\"@id\":\"https:\\\/\\\/bimcointernational.com\\\/tr\\\/urun\\\/muzhir-plus-10-70-5te\\\/#breadcrumb\",\"itemListElement\":[{\"@type\":\"ListItem\",\"position\":1,\"name\":\"Home\",\"item\":\"https:\\\/\\\/bimcointernational.com\\\/tr\\\/\"},{\"@type\":\"ListItem\",\"position\":2,\"name\":\"\u00dcr\u00fcnlerimiz\",\"item\":\"https:\\\/\\\/bimcointernational.com\\\/tr\\\/urunlerimiz\\\/\"},{\"@type\":\"ListItem\",\"position\":3,\"name\":\"MUZHIR PLUS 10-70-5+TE\"}]},{\"@type\":\"WebSite\",\"@id\":\"https:\\\/\\\/bimcointernational.com\\\/tr\\\/#website\",\"url\":\"https:\\\/\\\/bimcointernational.com\\\/tr\\\/\",\"name\":\"bimco international\",\"description\":\"\u0634\u0631\u0643\u0629 \u0628\u064a\u0645\u0643\u0648 \u0627\u0644\u0643\u064a\u0645\u064a\u0627\u0626\u064a\u0629 \u0644\u0635\u0646\u0627\u0639\u0629 \u0627\u0644\u0645\u0628\u064a\u062f\u0627\u062a \u0648\u0627\u0644\u0623\u0633\u0645\u062f\u0629 \u0639\u0627\u0644\u064a\u0629 \u0627\u0644\u062c\u0648\u062f\u0629 35 \u0639\u0627\u0645\u0627 \u0645\u0646 \u0627\u0644\u062e\u0628\u0631\u0629 \u0646\u0636\u0639\u0647\u0627 \u0628\u064a\u0646 \u0623\u064a\u062f\u064a\u0643\u0645\",\"publisher\":{\"@id\":\"https:\\\/\\\/bimcointernational.com\\\/tr\\\/#organization\"},\"potentialAction\":[{\"@type\":\"SearchAction\",\"target\":{\"@type\":\"EntryPoint\",\"urlTemplate\":\"https:\\\/\\\/bimcointernational.com\\\/tr\\\/?s={search_term_string}\"},\"query-input\":{\"@type\":\"PropertyValueSpecification\",\"valueRequired\":true,\"valueName\":\"search_term_string\"}}],\"inLanguage\":\"tr\"},{\"@type\":\"Organization\",\"@id\":\"https:\\\/\\\/bimcointernational.com\\\/tr\\\/#organization\",\"name\":\"bimco international\",\"url\":\"https:\\\/\\\/bimcointernational.com\\\/tr\\\/\",\"logo\":{\"@type\":\"ImageObject\",\"inLanguage\":\"tr\",\"@id\":\"https:\\\/\\\/bimcointernational.com\\\/tr\\\/#\\\/schema\\\/logo\\\/image\\\/\",\"url\":\"https:\\\/\\\/bimcointernational.com\\\/wp-content\\\/uploads\\\/2023\\\/03\\\/bimco-international.png\",\"contentUrl\":\"https:\\\/\\\/bimcointernational.com\\\/wp-content\\\/uploads\\\/2023\\\/03\\\/bimco-international.png\",\"width\":1000,\"height\":283,\"caption\":\"bimco international\"},\"image\":{\"@id\":\"https:\\\/\\\/bimcointernational.com\\\/tr\\\/#\\\/schema\\\/logo\\\/image\\\/\"},\"sameAs\":[\"https:\\\/\\\/www.facebook.com\\\/B9K9T\",\"https:\\\/\\\/www.instagram.com\\\/bimcokimya\\\/\"]}]}<\/script>\n<!-- \/ Yoast SEO plugin. -->","yoast_head_json":{"title":"MUZHIR PLUSMUZHIR PLUS 10-70-5+TE G\u00fcbresi: Y\u00fcksek Fosfor G\u00fcc\u00fcyle Hasad\u0131n\u0131z\u0131 En \u00dcst D\u00fczeye \u00c7\u0131kar\u0131n - bimco international","description":"MUZHIR PLUS y\u00fcksek fosforlu g\u00fcbresile ile canl\u0131 \u00e7i\u00e7eklenmeye ve bol verime ula\u015f\u0131n. H\u0131zl\u0131 emilim i\u00e7in tasarlanan bu \u00fcr\u00fcn, \u00fcst\u00fcn sonu\u00e7lar i\u00e7in \u00e7i\u00e7eklenmeyi ve meyve tutumunu te\u015fvik eder.","robots":{"index":"index","follow":"follow","max-snippet":"max-snippet:-1","max-image-preview":"max-image-preview:large","max-video-preview":"max-video-preview:-1"},"canonical":"https:\/\/bimcointernational.com\/tr\/urun\/muzhir-plus-10-70-5te\/","og_locale":"tr_TR","og_type":"article","og_title":"MUZHIR PLUSMUZHIR PLUS 10-70-5+TE G\u00fcbresi: Y\u00fcksek Fosfor G\u00fcc\u00fcyle Hasad\u0131n\u0131z\u0131 En \u00dcst D\u00fczeye \u00c7\u0131kar\u0131n - bimco international","og_description":"MUZHIR PLUS y\u00fcksek fosforlu g\u00fcbresile ile canl\u0131 \u00e7i\u00e7eklenmeye ve bol verime ula\u015f\u0131n. H\u0131zl\u0131 emilim i\u00e7in tasarlanan bu \u00fcr\u00fcn, \u00fcst\u00fcn sonu\u00e7lar i\u00e7in \u00e7i\u00e7eklenmeyi ve meyve tutumunu te\u015fvik eder.","og_url":"https:\/\/bimcointernational.com\/tr\/urun\/muzhir-plus-10-70-5te\/","og_site_name":"bimco international","article_publisher":"https:\/\/www.facebook.com\/B9K9T","article_modified_time":"2025-09-08T05:36:31+00:00","og_image":[{"width":650,"height":629,"url":"https:\/\/bimcointernational.com\/wp-content\/uploads\/2023\/04\/\u0644\u0644\u064a\u064a.png","type":"image\/png"}],"twitter_card":"summary_large_image","twitter_misc":{"Tahmini okuma s\u00fcresi":"2 dakika"},"schema":{"@context":"https:\/\/schema.org","@graph":[{"@type":"WebPage","@id":"https:\/\/bimcointernational.com\/tr\/urun\/muzhir-plus-10-70-5te\/","url":"https:\/\/bimcointernational.com\/tr\/urun\/muzhir-plus-10-70-5te\/","name":"MUZHIR PLUSMUZHIR PLUS 10-70-5+TE G\u00fcbresi: Y\u00fcksek Fosfor G\u00fcc\u00fcyle Hasad\u0131n\u0131z\u0131 En \u00dcst D\u00fczeye \u00c7\u0131kar\u0131n - bimco international","isPartOf":{"@id":"https:\/\/bimcointernational.com\/tr\/#website"},"primaryImageOfPage":{"@id":"https:\/\/bimcointernational.com\/tr\/urun\/muzhir-plus-10-70-5te\/#primaryimage"},"image":{"@id":"https:\/\/bimcointernational.com\/tr\/urun\/muzhir-plus-10-70-5te\/#primaryimage"},"thumbnailUrl":"https:\/\/bimcointernational.com\/wp-content\/uploads\/2023\/04\/\u0644\u0644\u064a\u064a.png","datePublished":"2023-04-05T03:44:16+00:00","dateModified":"2025-09-08T05:36:31+00:00","description":"MUZHIR PLUS y\u00fcksek fosforlu g\u00fcbresile ile canl\u0131 \u00e7i\u00e7eklenmeye ve bol verime ula\u015f\u0131n. H\u0131zl\u0131 emilim i\u00e7in tasarlanan bu \u00fcr\u00fcn, \u00fcst\u00fcn sonu\u00e7lar i\u00e7in \u00e7i\u00e7eklenmeyi ve meyve tutumunu te\u015fvik eder.","breadcrumb":{"@id":"https:\/\/bimcointernational.com\/tr\/urun\/muzhir-plus-10-70-5te\/#breadcrumb"},"inLanguage":"tr","potentialAction":[{"@type":"ReadAction","target":["https:\/\/bimcointernational.com\/tr\/urun\/muzhir-plus-10-70-5te\/"]}]},{"@type":"ImageObject","inLanguage":"tr","@id":"https:\/\/bimcointernational.com\/tr\/urun\/muzhir-plus-10-70-5te\/#primaryimage","url":"https:\/\/bimcointernational.com\/wp-content\/uploads\/2023\/04\/\u0644\u0644\u064a\u064a.png","contentUrl":"https:\/\/bimcointernational.com\/wp-content\/uploads\/2023\/04\/\u0644\u0644\u064a\u064a.png","width":650,"height":629,"caption":"\u064a\u0638\u0647\u0631 \u0641\u064a \u0627\u0644\u0635\u0648\u0631\u0629 \u0639\u0628\u0648\u0629 \u0645\u0646 \u0633\u0645\u0627\u062f \u0645\u0632\u0647\u0631 \u0628\u0644\u0627\u0633 \u0645\u0646 \u0634\u0631\u0643\u0629 \u0628\u064a\u0645\u0643\u0648 \u0625\u0646\u062a\u0631\u0646\u0627\u0634\u064a\u0648\u0646\u0627\u0644\u060c \u0623\u0645\u0627\u0645 \u062e\u0644\u0641\u064a\u0629 \u0645\u0646 \u0627\u0644\u0646\u0628\u0627\u062a\u0627\u062a \u0627\u0644\u0646\u0627\u0628\u0636\u0629 \u0628\u0627\u0644\u062d\u064a\u0627\u0629 \u0648\u0627\u0644\u0645\u0632\u0647\u0631\u0629\u060c \u0645\u0645\u0627 \u064a\u0631\u0645\u0632 \u0625\u0644\u0649 \u0642\u062f\u0631\u062a\u0647 \u0639\u0644\u0649 \u062a\u0639\u0632\u064a\u0632 \u0627\u0644\u0625\u0632\u0647\u0627\u0631 \u0648\u062a\u062b\u0628\u064a\u062a \u0627\u0644\u0639\u0642\u062f \u0644\u0644\u062d\u0635\u0648\u0644 \u0639\u0644\u0649 \u062b\u0645\u0627\u0631 \u0648\u0641\u064a\u0631\u0629."},{"@type":"BreadcrumbList","@id":"https:\/\/bimcointernational.com\/tr\/urun\/muzhir-plus-10-70-5te\/#breadcrumb","itemListElement":[{"@type":"ListItem","position":1,"name":"Home","item":"https:\/\/bimcointernational.com\/tr\/"},{"@type":"ListItem","position":2,"name":"\u00dcr\u00fcnlerimiz","item":"https:\/\/bimcointernational.com\/tr\/urunlerimiz\/"},{"@type":"ListItem","position":3,"name":"MUZHIR PLUS 10-70-5+TE"}]},{"@type":"WebSite","@id":"https:\/\/bimcointernational.com\/tr\/#website","url":"https:\/\/bimcointernational.com\/tr\/","name":"bimco international","description":"\u0634\u0631\u0643\u0629 \u0628\u064a\u0645\u0643\u0648 \u0627\u0644\u0643\u064a\u0645\u064a\u0627\u0626\u064a\u0629 \u0644\u0635\u0646\u0627\u0639\u0629 \u0627\u0644\u0645\u0628\u064a\u062f\u0627\u062a \u0648\u0627\u0644\u0623\u0633\u0645\u062f\u0629 \u0639\u0627\u0644\u064a\u0629 \u0627\u0644\u062c\u0648\u062f\u0629 35 \u0639\u0627\u0645\u0627 \u0645\u0646 \u0627\u0644\u062e\u0628\u0631\u0629 \u0646\u0636\u0639\u0647\u0627 \u0628\u064a\u0646 \u0623\u064a\u062f\u064a\u0643\u0645","publisher":{"@id":"https:\/\/bimcointernational.com\/tr\/#organization"},"potentialAction":[{"@type":"SearchAction","target":{"@type":"EntryPoint","urlTemplate":"https:\/\/bimcointernational.com\/tr\/?s={search_term_string}"},"query-input":{"@type":"PropertyValueSpecification","valueRequired":true,"valueName":"search_term_string"}}],"inLanguage":"tr"},{"@type":"Organization","@id":"https:\/\/bimcointernational.com\/tr\/#organization","name":"bimco international","url":"https:\/\/bimcointernational.com\/tr\/","logo":{"@type":"ImageObject","inLanguage":"tr","@id":"https:\/\/bimcointernational.com\/tr\/#\/schema\/logo\/image\/","url":"https:\/\/bimcointernational.com\/wp-content\/uploads\/2023\/03\/bimco-international.png","contentUrl":"https:\/\/bimcointernational.com\/wp-content\/uploads\/2023\/03\/bimco-international.png","width":1000,"height":283,"caption":"bimco international"},"image":{"@id":"https:\/\/bimcointernational.com\/tr\/#\/schema\/logo\/image\/"},"sameAs":["https:\/\/www.facebook.com\/B9K9T","https:\/\/www.instagram.com\/bimcokimya\/"]}]}},"jetpack_sharing_enabled":true,"_links":{"self":[{"href":"https:\/\/bimcointernational.com\/tr\/wp-json\/wp\/v2\/product\/3642","targetHints":{"allow":["GET"]}}],"collection":[{"href":"https:\/\/bimcointernational.com\/tr\/wp-json\/wp\/v2\/product"}],"about":[{"href":"https:\/\/bimcointernational.com\/tr\/wp-json\/wp\/v2\/types\/product"}],"replies":[{"embeddable":true,"href":"https:\/\/bimcointernational.com\/tr\/wp-json\/wp\/v2\/comments?post=3642"}],"wp:featuredmedia":[{"embeddable":true,"href":"https:\/\/bimcointernational.com\/tr\/wp-json\/wp\/v2\/media\/4775"}],"wp:attachment":[{"href":"https:\/\/bimcointernational.com\/tr\/wp-json\/wp\/v2\/media?parent=3642"}],"wp:term":[{"taxonomy":"product_brand","embeddable":true,"href":"https:\/\/bimcointernational.com\/tr\/wp-json\/wp\/v2\/product_brand?post=3642"},{"taxonomy":"product_cat","embeddable":true,"href":"https:\/\/bimcointernational.com\/tr\/wp-json\/wp\/v2\/product_cat?post=3642"},{"taxonomy":"product_tag","embeddable":true,"href":"https:\/\/bimcointernational.com\/tr\/wp-json\/wp\/v2\/product_tag?post=3642"}],"curies":[{"name":"wp","href":"https:\/\/api.w.org\/{rel}","templated":true}]}}