{"id":3631,"date":"2023-04-05T03:55:53","date_gmt":"2023-04-05T03:55:53","guid":{"rendered":"https:\/\/bimcointernational.com\/product\/barbaros-310-sl\/"},"modified":"2023-10-02T11:45:16","modified_gmt":"2023-10-02T11:45:16","slug":"barbaros310sl","status":"publish","type":"product","link":"https:\/\/bimcointernational.com\/tr\/urun\/barbaros310sl\/","title":{"rendered":"Barbaros 310 SL"},"content":{"rendered":"<p><span dir=\"rtl\" style=\"color: #99cc00;\" role=\"presentation\">\u00d6zellikler<\/span><\/p>\n<p>Bimco International&#8217;\u0131n Deniz Yosunu Ekstrakt\u0131 ile Zenginle\u015ftirilmi\u015f En \u0130yi S\u0131v\u0131 G\u00fcbre <strong>Barbaros 310 SL<\/strong>&#8216;nin G\u00fcc\u00fcn\u00fc Deneyimleyin<\/p>\n<p>Bimco International&#8217;\u0131n birinci s\u0131n\u0131f s\u0131v\u0131 g\u00fcbresiyle \u00fcr\u00fcnlerinizin potansiyelini ortaya \u00e7\u0131kar\u0131n. Deniz yosunu \u00f6z\u00fcyle zenginle\u015ftirilmi\u015f \u00f6zel bitki bazl\u0131 g\u00fcbremiz, bitkilerinize optimum b\u00fcy\u00fcme i\u00e7in ihtiya\u00e7 duyduklar\u0131 enerjiyi, canl\u0131l\u0131\u011f\u0131 ve temel unsurlar\u0131 sa\u011flar. Oksinler, sitokininler, gibberellik asit, aljinik bile\u015fikler ve do\u011fal vitaminler a\u00e7\u0131s\u0131ndan zengin olan <strong>Barbaros 310 SL<\/strong>, k\u00f6klerde, vejetatif a\u015famalarda ve \u00e7i\u00e7ek geli\u015fimini kapsaml\u0131 bir \u015fekilde b\u00fcy\u00fcmeyi te\u015fvik etmek i\u00e7in tasarlanm\u0131\u015ft\u0131r. Meyvelerinizin ve i\u015flenmi\u015f \u00fcr\u00fcnlerinizin kalitesini, boyutunu ve verimini art\u0131r\u0131rken, g\u00fc\u00e7l\u00fc k\u00f6klere, canl\u0131 ye\u015fil yapraklara, yemye\u015fil \u00e7i\u00e7eklere ve bol d\u00fc\u011f\u00fcmlere tan\u0131k olun. En kaliteli g\u00fcbre \u00e7\u00f6z\u00fcmleri i\u00e7in Bimco International&#8217;a g\u00fcvenin.<\/p>\n<p><span style=\"color: #99cc00;\">Kimyasal Analiz<\/span><\/p>\n<table>\n<tbody>\n<tr>\n<td>Deniz otlar\u0131<\/td>\n<td>% 5<\/td>\n<\/tr>\n<tr>\n<td>ALJ\u0130N\u0130K AS\u0130T<\/td>\n<td>% 1<\/td>\n<\/tr>\n<tr>\n<td>Serbest amino asitler<\/td>\n<td>% 2<\/td>\n<\/tr>\n<tr>\n<td>ORGAN\u0130K MADDE<\/td>\n<td>% 12<\/td>\n<\/tr>\n<tr>\n<td>Karboksilik asit<\/td>\n<td>% 2<\/td>\n<\/tr>\n<tr>\n<td>Gibrelik asit<\/td>\n<td>2ppm<\/td>\n<\/tr>\n<tr>\n<td>Sitokinin<\/td>\n<td>1ppm<\/td>\n<\/tr>\n<tr>\n<td>Azot (n)<\/td>\n<td>% 2<\/td>\n<\/tr>\n<tr>\n<td>Fosfor (P2O5)<\/td>\n<td>% 2<\/td>\n<\/tr>\n<tr>\n<td>Potasyum oksit<\/td>\n<td>% 2<\/td>\n<\/tr>\n<tr>\n<td>Her biri i\u00e7in mgO, B2O3, Zn, MO<\/td>\n<td>% 0.2<\/td>\n<\/tr>\n<\/tbody>\n<\/table>\n<p><span dir=\"rtl\" style=\"color: #99cc00;\" role=\"presentation\">Kullan\u0131m Oran\u0131<\/span><\/p>\n<table>\n<tbody>\n<tr>\n<td>Bitki<\/td>\n<td>Su i\u00e7in \u00e7\u00f6rek otu G\/ 100<\/td>\n<td>Su<\/td>\n<\/tr>\n<tr>\n<td>Tah\u0131llar ve baklagiller<\/td>\n<td>100-200<\/td>\n<td>200-350<\/td>\n<\/tr>\n<tr>\n<td>Patates, so\u011fan, sar\u0131msak, m\u0131s\u0131r, pancar, \u015falgam, turp ve p\u0131rasa<\/td>\n<td>200-300<\/td>\n<td>250-750<\/td>\n<\/tr>\n<tr>\n<td>Kimyon, nigella, soya, pamuk, susam, keten ve ay\u00e7i\u00e7e\u011fi<\/td>\n<td>150-250<\/td>\n<td>250-350<\/td>\n<\/tr>\n<tr>\n<td>Verimli a\u011fa\u00e7lar<\/td>\n<td>150-250<\/td>\n<td>750-1500<\/td>\n<\/tr>\n<tr>\n<td>Meyveler<\/td>\n<td>200-250<\/td>\n<td>200-500<\/td>\n<\/tr>\n<tr>\n<td>Lahana, karnabahar, brokoli, ebeg\u00fcmeci ve bamya<\/td>\n<td>150-200<\/td>\n<td>200-350<\/td>\n<\/tr>\n<\/tbody>\n<\/table>\n<p>Mahsulleriniz i\u00e7in <a href=\"https:\/\/bimcointernational.com\/tr\/urun-kategori\/sivi-gubre\/\">Bimco International&#8217;\u0131n s\u0131v\u0131 g\u00fcbresini<\/a> se\u00e7in ve bitkilerinizi tam potansiyellerine do\u011fru beslemede yaratabilece\u011fi dikkate de\u011fer farka tan\u0131k olun. Tar\u0131msal ihtiya\u00e7lar\u0131n\u0131z i\u00e7in en iyi s\u0131v\u0131 g\u00fcbreyi sunma konusundaki uzmanl\u0131\u011f\u0131m\u0131za ve kararl\u0131l\u0131\u011f\u0131m\u0131za g\u00fcvenin.<\/p>\n","protected":false},"excerpt":{"rendered":"<p>Bimco International&#8217;\u0131n Deniz Yosunu Ekstrakt\u0131 ile Zenginle\u015ftirilmi\u015f En \u0130yi S\u0131v\u0131 G\u00fcbre <strong>Barbaros 310 SL<\/strong>&#8216;nin G\u00fcc\u00fcn\u00fc Deneyimleyin<\/p>\n","protected":false},"featured_media":4778,"comment_status":"closed","ping_status":"closed","template":"","meta":{"_eb_attr":"","site-sidebar-layout":"default","site-content-layout":"default","ast-site-content-layout":"default","site-content-style":"default","site-sidebar-style":"default","ast-global-header-display":"","ast-banner-title-visibility":"","ast-main-header-display":"","ast-hfb-above-header-display":"","ast-hfb-below-header-display":"","ast-hfb-mobile-header-display":"","site-post-title":"","ast-breadcrumbs-content":"","ast-featured-img":"","footer-sml-layout":"","ast-disable-related-posts":"","theme-transparent-header-meta":"default","adv-header-id-meta":"","stick-header-meta":"","header-above-stick-meta":"","header-main-stick-meta":"","header-below-stick-meta":"","astra-migrate-meta-layouts":"set","ast-page-background-enabled":"default","ast-page-background-meta":{"desktop":{"background-color":"var(--ast-global-color-4)","background-image":"","background-repeat":"repeat","background-position":"center center","background-size":"auto","background-attachment":"scroll","background-type":"","background-media":"","overlay-type":"","overlay-color":"","overlay-opacity":"","overlay-gradient":""},"tablet":{"background-color":"","background-image":"","background-repeat":"repeat","background-position":"center center","background-size":"auto","background-attachment":"scroll","background-type":"","background-media":"","overlay-type":"","overlay-color":"","overlay-opacity":"","overlay-gradient":""},"mobile":{"background-color":"","background-image":"","background-repeat":"repeat","background-position":"center center","background-size":"auto","background-attachment":"scroll","background-type":"","background-media":"","overlay-type":"","overlay-color":"","overlay-opacity":"","overlay-gradient":""}},"ast-content-background-meta":{"desktop":{"background-color":"var(--ast-global-color-5)","background-image":"","background-repeat":"repeat","background-position":"center center","background-size":"auto","background-attachment":"scroll","background-type":"","background-media":"","overlay-type":"","overlay-color":"","overlay-opacity":"","overlay-gradient":""},"tablet":{"background-color":"var(--ast-global-color-5)","background-image":"","background-repeat":"repeat","background-position":"center center","background-size":"auto","background-attachment":"scroll","background-type":"","background-media":"","overlay-type":"","overlay-color":"","overlay-opacity":"","overlay-gradient":""},"mobile":{"background-color":"var(--ast-global-color-5)","background-image":"","background-repeat":"repeat","background-position":"center center","background-size":"auto","background-attachment":"scroll","background-type":"","background-media":"","overlay-type":"","overlay-color":"","overlay-opacity":"","overlay-gradient":""}},"_joinchat":[]},"product_brand":[],"product_cat":[80],"product_tag":[],"class_list":{"0":"post-3631","1":"product","2":"type-product","3":"status-publish","4":"has-post-thumbnail","6":"product_cat-sivi-gubre","7":"desktop-align-left","8":"tablet-align-left","9":"mobile-align-left","11":"first","12":"instock","13":"shipping-taxable","14":"product-type-simple"},"yoast_head":"<!-- This site is optimized with the Yoast SEO plugin v27.4 - https:\/\/yoast.com\/product\/yoast-seo-wordpress\/ -->\n<title>Barbaros 310 SL - Bimco International<\/title>\n<meta name=\"description\" content=\"Barbaros 310 SL: Bimco&#039;nun Optimum B\u00fcy\u00fcme ve Verim i\u00e7in Deniz Yosunu Ekstrakt\u0131 ile Zenginle\u015ftirilmi\u015f Premium S\u0131v\u0131 G\u00fcbresi ile Mahsul Potansiyelini Y\u00fckseltin.\" \/>\n<meta name=\"robots\" content=\"index, follow, max-snippet:-1, max-image-preview:large, max-video-preview:-1\" \/>\n<link rel=\"canonical\" href=\"https:\/\/bimcointernational.com\/tr\/urun\/barbaros310sl\/\" \/>\n<meta property=\"og:locale\" content=\"tr_TR\" \/>\n<meta property=\"og:type\" content=\"article\" \/>\n<meta property=\"og:title\" content=\"Barbaros 310 SL - Bimco International\" \/>\n<meta property=\"og:description\" content=\"Barbaros 310 SL: Bimco&#039;nun Optimum B\u00fcy\u00fcme ve Verim i\u00e7in Deniz Yosunu Ekstrakt\u0131 ile Zenginle\u015ftirilmi\u015f Premium S\u0131v\u0131 G\u00fcbresi ile Mahsul Potansiyelini Y\u00fckseltin.\" \/>\n<meta property=\"og:url\" content=\"https:\/\/bimcointernational.com\/tr\/urun\/barbaros310sl\/\" \/>\n<meta property=\"og:site_name\" content=\"bimco international\" \/>\n<meta property=\"article:publisher\" content=\"https:\/\/www.facebook.com\/B9K9T\" \/>\n<meta property=\"article:modified_time\" content=\"2023-10-02T11:45:16+00:00\" \/>\n<meta property=\"og:image\" content=\"https:\/\/bimcointernational.com\/wp-content\/uploads\/2023\/04\/\u0633\u064a\u0628\u0644\u0644\u0633\u064a.png\" \/>\n\t<meta property=\"og:image:width\" content=\"650\" \/>\n\t<meta property=\"og:image:height\" content=\"629\" \/>\n\t<meta property=\"og:image:type\" content=\"image\/png\" \/>\n<meta name=\"twitter:card\" content=\"summary_large_image\" \/>\n<meta name=\"twitter:label1\" content=\"Tahmini okuma s\u00fcresi\" \/>\n\t<meta name=\"twitter:data1\" content=\"2 dakika\" \/>\n<script type=\"application\/ld+json\" class=\"yoast-schema-graph\">{\"@context\":\"https:\\\/\\\/schema.org\",\"@graph\":[{\"@type\":\"WebPage\",\"@id\":\"https:\\\/\\\/bimcointernational.com\\\/tr\\\/urun\\\/barbaros310sl\\\/\",\"url\":\"https:\\\/\\\/bimcointernational.com\\\/tr\\\/urun\\\/barbaros310sl\\\/\",\"name\":\"Barbaros 310 SL - Bimco International\",\"isPartOf\":{\"@id\":\"https:\\\/\\\/bimcointernational.com\\\/tr\\\/#website\"},\"primaryImageOfPage\":{\"@id\":\"https:\\\/\\\/bimcointernational.com\\\/tr\\\/urun\\\/barbaros310sl\\\/#primaryimage\"},\"image\":{\"@id\":\"https:\\\/\\\/bimcointernational.com\\\/tr\\\/urun\\\/barbaros310sl\\\/#primaryimage\"},\"thumbnailUrl\":\"https:\\\/\\\/bimcointernational.com\\\/wp-content\\\/uploads\\\/2023\\\/04\\\/\u0633\u064a\u0628\u0644\u0644\u0633\u064a.png\",\"datePublished\":\"2023-04-05T03:55:53+00:00\",\"dateModified\":\"2023-10-02T11:45:16+00:00\",\"description\":\"Barbaros 310 SL: Bimco'nun Optimum B\u00fcy\u00fcme ve Verim i\u00e7in Deniz Yosunu Ekstrakt\u0131 ile Zenginle\u015ftirilmi\u015f Premium S\u0131v\u0131 G\u00fcbresi ile Mahsul Potansiyelini Y\u00fckseltin.\",\"breadcrumb\":{\"@id\":\"https:\\\/\\\/bimcointernational.com\\\/tr\\\/urun\\\/barbaros310sl\\\/#breadcrumb\"},\"inLanguage\":\"tr\",\"potentialAction\":[{\"@type\":\"ReadAction\",\"target\":[\"https:\\\/\\\/bimcointernational.com\\\/tr\\\/urun\\\/barbaros310sl\\\/\"]}]},{\"@type\":\"ImageObject\",\"inLanguage\":\"tr\",\"@id\":\"https:\\\/\\\/bimcointernational.com\\\/tr\\\/urun\\\/barbaros310sl\\\/#primaryimage\",\"url\":\"https:\\\/\\\/bimcointernational.com\\\/wp-content\\\/uploads\\\/2023\\\/04\\\/\u0633\u064a\u0628\u0644\u0644\u0633\u064a.png\",\"contentUrl\":\"https:\\\/\\\/bimcointernational.com\\\/wp-content\\\/uploads\\\/2023\\\/04\\\/\u0633\u064a\u0628\u0644\u0644\u0633\u064a.png\",\"width\":650,\"height\":629},{\"@type\":\"BreadcrumbList\",\"@id\":\"https:\\\/\\\/bimcointernational.com\\\/tr\\\/urun\\\/barbaros310sl\\\/#breadcrumb\",\"itemListElement\":[{\"@type\":\"ListItem\",\"position\":1,\"name\":\"Home\",\"item\":\"https:\\\/\\\/bimcointernational.com\\\/tr\\\/\"},{\"@type\":\"ListItem\",\"position\":2,\"name\":\"\u00dcr\u00fcnlerimiz\",\"item\":\"https:\\\/\\\/bimcointernational.com\\\/tr\\\/urunlerimiz\\\/\"},{\"@type\":\"ListItem\",\"position\":3,\"name\":\"Barbaros 310 SL\"}]},{\"@type\":\"WebSite\",\"@id\":\"https:\\\/\\\/bimcointernational.com\\\/tr\\\/#website\",\"url\":\"https:\\\/\\\/bimcointernational.com\\\/tr\\\/\",\"name\":\"bimco international\",\"description\":\"\u0634\u0631\u0643\u0629 \u0628\u064a\u0645\u0643\u0648 \u0627\u0644\u0643\u064a\u0645\u064a\u0627\u0626\u064a\u0629 \u0644\u0635\u0646\u0627\u0639\u0629 \u0627\u0644\u0645\u0628\u064a\u062f\u0627\u062a \u0648\u0627\u0644\u0623\u0633\u0645\u062f\u0629 \u0639\u0627\u0644\u064a\u0629 \u0627\u0644\u062c\u0648\u062f\u0629 35 \u0639\u0627\u0645\u0627 \u0645\u0646 \u0627\u0644\u062e\u0628\u0631\u0629 \u0646\u0636\u0639\u0647\u0627 \u0628\u064a\u0646 \u0623\u064a\u062f\u064a\u0643\u0645\",\"publisher\":{\"@id\":\"https:\\\/\\\/bimcointernational.com\\\/tr\\\/#organization\"},\"potentialAction\":[{\"@type\":\"SearchAction\",\"target\":{\"@type\":\"EntryPoint\",\"urlTemplate\":\"https:\\\/\\\/bimcointernational.com\\\/tr\\\/?s={search_term_string}\"},\"query-input\":{\"@type\":\"PropertyValueSpecification\",\"valueRequired\":true,\"valueName\":\"search_term_string\"}}],\"inLanguage\":\"tr\"},{\"@type\":\"Organization\",\"@id\":\"https:\\\/\\\/bimcointernational.com\\\/tr\\\/#organization\",\"name\":\"bimco international\",\"url\":\"https:\\\/\\\/bimcointernational.com\\\/tr\\\/\",\"logo\":{\"@type\":\"ImageObject\",\"inLanguage\":\"tr\",\"@id\":\"https:\\\/\\\/bimcointernational.com\\\/tr\\\/#\\\/schema\\\/logo\\\/image\\\/\",\"url\":\"https:\\\/\\\/bimcointernational.com\\\/wp-content\\\/uploads\\\/2023\\\/03\\\/bimco-international.png\",\"contentUrl\":\"https:\\\/\\\/bimcointernational.com\\\/wp-content\\\/uploads\\\/2023\\\/03\\\/bimco-international.png\",\"width\":1000,\"height\":283,\"caption\":\"bimco international\"},\"image\":{\"@id\":\"https:\\\/\\\/bimcointernational.com\\\/tr\\\/#\\\/schema\\\/logo\\\/image\\\/\"},\"sameAs\":[\"https:\\\/\\\/www.facebook.com\\\/B9K9T\",\"https:\\\/\\\/www.instagram.com\\\/bimcokimya\\\/\"]}]}<\/script>\n<!-- \/ Yoast SEO plugin. -->","yoast_head_json":{"title":"Barbaros 310 SL - Bimco International","description":"Barbaros 310 SL: Bimco'nun Optimum B\u00fcy\u00fcme ve Verim i\u00e7in Deniz Yosunu Ekstrakt\u0131 ile Zenginle\u015ftirilmi\u015f Premium S\u0131v\u0131 G\u00fcbresi ile Mahsul Potansiyelini Y\u00fckseltin.","robots":{"index":"index","follow":"follow","max-snippet":"max-snippet:-1","max-image-preview":"max-image-preview:large","max-video-preview":"max-video-preview:-1"},"canonical":"https:\/\/bimcointernational.com\/tr\/urun\/barbaros310sl\/","og_locale":"tr_TR","og_type":"article","og_title":"Barbaros 310 SL - Bimco International","og_description":"Barbaros 310 SL: Bimco'nun Optimum B\u00fcy\u00fcme ve Verim i\u00e7in Deniz Yosunu Ekstrakt\u0131 ile Zenginle\u015ftirilmi\u015f Premium S\u0131v\u0131 G\u00fcbresi ile Mahsul Potansiyelini Y\u00fckseltin.","og_url":"https:\/\/bimcointernational.com\/tr\/urun\/barbaros310sl\/","og_site_name":"bimco international","article_publisher":"https:\/\/www.facebook.com\/B9K9T","article_modified_time":"2023-10-02T11:45:16+00:00","og_image":[{"width":650,"height":629,"url":"https:\/\/bimcointernational.com\/wp-content\/uploads\/2023\/04\/\u0633\u064a\u0628\u0644\u0644\u0633\u064a.png","type":"image\/png"}],"twitter_card":"summary_large_image","twitter_misc":{"Tahmini okuma s\u00fcresi":"2 dakika"},"schema":{"@context":"https:\/\/schema.org","@graph":[{"@type":"WebPage","@id":"https:\/\/bimcointernational.com\/tr\/urun\/barbaros310sl\/","url":"https:\/\/bimcointernational.com\/tr\/urun\/barbaros310sl\/","name":"Barbaros 310 SL - Bimco International","isPartOf":{"@id":"https:\/\/bimcointernational.com\/tr\/#website"},"primaryImageOfPage":{"@id":"https:\/\/bimcointernational.com\/tr\/urun\/barbaros310sl\/#primaryimage"},"image":{"@id":"https:\/\/bimcointernational.com\/tr\/urun\/barbaros310sl\/#primaryimage"},"thumbnailUrl":"https:\/\/bimcointernational.com\/wp-content\/uploads\/2023\/04\/\u0633\u064a\u0628\u0644\u0644\u0633\u064a.png","datePublished":"2023-04-05T03:55:53+00:00","dateModified":"2023-10-02T11:45:16+00:00","description":"Barbaros 310 SL: Bimco'nun Optimum B\u00fcy\u00fcme ve Verim i\u00e7in Deniz Yosunu Ekstrakt\u0131 ile Zenginle\u015ftirilmi\u015f Premium S\u0131v\u0131 G\u00fcbresi ile Mahsul Potansiyelini Y\u00fckseltin.","breadcrumb":{"@id":"https:\/\/bimcointernational.com\/tr\/urun\/barbaros310sl\/#breadcrumb"},"inLanguage":"tr","potentialAction":[{"@type":"ReadAction","target":["https:\/\/bimcointernational.com\/tr\/urun\/barbaros310sl\/"]}]},{"@type":"ImageObject","inLanguage":"tr","@id":"https:\/\/bimcointernational.com\/tr\/urun\/barbaros310sl\/#primaryimage","url":"https:\/\/bimcointernational.com\/wp-content\/uploads\/2023\/04\/\u0633\u064a\u0628\u0644\u0644\u0633\u064a.png","contentUrl":"https:\/\/bimcointernational.com\/wp-content\/uploads\/2023\/04\/\u0633\u064a\u0628\u0644\u0644\u0633\u064a.png","width":650,"height":629},{"@type":"BreadcrumbList","@id":"https:\/\/bimcointernational.com\/tr\/urun\/barbaros310sl\/#breadcrumb","itemListElement":[{"@type":"ListItem","position":1,"name":"Home","item":"https:\/\/bimcointernational.com\/tr\/"},{"@type":"ListItem","position":2,"name":"\u00dcr\u00fcnlerimiz","item":"https:\/\/bimcointernational.com\/tr\/urunlerimiz\/"},{"@type":"ListItem","position":3,"name":"Barbaros 310 SL"}]},{"@type":"WebSite","@id":"https:\/\/bimcointernational.com\/tr\/#website","url":"https:\/\/bimcointernational.com\/tr\/","name":"bimco international","description":"\u0634\u0631\u0643\u0629 \u0628\u064a\u0645\u0643\u0648 \u0627\u0644\u0643\u064a\u0645\u064a\u0627\u0626\u064a\u0629 \u0644\u0635\u0646\u0627\u0639\u0629 \u0627\u0644\u0645\u0628\u064a\u062f\u0627\u062a \u0648\u0627\u0644\u0623\u0633\u0645\u062f\u0629 \u0639\u0627\u0644\u064a\u0629 \u0627\u0644\u062c\u0648\u062f\u0629 35 \u0639\u0627\u0645\u0627 \u0645\u0646 \u0627\u0644\u062e\u0628\u0631\u0629 \u0646\u0636\u0639\u0647\u0627 \u0628\u064a\u0646 \u0623\u064a\u062f\u064a\u0643\u0645","publisher":{"@id":"https:\/\/bimcointernational.com\/tr\/#organization"},"potentialAction":[{"@type":"SearchAction","target":{"@type":"EntryPoint","urlTemplate":"https:\/\/bimcointernational.com\/tr\/?s={search_term_string}"},"query-input":{"@type":"PropertyValueSpecification","valueRequired":true,"valueName":"search_term_string"}}],"inLanguage":"tr"},{"@type":"Organization","@id":"https:\/\/bimcointernational.com\/tr\/#organization","name":"bimco international","url":"https:\/\/bimcointernational.com\/tr\/","logo":{"@type":"ImageObject","inLanguage":"tr","@id":"https:\/\/bimcointernational.com\/tr\/#\/schema\/logo\/image\/","url":"https:\/\/bimcointernational.com\/wp-content\/uploads\/2023\/03\/bimco-international.png","contentUrl":"https:\/\/bimcointernational.com\/wp-content\/uploads\/2023\/03\/bimco-international.png","width":1000,"height":283,"caption":"bimco international"},"image":{"@id":"https:\/\/bimcointernational.com\/tr\/#\/schema\/logo\/image\/"},"sameAs":["https:\/\/www.facebook.com\/B9K9T","https:\/\/www.instagram.com\/bimcokimya\/"]}]}},"jetpack_sharing_enabled":true,"_links":{"self":[{"href":"https:\/\/bimcointernational.com\/tr\/wp-json\/wp\/v2\/product\/3631","targetHints":{"allow":["GET"]}}],"collection":[{"href":"https:\/\/bimcointernational.com\/tr\/wp-json\/wp\/v2\/product"}],"about":[{"href":"https:\/\/bimcointernational.com\/tr\/wp-json\/wp\/v2\/types\/product"}],"replies":[{"embeddable":true,"href":"https:\/\/bimcointernational.com\/tr\/wp-json\/wp\/v2\/comments?post=3631"}],"wp:featuredmedia":[{"embeddable":true,"href":"https:\/\/bimcointernational.com\/tr\/wp-json\/wp\/v2\/media\/4778"}],"wp:attachment":[{"href":"https:\/\/bimcointernational.com\/tr\/wp-json\/wp\/v2\/media?parent=3631"}],"wp:term":[{"taxonomy":"product_brand","embeddable":true,"href":"https:\/\/bimcointernational.com\/tr\/wp-json\/wp\/v2\/product_brand?post=3631"},{"taxonomy":"product_cat","embeddable":true,"href":"https:\/\/bimcointernational.com\/tr\/wp-json\/wp\/v2\/product_cat?post=3631"},{"taxonomy":"product_tag","embeddable":true,"href":"https:\/\/bimcointernational.com\/tr\/wp-json\/wp\/v2\/product_tag?post=3631"}],"curies":[{"name":"wp","href":"https:\/\/api.w.org\/{rel}","templated":true}]}}