{"id":3624,"date":"2023-04-05T04:13:27","date_gmt":"2023-04-05T04:13:27","guid":{"rendered":"https:\/\/bimcointernational.com\/product\/basqsincer-40-10-0dcdte\/"},"modified":"2023-10-03T13:08:14","modified_gmt":"2023-10-03T13:08:14","slug":"basqsincer40-10-0dcdte","status":"publish","type":"product","link":"https:\/\/bimcointernational.com\/tr\/urun\/basqsincer40-10-0dcdte\/","title":{"rendered":"BASQ&amp;SINCER 40-10-0+DCD+TE"},"content":{"rendered":"<p><span style=\"font-size: 20px;\">Bimco International&#8217;\u0131n En \u0130yi S\u0131v\u0131 G\u00fcbresi BASQ &amp; SINCER ile Optimum B\u00fcy\u00fcmeyi Ya\u015fay\u0131n. Azot ba\u011fl\u0131 nitrifikasyon inhibit\u00f6r\u00fc ve etkili fosfor ile zenginle\u015ftirilmi\u015f bu bile\u015fik, yemye\u015fil bitkisel b\u00fcy\u00fcmeyi ve sa\u011flam g\u00f6vdeleri, dallar\u0131 ve yapraklar\u0131 destekler. Meyve vermeyi, k\u00f6k geli\u015fimini ve \u00e7i\u00e7eklenmeyi te\u015fvik eder, bu da bitkilerin a\u011f\u0131r \u00fcretime sahip olmas\u0131n\u0131 sa\u011flar. Nitrifikasyon inhibit\u00f6r\u00fc nitrojen verimlili\u011fini art\u0131r\u0131r, israf\u0131 ve buharla\u015fmay\u0131 en aza indirir ve bitkilerinizin \u00fcst\u00fcn verim i\u00e7in en iyi bak\u0131m\u0131 almas\u0131n\u0131 sa\u011flar. B\u00fcy\u00fcyen mahsuller i\u00e7in BASQ &amp; SINCER&#8217;\u0131 se\u00e7in.<\/span><\/p>\n<p><span style=\"color: #99cc00;\"><strong>Kimyasal analiz:<\/strong><\/span><\/p>\n<table>\n<tbody>\n<tr>\n<td><span style=\"font-weight: 400;\">Toplam Azot (N)<\/span><\/td>\n<td><span style=\"font-weight: 400;\">% 40<\/span><\/td>\n<\/tr>\n<tr>\n<td><span style=\"font-weight: 400;\">Toplam fosfor pentaoksit (P2O5)<\/span><\/td>\n<td><span style=\"font-weight: 400;\">% 10<\/span><\/td>\n<\/tr>\n<tr>\n<td><span style=\"font-weight: 400;\">Mikro Elementler<\/span><\/td>\n<td><span style=\"font-weight: 400;\">Te<\/span><\/td>\n<\/tr>\n<\/tbody>\n<\/table>\n<p><span style=\"color: #8dc63f;\"><strong><span class=\"markedContent\"><span dir=\"rtl\" role=\"presentation\">Kullan\u0131m oran\u0131<\/span><\/span><\/strong><\/span><span style=\"color: #8dc63f;\"><strong><span class=\"markedContent\"><span dir=\"rtl\" role=\"presentation\">:<br \/>\n<\/span><\/span><\/strong><\/span><\/p>\n<table>\n<tbody>\n<tr>\n<td><strong>Bitki<\/strong><\/td>\n<td><span style=\"font-weight: 400;\">D\u00f6n\u00fcm<\/span><\/p>\n<p><span style=\"font-weight: 400;\">ba\u015f\u0131na su\/kg<\/span><\/td>\n<\/tr>\n<tr>\n<td><span style=\"font-weight: 400;\">Meyveler<\/span><\/td>\n<td><span style=\"font-weight: 400;\">3-5<\/span><\/td>\n<\/tr>\n<tr>\n<td><span style=\"font-weight: 400;\">Yaprakl\u0131 sebzeler<\/span><\/td>\n<td><span style=\"font-weight: 400;\">3-7<\/span><\/td>\n<\/tr>\n<tr>\n<td><span style=\"font-weight: 400;\">Tah\u0131llar ve baklagiller<\/span><\/td>\n<td><span style=\"font-weight: 400;\">3-5<\/span><\/td>\n<\/tr>\n<tr>\n<td><span style=\"font-weight: 400;\">M\u0131s\u0131r, pamuk, pancar, havu\u00e7 ve \u015falgam<\/span><\/td>\n<td><span style=\"font-weight: 400;\">5-9<\/span><\/td>\n<\/tr>\n<tr>\n<td><span style=\"font-weight: 400;\">Verimli a\u011fa\u00e7lar<\/span><\/td>\n<td><span style=\"font-weight: 400;\">3-10<\/span><\/td>\n<\/tr>\n<tr>\n<td><span style=\"font-weight: 400;\">Kimyon, Nigella ve Susam<\/span><\/td>\n<td><span style=\"font-weight: 400;\">1-2<\/span><\/td>\n<\/tr>\n<\/tbody>\n<\/table>\n","protected":false},"excerpt":{"rendered":"<p>Bu, yeni nesil bir bankan\u0131n en iyi kredi kart\u0131 olarak kabul etti\u011fi bir i\u015flemdir.<\/p>\n","protected":false},"featured_media":2929,"comment_status":"closed","ping_status":"closed","template":"","meta":{"_eb_attr":"","site-sidebar-layout":"default","site-content-layout":"default","ast-site-content-layout":"default","site-content-style":"default","site-sidebar-style":"default","ast-global-header-display":"","ast-banner-title-visibility":"","ast-main-header-display":"","ast-hfb-above-header-display":"","ast-hfb-below-header-display":"","ast-hfb-mobile-header-display":"","site-post-title":"","ast-breadcrumbs-content":"","ast-featured-img":"","footer-sml-layout":"","ast-disable-related-posts":"","theme-transparent-header-meta":"default","adv-header-id-meta":"","stick-header-meta":"","header-above-stick-meta":"","header-main-stick-meta":"","header-below-stick-meta":"","astra-migrate-meta-layouts":"set","ast-page-background-enabled":"default","ast-page-background-meta":{"desktop":{"background-color":"var(--ast-global-color-4)","background-image":"","background-repeat":"repeat","background-position":"center center","background-size":"auto","background-attachment":"scroll","background-type":"","background-media":"","overlay-type":"","overlay-color":"","overlay-opacity":"","overlay-gradient":""},"tablet":{"background-color":"","background-image":"","background-repeat":"repeat","background-position":"center center","background-size":"auto","background-attachment":"scroll","background-type":"","background-media":"","overlay-type":"","overlay-color":"","overlay-opacity":"","overlay-gradient":""},"mobile":{"background-color":"","background-image":"","background-repeat":"repeat","background-position":"center center","background-size":"auto","background-attachment":"scroll","background-type":"","background-media":"","overlay-type":"","overlay-color":"","overlay-opacity":"","overlay-gradient":""}},"ast-content-background-meta":{"desktop":{"background-color":"var(--ast-global-color-5)","background-image":"","background-repeat":"repeat","background-position":"center center","background-size":"auto","background-attachment":"scroll","background-type":"","background-media":"","overlay-type":"","overlay-color":"","overlay-opacity":"","overlay-gradient":""},"tablet":{"background-color":"var(--ast-global-color-5)","background-image":"","background-repeat":"repeat","background-position":"center center","background-size":"auto","background-attachment":"scroll","background-type":"","background-media":"","overlay-type":"","overlay-color":"","overlay-opacity":"","overlay-gradient":""},"mobile":{"background-color":"var(--ast-global-color-5)","background-image":"","background-repeat":"repeat","background-position":"center center","background-size":"auto","background-attachment":"scroll","background-type":"","background-media":"","overlay-type":"","overlay-color":"","overlay-opacity":"","overlay-gradient":""}},"_joinchat":[]},"product_brand":[],"product_cat":[80],"product_tag":[],"class_list":{"0":"post-3624","1":"product","2":"type-product","3":"status-publish","4":"has-post-thumbnail","6":"product_cat-sivi-gubre","7":"desktop-align-left","8":"tablet-align-left","9":"mobile-align-left","11":"first","12":"instock","13":"shipping-taxable","14":"product-type-simple"},"yoast_head":"<!-- This site is optimized with the Yoast SEO plugin v27.1.1 - https:\/\/yoast.com\/product\/yoast-seo-wordpress\/ -->\n<title>BASQ&amp;SINCER 40-10-0+DCD+TE - Bimco International<\/title>\n<meta name=\"description\" content=\"BASQ &amp; SINCER: 40-10-0+DCD+TE En \u0130yi S\u0131v\u0131 G\u00fcbresi ile Mahsul B\u00fcy\u00fcmenizi Art\u0131r\u0131n. \u00dcst\u00fcn Verim i\u00e7in Bitkisel ve Meyveli B\u00fcy\u00fcmeyi Optimize Edin.\" \/>\n<meta name=\"robots\" content=\"index, follow, max-snippet:-1, max-image-preview:large, max-video-preview:-1\" \/>\n<link rel=\"canonical\" href=\"https:\/\/bimcointernational.com\/tr\/urun\/basqsincer40-10-0dcdte\/\" \/>\n<meta property=\"og:locale\" content=\"tr_TR\" \/>\n<meta property=\"og:type\" content=\"article\" \/>\n<meta property=\"og:title\" content=\"BASQ&amp;SINCER 40-10-0+DCD+TE - Bimco International\" \/>\n<meta property=\"og:description\" content=\"BASQ &amp; SINCER: 40-10-0+DCD+TE En \u0130yi S\u0131v\u0131 G\u00fcbresi ile Mahsul B\u00fcy\u00fcmenizi Art\u0131r\u0131n. \u00dcst\u00fcn Verim i\u00e7in Bitkisel ve Meyveli B\u00fcy\u00fcmeyi Optimize Edin.\" \/>\n<meta property=\"og:url\" content=\"https:\/\/bimcointernational.com\/tr\/urun\/basqsincer40-10-0dcdte\/\" \/>\n<meta property=\"og:site_name\" content=\"bimco international\" \/>\n<meta property=\"article:publisher\" content=\"https:\/\/www.facebook.com\/B9K9T\" \/>\n<meta property=\"article:modified_time\" content=\"2023-10-03T13:08:14+00:00\" \/>\n<meta property=\"og:image\" content=\"https:\/\/bimcointernational.com\/wp-content\/uploads\/2023\/04\/plastic_bottle_mockup_01-45-4.png\" \/>\n\t<meta property=\"og:image:width\" content=\"1200\" \/>\n\t<meta property=\"og:image:height\" content=\"1220\" \/>\n\t<meta property=\"og:image:type\" content=\"image\/png\" \/>\n<meta name=\"twitter:card\" content=\"summary_large_image\" \/>\n<meta name=\"twitter:label1\" content=\"Tahmini okuma s\u00fcresi\" \/>\n\t<meta name=\"twitter:data1\" content=\"1 dakika\" \/>\n<script type=\"application\/ld+json\" class=\"yoast-schema-graph\">{\"@context\":\"https:\/\/schema.org\",\"@graph\":[{\"@type\":\"WebPage\",\"@id\":\"https:\/\/bimcointernational.com\/tr\/urun\/basqsincer40-10-0dcdte\/\",\"url\":\"https:\/\/bimcointernational.com\/tr\/urun\/basqsincer40-10-0dcdte\/\",\"name\":\"BASQ&amp;SINCER 40-10-0+DCD+TE - Bimco International\",\"isPartOf\":{\"@id\":\"https:\/\/bimcointernational.com\/tr\/#website\"},\"primaryImageOfPage\":{\"@id\":\"https:\/\/bimcointernational.com\/tr\/urun\/basqsincer40-10-0dcdte\/#primaryimage\"},\"image\":{\"@id\":\"https:\/\/bimcointernational.com\/tr\/urun\/basqsincer40-10-0dcdte\/#primaryimage\"},\"thumbnailUrl\":\"https:\/\/bimcointernational.com\/wp-content\/uploads\/2023\/04\/plastic_bottle_mockup_01-45-4.png\",\"datePublished\":\"2023-04-05T04:13:27+00:00\",\"dateModified\":\"2023-10-03T13:08:14+00:00\",\"description\":\"BASQ & SINCER: 40-10-0+DCD+TE En \u0130yi S\u0131v\u0131 G\u00fcbresi ile Mahsul B\u00fcy\u00fcmenizi Art\u0131r\u0131n. \u00dcst\u00fcn Verim i\u00e7in Bitkisel ve Meyveli B\u00fcy\u00fcmeyi Optimize Edin.\",\"breadcrumb\":{\"@id\":\"https:\/\/bimcointernational.com\/tr\/urun\/basqsincer40-10-0dcdte\/#breadcrumb\"},\"inLanguage\":\"tr\",\"potentialAction\":[{\"@type\":\"ReadAction\",\"target\":[\"https:\/\/bimcointernational.com\/tr\/urun\/basqsincer40-10-0dcdte\/\"]}]},{\"@type\":\"ImageObject\",\"inLanguage\":\"tr\",\"@id\":\"https:\/\/bimcointernational.com\/tr\/urun\/basqsincer40-10-0dcdte\/#primaryimage\",\"url\":\"https:\/\/bimcointernational.com\/wp-content\/uploads\/2023\/04\/plastic_bottle_mockup_01-45-4.png\",\"contentUrl\":\"https:\/\/bimcointernational.com\/wp-content\/uploads\/2023\/04\/plastic_bottle_mockup_01-45-4.png\",\"width\":1200,\"height\":1220,\"caption\":\"BASQ & SINCER: 40-10-0+DCD+TE Bimko International, Bimco International\"},{\"@type\":\"BreadcrumbList\",\"@id\":\"https:\/\/bimcointernational.com\/tr\/urun\/basqsincer40-10-0dcdte\/#breadcrumb\",\"itemListElement\":[{\"@type\":\"ListItem\",\"position\":1,\"name\":\"Home\",\"item\":\"https:\/\/bimcointernational.com\/tr\/\"},{\"@type\":\"ListItem\",\"position\":2,\"name\":\"\u00dcr\u00fcnlerimiz\",\"item\":\"https:\/\/bimcointernational.com\/tr\/urunlerimiz\/\"},{\"@type\":\"ListItem\",\"position\":3,\"name\":\"BASQ&amp;SINCER 40-10-0+DCD+TE\"}]},{\"@type\":\"WebSite\",\"@id\":\"https:\/\/bimcointernational.com\/tr\/#website\",\"url\":\"https:\/\/bimcointernational.com\/tr\/\",\"name\":\"bimco international\",\"description\":\"\u0634\u0631\u0643\u0629 \u0628\u064a\u0645\u0643\u0648 \u0627\u0644\u0643\u064a\u0645\u064a\u0627\u0626\u064a\u0629 \u0644\u0635\u0646\u0627\u0639\u0629 \u0627\u0644\u0645\u0628\u064a\u062f\u0627\u062a \u0648\u0627\u0644\u0623\u0633\u0645\u062f\u0629 \u0639\u0627\u0644\u064a\u0629 \u0627\u0644\u062c\u0648\u062f\u0629 35 \u0639\u0627\u0645\u0627 \u0645\u0646 \u0627\u0644\u062e\u0628\u0631\u0629 \u0646\u0636\u0639\u0647\u0627 \u0628\u064a\u0646 \u0623\u064a\u062f\u064a\u0643\u0645\",\"publisher\":{\"@id\":\"https:\/\/bimcointernational.com\/tr\/#organization\"},\"potentialAction\":[{\"@type\":\"SearchAction\",\"target\":{\"@type\":\"EntryPoint\",\"urlTemplate\":\"https:\/\/bimcointernational.com\/tr\/?s={search_term_string}\"},\"query-input\":{\"@type\":\"PropertyValueSpecification\",\"valueRequired\":true,\"valueName\":\"search_term_string\"}}],\"inLanguage\":\"tr\"},{\"@type\":\"Organization\",\"@id\":\"https:\/\/bimcointernational.com\/tr\/#organization\",\"name\":\"bimco international\",\"url\":\"https:\/\/bimcointernational.com\/tr\/\",\"logo\":{\"@type\":\"ImageObject\",\"inLanguage\":\"tr\",\"@id\":\"https:\/\/bimcointernational.com\/tr\/#\/schema\/logo\/image\/\",\"url\":\"https:\/\/bimcointernational.com\/wp-content\/uploads\/2023\/03\/bimco-international.png\",\"contentUrl\":\"https:\/\/bimcointernational.com\/wp-content\/uploads\/2023\/03\/bimco-international.png\",\"width\":1000,\"height\":283,\"caption\":\"bimco international\"},\"image\":{\"@id\":\"https:\/\/bimcointernational.com\/tr\/#\/schema\/logo\/image\/\"},\"sameAs\":[\"https:\/\/www.facebook.com\/B9K9T\",\"https:\/\/www.instagram.com\/bimcokimya\/\"]}]}<\/script>\n<!-- \/ Yoast SEO plugin. -->","yoast_head_json":{"title":"BASQ&amp;SINCER 40-10-0+DCD+TE - Bimco International","description":"BASQ & SINCER: 40-10-0+DCD+TE En \u0130yi S\u0131v\u0131 G\u00fcbresi ile Mahsul B\u00fcy\u00fcmenizi Art\u0131r\u0131n. \u00dcst\u00fcn Verim i\u00e7in Bitkisel ve Meyveli B\u00fcy\u00fcmeyi Optimize Edin.","robots":{"index":"index","follow":"follow","max-snippet":"max-snippet:-1","max-image-preview":"max-image-preview:large","max-video-preview":"max-video-preview:-1"},"canonical":"https:\/\/bimcointernational.com\/tr\/urun\/basqsincer40-10-0dcdte\/","og_locale":"tr_TR","og_type":"article","og_title":"BASQ&amp;SINCER 40-10-0+DCD+TE - Bimco International","og_description":"BASQ & SINCER: 40-10-0+DCD+TE En \u0130yi S\u0131v\u0131 G\u00fcbresi ile Mahsul B\u00fcy\u00fcmenizi Art\u0131r\u0131n. \u00dcst\u00fcn Verim i\u00e7in Bitkisel ve Meyveli B\u00fcy\u00fcmeyi Optimize Edin.","og_url":"https:\/\/bimcointernational.com\/tr\/urun\/basqsincer40-10-0dcdte\/","og_site_name":"bimco international","article_publisher":"https:\/\/www.facebook.com\/B9K9T","article_modified_time":"2023-10-03T13:08:14+00:00","og_image":[{"width":1200,"height":1220,"url":"https:\/\/bimcointernational.com\/wp-content\/uploads\/2023\/04\/plastic_bottle_mockup_01-45-4.png","type":"image\/png"}],"twitter_card":"summary_large_image","twitter_misc":{"Tahmini okuma s\u00fcresi":"1 dakika"},"schema":{"@context":"https:\/\/schema.org","@graph":[{"@type":"WebPage","@id":"https:\/\/bimcointernational.com\/tr\/urun\/basqsincer40-10-0dcdte\/","url":"https:\/\/bimcointernational.com\/tr\/urun\/basqsincer40-10-0dcdte\/","name":"BASQ&amp;SINCER 40-10-0+DCD+TE - Bimco International","isPartOf":{"@id":"https:\/\/bimcointernational.com\/tr\/#website"},"primaryImageOfPage":{"@id":"https:\/\/bimcointernational.com\/tr\/urun\/basqsincer40-10-0dcdte\/#primaryimage"},"image":{"@id":"https:\/\/bimcointernational.com\/tr\/urun\/basqsincer40-10-0dcdte\/#primaryimage"},"thumbnailUrl":"https:\/\/bimcointernational.com\/wp-content\/uploads\/2023\/04\/plastic_bottle_mockup_01-45-4.png","datePublished":"2023-04-05T04:13:27+00:00","dateModified":"2023-10-03T13:08:14+00:00","description":"BASQ & SINCER: 40-10-0+DCD+TE En \u0130yi S\u0131v\u0131 G\u00fcbresi ile Mahsul B\u00fcy\u00fcmenizi Art\u0131r\u0131n. \u00dcst\u00fcn Verim i\u00e7in Bitkisel ve Meyveli B\u00fcy\u00fcmeyi Optimize Edin.","breadcrumb":{"@id":"https:\/\/bimcointernational.com\/tr\/urun\/basqsincer40-10-0dcdte\/#breadcrumb"},"inLanguage":"tr","potentialAction":[{"@type":"ReadAction","target":["https:\/\/bimcointernational.com\/tr\/urun\/basqsincer40-10-0dcdte\/"]}]},{"@type":"ImageObject","inLanguage":"tr","@id":"https:\/\/bimcointernational.com\/tr\/urun\/basqsincer40-10-0dcdte\/#primaryimage","url":"https:\/\/bimcointernational.com\/wp-content\/uploads\/2023\/04\/plastic_bottle_mockup_01-45-4.png","contentUrl":"https:\/\/bimcointernational.com\/wp-content\/uploads\/2023\/04\/plastic_bottle_mockup_01-45-4.png","width":1200,"height":1220,"caption":"BASQ & SINCER: 40-10-0+DCD+TE Bimko International, Bimco International"},{"@type":"BreadcrumbList","@id":"https:\/\/bimcointernational.com\/tr\/urun\/basqsincer40-10-0dcdte\/#breadcrumb","itemListElement":[{"@type":"ListItem","position":1,"name":"Home","item":"https:\/\/bimcointernational.com\/tr\/"},{"@type":"ListItem","position":2,"name":"\u00dcr\u00fcnlerimiz","item":"https:\/\/bimcointernational.com\/tr\/urunlerimiz\/"},{"@type":"ListItem","position":3,"name":"BASQ&amp;SINCER 40-10-0+DCD+TE"}]},{"@type":"WebSite","@id":"https:\/\/bimcointernational.com\/tr\/#website","url":"https:\/\/bimcointernational.com\/tr\/","name":"bimco international","description":"\u0634\u0631\u0643\u0629 \u0628\u064a\u0645\u0643\u0648 \u0627\u0644\u0643\u064a\u0645\u064a\u0627\u0626\u064a\u0629 \u0644\u0635\u0646\u0627\u0639\u0629 \u0627\u0644\u0645\u0628\u064a\u062f\u0627\u062a \u0648\u0627\u0644\u0623\u0633\u0645\u062f\u0629 \u0639\u0627\u0644\u064a\u0629 \u0627\u0644\u062c\u0648\u062f\u0629 35 \u0639\u0627\u0645\u0627 \u0645\u0646 \u0627\u0644\u062e\u0628\u0631\u0629 \u0646\u0636\u0639\u0647\u0627 \u0628\u064a\u0646 \u0623\u064a\u062f\u064a\u0643\u0645","publisher":{"@id":"https:\/\/bimcointernational.com\/tr\/#organization"},"potentialAction":[{"@type":"SearchAction","target":{"@type":"EntryPoint","urlTemplate":"https:\/\/bimcointernational.com\/tr\/?s={search_term_string}"},"query-input":{"@type":"PropertyValueSpecification","valueRequired":true,"valueName":"search_term_string"}}],"inLanguage":"tr"},{"@type":"Organization","@id":"https:\/\/bimcointernational.com\/tr\/#organization","name":"bimco international","url":"https:\/\/bimcointernational.com\/tr\/","logo":{"@type":"ImageObject","inLanguage":"tr","@id":"https:\/\/bimcointernational.com\/tr\/#\/schema\/logo\/image\/","url":"https:\/\/bimcointernational.com\/wp-content\/uploads\/2023\/03\/bimco-international.png","contentUrl":"https:\/\/bimcointernational.com\/wp-content\/uploads\/2023\/03\/bimco-international.png","width":1000,"height":283,"caption":"bimco international"},"image":{"@id":"https:\/\/bimcointernational.com\/tr\/#\/schema\/logo\/image\/"},"sameAs":["https:\/\/www.facebook.com\/B9K9T","https:\/\/www.instagram.com\/bimcokimya\/"]}]}},"jetpack_sharing_enabled":true,"_links":{"self":[{"href":"https:\/\/bimcointernational.com\/tr\/wp-json\/wp\/v2\/product\/3624","targetHints":{"allow":["GET"]}}],"collection":[{"href":"https:\/\/bimcointernational.com\/tr\/wp-json\/wp\/v2\/product"}],"about":[{"href":"https:\/\/bimcointernational.com\/tr\/wp-json\/wp\/v2\/types\/product"}],"replies":[{"embeddable":true,"href":"https:\/\/bimcointernational.com\/tr\/wp-json\/wp\/v2\/comments?post=3624"}],"wp:featuredmedia":[{"embeddable":true,"href":"https:\/\/bimcointernational.com\/tr\/wp-json\/wp\/v2\/media\/2929"}],"wp:attachment":[{"href":"https:\/\/bimcointernational.com\/tr\/wp-json\/wp\/v2\/media?parent=3624"}],"wp:term":[{"taxonomy":"product_brand","embeddable":true,"href":"https:\/\/bimcointernational.com\/tr\/wp-json\/wp\/v2\/product_brand?post=3624"},{"taxonomy":"product_cat","embeddable":true,"href":"https:\/\/bimcointernational.com\/tr\/wp-json\/wp\/v2\/product_cat?post=3624"},{"taxonomy":"product_tag","embeddable":true,"href":"https:\/\/bimcointernational.com\/tr\/wp-json\/wp\/v2\/product_tag?post=3624"}],"curies":[{"name":"wp","href":"https:\/\/api.w.org\/{rel}","templated":true}]}}