{"id":3603,"date":"2023-04-05T04:45:59","date_gmt":"2023-04-05T04:45:59","guid":{"rendered":"https:\/\/bimcointernational.com\/product\/sari-410-sl\/"},"modified":"2024-01-03T15:58:49","modified_gmt":"2024-01-03T15:58:49","slug":"sari-410-sl","status":"publish","type":"product","link":"https:\/\/bimcointernational.com\/tr\/urun\/sari-410-sl\/","title":{"rendered":"Sar\u0131 410 SL"},"content":{"rendered":"<p><span style=\"color: #99cc00;\"><strong>&#8220;SARI 410SL:<\/strong><\/span><\/p>\n<p>Fenolik karboksilik asit kompleksi ile \u00e7ok say\u0131da zararl\u0131yla m\u00fccadele ederken temel bitki deste\u011fi sa\u011flayan organik bir g\u00fcbre, nematosit ve fungisit. Bu kompleks \u00e7e\u015fitli fizyolojik s\u00fcre\u00e7leri d\u00fczenler, \u00e7i\u00e7eklenmeyi uyar\u0131r, b\u00fcy\u00fcmeyi art\u0131r\u0131r ve elektrolit al\u0131m\u0131n\u0131 kontrol eder. Mineral, hormonal denge ve stoma hareketinin y\u00f6netilmesinde \u00e7ok \u00f6nemli bir rol oynar. Ayr\u0131ca bitkilerin tuz, kurakl\u0131k ve termal ko\u015fullar gibi \u00e7evresel streslere tepki vermesine yard\u0131mc\u0131 olur. \u00c7ok say\u0131da mantar ve nematod \u00fczerindeki do\u011frudan ve g\u00fc\u00e7l\u00fc etkisinin yan\u0131 s\u0131ra, kimyasal bile\u015fimi silikonlar, \u015feker alkolleri, vitaminler ve organik asitlerle g\u00fc\u00e7lendirilmi\u015f Brioksik asetik asit i\u00e7erir.<\/p>\n<h2><span style=\"color: #99cc00;\"><strong>\u00d6nerilen kullan\u0131m:<\/strong><\/span><\/h2>\n<p>Yaprak spreyi 50-100 ml\/100 litre su aras\u0131nda de\u011fi\u015fir, toprak mantarlar\u0131 ve nematod kontrol\u00fc i\u00e7in 500 ml\/hektar sulama ve bitki b\u00fcy\u00fcmesini te\u015fvik etmek i\u00e7in 400 ml\/hektar sulama yap\u0131l\u0131r. Toprak kalitesinin iyile\u015ftirilmesi i\u00e7in her <em>7-14<\/em> g\u00fcnde bir etkilidir.<\/p>\n<h3><span style=\"color: #99cc00;\"><strong>A\u015fa\u011f\u0131dakiler gibi \u00e7e\u015fitli mantarlara kar\u015f\u0131 etkilidir:<\/strong><\/span><\/h3>\n<ul>\n<li>Pythium,<\/li>\n<li>Verticillium,<\/li>\n<li>Botrytis,<\/li>\n<li>Ps\u00f6doperonospora,<\/li>\n<li>Rizoktoni,<\/li>\n<li>ve Fusarium.<\/li>\n<li>Ayr\u0131ca k\u00f6k ur nematodlar\u0131 (Meloidogyne sp) ile de sava\u015f\u0131r.&#8221;<\/li>\n<\/ul>\n","protected":false},"excerpt":{"rendered":"<p>PLANT NUTRITION&amp;NEMATOCIDE&amp;FUNGICIDE<\/p>\n","protected":false},"featured_media":2561,"comment_status":"closed","ping_status":"closed","template":"","meta":{"_eb_attr":"","site-sidebar-layout":"default","site-content-layout":"default","ast-site-content-layout":"default","site-content-style":"default","site-sidebar-style":"default","ast-global-header-display":"","ast-banner-title-visibility":"","ast-main-header-display":"","ast-hfb-above-header-display":"","ast-hfb-below-header-display":"","ast-hfb-mobile-header-display":"","site-post-title":"","ast-breadcrumbs-content":"","ast-featured-img":"","footer-sml-layout":"","ast-disable-related-posts":"","theme-transparent-header-meta":"default","adv-header-id-meta":"","stick-header-meta":"","header-above-stick-meta":"","header-main-stick-meta":"","header-below-stick-meta":"","astra-migrate-meta-layouts":"set","ast-page-background-enabled":"default","ast-page-background-meta":{"desktop":{"background-color":"var(--ast-global-color-4)","background-image":"","background-repeat":"repeat","background-position":"center center","background-size":"auto","background-attachment":"scroll","background-type":"","background-media":"","overlay-type":"","overlay-color":"","overlay-opacity":"","overlay-gradient":""},"tablet":{"background-color":"","background-image":"","background-repeat":"repeat","background-position":"center center","background-size":"auto","background-attachment":"scroll","background-type":"","background-media":"","overlay-type":"","overlay-color":"","overlay-opacity":"","overlay-gradient":""},"mobile":{"background-color":"","background-image":"","background-repeat":"repeat","background-position":"center center","background-size":"auto","background-attachment":"scroll","background-type":"","background-media":"","overlay-type":"","overlay-color":"","overlay-opacity":"","overlay-gradient":""}},"ast-content-background-meta":{"desktop":{"background-color":"var(--ast-global-color-5)","background-image":"","background-repeat":"repeat","background-position":"center center","background-size":"auto","background-attachment":"scroll","background-type":"","background-media":"","overlay-type":"","overlay-color":"","overlay-opacity":"","overlay-gradient":""},"tablet":{"background-color":"var(--ast-global-color-5)","background-image":"","background-repeat":"repeat","background-position":"center center","background-size":"auto","background-attachment":"scroll","background-type":"","background-media":"","overlay-type":"","overlay-color":"","overlay-opacity":"","overlay-gradient":""},"mobile":{"background-color":"var(--ast-global-color-5)","background-image":"","background-repeat":"repeat","background-position":"center center","background-size":"auto","background-attachment":"scroll","background-type":"","background-media":"","overlay-type":"","overlay-color":"","overlay-opacity":"","overlay-gradient":""}},"_joinchat":[]},"product_brand":[],"product_cat":[90],"product_tag":[],"class_list":{"0":"post-3603","1":"product","2":"type-product","3":"status-publish","4":"has-post-thumbnail","6":"product_cat-yesil-tarim-urunleri","7":"desktop-align-left","8":"tablet-align-left","9":"mobile-align-left","11":"first","12":"instock","13":"shipping-taxable","14":"product-type-simple"},"yoast_head":"<!-- This site is optimized with the Yoast SEO plugin v27.4 - https:\/\/yoast.com\/product\/yoast-seo-wordpress\/ -->\n<title>Sar\u0131 410 SL - Bimco International<\/title>\n<meta name=\"description\" content=\"&quot;SARI 410 SL: Organik g\u00fcbre ve mantar ilac\u0131. Zararl\u0131larla sava\u015f\u0131r, b\u00fcy\u00fcmeyi art\u0131r\u0131r. Mantarlara ve nematodlara kar\u015f\u0131 etkilidir. Daha fazlas\u0131n\u0131 \u00f6\u011frenin!&quot;\" \/>\n<meta name=\"robots\" content=\"index, follow, max-snippet:-1, max-image-preview:large, max-video-preview:-1\" \/>\n<link rel=\"canonical\" href=\"https:\/\/bimcointernational.com\/tr\/urun\/sari-410-sl\/\" \/>\n<meta property=\"og:locale\" content=\"tr_TR\" \/>\n<meta property=\"og:type\" content=\"article\" \/>\n<meta property=\"og:title\" content=\"Sar\u0131 410 SL - Bimco International\" \/>\n<meta property=\"og:description\" content=\"&quot;SARI 410 SL: Organik g\u00fcbre ve mantar ilac\u0131. Zararl\u0131larla sava\u015f\u0131r, b\u00fcy\u00fcmeyi art\u0131r\u0131r. Mantarlara ve nematodlara kar\u015f\u0131 etkilidir. Daha fazlas\u0131n\u0131 \u00f6\u011frenin!&quot;\" \/>\n<meta property=\"og:url\" content=\"https:\/\/bimcointernational.com\/tr\/urun\/sari-410-sl\/\" \/>\n<meta property=\"og:site_name\" content=\"bimco international\" \/>\n<meta property=\"article:publisher\" content=\"https:\/\/www.facebook.com\/B9K9T\" \/>\n<meta property=\"article:modified_time\" content=\"2024-01-03T15:58:49+00:00\" \/>\n<meta property=\"og:image\" content=\"https:\/\/bimcointernational.com\/wp-content\/uploads\/2023\/04\/plastic_bottle_mockup_01-27.png\" \/>\n\t<meta property=\"og:image:width\" content=\"1200\" \/>\n\t<meta property=\"og:image:height\" content=\"1220\" \/>\n\t<meta property=\"og:image:type\" content=\"image\/png\" \/>\n<meta name=\"twitter:card\" content=\"summary_large_image\" \/>\n<meta name=\"twitter:label1\" content=\"Tahmini okuma s\u00fcresi\" \/>\n\t<meta name=\"twitter:data1\" content=\"1 dakika\" \/>\n<script type=\"application\/ld+json\" class=\"yoast-schema-graph\">{\"@context\":\"https:\\\/\\\/schema.org\",\"@graph\":[{\"@type\":\"WebPage\",\"@id\":\"https:\\\/\\\/bimcointernational.com\\\/tr\\\/urun\\\/sari-410-sl\\\/\",\"url\":\"https:\\\/\\\/bimcointernational.com\\\/tr\\\/urun\\\/sari-410-sl\\\/\",\"name\":\"Sar\u0131 410 SL - Bimco International\",\"isPartOf\":{\"@id\":\"https:\\\/\\\/bimcointernational.com\\\/tr\\\/#website\"},\"primaryImageOfPage\":{\"@id\":\"https:\\\/\\\/bimcointernational.com\\\/tr\\\/urun\\\/sari-410-sl\\\/#primaryimage\"},\"image\":{\"@id\":\"https:\\\/\\\/bimcointernational.com\\\/tr\\\/urun\\\/sari-410-sl\\\/#primaryimage\"},\"thumbnailUrl\":\"https:\\\/\\\/bimcointernational.com\\\/wp-content\\\/uploads\\\/2023\\\/04\\\/plastic_bottle_mockup_01-27.png\",\"datePublished\":\"2023-04-05T04:45:59+00:00\",\"dateModified\":\"2024-01-03T15:58:49+00:00\",\"description\":\"\\\"SARI 410 SL: Organik g\u00fcbre ve mantar ilac\u0131. Zararl\u0131larla sava\u015f\u0131r, b\u00fcy\u00fcmeyi art\u0131r\u0131r. Mantarlara ve nematodlara kar\u015f\u0131 etkilidir. Daha fazlas\u0131n\u0131 \u00f6\u011frenin!\\\"\",\"breadcrumb\":{\"@id\":\"https:\\\/\\\/bimcointernational.com\\\/tr\\\/urun\\\/sari-410-sl\\\/#breadcrumb\"},\"inLanguage\":\"tr\",\"potentialAction\":[{\"@type\":\"ReadAction\",\"target\":[\"https:\\\/\\\/bimcointernational.com\\\/tr\\\/urun\\\/sari-410-sl\\\/\"]}]},{\"@type\":\"ImageObject\",\"inLanguage\":\"tr\",\"@id\":\"https:\\\/\\\/bimcointernational.com\\\/tr\\\/urun\\\/sari-410-sl\\\/#primaryimage\",\"url\":\"https:\\\/\\\/bimcointernational.com\\\/wp-content\\\/uploads\\\/2023\\\/04\\\/plastic_bottle_mockup_01-27.png\",\"contentUrl\":\"https:\\\/\\\/bimcointernational.com\\\/wp-content\\\/uploads\\\/2023\\\/04\\\/plastic_bottle_mockup_01-27.png\",\"width\":1200,\"height\":1220,\"caption\":\"Sar\u0131 410 SL\"},{\"@type\":\"BreadcrumbList\",\"@id\":\"https:\\\/\\\/bimcointernational.com\\\/tr\\\/urun\\\/sari-410-sl\\\/#breadcrumb\",\"itemListElement\":[{\"@type\":\"ListItem\",\"position\":1,\"name\":\"Home\",\"item\":\"https:\\\/\\\/bimcointernational.com\\\/tr\\\/\"},{\"@type\":\"ListItem\",\"position\":2,\"name\":\"\u00dcr\u00fcnlerimiz\",\"item\":\"https:\\\/\\\/bimcointernational.com\\\/tr\\\/urunlerimiz\\\/\"},{\"@type\":\"ListItem\",\"position\":3,\"name\":\"Sar\u0131 410 SL\"}]},{\"@type\":\"WebSite\",\"@id\":\"https:\\\/\\\/bimcointernational.com\\\/tr\\\/#website\",\"url\":\"https:\\\/\\\/bimcointernational.com\\\/tr\\\/\",\"name\":\"bimco international\",\"description\":\"\u0634\u0631\u0643\u0629 \u0628\u064a\u0645\u0643\u0648 \u0627\u0644\u0643\u064a\u0645\u064a\u0627\u0626\u064a\u0629 \u0644\u0635\u0646\u0627\u0639\u0629 \u0627\u0644\u0645\u0628\u064a\u062f\u0627\u062a \u0648\u0627\u0644\u0623\u0633\u0645\u062f\u0629 \u0639\u0627\u0644\u064a\u0629 \u0627\u0644\u062c\u0648\u062f\u0629 35 \u0639\u0627\u0645\u0627 \u0645\u0646 \u0627\u0644\u062e\u0628\u0631\u0629 \u0646\u0636\u0639\u0647\u0627 \u0628\u064a\u0646 \u0623\u064a\u062f\u064a\u0643\u0645\",\"publisher\":{\"@id\":\"https:\\\/\\\/bimcointernational.com\\\/tr\\\/#organization\"},\"potentialAction\":[{\"@type\":\"SearchAction\",\"target\":{\"@type\":\"EntryPoint\",\"urlTemplate\":\"https:\\\/\\\/bimcointernational.com\\\/tr\\\/?s={search_term_string}\"},\"query-input\":{\"@type\":\"PropertyValueSpecification\",\"valueRequired\":true,\"valueName\":\"search_term_string\"}}],\"inLanguage\":\"tr\"},{\"@type\":\"Organization\",\"@id\":\"https:\\\/\\\/bimcointernational.com\\\/tr\\\/#organization\",\"name\":\"bimco international\",\"url\":\"https:\\\/\\\/bimcointernational.com\\\/tr\\\/\",\"logo\":{\"@type\":\"ImageObject\",\"inLanguage\":\"tr\",\"@id\":\"https:\\\/\\\/bimcointernational.com\\\/tr\\\/#\\\/schema\\\/logo\\\/image\\\/\",\"url\":\"https:\\\/\\\/bimcointernational.com\\\/wp-content\\\/uploads\\\/2023\\\/03\\\/bimco-international.png\",\"contentUrl\":\"https:\\\/\\\/bimcointernational.com\\\/wp-content\\\/uploads\\\/2023\\\/03\\\/bimco-international.png\",\"width\":1000,\"height\":283,\"caption\":\"bimco international\"},\"image\":{\"@id\":\"https:\\\/\\\/bimcointernational.com\\\/tr\\\/#\\\/schema\\\/logo\\\/image\\\/\"},\"sameAs\":[\"https:\\\/\\\/www.facebook.com\\\/B9K9T\",\"https:\\\/\\\/www.instagram.com\\\/bimcokimya\\\/\"]}]}<\/script>\n<!-- \/ Yoast SEO plugin. -->","yoast_head_json":{"title":"Sar\u0131 410 SL - Bimco International","description":"\"SARI 410 SL: Organik g\u00fcbre ve mantar ilac\u0131. Zararl\u0131larla sava\u015f\u0131r, b\u00fcy\u00fcmeyi art\u0131r\u0131r. Mantarlara ve nematodlara kar\u015f\u0131 etkilidir. Daha fazlas\u0131n\u0131 \u00f6\u011frenin!\"","robots":{"index":"index","follow":"follow","max-snippet":"max-snippet:-1","max-image-preview":"max-image-preview:large","max-video-preview":"max-video-preview:-1"},"canonical":"https:\/\/bimcointernational.com\/tr\/urun\/sari-410-sl\/","og_locale":"tr_TR","og_type":"article","og_title":"Sar\u0131 410 SL - Bimco International","og_description":"\"SARI 410 SL: Organik g\u00fcbre ve mantar ilac\u0131. Zararl\u0131larla sava\u015f\u0131r, b\u00fcy\u00fcmeyi art\u0131r\u0131r. Mantarlara ve nematodlara kar\u015f\u0131 etkilidir. Daha fazlas\u0131n\u0131 \u00f6\u011frenin!\"","og_url":"https:\/\/bimcointernational.com\/tr\/urun\/sari-410-sl\/","og_site_name":"bimco international","article_publisher":"https:\/\/www.facebook.com\/B9K9T","article_modified_time":"2024-01-03T15:58:49+00:00","og_image":[{"width":1200,"height":1220,"url":"https:\/\/bimcointernational.com\/wp-content\/uploads\/2023\/04\/plastic_bottle_mockup_01-27.png","type":"image\/png"}],"twitter_card":"summary_large_image","twitter_misc":{"Tahmini okuma s\u00fcresi":"1 dakika"},"schema":{"@context":"https:\/\/schema.org","@graph":[{"@type":"WebPage","@id":"https:\/\/bimcointernational.com\/tr\/urun\/sari-410-sl\/","url":"https:\/\/bimcointernational.com\/tr\/urun\/sari-410-sl\/","name":"Sar\u0131 410 SL - Bimco International","isPartOf":{"@id":"https:\/\/bimcointernational.com\/tr\/#website"},"primaryImageOfPage":{"@id":"https:\/\/bimcointernational.com\/tr\/urun\/sari-410-sl\/#primaryimage"},"image":{"@id":"https:\/\/bimcointernational.com\/tr\/urun\/sari-410-sl\/#primaryimage"},"thumbnailUrl":"https:\/\/bimcointernational.com\/wp-content\/uploads\/2023\/04\/plastic_bottle_mockup_01-27.png","datePublished":"2023-04-05T04:45:59+00:00","dateModified":"2024-01-03T15:58:49+00:00","description":"\"SARI 410 SL: Organik g\u00fcbre ve mantar ilac\u0131. Zararl\u0131larla sava\u015f\u0131r, b\u00fcy\u00fcmeyi art\u0131r\u0131r. Mantarlara ve nematodlara kar\u015f\u0131 etkilidir. Daha fazlas\u0131n\u0131 \u00f6\u011frenin!\"","breadcrumb":{"@id":"https:\/\/bimcointernational.com\/tr\/urun\/sari-410-sl\/#breadcrumb"},"inLanguage":"tr","potentialAction":[{"@type":"ReadAction","target":["https:\/\/bimcointernational.com\/tr\/urun\/sari-410-sl\/"]}]},{"@type":"ImageObject","inLanguage":"tr","@id":"https:\/\/bimcointernational.com\/tr\/urun\/sari-410-sl\/#primaryimage","url":"https:\/\/bimcointernational.com\/wp-content\/uploads\/2023\/04\/plastic_bottle_mockup_01-27.png","contentUrl":"https:\/\/bimcointernational.com\/wp-content\/uploads\/2023\/04\/plastic_bottle_mockup_01-27.png","width":1200,"height":1220,"caption":"Sar\u0131 410 SL"},{"@type":"BreadcrumbList","@id":"https:\/\/bimcointernational.com\/tr\/urun\/sari-410-sl\/#breadcrumb","itemListElement":[{"@type":"ListItem","position":1,"name":"Home","item":"https:\/\/bimcointernational.com\/tr\/"},{"@type":"ListItem","position":2,"name":"\u00dcr\u00fcnlerimiz","item":"https:\/\/bimcointernational.com\/tr\/urunlerimiz\/"},{"@type":"ListItem","position":3,"name":"Sar\u0131 410 SL"}]},{"@type":"WebSite","@id":"https:\/\/bimcointernational.com\/tr\/#website","url":"https:\/\/bimcointernational.com\/tr\/","name":"bimco international","description":"\u0634\u0631\u0643\u0629 \u0628\u064a\u0645\u0643\u0648 \u0627\u0644\u0643\u064a\u0645\u064a\u0627\u0626\u064a\u0629 \u0644\u0635\u0646\u0627\u0639\u0629 \u0627\u0644\u0645\u0628\u064a\u062f\u0627\u062a \u0648\u0627\u0644\u0623\u0633\u0645\u062f\u0629 \u0639\u0627\u0644\u064a\u0629 \u0627\u0644\u062c\u0648\u062f\u0629 35 \u0639\u0627\u0645\u0627 \u0645\u0646 \u0627\u0644\u062e\u0628\u0631\u0629 \u0646\u0636\u0639\u0647\u0627 \u0628\u064a\u0646 \u0623\u064a\u062f\u064a\u0643\u0645","publisher":{"@id":"https:\/\/bimcointernational.com\/tr\/#organization"},"potentialAction":[{"@type":"SearchAction","target":{"@type":"EntryPoint","urlTemplate":"https:\/\/bimcointernational.com\/tr\/?s={search_term_string}"},"query-input":{"@type":"PropertyValueSpecification","valueRequired":true,"valueName":"search_term_string"}}],"inLanguage":"tr"},{"@type":"Organization","@id":"https:\/\/bimcointernational.com\/tr\/#organization","name":"bimco international","url":"https:\/\/bimcointernational.com\/tr\/","logo":{"@type":"ImageObject","inLanguage":"tr","@id":"https:\/\/bimcointernational.com\/tr\/#\/schema\/logo\/image\/","url":"https:\/\/bimcointernational.com\/wp-content\/uploads\/2023\/03\/bimco-international.png","contentUrl":"https:\/\/bimcointernational.com\/wp-content\/uploads\/2023\/03\/bimco-international.png","width":1000,"height":283,"caption":"bimco international"},"image":{"@id":"https:\/\/bimcointernational.com\/tr\/#\/schema\/logo\/image\/"},"sameAs":["https:\/\/www.facebook.com\/B9K9T","https:\/\/www.instagram.com\/bimcokimya\/"]}]}},"jetpack_sharing_enabled":true,"_links":{"self":[{"href":"https:\/\/bimcointernational.com\/tr\/wp-json\/wp\/v2\/product\/3603","targetHints":{"allow":["GET"]}}],"collection":[{"href":"https:\/\/bimcointernational.com\/tr\/wp-json\/wp\/v2\/product"}],"about":[{"href":"https:\/\/bimcointernational.com\/tr\/wp-json\/wp\/v2\/types\/product"}],"replies":[{"embeddable":true,"href":"https:\/\/bimcointernational.com\/tr\/wp-json\/wp\/v2\/comments?post=3603"}],"wp:featuredmedia":[{"embeddable":true,"href":"https:\/\/bimcointernational.com\/tr\/wp-json\/wp\/v2\/media\/2561"}],"wp:attachment":[{"href":"https:\/\/bimcointernational.com\/tr\/wp-json\/wp\/v2\/media?parent=3603"}],"wp:term":[{"taxonomy":"product_brand","embeddable":true,"href":"https:\/\/bimcointernational.com\/tr\/wp-json\/wp\/v2\/product_brand?post=3603"},{"taxonomy":"product_cat","embeddable":true,"href":"https:\/\/bimcointernational.com\/tr\/wp-json\/wp\/v2\/product_cat?post=3603"},{"taxonomy":"product_tag","embeddable":true,"href":"https:\/\/bimcointernational.com\/tr\/wp-json\/wp\/v2\/product_tag?post=3603"}],"curies":[{"name":"wp","href":"https:\/\/api.w.org\/{rel}","templated":true}]}}