{"id":3600,"date":"2023-04-05T05:04:26","date_gmt":"2023-04-05T05:04:26","guid":{"rendered":"https:\/\/bimcointernational.com\/product\/silicato-915-sl\/"},"modified":"2024-01-03T15:58:05","modified_gmt":"2024-01-03T15:58:05","slug":"silicato-915-sl","status":"publish","type":"product","link":"https:\/\/bimcointernational.com\/tr\/urun\/silicato-915-sl\/","title":{"rendered":"SILICATO 915 SL"},"content":{"rendered":"<p><span style=\"color: #99cc00;\"><strong>\u015eeker alkolleri \u00fczerinde \u015felatl\u0131 potasyum silikat<\/strong><\/span><\/p>\n<h2><span style=\"color: #99cc00;\"><strong>Hayati \u00f6zellikler:<\/strong><\/span><\/h2>\n<p>Bitkinin biyotik ve abiyotik streslere kar\u015f\u0131 direncini artt\u0131rmay\u0131 ama\u00e7layan, ha\u015fere kontrol\u00fcne yard\u0131mc\u0131 bir g\u00fcbre. Polen tanelerinin verimlili\u011fini art\u0131r\u0131r ve kimyasal ve fiziksel y\u00f6ntemlerle mantarlar\u0131, b\u00f6cekleri ve akarlar\u0131 kontrol eder, b\u00f6ylece s\u00f6zle\u015fmeli fotosentez oran\u0131n\u0131, proteini, karbonhidratlar\u0131 ve ortalama a\u011f\u0131rl\u0131\u011f\u0131 art\u0131rarak genel meyve verimlili\u011fini, boyutunu ve kalitesini art\u0131r\u0131r.<\/p>\n<h2><span style=\"color: #99cc00;\"><strong>Kimyasal analiz:<\/strong><\/span><\/h2>\n<table>\n<tbody>\n<tr>\n<td><strong>AKT\u0130F B\u0130LE\u015eEN<\/strong><\/td>\n<td><strong>% W\/v<\/strong><\/td>\n<td><strong>% W\/w<\/strong><\/td>\n<\/tr>\n<tr>\n<td><span style=\"font-weight: 400;\">K2O<\/span><\/td>\n<td><span style=\"font-weight: 400;\">% 19<\/span><\/td>\n<td><span style=\"font-weight: 400;\">% 13.8<\/span><\/td>\n<\/tr>\n<tr>\n<td><span style=\"font-weight: 400;\">SIO2<\/span><\/td>\n<td><span style=\"font-weight: 400;\">% 35<\/span><\/td>\n<td><span style=\"font-weight: 400;\">% 25.4<\/span><\/td>\n<\/tr>\n<tr>\n<td>\u015eeker Alkolleri<\/td>\n<td><span style=\"font-weight: 400;\">% 2-4<\/span><\/td>\n<td><span style=\"font-weight: 400;\">% 2-3<\/span><\/td>\n<\/tr>\n<\/tbody>\n<\/table>\n<h2><strong><span style=\"color: #99cc00;\">Kullan\u0131m oran\u0131:<\/span><\/strong><\/h2>\n<p>200-400 ml\/hektarda sulama. S\u00fcrg\u00fcnlere 150-250 ml\/100 litre su oran\u0131nda p\u00fcsk\u00fcrt\u00fcl\u00fcr.<\/p>\n<h3><strong><span style=\"color: #99cc00;\">Not:<\/span><\/strong><\/h3>\n<p>Silikon h\u00fccre duvarlar\u0131n\u0131 g\u00fc\u00e7lendirerek mantar ve bakteri n\u00fcfuzuna kar\u015f\u0131 direnci artt\u0131r\u0131r, bitkileri n\u00fcfuza kar\u015f\u0131 daha dayan\u0131kl\u0131 hale getirir. K\u00f6k ve yaprak kal\u0131nl\u0131\u011f\u0131n\u0131 ve yaprak damarlar\u0131n\u0131n yo\u011funlu\u011funu artt\u0131rarak zararl\u0131lara kar\u015f\u0131 direnci artt\u0131r\u0131r, onlar\u0131 daha dayan\u0131kl\u0131 hale getirir. Hidrasyon ve terleme yoluyla su kayb\u0131n\u0131 azalt\u0131r, kurakl\u0131k stresine ve \u00e7evresel fakt\u00f6rlere kar\u015f\u0131 tolerans\u0131 art\u0131r\u0131r.&#8221;<\/p>\n","protected":false},"excerpt":{"rendered":"<p>\u015eeker alkolleri \u00fczerinde potasyum silikat \u015felatlar\u0131<\/p>\n","protected":false},"featured_media":2565,"comment_status":"closed","ping_status":"closed","template":"","meta":{"_eb_attr":"","site-sidebar-layout":"default","site-content-layout":"default","ast-site-content-layout":"default","site-content-style":"default","site-sidebar-style":"default","ast-global-header-display":"","ast-banner-title-visibility":"","ast-main-header-display":"","ast-hfb-above-header-display":"","ast-hfb-below-header-display":"","ast-hfb-mobile-header-display":"","site-post-title":"","ast-breadcrumbs-content":"","ast-featured-img":"","footer-sml-layout":"","ast-disable-related-posts":"","theme-transparent-header-meta":"default","adv-header-id-meta":"","stick-header-meta":"","header-above-stick-meta":"","header-main-stick-meta":"","header-below-stick-meta":"","astra-migrate-meta-layouts":"set","ast-page-background-enabled":"default","ast-page-background-meta":{"desktop":{"background-color":"var(--ast-global-color-4)","background-image":"","background-repeat":"repeat","background-position":"center center","background-size":"auto","background-attachment":"scroll","background-type":"","background-media":"","overlay-type":"","overlay-color":"","overlay-opacity":"","overlay-gradient":""},"tablet":{"background-color":"","background-image":"","background-repeat":"repeat","background-position":"center center","background-size":"auto","background-attachment":"scroll","background-type":"","background-media":"","overlay-type":"","overlay-color":"","overlay-opacity":"","overlay-gradient":""},"mobile":{"background-color":"","background-image":"","background-repeat":"repeat","background-position":"center center","background-size":"auto","background-attachment":"scroll","background-type":"","background-media":"","overlay-type":"","overlay-color":"","overlay-opacity":"","overlay-gradient":""}},"ast-content-background-meta":{"desktop":{"background-color":"var(--ast-global-color-5)","background-image":"","background-repeat":"repeat","background-position":"center center","background-size":"auto","background-attachment":"scroll","background-type":"","background-media":"","overlay-type":"","overlay-color":"","overlay-opacity":"","overlay-gradient":""},"tablet":{"background-color":"var(--ast-global-color-5)","background-image":"","background-repeat":"repeat","background-position":"center center","background-size":"auto","background-attachment":"scroll","background-type":"","background-media":"","overlay-type":"","overlay-color":"","overlay-opacity":"","overlay-gradient":""},"mobile":{"background-color":"var(--ast-global-color-5)","background-image":"","background-repeat":"repeat","background-position":"center center","background-size":"auto","background-attachment":"scroll","background-type":"","background-media":"","overlay-type":"","overlay-color":"","overlay-opacity":"","overlay-gradient":""}},"_joinchat":[]},"product_brand":[],"product_cat":[90],"product_tag":[],"class_list":{"0":"post-3600","1":"product","2":"type-product","3":"status-publish","4":"has-post-thumbnail","6":"product_cat-yesil-tarim-urunleri","7":"desktop-align-left","8":"tablet-align-left","9":"mobile-align-left","11":"first","12":"instock","13":"shipping-taxable","14":"product-type-simple"},"yoast_head":"<!-- This site is optimized with the Yoast SEO plugin v27.4 - https:\/\/yoast.com\/product\/yoast-seo-wordpress\/ -->\n<title>SILICATO 915 SL - Bimco International<\/title>\n<meta name=\"description\" content=\"&quot;\u015eelatl\u0131 potasyum silikat g\u00fcbresi: Bitki direncini art\u0131r\u0131r, do\u011furganl\u0131\u011f\u0131 ve \u00fcretkenli\u011fi art\u0131r\u0131r. Ha\u015fere kontrol\u00fc i\u00e7in idealdir. Daha fazlas\u0131n\u0131 \u00f6\u011frenin!&quot;\" \/>\n<meta name=\"robots\" content=\"index, follow, max-snippet:-1, max-image-preview:large, max-video-preview:-1\" \/>\n<link rel=\"canonical\" href=\"https:\/\/bimcointernational.com\/tr\/urun\/silicato-915-sl\/\" \/>\n<meta property=\"og:locale\" content=\"tr_TR\" \/>\n<meta property=\"og:type\" content=\"article\" \/>\n<meta property=\"og:title\" content=\"SILICATO 915 SL - Bimco International\" \/>\n<meta property=\"og:description\" content=\"&quot;\u015eelatl\u0131 potasyum silikat g\u00fcbresi: Bitki direncini art\u0131r\u0131r, do\u011furganl\u0131\u011f\u0131 ve \u00fcretkenli\u011fi art\u0131r\u0131r. Ha\u015fere kontrol\u00fc i\u00e7in idealdir. Daha fazlas\u0131n\u0131 \u00f6\u011frenin!&quot;\" \/>\n<meta property=\"og:url\" content=\"https:\/\/bimcointernational.com\/tr\/urun\/silicato-915-sl\/\" \/>\n<meta property=\"og:site_name\" content=\"bimco international\" \/>\n<meta property=\"article:publisher\" content=\"https:\/\/www.facebook.com\/B9K9T\" \/>\n<meta property=\"article:modified_time\" content=\"2024-01-03T15:58:05+00:00\" \/>\n<meta property=\"og:image\" content=\"https:\/\/bimcointernational.com\/wp-content\/uploads\/2023\/04\/plastic_bottle_mockup_01-29.png\" \/>\n\t<meta property=\"og:image:width\" content=\"1200\" \/>\n\t<meta property=\"og:image:height\" content=\"1220\" \/>\n\t<meta property=\"og:image:type\" content=\"image\/png\" \/>\n<meta name=\"twitter:card\" content=\"summary_large_image\" \/>\n<meta name=\"twitter:label1\" content=\"Tahmini okuma s\u00fcresi\" \/>\n\t<meta name=\"twitter:data1\" content=\"1 dakika\" \/>\n<script type=\"application\/ld+json\" class=\"yoast-schema-graph\">{\"@context\":\"https:\\\/\\\/schema.org\",\"@graph\":[{\"@type\":\"WebPage\",\"@id\":\"https:\\\/\\\/bimcointernational.com\\\/tr\\\/urun\\\/silicato-915-sl\\\/\",\"url\":\"https:\\\/\\\/bimcointernational.com\\\/tr\\\/urun\\\/silicato-915-sl\\\/\",\"name\":\"SILICATO 915 SL - Bimco International\",\"isPartOf\":{\"@id\":\"https:\\\/\\\/bimcointernational.com\\\/tr\\\/#website\"},\"primaryImageOfPage\":{\"@id\":\"https:\\\/\\\/bimcointernational.com\\\/tr\\\/urun\\\/silicato-915-sl\\\/#primaryimage\"},\"image\":{\"@id\":\"https:\\\/\\\/bimcointernational.com\\\/tr\\\/urun\\\/silicato-915-sl\\\/#primaryimage\"},\"thumbnailUrl\":\"https:\\\/\\\/bimcointernational.com\\\/wp-content\\\/uploads\\\/2023\\\/04\\\/plastic_bottle_mockup_01-29.png\",\"datePublished\":\"2023-04-05T05:04:26+00:00\",\"dateModified\":\"2024-01-03T15:58:05+00:00\",\"description\":\"\\\"\u015eelatl\u0131 potasyum silikat g\u00fcbresi: Bitki direncini art\u0131r\u0131r, do\u011furganl\u0131\u011f\u0131 ve \u00fcretkenli\u011fi art\u0131r\u0131r. Ha\u015fere kontrol\u00fc i\u00e7in idealdir. Daha fazlas\u0131n\u0131 \u00f6\u011frenin!\\\"\",\"breadcrumb\":{\"@id\":\"https:\\\/\\\/bimcointernational.com\\\/tr\\\/urun\\\/silicato-915-sl\\\/#breadcrumb\"},\"inLanguage\":\"tr\",\"potentialAction\":[{\"@type\":\"ReadAction\",\"target\":[\"https:\\\/\\\/bimcointernational.com\\\/tr\\\/urun\\\/silicato-915-sl\\\/\"]}]},{\"@type\":\"ImageObject\",\"inLanguage\":\"tr\",\"@id\":\"https:\\\/\\\/bimcointernational.com\\\/tr\\\/urun\\\/silicato-915-sl\\\/#primaryimage\",\"url\":\"https:\\\/\\\/bimcointernational.com\\\/wp-content\\\/uploads\\\/2023\\\/04\\\/plastic_bottle_mockup_01-29.png\",\"contentUrl\":\"https:\\\/\\\/bimcointernational.com\\\/wp-content\\\/uploads\\\/2023\\\/04\\\/plastic_bottle_mockup_01-29.png\",\"width\":1200,\"height\":1220,\"caption\":\"Bimko SILICATO 915 SL\"},{\"@type\":\"BreadcrumbList\",\"@id\":\"https:\\\/\\\/bimcointernational.com\\\/tr\\\/urun\\\/silicato-915-sl\\\/#breadcrumb\",\"itemListElement\":[{\"@type\":\"ListItem\",\"position\":1,\"name\":\"Home\",\"item\":\"https:\\\/\\\/bimcointernational.com\\\/tr\\\/\"},{\"@type\":\"ListItem\",\"position\":2,\"name\":\"\u00dcr\u00fcnlerimiz\",\"item\":\"https:\\\/\\\/bimcointernational.com\\\/tr\\\/urunlerimiz\\\/\"},{\"@type\":\"ListItem\",\"position\":3,\"name\":\"SILICATO 915 SL\"}]},{\"@type\":\"WebSite\",\"@id\":\"https:\\\/\\\/bimcointernational.com\\\/tr\\\/#website\",\"url\":\"https:\\\/\\\/bimcointernational.com\\\/tr\\\/\",\"name\":\"bimco international\",\"description\":\"\u0634\u0631\u0643\u0629 \u0628\u064a\u0645\u0643\u0648 \u0627\u0644\u0643\u064a\u0645\u064a\u0627\u0626\u064a\u0629 \u0644\u0635\u0646\u0627\u0639\u0629 \u0627\u0644\u0645\u0628\u064a\u062f\u0627\u062a \u0648\u0627\u0644\u0623\u0633\u0645\u062f\u0629 \u0639\u0627\u0644\u064a\u0629 \u0627\u0644\u062c\u0648\u062f\u0629 35 \u0639\u0627\u0645\u0627 \u0645\u0646 \u0627\u0644\u062e\u0628\u0631\u0629 \u0646\u0636\u0639\u0647\u0627 \u0628\u064a\u0646 \u0623\u064a\u062f\u064a\u0643\u0645\",\"publisher\":{\"@id\":\"https:\\\/\\\/bimcointernational.com\\\/tr\\\/#organization\"},\"potentialAction\":[{\"@type\":\"SearchAction\",\"target\":{\"@type\":\"EntryPoint\",\"urlTemplate\":\"https:\\\/\\\/bimcointernational.com\\\/tr\\\/?s={search_term_string}\"},\"query-input\":{\"@type\":\"PropertyValueSpecification\",\"valueRequired\":true,\"valueName\":\"search_term_string\"}}],\"inLanguage\":\"tr\"},{\"@type\":\"Organization\",\"@id\":\"https:\\\/\\\/bimcointernational.com\\\/tr\\\/#organization\",\"name\":\"bimco international\",\"url\":\"https:\\\/\\\/bimcointernational.com\\\/tr\\\/\",\"logo\":{\"@type\":\"ImageObject\",\"inLanguage\":\"tr\",\"@id\":\"https:\\\/\\\/bimcointernational.com\\\/tr\\\/#\\\/schema\\\/logo\\\/image\\\/\",\"url\":\"https:\\\/\\\/bimcointernational.com\\\/wp-content\\\/uploads\\\/2023\\\/03\\\/bimco-international.png\",\"contentUrl\":\"https:\\\/\\\/bimcointernational.com\\\/wp-content\\\/uploads\\\/2023\\\/03\\\/bimco-international.png\",\"width\":1000,\"height\":283,\"caption\":\"bimco international\"},\"image\":{\"@id\":\"https:\\\/\\\/bimcointernational.com\\\/tr\\\/#\\\/schema\\\/logo\\\/image\\\/\"},\"sameAs\":[\"https:\\\/\\\/www.facebook.com\\\/B9K9T\",\"https:\\\/\\\/www.instagram.com\\\/bimcokimya\\\/\"]}]}<\/script>\n<!-- \/ Yoast SEO plugin. -->","yoast_head_json":{"title":"SILICATO 915 SL - Bimco International","description":"\"\u015eelatl\u0131 potasyum silikat g\u00fcbresi: Bitki direncini art\u0131r\u0131r, do\u011furganl\u0131\u011f\u0131 ve \u00fcretkenli\u011fi art\u0131r\u0131r. Ha\u015fere kontrol\u00fc i\u00e7in idealdir. Daha fazlas\u0131n\u0131 \u00f6\u011frenin!\"","robots":{"index":"index","follow":"follow","max-snippet":"max-snippet:-1","max-image-preview":"max-image-preview:large","max-video-preview":"max-video-preview:-1"},"canonical":"https:\/\/bimcointernational.com\/tr\/urun\/silicato-915-sl\/","og_locale":"tr_TR","og_type":"article","og_title":"SILICATO 915 SL - Bimco International","og_description":"\"\u015eelatl\u0131 potasyum silikat g\u00fcbresi: Bitki direncini art\u0131r\u0131r, do\u011furganl\u0131\u011f\u0131 ve \u00fcretkenli\u011fi art\u0131r\u0131r. Ha\u015fere kontrol\u00fc i\u00e7in idealdir. Daha fazlas\u0131n\u0131 \u00f6\u011frenin!\"","og_url":"https:\/\/bimcointernational.com\/tr\/urun\/silicato-915-sl\/","og_site_name":"bimco international","article_publisher":"https:\/\/www.facebook.com\/B9K9T","article_modified_time":"2024-01-03T15:58:05+00:00","og_image":[{"width":1200,"height":1220,"url":"https:\/\/bimcointernational.com\/wp-content\/uploads\/2023\/04\/plastic_bottle_mockup_01-29.png","type":"image\/png"}],"twitter_card":"summary_large_image","twitter_misc":{"Tahmini okuma s\u00fcresi":"1 dakika"},"schema":{"@context":"https:\/\/schema.org","@graph":[{"@type":"WebPage","@id":"https:\/\/bimcointernational.com\/tr\/urun\/silicato-915-sl\/","url":"https:\/\/bimcointernational.com\/tr\/urun\/silicato-915-sl\/","name":"SILICATO 915 SL - Bimco International","isPartOf":{"@id":"https:\/\/bimcointernational.com\/tr\/#website"},"primaryImageOfPage":{"@id":"https:\/\/bimcointernational.com\/tr\/urun\/silicato-915-sl\/#primaryimage"},"image":{"@id":"https:\/\/bimcointernational.com\/tr\/urun\/silicato-915-sl\/#primaryimage"},"thumbnailUrl":"https:\/\/bimcointernational.com\/wp-content\/uploads\/2023\/04\/plastic_bottle_mockup_01-29.png","datePublished":"2023-04-05T05:04:26+00:00","dateModified":"2024-01-03T15:58:05+00:00","description":"\"\u015eelatl\u0131 potasyum silikat g\u00fcbresi: Bitki direncini art\u0131r\u0131r, do\u011furganl\u0131\u011f\u0131 ve \u00fcretkenli\u011fi art\u0131r\u0131r. Ha\u015fere kontrol\u00fc i\u00e7in idealdir. Daha fazlas\u0131n\u0131 \u00f6\u011frenin!\"","breadcrumb":{"@id":"https:\/\/bimcointernational.com\/tr\/urun\/silicato-915-sl\/#breadcrumb"},"inLanguage":"tr","potentialAction":[{"@type":"ReadAction","target":["https:\/\/bimcointernational.com\/tr\/urun\/silicato-915-sl\/"]}]},{"@type":"ImageObject","inLanguage":"tr","@id":"https:\/\/bimcointernational.com\/tr\/urun\/silicato-915-sl\/#primaryimage","url":"https:\/\/bimcointernational.com\/wp-content\/uploads\/2023\/04\/plastic_bottle_mockup_01-29.png","contentUrl":"https:\/\/bimcointernational.com\/wp-content\/uploads\/2023\/04\/plastic_bottle_mockup_01-29.png","width":1200,"height":1220,"caption":"Bimko SILICATO 915 SL"},{"@type":"BreadcrumbList","@id":"https:\/\/bimcointernational.com\/tr\/urun\/silicato-915-sl\/#breadcrumb","itemListElement":[{"@type":"ListItem","position":1,"name":"Home","item":"https:\/\/bimcointernational.com\/tr\/"},{"@type":"ListItem","position":2,"name":"\u00dcr\u00fcnlerimiz","item":"https:\/\/bimcointernational.com\/tr\/urunlerimiz\/"},{"@type":"ListItem","position":3,"name":"SILICATO 915 SL"}]},{"@type":"WebSite","@id":"https:\/\/bimcointernational.com\/tr\/#website","url":"https:\/\/bimcointernational.com\/tr\/","name":"bimco international","description":"\u0634\u0631\u0643\u0629 \u0628\u064a\u0645\u0643\u0648 \u0627\u0644\u0643\u064a\u0645\u064a\u0627\u0626\u064a\u0629 \u0644\u0635\u0646\u0627\u0639\u0629 \u0627\u0644\u0645\u0628\u064a\u062f\u0627\u062a \u0648\u0627\u0644\u0623\u0633\u0645\u062f\u0629 \u0639\u0627\u0644\u064a\u0629 \u0627\u0644\u062c\u0648\u062f\u0629 35 \u0639\u0627\u0645\u0627 \u0645\u0646 \u0627\u0644\u062e\u0628\u0631\u0629 \u0646\u0636\u0639\u0647\u0627 \u0628\u064a\u0646 \u0623\u064a\u062f\u064a\u0643\u0645","publisher":{"@id":"https:\/\/bimcointernational.com\/tr\/#organization"},"potentialAction":[{"@type":"SearchAction","target":{"@type":"EntryPoint","urlTemplate":"https:\/\/bimcointernational.com\/tr\/?s={search_term_string}"},"query-input":{"@type":"PropertyValueSpecification","valueRequired":true,"valueName":"search_term_string"}}],"inLanguage":"tr"},{"@type":"Organization","@id":"https:\/\/bimcointernational.com\/tr\/#organization","name":"bimco international","url":"https:\/\/bimcointernational.com\/tr\/","logo":{"@type":"ImageObject","inLanguage":"tr","@id":"https:\/\/bimcointernational.com\/tr\/#\/schema\/logo\/image\/","url":"https:\/\/bimcointernational.com\/wp-content\/uploads\/2023\/03\/bimco-international.png","contentUrl":"https:\/\/bimcointernational.com\/wp-content\/uploads\/2023\/03\/bimco-international.png","width":1000,"height":283,"caption":"bimco international"},"image":{"@id":"https:\/\/bimcointernational.com\/tr\/#\/schema\/logo\/image\/"},"sameAs":["https:\/\/www.facebook.com\/B9K9T","https:\/\/www.instagram.com\/bimcokimya\/"]}]}},"jetpack_sharing_enabled":true,"_links":{"self":[{"href":"https:\/\/bimcointernational.com\/tr\/wp-json\/wp\/v2\/product\/3600","targetHints":{"allow":["GET"]}}],"collection":[{"href":"https:\/\/bimcointernational.com\/tr\/wp-json\/wp\/v2\/product"}],"about":[{"href":"https:\/\/bimcointernational.com\/tr\/wp-json\/wp\/v2\/types\/product"}],"replies":[{"embeddable":true,"href":"https:\/\/bimcointernational.com\/tr\/wp-json\/wp\/v2\/comments?post=3600"}],"wp:featuredmedia":[{"embeddable":true,"href":"https:\/\/bimcointernational.com\/tr\/wp-json\/wp\/v2\/media\/2565"}],"wp:attachment":[{"href":"https:\/\/bimcointernational.com\/tr\/wp-json\/wp\/v2\/media?parent=3600"}],"wp:term":[{"taxonomy":"product_brand","embeddable":true,"href":"https:\/\/bimcointernational.com\/tr\/wp-json\/wp\/v2\/product_brand?post=3600"},{"taxonomy":"product_cat","embeddable":true,"href":"https:\/\/bimcointernational.com\/tr\/wp-json\/wp\/v2\/product_cat?post=3600"},{"taxonomy":"product_tag","embeddable":true,"href":"https:\/\/bimcointernational.com\/tr\/wp-json\/wp\/v2\/product_tag?post=3600"}],"curies":[{"name":"wp","href":"https:\/\/api.w.org\/{rel}","templated":true}]}}