{"id":3597,"date":"2023-04-05T05:11:43","date_gmt":"2023-04-05T05:11:43","guid":{"rendered":"https:\/\/bimcointernational.com\/product\/agri-weet\/"},"modified":"2024-01-03T12:11:44","modified_gmt":"2024-01-03T12:11:44","slug":"agri-weet","status":"publish","type":"product","link":"https:\/\/bimcointernational.com\/tr\/urun\/agri-weet\/","title":{"rendered":"AGRI WEET"},"content":{"rendered":"<p><strong>Garanti Edilen \u0130\u00e7erik: W\/W<\/strong><br \/>\n<strong>Organik silikon (yay\u0131c\u0131 yap\u0131\u015ft\u0131r\u0131c\u0131)<\/strong><\/p>\n<h2><span style=\"color: #99cc00;\"><strong>Fiziksel Bilgiler:<\/strong><\/span><\/h2>\n<p>Pestisitlerle birlikte kullan\u0131lan organik bir silikon bile\u015fi\u011fi, pestisitlerin etkinli\u011fini ve emilimini, yay\u0131lmas\u0131n\u0131 ve yapraklara yap\u0131\u015fmas\u0131n\u0131 art\u0131rmak i\u00e7in kullan\u0131l\u0131r. 42<\/p>\n<p>Y\u00fczey gerilimini azalt\u0131r.<br \/>\nOla\u011fan\u00fcst\u00fc yay\u0131lma sa\u011flar.<br \/>\nM\u00fckemmel yap\u0131\u015fmay\u0131 garanti eder.<br \/>\nY\u0131kaman\u0131n \u00f6n\u00fcne ge\u00e7er.<br \/>\nTar\u0131msal kimyasallar\u0131n etkinli\u011fini art\u0131r\u0131r.<br \/>\nG\u00fcbrelerin ve b\u00fcy\u00fcme d\u00fczenleyicilerinin etkinli\u011fini art\u0131r\u0131r.<\/p>\n<h2><span style=\"color: #99cc00;\"><strong>KULLANIM VE DOZAJ \u00d6NER\u0130LER\u0130: DOZ (100L SU):<\/strong><\/span><\/h2>\n<p>Fungisitler, \u0130nsektisitler, Akarisitler: 10-20 ml<br \/>\nBitki b\u00fcy\u00fcme d\u00fczenleyicileri ve mikrobesin maddeleri: 25 ml<br \/>\nHavada uygulamalar ve daha az su kullan\u0131m\u0131 i\u00e7in: 50 ml<\/p>\n<h2><span style=\"color: #99cc00;\"><strong>Uyar\u0131lar:<\/strong><\/span><\/h2>\n<p>Kar\u0131\u015f\u0131m\u0131n pH de\u011feri 9&#8217;un \u00fczerinde veya 5&#8217;in alt\u0131nda ise \u00fcr\u00fcn\u00fcn etkisi azalabilir. Optimal sonu\u00e7lar pH 5 ile pH 9 aras\u0131nda g\u00f6zlemlenir. Bu pH aral\u0131\u011f\u0131nda haz\u0131rlanan kar\u0131\u015f\u0131mlar kar\u0131\u015ft\u0131r\u0131ld\u0131ktan sonra en ge\u00e7 24 saat i\u00e7inde kullan\u0131lmal\u0131d\u0131r.<\/p>\n<h4><span style=\"color: #99cc00;\"><strong>Uyumluluk:<\/strong><\/span><\/h4>\n<p>P\u00fcsk\u00fcrtme tank\u0131n\u0131 ve uygulama ekipman\u0131n\u0131 iyice temizleyin.<br \/>\nP\u00fcsk\u00fcrtme tank\u0131n\u0131n 2\/3&#8217;\u00fcn\u00fc su ile doldurun.<br \/>\nEtiket \u00f6nerilerine g\u00f6re pestisit veya g\u00fcbreyi a\u015fa\u011f\u0131daki s\u0131raya g\u00f6re kar\u0131\u015f\u0131ma ekleyin:<br \/>\n\u2022 G\u00fcbreler ve bitki besin maddeleri<br \/>\n\u2022 Kuru ak\u0131\u015fkan (DF) ve suya da\u011f\u0131labilir gran\u00fcl (WG) form\u00fclasyonlar\u0131<br \/>\n\u2022 S\u00fcspansiyon konsantre form\u00fclasyonlar (SC)<br \/>\n\u2022 Suda \u00e7\u00f6z\u00fcnebilen konsantre (SL) ve suda \u00e7\u00f6z\u00fcnebilen toz (SP) form\u00fclasyonlar\u0131<br \/>\n\u2022 Em\u00fclsiyon konsantre (EC) form\u00fclasyonlar\u0131<br \/>\nKar\u0131\u015f\u0131m\u0131 devam ettirin ve tank\u0131n %90&#8217;\u0131n\u0131 doldurun.<br \/>\nGalaxyWet&#8217;i yava\u015f\u00e7a kar\u0131\u015ft\u0131rarak 1-2 dakika boyunca ekleyin.<br \/>\nTank tamamen dolana kadar su ekleyin.<\/p>\n","protected":false},"excerpt":{"rendered":"<p>ORGANIC SILICON<\/p>\n","protected":false},"featured_media":4614,"comment_status":"closed","ping_status":"closed","template":"","meta":{"_eb_attr":"","site-sidebar-layout":"default","site-content-layout":"default","ast-site-content-layout":"default","site-content-style":"default","site-sidebar-style":"default","ast-global-header-display":"","ast-banner-title-visibility":"","ast-main-header-display":"","ast-hfb-above-header-display":"","ast-hfb-below-header-display":"","ast-hfb-mobile-header-display":"","site-post-title":"","ast-breadcrumbs-content":"","ast-featured-img":"","footer-sml-layout":"","ast-disable-related-posts":"","theme-transparent-header-meta":"default","adv-header-id-meta":"","stick-header-meta":"","header-above-stick-meta":"","header-main-stick-meta":"","header-below-stick-meta":"","astra-migrate-meta-layouts":"set","ast-page-background-enabled":"default","ast-page-background-meta":{"desktop":{"background-color":"var(--ast-global-color-4)","background-image":"","background-repeat":"repeat","background-position":"center center","background-size":"auto","background-attachment":"scroll","background-type":"","background-media":"","overlay-type":"","overlay-color":"","overlay-opacity":"","overlay-gradient":""},"tablet":{"background-color":"","background-image":"","background-repeat":"repeat","background-position":"center center","background-size":"auto","background-attachment":"scroll","background-type":"","background-media":"","overlay-type":"","overlay-color":"","overlay-opacity":"","overlay-gradient":""},"mobile":{"background-color":"","background-image":"","background-repeat":"repeat","background-position":"center center","background-size":"auto","background-attachment":"scroll","background-type":"","background-media":"","overlay-type":"","overlay-color":"","overlay-opacity":"","overlay-gradient":""}},"ast-content-background-meta":{"desktop":{"background-color":"var(--ast-global-color-5)","background-image":"","background-repeat":"repeat","background-position":"center center","background-size":"auto","background-attachment":"scroll","background-type":"","background-media":"","overlay-type":"","overlay-color":"","overlay-opacity":"","overlay-gradient":""},"tablet":{"background-color":"var(--ast-global-color-5)","background-image":"","background-repeat":"repeat","background-position":"center center","background-size":"auto","background-attachment":"scroll","background-type":"","background-media":"","overlay-type":"","overlay-color":"","overlay-opacity":"","overlay-gradient":""},"mobile":{"background-color":"var(--ast-global-color-5)","background-image":"","background-repeat":"repeat","background-position":"center center","background-size":"auto","background-attachment":"scroll","background-type":"","background-media":"","overlay-type":"","overlay-color":"","overlay-opacity":"","overlay-gradient":""}},"_joinchat":[]},"product_brand":[],"product_cat":[90],"product_tag":[],"class_list":{"0":"post-3597","1":"product","2":"type-product","3":"status-publish","4":"has-post-thumbnail","6":"product_cat-yesil-tarim-urunleri","7":"desktop-align-left","8":"tablet-align-left","9":"mobile-align-left","11":"first","12":"instock","13":"shipping-taxable","14":"product-type-simple"},"yoast_head":"<!-- This site is optimized with the Yoast SEO plugin v27.6 - https:\/\/yoast.com\/product\/yoast-seo-wordpress\/ -->\n<title>AGRI WEET - bimco international<\/title>\n<meta name=\"description\" content=\"Organik silikon bile\u015fi\u011fimizle pestisit etkinli\u011fini art\u0131r\u0131n. Gerilimi azalt\u0131r, yap\u0131\u015fmay\u0131 sa\u011flar ve kimyasal verimi art\u0131r\u0131r.\" \/>\n<meta name=\"robots\" content=\"index, follow, max-snippet:-1, max-image-preview:large, max-video-preview:-1\" \/>\n<link rel=\"canonical\" href=\"https:\/\/bimcointernational.com\/tr\/urun\/agri-weet\/\" \/>\n<meta property=\"og:locale\" content=\"tr_TR\" \/>\n<meta property=\"og:type\" content=\"article\" \/>\n<meta property=\"og:title\" content=\"AGRI WEET - bimco international\" \/>\n<meta property=\"og:description\" content=\"Organik silikon bile\u015fi\u011fimizle pestisit etkinli\u011fini art\u0131r\u0131n. Gerilimi azalt\u0131r, yap\u0131\u015fmay\u0131 sa\u011flar ve kimyasal verimi art\u0131r\u0131r.\" \/>\n<meta property=\"og:url\" content=\"https:\/\/bimcointernational.com\/tr\/urun\/agri-weet\/\" \/>\n<meta property=\"og:site_name\" content=\"bimco international\" \/>\n<meta property=\"article:publisher\" content=\"https:\/\/www.facebook.com\/B9K9T\" \/>\n<meta property=\"article:modified_time\" content=\"2024-01-03T12:11:44+00:00\" \/>\n<meta property=\"og:image\" content=\"https:\/\/bimcointernational.com\/wp-content\/uploads\/2023\/04\/AGRI-WEET-52.png\" \/>\n\t<meta property=\"og:image:width\" content=\"650\" \/>\n\t<meta property=\"og:image:height\" content=\"663\" \/>\n\t<meta property=\"og:image:type\" content=\"image\/png\" \/>\n<meta name=\"twitter:card\" content=\"summary_large_image\" \/>\n<meta name=\"twitter:label1\" content=\"Tahmini okuma s\u00fcresi\" \/>\n\t<meta name=\"twitter:data1\" content=\"2 dakika\" \/>\n<script type=\"application\/ld+json\" class=\"yoast-schema-graph\">{\"@context\":\"https:\\\/\\\/schema.org\",\"@graph\":[{\"@type\":\"WebPage\",\"@id\":\"https:\\\/\\\/bimcointernational.com\\\/tr\\\/urun\\\/agri-weet\\\/\",\"url\":\"https:\\\/\\\/bimcointernational.com\\\/tr\\\/urun\\\/agri-weet\\\/\",\"name\":\"AGRI WEET - bimco international\",\"isPartOf\":{\"@id\":\"https:\\\/\\\/bimcointernational.com\\\/tr\\\/#website\"},\"primaryImageOfPage\":{\"@id\":\"https:\\\/\\\/bimcointernational.com\\\/tr\\\/urun\\\/agri-weet\\\/#primaryimage\"},\"image\":{\"@id\":\"https:\\\/\\\/bimcointernational.com\\\/tr\\\/urun\\\/agri-weet\\\/#primaryimage\"},\"thumbnailUrl\":\"https:\\\/\\\/bimcointernational.com\\\/wp-content\\\/uploads\\\/2023\\\/04\\\/AGRI-WEET-52.png\",\"datePublished\":\"2023-04-05T05:11:43+00:00\",\"dateModified\":\"2024-01-03T12:11:44+00:00\",\"description\":\"Organik silikon bile\u015fi\u011fimizle pestisit etkinli\u011fini art\u0131r\u0131n. Gerilimi azalt\u0131r, yap\u0131\u015fmay\u0131 sa\u011flar ve kimyasal verimi art\u0131r\u0131r.\",\"breadcrumb\":{\"@id\":\"https:\\\/\\\/bimcointernational.com\\\/tr\\\/urun\\\/agri-weet\\\/#breadcrumb\"},\"inLanguage\":\"tr\",\"potentialAction\":[{\"@type\":\"ReadAction\",\"target\":[\"https:\\\/\\\/bimcointernational.com\\\/tr\\\/urun\\\/agri-weet\\\/\"]}]},{\"@type\":\"ImageObject\",\"inLanguage\":\"tr\",\"@id\":\"https:\\\/\\\/bimcointernational.com\\\/tr\\\/urun\\\/agri-weet\\\/#primaryimage\",\"url\":\"https:\\\/\\\/bimcointernational.com\\\/wp-content\\\/uploads\\\/2023\\\/04\\\/AGRI-WEET-52.png\",\"contentUrl\":\"https:\\\/\\\/bimcointernational.com\\\/wp-content\\\/uploads\\\/2023\\\/04\\\/AGRI-WEET-52.png\",\"width\":650,\"height\":663,\"caption\":\"Bimko AGRI WEET\"},{\"@type\":\"BreadcrumbList\",\"@id\":\"https:\\\/\\\/bimcointernational.com\\\/tr\\\/urun\\\/agri-weet\\\/#breadcrumb\",\"itemListElement\":[{\"@type\":\"ListItem\",\"position\":1,\"name\":\"Home\",\"item\":\"https:\\\/\\\/bimcointernational.com\\\/tr\\\/\"},{\"@type\":\"ListItem\",\"position\":2,\"name\":\"\u00dcr\u00fcnlerimiz\",\"item\":\"https:\\\/\\\/bimcointernational.com\\\/tr\\\/urunlerimiz\\\/\"},{\"@type\":\"ListItem\",\"position\":3,\"name\":\"AGRI WEET\"}]},{\"@type\":\"WebSite\",\"@id\":\"https:\\\/\\\/bimcointernational.com\\\/tr\\\/#website\",\"url\":\"https:\\\/\\\/bimcointernational.com\\\/tr\\\/\",\"name\":\"bimco international\",\"description\":\"\u0634\u0631\u0643\u0629 \u0628\u064a\u0645\u0643\u0648 \u0627\u0644\u0643\u064a\u0645\u064a\u0627\u0626\u064a\u0629 \u0644\u0635\u0646\u0627\u0639\u0629 \u0627\u0644\u0645\u0628\u064a\u062f\u0627\u062a \u0648\u0627\u0644\u0623\u0633\u0645\u062f\u0629 \u0639\u0627\u0644\u064a\u0629 \u0627\u0644\u062c\u0648\u062f\u0629 35 \u0639\u0627\u0645\u0627 \u0645\u0646 \u0627\u0644\u062e\u0628\u0631\u0629 \u0646\u0636\u0639\u0647\u0627 \u0628\u064a\u0646 \u0623\u064a\u062f\u064a\u0643\u0645\",\"publisher\":{\"@id\":\"https:\\\/\\\/bimcointernational.com\\\/tr\\\/#organization\"},\"potentialAction\":[{\"@type\":\"SearchAction\",\"target\":{\"@type\":\"EntryPoint\",\"urlTemplate\":\"https:\\\/\\\/bimcointernational.com\\\/tr\\\/?s={search_term_string}\"},\"query-input\":{\"@type\":\"PropertyValueSpecification\",\"valueRequired\":true,\"valueName\":\"search_term_string\"}}],\"inLanguage\":\"tr\"},{\"@type\":\"Organization\",\"@id\":\"https:\\\/\\\/bimcointernational.com\\\/tr\\\/#organization\",\"name\":\"bimco international\",\"url\":\"https:\\\/\\\/bimcointernational.com\\\/tr\\\/\",\"logo\":{\"@type\":\"ImageObject\",\"inLanguage\":\"tr\",\"@id\":\"https:\\\/\\\/bimcointernational.com\\\/tr\\\/#\\\/schema\\\/logo\\\/image\\\/\",\"url\":\"https:\\\/\\\/bimcointernational.com\\\/wp-content\\\/uploads\\\/2023\\\/03\\\/bimco-international.png\",\"contentUrl\":\"https:\\\/\\\/bimcointernational.com\\\/wp-content\\\/uploads\\\/2023\\\/03\\\/bimco-international.png\",\"width\":1000,\"height\":283,\"caption\":\"bimco international\"},\"image\":{\"@id\":\"https:\\\/\\\/bimcointernational.com\\\/tr\\\/#\\\/schema\\\/logo\\\/image\\\/\"},\"sameAs\":[\"https:\\\/\\\/www.facebook.com\\\/B9K9T\",\"https:\\\/\\\/www.instagram.com\\\/bimcokimya\\\/\"]}]}<\/script>\n<!-- \/ Yoast SEO plugin. -->","yoast_head_json":{"title":"AGRI WEET - bimco international","description":"Organik silikon bile\u015fi\u011fimizle pestisit etkinli\u011fini art\u0131r\u0131n. Gerilimi azalt\u0131r, yap\u0131\u015fmay\u0131 sa\u011flar ve kimyasal verimi art\u0131r\u0131r.","robots":{"index":"index","follow":"follow","max-snippet":"max-snippet:-1","max-image-preview":"max-image-preview:large","max-video-preview":"max-video-preview:-1"},"canonical":"https:\/\/bimcointernational.com\/tr\/urun\/agri-weet\/","og_locale":"tr_TR","og_type":"article","og_title":"AGRI WEET - bimco international","og_description":"Organik silikon bile\u015fi\u011fimizle pestisit etkinli\u011fini art\u0131r\u0131n. Gerilimi azalt\u0131r, yap\u0131\u015fmay\u0131 sa\u011flar ve kimyasal verimi art\u0131r\u0131r.","og_url":"https:\/\/bimcointernational.com\/tr\/urun\/agri-weet\/","og_site_name":"bimco international","article_publisher":"https:\/\/www.facebook.com\/B9K9T","article_modified_time":"2024-01-03T12:11:44+00:00","og_image":[{"width":650,"height":663,"url":"https:\/\/bimcointernational.com\/wp-content\/uploads\/2023\/04\/AGRI-WEET-52.png","type":"image\/png"}],"twitter_card":"summary_large_image","twitter_misc":{"Tahmini okuma s\u00fcresi":"2 dakika"},"schema":{"@context":"https:\/\/schema.org","@graph":[{"@type":"WebPage","@id":"https:\/\/bimcointernational.com\/tr\/urun\/agri-weet\/","url":"https:\/\/bimcointernational.com\/tr\/urun\/agri-weet\/","name":"AGRI WEET - bimco international","isPartOf":{"@id":"https:\/\/bimcointernational.com\/tr\/#website"},"primaryImageOfPage":{"@id":"https:\/\/bimcointernational.com\/tr\/urun\/agri-weet\/#primaryimage"},"image":{"@id":"https:\/\/bimcointernational.com\/tr\/urun\/agri-weet\/#primaryimage"},"thumbnailUrl":"https:\/\/bimcointernational.com\/wp-content\/uploads\/2023\/04\/AGRI-WEET-52.png","datePublished":"2023-04-05T05:11:43+00:00","dateModified":"2024-01-03T12:11:44+00:00","description":"Organik silikon bile\u015fi\u011fimizle pestisit etkinli\u011fini art\u0131r\u0131n. Gerilimi azalt\u0131r, yap\u0131\u015fmay\u0131 sa\u011flar ve kimyasal verimi art\u0131r\u0131r.","breadcrumb":{"@id":"https:\/\/bimcointernational.com\/tr\/urun\/agri-weet\/#breadcrumb"},"inLanguage":"tr","potentialAction":[{"@type":"ReadAction","target":["https:\/\/bimcointernational.com\/tr\/urun\/agri-weet\/"]}]},{"@type":"ImageObject","inLanguage":"tr","@id":"https:\/\/bimcointernational.com\/tr\/urun\/agri-weet\/#primaryimage","url":"https:\/\/bimcointernational.com\/wp-content\/uploads\/2023\/04\/AGRI-WEET-52.png","contentUrl":"https:\/\/bimcointernational.com\/wp-content\/uploads\/2023\/04\/AGRI-WEET-52.png","width":650,"height":663,"caption":"Bimko AGRI WEET"},{"@type":"BreadcrumbList","@id":"https:\/\/bimcointernational.com\/tr\/urun\/agri-weet\/#breadcrumb","itemListElement":[{"@type":"ListItem","position":1,"name":"Home","item":"https:\/\/bimcointernational.com\/tr\/"},{"@type":"ListItem","position":2,"name":"\u00dcr\u00fcnlerimiz","item":"https:\/\/bimcointernational.com\/tr\/urunlerimiz\/"},{"@type":"ListItem","position":3,"name":"AGRI WEET"}]},{"@type":"WebSite","@id":"https:\/\/bimcointernational.com\/tr\/#website","url":"https:\/\/bimcointernational.com\/tr\/","name":"bimco international","description":"\u0634\u0631\u0643\u0629 \u0628\u064a\u0645\u0643\u0648 \u0627\u0644\u0643\u064a\u0645\u064a\u0627\u0626\u064a\u0629 \u0644\u0635\u0646\u0627\u0639\u0629 \u0627\u0644\u0645\u0628\u064a\u062f\u0627\u062a \u0648\u0627\u0644\u0623\u0633\u0645\u062f\u0629 \u0639\u0627\u0644\u064a\u0629 \u0627\u0644\u062c\u0648\u062f\u0629 35 \u0639\u0627\u0645\u0627 \u0645\u0646 \u0627\u0644\u062e\u0628\u0631\u0629 \u0646\u0636\u0639\u0647\u0627 \u0628\u064a\u0646 \u0623\u064a\u062f\u064a\u0643\u0645","publisher":{"@id":"https:\/\/bimcointernational.com\/tr\/#organization"},"potentialAction":[{"@type":"SearchAction","target":{"@type":"EntryPoint","urlTemplate":"https:\/\/bimcointernational.com\/tr\/?s={search_term_string}"},"query-input":{"@type":"PropertyValueSpecification","valueRequired":true,"valueName":"search_term_string"}}],"inLanguage":"tr"},{"@type":"Organization","@id":"https:\/\/bimcointernational.com\/tr\/#organization","name":"bimco international","url":"https:\/\/bimcointernational.com\/tr\/","logo":{"@type":"ImageObject","inLanguage":"tr","@id":"https:\/\/bimcointernational.com\/tr\/#\/schema\/logo\/image\/","url":"https:\/\/bimcointernational.com\/wp-content\/uploads\/2023\/03\/bimco-international.png","contentUrl":"https:\/\/bimcointernational.com\/wp-content\/uploads\/2023\/03\/bimco-international.png","width":1000,"height":283,"caption":"bimco international"},"image":{"@id":"https:\/\/bimcointernational.com\/tr\/#\/schema\/logo\/image\/"},"sameAs":["https:\/\/www.facebook.com\/B9K9T","https:\/\/www.instagram.com\/bimcokimya\/"]}]}},"jetpack_sharing_enabled":true,"_links":{"self":[{"href":"https:\/\/bimcointernational.com\/tr\/wp-json\/wp\/v2\/product\/3597","targetHints":{"allow":["GET"]}}],"collection":[{"href":"https:\/\/bimcointernational.com\/tr\/wp-json\/wp\/v2\/product"}],"about":[{"href":"https:\/\/bimcointernational.com\/tr\/wp-json\/wp\/v2\/types\/product"}],"replies":[{"embeddable":true,"href":"https:\/\/bimcointernational.com\/tr\/wp-json\/wp\/v2\/comments?post=3597"}],"wp:featuredmedia":[{"embeddable":true,"href":"https:\/\/bimcointernational.com\/tr\/wp-json\/wp\/v2\/media\/4614"}],"wp:attachment":[{"href":"https:\/\/bimcointernational.com\/tr\/wp-json\/wp\/v2\/media?parent=3597"}],"wp:term":[{"taxonomy":"product_brand","embeddable":true,"href":"https:\/\/bimcointernational.com\/tr\/wp-json\/wp\/v2\/product_brand?post=3597"},{"taxonomy":"product_cat","embeddable":true,"href":"https:\/\/bimcointernational.com\/tr\/wp-json\/wp\/v2\/product_cat?post=3597"},{"taxonomy":"product_tag","embeddable":true,"href":"https:\/\/bimcointernational.com\/tr\/wp-json\/wp\/v2\/product_tag?post=3597"}],"curies":[{"name":"wp","href":"https:\/\/api.w.org\/{rel}","templated":true}]}}