{"id":3591,"date":"2023-04-05T05:22:28","date_gmt":"2023-04-05T05:22:28","guid":{"rendered":"https:\/\/bimcointernational.com\/product\/zincoguard-550-sl\/"},"modified":"2024-01-03T16:58:12","modified_gmt":"2024-01-03T16:58:12","slug":"zincoguard-550-sl","status":"publish","type":"product","link":"https:\/\/bimcointernational.com\/tr\/urun\/zincoguard-550-sl\/","title":{"rendered":"ZINCOGUARD 550 SL"},"content":{"rendered":"<p><span style=\"color: #99cc00;\"><strong>Sistemik bakteriyel fungisit<\/strong><\/span><\/p>\n<p>Aktif bile\u015fen:<br \/>\n\u00c7inko fosfonat %55<\/p>\n<h2><strong><span style=\"color: #99cc00;\">Hayati \u00f6zellikler:<\/span><\/strong><\/h2>\n<p>\u00c7o\u011fu bitkide mantar hastal\u0131klar\u0131n\u0131 (t\u00fcyl\u00fc k\u00fcf, erken ve ge\u00e7 yan\u0131kl\u0131k, antraknoz, pas), kabuklar\u0131, mantar lekelerini, pythium \u00e7\u00fcr\u00fckl\u00fc\u011f\u00fcn\u00fc, Rhizoctonia, sklerotinia ve bakteriyel hastal\u0131klar\u0131 (ate\u015f yan\u0131kl\u0131\u011f\u0131, lekeler) kontrol etmek i\u00e7in kullan\u0131lan sistemik bir fungisit.<br \/>\n\u00c7inko fosfonat, kalsiyumun k\u00f6kler taraf\u0131ndan al\u0131nmas\u0131na yard\u0131mc\u0131 olarak dokular\u0131 g\u00fc\u00e7lendirdi\u011fine inan\u0131lan bu &#8216;sabit&#8217; besin maddesinin hareketlili\u011fini art\u0131r\u0131r; Kalsiyum, bir madde olan kalsiyum pektat\u0131n yap\u0131m\u0131nda gereklidir.<br \/>\nBitki h\u00fccrelerini ba\u011flayan \u00e7imento benzeri bir bile\u015fik g\u00f6revi g\u00f6rerek a\u011fac\u0131n \u00e7evresinde \u00f6nemli bir rol oynar.<\/p>\n<h2><strong><span style=\"color: #99cc00;\">Kullan\u0131m oran\u0131:<\/span><\/strong><\/h2>\n<p>A\u00e7\u0131k tarlalarda ve \u00e7ift\u00e7ilikte, \u00e7o\u011fu bitki i\u00e7in toplam p\u00fcsk\u00fcrtme olarak genellikle 100 litre suya 200-300 ml oran\u0131nda uygulan\u0131r.<br \/>\nBitkisel ila\u00e7lamada sulama hektar ba\u015f\u0131na 250-500 ml aras\u0131nda de\u011fi\u015fir ve ihtiya\u00e7 halinde 7-14 g\u00fcnde bir 2-3 kez tekrarlanabilir.<\/p>\n<h3><strong><span style=\"color: #99cc00;\">Ana Hedef Hastal\u0131klar:<\/span><\/strong><\/h3>\n<p>PHYTOPHTHORA FRAGARIAE<br \/>\nSCLEROT\u0130N\u0130A SCLEROT\u0130ORUM<br \/>\nPSEUDOMONAS \u015e\u0130R\u0130NGASI<br \/>\nERWINIA AMYLOVORA<br \/>\nVENTURIA E\u015e\u0130TS\u0130ZL\u0130K<br \/>\nFUSARIUM OXYSPORUM<br \/>\nXANTHOMONAS CAMPESTRIS<br \/>\nPSEUDOPERONOSPORA CUBENSIS<br \/>\nAPIOGNOMONIA VENETA<br \/>\nPHYTOPHTHORA PALMIVORA<br \/>\nRH\u0130ZOCTONIA SOLAN\u0130<br \/>\nALTERNAR\u0130A SOLAN\u0130<br \/>\nPERONOSPORA YOK ED\u0130C\u0130<br \/>\nBREMIA LACTUCAE<br \/>\nSPILOCEA OLIGANA<br \/>\nF\u0130TOPHTHORA INFESTANSLARI&#8221;<\/p>\n","protected":false},"excerpt":{"rendered":"<p>Sistemik bakteriyel fungisit<\/p>\n","protected":false},"featured_media":2557,"comment_status":"closed","ping_status":"closed","template":"","meta":{"_eb_attr":"","site-sidebar-layout":"default","site-content-layout":"default","ast-site-content-layout":"default","site-content-style":"default","site-sidebar-style":"default","ast-global-header-display":"","ast-banner-title-visibility":"","ast-main-header-display":"","ast-hfb-above-header-display":"","ast-hfb-below-header-display":"","ast-hfb-mobile-header-display":"","site-post-title":"","ast-breadcrumbs-content":"","ast-featured-img":"","footer-sml-layout":"","ast-disable-related-posts":"","theme-transparent-header-meta":"default","adv-header-id-meta":"","stick-header-meta":"","header-above-stick-meta":"","header-main-stick-meta":"","header-below-stick-meta":"","astra-migrate-meta-layouts":"set","ast-page-background-enabled":"default","ast-page-background-meta":{"desktop":{"background-color":"var(--ast-global-color-4)","background-image":"","background-repeat":"repeat","background-position":"center center","background-size":"auto","background-attachment":"scroll","background-type":"","background-media":"","overlay-type":"","overlay-color":"","overlay-opacity":"","overlay-gradient":""},"tablet":{"background-color":"","background-image":"","background-repeat":"repeat","background-position":"center center","background-size":"auto","background-attachment":"scroll","background-type":"","background-media":"","overlay-type":"","overlay-color":"","overlay-opacity":"","overlay-gradient":""},"mobile":{"background-color":"","background-image":"","background-repeat":"repeat","background-position":"center center","background-size":"auto","background-attachment":"scroll","background-type":"","background-media":"","overlay-type":"","overlay-color":"","overlay-opacity":"","overlay-gradient":""}},"ast-content-background-meta":{"desktop":{"background-color":"var(--ast-global-color-5)","background-image":"","background-repeat":"repeat","background-position":"center center","background-size":"auto","background-attachment":"scroll","background-type":"","background-media":"","overlay-type":"","overlay-color":"","overlay-opacity":"","overlay-gradient":""},"tablet":{"background-color":"var(--ast-global-color-5)","background-image":"","background-repeat":"repeat","background-position":"center center","background-size":"auto","background-attachment":"scroll","background-type":"","background-media":"","overlay-type":"","overlay-color":"","overlay-opacity":"","overlay-gradient":""},"mobile":{"background-color":"var(--ast-global-color-5)","background-image":"","background-repeat":"repeat","background-position":"center center","background-size":"auto","background-attachment":"scroll","background-type":"","background-media":"","overlay-type":"","overlay-color":"","overlay-opacity":"","overlay-gradient":""}},"_joinchat":[]},"product_brand":[],"product_cat":[90],"product_tag":[],"class_list":{"0":"post-3591","1":"product","2":"type-product","3":"status-publish","4":"has-post-thumbnail","6":"product_cat-yesil-tarim-urunleri","7":"desktop-align-left","8":"tablet-align-left","9":"mobile-align-left","11":"first","12":"instock","13":"shipping-taxable","14":"product-type-simple"},"yoast_head":"<!-- This site is optimized with the Yoast SEO plugin v27.1.1 - https:\/\/yoast.com\/product\/yoast-seo-wordpress\/ -->\n<title>ZINCOGUARD 550 SL - Bimco International<\/title>\n<meta name=\"description\" content=\"\u00c7inko Fosfonatl\u0131 sistemik bakteriyel fungisit. Bitkilerde \u00e7e\u015fitli mantar ve bakteri hastal\u0131klar\u0131n\u0131 kontrol eder. Etkili ve \u00e7ok y\u00f6nl\u00fc. Daha fazla bilgi edin!\" \/>\n<meta name=\"robots\" content=\"index, follow, max-snippet:-1, max-image-preview:large, max-video-preview:-1\" \/>\n<link rel=\"canonical\" href=\"https:\/\/bimcointernational.com\/tr\/urun\/zincoguard-550-sl\/\" \/>\n<meta property=\"og:locale\" content=\"tr_TR\" \/>\n<meta property=\"og:type\" content=\"article\" \/>\n<meta property=\"og:title\" content=\"ZINCOGUARD 550 SL - Bimco International\" \/>\n<meta property=\"og:description\" content=\"\u00c7inko Fosfonatl\u0131 sistemik bakteriyel fungisit. Bitkilerde \u00e7e\u015fitli mantar ve bakteri hastal\u0131klar\u0131n\u0131 kontrol eder. Etkili ve \u00e7ok y\u00f6nl\u00fc. Daha fazla bilgi edin!\" \/>\n<meta property=\"og:url\" content=\"https:\/\/bimcointernational.com\/tr\/urun\/zincoguard-550-sl\/\" \/>\n<meta property=\"og:site_name\" content=\"bimco international\" \/>\n<meta property=\"article:publisher\" content=\"https:\/\/www.facebook.com\/B9K9T\" \/>\n<meta property=\"article:modified_time\" content=\"2024-01-03T16:58:12+00:00\" \/>\n<meta property=\"og:image\" content=\"https:\/\/bimcointernational.com\/wp-content\/uploads\/2023\/04\/plastic_bottle_mockup_01-25.png\" \/>\n\t<meta property=\"og:image:width\" content=\"1200\" \/>\n\t<meta property=\"og:image:height\" content=\"1220\" \/>\n\t<meta property=\"og:image:type\" content=\"image\/png\" \/>\n<meta name=\"twitter:card\" content=\"summary_large_image\" \/>\n<meta name=\"twitter:label1\" content=\"Tahmini okuma s\u00fcresi\" \/>\n\t<meta name=\"twitter:data1\" content=\"1 dakika\" \/>\n<script type=\"application\/ld+json\" class=\"yoast-schema-graph\">{\"@context\":\"https:\/\/schema.org\",\"@graph\":[{\"@type\":\"WebPage\",\"@id\":\"https:\/\/bimcointernational.com\/tr\/urun\/zincoguard-550-sl\/\",\"url\":\"https:\/\/bimcointernational.com\/tr\/urun\/zincoguard-550-sl\/\",\"name\":\"ZINCOGUARD 550 SL - Bimco International\",\"isPartOf\":{\"@id\":\"https:\/\/bimcointernational.com\/tr\/#website\"},\"primaryImageOfPage\":{\"@id\":\"https:\/\/bimcointernational.com\/tr\/urun\/zincoguard-550-sl\/#primaryimage\"},\"image\":{\"@id\":\"https:\/\/bimcointernational.com\/tr\/urun\/zincoguard-550-sl\/#primaryimage\"},\"thumbnailUrl\":\"https:\/\/bimcointernational.com\/wp-content\/uploads\/2023\/04\/plastic_bottle_mockup_01-25.png\",\"datePublished\":\"2023-04-05T05:22:28+00:00\",\"dateModified\":\"2024-01-03T16:58:12+00:00\",\"description\":\"\u00c7inko Fosfonatl\u0131 sistemik bakteriyel fungisit. Bitkilerde \u00e7e\u015fitli mantar ve bakteri hastal\u0131klar\u0131n\u0131 kontrol eder. Etkili ve \u00e7ok y\u00f6nl\u00fc. Daha fazla bilgi edin!\",\"breadcrumb\":{\"@id\":\"https:\/\/bimcointernational.com\/tr\/urun\/zincoguard-550-sl\/#breadcrumb\"},\"inLanguage\":\"tr\",\"potentialAction\":[{\"@type\":\"ReadAction\",\"target\":[\"https:\/\/bimcointernational.com\/tr\/urun\/zincoguard-550-sl\/\"]}]},{\"@type\":\"ImageObject\",\"inLanguage\":\"tr\",\"@id\":\"https:\/\/bimcointernational.com\/tr\/urun\/zincoguard-550-sl\/#primaryimage\",\"url\":\"https:\/\/bimcointernational.com\/wp-content\/uploads\/2023\/04\/plastic_bottle_mockup_01-25.png\",\"contentUrl\":\"https:\/\/bimcointernational.com\/wp-content\/uploads\/2023\/04\/plastic_bottle_mockup_01-25.png\",\"width\":1200,\"height\":1220,\"caption\":\"ZINCOGUARD 550 SL\"},{\"@type\":\"BreadcrumbList\",\"@id\":\"https:\/\/bimcointernational.com\/tr\/urun\/zincoguard-550-sl\/#breadcrumb\",\"itemListElement\":[{\"@type\":\"ListItem\",\"position\":1,\"name\":\"Home\",\"item\":\"https:\/\/bimcointernational.com\/tr\/\"},{\"@type\":\"ListItem\",\"position\":2,\"name\":\"\u00dcr\u00fcnlerimiz\",\"item\":\"https:\/\/bimcointernational.com\/tr\/urunlerimiz\/\"},{\"@type\":\"ListItem\",\"position\":3,\"name\":\"ZINCOGUARD 550 SL\"}]},{\"@type\":\"WebSite\",\"@id\":\"https:\/\/bimcointernational.com\/tr\/#website\",\"url\":\"https:\/\/bimcointernational.com\/tr\/\",\"name\":\"bimco international\",\"description\":\"\u0634\u0631\u0643\u0629 \u0628\u064a\u0645\u0643\u0648 \u0627\u0644\u0643\u064a\u0645\u064a\u0627\u0626\u064a\u0629 \u0644\u0635\u0646\u0627\u0639\u0629 \u0627\u0644\u0645\u0628\u064a\u062f\u0627\u062a \u0648\u0627\u0644\u0623\u0633\u0645\u062f\u0629 \u0639\u0627\u0644\u064a\u0629 \u0627\u0644\u062c\u0648\u062f\u0629 35 \u0639\u0627\u0645\u0627 \u0645\u0646 \u0627\u0644\u062e\u0628\u0631\u0629 \u0646\u0636\u0639\u0647\u0627 \u0628\u064a\u0646 \u0623\u064a\u062f\u064a\u0643\u0645\",\"publisher\":{\"@id\":\"https:\/\/bimcointernational.com\/tr\/#organization\"},\"potentialAction\":[{\"@type\":\"SearchAction\",\"target\":{\"@type\":\"EntryPoint\",\"urlTemplate\":\"https:\/\/bimcointernational.com\/tr\/?s={search_term_string}\"},\"query-input\":{\"@type\":\"PropertyValueSpecification\",\"valueRequired\":true,\"valueName\":\"search_term_string\"}}],\"inLanguage\":\"tr\"},{\"@type\":\"Organization\",\"@id\":\"https:\/\/bimcointernational.com\/tr\/#organization\",\"name\":\"bimco international\",\"url\":\"https:\/\/bimcointernational.com\/tr\/\",\"logo\":{\"@type\":\"ImageObject\",\"inLanguage\":\"tr\",\"@id\":\"https:\/\/bimcointernational.com\/tr\/#\/schema\/logo\/image\/\",\"url\":\"https:\/\/bimcointernational.com\/wp-content\/uploads\/2023\/03\/bimco-international.png\",\"contentUrl\":\"https:\/\/bimcointernational.com\/wp-content\/uploads\/2023\/03\/bimco-international.png\",\"width\":1000,\"height\":283,\"caption\":\"bimco international\"},\"image\":{\"@id\":\"https:\/\/bimcointernational.com\/tr\/#\/schema\/logo\/image\/\"},\"sameAs\":[\"https:\/\/www.facebook.com\/B9K9T\",\"https:\/\/www.instagram.com\/bimcokimya\/\"]}]}<\/script>\n<!-- \/ Yoast SEO plugin. -->","yoast_head_json":{"title":"ZINCOGUARD 550 SL - Bimco International","description":"\u00c7inko Fosfonatl\u0131 sistemik bakteriyel fungisit. Bitkilerde \u00e7e\u015fitli mantar ve bakteri hastal\u0131klar\u0131n\u0131 kontrol eder. Etkili ve \u00e7ok y\u00f6nl\u00fc. Daha fazla bilgi edin!","robots":{"index":"index","follow":"follow","max-snippet":"max-snippet:-1","max-image-preview":"max-image-preview:large","max-video-preview":"max-video-preview:-1"},"canonical":"https:\/\/bimcointernational.com\/tr\/urun\/zincoguard-550-sl\/","og_locale":"tr_TR","og_type":"article","og_title":"ZINCOGUARD 550 SL - Bimco International","og_description":"\u00c7inko Fosfonatl\u0131 sistemik bakteriyel fungisit. Bitkilerde \u00e7e\u015fitli mantar ve bakteri hastal\u0131klar\u0131n\u0131 kontrol eder. Etkili ve \u00e7ok y\u00f6nl\u00fc. Daha fazla bilgi edin!","og_url":"https:\/\/bimcointernational.com\/tr\/urun\/zincoguard-550-sl\/","og_site_name":"bimco international","article_publisher":"https:\/\/www.facebook.com\/B9K9T","article_modified_time":"2024-01-03T16:58:12+00:00","og_image":[{"width":1200,"height":1220,"url":"https:\/\/bimcointernational.com\/wp-content\/uploads\/2023\/04\/plastic_bottle_mockup_01-25.png","type":"image\/png"}],"twitter_card":"summary_large_image","twitter_misc":{"Tahmini okuma s\u00fcresi":"1 dakika"},"schema":{"@context":"https:\/\/schema.org","@graph":[{"@type":"WebPage","@id":"https:\/\/bimcointernational.com\/tr\/urun\/zincoguard-550-sl\/","url":"https:\/\/bimcointernational.com\/tr\/urun\/zincoguard-550-sl\/","name":"ZINCOGUARD 550 SL - Bimco International","isPartOf":{"@id":"https:\/\/bimcointernational.com\/tr\/#website"},"primaryImageOfPage":{"@id":"https:\/\/bimcointernational.com\/tr\/urun\/zincoguard-550-sl\/#primaryimage"},"image":{"@id":"https:\/\/bimcointernational.com\/tr\/urun\/zincoguard-550-sl\/#primaryimage"},"thumbnailUrl":"https:\/\/bimcointernational.com\/wp-content\/uploads\/2023\/04\/plastic_bottle_mockup_01-25.png","datePublished":"2023-04-05T05:22:28+00:00","dateModified":"2024-01-03T16:58:12+00:00","description":"\u00c7inko Fosfonatl\u0131 sistemik bakteriyel fungisit. Bitkilerde \u00e7e\u015fitli mantar ve bakteri hastal\u0131klar\u0131n\u0131 kontrol eder. Etkili ve \u00e7ok y\u00f6nl\u00fc. Daha fazla bilgi edin!","breadcrumb":{"@id":"https:\/\/bimcointernational.com\/tr\/urun\/zincoguard-550-sl\/#breadcrumb"},"inLanguage":"tr","potentialAction":[{"@type":"ReadAction","target":["https:\/\/bimcointernational.com\/tr\/urun\/zincoguard-550-sl\/"]}]},{"@type":"ImageObject","inLanguage":"tr","@id":"https:\/\/bimcointernational.com\/tr\/urun\/zincoguard-550-sl\/#primaryimage","url":"https:\/\/bimcointernational.com\/wp-content\/uploads\/2023\/04\/plastic_bottle_mockup_01-25.png","contentUrl":"https:\/\/bimcointernational.com\/wp-content\/uploads\/2023\/04\/plastic_bottle_mockup_01-25.png","width":1200,"height":1220,"caption":"ZINCOGUARD 550 SL"},{"@type":"BreadcrumbList","@id":"https:\/\/bimcointernational.com\/tr\/urun\/zincoguard-550-sl\/#breadcrumb","itemListElement":[{"@type":"ListItem","position":1,"name":"Home","item":"https:\/\/bimcointernational.com\/tr\/"},{"@type":"ListItem","position":2,"name":"\u00dcr\u00fcnlerimiz","item":"https:\/\/bimcointernational.com\/tr\/urunlerimiz\/"},{"@type":"ListItem","position":3,"name":"ZINCOGUARD 550 SL"}]},{"@type":"WebSite","@id":"https:\/\/bimcointernational.com\/tr\/#website","url":"https:\/\/bimcointernational.com\/tr\/","name":"bimco international","description":"\u0634\u0631\u0643\u0629 \u0628\u064a\u0645\u0643\u0648 \u0627\u0644\u0643\u064a\u0645\u064a\u0627\u0626\u064a\u0629 \u0644\u0635\u0646\u0627\u0639\u0629 \u0627\u0644\u0645\u0628\u064a\u062f\u0627\u062a \u0648\u0627\u0644\u0623\u0633\u0645\u062f\u0629 \u0639\u0627\u0644\u064a\u0629 \u0627\u0644\u062c\u0648\u062f\u0629 35 \u0639\u0627\u0645\u0627 \u0645\u0646 \u0627\u0644\u062e\u0628\u0631\u0629 \u0646\u0636\u0639\u0647\u0627 \u0628\u064a\u0646 \u0623\u064a\u062f\u064a\u0643\u0645","publisher":{"@id":"https:\/\/bimcointernational.com\/tr\/#organization"},"potentialAction":[{"@type":"SearchAction","target":{"@type":"EntryPoint","urlTemplate":"https:\/\/bimcointernational.com\/tr\/?s={search_term_string}"},"query-input":{"@type":"PropertyValueSpecification","valueRequired":true,"valueName":"search_term_string"}}],"inLanguage":"tr"},{"@type":"Organization","@id":"https:\/\/bimcointernational.com\/tr\/#organization","name":"bimco international","url":"https:\/\/bimcointernational.com\/tr\/","logo":{"@type":"ImageObject","inLanguage":"tr","@id":"https:\/\/bimcointernational.com\/tr\/#\/schema\/logo\/image\/","url":"https:\/\/bimcointernational.com\/wp-content\/uploads\/2023\/03\/bimco-international.png","contentUrl":"https:\/\/bimcointernational.com\/wp-content\/uploads\/2023\/03\/bimco-international.png","width":1000,"height":283,"caption":"bimco international"},"image":{"@id":"https:\/\/bimcointernational.com\/tr\/#\/schema\/logo\/image\/"},"sameAs":["https:\/\/www.facebook.com\/B9K9T","https:\/\/www.instagram.com\/bimcokimya\/"]}]}},"jetpack_sharing_enabled":true,"_links":{"self":[{"href":"https:\/\/bimcointernational.com\/tr\/wp-json\/wp\/v2\/product\/3591","targetHints":{"allow":["GET"]}}],"collection":[{"href":"https:\/\/bimcointernational.com\/tr\/wp-json\/wp\/v2\/product"}],"about":[{"href":"https:\/\/bimcointernational.com\/tr\/wp-json\/wp\/v2\/types\/product"}],"replies":[{"embeddable":true,"href":"https:\/\/bimcointernational.com\/tr\/wp-json\/wp\/v2\/comments?post=3591"}],"wp:featuredmedia":[{"embeddable":true,"href":"https:\/\/bimcointernational.com\/tr\/wp-json\/wp\/v2\/media\/2557"}],"wp:attachment":[{"href":"https:\/\/bimcointernational.com\/tr\/wp-json\/wp\/v2\/media?parent=3591"}],"wp:term":[{"taxonomy":"product_brand","embeddable":true,"href":"https:\/\/bimcointernational.com\/tr\/wp-json\/wp\/v2\/product_brand?post=3591"},{"taxonomy":"product_cat","embeddable":true,"href":"https:\/\/bimcointernational.com\/tr\/wp-json\/wp\/v2\/product_cat?post=3591"},{"taxonomy":"product_tag","embeddable":true,"href":"https:\/\/bimcointernational.com\/tr\/wp-json\/wp\/v2\/product_tag?post=3591"}],"curies":[{"name":"wp","href":"https:\/\/api.w.org\/{rel}","templated":true}]}}