{"id":3587,"date":"2023-04-05T05:24:33","date_gmt":"2023-04-05T05:24:33","guid":{"rendered":"https:\/\/bimcointernational.com\/product\/copperam-300-sl\/"},"modified":"2024-01-03T12:34:30","modified_gmt":"2024-01-03T12:34:30","slug":"copperam-300-sl","status":"publish","type":"product","link":"https:\/\/bimcointernational.com\/tr\/urun\/copperam-300-sl\/","title":{"rendered":"COPPERAM 300 SL"},"content":{"rendered":"<p><strong>**Bak\u0131r Karboksilat Glukonat**<\/strong><\/p>\n<h2><strong><span style=\"color: #99cc00;\">**Hayati \u00d6zellikler:**<\/span><\/strong><\/h2>\n<p>\u00c7ok say\u0131da mantar ve bakteri zararl\u0131s\u0131na kar\u015f\u0131 kullan\u0131lan bak\u0131r besin ve fungisit bile\u015fi\u011fi; harikalar yarat\u0131yor.<br \/>\nBir\u00e7ok mantar ve bakteri hastal\u0131\u011f\u0131na kar\u015f\u0131 ba\u011f\u0131\u015f\u0131kl\u0131k savunma hatt\u0131 olarak bitki h\u00fccre duvarlar\u0131n\u0131 g\u00fc\u00e7lendirir ve g\u00fc\u00e7lendirir.<br \/>\nHastal\u0131klara, biyotik ve hayati olmayan streslere kar\u015f\u0131 direnci artt\u0131r\u0131r.<br \/>\nVerimlili\u011fi ve etkinli\u011fi art\u0131ran, yapraklara en h\u0131zl\u0131 emilimi ve ge\u00e7irgenli\u011fi sa\u011flayan bak\u0131r (bak\u0131r glukonat) i\u00e7erir.<br \/>\nBak\u0131r Glukonat Karboksilat, ge\u00e7irgenlik ve emilim h\u0131z\u0131 ile sistemik yay\u0131lmaya sahip olup, uygulama s\u0131ras\u0131nda g\u00fcvenli\u011fi sa\u011flar.<br \/>\nK\u00f6k ve bitkisel sistemleri etkileyerek yaln\u0131zca bitkisel sistemi de\u011fil k\u00f6kleri de hastal\u0131klardan korur.<br \/>\nBitki b\u00fcy\u00fcmesini engelleyen baz\u0131 bak\u0131r bile\u015fiklerinin aksine bitki b\u00fcy\u00fcmesini te\u015fvik eder.<br \/>\nKobram \u00e7e\u015fitli mantar hastal\u0131klar\u0131n\u0131n (t\u00fcyl\u00fc k\u00fcf, yan\u0131kl\u0131k, \u00e7\u00fcr\u00fcme, lekelenme, solgunluk, pas&#8230;) \u00f6nlenmesine yard\u0131mc\u0131 olur.<br \/>\nBakteriyel yan\u0131klar ve lekeler.<\/p>\n<h2><strong><span style=\"color: #99cc00;\">**Kimyasal analiz:**<\/span><\/strong><\/h2>\n<p>Bile\u015fik, %20 glukonat ve karboksilat ile y\u00fckl\u00fc %5 bak\u0131r i\u00e7erir.<\/p>\n<h2><span style=\"color: #99cc00;\"><strong>**Kullan\u0131m oran\u0131:**<\/strong><\/span><\/h2>\n<p>Genel yaprak sprey uygulamas\u0131 i\u00e7in bitki t\u00fcr\u00fc ve yap\u0131s\u0131na ba\u011fl\u0131 olarak 100 litreye 100-200 ml aras\u0131nda tavsiye edilir.<br \/>\nK\u00f6k korumas\u0131 i\u00e7in hektar ba\u015f\u0131na 250-500 ml oran\u0131nda kullan\u0131n.<\/p>\n<p><em>*Bak\u0131r Karboksilat Glukonat bile\u015fi\u011fimizle bitki ba\u011f\u0131\u015f\u0131kl\u0131\u011f\u0131n\u0131 art\u0131r\u0131n. Mantar ve bakteri zararl\u0131lar\u0131na kar\u015f\u0131 \u00e7ok y\u00f6nl\u00fc olup, bitki savunmas\u0131n\u0131 g\u00fc\u00e7lendirir, optimum etkinlik i\u00e7in h\u0131zl\u0131 emilim sa\u011flar. Daha fazla bilgi edin!*<\/em><\/p>\n","protected":false},"excerpt":{"rendered":"<p>COPPERAM 300 SL<\/p>\n","protected":false},"featured_media":4602,"comment_status":"closed","ping_status":"closed","template":"","meta":{"_eb_attr":"","site-sidebar-layout":"default","site-content-layout":"default","ast-site-content-layout":"default","site-content-style":"default","site-sidebar-style":"default","ast-global-header-display":"","ast-banner-title-visibility":"","ast-main-header-display":"","ast-hfb-above-header-display":"","ast-hfb-below-header-display":"","ast-hfb-mobile-header-display":"","site-post-title":"","ast-breadcrumbs-content":"","ast-featured-img":"","footer-sml-layout":"","ast-disable-related-posts":"","theme-transparent-header-meta":"default","adv-header-id-meta":"","stick-header-meta":"","header-above-stick-meta":"","header-main-stick-meta":"","header-below-stick-meta":"","astra-migrate-meta-layouts":"set","ast-page-background-enabled":"default","ast-page-background-meta":{"desktop":{"background-color":"var(--ast-global-color-4)","background-image":"","background-repeat":"repeat","background-position":"center center","background-size":"auto","background-attachment":"scroll","background-type":"","background-media":"","overlay-type":"","overlay-color":"","overlay-opacity":"","overlay-gradient":""},"tablet":{"background-color":"","background-image":"","background-repeat":"repeat","background-position":"center center","background-size":"auto","background-attachment":"scroll","background-type":"","background-media":"","overlay-type":"","overlay-color":"","overlay-opacity":"","overlay-gradient":""},"mobile":{"background-color":"","background-image":"","background-repeat":"repeat","background-position":"center center","background-size":"auto","background-attachment":"scroll","background-type":"","background-media":"","overlay-type":"","overlay-color":"","overlay-opacity":"","overlay-gradient":""}},"ast-content-background-meta":{"desktop":{"background-color":"var(--ast-global-color-5)","background-image":"","background-repeat":"repeat","background-position":"center center","background-size":"auto","background-attachment":"scroll","background-type":"","background-media":"","overlay-type":"","overlay-color":"","overlay-opacity":"","overlay-gradient":""},"tablet":{"background-color":"var(--ast-global-color-5)","background-image":"","background-repeat":"repeat","background-position":"center center","background-size":"auto","background-attachment":"scroll","background-type":"","background-media":"","overlay-type":"","overlay-color":"","overlay-opacity":"","overlay-gradient":""},"mobile":{"background-color":"var(--ast-global-color-5)","background-image":"","background-repeat":"repeat","background-position":"center center","background-size":"auto","background-attachment":"scroll","background-type":"","background-media":"","overlay-type":"","overlay-color":"","overlay-opacity":"","overlay-gradient":""}},"_joinchat":[]},"product_brand":[],"product_cat":[90],"product_tag":[],"class_list":{"0":"post-3587","1":"product","2":"type-product","3":"status-publish","4":"has-post-thumbnail","6":"product_cat-yesil-tarim-urunleri","7":"desktop-align-left","8":"tablet-align-left","9":"mobile-align-left","11":"first","12":"instock","13":"shipping-taxable","14":"product-type-simple"},"yoast_head":"<!-- This site is optimized with the Yoast SEO plugin v27.1.1 - https:\/\/yoast.com\/product\/yoast-seo-wordpress\/ -->\n<title>COPPERAM 300 SL - Bimco International<\/title>\n<meta name=\"description\" content=\"&quot;Bak\u0131r Karboksilat Glukonat\u0131m\u0131zla bitki ba\u011f\u0131\u015f\u0131kl\u0131\u011f\u0131n\u0131 g\u00fc\u00e7lendirin. H\u0131zl\u0131 emilim, zararl\u0131lara kar\u015f\u0131 g\u00fc\u00e7lendirilmi\u015f savunma. Daha fazlas\u0131n\u0131 ke\u015ffedin!&quot;\" \/>\n<meta name=\"robots\" content=\"index, follow, max-snippet:-1, max-image-preview:large, max-video-preview:-1\" \/>\n<link rel=\"canonical\" href=\"https:\/\/bimcointernational.com\/tr\/urun\/copperam-300-sl\/\" \/>\n<meta property=\"og:locale\" content=\"tr_TR\" \/>\n<meta property=\"og:type\" content=\"article\" \/>\n<meta property=\"og:title\" content=\"COPPERAM 300 SL - Bimco International\" \/>\n<meta property=\"og:description\" content=\"&quot;Bak\u0131r Karboksilat Glukonat\u0131m\u0131zla bitki ba\u011f\u0131\u015f\u0131kl\u0131\u011f\u0131n\u0131 g\u00fc\u00e7lendirin. H\u0131zl\u0131 emilim, zararl\u0131lara kar\u015f\u0131 g\u00fc\u00e7lendirilmi\u015f savunma. Daha fazlas\u0131n\u0131 ke\u015ffedin!&quot;\" \/>\n<meta property=\"og:url\" content=\"https:\/\/bimcointernational.com\/tr\/urun\/copperam-300-sl\/\" \/>\n<meta property=\"og:site_name\" content=\"bimco international\" \/>\n<meta property=\"article:publisher\" content=\"https:\/\/www.facebook.com\/B9K9T\" \/>\n<meta property=\"article:modified_time\" content=\"2024-01-03T12:34:30+00:00\" \/>\n<meta property=\"og:image\" content=\"https:\/\/bimcointernational.com\/wp-content\/uploads\/2023\/04\/COPPERAM-300-SL.png\" \/>\n\t<meta property=\"og:image:width\" content=\"650\" \/>\n\t<meta property=\"og:image:height\" content=\"663\" \/>\n\t<meta property=\"og:image:type\" content=\"image\/png\" \/>\n<meta name=\"twitter:card\" content=\"summary_large_image\" \/>\n<meta name=\"twitter:label1\" content=\"Tahmini okuma s\u00fcresi\" \/>\n\t<meta name=\"twitter:data1\" content=\"2 dakika\" \/>\n<script type=\"application\/ld+json\" class=\"yoast-schema-graph\">{\"@context\":\"https:\/\/schema.org\",\"@graph\":[{\"@type\":\"WebPage\",\"@id\":\"https:\/\/bimcointernational.com\/tr\/urun\/copperam-300-sl\/\",\"url\":\"https:\/\/bimcointernational.com\/tr\/urun\/copperam-300-sl\/\",\"name\":\"COPPERAM 300 SL - Bimco International\",\"isPartOf\":{\"@id\":\"https:\/\/bimcointernational.com\/tr\/#website\"},\"primaryImageOfPage\":{\"@id\":\"https:\/\/bimcointernational.com\/tr\/urun\/copperam-300-sl\/#primaryimage\"},\"image\":{\"@id\":\"https:\/\/bimcointernational.com\/tr\/urun\/copperam-300-sl\/#primaryimage\"},\"thumbnailUrl\":\"https:\/\/bimcointernational.com\/wp-content\/uploads\/2023\/04\/COPPERAM-300-SL.png\",\"datePublished\":\"2023-04-05T05:24:33+00:00\",\"dateModified\":\"2024-01-03T12:34:30+00:00\",\"description\":\"\\\"Bak\u0131r Karboksilat Glukonat\u0131m\u0131zla bitki ba\u011f\u0131\u015f\u0131kl\u0131\u011f\u0131n\u0131 g\u00fc\u00e7lendirin. H\u0131zl\u0131 emilim, zararl\u0131lara kar\u015f\u0131 g\u00fc\u00e7lendirilmi\u015f savunma. Daha fazlas\u0131n\u0131 ke\u015ffedin!\\\"\",\"breadcrumb\":{\"@id\":\"https:\/\/bimcointernational.com\/tr\/urun\/copperam-300-sl\/#breadcrumb\"},\"inLanguage\":\"tr\",\"potentialAction\":[{\"@type\":\"ReadAction\",\"target\":[\"https:\/\/bimcointernational.com\/tr\/urun\/copperam-300-sl\/\"]}]},{\"@type\":\"ImageObject\",\"inLanguage\":\"tr\",\"@id\":\"https:\/\/bimcointernational.com\/tr\/urun\/copperam-300-sl\/#primaryimage\",\"url\":\"https:\/\/bimcointernational.com\/wp-content\/uploads\/2023\/04\/COPPERAM-300-SL.png\",\"contentUrl\":\"https:\/\/bimcointernational.com\/wp-content\/uploads\/2023\/04\/COPPERAM-300-SL.png\",\"width\":650,\"height\":663,\"caption\":\"Bimko COPPERAM 300 SL\"},{\"@type\":\"BreadcrumbList\",\"@id\":\"https:\/\/bimcointernational.com\/tr\/urun\/copperam-300-sl\/#breadcrumb\",\"itemListElement\":[{\"@type\":\"ListItem\",\"position\":1,\"name\":\"Home\",\"item\":\"https:\/\/bimcointernational.com\/tr\/\"},{\"@type\":\"ListItem\",\"position\":2,\"name\":\"\u00dcr\u00fcnlerimiz\",\"item\":\"https:\/\/bimcointernational.com\/tr\/urunlerimiz\/\"},{\"@type\":\"ListItem\",\"position\":3,\"name\":\"COPPERAM 300 SL\"}]},{\"@type\":\"WebSite\",\"@id\":\"https:\/\/bimcointernational.com\/tr\/#website\",\"url\":\"https:\/\/bimcointernational.com\/tr\/\",\"name\":\"bimco international\",\"description\":\"\u0634\u0631\u0643\u0629 \u0628\u064a\u0645\u0643\u0648 \u0627\u0644\u0643\u064a\u0645\u064a\u0627\u0626\u064a\u0629 \u0644\u0635\u0646\u0627\u0639\u0629 \u0627\u0644\u0645\u0628\u064a\u062f\u0627\u062a \u0648\u0627\u0644\u0623\u0633\u0645\u062f\u0629 \u0639\u0627\u0644\u064a\u0629 \u0627\u0644\u062c\u0648\u062f\u0629 35 \u0639\u0627\u0645\u0627 \u0645\u0646 \u0627\u0644\u062e\u0628\u0631\u0629 \u0646\u0636\u0639\u0647\u0627 \u0628\u064a\u0646 \u0623\u064a\u062f\u064a\u0643\u0645\",\"publisher\":{\"@id\":\"https:\/\/bimcointernational.com\/tr\/#organization\"},\"potentialAction\":[{\"@type\":\"SearchAction\",\"target\":{\"@type\":\"EntryPoint\",\"urlTemplate\":\"https:\/\/bimcointernational.com\/tr\/?s={search_term_string}\"},\"query-input\":{\"@type\":\"PropertyValueSpecification\",\"valueRequired\":true,\"valueName\":\"search_term_string\"}}],\"inLanguage\":\"tr\"},{\"@type\":\"Organization\",\"@id\":\"https:\/\/bimcointernational.com\/tr\/#organization\",\"name\":\"bimco international\",\"url\":\"https:\/\/bimcointernational.com\/tr\/\",\"logo\":{\"@type\":\"ImageObject\",\"inLanguage\":\"tr\",\"@id\":\"https:\/\/bimcointernational.com\/tr\/#\/schema\/logo\/image\/\",\"url\":\"https:\/\/bimcointernational.com\/wp-content\/uploads\/2023\/03\/bimco-international.png\",\"contentUrl\":\"https:\/\/bimcointernational.com\/wp-content\/uploads\/2023\/03\/bimco-international.png\",\"width\":1000,\"height\":283,\"caption\":\"bimco international\"},\"image\":{\"@id\":\"https:\/\/bimcointernational.com\/tr\/#\/schema\/logo\/image\/\"},\"sameAs\":[\"https:\/\/www.facebook.com\/B9K9T\",\"https:\/\/www.instagram.com\/bimcokimya\/\"]}]}<\/script>\n<!-- \/ Yoast SEO plugin. -->","yoast_head_json":{"title":"COPPERAM 300 SL - Bimco International","description":"\"Bak\u0131r Karboksilat Glukonat\u0131m\u0131zla bitki ba\u011f\u0131\u015f\u0131kl\u0131\u011f\u0131n\u0131 g\u00fc\u00e7lendirin. H\u0131zl\u0131 emilim, zararl\u0131lara kar\u015f\u0131 g\u00fc\u00e7lendirilmi\u015f savunma. Daha fazlas\u0131n\u0131 ke\u015ffedin!\"","robots":{"index":"index","follow":"follow","max-snippet":"max-snippet:-1","max-image-preview":"max-image-preview:large","max-video-preview":"max-video-preview:-1"},"canonical":"https:\/\/bimcointernational.com\/tr\/urun\/copperam-300-sl\/","og_locale":"tr_TR","og_type":"article","og_title":"COPPERAM 300 SL - Bimco International","og_description":"\"Bak\u0131r Karboksilat Glukonat\u0131m\u0131zla bitki ba\u011f\u0131\u015f\u0131kl\u0131\u011f\u0131n\u0131 g\u00fc\u00e7lendirin. H\u0131zl\u0131 emilim, zararl\u0131lara kar\u015f\u0131 g\u00fc\u00e7lendirilmi\u015f savunma. Daha fazlas\u0131n\u0131 ke\u015ffedin!\"","og_url":"https:\/\/bimcointernational.com\/tr\/urun\/copperam-300-sl\/","og_site_name":"bimco international","article_publisher":"https:\/\/www.facebook.com\/B9K9T","article_modified_time":"2024-01-03T12:34:30+00:00","og_image":[{"width":650,"height":663,"url":"https:\/\/bimcointernational.com\/wp-content\/uploads\/2023\/04\/COPPERAM-300-SL.png","type":"image\/png"}],"twitter_card":"summary_large_image","twitter_misc":{"Tahmini okuma s\u00fcresi":"2 dakika"},"schema":{"@context":"https:\/\/schema.org","@graph":[{"@type":"WebPage","@id":"https:\/\/bimcointernational.com\/tr\/urun\/copperam-300-sl\/","url":"https:\/\/bimcointernational.com\/tr\/urun\/copperam-300-sl\/","name":"COPPERAM 300 SL - Bimco International","isPartOf":{"@id":"https:\/\/bimcointernational.com\/tr\/#website"},"primaryImageOfPage":{"@id":"https:\/\/bimcointernational.com\/tr\/urun\/copperam-300-sl\/#primaryimage"},"image":{"@id":"https:\/\/bimcointernational.com\/tr\/urun\/copperam-300-sl\/#primaryimage"},"thumbnailUrl":"https:\/\/bimcointernational.com\/wp-content\/uploads\/2023\/04\/COPPERAM-300-SL.png","datePublished":"2023-04-05T05:24:33+00:00","dateModified":"2024-01-03T12:34:30+00:00","description":"\"Bak\u0131r Karboksilat Glukonat\u0131m\u0131zla bitki ba\u011f\u0131\u015f\u0131kl\u0131\u011f\u0131n\u0131 g\u00fc\u00e7lendirin. H\u0131zl\u0131 emilim, zararl\u0131lara kar\u015f\u0131 g\u00fc\u00e7lendirilmi\u015f savunma. Daha fazlas\u0131n\u0131 ke\u015ffedin!\"","breadcrumb":{"@id":"https:\/\/bimcointernational.com\/tr\/urun\/copperam-300-sl\/#breadcrumb"},"inLanguage":"tr","potentialAction":[{"@type":"ReadAction","target":["https:\/\/bimcointernational.com\/tr\/urun\/copperam-300-sl\/"]}]},{"@type":"ImageObject","inLanguage":"tr","@id":"https:\/\/bimcointernational.com\/tr\/urun\/copperam-300-sl\/#primaryimage","url":"https:\/\/bimcointernational.com\/wp-content\/uploads\/2023\/04\/COPPERAM-300-SL.png","contentUrl":"https:\/\/bimcointernational.com\/wp-content\/uploads\/2023\/04\/COPPERAM-300-SL.png","width":650,"height":663,"caption":"Bimko COPPERAM 300 SL"},{"@type":"BreadcrumbList","@id":"https:\/\/bimcointernational.com\/tr\/urun\/copperam-300-sl\/#breadcrumb","itemListElement":[{"@type":"ListItem","position":1,"name":"Home","item":"https:\/\/bimcointernational.com\/tr\/"},{"@type":"ListItem","position":2,"name":"\u00dcr\u00fcnlerimiz","item":"https:\/\/bimcointernational.com\/tr\/urunlerimiz\/"},{"@type":"ListItem","position":3,"name":"COPPERAM 300 SL"}]},{"@type":"WebSite","@id":"https:\/\/bimcointernational.com\/tr\/#website","url":"https:\/\/bimcointernational.com\/tr\/","name":"bimco international","description":"\u0634\u0631\u0643\u0629 \u0628\u064a\u0645\u0643\u0648 \u0627\u0644\u0643\u064a\u0645\u064a\u0627\u0626\u064a\u0629 \u0644\u0635\u0646\u0627\u0639\u0629 \u0627\u0644\u0645\u0628\u064a\u062f\u0627\u062a \u0648\u0627\u0644\u0623\u0633\u0645\u062f\u0629 \u0639\u0627\u0644\u064a\u0629 \u0627\u0644\u062c\u0648\u062f\u0629 35 \u0639\u0627\u0645\u0627 \u0645\u0646 \u0627\u0644\u062e\u0628\u0631\u0629 \u0646\u0636\u0639\u0647\u0627 \u0628\u064a\u0646 \u0623\u064a\u062f\u064a\u0643\u0645","publisher":{"@id":"https:\/\/bimcointernational.com\/tr\/#organization"},"potentialAction":[{"@type":"SearchAction","target":{"@type":"EntryPoint","urlTemplate":"https:\/\/bimcointernational.com\/tr\/?s={search_term_string}"},"query-input":{"@type":"PropertyValueSpecification","valueRequired":true,"valueName":"search_term_string"}}],"inLanguage":"tr"},{"@type":"Organization","@id":"https:\/\/bimcointernational.com\/tr\/#organization","name":"bimco international","url":"https:\/\/bimcointernational.com\/tr\/","logo":{"@type":"ImageObject","inLanguage":"tr","@id":"https:\/\/bimcointernational.com\/tr\/#\/schema\/logo\/image\/","url":"https:\/\/bimcointernational.com\/wp-content\/uploads\/2023\/03\/bimco-international.png","contentUrl":"https:\/\/bimcointernational.com\/wp-content\/uploads\/2023\/03\/bimco-international.png","width":1000,"height":283,"caption":"bimco international"},"image":{"@id":"https:\/\/bimcointernational.com\/tr\/#\/schema\/logo\/image\/"},"sameAs":["https:\/\/www.facebook.com\/B9K9T","https:\/\/www.instagram.com\/bimcokimya\/"]}]}},"jetpack_sharing_enabled":true,"_links":{"self":[{"href":"https:\/\/bimcointernational.com\/tr\/wp-json\/wp\/v2\/product\/3587","targetHints":{"allow":["GET"]}}],"collection":[{"href":"https:\/\/bimcointernational.com\/tr\/wp-json\/wp\/v2\/product"}],"about":[{"href":"https:\/\/bimcointernational.com\/tr\/wp-json\/wp\/v2\/types\/product"}],"replies":[{"embeddable":true,"href":"https:\/\/bimcointernational.com\/tr\/wp-json\/wp\/v2\/comments?post=3587"}],"wp:featuredmedia":[{"embeddable":true,"href":"https:\/\/bimcointernational.com\/tr\/wp-json\/wp\/v2\/media\/4602"}],"wp:attachment":[{"href":"https:\/\/bimcointernational.com\/tr\/wp-json\/wp\/v2\/media?parent=3587"}],"wp:term":[{"taxonomy":"product_brand","embeddable":true,"href":"https:\/\/bimcointernational.com\/tr\/wp-json\/wp\/v2\/product_brand?post=3587"},{"taxonomy":"product_cat","embeddable":true,"href":"https:\/\/bimcointernational.com\/tr\/wp-json\/wp\/v2\/product_cat?post=3587"},{"taxonomy":"product_tag","embeddable":true,"href":"https:\/\/bimcointernational.com\/tr\/wp-json\/wp\/v2\/product_tag?post=3587"}],"curies":[{"name":"wp","href":"https:\/\/api.w.org\/{rel}","templated":true}]}}