{"id":3575,"date":"2023-04-05T05:39:29","date_gmt":"2023-04-05T05:39:29","guid":{"rendered":"https:\/\/bimcointernational.com\/product\/force-series\/"},"modified":"2024-01-06T07:57:21","modified_gmt":"2024-01-06T07:57:21","slug":"force-series","status":"publish","type":"product","link":"https:\/\/bimcointernational.com\/tr\/urun\/force-series\/","title":{"rendered":"FORCE SERIES"},"content":{"rendered":"<p><span style=\"color: #99cc00;\"><strong>GREEN FORCE 23-20-23+4MgO+FeO+1,4B+TE<\/strong><\/span><br \/>\nY\u00fcksek konsantrasyonda magnezyum, bor ve demir \u015felat i\u00e7eren dengeli bir mineral s\u00fcspansiyonu<\/p>\n<p><strong><span style=\"color: #99cc00;\">SUPER FORCE 8-12-36+5MgO+5CaO+1.4B+TE<\/span><\/strong><br \/>\nY\u00fcksek konsantrasyonda magnezyum, bor ve kalsiyum \u015felat i\u00e7eren y\u00fcksek potasyumlu mineral s\u00fcspansiyonu<\/p>\n<p><strong><span style=\"color: #99cc00;\">FOSFO FORCE 15-65-5+3.2MgO+1Zn+2.8B+TE<\/span><\/strong><br \/>\nY\u00fcksek konsantrasyonda magnezyum, bor ve \u00e7inko \u015felat i\u00e7eren y\u00fcksek fosforlu mineral s\u00fcspansiyonu<\/p>\n<div id=\"gtx-trans\" style=\"position: absolute; left: 1437px; top: 240.531px;\">\n<div class=\"gtx-trans-icon\"><\/div>\n<\/div>\n","protected":false},"excerpt":{"rendered":"<p>GREEN FORCE 23-20-23+4MgO+FeO+1,4B+TE Y\u00fcksek konsantrasyonda magnezyum, bor ve demir \u015felat i\u00e7eren dengeli bir mineral s\u00fcspansiyonu SUPER FORCE 8-12-36+5MgO+5CaO+1.4B+TE Y\u00fcksek konsantrasyonda magnezyum, bor ve kalsiyum \u015felat i\u00e7eren y\u00fcksek potasyumlu mineral s\u00fcspansiyonu FOSFO FORCE 15-65-5+3.2MgO+1Zn+2.8B+TE Y\u00fcksek konsantrasyonda magnezyum, bor ve \u00e7inko \u015felat i\u00e7eren y\u00fcksek fosforlu mineral s\u00fcspansiyonu<\/p>\n","protected":false},"featured_media":2585,"comment_status":"closed","ping_status":"closed","template":"","meta":{"_eb_attr":"","site-sidebar-layout":"default","site-content-layout":"default","ast-site-content-layout":"default","site-content-style":"default","site-sidebar-style":"default","ast-global-header-display":"","ast-banner-title-visibility":"","ast-main-header-display":"","ast-hfb-above-header-display":"","ast-hfb-below-header-display":"","ast-hfb-mobile-header-display":"","site-post-title":"","ast-breadcrumbs-content":"","ast-featured-img":"","footer-sml-layout":"","ast-disable-related-posts":"","theme-transparent-header-meta":"default","adv-header-id-meta":"","stick-header-meta":"","header-above-stick-meta":"","header-main-stick-meta":"","header-below-stick-meta":"","astra-migrate-meta-layouts":"set","ast-page-background-enabled":"default","ast-page-background-meta":{"desktop":{"background-color":"var(--ast-global-color-4)","background-image":"","background-repeat":"repeat","background-position":"center center","background-size":"auto","background-attachment":"scroll","background-type":"","background-media":"","overlay-type":"","overlay-color":"","overlay-opacity":"","overlay-gradient":""},"tablet":{"background-color":"","background-image":"","background-repeat":"repeat","background-position":"center center","background-size":"auto","background-attachment":"scroll","background-type":"","background-media":"","overlay-type":"","overlay-color":"","overlay-opacity":"","overlay-gradient":""},"mobile":{"background-color":"","background-image":"","background-repeat":"repeat","background-position":"center center","background-size":"auto","background-attachment":"scroll","background-type":"","background-media":"","overlay-type":"","overlay-color":"","overlay-opacity":"","overlay-gradient":""}},"ast-content-background-meta":{"desktop":{"background-color":"var(--ast-global-color-5)","background-image":"","background-repeat":"repeat","background-position":"center center","background-size":"auto","background-attachment":"scroll","background-type":"","background-media":"","overlay-type":"","overlay-color":"","overlay-opacity":"","overlay-gradient":""},"tablet":{"background-color":"var(--ast-global-color-5)","background-image":"","background-repeat":"repeat","background-position":"center center","background-size":"auto","background-attachment":"scroll","background-type":"","background-media":"","overlay-type":"","overlay-color":"","overlay-opacity":"","overlay-gradient":""},"mobile":{"background-color":"var(--ast-global-color-5)","background-image":"","background-repeat":"repeat","background-position":"center center","background-size":"auto","background-attachment":"scroll","background-type":"","background-media":"","overlay-type":"","overlay-color":"","overlay-opacity":"","overlay-gradient":""}},"_joinchat":[]},"product_brand":[],"product_cat":[83],"product_tag":[],"class_list":{"0":"post-3575","1":"product","2":"type-product","3":"status-publish","4":"has-post-thumbnail","6":"product_cat-suspansiyon-jel","7":"desktop-align-left","8":"tablet-align-left","9":"mobile-align-left","11":"first","12":"instock","13":"shipping-taxable","14":"product-type-simple"},"yoast_head":"<!-- This site is optimized with the Yoast SEO plugin v27.1.1 - https:\/\/yoast.com\/product\/yoast-seo-wordpress\/ -->\n<title>FORCE SERIES - Bimco International<\/title>\n<meta name=\"description\" content=\"Green Force: Y\u00fcksek Mg, B ve Fe \u015felatlar\u0131 i\u00e7eren dengeli mineral s\u00fcspansiyonu. Super Force: Magnezyum, potasyum ve kalsiyum a\u00e7\u0131s\u0131ndan zengin, y\u00fcksek potasyum mineral kar\u0131\u015f\u0131m\u0131. Fosfo Force: Mg, B ve Zn \u015felatlar\u0131 ile y\u00fcksek P mineral kar\u0131\u015f\u0131m\u0131.\" \/>\n<meta name=\"robots\" content=\"index, follow, max-snippet:-1, max-image-preview:large, max-video-preview:-1\" \/>\n<link rel=\"canonical\" href=\"https:\/\/bimcointernational.com\/tr\/urun\/force-series\/\" \/>\n<meta property=\"og:locale\" content=\"tr_TR\" \/>\n<meta property=\"og:type\" content=\"article\" \/>\n<meta property=\"og:title\" content=\"FORCE SERIES - Bimco International\" \/>\n<meta property=\"og:description\" content=\"Green Force: Y\u00fcksek Mg, B ve Fe \u015felatlar\u0131 i\u00e7eren dengeli mineral s\u00fcspansiyonu. Super Force: Magnezyum, potasyum ve kalsiyum a\u00e7\u0131s\u0131ndan zengin, y\u00fcksek potasyum mineral kar\u0131\u015f\u0131m\u0131. Fosfo Force: Mg, B ve Zn \u015felatlar\u0131 ile y\u00fcksek P mineral kar\u0131\u015f\u0131m\u0131.\" \/>\n<meta property=\"og:url\" content=\"https:\/\/bimcointernational.com\/tr\/urun\/force-series\/\" \/>\n<meta property=\"og:site_name\" content=\"bimco international\" \/>\n<meta property=\"article:publisher\" content=\"https:\/\/www.facebook.com\/B9K9T\" \/>\n<meta property=\"article:modified_time\" content=\"2024-01-06T07:57:21+00:00\" \/>\n<meta property=\"og:image\" content=\"https:\/\/bimcointernational.com\/wp-content\/uploads\/2023\/04\/plastic_bottle_mockup_01-38.png\" \/>\n\t<meta property=\"og:image:width\" content=\"1200\" \/>\n\t<meta property=\"og:image:height\" content=\"1220\" \/>\n\t<meta property=\"og:image:type\" content=\"image\/png\" \/>\n<meta name=\"twitter:card\" content=\"summary_large_image\" \/>\n<meta name=\"twitter:label1\" content=\"Tahmini okuma s\u00fcresi\" \/>\n\t<meta name=\"twitter:data1\" content=\"1 dakika\" \/>\n<script type=\"application\/ld+json\" class=\"yoast-schema-graph\">{\"@context\":\"https:\/\/schema.org\",\"@graph\":[{\"@type\":\"WebPage\",\"@id\":\"https:\/\/bimcointernational.com\/tr\/urun\/force-series\/\",\"url\":\"https:\/\/bimcointernational.com\/tr\/urun\/force-series\/\",\"name\":\"FORCE SERIES - Bimco International\",\"isPartOf\":{\"@id\":\"https:\/\/bimcointernational.com\/tr\/#website\"},\"primaryImageOfPage\":{\"@id\":\"https:\/\/bimcointernational.com\/tr\/urun\/force-series\/#primaryimage\"},\"image\":{\"@id\":\"https:\/\/bimcointernational.com\/tr\/urun\/force-series\/#primaryimage\"},\"thumbnailUrl\":\"https:\/\/bimcointernational.com\/wp-content\/uploads\/2023\/04\/plastic_bottle_mockup_01-38.png\",\"datePublished\":\"2023-04-05T05:39:29+00:00\",\"dateModified\":\"2024-01-06T07:57:21+00:00\",\"description\":\"Green Force: Y\u00fcksek Mg, B ve Fe \u015felatlar\u0131 i\u00e7eren dengeli mineral s\u00fcspansiyonu. Super Force: Magnezyum, potasyum ve kalsiyum a\u00e7\u0131s\u0131ndan zengin, y\u00fcksek potasyum mineral kar\u0131\u015f\u0131m\u0131. Fosfo Force: Mg, B ve Zn \u015felatlar\u0131 ile y\u00fcksek P mineral kar\u0131\u015f\u0131m\u0131.\",\"breadcrumb\":{\"@id\":\"https:\/\/bimcointernational.com\/tr\/urun\/force-series\/#breadcrumb\"},\"inLanguage\":\"tr\",\"potentialAction\":[{\"@type\":\"ReadAction\",\"target\":[\"https:\/\/bimcointernational.com\/tr\/urun\/force-series\/\"]}]},{\"@type\":\"ImageObject\",\"inLanguage\":\"tr\",\"@id\":\"https:\/\/bimcointernational.com\/tr\/urun\/force-series\/#primaryimage\",\"url\":\"https:\/\/bimcointernational.com\/wp-content\/uploads\/2023\/04\/plastic_bottle_mockup_01-38.png\",\"contentUrl\":\"https:\/\/bimcointernational.com\/wp-content\/uploads\/2023\/04\/plastic_bottle_mockup_01-38.png\",\"width\":1200,\"height\":1220},{\"@type\":\"BreadcrumbList\",\"@id\":\"https:\/\/bimcointernational.com\/tr\/urun\/force-series\/#breadcrumb\",\"itemListElement\":[{\"@type\":\"ListItem\",\"position\":1,\"name\":\"Home\",\"item\":\"https:\/\/bimcointernational.com\/tr\/\"},{\"@type\":\"ListItem\",\"position\":2,\"name\":\"\u00dcr\u00fcnlerimiz\",\"item\":\"https:\/\/bimcointernational.com\/tr\/urunlerimiz\/\"},{\"@type\":\"ListItem\",\"position\":3,\"name\":\"FORCE SERIES\"}]},{\"@type\":\"WebSite\",\"@id\":\"https:\/\/bimcointernational.com\/tr\/#website\",\"url\":\"https:\/\/bimcointernational.com\/tr\/\",\"name\":\"bimco international\",\"description\":\"\u0634\u0631\u0643\u0629 \u0628\u064a\u0645\u0643\u0648 \u0627\u0644\u0643\u064a\u0645\u064a\u0627\u0626\u064a\u0629 \u0644\u0635\u0646\u0627\u0639\u0629 \u0627\u0644\u0645\u0628\u064a\u062f\u0627\u062a \u0648\u0627\u0644\u0623\u0633\u0645\u062f\u0629 \u0639\u0627\u0644\u064a\u0629 \u0627\u0644\u062c\u0648\u062f\u0629 35 \u0639\u0627\u0645\u0627 \u0645\u0646 \u0627\u0644\u062e\u0628\u0631\u0629 \u0646\u0636\u0639\u0647\u0627 \u0628\u064a\u0646 \u0623\u064a\u062f\u064a\u0643\u0645\",\"publisher\":{\"@id\":\"https:\/\/bimcointernational.com\/tr\/#organization\"},\"potentialAction\":[{\"@type\":\"SearchAction\",\"target\":{\"@type\":\"EntryPoint\",\"urlTemplate\":\"https:\/\/bimcointernational.com\/tr\/?s={search_term_string}\"},\"query-input\":{\"@type\":\"PropertyValueSpecification\",\"valueRequired\":true,\"valueName\":\"search_term_string\"}}],\"inLanguage\":\"tr\"},{\"@type\":\"Organization\",\"@id\":\"https:\/\/bimcointernational.com\/tr\/#organization\",\"name\":\"bimco international\",\"url\":\"https:\/\/bimcointernational.com\/tr\/\",\"logo\":{\"@type\":\"ImageObject\",\"inLanguage\":\"tr\",\"@id\":\"https:\/\/bimcointernational.com\/tr\/#\/schema\/logo\/image\/\",\"url\":\"https:\/\/bimcointernational.com\/wp-content\/uploads\/2023\/03\/bimco-international.png\",\"contentUrl\":\"https:\/\/bimcointernational.com\/wp-content\/uploads\/2023\/03\/bimco-international.png\",\"width\":1000,\"height\":283,\"caption\":\"bimco international\"},\"image\":{\"@id\":\"https:\/\/bimcointernational.com\/tr\/#\/schema\/logo\/image\/\"},\"sameAs\":[\"https:\/\/www.facebook.com\/B9K9T\",\"https:\/\/www.instagram.com\/bimcokimya\/\"]}]}<\/script>\n<!-- \/ Yoast SEO plugin. -->","yoast_head_json":{"title":"FORCE SERIES - Bimco International","description":"Green Force: Y\u00fcksek Mg, B ve Fe \u015felatlar\u0131 i\u00e7eren dengeli mineral s\u00fcspansiyonu. Super Force: Magnezyum, potasyum ve kalsiyum a\u00e7\u0131s\u0131ndan zengin, y\u00fcksek potasyum mineral kar\u0131\u015f\u0131m\u0131. Fosfo Force: Mg, B ve Zn \u015felatlar\u0131 ile y\u00fcksek P mineral kar\u0131\u015f\u0131m\u0131.","robots":{"index":"index","follow":"follow","max-snippet":"max-snippet:-1","max-image-preview":"max-image-preview:large","max-video-preview":"max-video-preview:-1"},"canonical":"https:\/\/bimcointernational.com\/tr\/urun\/force-series\/","og_locale":"tr_TR","og_type":"article","og_title":"FORCE SERIES - Bimco International","og_description":"Green Force: Y\u00fcksek Mg, B ve Fe \u015felatlar\u0131 i\u00e7eren dengeli mineral s\u00fcspansiyonu. Super Force: Magnezyum, potasyum ve kalsiyum a\u00e7\u0131s\u0131ndan zengin, y\u00fcksek potasyum mineral kar\u0131\u015f\u0131m\u0131. Fosfo Force: Mg, B ve Zn \u015felatlar\u0131 ile y\u00fcksek P mineral kar\u0131\u015f\u0131m\u0131.","og_url":"https:\/\/bimcointernational.com\/tr\/urun\/force-series\/","og_site_name":"bimco international","article_publisher":"https:\/\/www.facebook.com\/B9K9T","article_modified_time":"2024-01-06T07:57:21+00:00","og_image":[{"width":1200,"height":1220,"url":"https:\/\/bimcointernational.com\/wp-content\/uploads\/2023\/04\/plastic_bottle_mockup_01-38.png","type":"image\/png"}],"twitter_card":"summary_large_image","twitter_misc":{"Tahmini okuma s\u00fcresi":"1 dakika"},"schema":{"@context":"https:\/\/schema.org","@graph":[{"@type":"WebPage","@id":"https:\/\/bimcointernational.com\/tr\/urun\/force-series\/","url":"https:\/\/bimcointernational.com\/tr\/urun\/force-series\/","name":"FORCE SERIES - Bimco International","isPartOf":{"@id":"https:\/\/bimcointernational.com\/tr\/#website"},"primaryImageOfPage":{"@id":"https:\/\/bimcointernational.com\/tr\/urun\/force-series\/#primaryimage"},"image":{"@id":"https:\/\/bimcointernational.com\/tr\/urun\/force-series\/#primaryimage"},"thumbnailUrl":"https:\/\/bimcointernational.com\/wp-content\/uploads\/2023\/04\/plastic_bottle_mockup_01-38.png","datePublished":"2023-04-05T05:39:29+00:00","dateModified":"2024-01-06T07:57:21+00:00","description":"Green Force: Y\u00fcksek Mg, B ve Fe \u015felatlar\u0131 i\u00e7eren dengeli mineral s\u00fcspansiyonu. Super Force: Magnezyum, potasyum ve kalsiyum a\u00e7\u0131s\u0131ndan zengin, y\u00fcksek potasyum mineral kar\u0131\u015f\u0131m\u0131. Fosfo Force: Mg, B ve Zn \u015felatlar\u0131 ile y\u00fcksek P mineral kar\u0131\u015f\u0131m\u0131.","breadcrumb":{"@id":"https:\/\/bimcointernational.com\/tr\/urun\/force-series\/#breadcrumb"},"inLanguage":"tr","potentialAction":[{"@type":"ReadAction","target":["https:\/\/bimcointernational.com\/tr\/urun\/force-series\/"]}]},{"@type":"ImageObject","inLanguage":"tr","@id":"https:\/\/bimcointernational.com\/tr\/urun\/force-series\/#primaryimage","url":"https:\/\/bimcointernational.com\/wp-content\/uploads\/2023\/04\/plastic_bottle_mockup_01-38.png","contentUrl":"https:\/\/bimcointernational.com\/wp-content\/uploads\/2023\/04\/plastic_bottle_mockup_01-38.png","width":1200,"height":1220},{"@type":"BreadcrumbList","@id":"https:\/\/bimcointernational.com\/tr\/urun\/force-series\/#breadcrumb","itemListElement":[{"@type":"ListItem","position":1,"name":"Home","item":"https:\/\/bimcointernational.com\/tr\/"},{"@type":"ListItem","position":2,"name":"\u00dcr\u00fcnlerimiz","item":"https:\/\/bimcointernational.com\/tr\/urunlerimiz\/"},{"@type":"ListItem","position":3,"name":"FORCE SERIES"}]},{"@type":"WebSite","@id":"https:\/\/bimcointernational.com\/tr\/#website","url":"https:\/\/bimcointernational.com\/tr\/","name":"bimco international","description":"\u0634\u0631\u0643\u0629 \u0628\u064a\u0645\u0643\u0648 \u0627\u0644\u0643\u064a\u0645\u064a\u0627\u0626\u064a\u0629 \u0644\u0635\u0646\u0627\u0639\u0629 \u0627\u0644\u0645\u0628\u064a\u062f\u0627\u062a \u0648\u0627\u0644\u0623\u0633\u0645\u062f\u0629 \u0639\u0627\u0644\u064a\u0629 \u0627\u0644\u062c\u0648\u062f\u0629 35 \u0639\u0627\u0645\u0627 \u0645\u0646 \u0627\u0644\u062e\u0628\u0631\u0629 \u0646\u0636\u0639\u0647\u0627 \u0628\u064a\u0646 \u0623\u064a\u062f\u064a\u0643\u0645","publisher":{"@id":"https:\/\/bimcointernational.com\/tr\/#organization"},"potentialAction":[{"@type":"SearchAction","target":{"@type":"EntryPoint","urlTemplate":"https:\/\/bimcointernational.com\/tr\/?s={search_term_string}"},"query-input":{"@type":"PropertyValueSpecification","valueRequired":true,"valueName":"search_term_string"}}],"inLanguage":"tr"},{"@type":"Organization","@id":"https:\/\/bimcointernational.com\/tr\/#organization","name":"bimco international","url":"https:\/\/bimcointernational.com\/tr\/","logo":{"@type":"ImageObject","inLanguage":"tr","@id":"https:\/\/bimcointernational.com\/tr\/#\/schema\/logo\/image\/","url":"https:\/\/bimcointernational.com\/wp-content\/uploads\/2023\/03\/bimco-international.png","contentUrl":"https:\/\/bimcointernational.com\/wp-content\/uploads\/2023\/03\/bimco-international.png","width":1000,"height":283,"caption":"bimco international"},"image":{"@id":"https:\/\/bimcointernational.com\/tr\/#\/schema\/logo\/image\/"},"sameAs":["https:\/\/www.facebook.com\/B9K9T","https:\/\/www.instagram.com\/bimcokimya\/"]}]}},"jetpack_sharing_enabled":true,"_links":{"self":[{"href":"https:\/\/bimcointernational.com\/tr\/wp-json\/wp\/v2\/product\/3575","targetHints":{"allow":["GET"]}}],"collection":[{"href":"https:\/\/bimcointernational.com\/tr\/wp-json\/wp\/v2\/product"}],"about":[{"href":"https:\/\/bimcointernational.com\/tr\/wp-json\/wp\/v2\/types\/product"}],"replies":[{"embeddable":true,"href":"https:\/\/bimcointernational.com\/tr\/wp-json\/wp\/v2\/comments?post=3575"}],"wp:featuredmedia":[{"embeddable":true,"href":"https:\/\/bimcointernational.com\/tr\/wp-json\/wp\/v2\/media\/2585"}],"wp:attachment":[{"href":"https:\/\/bimcointernational.com\/tr\/wp-json\/wp\/v2\/media?parent=3575"}],"wp:term":[{"taxonomy":"product_brand","embeddable":true,"href":"https:\/\/bimcointernational.com\/tr\/wp-json\/wp\/v2\/product_brand?post=3575"},{"taxonomy":"product_cat","embeddable":true,"href":"https:\/\/bimcointernational.com\/tr\/wp-json\/wp\/v2\/product_cat?post=3575"},{"taxonomy":"product_tag","embeddable":true,"href":"https:\/\/bimcointernational.com\/tr\/wp-json\/wp\/v2\/product_tag?post=3575"}],"curies":[{"name":"wp","href":"https:\/\/api.w.org\/{rel}","templated":true}]}}