{"id":3568,"date":"2023-04-05T05:51:02","date_gmt":"2023-04-05T05:51:02","guid":{"rendered":"https:\/\/bimcointernational.com\/product\/tek-foliar-series\/"},"modified":"2023-09-03T10:49:16","modified_gmt":"2023-09-03T10:49:16","slug":"tek-foliar-series","status":"publish","type":"product","link":"https:\/\/bimcointernational.com\/tr\/urun\/tek-foliar-series\/","title":{"rendered":"TEK FOLIAR SERIES"},"content":{"rendered":"<h2><span style=\"color: #99cc00;\"><strong>Kullan\u0131m Oran\u0131:<\/strong><\/span><\/h2>\n<p>H\u0131zl\u0131 emilen, h\u0131zl\u0131 etkili olan ve yapraktan p\u00fcsk\u00fcrtme yoluyla h\u0131zl\u0131 sonu\u00e7 veren asidik bir bile\u015fik.<br \/>\nSulama \u015febekeleri \u00fczerinden sulama olarak kullan\u0131lmas\u0131 ve m\u00fckemmel sonu\u00e7 al\u0131nmas\u0131 i\u00e7in ihtiyaca g\u00f6re birka\u00e7 tekrarlamayla kullan\u0131lmas\u0131 tercih edilir.<br \/>\na\u015fa\u011f\u0131daki tabloya g\u00f6re bitki<\/p>\n<table>\n<thead>\n<tr>\n<th>\n<p style=\"text-align: left;\"><strong>Bitki<\/strong><\/p>\n<\/th>\n<th style=\"text-align: left;\"><strong>100 l ba\u015f\u0131na G<\/strong><\/th>\n<th style=\"text-align: left;\"><strong>Su \/ d\u00f6n\u00fcm ba\u015f\u0131na kg<\/strong><\/th>\n<\/tr>\n<tr>\n<th>\n<p style=\"text-align: left;\"><span style=\"font-weight: 400;\">A\u00e7\u0131k tarla tar\u0131m\u0131nda meyve sebzelerure<\/span><\/p>\n<\/th>\n<th style=\"text-align: left;\"><span style=\"font-weight: 400;\">250-200<\/span><\/th>\n<th>\n<p style=\"text-align: left;\"><span style=\"font-weight: 400;\">2,5-1,50<\/span><\/p>\n<\/th>\n<\/tr>\n<\/thead>\n<tbody>\n<tr>\n<td><span style=\"font-weight: 400;\">Kapal\u0131 korumal\u0131 tar\u0131mda meyve sebzeler<\/span><\/td>\n<td><span style=\"font-weight: 400;\">250-150<\/span><\/td>\n<td><span style=\"font-weight: 400;\">2-1,50<\/span><\/td>\n<\/tr>\n<tr>\n<td><span style=\"font-weight: 400;\">Depolama sebzeleri (patates, havu\u00e7, so\u011fan, chone, turn, sar\u0131msak, tatl\u0131 patates, turp)<\/span><\/td>\n<td><span style=\"font-weight: 400;\">250-200<\/span><\/td>\n<td><span style=\"font-weight: 400;\">3-1,50<\/span><\/td>\n<\/tr>\n<tr>\n<td><span style=\"font-weight: 400;\">K\u0131\u015f sebzeleri<\/span><\/td>\n<td><span style=\"font-weight: 400;\">250-200<\/span><\/td>\n<td><span style=\"font-weight: 400;\">2,5-1,50<\/span><\/td>\n<\/tr>\n<tr>\n<td><span style=\"font-weight: 400;\">Karpuz, Al-Qawoun (Sham) ve lahana<\/span><\/td>\n<td><span style=\"font-weight: 400;\">250-200<\/span><\/td>\n<td><span style=\"font-weight: 400;\">3-1,50<\/span><\/td>\n<\/tr>\n<tr>\n<td>Elmalar (elma, armut, ayva, al\u0131\u00e7)<\/p>\n<p>Ve badem (kay\u0131s\u0131, \u015feftali, armut, kiraz, badem, jersec)<\/td>\n<td><span style=\"font-weight: 400;\">250-150<\/span><\/td>\n<td><span style=\"font-weight: 400;\">4-2,50<\/span><\/td>\n<\/tr>\n<tr>\n<td>Narenciye, zeytin ve antep f\u0131st\u0131\u011f\u0131<\/td>\n<td><span style=\"font-weight: 400;\">250-150<\/span><\/td>\n<td><span style=\"font-weight: 400;\">5- 2,50<\/span><\/td>\n<\/tr>\n<tr>\n<td>\u00dcz\u00fcmler, ben, ba\u015f\u0131bo\u015f ve meyveler<\/td>\n<td><span style=\"font-weight: 400;\">250-150<\/span><\/td>\n<td><span style=\"font-weight: 400;\">3- 1,50<\/span><\/td>\n<\/tr>\n<tr>\n<td>End\u00fcstriyel bitkiler (pamuk, soya, susam, m\u0131s\u0131r, ay\u00e7i\u00e7e\u011fi)<\/td>\n<td><span style=\"font-weight: 400;\">250-150<\/span><\/td>\n<td><span style=\"font-weight: 400;\">2,5-1,50<\/span><\/td>\n<\/tr>\n<tr>\n<td>Hap ve baklagiller (bu\u011fday, \u015ferbet, fasulye, nohut, mercimek, bezelye\u2026)<\/td>\n<td><span style=\"font-weight: 400;\">250-150<\/span><\/td>\n<td><span style=\"font-weight: 400;\">2,5-1,50<\/span><\/td>\n<\/tr>\n<\/tbody>\n<\/table>\n","protected":false},"excerpt":{"rendered":"<p dir=\"ltr\">H\u0131zl\u0131 emilen, h\u0131zl\u0131 etkili olan ve yapraktan p\u00fcsk\u00fcrtme yoluyla h\u0131zl\u0131 sonu\u00e7 veren asidik bir bile\u015fik.<\/p>\n<p dir=\"ltr\" style=\"text-align: left;\">5-5-45+TE<br \/>\n0-52-34+TE<br \/>\n20-20-20+TE<br \/>\n10-40-10+TE<\/p>\n","protected":false},"featured_media":4436,"comment_status":"closed","ping_status":"closed","template":"","meta":{"_eb_attr":"","site-sidebar-layout":"default","site-content-layout":"default","ast-site-content-layout":"default","site-content-style":"default","site-sidebar-style":"default","ast-global-header-display":"","ast-banner-title-visibility":"","ast-main-header-display":"","ast-hfb-above-header-display":"","ast-hfb-below-header-display":"","ast-hfb-mobile-header-display":"","site-post-title":"","ast-breadcrumbs-content":"","ast-featured-img":"","footer-sml-layout":"","ast-disable-related-posts":"","theme-transparent-header-meta":"default","adv-header-id-meta":"","stick-header-meta":"","header-above-stick-meta":"","header-main-stick-meta":"","header-below-stick-meta":"","astra-migrate-meta-layouts":"set","ast-page-background-enabled":"default","ast-page-background-meta":{"desktop":{"background-color":"var(--ast-global-color-4)","background-image":"","background-repeat":"repeat","background-position":"center center","background-size":"auto","background-attachment":"scroll","background-type":"","background-media":"","overlay-type":"","overlay-color":"","overlay-opacity":"","overlay-gradient":""},"tablet":{"background-color":"","background-image":"","background-repeat":"repeat","background-position":"center center","background-size":"auto","background-attachment":"scroll","background-type":"","background-media":"","overlay-type":"","overlay-color":"","overlay-opacity":"","overlay-gradient":""},"mobile":{"background-color":"","background-image":"","background-repeat":"repeat","background-position":"center center","background-size":"auto","background-attachment":"scroll","background-type":"","background-media":"","overlay-type":"","overlay-color":"","overlay-opacity":"","overlay-gradient":""}},"ast-content-background-meta":{"desktop":{"background-color":"var(--ast-global-color-5)","background-image":"","background-repeat":"repeat","background-position":"center center","background-size":"auto","background-attachment":"scroll","background-type":"","background-media":"","overlay-type":"","overlay-color":"","overlay-opacity":"","overlay-gradient":""},"tablet":{"background-color":"var(--ast-global-color-5)","background-image":"","background-repeat":"repeat","background-position":"center center","background-size":"auto","background-attachment":"scroll","background-type":"","background-media":"","overlay-type":"","overlay-color":"","overlay-opacity":"","overlay-gradient":""},"mobile":{"background-color":"var(--ast-global-color-5)","background-image":"","background-repeat":"repeat","background-position":"center center","background-size":"auto","background-attachment":"scroll","background-type":"","background-media":"","overlay-type":"","overlay-color":"","overlay-opacity":"","overlay-gradient":""}},"_joinchat":[]},"product_brand":[],"product_cat":[76],"product_tag":[],"class_list":{"0":"post-3568","1":"product","2":"type-product","3":"status-publish","4":"has-post-thumbnail","6":"product_cat-suda-cozunen-yaprak-gubresi","7":"desktop-align-left","8":"tablet-align-left","9":"mobile-align-left","11":"first","12":"instock","13":"shipping-taxable","14":"product-type-simple"},"yoast_head":"<!-- This site is optimized with the Yoast SEO plugin v27.1.1 - https:\/\/yoast.com\/product\/yoast-seo-wordpress\/ -->\n<title>TEK FOLIAR SERIES - Bimco International<\/title>\n<meta name=\"description\" content=\"TEK FOLIAR SERIES: H\u0131zl\u0131 sonu\u00e7lar i\u00e7in tercih edilen, asidik bile\u015fik. Sulama \u015febekesi ile tekrarlanabilir, m\u00fckemmel sonu\u00e7lar i\u00e7in.\" \/>\n<meta name=\"robots\" content=\"index, follow, max-snippet:-1, max-image-preview:large, max-video-preview:-1\" \/>\n<link rel=\"canonical\" href=\"https:\/\/bimcointernational.com\/tr\/urun\/tek-foliar-series\/\" \/>\n<meta property=\"og:locale\" content=\"tr_TR\" \/>\n<meta property=\"og:type\" content=\"article\" \/>\n<meta property=\"og:title\" content=\"TEK FOLIAR SERIES - Bimco International\" \/>\n<meta property=\"og:description\" content=\"TEK FOLIAR SERIES: H\u0131zl\u0131 sonu\u00e7lar i\u00e7in tercih edilen, asidik bile\u015fik. Sulama \u015febekesi ile tekrarlanabilir, m\u00fckemmel sonu\u00e7lar i\u00e7in.\" \/>\n<meta property=\"og:url\" content=\"https:\/\/bimcointernational.com\/tr\/urun\/tek-foliar-series\/\" \/>\n<meta property=\"og:site_name\" content=\"bimco international\" \/>\n<meta property=\"article:publisher\" content=\"https:\/\/www.facebook.com\/B9K9T\" \/>\n<meta property=\"article:modified_time\" content=\"2023-09-03T10:49:16+00:00\" \/>\n<meta property=\"og:image\" content=\"https:\/\/bimcointernational.com\/wp-content\/uploads\/2023\/04\/TEK-FOLIAR-SERIES.png\" \/>\n\t<meta property=\"og:image:width\" content=\"650\" \/>\n\t<meta property=\"og:image:height\" content=\"652\" \/>\n\t<meta property=\"og:image:type\" content=\"image\/png\" \/>\n<meta name=\"twitter:card\" content=\"summary_large_image\" \/>\n<meta name=\"twitter:label1\" content=\"Tahmini okuma s\u00fcresi\" \/>\n\t<meta name=\"twitter:data1\" content=\"1 dakika\" \/>\n<script type=\"application\/ld+json\" class=\"yoast-schema-graph\">{\"@context\":\"https:\/\/schema.org\",\"@graph\":[{\"@type\":\"WebPage\",\"@id\":\"https:\/\/bimcointernational.com\/tr\/urun\/tek-foliar-series\/\",\"url\":\"https:\/\/bimcointernational.com\/tr\/urun\/tek-foliar-series\/\",\"name\":\"TEK FOLIAR SERIES - Bimco International\",\"isPartOf\":{\"@id\":\"https:\/\/bimcointernational.com\/tr\/#website\"},\"primaryImageOfPage\":{\"@id\":\"https:\/\/bimcointernational.com\/tr\/urun\/tek-foliar-series\/#primaryimage\"},\"image\":{\"@id\":\"https:\/\/bimcointernational.com\/tr\/urun\/tek-foliar-series\/#primaryimage\"},\"thumbnailUrl\":\"https:\/\/bimcointernational.com\/wp-content\/uploads\/2023\/04\/TEK-FOLIAR-SERIES.png\",\"datePublished\":\"2023-04-05T05:51:02+00:00\",\"dateModified\":\"2023-09-03T10:49:16+00:00\",\"description\":\"TEK FOLIAR SERIES: H\u0131zl\u0131 sonu\u00e7lar i\u00e7in tercih edilen, asidik bile\u015fik. Sulama \u015febekesi ile tekrarlanabilir, m\u00fckemmel sonu\u00e7lar i\u00e7in.\",\"breadcrumb\":{\"@id\":\"https:\/\/bimcointernational.com\/tr\/urun\/tek-foliar-series\/#breadcrumb\"},\"inLanguage\":\"tr\",\"potentialAction\":[{\"@type\":\"ReadAction\",\"target\":[\"https:\/\/bimcointernational.com\/tr\/urun\/tek-foliar-series\/\"]}]},{\"@type\":\"ImageObject\",\"inLanguage\":\"tr\",\"@id\":\"https:\/\/bimcointernational.com\/tr\/urun\/tek-foliar-series\/#primaryimage\",\"url\":\"https:\/\/bimcointernational.com\/wp-content\/uploads\/2023\/04\/TEK-FOLIAR-SERIES.png\",\"contentUrl\":\"https:\/\/bimcointernational.com\/wp-content\/uploads\/2023\/04\/TEK-FOLIAR-SERIES.png\",\"width\":650,\"height\":652},{\"@type\":\"BreadcrumbList\",\"@id\":\"https:\/\/bimcointernational.com\/tr\/urun\/tek-foliar-series\/#breadcrumb\",\"itemListElement\":[{\"@type\":\"ListItem\",\"position\":1,\"name\":\"Home\",\"item\":\"https:\/\/bimcointernational.com\/tr\/\"},{\"@type\":\"ListItem\",\"position\":2,\"name\":\"\u00dcr\u00fcnlerimiz\",\"item\":\"https:\/\/bimcointernational.com\/tr\/urunlerimiz\/\"},{\"@type\":\"ListItem\",\"position\":3,\"name\":\"TEK FOLIAR SERIES\"}]},{\"@type\":\"WebSite\",\"@id\":\"https:\/\/bimcointernational.com\/tr\/#website\",\"url\":\"https:\/\/bimcointernational.com\/tr\/\",\"name\":\"bimco international\",\"description\":\"\u0634\u0631\u0643\u0629 \u0628\u064a\u0645\u0643\u0648 \u0627\u0644\u0643\u064a\u0645\u064a\u0627\u0626\u064a\u0629 \u0644\u0635\u0646\u0627\u0639\u0629 \u0627\u0644\u0645\u0628\u064a\u062f\u0627\u062a \u0648\u0627\u0644\u0623\u0633\u0645\u062f\u0629 \u0639\u0627\u0644\u064a\u0629 \u0627\u0644\u062c\u0648\u062f\u0629 35 \u0639\u0627\u0645\u0627 \u0645\u0646 \u0627\u0644\u062e\u0628\u0631\u0629 \u0646\u0636\u0639\u0647\u0627 \u0628\u064a\u0646 \u0623\u064a\u062f\u064a\u0643\u0645\",\"publisher\":{\"@id\":\"https:\/\/bimcointernational.com\/tr\/#organization\"},\"potentialAction\":[{\"@type\":\"SearchAction\",\"target\":{\"@type\":\"EntryPoint\",\"urlTemplate\":\"https:\/\/bimcointernational.com\/tr\/?s={search_term_string}\"},\"query-input\":{\"@type\":\"PropertyValueSpecification\",\"valueRequired\":true,\"valueName\":\"search_term_string\"}}],\"inLanguage\":\"tr\"},{\"@type\":\"Organization\",\"@id\":\"https:\/\/bimcointernational.com\/tr\/#organization\",\"name\":\"bimco international\",\"url\":\"https:\/\/bimcointernational.com\/tr\/\",\"logo\":{\"@type\":\"ImageObject\",\"inLanguage\":\"tr\",\"@id\":\"https:\/\/bimcointernational.com\/tr\/#\/schema\/logo\/image\/\",\"url\":\"https:\/\/bimcointernational.com\/wp-content\/uploads\/2023\/03\/bimco-international.png\",\"contentUrl\":\"https:\/\/bimcointernational.com\/wp-content\/uploads\/2023\/03\/bimco-international.png\",\"width\":1000,\"height\":283,\"caption\":\"bimco international\"},\"image\":{\"@id\":\"https:\/\/bimcointernational.com\/tr\/#\/schema\/logo\/image\/\"},\"sameAs\":[\"https:\/\/www.facebook.com\/B9K9T\",\"https:\/\/www.instagram.com\/bimcokimya\/\"]}]}<\/script>\n<!-- \/ Yoast SEO plugin. -->","yoast_head_json":{"title":"TEK FOLIAR SERIES - Bimco International","description":"TEK FOLIAR SERIES: H\u0131zl\u0131 sonu\u00e7lar i\u00e7in tercih edilen, asidik bile\u015fik. Sulama \u015febekesi ile tekrarlanabilir, m\u00fckemmel sonu\u00e7lar i\u00e7in.","robots":{"index":"index","follow":"follow","max-snippet":"max-snippet:-1","max-image-preview":"max-image-preview:large","max-video-preview":"max-video-preview:-1"},"canonical":"https:\/\/bimcointernational.com\/tr\/urun\/tek-foliar-series\/","og_locale":"tr_TR","og_type":"article","og_title":"TEK FOLIAR SERIES - Bimco International","og_description":"TEK FOLIAR SERIES: H\u0131zl\u0131 sonu\u00e7lar i\u00e7in tercih edilen, asidik bile\u015fik. Sulama \u015febekesi ile tekrarlanabilir, m\u00fckemmel sonu\u00e7lar i\u00e7in.","og_url":"https:\/\/bimcointernational.com\/tr\/urun\/tek-foliar-series\/","og_site_name":"bimco international","article_publisher":"https:\/\/www.facebook.com\/B9K9T","article_modified_time":"2023-09-03T10:49:16+00:00","og_image":[{"width":650,"height":652,"url":"https:\/\/bimcointernational.com\/wp-content\/uploads\/2023\/04\/TEK-FOLIAR-SERIES.png","type":"image\/png"}],"twitter_card":"summary_large_image","twitter_misc":{"Tahmini okuma s\u00fcresi":"1 dakika"},"schema":{"@context":"https:\/\/schema.org","@graph":[{"@type":"WebPage","@id":"https:\/\/bimcointernational.com\/tr\/urun\/tek-foliar-series\/","url":"https:\/\/bimcointernational.com\/tr\/urun\/tek-foliar-series\/","name":"TEK FOLIAR SERIES - Bimco International","isPartOf":{"@id":"https:\/\/bimcointernational.com\/tr\/#website"},"primaryImageOfPage":{"@id":"https:\/\/bimcointernational.com\/tr\/urun\/tek-foliar-series\/#primaryimage"},"image":{"@id":"https:\/\/bimcointernational.com\/tr\/urun\/tek-foliar-series\/#primaryimage"},"thumbnailUrl":"https:\/\/bimcointernational.com\/wp-content\/uploads\/2023\/04\/TEK-FOLIAR-SERIES.png","datePublished":"2023-04-05T05:51:02+00:00","dateModified":"2023-09-03T10:49:16+00:00","description":"TEK FOLIAR SERIES: H\u0131zl\u0131 sonu\u00e7lar i\u00e7in tercih edilen, asidik bile\u015fik. Sulama \u015febekesi ile tekrarlanabilir, m\u00fckemmel sonu\u00e7lar i\u00e7in.","breadcrumb":{"@id":"https:\/\/bimcointernational.com\/tr\/urun\/tek-foliar-series\/#breadcrumb"},"inLanguage":"tr","potentialAction":[{"@type":"ReadAction","target":["https:\/\/bimcointernational.com\/tr\/urun\/tek-foliar-series\/"]}]},{"@type":"ImageObject","inLanguage":"tr","@id":"https:\/\/bimcointernational.com\/tr\/urun\/tek-foliar-series\/#primaryimage","url":"https:\/\/bimcointernational.com\/wp-content\/uploads\/2023\/04\/TEK-FOLIAR-SERIES.png","contentUrl":"https:\/\/bimcointernational.com\/wp-content\/uploads\/2023\/04\/TEK-FOLIAR-SERIES.png","width":650,"height":652},{"@type":"BreadcrumbList","@id":"https:\/\/bimcointernational.com\/tr\/urun\/tek-foliar-series\/#breadcrumb","itemListElement":[{"@type":"ListItem","position":1,"name":"Home","item":"https:\/\/bimcointernational.com\/tr\/"},{"@type":"ListItem","position":2,"name":"\u00dcr\u00fcnlerimiz","item":"https:\/\/bimcointernational.com\/tr\/urunlerimiz\/"},{"@type":"ListItem","position":3,"name":"TEK FOLIAR SERIES"}]},{"@type":"WebSite","@id":"https:\/\/bimcointernational.com\/tr\/#website","url":"https:\/\/bimcointernational.com\/tr\/","name":"bimco international","description":"\u0634\u0631\u0643\u0629 \u0628\u064a\u0645\u0643\u0648 \u0627\u0644\u0643\u064a\u0645\u064a\u0627\u0626\u064a\u0629 \u0644\u0635\u0646\u0627\u0639\u0629 \u0627\u0644\u0645\u0628\u064a\u062f\u0627\u062a \u0648\u0627\u0644\u0623\u0633\u0645\u062f\u0629 \u0639\u0627\u0644\u064a\u0629 \u0627\u0644\u062c\u0648\u062f\u0629 35 \u0639\u0627\u0645\u0627 \u0645\u0646 \u0627\u0644\u062e\u0628\u0631\u0629 \u0646\u0636\u0639\u0647\u0627 \u0628\u064a\u0646 \u0623\u064a\u062f\u064a\u0643\u0645","publisher":{"@id":"https:\/\/bimcointernational.com\/tr\/#organization"},"potentialAction":[{"@type":"SearchAction","target":{"@type":"EntryPoint","urlTemplate":"https:\/\/bimcointernational.com\/tr\/?s={search_term_string}"},"query-input":{"@type":"PropertyValueSpecification","valueRequired":true,"valueName":"search_term_string"}}],"inLanguage":"tr"},{"@type":"Organization","@id":"https:\/\/bimcointernational.com\/tr\/#organization","name":"bimco international","url":"https:\/\/bimcointernational.com\/tr\/","logo":{"@type":"ImageObject","inLanguage":"tr","@id":"https:\/\/bimcointernational.com\/tr\/#\/schema\/logo\/image\/","url":"https:\/\/bimcointernational.com\/wp-content\/uploads\/2023\/03\/bimco-international.png","contentUrl":"https:\/\/bimcointernational.com\/wp-content\/uploads\/2023\/03\/bimco-international.png","width":1000,"height":283,"caption":"bimco international"},"image":{"@id":"https:\/\/bimcointernational.com\/tr\/#\/schema\/logo\/image\/"},"sameAs":["https:\/\/www.facebook.com\/B9K9T","https:\/\/www.instagram.com\/bimcokimya\/"]}]}},"jetpack_sharing_enabled":true,"_links":{"self":[{"href":"https:\/\/bimcointernational.com\/tr\/wp-json\/wp\/v2\/product\/3568","targetHints":{"allow":["GET"]}}],"collection":[{"href":"https:\/\/bimcointernational.com\/tr\/wp-json\/wp\/v2\/product"}],"about":[{"href":"https:\/\/bimcointernational.com\/tr\/wp-json\/wp\/v2\/types\/product"}],"replies":[{"embeddable":true,"href":"https:\/\/bimcointernational.com\/tr\/wp-json\/wp\/v2\/comments?post=3568"}],"wp:featuredmedia":[{"embeddable":true,"href":"https:\/\/bimcointernational.com\/tr\/wp-json\/wp\/v2\/media\/4436"}],"wp:attachment":[{"href":"https:\/\/bimcointernational.com\/tr\/wp-json\/wp\/v2\/media?parent=3568"}],"wp:term":[{"taxonomy":"product_brand","embeddable":true,"href":"https:\/\/bimcointernational.com\/tr\/wp-json\/wp\/v2\/product_brand?post=3568"},{"taxonomy":"product_cat","embeddable":true,"href":"https:\/\/bimcointernational.com\/tr\/wp-json\/wp\/v2\/product_cat?post=3568"},{"taxonomy":"product_tag","embeddable":true,"href":"https:\/\/bimcointernational.com\/tr\/wp-json\/wp\/v2\/product_tag?post=3568"}],"curies":[{"name":"wp","href":"https:\/\/api.w.org\/{rel}","templated":true}]}}