{"id":3561,"date":"2023-04-05T06:02:37","date_gmt":"2023-04-05T06:02:37","guid":{"rendered":"https:\/\/bimcointernational.com\/product\/bio-green\/"},"modified":"2023-09-03T11:48:44","modified_gmt":"2023-09-03T11:48:44","slug":"bio-green","status":"publish","type":"product","link":"https:\/\/bimcointernational.com\/tr\/urun\/bio-green\/","title":{"rendered":"BIO GREEN"},"content":{"rendered":"<h2><span style=\"color: #99cc00;\"><strong>Hayati \u00d6zellikler:\u00a0<\/strong><\/span><\/h2>\n<p>Uygun bir silikon konsantrasyonuna ek olarak \u00e7inko, demir ve magnezyum \u015felatlar\u0131 ile y\u00fcksek konsantrasyonda nitrojen i\u00e7eren \u015felatl\u0131 toz.B\u00fcy\u00fcmeyi, \u00e7i\u00e7eklenmeyi ve d\u00fc\u011f\u00fcmleri uyar\u0131rken bitkide ye\u015filli\u011fi iyile\u015ftirmek ve sararma g\u00f6r\u00fcn\u00fcm\u00fcn\u00fc \u00f6nlemek i\u00e7in kullan\u0131l\u0131r. ve i\u015flenmi\u015f \u00fcr\u00fcnlerin sertli\u011finin artt\u0131r\u0131lmas\u0131.<\/p>\n<h2><span style=\"color: #99cc00;\"><strong>Kimyasal Analiz:<\/strong><\/span><\/h2>\n<table>\n<tbody>\n<tr>\n<td><span style=\"font-weight: 400;\">Demir Shalls (Edta-FE)<\/span><\/td>\n<td><span style=\"font-weight: 400;\">% 6<\/span><\/td>\n<\/tr>\n<tr>\n<td><span style=\"font-weight: 400;\">\u00a0\u00c7inko Shatlar (Edta-Zn)<\/span><\/td>\n<td><span style=\"font-weight: 400;\">% 6<\/span><\/td>\n<\/tr>\n<tr>\n<td><span style=\"font-weight: 400;\">Karboksil-MGO (Karboksil-MGO)<\/span><\/td>\n<td><span style=\"font-weight: 400;\">% 9<\/span><\/td>\n<\/tr>\n<tr>\n<td><span style=\"font-weight: 400;\">Azot (n)<\/span><\/td>\n<td><span style=\"font-weight: 400;\">% 9<\/span><\/td>\n<\/tr>\n<tr>\n<td><span style=\"font-weight: 400;\">K\u00fck\u00fcrt (ler)<\/span><\/td>\n<td><span style=\"font-weight: 400;\">% 10<\/span><\/td>\n<\/tr>\n<tr>\n<td><span style=\"font-weight: 400;\">Silikon (SIO2)<\/span><\/td>\n<td><span style=\"font-weight: 400;\">% 1<\/span><\/td>\n<\/tr>\n<\/tbody>\n<\/table>\n<h2><strong><span style=\"color: #99cc00;\">Kullan\u0131m Oran\u0131:<\/span><\/strong><\/h2>\n<p>Rotana hem a\u00e7\u0131k hem de korumal\u0131 yeti\u015ftirme modellerinde t\u00fcm bitkilerde kullan\u0131l\u0131r. Tek ba\u015f\u0131na veya alkali olmayan pestisitler ve g\u00fcbrelerle (kar\u0131\u015ft\u0131r\u0131labilmesi ko\u015fuluyla) en az bir kez, \u00e7ok say\u0131da \u00fcr\u00fcne a\u015fa\u011f\u0131dakilere g\u00f6re p\u00fcsk\u00fcrtme (en iyi sprey) ve sulama (sulama y\u00f6ntemlerinin \u00e7e\u015fitlili\u011fine bak\u0131lmaks\u0131z\u0131n) ile kar\u0131\u015ft\u0131r\u0131larak masa:<\/p>\n<table>\n<tbody>\n<tr>\n<td><strong>Bitki<\/strong><\/td>\n<td><strong>D\u00f6n\u00fcm ba\u015f\u0131na su \/ kg g \/ 100 su i\u00e7in<\/strong><\/td>\n<td><strong>Su<\/strong><\/td>\n<td><strong>\u0130\u015flem say\u0131s\u0131<\/strong><\/td>\n<\/tr>\n<tr>\n<td><strong>Tah\u0131llar ve baklagiller<\/strong><\/td>\n<td><span style=\"font-weight: 400;\">200-100<\/span><\/td>\n<td><span style=\"font-weight: 400;\">250-100<\/span><\/td>\n<td rowspan=\"3\"><span style=\"font-weight: 400;\">Kullan\u0131m oran\u0131, i\u015flem say\u0131s\u0131 ve nas\u0131l kullan\u0131laca\u011f\u0131 tesisin durumuna g\u00f6re uzmanlar\u0131n de\u011ferlendirmesine ba\u011fl\u0131d\u0131r.production stage and the soil analysis<\/span><\/td>\n<\/tr>\n<tr>\n<td><strong>End\u00fcstriyel \u00fcr\u00fcnler, sebzeler, patates, so\u011fan ve sar\u0131msak<\/strong><\/td>\n<td><span style=\"font-weight: 400;\">250-150<\/span><\/td>\n<td><span style=\"font-weight: 400;\">400-200<\/span><\/td>\n<\/tr>\n<tr>\n<td><strong>Sar\u0131 ve beyaz m\u0131s\u0131r ve g\u0131da bitkileri<\/strong><\/td>\n<td><span style=\"font-weight: 400;\">250-125<\/span><\/td>\n<td><span style=\"font-weight: 400;\">300-150<\/span><\/td>\n<\/tr>\n<tr>\n<td><strong>Verimli A\u011fa\u00e7lar<\/strong><\/td>\n<td><span style=\"font-weight: 400;\">175-125<\/span><\/td>\n<td><span style=\"font-weight: 400;\">150-50<\/span><\/td>\n<td><span style=\"font-weight: 400;\">Her a\u011faca su verin<\/span><\/td>\n<\/tr>\n<\/tbody>\n<\/table>\n","protected":false},"excerpt":{"rendered":"<p>Azotlu mikro element \u015felat tozu<\/p>\n","protected":false},"featured_media":4746,"comment_status":"closed","ping_status":"closed","template":"","meta":{"_eb_attr":"","site-sidebar-layout":"default","site-content-layout":"default","ast-site-content-layout":"default","site-content-style":"default","site-sidebar-style":"default","ast-global-header-display":"","ast-banner-title-visibility":"","ast-main-header-display":"","ast-hfb-above-header-display":"","ast-hfb-below-header-display":"","ast-hfb-mobile-header-display":"","site-post-title":"","ast-breadcrumbs-content":"","ast-featured-img":"","footer-sml-layout":"","ast-disable-related-posts":"","theme-transparent-header-meta":"default","adv-header-id-meta":"","stick-header-meta":"","header-above-stick-meta":"","header-main-stick-meta":"","header-below-stick-meta":"","astra-migrate-meta-layouts":"set","ast-page-background-enabled":"default","ast-page-background-meta":{"desktop":{"background-color":"var(--ast-global-color-4)","background-image":"","background-repeat":"repeat","background-position":"center center","background-size":"auto","background-attachment":"scroll","background-type":"","background-media":"","overlay-type":"","overlay-color":"","overlay-opacity":"","overlay-gradient":""},"tablet":{"background-color":"","background-image":"","background-repeat":"repeat","background-position":"center center","background-size":"auto","background-attachment":"scroll","background-type":"","background-media":"","overlay-type":"","overlay-color":"","overlay-opacity":"","overlay-gradient":""},"mobile":{"background-color":"","background-image":"","background-repeat":"repeat","background-position":"center center","background-size":"auto","background-attachment":"scroll","background-type":"","background-media":"","overlay-type":"","overlay-color":"","overlay-opacity":"","overlay-gradient":""}},"ast-content-background-meta":{"desktop":{"background-color":"var(--ast-global-color-5)","background-image":"","background-repeat":"repeat","background-position":"center center","background-size":"auto","background-attachment":"scroll","background-type":"","background-media":"","overlay-type":"","overlay-color":"","overlay-opacity":"","overlay-gradient":""},"tablet":{"background-color":"var(--ast-global-color-5)","background-image":"","background-repeat":"repeat","background-position":"center center","background-size":"auto","background-attachment":"scroll","background-type":"","background-media":"","overlay-type":"","overlay-color":"","overlay-opacity":"","overlay-gradient":""},"mobile":{"background-color":"var(--ast-global-color-5)","background-image":"","background-repeat":"repeat","background-position":"center center","background-size":"auto","background-attachment":"scroll","background-type":"","background-media":"","overlay-type":"","overlay-color":"","overlay-opacity":"","overlay-gradient":""}},"_joinchat":[]},"product_brand":[],"product_cat":[76],"product_tag":[],"class_list":{"0":"post-3561","1":"product","2":"type-product","3":"status-publish","4":"has-post-thumbnail","6":"product_cat-suda-cozunen-yaprak-gubresi","7":"desktop-align-left","8":"tablet-align-left","9":"mobile-align-left","11":"first","12":"instock","13":"shipping-taxable","14":"product-type-simple"},"yoast_head":"<!-- This site is optimized with the Yoast SEO plugin v27.4 - https:\/\/yoast.com\/product\/yoast-seo-wordpress\/ -->\n<title>BIO GREEN - Bimco International<\/title>\n<meta name=\"description\" content=\"Uygun bir silikon konsantrasyonuna ek olarak \u00e7inko, demir ve magnezyum \u015felatlar\u0131 ile y\u00fcksek konsantrasyonda nitrojen i\u00e7eren \u015felatl\u0131 toz.\" \/>\n<meta name=\"robots\" content=\"index, follow, max-snippet:-1, max-image-preview:large, max-video-preview:-1\" \/>\n<link rel=\"canonical\" href=\"https:\/\/bimcointernational.com\/tr\/urun\/bio-green\/\" \/>\n<meta property=\"og:locale\" content=\"tr_TR\" \/>\n<meta property=\"og:type\" content=\"article\" \/>\n<meta property=\"og:title\" content=\"BIO GREEN - Bimco International\" \/>\n<meta property=\"og:description\" content=\"Uygun bir silikon konsantrasyonuna ek olarak \u00e7inko, demir ve magnezyum \u015felatlar\u0131 ile y\u00fcksek konsantrasyonda nitrojen i\u00e7eren \u015felatl\u0131 toz.\" \/>\n<meta property=\"og:url\" content=\"https:\/\/bimcointernational.com\/tr\/urun\/bio-green\/\" \/>\n<meta property=\"og:site_name\" content=\"bimco international\" \/>\n<meta property=\"article:publisher\" content=\"https:\/\/www.facebook.com\/B9K9T\" \/>\n<meta property=\"article:modified_time\" content=\"2023-09-03T11:48:44+00:00\" \/>\n<meta property=\"og:image\" content=\"https:\/\/bimcointernational.com\/wp-content\/uploads\/2023\/04\/\u0634\u0628\u064a\u0633\u0628\u0634\u0628.png\" \/>\n\t<meta property=\"og:image:width\" content=\"650\" \/>\n\t<meta property=\"og:image:height\" content=\"650\" \/>\n\t<meta property=\"og:image:type\" content=\"image\/png\" \/>\n<meta name=\"twitter:card\" content=\"summary_large_image\" \/>\n<meta name=\"twitter:label1\" content=\"Tahmini okuma s\u00fcresi\" \/>\n\t<meta name=\"twitter:data1\" content=\"1 dakika\" \/>\n<script type=\"application\/ld+json\" class=\"yoast-schema-graph\">{\"@context\":\"https:\\\/\\\/schema.org\",\"@graph\":[{\"@type\":\"WebPage\",\"@id\":\"https:\\\/\\\/bimcointernational.com\\\/tr\\\/urun\\\/bio-green\\\/\",\"url\":\"https:\\\/\\\/bimcointernational.com\\\/tr\\\/urun\\\/bio-green\\\/\",\"name\":\"BIO GREEN - Bimco International\",\"isPartOf\":{\"@id\":\"https:\\\/\\\/bimcointernational.com\\\/tr\\\/#website\"},\"primaryImageOfPage\":{\"@id\":\"https:\\\/\\\/bimcointernational.com\\\/tr\\\/urun\\\/bio-green\\\/#primaryimage\"},\"image\":{\"@id\":\"https:\\\/\\\/bimcointernational.com\\\/tr\\\/urun\\\/bio-green\\\/#primaryimage\"},\"thumbnailUrl\":\"https:\\\/\\\/bimcointernational.com\\\/wp-content\\\/uploads\\\/2023\\\/04\\\/\u0634\u0628\u064a\u0633\u0628\u0634\u0628.png\",\"datePublished\":\"2023-04-05T06:02:37+00:00\",\"dateModified\":\"2023-09-03T11:48:44+00:00\",\"description\":\"Uygun bir silikon konsantrasyonuna ek olarak \u00e7inko, demir ve magnezyum \u015felatlar\u0131 ile y\u00fcksek konsantrasyonda nitrojen i\u00e7eren \u015felatl\u0131 toz.\",\"breadcrumb\":{\"@id\":\"https:\\\/\\\/bimcointernational.com\\\/tr\\\/urun\\\/bio-green\\\/#breadcrumb\"},\"inLanguage\":\"tr\",\"potentialAction\":[{\"@type\":\"ReadAction\",\"target\":[\"https:\\\/\\\/bimcointernational.com\\\/tr\\\/urun\\\/bio-green\\\/\"]}]},{\"@type\":\"ImageObject\",\"inLanguage\":\"tr\",\"@id\":\"https:\\\/\\\/bimcointernational.com\\\/tr\\\/urun\\\/bio-green\\\/#primaryimage\",\"url\":\"https:\\\/\\\/bimcointernational.com\\\/wp-content\\\/uploads\\\/2023\\\/04\\\/\u0634\u0628\u064a\u0633\u0628\u0634\u0628.png\",\"contentUrl\":\"https:\\\/\\\/bimcointernational.com\\\/wp-content\\\/uploads\\\/2023\\\/04\\\/\u0634\u0628\u064a\u0633\u0628\u0634\u0628.png\",\"width\":650,\"height\":650},{\"@type\":\"BreadcrumbList\",\"@id\":\"https:\\\/\\\/bimcointernational.com\\\/tr\\\/urun\\\/bio-green\\\/#breadcrumb\",\"itemListElement\":[{\"@type\":\"ListItem\",\"position\":1,\"name\":\"Home\",\"item\":\"https:\\\/\\\/bimcointernational.com\\\/tr\\\/\"},{\"@type\":\"ListItem\",\"position\":2,\"name\":\"\u00dcr\u00fcnlerimiz\",\"item\":\"https:\\\/\\\/bimcointernational.com\\\/tr\\\/urunlerimiz\\\/\"},{\"@type\":\"ListItem\",\"position\":3,\"name\":\"BIO GREEN\"}]},{\"@type\":\"WebSite\",\"@id\":\"https:\\\/\\\/bimcointernational.com\\\/tr\\\/#website\",\"url\":\"https:\\\/\\\/bimcointernational.com\\\/tr\\\/\",\"name\":\"bimco international\",\"description\":\"\u0634\u0631\u0643\u0629 \u0628\u064a\u0645\u0643\u0648 \u0627\u0644\u0643\u064a\u0645\u064a\u0627\u0626\u064a\u0629 \u0644\u0635\u0646\u0627\u0639\u0629 \u0627\u0644\u0645\u0628\u064a\u062f\u0627\u062a \u0648\u0627\u0644\u0623\u0633\u0645\u062f\u0629 \u0639\u0627\u0644\u064a\u0629 \u0627\u0644\u062c\u0648\u062f\u0629 35 \u0639\u0627\u0645\u0627 \u0645\u0646 \u0627\u0644\u062e\u0628\u0631\u0629 \u0646\u0636\u0639\u0647\u0627 \u0628\u064a\u0646 \u0623\u064a\u062f\u064a\u0643\u0645\",\"publisher\":{\"@id\":\"https:\\\/\\\/bimcointernational.com\\\/tr\\\/#organization\"},\"potentialAction\":[{\"@type\":\"SearchAction\",\"target\":{\"@type\":\"EntryPoint\",\"urlTemplate\":\"https:\\\/\\\/bimcointernational.com\\\/tr\\\/?s={search_term_string}\"},\"query-input\":{\"@type\":\"PropertyValueSpecification\",\"valueRequired\":true,\"valueName\":\"search_term_string\"}}],\"inLanguage\":\"tr\"},{\"@type\":\"Organization\",\"@id\":\"https:\\\/\\\/bimcointernational.com\\\/tr\\\/#organization\",\"name\":\"bimco international\",\"url\":\"https:\\\/\\\/bimcointernational.com\\\/tr\\\/\",\"logo\":{\"@type\":\"ImageObject\",\"inLanguage\":\"tr\",\"@id\":\"https:\\\/\\\/bimcointernational.com\\\/tr\\\/#\\\/schema\\\/logo\\\/image\\\/\",\"url\":\"https:\\\/\\\/bimcointernational.com\\\/wp-content\\\/uploads\\\/2023\\\/03\\\/bimco-international.png\",\"contentUrl\":\"https:\\\/\\\/bimcointernational.com\\\/wp-content\\\/uploads\\\/2023\\\/03\\\/bimco-international.png\",\"width\":1000,\"height\":283,\"caption\":\"bimco international\"},\"image\":{\"@id\":\"https:\\\/\\\/bimcointernational.com\\\/tr\\\/#\\\/schema\\\/logo\\\/image\\\/\"},\"sameAs\":[\"https:\\\/\\\/www.facebook.com\\\/B9K9T\",\"https:\\\/\\\/www.instagram.com\\\/bimcokimya\\\/\"]}]}<\/script>\n<!-- \/ Yoast SEO plugin. -->","yoast_head_json":{"title":"BIO GREEN - Bimco International","description":"Uygun bir silikon konsantrasyonuna ek olarak \u00e7inko, demir ve magnezyum \u015felatlar\u0131 ile y\u00fcksek konsantrasyonda nitrojen i\u00e7eren \u015felatl\u0131 toz.","robots":{"index":"index","follow":"follow","max-snippet":"max-snippet:-1","max-image-preview":"max-image-preview:large","max-video-preview":"max-video-preview:-1"},"canonical":"https:\/\/bimcointernational.com\/tr\/urun\/bio-green\/","og_locale":"tr_TR","og_type":"article","og_title":"BIO GREEN - Bimco International","og_description":"Uygun bir silikon konsantrasyonuna ek olarak \u00e7inko, demir ve magnezyum \u015felatlar\u0131 ile y\u00fcksek konsantrasyonda nitrojen i\u00e7eren \u015felatl\u0131 toz.","og_url":"https:\/\/bimcointernational.com\/tr\/urun\/bio-green\/","og_site_name":"bimco international","article_publisher":"https:\/\/www.facebook.com\/B9K9T","article_modified_time":"2023-09-03T11:48:44+00:00","og_image":[{"width":650,"height":650,"url":"https:\/\/bimcointernational.com\/wp-content\/uploads\/2023\/04\/\u0634\u0628\u064a\u0633\u0628\u0634\u0628.png","type":"image\/png"}],"twitter_card":"summary_large_image","twitter_misc":{"Tahmini okuma s\u00fcresi":"1 dakika"},"schema":{"@context":"https:\/\/schema.org","@graph":[{"@type":"WebPage","@id":"https:\/\/bimcointernational.com\/tr\/urun\/bio-green\/","url":"https:\/\/bimcointernational.com\/tr\/urun\/bio-green\/","name":"BIO GREEN - Bimco International","isPartOf":{"@id":"https:\/\/bimcointernational.com\/tr\/#website"},"primaryImageOfPage":{"@id":"https:\/\/bimcointernational.com\/tr\/urun\/bio-green\/#primaryimage"},"image":{"@id":"https:\/\/bimcointernational.com\/tr\/urun\/bio-green\/#primaryimage"},"thumbnailUrl":"https:\/\/bimcointernational.com\/wp-content\/uploads\/2023\/04\/\u0634\u0628\u064a\u0633\u0628\u0634\u0628.png","datePublished":"2023-04-05T06:02:37+00:00","dateModified":"2023-09-03T11:48:44+00:00","description":"Uygun bir silikon konsantrasyonuna ek olarak \u00e7inko, demir ve magnezyum \u015felatlar\u0131 ile y\u00fcksek konsantrasyonda nitrojen i\u00e7eren \u015felatl\u0131 toz.","breadcrumb":{"@id":"https:\/\/bimcointernational.com\/tr\/urun\/bio-green\/#breadcrumb"},"inLanguage":"tr","potentialAction":[{"@type":"ReadAction","target":["https:\/\/bimcointernational.com\/tr\/urun\/bio-green\/"]}]},{"@type":"ImageObject","inLanguage":"tr","@id":"https:\/\/bimcointernational.com\/tr\/urun\/bio-green\/#primaryimage","url":"https:\/\/bimcointernational.com\/wp-content\/uploads\/2023\/04\/\u0634\u0628\u064a\u0633\u0628\u0634\u0628.png","contentUrl":"https:\/\/bimcointernational.com\/wp-content\/uploads\/2023\/04\/\u0634\u0628\u064a\u0633\u0628\u0634\u0628.png","width":650,"height":650},{"@type":"BreadcrumbList","@id":"https:\/\/bimcointernational.com\/tr\/urun\/bio-green\/#breadcrumb","itemListElement":[{"@type":"ListItem","position":1,"name":"Home","item":"https:\/\/bimcointernational.com\/tr\/"},{"@type":"ListItem","position":2,"name":"\u00dcr\u00fcnlerimiz","item":"https:\/\/bimcointernational.com\/tr\/urunlerimiz\/"},{"@type":"ListItem","position":3,"name":"BIO GREEN"}]},{"@type":"WebSite","@id":"https:\/\/bimcointernational.com\/tr\/#website","url":"https:\/\/bimcointernational.com\/tr\/","name":"bimco international","description":"\u0634\u0631\u0643\u0629 \u0628\u064a\u0645\u0643\u0648 \u0627\u0644\u0643\u064a\u0645\u064a\u0627\u0626\u064a\u0629 \u0644\u0635\u0646\u0627\u0639\u0629 \u0627\u0644\u0645\u0628\u064a\u062f\u0627\u062a \u0648\u0627\u0644\u0623\u0633\u0645\u062f\u0629 \u0639\u0627\u0644\u064a\u0629 \u0627\u0644\u062c\u0648\u062f\u0629 35 \u0639\u0627\u0645\u0627 \u0645\u0646 \u0627\u0644\u062e\u0628\u0631\u0629 \u0646\u0636\u0639\u0647\u0627 \u0628\u064a\u0646 \u0623\u064a\u062f\u064a\u0643\u0645","publisher":{"@id":"https:\/\/bimcointernational.com\/tr\/#organization"},"potentialAction":[{"@type":"SearchAction","target":{"@type":"EntryPoint","urlTemplate":"https:\/\/bimcointernational.com\/tr\/?s={search_term_string}"},"query-input":{"@type":"PropertyValueSpecification","valueRequired":true,"valueName":"search_term_string"}}],"inLanguage":"tr"},{"@type":"Organization","@id":"https:\/\/bimcointernational.com\/tr\/#organization","name":"bimco international","url":"https:\/\/bimcointernational.com\/tr\/","logo":{"@type":"ImageObject","inLanguage":"tr","@id":"https:\/\/bimcointernational.com\/tr\/#\/schema\/logo\/image\/","url":"https:\/\/bimcointernational.com\/wp-content\/uploads\/2023\/03\/bimco-international.png","contentUrl":"https:\/\/bimcointernational.com\/wp-content\/uploads\/2023\/03\/bimco-international.png","width":1000,"height":283,"caption":"bimco international"},"image":{"@id":"https:\/\/bimcointernational.com\/tr\/#\/schema\/logo\/image\/"},"sameAs":["https:\/\/www.facebook.com\/B9K9T","https:\/\/www.instagram.com\/bimcokimya\/"]}]}},"jetpack_sharing_enabled":true,"_links":{"self":[{"href":"https:\/\/bimcointernational.com\/tr\/wp-json\/wp\/v2\/product\/3561","targetHints":{"allow":["GET"]}}],"collection":[{"href":"https:\/\/bimcointernational.com\/tr\/wp-json\/wp\/v2\/product"}],"about":[{"href":"https:\/\/bimcointernational.com\/tr\/wp-json\/wp\/v2\/types\/product"}],"replies":[{"embeddable":true,"href":"https:\/\/bimcointernational.com\/tr\/wp-json\/wp\/v2\/comments?post=3561"}],"wp:featuredmedia":[{"embeddable":true,"href":"https:\/\/bimcointernational.com\/tr\/wp-json\/wp\/v2\/media\/4746"}],"wp:attachment":[{"href":"https:\/\/bimcointernational.com\/tr\/wp-json\/wp\/v2\/media?parent=3561"}],"wp:term":[{"taxonomy":"product_brand","embeddable":true,"href":"https:\/\/bimcointernational.com\/tr\/wp-json\/wp\/v2\/product_brand?post=3561"},{"taxonomy":"product_cat","embeddable":true,"href":"https:\/\/bimcointernational.com\/tr\/wp-json\/wp\/v2\/product_cat?post=3561"},{"taxonomy":"product_tag","embeddable":true,"href":"https:\/\/bimcointernational.com\/tr\/wp-json\/wp\/v2\/product_tag?post=3561"}],"curies":[{"name":"wp","href":"https:\/\/api.w.org\/{rel}","templated":true}]}}