{"id":3557,"date":"2023-04-05T06:08:50","date_gmt":"2023-04-05T06:08:50","guid":{"rendered":"https:\/\/bimcointernational.com\/product\/bimko-life-series\/"},"modified":"2023-09-12T12:40:59","modified_gmt":"2023-09-12T12:40:59","slug":"bimko-life-series","status":"publish","type":"product","link":"https:\/\/bimcointernational.com\/tr\/urun\/bimko-life-series\/","title":{"rendered":"BIMCO LIFE SERIES"},"content":{"rendered":"<h2><span style=\"color: #99cc00;\"><strong>BIMCO Life Serisinin \u00f6zellikleri:<\/strong><\/span><\/h2>\n<p>Mikro element kabuklar\u0131n\u0131n yan\u0131 s\u0131ra amino asitler ve silikon i\u00e7erir. Kapasitesi 10 kg olup polietilenden yap\u0131lm\u0131\u015ft\u0131r.<\/p>\n<h2><strong><span style=\"color: #99cc00;\">Kullan\u0131m oran\u0131:<\/span><\/strong><\/h2>\n<p>T\u00fcm bitkilerde ve her t\u00fcrl\u00fc toprakta, a\u00e7\u0131k veya kapal\u0131 tar\u0131m olmak \u00fczere iki t\u00fcrde, tek ba\u015f\u0131na veya di\u011fer g\u00fcbrelerle kar\u0131\u015ft\u0131r\u0131larak, sulama \u015febekelerinde sprey, damlama veya pivot yoluyla sulamada kullan\u0131l\u0131r. Aflaj, d\u00f6k\u00fclme veya tavaf yoluyla sulama yap\u0131lan sistemler, her ihtiya\u00e7 duyuldu\u011funda tedavinin tekrarlanma imkan\u0131 ile a\u015fa\u011f\u0131daki programa g\u00f6re 7 &#8211; 10 g\u00fcn:<\/p>\n<table>\n<tbody>\n<tr>\n<td><strong>Bitki<\/strong><\/td>\n<td><strong>Kg per acre<\/strong><\/td>\n<\/tr>\n<tr>\n<td>(Sebze, patl\u0131can, kabak, bamya, fasulye ve lobis)\u2026<\/td>\n<td><span style=\"font-weight: 400;\">1-3<\/span><\/td>\n<\/tr>\n<tr>\n<td>Patates, so\u011fan ve sar\u0131msak<\/td>\n<td><span style=\"font-weight: 400;\">4-2<\/span><\/td>\n<\/tr>\n<tr>\n<td>(Bu\u011fday taneleri, \u015fiirsel, pirin\u00e7, yulaf, El-Mesham) .. ve baklagiller<\/td>\n<td><span style=\"font-weight: 400;\">2-1<\/span><\/td>\n<\/tr>\n<tr>\n<td>M\u0131s\u0131r, pamuk, fener, havu\u00e7 ve \u015falgam<\/td>\n<td><span style=\"font-weight: 400;\">4-2<\/span><\/td>\n<\/tr>\n<tr>\n<td>Verimli a\u011fa\u00e7lar<\/td>\n<td><span style=\"font-weight: 400;\">5-2<\/span><\/td>\n<\/tr>\n<tr>\n<td>Kimyon, \u00e7\u00f6rek otu ve susam<\/td>\n<td><span style=\"font-weight: 400;\">2-1<\/span><\/td>\n<\/tr>\n<\/tbody>\n<\/table>\n<p>&nbsp;<\/p>\n","protected":false},"excerpt":{"rendered":"<p>BIMCO LIFE SERIES<br \/>\n5-5-40+TE<br \/>\n15-30-15+TE<br \/>\n20-20-20+TE<br \/>\n18-18-18+TE<\/p>\n","protected":false},"featured_media":2965,"comment_status":"closed","ping_status":"closed","template":"","meta":{"_eb_attr":"","site-sidebar-layout":"default","site-content-layout":"default","ast-site-content-layout":"default","site-content-style":"default","site-sidebar-style":"default","ast-global-header-display":"","ast-banner-title-visibility":"","ast-main-header-display":"","ast-hfb-above-header-display":"","ast-hfb-below-header-display":"","ast-hfb-mobile-header-display":"","site-post-title":"","ast-breadcrumbs-content":"","ast-featured-img":"","footer-sml-layout":"","ast-disable-related-posts":"","theme-transparent-header-meta":"default","adv-header-id-meta":"","stick-header-meta":"","header-above-stick-meta":"","header-main-stick-meta":"","header-below-stick-meta":"","astra-migrate-meta-layouts":"set","ast-page-background-enabled":"default","ast-page-background-meta":{"desktop":{"background-color":"var(--ast-global-color-4)","background-image":"","background-repeat":"repeat","background-position":"center center","background-size":"auto","background-attachment":"scroll","background-type":"","background-media":"","overlay-type":"","overlay-color":"","overlay-opacity":"","overlay-gradient":""},"tablet":{"background-color":"","background-image":"","background-repeat":"repeat","background-position":"center center","background-size":"auto","background-attachment":"scroll","background-type":"","background-media":"","overlay-type":"","overlay-color":"","overlay-opacity":"","overlay-gradient":""},"mobile":{"background-color":"","background-image":"","background-repeat":"repeat","background-position":"center center","background-size":"auto","background-attachment":"scroll","background-type":"","background-media":"","overlay-type":"","overlay-color":"","overlay-opacity":"","overlay-gradient":""}},"ast-content-background-meta":{"desktop":{"background-color":"var(--ast-global-color-5)","background-image":"","background-repeat":"repeat","background-position":"center center","background-size":"auto","background-attachment":"scroll","background-type":"","background-media":"","overlay-type":"","overlay-color":"","overlay-opacity":"","overlay-gradient":""},"tablet":{"background-color":"var(--ast-global-color-5)","background-image":"","background-repeat":"repeat","background-position":"center center","background-size":"auto","background-attachment":"scroll","background-type":"","background-media":"","overlay-type":"","overlay-color":"","overlay-opacity":"","overlay-gradient":""},"mobile":{"background-color":"var(--ast-global-color-5)","background-image":"","background-repeat":"repeat","background-position":"center center","background-size":"auto","background-attachment":"scroll","background-type":"","background-media":"","overlay-type":"","overlay-color":"","overlay-opacity":"","overlay-gradient":""}},"_joinchat":[]},"product_brand":[],"product_cat":[78],"product_tag":[],"class_list":{"0":"post-3557","1":"product","2":"type-product","3":"status-publish","4":"has-post-thumbnail","6":"product_cat-suda-cozunen-npk","7":"desktop-align-left","8":"tablet-align-left","9":"mobile-align-left","11":"first","12":"instock","13":"shipping-taxable","14":"product-type-simple"},"yoast_head":"<!-- This site is optimized with the Yoast SEO plugin v27.4 - https:\/\/yoast.com\/product\/yoast-seo-wordpress\/ -->\n<title>BIMCO LIFE SERIES - bimco international<\/title>\n<meta name=\"description\" content=\"BIMCO Life Serisi: T\u00fcm bitki ve topraklara y\u00f6nelik, \u00e7e\u015fitli yeti\u015ftirme y\u00f6ntemleri i\u00e7in ideal, y\u00fcksek kapasiteli, \u00e7ok y\u00f6nl\u00fc g\u00fcbre...\" \/>\n<meta name=\"robots\" content=\"index, follow, max-snippet:-1, max-image-preview:large, max-video-preview:-1\" \/>\n<link rel=\"canonical\" href=\"https:\/\/bimcointernational.com\/tr\/urun\/bimko-life-series\/\" \/>\n<meta property=\"og:locale\" content=\"tr_TR\" \/>\n<meta property=\"og:type\" content=\"article\" \/>\n<meta property=\"og:title\" content=\"BIMCO LIFE SERIES - bimco international\" \/>\n<meta property=\"og:description\" content=\"BIMCO Life Serisi: T\u00fcm bitki ve topraklara y\u00f6nelik, \u00e7e\u015fitli yeti\u015ftirme y\u00f6ntemleri i\u00e7in ideal, y\u00fcksek kapasiteli, \u00e7ok y\u00f6nl\u00fc g\u00fcbre...\" \/>\n<meta property=\"og:url\" content=\"https:\/\/bimcointernational.com\/tr\/urun\/bimko-life-series\/\" \/>\n<meta property=\"og:site_name\" content=\"bimco international\" \/>\n<meta property=\"article:publisher\" content=\"https:\/\/www.facebook.com\/B9K9T\" \/>\n<meta property=\"article:modified_time\" content=\"2023-09-12T12:40:59+00:00\" \/>\n<meta property=\"og:image\" content=\"https:\/\/bimcointernational.com\/wp-content\/uploads\/2023\/04\/\u0645\u0646\u062a\u062c-\u0627\u0644\u0643\u064a\u0633-copy-2.png\" \/>\n\t<meta property=\"og:image:width\" content=\"1000\" \/>\n\t<meta property=\"og:image:height\" content=\"1000\" \/>\n\t<meta property=\"og:image:type\" content=\"image\/png\" \/>\n<meta name=\"twitter:card\" content=\"summary_large_image\" \/>\n<meta name=\"twitter:label1\" content=\"Tahmini okuma s\u00fcresi\" \/>\n\t<meta name=\"twitter:data1\" content=\"1 dakika\" \/>\n<script type=\"application\/ld+json\" class=\"yoast-schema-graph\">{\"@context\":\"https:\\\/\\\/schema.org\",\"@graph\":[{\"@type\":\"WebPage\",\"@id\":\"https:\\\/\\\/bimcointernational.com\\\/tr\\\/urun\\\/bimko-life-series\\\/\",\"url\":\"https:\\\/\\\/bimcointernational.com\\\/tr\\\/urun\\\/bimko-life-series\\\/\",\"name\":\"BIMCO LIFE SERIES - bimco international\",\"isPartOf\":{\"@id\":\"https:\\\/\\\/bimcointernational.com\\\/tr\\\/#website\"},\"primaryImageOfPage\":{\"@id\":\"https:\\\/\\\/bimcointernational.com\\\/tr\\\/urun\\\/bimko-life-series\\\/#primaryimage\"},\"image\":{\"@id\":\"https:\\\/\\\/bimcointernational.com\\\/tr\\\/urun\\\/bimko-life-series\\\/#primaryimage\"},\"thumbnailUrl\":\"https:\\\/\\\/bimcointernational.com\\\/wp-content\\\/uploads\\\/2023\\\/04\\\/\u0645\u0646\u062a\u062c-\u0627\u0644\u0643\u064a\u0633-copy-2.png\",\"datePublished\":\"2023-04-05T06:08:50+00:00\",\"dateModified\":\"2023-09-12T12:40:59+00:00\",\"description\":\"BIMCO Life Serisi: T\u00fcm bitki ve topraklara y\u00f6nelik, \u00e7e\u015fitli yeti\u015ftirme y\u00f6ntemleri i\u00e7in ideal, y\u00fcksek kapasiteli, \u00e7ok y\u00f6nl\u00fc g\u00fcbre...\",\"breadcrumb\":{\"@id\":\"https:\\\/\\\/bimcointernational.com\\\/tr\\\/urun\\\/bimko-life-series\\\/#breadcrumb\"},\"inLanguage\":\"tr\",\"potentialAction\":[{\"@type\":\"ReadAction\",\"target\":[\"https:\\\/\\\/bimcointernational.com\\\/tr\\\/urun\\\/bimko-life-series\\\/\"]}]},{\"@type\":\"ImageObject\",\"inLanguage\":\"tr\",\"@id\":\"https:\\\/\\\/bimcointernational.com\\\/tr\\\/urun\\\/bimko-life-series\\\/#primaryimage\",\"url\":\"https:\\\/\\\/bimcointernational.com\\\/wp-content\\\/uploads\\\/2023\\\/04\\\/\u0645\u0646\u062a\u062c-\u0627\u0644\u0643\u064a\u0633-copy-2.png\",\"contentUrl\":\"https:\\\/\\\/bimcointernational.com\\\/wp-content\\\/uploads\\\/2023\\\/04\\\/\u0645\u0646\u062a\u062c-\u0627\u0644\u0643\u064a\u0633-copy-2.png\",\"width\":1000,\"height\":1000,\"caption\":\"BIMKO LIFE SERIES\"},{\"@type\":\"BreadcrumbList\",\"@id\":\"https:\\\/\\\/bimcointernational.com\\\/tr\\\/urun\\\/bimko-life-series\\\/#breadcrumb\",\"itemListElement\":[{\"@type\":\"ListItem\",\"position\":1,\"name\":\"Home\",\"item\":\"https:\\\/\\\/bimcointernational.com\\\/tr\\\/\"},{\"@type\":\"ListItem\",\"position\":2,\"name\":\"\u00dcr\u00fcnlerimiz\",\"item\":\"https:\\\/\\\/bimcointernational.com\\\/tr\\\/urunlerimiz\\\/\"},{\"@type\":\"ListItem\",\"position\":3,\"name\":\"BIMCO LIFE SERIES\"}]},{\"@type\":\"WebSite\",\"@id\":\"https:\\\/\\\/bimcointernational.com\\\/tr\\\/#website\",\"url\":\"https:\\\/\\\/bimcointernational.com\\\/tr\\\/\",\"name\":\"bimco international\",\"description\":\"\u0634\u0631\u0643\u0629 \u0628\u064a\u0645\u0643\u0648 \u0627\u0644\u0643\u064a\u0645\u064a\u0627\u0626\u064a\u0629 \u0644\u0635\u0646\u0627\u0639\u0629 \u0627\u0644\u0645\u0628\u064a\u062f\u0627\u062a \u0648\u0627\u0644\u0623\u0633\u0645\u062f\u0629 \u0639\u0627\u0644\u064a\u0629 \u0627\u0644\u062c\u0648\u062f\u0629 35 \u0639\u0627\u0645\u0627 \u0645\u0646 \u0627\u0644\u062e\u0628\u0631\u0629 \u0646\u0636\u0639\u0647\u0627 \u0628\u064a\u0646 \u0623\u064a\u062f\u064a\u0643\u0645\",\"publisher\":{\"@id\":\"https:\\\/\\\/bimcointernational.com\\\/tr\\\/#organization\"},\"potentialAction\":[{\"@type\":\"SearchAction\",\"target\":{\"@type\":\"EntryPoint\",\"urlTemplate\":\"https:\\\/\\\/bimcointernational.com\\\/tr\\\/?s={search_term_string}\"},\"query-input\":{\"@type\":\"PropertyValueSpecification\",\"valueRequired\":true,\"valueName\":\"search_term_string\"}}],\"inLanguage\":\"tr\"},{\"@type\":\"Organization\",\"@id\":\"https:\\\/\\\/bimcointernational.com\\\/tr\\\/#organization\",\"name\":\"bimco international\",\"url\":\"https:\\\/\\\/bimcointernational.com\\\/tr\\\/\",\"logo\":{\"@type\":\"ImageObject\",\"inLanguage\":\"tr\",\"@id\":\"https:\\\/\\\/bimcointernational.com\\\/tr\\\/#\\\/schema\\\/logo\\\/image\\\/\",\"url\":\"https:\\\/\\\/bimcointernational.com\\\/wp-content\\\/uploads\\\/2023\\\/03\\\/bimco-international.png\",\"contentUrl\":\"https:\\\/\\\/bimcointernational.com\\\/wp-content\\\/uploads\\\/2023\\\/03\\\/bimco-international.png\",\"width\":1000,\"height\":283,\"caption\":\"bimco international\"},\"image\":{\"@id\":\"https:\\\/\\\/bimcointernational.com\\\/tr\\\/#\\\/schema\\\/logo\\\/image\\\/\"},\"sameAs\":[\"https:\\\/\\\/www.facebook.com\\\/B9K9T\",\"https:\\\/\\\/www.instagram.com\\\/bimcokimya\\\/\"]}]}<\/script>\n<!-- \/ Yoast SEO plugin. -->","yoast_head_json":{"title":"BIMCO LIFE SERIES - bimco international","description":"BIMCO Life Serisi: T\u00fcm bitki ve topraklara y\u00f6nelik, \u00e7e\u015fitli yeti\u015ftirme y\u00f6ntemleri i\u00e7in ideal, y\u00fcksek kapasiteli, \u00e7ok y\u00f6nl\u00fc g\u00fcbre...","robots":{"index":"index","follow":"follow","max-snippet":"max-snippet:-1","max-image-preview":"max-image-preview:large","max-video-preview":"max-video-preview:-1"},"canonical":"https:\/\/bimcointernational.com\/tr\/urun\/bimko-life-series\/","og_locale":"tr_TR","og_type":"article","og_title":"BIMCO LIFE SERIES - bimco international","og_description":"BIMCO Life Serisi: T\u00fcm bitki ve topraklara y\u00f6nelik, \u00e7e\u015fitli yeti\u015ftirme y\u00f6ntemleri i\u00e7in ideal, y\u00fcksek kapasiteli, \u00e7ok y\u00f6nl\u00fc g\u00fcbre...","og_url":"https:\/\/bimcointernational.com\/tr\/urun\/bimko-life-series\/","og_site_name":"bimco international","article_publisher":"https:\/\/www.facebook.com\/B9K9T","article_modified_time":"2023-09-12T12:40:59+00:00","og_image":[{"width":1000,"height":1000,"url":"https:\/\/bimcointernational.com\/wp-content\/uploads\/2023\/04\/\u0645\u0646\u062a\u062c-\u0627\u0644\u0643\u064a\u0633-copy-2.png","type":"image\/png"}],"twitter_card":"summary_large_image","twitter_misc":{"Tahmini okuma s\u00fcresi":"1 dakika"},"schema":{"@context":"https:\/\/schema.org","@graph":[{"@type":"WebPage","@id":"https:\/\/bimcointernational.com\/tr\/urun\/bimko-life-series\/","url":"https:\/\/bimcointernational.com\/tr\/urun\/bimko-life-series\/","name":"BIMCO LIFE SERIES - bimco international","isPartOf":{"@id":"https:\/\/bimcointernational.com\/tr\/#website"},"primaryImageOfPage":{"@id":"https:\/\/bimcointernational.com\/tr\/urun\/bimko-life-series\/#primaryimage"},"image":{"@id":"https:\/\/bimcointernational.com\/tr\/urun\/bimko-life-series\/#primaryimage"},"thumbnailUrl":"https:\/\/bimcointernational.com\/wp-content\/uploads\/2023\/04\/\u0645\u0646\u062a\u062c-\u0627\u0644\u0643\u064a\u0633-copy-2.png","datePublished":"2023-04-05T06:08:50+00:00","dateModified":"2023-09-12T12:40:59+00:00","description":"BIMCO Life Serisi: T\u00fcm bitki ve topraklara y\u00f6nelik, \u00e7e\u015fitli yeti\u015ftirme y\u00f6ntemleri i\u00e7in ideal, y\u00fcksek kapasiteli, \u00e7ok y\u00f6nl\u00fc g\u00fcbre...","breadcrumb":{"@id":"https:\/\/bimcointernational.com\/tr\/urun\/bimko-life-series\/#breadcrumb"},"inLanguage":"tr","potentialAction":[{"@type":"ReadAction","target":["https:\/\/bimcointernational.com\/tr\/urun\/bimko-life-series\/"]}]},{"@type":"ImageObject","inLanguage":"tr","@id":"https:\/\/bimcointernational.com\/tr\/urun\/bimko-life-series\/#primaryimage","url":"https:\/\/bimcointernational.com\/wp-content\/uploads\/2023\/04\/\u0645\u0646\u062a\u062c-\u0627\u0644\u0643\u064a\u0633-copy-2.png","contentUrl":"https:\/\/bimcointernational.com\/wp-content\/uploads\/2023\/04\/\u0645\u0646\u062a\u062c-\u0627\u0644\u0643\u064a\u0633-copy-2.png","width":1000,"height":1000,"caption":"BIMKO LIFE SERIES"},{"@type":"BreadcrumbList","@id":"https:\/\/bimcointernational.com\/tr\/urun\/bimko-life-series\/#breadcrumb","itemListElement":[{"@type":"ListItem","position":1,"name":"Home","item":"https:\/\/bimcointernational.com\/tr\/"},{"@type":"ListItem","position":2,"name":"\u00dcr\u00fcnlerimiz","item":"https:\/\/bimcointernational.com\/tr\/urunlerimiz\/"},{"@type":"ListItem","position":3,"name":"BIMCO LIFE SERIES"}]},{"@type":"WebSite","@id":"https:\/\/bimcointernational.com\/tr\/#website","url":"https:\/\/bimcointernational.com\/tr\/","name":"bimco international","description":"\u0634\u0631\u0643\u0629 \u0628\u064a\u0645\u0643\u0648 \u0627\u0644\u0643\u064a\u0645\u064a\u0627\u0626\u064a\u0629 \u0644\u0635\u0646\u0627\u0639\u0629 \u0627\u0644\u0645\u0628\u064a\u062f\u0627\u062a \u0648\u0627\u0644\u0623\u0633\u0645\u062f\u0629 \u0639\u0627\u0644\u064a\u0629 \u0627\u0644\u062c\u0648\u062f\u0629 35 \u0639\u0627\u0645\u0627 \u0645\u0646 \u0627\u0644\u062e\u0628\u0631\u0629 \u0646\u0636\u0639\u0647\u0627 \u0628\u064a\u0646 \u0623\u064a\u062f\u064a\u0643\u0645","publisher":{"@id":"https:\/\/bimcointernational.com\/tr\/#organization"},"potentialAction":[{"@type":"SearchAction","target":{"@type":"EntryPoint","urlTemplate":"https:\/\/bimcointernational.com\/tr\/?s={search_term_string}"},"query-input":{"@type":"PropertyValueSpecification","valueRequired":true,"valueName":"search_term_string"}}],"inLanguage":"tr"},{"@type":"Organization","@id":"https:\/\/bimcointernational.com\/tr\/#organization","name":"bimco international","url":"https:\/\/bimcointernational.com\/tr\/","logo":{"@type":"ImageObject","inLanguage":"tr","@id":"https:\/\/bimcointernational.com\/tr\/#\/schema\/logo\/image\/","url":"https:\/\/bimcointernational.com\/wp-content\/uploads\/2023\/03\/bimco-international.png","contentUrl":"https:\/\/bimcointernational.com\/wp-content\/uploads\/2023\/03\/bimco-international.png","width":1000,"height":283,"caption":"bimco international"},"image":{"@id":"https:\/\/bimcointernational.com\/tr\/#\/schema\/logo\/image\/"},"sameAs":["https:\/\/www.facebook.com\/B9K9T","https:\/\/www.instagram.com\/bimcokimya\/"]}]}},"jetpack_sharing_enabled":true,"_links":{"self":[{"href":"https:\/\/bimcointernational.com\/tr\/wp-json\/wp\/v2\/product\/3557","targetHints":{"allow":["GET"]}}],"collection":[{"href":"https:\/\/bimcointernational.com\/tr\/wp-json\/wp\/v2\/product"}],"about":[{"href":"https:\/\/bimcointernational.com\/tr\/wp-json\/wp\/v2\/types\/product"}],"replies":[{"embeddable":true,"href":"https:\/\/bimcointernational.com\/tr\/wp-json\/wp\/v2\/comments?post=3557"}],"wp:featuredmedia":[{"embeddable":true,"href":"https:\/\/bimcointernational.com\/tr\/wp-json\/wp\/v2\/media\/2965"}],"wp:attachment":[{"href":"https:\/\/bimcointernational.com\/tr\/wp-json\/wp\/v2\/media?parent=3557"}],"wp:term":[{"taxonomy":"product_brand","embeddable":true,"href":"https:\/\/bimcointernational.com\/tr\/wp-json\/wp\/v2\/product_brand?post=3557"},{"taxonomy":"product_cat","embeddable":true,"href":"https:\/\/bimcointernational.com\/tr\/wp-json\/wp\/v2\/product_cat?post=3557"},{"taxonomy":"product_tag","embeddable":true,"href":"https:\/\/bimcointernational.com\/tr\/wp-json\/wp\/v2\/product_tag?post=3557"}],"curies":[{"name":"wp","href":"https:\/\/api.w.org\/{rel}","templated":true}]}}